{"id":276736,"date":"2021-04-23T16:39:16","date_gmt":"2021-04-23T14:39:16","guid":{"rendered":"https:\/\/miomiorun.com\/prodotto\/karhu-synchron-ortix-2021-donna\/"},"modified":"2026-05-08T20:52:10","modified_gmt":"2026-05-08T18:52:10","slug":"karhu-synchron-ortix-2021-femme","status":"publish","type":"product","link":"https:\/\/www.miomiorun.com\/fr\/produit\/karhu-synchron-ortix-2021-femme\/","title":{"rendered":"Synchron Ortix femme"},"content":{"rendered":"<div class=\"vc-row container\"><div class=\"vc-column\"><div class=\"vc-column-text\"><\/p>\n<h4>Caract\u00e9ristiques techniques<\/h4>\n<p>Cat\u00e9gorie : Amortissement haut<br \/>\nD\u00e9calage : 8 mm<br \/>\nPoids : 300 g<br \/>\nId\u00e9al pour : les coureurs recherchant une chaussure avec un excellent amorti et une bonne stabilit\u00e9, avec une transition douce, pour les courses moyennes \u00e0 longues. Elles sont \u00e9galement id\u00e9ales pour les longues marches.<br \/>\nPoids de l&#8217;athl\u00e8te : 80-90 kg<br \/>\nAllure de course : lente (&gt;5.30 min\/km)<br \/>\n<a href=\"https:\/\/miomiorun.com\/fr\/guide-des-specificites\/\">Guide des sp\u00e9cifications<\/a><\/p>\n<p><\/div><\/div><div class=\"vc-column\"><div class=\"vc-column-text\">La Karhu Synchron Ortix 2021 est un mod\u00e8le de course \u00e0 pied haut de gamme id\u00e9al pour les coureurs aux pieds neutres ou les surpronateurs de niveau interm\u00e9diaire \u00e0 avanc\u00e9 qui souhaitent s&#8217;engager dans une course souple et stable avec une transition douce et soutenue.<\/p>\n<p>La Synchron 2021 pr\u00e9sente les derni\u00e8res nouveaut\u00e9s en mati\u00e8re de chaussures. La construction de la tige de haute qualit\u00e9 sur un lit d&#8217;<strong>AeroFoam Nova<\/strong> assure un maximum de confort et de durabilit\u00e9, la tige en maille <strong>Ideal Knit<\/strong>, moul\u00e9e par Ortix, pr\u00e9sente le lacet asym\u00e9trique classique de Karhu \u00e0 travers la bo\u00eete \u00e0 orteils pour permettre des micro-ajustements \u00e0 l&#8217;ajustement, tandis que le <strong>fulcrum<\/strong> interne est plus flexible que le mod\u00e8le pr\u00e9c\u00e9dent pour accentuer l&#8217;amortissement et am\u00e9liorer la transition.<\/p>\n<p><strong>Caract\u00e9ristiques :<\/strong><\/p>\n<ul>\n<li>Syst\u00e8me de la\u00e7age <strong>anatomique<\/strong> pour des micro-ajustements.<\/li>\n<li><strong>Point d&#8217;appui sur<\/strong> toute la longueur pour une conduite stable.<\/li>\n<li>Semelle interm\u00e9diaire <strong>AeroFoam Nova<\/strong> tr\u00e8s amortissante.<\/li>\n<li>Tige en mesh Engineered <strong>Knit<\/strong> pour la respirabilit\u00e9 et le maintien.<\/li>\n<li><strong>Semelle int\u00e9rieure <\/strong>en mousse \u00e0 cellules ouvertes pour une sensation de douceur.<\/li>\n<\/ul>\n<p>&nbsp;<\/p>\n<p><img loading=\"lazy\" decoding=\"async\" class=\"\" src=\"https:\/\/cdn.shopify.com\/s\/files\/1\/0519\/4570\/1549\/files\/fulcrum_800x.png?v=1612961012\" width=\"205\" height=\"91\" \/><\/p>\n<p>La technologie <strong>Fulcrum de Karhu <\/strong>offre non seulement une plus grande stabilit\u00e9, mais produit \u00e9galement un &#8220;effet de roulement&#8221; sur nos performances car elle utilise l&#8217;\u00e9nergie naturelle produite par notre corps pour cr\u00e9er une conduite plus douce.<\/p>\n<p>Cette technologie offre<\/p>\n<p>&#8211; un amortissement \u00e9quilibr\u00e9<\/p>\n<p>&#8211; plus de soutien<\/p>\n<p>&#8211; plus d&#8217;\u00e9nergie<\/div><\/div><\/div>\n","protected":false},"excerpt":{"rendered":"","protected":false},"featured_media":231893,"template":"","meta":{"_acf_changed":false,"inline_featured_image":false},"product_brand":[],"product_cat":[24435,24434],"product_tag":[23474,23495],"class_list":{"0":"post-276736","1":"product","2":"type-product","3":"status-publish","4":"has-post-thumbnail","6":"product_cat-chaussures-pour-femmes-fr","7":"product_cat-neutre-fr-2","8":"product_tag-karhu-fr","9":"product_tag-karhu-femme","10":"pa_attivita-marcher","11":"pa_attivita-running-fr","12":"pa_colore-synchron-ortix-2021-w-smoke-green-desert-fr","13":"pa_colore-synchron-ortix-2021-w-vallarata-blue-beach-gl-fr","14":"pa_marca-karhu-fr","15":"pa_sesso-femme","16":"pa_size-38-fr","18":"first","19":"instock","20":"sale","21":"taxable","22":"shipping-taxable","23":"purchasable","24":"product-type-variable","25":"wvs-archive-product-wrapper"},"acf":[],"yoast_head":"<!-- This site is optimized with the Yoast SEO plugin v26.8 - https:\/\/yoast.com\/product\/yoast-seo-wordpress\/ -->\n<title>Karhu Synchron Ortix femme - chaussures de course - MioMioRun<\/title>\n<meta name=\"description\" content=\"Karhu Synchron Ortix 2021 est un mod\u00e8le de course \u00e0 pied haut de gamme id\u00e9al pour les coureurs ayant une position neutre ou les surpronateurs en phase.\" \/>\n<meta name=\"robots\" content=\"index, follow, max-snippet:-1, max-image-preview:large, max-video-preview:-1\" \/>\n<link rel=\"canonical\" href=\"https:\/\/www.miomiorun.com\/fr\/produit\/karhu-synchron-ortix-2021-femme\/\" \/>\n<meta property=\"og:locale\" content=\"fr_FR\" \/>\n<meta property=\"og:type\" content=\"article\" \/>\n<meta property=\"og:title\" content=\"Karhu Synchron Ortix femme - chaussures de course - MioMioRun\" \/>\n<meta property=\"og:description\" content=\"Karhu Synchron Ortix 2021 est un mod\u00e8le de course \u00e0 pied haut de gamme id\u00e9al pour les coureurs ayant une position neutre ou les surpronateurs en phase.\" \/>\n<meta property=\"og:url\" content=\"https:\/\/www.miomiorun.com\/fr\/produit\/karhu-synchron-ortix-2021-femme\/\" \/>\n<meta property=\"og:site_name\" content=\"MioMioRun\" \/>\n<meta property=\"article:publisher\" content=\"https:\/\/www.facebook.com\/miomiorun\/\" \/>\n<meta property=\"article:modified_time\" content=\"2026-05-08T18:52:10+00:00\" \/>\n<meta property=\"og:image\" content=\"https:\/\/www.miomiorun.com\/app\/uploads\/2021\/04\/Karhu-Synchron-Ortix-2021-W-F200306.jpg\" \/>\n\t<meta property=\"og:image:width\" content=\"600\" \/>\n\t<meta property=\"og:image:height\" content=\"600\" \/>\n\t<meta property=\"og:image:type\" content=\"image\/jpeg\" \/>\n<meta name=\"twitter:card\" content=\"summary_large_image\" \/>\n<meta name=\"twitter:label1\" content=\"Est. reading time\" \/>\n\t<meta name=\"twitter:data1\" content=\"2 minutes\" \/>\n<script type=\"application\/ld+json\" class=\"yoast-schema-graph\">{\"@context\":\"https:\/\/schema.org\",\"@graph\":[{\"@type\":\"WebPage\",\"@id\":\"https:\/\/www.miomiorun.com\/fr\/produit\/karhu-synchron-ortix-2021-femme\/\",\"url\":\"https:\/\/www.miomiorun.com\/fr\/produit\/karhu-synchron-ortix-2021-femme\/\",\"name\":\"Karhu Synchron Ortix femme - chaussures de course - MioMioRun\",\"isPartOf\":{\"@id\":\"https:\/\/www.miomiorun.com\/fr\/#website\"},\"primaryImageOfPage\":{\"@id\":\"https:\/\/www.miomiorun.com\/fr\/produit\/karhu-synchron-ortix-2021-femme\/#primaryimage\"},\"image\":{\"@id\":\"https:\/\/www.miomiorun.com\/fr\/produit\/karhu-synchron-ortix-2021-femme\/#primaryimage\"},\"thumbnailUrl\":\"https:\/\/www.miomiorun.com\/app\/uploads\/2021\/04\/Karhu-Synchron-Ortix-2021-W-F200306.jpg\",\"datePublished\":\"2021-04-23T14:39:16+00:00\",\"dateModified\":\"2026-05-08T18:52:10+00:00\",\"description\":\"Karhu Synchron Ortix 2021 est un mod\u00e8le de course \u00e0 pied haut de gamme id\u00e9al pour les coureurs ayant une position neutre ou les surpronateurs en phase.\",\"breadcrumb\":{\"@id\":\"https:\/\/www.miomiorun.com\/fr\/produit\/karhu-synchron-ortix-2021-femme\/#breadcrumb\"},\"inLanguage\":\"fr-FR\",\"potentialAction\":[{\"@type\":\"ReadAction\",\"target\":[\"https:\/\/www.miomiorun.com\/fr\/produit\/karhu-synchron-ortix-2021-femme\/\"]}]},{\"@type\":\"ImageObject\",\"inLanguage\":\"fr-FR\",\"@id\":\"https:\/\/www.miomiorun.com\/fr\/produit\/karhu-synchron-ortix-2021-femme\/#primaryimage\",\"url\":\"https:\/\/www.miomiorun.com\/app\/uploads\/2021\/04\/Karhu-Synchron-Ortix-2021-W-F200306.jpg\",\"contentUrl\":\"https:\/\/www.miomiorun.com\/app\/uploads\/2021\/04\/Karhu-Synchron-Ortix-2021-W-F200306.jpg\",\"width\":600,\"height\":600,\"caption\":\"karhu syncron ortix 2021 profilo\"},{\"@type\":\"BreadcrumbList\",\"@id\":\"https:\/\/www.miomiorun.com\/fr\/produit\/karhu-synchron-ortix-2021-femme\/#breadcrumb\",\"itemListElement\":[{\"@type\":\"ListItem\",\"position\":1,\"name\":\"Home\",\"item\":\"https:\/\/www.miomiorun.com\/fr\/home-page\/\"},{\"@type\":\"ListItem\",\"position\":2,\"name\":\"Shop\",\"item\":\"https:\/\/www.miomiorun.com\/shop\/\"},{\"@type\":\"ListItem\",\"position\":3,\"name\":\"Synchron Ortix femme\"}]},{\"@type\":\"WebSite\",\"@id\":\"https:\/\/www.miomiorun.com\/fr\/#website\",\"url\":\"https:\/\/www.miomiorun.com\/fr\/\",\"name\":\"MioMioRun\",\"description\":\"Boutique 100% running et trail\",\"publisher\":{\"@id\":\"https:\/\/www.miomiorun.com\/fr\/#organization\"},\"potentialAction\":[{\"@type\":\"SearchAction\",\"target\":{\"@type\":\"EntryPoint\",\"urlTemplate\":\"https:\/\/www.miomiorun.com\/fr\/?s={search_term_string}\"},\"query-input\":{\"@type\":\"PropertyValueSpecification\",\"valueRequired\":true,\"valueName\":\"search_term_string\"}}],\"inLanguage\":\"fr-FR\"},{\"@type\":\"Organization\",\"@id\":\"https:\/\/www.miomiorun.com\/fr\/#organization\",\"name\":\"MioMio Run\",\"url\":\"https:\/\/www.miomiorun.com\/fr\/\",\"logo\":{\"@type\":\"ImageObject\",\"inLanguage\":\"fr-FR\",\"@id\":\"https:\/\/www.miomiorun.com\/fr\/#\/schema\/logo\/image\/\",\"url\":\"https:\/\/www.miomiorun.com\/app\/uploads\/2019\/12\/logomio.png\",\"contentUrl\":\"https:\/\/www.miomiorun.com\/app\/uploads\/2019\/12\/logomio.png\",\"width\":115,\"height\":82,\"caption\":\"MioMio Run\"},\"image\":{\"@id\":\"https:\/\/www.miomiorun.com\/fr\/#\/schema\/logo\/image\/\"},\"sameAs\":[\"https:\/\/www.facebook.com\/miomiorun\/\",\"https:\/\/www.instagram.com\/miomiorun\/\"]}]}<\/script>\n<!-- \/ Yoast SEO plugin. -->","yoast_head_json":{"title":"Karhu Synchron Ortix femme - chaussures de course - MioMioRun","description":"Karhu Synchron Ortix 2021 est un mod\u00e8le de course \u00e0 pied haut de gamme id\u00e9al pour les coureurs ayant une position neutre ou les surpronateurs en phase.","robots":{"index":"index","follow":"follow","max-snippet":"max-snippet:-1","max-image-preview":"max-image-preview:large","max-video-preview":"max-video-preview:-1"},"canonical":"https:\/\/www.miomiorun.com\/fr\/produit\/karhu-synchron-ortix-2021-femme\/","og_locale":"fr_FR","og_type":"article","og_title":"Karhu Synchron Ortix femme - chaussures de course - MioMioRun","og_description":"Karhu Synchron Ortix 2021 est un mod\u00e8le de course \u00e0 pied haut de gamme id\u00e9al pour les coureurs ayant une position neutre ou les surpronateurs en phase.","og_url":"https:\/\/www.miomiorun.com\/fr\/produit\/karhu-synchron-ortix-2021-femme\/","og_site_name":"MioMioRun","article_publisher":"https:\/\/www.facebook.com\/miomiorun\/","article_modified_time":"2026-05-08T18:52:10+00:00","og_image":[{"width":600,"height":600,"url":"https:\/\/www.miomiorun.com\/app\/uploads\/2021\/04\/Karhu-Synchron-Ortix-2021-W-F200306.jpg","type":"image\/jpeg"}],"twitter_card":"summary_large_image","twitter_misc":{"Est. reading time":"2 minutes"},"schema":{"@context":"https:\/\/schema.org","@graph":[{"@type":"WebPage","@id":"https:\/\/www.miomiorun.com\/fr\/produit\/karhu-synchron-ortix-2021-femme\/","url":"https:\/\/www.miomiorun.com\/fr\/produit\/karhu-synchron-ortix-2021-femme\/","name":"Karhu Synchron Ortix femme - chaussures de course - MioMioRun","isPartOf":{"@id":"https:\/\/www.miomiorun.com\/fr\/#website"},"primaryImageOfPage":{"@id":"https:\/\/www.miomiorun.com\/fr\/produit\/karhu-synchron-ortix-2021-femme\/#primaryimage"},"image":{"@id":"https:\/\/www.miomiorun.com\/fr\/produit\/karhu-synchron-ortix-2021-femme\/#primaryimage"},"thumbnailUrl":"https:\/\/www.miomiorun.com\/app\/uploads\/2021\/04\/Karhu-Synchron-Ortix-2021-W-F200306.jpg","datePublished":"2021-04-23T14:39:16+00:00","dateModified":"2026-05-08T18:52:10+00:00","description":"Karhu Synchron Ortix 2021 est un mod\u00e8le de course \u00e0 pied haut de gamme id\u00e9al pour les coureurs ayant une position neutre ou les surpronateurs en phase.","breadcrumb":{"@id":"https:\/\/www.miomiorun.com\/fr\/produit\/karhu-synchron-ortix-2021-femme\/#breadcrumb"},"inLanguage":"fr-FR","potentialAction":[{"@type":"ReadAction","target":["https:\/\/www.miomiorun.com\/fr\/produit\/karhu-synchron-ortix-2021-femme\/"]}]},{"@type":"ImageObject","inLanguage":"fr-FR","@id":"https:\/\/www.miomiorun.com\/fr\/produit\/karhu-synchron-ortix-2021-femme\/#primaryimage","url":"https:\/\/www.miomiorun.com\/app\/uploads\/2021\/04\/Karhu-Synchron-Ortix-2021-W-F200306.jpg","contentUrl":"https:\/\/www.miomiorun.com\/app\/uploads\/2021\/04\/Karhu-Synchron-Ortix-2021-W-F200306.jpg","width":600,"height":600,"caption":"karhu syncron ortix 2021 profilo"},{"@type":"BreadcrumbList","@id":"https:\/\/www.miomiorun.com\/fr\/produit\/karhu-synchron-ortix-2021-femme\/#breadcrumb","itemListElement":[{"@type":"ListItem","position":1,"name":"Home","item":"https:\/\/www.miomiorun.com\/fr\/home-page\/"},{"@type":"ListItem","position":2,"name":"Shop","item":"https:\/\/www.miomiorun.com\/shop\/"},{"@type":"ListItem","position":3,"name":"Synchron Ortix femme"}]},{"@type":"WebSite","@id":"https:\/\/www.miomiorun.com\/fr\/#website","url":"https:\/\/www.miomiorun.com\/fr\/","name":"MioMioRun","description":"Boutique 100% running et trail","publisher":{"@id":"https:\/\/www.miomiorun.com\/fr\/#organization"},"potentialAction":[{"@type":"SearchAction","target":{"@type":"EntryPoint","urlTemplate":"https:\/\/www.miomiorun.com\/fr\/?s={search_term_string}"},"query-input":{"@type":"PropertyValueSpecification","valueRequired":true,"valueName":"search_term_string"}}],"inLanguage":"fr-FR"},{"@type":"Organization","@id":"https:\/\/www.miomiorun.com\/fr\/#organization","name":"MioMio Run","url":"https:\/\/www.miomiorun.com\/fr\/","logo":{"@type":"ImageObject","inLanguage":"fr-FR","@id":"https:\/\/www.miomiorun.com\/fr\/#\/schema\/logo\/image\/","url":"https:\/\/www.miomiorun.com\/app\/uploads\/2019\/12\/logomio.png","contentUrl":"https:\/\/www.miomiorun.com\/app\/uploads\/2019\/12\/logomio.png","width":115,"height":82,"caption":"MioMio Run"},"image":{"@id":"https:\/\/www.miomiorun.com\/fr\/#\/schema\/logo\/image\/"},"sameAs":["https:\/\/www.facebook.com\/miomiorun\/","https:\/\/www.instagram.com\/miomiorun\/"]}]}},"_links":{"self":[{"href":"https:\/\/www.miomiorun.com\/fr\/wp-json\/wp\/v2\/product\/276736","targetHints":{"allow":["GET"]}}],"collection":[{"href":"https:\/\/www.miomiorun.com\/fr\/wp-json\/wp\/v2\/product"}],"about":[{"href":"https:\/\/www.miomiorun.com\/fr\/wp-json\/wp\/v2\/types\/product"}],"wp:featuredmedia":[{"embeddable":true,"href":"https:\/\/www.miomiorun.com\/fr\/wp-json\/wp\/v2\/media\/231893"}],"wp:attachment":[{"href":"https:\/\/www.miomiorun.com\/fr\/wp-json\/wp\/v2\/media?parent=276736"}],"wp:term":[{"taxonomy":"product_brand","embeddable":true,"href":"https:\/\/www.miomiorun.com\/fr\/wp-json\/wp\/v2\/product_brand?post=276736"},{"taxonomy":"product_cat","embeddable":true,"href":"https:\/\/www.miomiorun.com\/fr\/wp-json\/wp\/v2\/product_cat?post=276736"},{"taxonomy":"product_tag","embeddable":true,"href":"https:\/\/www.miomiorun.com\/fr\/wp-json\/wp\/v2\/product_tag?post=276736"}],"curies":[{"name":"wp","href":"https:\/\/api.w.org\/{rel}","templated":true}]}}