{"id":276735,"date":"2021-04-23T18:37:18","date_gmt":"2021-04-23T16:37:18","guid":{"rendered":"https:\/\/miomiorun.com\/prodotto\/karhu-ikoni-2020-donna\/"},"modified":"2025-05-08T18:51:10","modified_gmt":"2025-05-08T16:51:10","slug":"karhu-ikoni-2020-femme","status":"publish","type":"product","link":"https:\/\/www.miomiorun.com\/fr\/produit\/karhu-ikoni-2020-femme\/","title":{"rendered":"Ikoni femme"},"content":{"rendered":"<div class=\"vc-row container\"><div class=\"vc-column\"><div class=\"vc-column-text\"><\/p>\n<h4>Caract\u00e9ristiques techniques<\/h4>\n<p>Cat\u00e9gorie : amorti moyen<br \/>\nD\u00e9calage : 8 mm<br \/>\nPoids : 252 g<br \/>\nId\u00e9al pour : coureurs recherchant une chaussure avec un bon amorti, avec une transition douce, pour des courses de longueur moyenne.<br \/>\nPoids de l&#8217;athl\u00e8te : 65-75 kg<br \/>\nAllure de course : moyennement rapide (4.30-5.30 min\/km)<br \/>\n<a href=\"https:\/\/miomiorun.com\/fr\/guide-des-specificites\/\">Guide des sp\u00e9cifications<\/a><\/p>\n<p><\/div><\/div><div class=\"vc-column\"><div class=\"vc-column-text\">Karhu Ikoni 2021 est un mod\u00e8le de course \u00e0 pied dot\u00e9 d&#8217;un amorti mod\u00e9r\u00e9, id\u00e9al pour les coureurs neutres ou les personnes souffrant d&#8217;un sur-pronation \u00e0 un stade pr\u00e9coce ou moyen. Cette chaussure vous offre la caract\u00e9ristique &#8220;rolling ride&#8221; ou roulement avec une transition extr\u00eamement \u00e9quilibr\u00e9e du talon aux orteils.<\/p>\n<p>L&#8217;Ikoni Ortix est une v\u00e9ritable &#8220;ic\u00f4ne&#8221; du confort. Le la\u00e7age anatomique offre un meilleur ajustement global en tenant compte des diff\u00e9rences de forme et de volume entre le pied gauche et le pied droit. Le la\u00e7age <strong>M-lock <\/strong>prot\u00e8ge le m\u00e9dio-pied et apporte un soutien sans limiter l&#8217;\u00e9lan vers l&#8217;avant. La chaussure est \u00e9galement confortable au niveau de l&#8217;avant-pied et offre un espace g\u00e9n\u00e9reux pour \u00e9carter les orteils.<\/p>\n<p><strong>Caract\u00e9ristiques :<\/strong><\/p>\n<ul>\n<li>Syst\u00e8me de la\u00e7age <strong>anatomique<\/strong> pour un meilleur confort.<\/li>\n<li><strong>Point d&#8217;appui<\/strong> demi-longueur pour un avant-pied flexible.<\/li>\n<li>Semelle interm\u00e9diaire <strong>AeroFoam Nova<\/strong> amortie.<\/li>\n<li>Tige en mesh Engineered <strong>Knit<\/strong> pour la respirabilit\u00e9 et le maintien.<\/li>\n<li><strong>Semelle int\u00e9rieure <\/strong>en mousse \u00e0 cellules ouvertes pour une sensation de douceur.<\/li>\n<\/ul>\n<p>&nbsp;<\/p>\n<p><img loading=\"lazy\" decoding=\"async\" class=\"\" src=\"https:\/\/cdn.shopify.com\/s\/files\/1\/0519\/4570\/1549\/files\/fulcrum_800x.png?v=1612961012\" width=\"205\" height=\"91\" \/><\/p>\n<p>La technologie <strong>Fulcrum de Karhu <\/strong>offre non seulement une plus grande stabilit\u00e9, mais produit \u00e9galement un &#8220;effet de roulement&#8221; sur nos performances car elle utilise l&#8217;\u00e9nergie naturelle produite par notre corps pour cr\u00e9er une conduite plus douce.<\/p>\n<p>Cette technologie offre<\/p>\n<p>&#8211; un amortissement \u00e9quilibr\u00e9<\/p>\n<p>&#8211; plus de soutien<\/p>\n<p>&#8211; plus d&#8217;\u00e9nergie<\/div><\/div><\/div>\n","protected":false},"excerpt":{"rendered":"","protected":false},"featured_media":230731,"template":"","meta":{"_acf_changed":false,"inline_featured_image":false},"product_brand":[],"product_cat":[24435,24434,24246],"product_tag":[23474,23495],"class_list":{"0":"post-276735","1":"product","2":"type-product","3":"status-publish","4":"has-post-thumbnail","6":"product_cat-chaussures-pour-femmes-fr","7":"product_cat-neutre-fr-2","8":"product_cat-offres-pour-les-femmes","9":"product_tag-karhu-fr","10":"product_tag-karhu-femme","11":"pa_attivita-fitness-fr","12":"pa_attivita-marcher","13":"pa_attivita-running-fr","14":"pa_colore-ikoni-2020-w-hivo-jetblack-folkstone-grey-fr","15":"pa_marca-karhu-fr","16":"pa_sesso-femme","17":"pa_size-42-fr","19":"first","20":"instock","21":"sale","22":"taxable","23":"shipping-taxable","24":"purchasable","25":"product-type-variable","26":"wvs-archive-product-wrapper"},"acf":[],"yoast_head":"<!-- This site is optimized with the Yoast SEO plugin v26.8 - https:\/\/yoast.com\/product\/yoast-seo-wordpress\/ -->\n<title>Karhu Ikoni femme - chaussures de course - MioMioRun<\/title>\n<meta name=\"description\" content=\"La Karhu Ikoni 2020 est un mod\u00e8le de course \u00e0 pied dot\u00e9 d&#039;un amorti mod\u00e9r\u00e9, id\u00e9al pour les coureurs neutres ou les surpronateurs en d\u00e9but ou en milieu de carri\u00e8re.\" \/>\n<meta name=\"robots\" content=\"index, follow, max-snippet:-1, max-image-preview:large, max-video-preview:-1\" \/>\n<link rel=\"canonical\" href=\"https:\/\/www.miomiorun.com\/fr\/produit\/karhu-ikoni-2020-femme\/\" \/>\n<meta property=\"og:locale\" content=\"fr_FR\" \/>\n<meta property=\"og:type\" content=\"article\" \/>\n<meta property=\"og:title\" content=\"Karhu Ikoni femme - chaussures de course - MioMioRun\" \/>\n<meta property=\"og:description\" content=\"La Karhu Ikoni 2020 est un mod\u00e8le de course \u00e0 pied dot\u00e9 d&#039;un amorti mod\u00e9r\u00e9, id\u00e9al pour les coureurs neutres ou les surpronateurs en d\u00e9but ou en milieu de carri\u00e8re.\" \/>\n<meta property=\"og:url\" content=\"https:\/\/www.miomiorun.com\/fr\/produit\/karhu-ikoni-2020-femme\/\" \/>\n<meta property=\"og:site_name\" content=\"MioMioRun\" \/>\n<meta property=\"article:publisher\" content=\"https:\/\/www.facebook.com\/miomiorun\/\" \/>\n<meta property=\"article:modified_time\" content=\"2025-05-08T16:51:10+00:00\" \/>\n<meta property=\"og:image\" content=\"https:\/\/www.miomiorun.com\/app\/uploads\/2020\/10\/ikoni-2020-W-HiVo-JetBlack-Folkstone-Grey.jpg\" \/>\n\t<meta property=\"og:image:width\" content=\"600\" \/>\n\t<meta property=\"og:image:height\" content=\"600\" \/>\n\t<meta property=\"og:image:type\" content=\"image\/jpeg\" \/>\n<meta name=\"twitter:card\" content=\"summary_large_image\" \/>\n<meta name=\"twitter:label1\" content=\"Est. reading time\" \/>\n\t<meta name=\"twitter:data1\" content=\"2 minutes\" \/>\n<script type=\"application\/ld+json\" class=\"yoast-schema-graph\">{\"@context\":\"https:\/\/schema.org\",\"@graph\":[{\"@type\":\"WebPage\",\"@id\":\"https:\/\/www.miomiorun.com\/fr\/produit\/karhu-ikoni-2020-femme\/\",\"url\":\"https:\/\/www.miomiorun.com\/fr\/produit\/karhu-ikoni-2020-femme\/\",\"name\":\"Karhu Ikoni femme - chaussures de course - MioMioRun\",\"isPartOf\":{\"@id\":\"https:\/\/www.miomiorun.com\/fr\/#website\"},\"primaryImageOfPage\":{\"@id\":\"https:\/\/www.miomiorun.com\/fr\/produit\/karhu-ikoni-2020-femme\/#primaryimage\"},\"image\":{\"@id\":\"https:\/\/www.miomiorun.com\/fr\/produit\/karhu-ikoni-2020-femme\/#primaryimage\"},\"thumbnailUrl\":\"https:\/\/www.miomiorun.com\/app\/uploads\/2020\/10\/ikoni-2020-W-HiVo-JetBlack-Folkstone-Grey.jpg\",\"datePublished\":\"2021-04-23T16:37:18+00:00\",\"dateModified\":\"2025-05-08T16:51:10+00:00\",\"description\":\"La Karhu Ikoni 2020 est un mod\u00e8le de course \u00e0 pied dot\u00e9 d'un amorti mod\u00e9r\u00e9, id\u00e9al pour les coureurs neutres ou les surpronateurs en d\u00e9but ou en milieu de carri\u00e8re.\",\"breadcrumb\":{\"@id\":\"https:\/\/www.miomiorun.com\/fr\/produit\/karhu-ikoni-2020-femme\/#breadcrumb\"},\"inLanguage\":\"fr-FR\",\"potentialAction\":[{\"@type\":\"ReadAction\",\"target\":[\"https:\/\/www.miomiorun.com\/fr\/produit\/karhu-ikoni-2020-femme\/\"]}]},{\"@type\":\"ImageObject\",\"inLanguage\":\"fr-FR\",\"@id\":\"https:\/\/www.miomiorun.com\/fr\/produit\/karhu-ikoni-2020-femme\/#primaryimage\",\"url\":\"https:\/\/www.miomiorun.com\/app\/uploads\/2020\/10\/ikoni-2020-W-HiVo-JetBlack-Folkstone-Grey.jpg\",\"contentUrl\":\"https:\/\/www.miomiorun.com\/app\/uploads\/2020\/10\/ikoni-2020-W-HiVo-JetBlack-Folkstone-Grey.jpg\",\"width\":600,\"height\":600,\"caption\":\"ikoni-2020-W-HiVo-JetBlack-Folkstone-Grey\"},{\"@type\":\"BreadcrumbList\",\"@id\":\"https:\/\/www.miomiorun.com\/fr\/produit\/karhu-ikoni-2020-femme\/#breadcrumb\",\"itemListElement\":[{\"@type\":\"ListItem\",\"position\":1,\"name\":\"Home\",\"item\":\"https:\/\/www.miomiorun.com\/fr\/home-page\/\"},{\"@type\":\"ListItem\",\"position\":2,\"name\":\"Shop\",\"item\":\"https:\/\/www.miomiorun.com\/shop\/\"},{\"@type\":\"ListItem\",\"position\":3,\"name\":\"Ikoni femme\"}]},{\"@type\":\"WebSite\",\"@id\":\"https:\/\/www.miomiorun.com\/fr\/#website\",\"url\":\"https:\/\/www.miomiorun.com\/fr\/\",\"name\":\"MioMioRun\",\"description\":\"Boutique 100% running et trail\",\"publisher\":{\"@id\":\"https:\/\/www.miomiorun.com\/fr\/#organization\"},\"potentialAction\":[{\"@type\":\"SearchAction\",\"target\":{\"@type\":\"EntryPoint\",\"urlTemplate\":\"https:\/\/www.miomiorun.com\/fr\/?s={search_term_string}\"},\"query-input\":{\"@type\":\"PropertyValueSpecification\",\"valueRequired\":true,\"valueName\":\"search_term_string\"}}],\"inLanguage\":\"fr-FR\"},{\"@type\":\"Organization\",\"@id\":\"https:\/\/www.miomiorun.com\/fr\/#organization\",\"name\":\"MioMio Run\",\"url\":\"https:\/\/www.miomiorun.com\/fr\/\",\"logo\":{\"@type\":\"ImageObject\",\"inLanguage\":\"fr-FR\",\"@id\":\"https:\/\/www.miomiorun.com\/fr\/#\/schema\/logo\/image\/\",\"url\":\"https:\/\/www.miomiorun.com\/app\/uploads\/2019\/12\/logomio.png\",\"contentUrl\":\"https:\/\/www.miomiorun.com\/app\/uploads\/2019\/12\/logomio.png\",\"width\":115,\"height\":82,\"caption\":\"MioMio Run\"},\"image\":{\"@id\":\"https:\/\/www.miomiorun.com\/fr\/#\/schema\/logo\/image\/\"},\"sameAs\":[\"https:\/\/www.facebook.com\/miomiorun\/\",\"https:\/\/www.instagram.com\/miomiorun\/\"]}]}<\/script>\n<!-- \/ Yoast SEO plugin. -->","yoast_head_json":{"title":"Karhu Ikoni femme - chaussures de course - MioMioRun","description":"La Karhu Ikoni 2020 est un mod\u00e8le de course \u00e0 pied dot\u00e9 d'un amorti mod\u00e9r\u00e9, id\u00e9al pour les coureurs neutres ou les surpronateurs en d\u00e9but ou en milieu de carri\u00e8re.","robots":{"index":"index","follow":"follow","max-snippet":"max-snippet:-1","max-image-preview":"max-image-preview:large","max-video-preview":"max-video-preview:-1"},"canonical":"https:\/\/www.miomiorun.com\/fr\/produit\/karhu-ikoni-2020-femme\/","og_locale":"fr_FR","og_type":"article","og_title":"Karhu Ikoni femme - chaussures de course - MioMioRun","og_description":"La Karhu Ikoni 2020 est un mod\u00e8le de course \u00e0 pied dot\u00e9 d'un amorti mod\u00e9r\u00e9, id\u00e9al pour les coureurs neutres ou les surpronateurs en d\u00e9but ou en milieu de carri\u00e8re.","og_url":"https:\/\/www.miomiorun.com\/fr\/produit\/karhu-ikoni-2020-femme\/","og_site_name":"MioMioRun","article_publisher":"https:\/\/www.facebook.com\/miomiorun\/","article_modified_time":"2025-05-08T16:51:10+00:00","og_image":[{"width":600,"height":600,"url":"https:\/\/www.miomiorun.com\/app\/uploads\/2020\/10\/ikoni-2020-W-HiVo-JetBlack-Folkstone-Grey.jpg","type":"image\/jpeg"}],"twitter_card":"summary_large_image","twitter_misc":{"Est. reading time":"2 minutes"},"schema":{"@context":"https:\/\/schema.org","@graph":[{"@type":"WebPage","@id":"https:\/\/www.miomiorun.com\/fr\/produit\/karhu-ikoni-2020-femme\/","url":"https:\/\/www.miomiorun.com\/fr\/produit\/karhu-ikoni-2020-femme\/","name":"Karhu Ikoni femme - chaussures de course - MioMioRun","isPartOf":{"@id":"https:\/\/www.miomiorun.com\/fr\/#website"},"primaryImageOfPage":{"@id":"https:\/\/www.miomiorun.com\/fr\/produit\/karhu-ikoni-2020-femme\/#primaryimage"},"image":{"@id":"https:\/\/www.miomiorun.com\/fr\/produit\/karhu-ikoni-2020-femme\/#primaryimage"},"thumbnailUrl":"https:\/\/www.miomiorun.com\/app\/uploads\/2020\/10\/ikoni-2020-W-HiVo-JetBlack-Folkstone-Grey.jpg","datePublished":"2021-04-23T16:37:18+00:00","dateModified":"2025-05-08T16:51:10+00:00","description":"La Karhu Ikoni 2020 est un mod\u00e8le de course \u00e0 pied dot\u00e9 d'un amorti mod\u00e9r\u00e9, id\u00e9al pour les coureurs neutres ou les surpronateurs en d\u00e9but ou en milieu de carri\u00e8re.","breadcrumb":{"@id":"https:\/\/www.miomiorun.com\/fr\/produit\/karhu-ikoni-2020-femme\/#breadcrumb"},"inLanguage":"fr-FR","potentialAction":[{"@type":"ReadAction","target":["https:\/\/www.miomiorun.com\/fr\/produit\/karhu-ikoni-2020-femme\/"]}]},{"@type":"ImageObject","inLanguage":"fr-FR","@id":"https:\/\/www.miomiorun.com\/fr\/produit\/karhu-ikoni-2020-femme\/#primaryimage","url":"https:\/\/www.miomiorun.com\/app\/uploads\/2020\/10\/ikoni-2020-W-HiVo-JetBlack-Folkstone-Grey.jpg","contentUrl":"https:\/\/www.miomiorun.com\/app\/uploads\/2020\/10\/ikoni-2020-W-HiVo-JetBlack-Folkstone-Grey.jpg","width":600,"height":600,"caption":"ikoni-2020-W-HiVo-JetBlack-Folkstone-Grey"},{"@type":"BreadcrumbList","@id":"https:\/\/www.miomiorun.com\/fr\/produit\/karhu-ikoni-2020-femme\/#breadcrumb","itemListElement":[{"@type":"ListItem","position":1,"name":"Home","item":"https:\/\/www.miomiorun.com\/fr\/home-page\/"},{"@type":"ListItem","position":2,"name":"Shop","item":"https:\/\/www.miomiorun.com\/shop\/"},{"@type":"ListItem","position":3,"name":"Ikoni femme"}]},{"@type":"WebSite","@id":"https:\/\/www.miomiorun.com\/fr\/#website","url":"https:\/\/www.miomiorun.com\/fr\/","name":"MioMioRun","description":"Boutique 100% running et trail","publisher":{"@id":"https:\/\/www.miomiorun.com\/fr\/#organization"},"potentialAction":[{"@type":"SearchAction","target":{"@type":"EntryPoint","urlTemplate":"https:\/\/www.miomiorun.com\/fr\/?s={search_term_string}"},"query-input":{"@type":"PropertyValueSpecification","valueRequired":true,"valueName":"search_term_string"}}],"inLanguage":"fr-FR"},{"@type":"Organization","@id":"https:\/\/www.miomiorun.com\/fr\/#organization","name":"MioMio Run","url":"https:\/\/www.miomiorun.com\/fr\/","logo":{"@type":"ImageObject","inLanguage":"fr-FR","@id":"https:\/\/www.miomiorun.com\/fr\/#\/schema\/logo\/image\/","url":"https:\/\/www.miomiorun.com\/app\/uploads\/2019\/12\/logomio.png","contentUrl":"https:\/\/www.miomiorun.com\/app\/uploads\/2019\/12\/logomio.png","width":115,"height":82,"caption":"MioMio Run"},"image":{"@id":"https:\/\/www.miomiorun.com\/fr\/#\/schema\/logo\/image\/"},"sameAs":["https:\/\/www.facebook.com\/miomiorun\/","https:\/\/www.instagram.com\/miomiorun\/"]}]}},"_links":{"self":[{"href":"https:\/\/www.miomiorun.com\/fr\/wp-json\/wp\/v2\/product\/276735","targetHints":{"allow":["GET"]}}],"collection":[{"href":"https:\/\/www.miomiorun.com\/fr\/wp-json\/wp\/v2\/product"}],"about":[{"href":"https:\/\/www.miomiorun.com\/fr\/wp-json\/wp\/v2\/types\/product"}],"wp:featuredmedia":[{"embeddable":true,"href":"https:\/\/www.miomiorun.com\/fr\/wp-json\/wp\/v2\/media\/230731"}],"wp:attachment":[{"href":"https:\/\/www.miomiorun.com\/fr\/wp-json\/wp\/v2\/media?parent=276735"}],"wp:term":[{"taxonomy":"product_brand","embeddable":true,"href":"https:\/\/www.miomiorun.com\/fr\/wp-json\/wp\/v2\/product_brand?post=276735"},{"taxonomy":"product_cat","embeddable":true,"href":"https:\/\/www.miomiorun.com\/fr\/wp-json\/wp\/v2\/product_cat?post=276735"},{"taxonomy":"product_tag","embeddable":true,"href":"https:\/\/www.miomiorun.com\/fr\/wp-json\/wp\/v2\/product_tag?post=276735"}],"curies":[{"name":"wp","href":"https:\/\/api.w.org\/{rel}","templated":true}]}}