{"id":276723,"date":"2020-11-24T19:11:11","date_gmt":"2020-11-24T18:11:11","guid":{"rendered":"https:\/\/miomiorun.com\/prodotto\/la-sportiva-wave-t-shirt-uomo\/"},"modified":"2026-01-21T10:52:43","modified_gmt":"2026-01-21T09:52:43","slug":"la-sportiva-wave-t-shirt-homme","status":"publish","type":"product","link":"https:\/\/www.miomiorun.com\/fr\/produit\/la-sportiva-wave-t-shirt-homme\/","title":{"rendered":"Wave t-shirt homme"},"content":{"rendered":"<p>Gr\u00e2ce \u00e0 son graphisme renouvel\u00e9 et accrocheur, le t-shirt Wave fait le plein d&#8217;\u00e9nergie. Son tissu l\u00e9ger et respirant, trait\u00e9 antibact\u00e9rien et anti-odeurs (Polygiene\u00ae), offre un confort maximal m\u00eame pendant les activit\u00e9s sportives les plus intenses.<\/p>\n<p>+ D\u00e9tails r\u00e9fl\u00e9chissants<br \/>\n+ Tissu en maille respirante<br \/>\n+ Anti-odeurs et antibact\u00e9rien (Polygiene\u00ae)<br \/>\n+ Coutures plates anti-frottements<\/p>\n<p><strong>L\u00e9g\u00e8ret\u00e9 : <\/strong>Produits qui r\u00e9duisent le poids au minimum<\/p>\n<p><strong>Respirabilit\u00e9 : <\/strong>Produits hautement respirants pour un excellent confort climatique.<\/p>\n<p>La technologie antibact\u00e9rienne et anti-odeurs Polygiene\u00ae est un traitement durable, efficace et respectueux de l&#8217;environnement qui utilise des sels d&#8217;argent pour emp\u00eacher la formation de bact\u00e9ries responsables des mauvaises odeurs. Le r\u00e9sultat ? <strong>Vous pouvez porter vos v\u00eatements plus longtemps sans les laver. <\/strong><\/p>\n<p><strong>\u00c9lasticit\u00e9 : <\/strong>V\u00eatements confortables et r\u00e9actifs qui garantissent une libert\u00e9 de mouvement maximale.<\/p>\n<p><strong>L1 &#8211; BASE LAYER<\/strong><br \/>\nCouche en contact direct avec la peau. Favorise l&#8217;\u00e9vacuation de la transpiration pour un meilleur confort climatique pendant l&#8217;activit\u00e9 physique.<\/p>\n<p><strong>Coupe r\u00e9guli\u00e8re : <\/strong>Coupe technique et confortable.<\/p>\n<p><b>Mat\u00e9riaux : <\/b>Principal : (PN13) 92 % polyester, 8 % \u00e9lasthanne Insert : (MSH24) 100 % polyester<br \/>\n<b>Poids : <\/b>100 g (M)<\/p>\n<p>&nbsp;<\/p>\n","protected":false},"excerpt":{"rendered":"<p>Gr\u00e2ce \u00e0 son graphisme renouvel\u00e9 et accrocheur, le t-shirt Wave fait le plein d&#8217;\u00e9nergie. Son tissu l\u00e9ger et respirant, trait\u00e9 antibact\u00e9rien et anti-odeurs (Polygiene\u00ae), offre un confort maximal m\u00eame pendant les activit\u00e9s sportives les plus intenses. + D\u00e9tails r\u00e9fl\u00e9chissants + Tissu en maille respirante + Anti-odeurs et antibact\u00e9rien (Polygiene\u00ae) + Coutures plates anti-frottements L\u00e9g\u00e8ret\u00e9 : &hellip; <a href=\"https:\/\/www.miomiorun.com\/fr\/produit\/la-sportiva-wave-t-shirt-homme\/\">Continued<\/a><\/p>\n","protected":false},"featured_media":246434,"template":"","meta":{"_acf_changed":false,"inline_featured_image":false},"product_brand":[],"product_cat":[24449,24482,24484],"product_tag":[23597,23599],"class_list":{"0":"post-276723","1":"product","2":"type-product","3":"status-publish","4":"has-post-thumbnail","6":"product_cat-t-shirt-fr-3","7":"product_cat-vetements-pour-hommes-fr","8":"product_cat-homme","9":"product_tag-la-sportiva-fr","10":"product_tag-la-sportiva-homme","11":"pa_attivita-outdoor-fr","12":"pa_attivita-trail-fr","13":"pa_colore-wave-t-shirt-m-white-black-fr","14":"pa_marca-la-sportiva-fr","15":"pa_sesso-homme","16":"pa_size-small-fr","17":"pa_size-medium-fr","18":"pa_size-extra-large-fr","20":"first","21":"instock","22":"sale","23":"taxable","24":"shipping-taxable","25":"purchasable","26":"product-type-variable","27":"wvs-archive-product-wrapper"},"acf":[],"yoast_head":"<!-- This site is optimized with the Yoast SEO plugin v26.8 - https:\/\/yoast.com\/product\/yoast-seo-wordpress\/ -->\n<title>La Sportiva Wave t-shirt homme - running t-shirt- MioMioRun.com<\/title>\n<meta name=\"description\" content=\"Le t-shirt Wave, confectionn\u00e9 dans un tissu l\u00e9ger et respirant avec traitements antibact\u00e9riens et anti-odeurs, offre un confort maximal pendant les activit\u00e9s sportives les plus intenses.\" \/>\n<meta name=\"robots\" content=\"index, follow, max-snippet:-1, max-image-preview:large, max-video-preview:-1\" \/>\n<link rel=\"canonical\" href=\"https:\/\/www.miomiorun.com\/fr\/produit\/la-sportiva-wave-t-shirt-homme\/\" \/>\n<meta property=\"og:locale\" content=\"fr_FR\" \/>\n<meta property=\"og:type\" content=\"article\" \/>\n<meta property=\"og:title\" content=\"La Sportiva Wave t-shirt homme - running t-shirt- MioMioRun.com\" \/>\n<meta property=\"og:description\" content=\"Le t-shirt Wave, confectionn\u00e9 dans un tissu l\u00e9ger et respirant avec traitements antibact\u00e9riens et anti-odeurs, offre un confort maximal pendant les activit\u00e9s sportives les plus intenses.\" \/>\n<meta property=\"og:url\" content=\"https:\/\/www.miomiorun.com\/fr\/produit\/la-sportiva-wave-t-shirt-homme\/\" \/>\n<meta property=\"og:site_name\" content=\"MioMioRun\" \/>\n<meta property=\"article:publisher\" content=\"https:\/\/www.facebook.com\/miomiorun\/\" \/>\n<meta property=\"article:modified_time\" content=\"2026-01-21T09:52:43+00:00\" \/>\n<meta property=\"og:image\" content=\"https:\/\/www.miomiorun.com\/app\/uploads\/2024\/04\/La-sportiva-Wave-t-shirt-M-white-black-P85000999.webp\" \/>\n\t<meta property=\"og:image:width\" content=\"600\" \/>\n\t<meta property=\"og:image:height\" content=\"600\" \/>\n\t<meta property=\"og:image:type\" content=\"image\/webp\" \/>\n<meta name=\"twitter:card\" content=\"summary_large_image\" \/>\n<meta name=\"twitter:label1\" content=\"Est. reading time\" \/>\n\t<meta name=\"twitter:data1\" content=\"1 minute\" \/>\n<script type=\"application\/ld+json\" class=\"yoast-schema-graph\">{\"@context\":\"https:\/\/schema.org\",\"@graph\":[{\"@type\":\"WebPage\",\"@id\":\"https:\/\/www.miomiorun.com\/fr\/produit\/la-sportiva-wave-t-shirt-homme\/\",\"url\":\"https:\/\/www.miomiorun.com\/fr\/produit\/la-sportiva-wave-t-shirt-homme\/\",\"name\":\"La Sportiva Wave t-shirt homme - running t-shirt- MioMioRun.com\",\"isPartOf\":{\"@id\":\"https:\/\/www.miomiorun.com\/fr\/#website\"},\"primaryImageOfPage\":{\"@id\":\"https:\/\/www.miomiorun.com\/fr\/produit\/la-sportiva-wave-t-shirt-homme\/#primaryimage\"},\"image\":{\"@id\":\"https:\/\/www.miomiorun.com\/fr\/produit\/la-sportiva-wave-t-shirt-homme\/#primaryimage\"},\"thumbnailUrl\":\"https:\/\/www.miomiorun.com\/app\/uploads\/2024\/04\/La-sportiva-Wave-t-shirt-M-white-black-P85000999.webp\",\"datePublished\":\"2020-11-24T18:11:11+00:00\",\"dateModified\":\"2026-01-21T09:52:43+00:00\",\"description\":\"Le t-shirt Wave, confectionn\u00e9 dans un tissu l\u00e9ger et respirant avec traitements antibact\u00e9riens et anti-odeurs, offre un confort maximal pendant les activit\u00e9s sportives les plus intenses.\",\"breadcrumb\":{\"@id\":\"https:\/\/www.miomiorun.com\/fr\/produit\/la-sportiva-wave-t-shirt-homme\/#breadcrumb\"},\"inLanguage\":\"fr-FR\",\"potentialAction\":[{\"@type\":\"ReadAction\",\"target\":[\"https:\/\/www.miomiorun.com\/fr\/produit\/la-sportiva-wave-t-shirt-homme\/\"]}]},{\"@type\":\"ImageObject\",\"inLanguage\":\"fr-FR\",\"@id\":\"https:\/\/www.miomiorun.com\/fr\/produit\/la-sportiva-wave-t-shirt-homme\/#primaryimage\",\"url\":\"https:\/\/www.miomiorun.com\/app\/uploads\/2024\/04\/La-sportiva-Wave-t-shirt-M-white-black-P85000999.webp\",\"contentUrl\":\"https:\/\/www.miomiorun.com\/app\/uploads\/2024\/04\/La-sportiva-Wave-t-shirt-M-white-black-P85000999.webp\",\"width\":600,\"height\":600,\"caption\":\"La sportiva Wave t-shirt M white black P85000999\"},{\"@type\":\"BreadcrumbList\",\"@id\":\"https:\/\/www.miomiorun.com\/fr\/produit\/la-sportiva-wave-t-shirt-homme\/#breadcrumb\",\"itemListElement\":[{\"@type\":\"ListItem\",\"position\":1,\"name\":\"Home\",\"item\":\"https:\/\/www.miomiorun.com\/fr\/home-page\/\"},{\"@type\":\"ListItem\",\"position\":2,\"name\":\"Shop\",\"item\":\"https:\/\/www.miomiorun.com\/shop\/\"},{\"@type\":\"ListItem\",\"position\":3,\"name\":\"Wave t-shirt homme\"}]},{\"@type\":\"WebSite\",\"@id\":\"https:\/\/www.miomiorun.com\/fr\/#website\",\"url\":\"https:\/\/www.miomiorun.com\/fr\/\",\"name\":\"MioMioRun\",\"description\":\"Boutique 100% running et trail\",\"publisher\":{\"@id\":\"https:\/\/www.miomiorun.com\/fr\/#organization\"},\"potentialAction\":[{\"@type\":\"SearchAction\",\"target\":{\"@type\":\"EntryPoint\",\"urlTemplate\":\"https:\/\/www.miomiorun.com\/fr\/?s={search_term_string}\"},\"query-input\":{\"@type\":\"PropertyValueSpecification\",\"valueRequired\":true,\"valueName\":\"search_term_string\"}}],\"inLanguage\":\"fr-FR\"},{\"@type\":\"Organization\",\"@id\":\"https:\/\/www.miomiorun.com\/fr\/#organization\",\"name\":\"MioMio Run\",\"url\":\"https:\/\/www.miomiorun.com\/fr\/\",\"logo\":{\"@type\":\"ImageObject\",\"inLanguage\":\"fr-FR\",\"@id\":\"https:\/\/www.miomiorun.com\/fr\/#\/schema\/logo\/image\/\",\"url\":\"https:\/\/www.miomiorun.com\/app\/uploads\/2019\/12\/logomio.png\",\"contentUrl\":\"https:\/\/www.miomiorun.com\/app\/uploads\/2019\/12\/logomio.png\",\"width\":115,\"height\":82,\"caption\":\"MioMio Run\"},\"image\":{\"@id\":\"https:\/\/www.miomiorun.com\/fr\/#\/schema\/logo\/image\/\"},\"sameAs\":[\"https:\/\/www.facebook.com\/miomiorun\/\",\"https:\/\/www.instagram.com\/miomiorun\/\"]}]}<\/script>\n<!-- \/ Yoast SEO plugin. -->","yoast_head_json":{"title":"La Sportiva Wave t-shirt homme - running t-shirt- MioMioRun.com","description":"Le t-shirt Wave, confectionn\u00e9 dans un tissu l\u00e9ger et respirant avec traitements antibact\u00e9riens et anti-odeurs, offre un confort maximal pendant les activit\u00e9s sportives les plus intenses.","robots":{"index":"index","follow":"follow","max-snippet":"max-snippet:-1","max-image-preview":"max-image-preview:large","max-video-preview":"max-video-preview:-1"},"canonical":"https:\/\/www.miomiorun.com\/fr\/produit\/la-sportiva-wave-t-shirt-homme\/","og_locale":"fr_FR","og_type":"article","og_title":"La Sportiva Wave t-shirt homme - running t-shirt- MioMioRun.com","og_description":"Le t-shirt Wave, confectionn\u00e9 dans un tissu l\u00e9ger et respirant avec traitements antibact\u00e9riens et anti-odeurs, offre un confort maximal pendant les activit\u00e9s sportives les plus intenses.","og_url":"https:\/\/www.miomiorun.com\/fr\/produit\/la-sportiva-wave-t-shirt-homme\/","og_site_name":"MioMioRun","article_publisher":"https:\/\/www.facebook.com\/miomiorun\/","article_modified_time":"2026-01-21T09:52:43+00:00","og_image":[{"width":600,"height":600,"url":"https:\/\/www.miomiorun.com\/app\/uploads\/2024\/04\/La-sportiva-Wave-t-shirt-M-white-black-P85000999.webp","type":"image\/webp"}],"twitter_card":"summary_large_image","twitter_misc":{"Est. reading time":"1 minute"},"schema":{"@context":"https:\/\/schema.org","@graph":[{"@type":"WebPage","@id":"https:\/\/www.miomiorun.com\/fr\/produit\/la-sportiva-wave-t-shirt-homme\/","url":"https:\/\/www.miomiorun.com\/fr\/produit\/la-sportiva-wave-t-shirt-homme\/","name":"La Sportiva Wave t-shirt homme - running t-shirt- MioMioRun.com","isPartOf":{"@id":"https:\/\/www.miomiorun.com\/fr\/#website"},"primaryImageOfPage":{"@id":"https:\/\/www.miomiorun.com\/fr\/produit\/la-sportiva-wave-t-shirt-homme\/#primaryimage"},"image":{"@id":"https:\/\/www.miomiorun.com\/fr\/produit\/la-sportiva-wave-t-shirt-homme\/#primaryimage"},"thumbnailUrl":"https:\/\/www.miomiorun.com\/app\/uploads\/2024\/04\/La-sportiva-Wave-t-shirt-M-white-black-P85000999.webp","datePublished":"2020-11-24T18:11:11+00:00","dateModified":"2026-01-21T09:52:43+00:00","description":"Le t-shirt Wave, confectionn\u00e9 dans un tissu l\u00e9ger et respirant avec traitements antibact\u00e9riens et anti-odeurs, offre un confort maximal pendant les activit\u00e9s sportives les plus intenses.","breadcrumb":{"@id":"https:\/\/www.miomiorun.com\/fr\/produit\/la-sportiva-wave-t-shirt-homme\/#breadcrumb"},"inLanguage":"fr-FR","potentialAction":[{"@type":"ReadAction","target":["https:\/\/www.miomiorun.com\/fr\/produit\/la-sportiva-wave-t-shirt-homme\/"]}]},{"@type":"ImageObject","inLanguage":"fr-FR","@id":"https:\/\/www.miomiorun.com\/fr\/produit\/la-sportiva-wave-t-shirt-homme\/#primaryimage","url":"https:\/\/www.miomiorun.com\/app\/uploads\/2024\/04\/La-sportiva-Wave-t-shirt-M-white-black-P85000999.webp","contentUrl":"https:\/\/www.miomiorun.com\/app\/uploads\/2024\/04\/La-sportiva-Wave-t-shirt-M-white-black-P85000999.webp","width":600,"height":600,"caption":"La sportiva Wave t-shirt M white black P85000999"},{"@type":"BreadcrumbList","@id":"https:\/\/www.miomiorun.com\/fr\/produit\/la-sportiva-wave-t-shirt-homme\/#breadcrumb","itemListElement":[{"@type":"ListItem","position":1,"name":"Home","item":"https:\/\/www.miomiorun.com\/fr\/home-page\/"},{"@type":"ListItem","position":2,"name":"Shop","item":"https:\/\/www.miomiorun.com\/shop\/"},{"@type":"ListItem","position":3,"name":"Wave t-shirt homme"}]},{"@type":"WebSite","@id":"https:\/\/www.miomiorun.com\/fr\/#website","url":"https:\/\/www.miomiorun.com\/fr\/","name":"MioMioRun","description":"Boutique 100% running et trail","publisher":{"@id":"https:\/\/www.miomiorun.com\/fr\/#organization"},"potentialAction":[{"@type":"SearchAction","target":{"@type":"EntryPoint","urlTemplate":"https:\/\/www.miomiorun.com\/fr\/?s={search_term_string}"},"query-input":{"@type":"PropertyValueSpecification","valueRequired":true,"valueName":"search_term_string"}}],"inLanguage":"fr-FR"},{"@type":"Organization","@id":"https:\/\/www.miomiorun.com\/fr\/#organization","name":"MioMio Run","url":"https:\/\/www.miomiorun.com\/fr\/","logo":{"@type":"ImageObject","inLanguage":"fr-FR","@id":"https:\/\/www.miomiorun.com\/fr\/#\/schema\/logo\/image\/","url":"https:\/\/www.miomiorun.com\/app\/uploads\/2019\/12\/logomio.png","contentUrl":"https:\/\/www.miomiorun.com\/app\/uploads\/2019\/12\/logomio.png","width":115,"height":82,"caption":"MioMio Run"},"image":{"@id":"https:\/\/www.miomiorun.com\/fr\/#\/schema\/logo\/image\/"},"sameAs":["https:\/\/www.facebook.com\/miomiorun\/","https:\/\/www.instagram.com\/miomiorun\/"]}]}},"_links":{"self":[{"href":"https:\/\/www.miomiorun.com\/fr\/wp-json\/wp\/v2\/product\/276723","targetHints":{"allow":["GET"]}}],"collection":[{"href":"https:\/\/www.miomiorun.com\/fr\/wp-json\/wp\/v2\/product"}],"about":[{"href":"https:\/\/www.miomiorun.com\/fr\/wp-json\/wp\/v2\/types\/product"}],"wp:featuredmedia":[{"embeddable":true,"href":"https:\/\/www.miomiorun.com\/fr\/wp-json\/wp\/v2\/media\/246434"}],"wp:attachment":[{"href":"https:\/\/www.miomiorun.com\/fr\/wp-json\/wp\/v2\/media?parent=276723"}],"wp:term":[{"taxonomy":"product_brand","embeddable":true,"href":"https:\/\/www.miomiorun.com\/fr\/wp-json\/wp\/v2\/product_brand?post=276723"},{"taxonomy":"product_cat","embeddable":true,"href":"https:\/\/www.miomiorun.com\/fr\/wp-json\/wp\/v2\/product_cat?post=276723"},{"taxonomy":"product_tag","embeddable":true,"href":"https:\/\/www.miomiorun.com\/fr\/wp-json\/wp\/v2\/product_tag?post=276723"}],"curies":[{"name":"wp","href":"https:\/\/api.w.org\/{rel}","templated":true}]}}