{"id":276687,"date":"2020-11-25T19:02:08","date_gmt":"2020-11-25T18:02:08","guid":{"rendered":"https:\/\/miomiorun.com\/prodotto\/la-sportiva-stream-t-shirt-uomo\/"},"modified":"2026-01-21T10:51:30","modified_gmt":"2026-01-21T09:51:30","slug":"la-sportiva-stream-t-shirt-homme","status":"publish","type":"product","link":"https:\/\/www.miomiorun.com\/fr\/produit\/la-sportiva-stream-t-shirt-homme\/","title":{"rendered":"Stream t-shirt homme"},"content":{"rendered":"<p>Le t-shirt Stream est un t-shirt l\u00e9ger et \u00e0 s\u00e9chage rapide, id\u00e9al pour les s\u00e9ances d&#8217;entra\u00eenement estivales. Le traitement anti-odeurs et antibact\u00e9rien Polygiene\u00ae et le tissu en maille rendent ce v\u00eatement particuli\u00e8rement respirant.<\/p>\n<div class=\"data item content\" role=\"tabpanel\" aria-labelledby=\"tab-label-techinfo\" data-role=\"content\" aria-hidden=\"false\">\n<div class=\"techinfo-container\">\n<div class=\"techinfo-icons\">\n<div class=\"techinfo-icon\"><a> <img decoding=\"async\" src=\"https:\/\/www.lasportiva.com\/media\/techinfo_icons\/polygiene.png\" alt=\"La Sportiva\"><\/a><\/div>\n<div>La technologie antibact\u00e9rienne et anti-odeurs Polygiene\u00ae est un traitement durable, efficace et respectueux de l&#8217;environnement qui utilise des sels d&#8217;argent pour emp\u00eacher la formation des bact\u00e9ries responsables des mauvaises odeurs. Le r\u00e9sultat ? <strong>Vous pouvez porter vos v\u00eatements plus longtemps sans les laver.<\/strong><\/div>\n<div class=\"techinfo-icon\"><a> <img decoding=\"async\" src=\"https:\/\/www.lasportiva.com\/media\/techinfo_icons\/elasticita.png\" alt=\"La Sportiva\"><\/a><\/div>\n<div><strong>\u00c9lasticit\u00e9 :<\/strong><br \/>\nDes v\u00eatements confortables et r\u00e9actifs qui garantissent une libert\u00e9 de mouvement maximale.<\/p>\n<div class=\"techinfo-icon\"><a> <img decoding=\"async\" src=\"https:\/\/www.lasportiva.com\/media\/techinfo_icons\/L1.png\" alt=\"La Sportiva\"><\/a><\/div>\n<div><strong>L1 &#8211; BASE LAYER<\/strong><br \/>\nCouche en contact direct avec la peau. Favorise l&#8217;\u00e9vacuation de la transpiration pour un meilleur confort thermique pendant l&#8217;activit\u00e9 physique. <\/div>\n<div class=\"techinfo-icon\"><a> <img decoding=\"async\" src=\"https:\/\/www.lasportiva.com\/media\/techinfo_icons\/slim-fit.png\" alt=\"La Sportiva\"><\/a><\/div>\n<div><strong>Coupe ajust\u00e9e :<\/strong><br \/>\nCoupe tr\u00e8s ajust\u00e9e pour des performances maximales en comp\u00e9tition<\/div>\n<div class=\"techinfo-icon\"><a> <img decoding=\"async\" src=\"https:\/\/www.lasportiva.com\/media\/techinfo_icons\/traspirabilita.png\" alt=\"La Sportiva\"><\/a><\/div>\n<div><strong>Respirabilit\u00e9 :<\/strong><br \/>\nProduits hautement respirants pour un excellent confort thermique. <\/div>\n<div class=\"techinfo-icon\"><a> <img decoding=\"async\" src=\"https:\/\/www.lasportiva.com\/media\/techinfo_icons\/leggerezza.png\" alt=\"La Sportiva\"><\/a><\/div>\n<div><strong>L\u00e9g\u00e8ret\u00e9 :<\/strong><br \/>\nProduits qui r\u00e9duisent le poids au minimum<\/div>\n<\/div>\n<\/div>\n<div class=\"techinfo-description\"><b>Mat\u00e9riaux :<\/b><br \/>\nPrincipal : (KSL-03) 50 % polyester, 50 % polyester recycl\u00e9<b>Poids :<\/b><br \/>\n105 g (L)<\/div>\n<p>+ D\u00e9tails r\u00e9fl\u00e9chissants<br \/>\n+ Tissu en maille respirante<br \/>\n+ Anti-odeurs et antibact\u00e9rien (Polygiene\u00ae)<br \/>\n+ Coutures plates anti-frottements<\/p>\n<\/div>\n<\/div>\n","protected":false},"excerpt":{"rendered":"<p>Le t-shirt Stream est un t-shirt l\u00e9ger et \u00e0 s\u00e9chage rapide, id\u00e9al pour les s\u00e9ances d&#8217;entra\u00eenement estivales. Le traitement anti-odeurs et antibact\u00e9rien Polygiene\u00ae et le tissu en maille rendent ce v\u00eatement particuli\u00e8rement respirant. La technologie antibact\u00e9rienne et anti-odeurs Polygiene\u00ae est un traitement durable, efficace et respectueux de l&#8217;environnement qui utilise des sels d&#8217;argent pour emp\u00eacher &hellip; <a href=\"https:\/\/www.miomiorun.com\/fr\/produit\/la-sportiva-stream-t-shirt-homme\/\">Continued<\/a><\/p>\n","protected":false},"featured_media":231081,"template":"","meta":{"_acf_changed":false,"inline_featured_image":false},"product_brand":[],"product_cat":[24449,24482,24484],"product_tag":[23597,23599],"class_list":{"0":"post-276687","1":"product","2":"type-product","3":"status-publish","4":"has-post-thumbnail","6":"product_cat-t-shirt-fr-3","7":"product_cat-vetements-pour-hommes-fr","8":"product_cat-homme","9":"product_tag-la-sportiva-fr","10":"product_tag-la-sportiva-homme","12":"first","13":"instock","14":"sale","15":"taxable","16":"shipping-taxable","17":"purchasable","18":"product-type-variable","19":"wvs-archive-product-wrapper"},"acf":[],"yoast_head":"<!-- This site is optimized with the Yoast SEO plugin v26.8 - https:\/\/yoast.com\/product\/yoast-seo-wordpress\/ -->\n<title>La Sportiva Stream t-shirt homme - running - MioMioRun.com<\/title>\n<meta name=\"description\" content=\"Le t-shirt Stream est un t-shirt l\u00e9ger et \u00e0 s\u00e9chage rapide, id\u00e9al pour les s\u00e9ances d&#039;entra\u00eenement estivales. V\u00eatement particuli\u00e8rement respirant.\" \/>\n<meta name=\"robots\" content=\"index, follow, max-snippet:-1, max-image-preview:large, max-video-preview:-1\" \/>\n<link rel=\"canonical\" href=\"https:\/\/www.miomiorun.com\/fr\/produit\/la-sportiva-stream-t-shirt-homme\/\" \/>\n<meta property=\"og:locale\" content=\"fr_FR\" \/>\n<meta property=\"og:type\" content=\"article\" \/>\n<meta property=\"og:title\" content=\"La Sportiva Stream t-shirt homme - running - MioMioRun.com\" \/>\n<meta property=\"og:description\" content=\"Le t-shirt Stream est un t-shirt l\u00e9ger et \u00e0 s\u00e9chage rapide, id\u00e9al pour les s\u00e9ances d&#039;entra\u00eenement estivales. V\u00eatement particuli\u00e8rement respirant.\" \/>\n<meta property=\"og:url\" content=\"https:\/\/www.miomiorun.com\/fr\/produit\/la-sportiva-stream-t-shirt-homme\/\" \/>\n<meta property=\"og:site_name\" content=\"MioMioRun\" \/>\n<meta property=\"article:publisher\" content=\"https:\/\/www.facebook.com\/miomiorun\/\" \/>\n<meta property=\"article:modified_time\" content=\"2026-01-21T09:51:30+00:00\" \/>\n<meta property=\"og:image\" content=\"https:\/\/www.miomiorun.com\/app\/uploads\/2020\/11\/la-sportiva-Stream-T-Shirt-P10311309.jpg\" \/>\n\t<meta property=\"og:image:width\" content=\"600\" \/>\n\t<meta property=\"og:image:height\" content=\"600\" \/>\n\t<meta property=\"og:image:type\" content=\"image\/jpeg\" \/>\n<meta name=\"twitter:card\" content=\"summary_large_image\" \/>\n<meta name=\"twitter:label1\" content=\"Est. reading time\" \/>\n\t<meta name=\"twitter:data1\" content=\"1 minute\" \/>\n<script type=\"application\/ld+json\" class=\"yoast-schema-graph\">{\"@context\":\"https:\/\/schema.org\",\"@graph\":[{\"@type\":\"WebPage\",\"@id\":\"https:\/\/www.miomiorun.com\/fr\/produit\/la-sportiva-stream-t-shirt-homme\/\",\"url\":\"https:\/\/www.miomiorun.com\/fr\/produit\/la-sportiva-stream-t-shirt-homme\/\",\"name\":\"La Sportiva Stream t-shirt homme - running - MioMioRun.com\",\"isPartOf\":{\"@id\":\"https:\/\/www.miomiorun.com\/fr\/#website\"},\"primaryImageOfPage\":{\"@id\":\"https:\/\/www.miomiorun.com\/fr\/produit\/la-sportiva-stream-t-shirt-homme\/#primaryimage\"},\"image\":{\"@id\":\"https:\/\/www.miomiorun.com\/fr\/produit\/la-sportiva-stream-t-shirt-homme\/#primaryimage\"},\"thumbnailUrl\":\"https:\/\/www.miomiorun.com\/app\/uploads\/2020\/11\/la-sportiva-Stream-T-Shirt-P10311309.jpg\",\"datePublished\":\"2020-11-25T18:02:08+00:00\",\"dateModified\":\"2026-01-21T09:51:30+00:00\",\"description\":\"Le t-shirt Stream est un t-shirt l\u00e9ger et \u00e0 s\u00e9chage rapide, id\u00e9al pour les s\u00e9ances d'entra\u00eenement estivales. V\u00eatement particuli\u00e8rement respirant.\",\"breadcrumb\":{\"@id\":\"https:\/\/www.miomiorun.com\/fr\/produit\/la-sportiva-stream-t-shirt-homme\/#breadcrumb\"},\"inLanguage\":\"fr-FR\",\"potentialAction\":[{\"@type\":\"ReadAction\",\"target\":[\"https:\/\/www.miomiorun.com\/fr\/produit\/la-sportiva-stream-t-shirt-homme\/\"]}]},{\"@type\":\"ImageObject\",\"inLanguage\":\"fr-FR\",\"@id\":\"https:\/\/www.miomiorun.com\/fr\/produit\/la-sportiva-stream-t-shirt-homme\/#primaryimage\",\"url\":\"https:\/\/www.miomiorun.com\/app\/uploads\/2020\/11\/la-sportiva-Stream-T-Shirt-P10311309.jpg\",\"contentUrl\":\"https:\/\/www.miomiorun.com\/app\/uploads\/2020\/11\/la-sportiva-Stream-T-Shirt-P10311309.jpg\",\"width\":600,\"height\":600,\"caption\":\"la sportiva stream tshirt\"},{\"@type\":\"BreadcrumbList\",\"@id\":\"https:\/\/www.miomiorun.com\/fr\/produit\/la-sportiva-stream-t-shirt-homme\/#breadcrumb\",\"itemListElement\":[{\"@type\":\"ListItem\",\"position\":1,\"name\":\"Home\",\"item\":\"https:\/\/www.miomiorun.com\/fr\/home-page\/\"},{\"@type\":\"ListItem\",\"position\":2,\"name\":\"Shop\",\"item\":\"https:\/\/www.miomiorun.com\/shop\/\"},{\"@type\":\"ListItem\",\"position\":3,\"name\":\"Stream t-shirt homme\"}]},{\"@type\":\"WebSite\",\"@id\":\"https:\/\/www.miomiorun.com\/fr\/#website\",\"url\":\"https:\/\/www.miomiorun.com\/fr\/\",\"name\":\"MioMioRun\",\"description\":\"Boutique 100% running et trail\",\"publisher\":{\"@id\":\"https:\/\/www.miomiorun.com\/fr\/#organization\"},\"potentialAction\":[{\"@type\":\"SearchAction\",\"target\":{\"@type\":\"EntryPoint\",\"urlTemplate\":\"https:\/\/www.miomiorun.com\/fr\/?s={search_term_string}\"},\"query-input\":{\"@type\":\"PropertyValueSpecification\",\"valueRequired\":true,\"valueName\":\"search_term_string\"}}],\"inLanguage\":\"fr-FR\"},{\"@type\":\"Organization\",\"@id\":\"https:\/\/www.miomiorun.com\/fr\/#organization\",\"name\":\"MioMio Run\",\"url\":\"https:\/\/www.miomiorun.com\/fr\/\",\"logo\":{\"@type\":\"ImageObject\",\"inLanguage\":\"fr-FR\",\"@id\":\"https:\/\/www.miomiorun.com\/fr\/#\/schema\/logo\/image\/\",\"url\":\"https:\/\/www.miomiorun.com\/app\/uploads\/2019\/12\/logomio.png\",\"contentUrl\":\"https:\/\/www.miomiorun.com\/app\/uploads\/2019\/12\/logomio.png\",\"width\":115,\"height\":82,\"caption\":\"MioMio Run\"},\"image\":{\"@id\":\"https:\/\/www.miomiorun.com\/fr\/#\/schema\/logo\/image\/\"},\"sameAs\":[\"https:\/\/www.facebook.com\/miomiorun\/\",\"https:\/\/www.instagram.com\/miomiorun\/\"]}]}<\/script>\n<!-- \/ Yoast SEO plugin. -->","yoast_head_json":{"title":"La Sportiva Stream t-shirt homme - running - MioMioRun.com","description":"Le t-shirt Stream est un t-shirt l\u00e9ger et \u00e0 s\u00e9chage rapide, id\u00e9al pour les s\u00e9ances d'entra\u00eenement estivales. V\u00eatement particuli\u00e8rement respirant.","robots":{"index":"index","follow":"follow","max-snippet":"max-snippet:-1","max-image-preview":"max-image-preview:large","max-video-preview":"max-video-preview:-1"},"canonical":"https:\/\/www.miomiorun.com\/fr\/produit\/la-sportiva-stream-t-shirt-homme\/","og_locale":"fr_FR","og_type":"article","og_title":"La Sportiva Stream t-shirt homme - running - MioMioRun.com","og_description":"Le t-shirt Stream est un t-shirt l\u00e9ger et \u00e0 s\u00e9chage rapide, id\u00e9al pour les s\u00e9ances d'entra\u00eenement estivales. V\u00eatement particuli\u00e8rement respirant.","og_url":"https:\/\/www.miomiorun.com\/fr\/produit\/la-sportiva-stream-t-shirt-homme\/","og_site_name":"MioMioRun","article_publisher":"https:\/\/www.facebook.com\/miomiorun\/","article_modified_time":"2026-01-21T09:51:30+00:00","og_image":[{"width":600,"height":600,"url":"https:\/\/www.miomiorun.com\/app\/uploads\/2020\/11\/la-sportiva-Stream-T-Shirt-P10311309.jpg","type":"image\/jpeg"}],"twitter_card":"summary_large_image","twitter_misc":{"Est. reading time":"1 minute"},"schema":{"@context":"https:\/\/schema.org","@graph":[{"@type":"WebPage","@id":"https:\/\/www.miomiorun.com\/fr\/produit\/la-sportiva-stream-t-shirt-homme\/","url":"https:\/\/www.miomiorun.com\/fr\/produit\/la-sportiva-stream-t-shirt-homme\/","name":"La Sportiva Stream t-shirt homme - running - MioMioRun.com","isPartOf":{"@id":"https:\/\/www.miomiorun.com\/fr\/#website"},"primaryImageOfPage":{"@id":"https:\/\/www.miomiorun.com\/fr\/produit\/la-sportiva-stream-t-shirt-homme\/#primaryimage"},"image":{"@id":"https:\/\/www.miomiorun.com\/fr\/produit\/la-sportiva-stream-t-shirt-homme\/#primaryimage"},"thumbnailUrl":"https:\/\/www.miomiorun.com\/app\/uploads\/2020\/11\/la-sportiva-Stream-T-Shirt-P10311309.jpg","datePublished":"2020-11-25T18:02:08+00:00","dateModified":"2026-01-21T09:51:30+00:00","description":"Le t-shirt Stream est un t-shirt l\u00e9ger et \u00e0 s\u00e9chage rapide, id\u00e9al pour les s\u00e9ances d'entra\u00eenement estivales. V\u00eatement particuli\u00e8rement respirant.","breadcrumb":{"@id":"https:\/\/www.miomiorun.com\/fr\/produit\/la-sportiva-stream-t-shirt-homme\/#breadcrumb"},"inLanguage":"fr-FR","potentialAction":[{"@type":"ReadAction","target":["https:\/\/www.miomiorun.com\/fr\/produit\/la-sportiva-stream-t-shirt-homme\/"]}]},{"@type":"ImageObject","inLanguage":"fr-FR","@id":"https:\/\/www.miomiorun.com\/fr\/produit\/la-sportiva-stream-t-shirt-homme\/#primaryimage","url":"https:\/\/www.miomiorun.com\/app\/uploads\/2020\/11\/la-sportiva-Stream-T-Shirt-P10311309.jpg","contentUrl":"https:\/\/www.miomiorun.com\/app\/uploads\/2020\/11\/la-sportiva-Stream-T-Shirt-P10311309.jpg","width":600,"height":600,"caption":"la sportiva stream tshirt"},{"@type":"BreadcrumbList","@id":"https:\/\/www.miomiorun.com\/fr\/produit\/la-sportiva-stream-t-shirt-homme\/#breadcrumb","itemListElement":[{"@type":"ListItem","position":1,"name":"Home","item":"https:\/\/www.miomiorun.com\/fr\/home-page\/"},{"@type":"ListItem","position":2,"name":"Shop","item":"https:\/\/www.miomiorun.com\/shop\/"},{"@type":"ListItem","position":3,"name":"Stream t-shirt homme"}]},{"@type":"WebSite","@id":"https:\/\/www.miomiorun.com\/fr\/#website","url":"https:\/\/www.miomiorun.com\/fr\/","name":"MioMioRun","description":"Boutique 100% running et trail","publisher":{"@id":"https:\/\/www.miomiorun.com\/fr\/#organization"},"potentialAction":[{"@type":"SearchAction","target":{"@type":"EntryPoint","urlTemplate":"https:\/\/www.miomiorun.com\/fr\/?s={search_term_string}"},"query-input":{"@type":"PropertyValueSpecification","valueRequired":true,"valueName":"search_term_string"}}],"inLanguage":"fr-FR"},{"@type":"Organization","@id":"https:\/\/www.miomiorun.com\/fr\/#organization","name":"MioMio Run","url":"https:\/\/www.miomiorun.com\/fr\/","logo":{"@type":"ImageObject","inLanguage":"fr-FR","@id":"https:\/\/www.miomiorun.com\/fr\/#\/schema\/logo\/image\/","url":"https:\/\/www.miomiorun.com\/app\/uploads\/2019\/12\/logomio.png","contentUrl":"https:\/\/www.miomiorun.com\/app\/uploads\/2019\/12\/logomio.png","width":115,"height":82,"caption":"MioMio Run"},"image":{"@id":"https:\/\/www.miomiorun.com\/fr\/#\/schema\/logo\/image\/"},"sameAs":["https:\/\/www.facebook.com\/miomiorun\/","https:\/\/www.instagram.com\/miomiorun\/"]}]}},"_links":{"self":[{"href":"https:\/\/www.miomiorun.com\/fr\/wp-json\/wp\/v2\/product\/276687","targetHints":{"allow":["GET"]}}],"collection":[{"href":"https:\/\/www.miomiorun.com\/fr\/wp-json\/wp\/v2\/product"}],"about":[{"href":"https:\/\/www.miomiorun.com\/fr\/wp-json\/wp\/v2\/types\/product"}],"wp:featuredmedia":[{"embeddable":true,"href":"https:\/\/www.miomiorun.com\/fr\/wp-json\/wp\/v2\/media\/231081"}],"wp:attachment":[{"href":"https:\/\/www.miomiorun.com\/fr\/wp-json\/wp\/v2\/media?parent=276687"}],"wp:term":[{"taxonomy":"product_brand","embeddable":true,"href":"https:\/\/www.miomiorun.com\/fr\/wp-json\/wp\/v2\/product_brand?post=276687"},{"taxonomy":"product_cat","embeddable":true,"href":"https:\/\/www.miomiorun.com\/fr\/wp-json\/wp\/v2\/product_cat?post=276687"},{"taxonomy":"product_tag","embeddable":true,"href":"https:\/\/www.miomiorun.com\/fr\/wp-json\/wp\/v2\/product_tag?post=276687"}],"curies":[{"name":"wp","href":"https:\/\/api.w.org\/{rel}","templated":true}]}}