{"id":276666,"date":"2020-11-26T10:45:42","date_gmt":"2020-11-26T09:45:42","guid":{"rendered":"https:\/\/miomiorun.com\/prodotto\/la-sportiva-strike-headband-donna\/"},"modified":"2026-01-15T11:59:37","modified_gmt":"2026-01-15T10:59:37","slug":"la-sportiva-strike-headband-femme","status":"publish","type":"product","link":"https:\/\/www.miomiorun.com\/fr\/produit\/la-sportiva-strike-headband-femme\/","title":{"rendered":"Strike Headband femme"},"content":{"rendered":"<p>Le bandeau Strike Headband offre confort et respirabilit\u00e9 tout en vous prot\u00e9geant du vent. Son tissu extensible garantit un excellent maintien et emp\u00eache le bandeau de glisser pendant l&#8217;activit\u00e9 physique. Son nouveau graphisme s&#8217;accorde parfaitement avec le d\u00e9bardeur et le t-shirt de comp\u00e9tition, cr\u00e9ant ainsi un effet total look tr\u00e8s recherch\u00e9.<\/p>\n<p><strong>Caract\u00e9ristiques :<\/strong><\/p>\n<div class=\"data item content\" role=\"tabpanel\" aria-labelledby=\"tab-label-techinfo\" data-role=\"content\" aria-hidden=\"false\">\n<div class=\"techinfo-container\">\n<div class=\"techinfo-icons\">\n<div class=\"techinfo-icon\"><a> <img decoding=\"async\" src=\"https:\/\/www.lasportiva.com\/media\/techinfo_icons\/elasticita.png\" alt=\"La Sportiva\"><\/a><\/div>\n<div><strong>\u00c9lasticit\u00e9 :<\/strong><br \/>\nV\u00eatements confortables et r\u00e9actifs qui garantissent une libert\u00e9 de mouvement maximale.<\/p>\n<div class=\"techinfo-icon\"><a> <img decoding=\"async\" src=\"https:\/\/www.lasportiva.com\/media\/techinfo_icons\/slim-fit.png\" alt=\"La Sportiva\"><\/a><\/div>\n<div><strong>Coupe slim :<\/strong><br \/>\nCoupe tr\u00e8s ajust\u00e9e pour des performances maximales en comp\u00e9tition<\/div>\n<div class=\"techinfo-icon\"><a> <img decoding=\"async\" src=\"https:\/\/www.lasportiva.com\/media\/techinfo_icons\/leggerezza.png\" alt=\"La Sportiva\"><\/a><\/div>\n<div><strong>L\u00e9g\u00e8ret\u00e9 :<\/strong><br \/>\nProduits qui r\u00e9duisent le poids au minimum. <\/div>\n<div class=\"techinfo-icon\"><a> <img decoding=\"async\" src=\"https:\/\/www.lasportiva.com\/media\/techinfo_icons\/traspirabilita.png\" alt=\"La Sportiva\"><\/a><\/div>\n<div><strong>Respirabilit\u00e9 :<\/strong><br \/>\nProduits hautement respirants pour un excellent confort climatique. <\/div>\n<div class=\"techinfo-icon\"><a> <img decoding=\"async\" src=\"https:\/\/www.lasportiva.com\/media\/techinfo_icons\/L1.png\" alt=\"La Sportiva\"><\/a><\/div>\n<div><strong>L1 &#8211; BASE LAYER<\/strong><br \/>\nCouche en contact direct avec la peau. Favorise l&#8217;\u00e9vacuation de la transpiration pour un meilleur confort climatique pendant l&#8217;activit\u00e9 physique. <\/div>\n<\/div>\n<\/div>\n<div class=\"techinfo-description\"><b>Mat\u00e9riau :<\/b><br \/>\nPrincipal : (PN15) 88 % polyester, 12 % \u00e9lasthanne<br \/>\n<b>Poids :<\/b><br \/>\n15 g (S)<\/div>\n<\/div>\n<\/div>\n","protected":false},"excerpt":{"rendered":"<p>Le bandeau Strike Headband offre confort et respirabilit\u00e9 tout en vous prot\u00e9geant du vent. Son tissu extensible garantit un excellent maintien et emp\u00eache le bandeau de glisser pendant l&#8217;activit\u00e9 physique. Son nouveau graphisme s&#8217;accorde parfaitement avec le d\u00e9bardeur et le t-shirt de comp\u00e9tition, cr\u00e9ant ainsi un effet total look tr\u00e8s recherch\u00e9. Caract\u00e9ristiques : \u00c9lasticit\u00e9 : &hellip; <a href=\"https:\/\/www.miomiorun.com\/fr\/produit\/la-sportiva-strike-headband-femme\/\">Continued<\/a><\/p>\n","protected":false},"featured_media":231093,"template":"","meta":{"_acf_changed":false,"inline_featured_image":false},"product_brand":[],"product_cat":[22580,22579,22538],"product_tag":[23597,23601],"class_list":{"0":"post-276666","1":"product","2":"type-product","3":"status-publish","4":"has-post-thumbnail","6":"product_cat-chapeaux-casquettes","7":"product_cat-chauffage","8":"product_cat-accessoires","9":"product_tag-la-sportiva-fr","10":"product_tag-la-sportiva-femme","11":"pa_attivita-marcher","12":"pa_attivita-outdoor-fr","13":"pa_colore-strike-headband-malibu-blue-hibiscus-fr","14":"pa_colore-strike-headband-w-fr","15":"pa_marca-la-sportiva-fr","16":"pa_sesso-femme","17":"pa_size-large-fr","19":"first","20":"instock","21":"sale","22":"taxable","23":"shipping-taxable","24":"purchasable","25":"product-type-variable","26":"wvs-archive-product-wrapper"},"acf":[],"yoast_head":"<!-- This site is optimized with the Yoast SEO plugin v26.8 - https:\/\/yoast.com\/product\/yoast-seo-wordpress\/ -->\n<title>La Sportiva Strike Headband femme - Bandeau pour la t\u00eate - MioMioRun.com<\/title>\n<meta name=\"description\" content=\"Le bandeau Sportiva Strike Headband est un bandeau l\u00e9ger destin\u00e9 \u00e0 \u00eatre utilis\u00e9 en comp\u00e9tition ou \u00e0 l&#039;entra\u00eenement. Il offre confort, respirabilit\u00e9 et protection contre le vent.\" \/>\n<meta name=\"robots\" content=\"index, follow, max-snippet:-1, max-image-preview:large, max-video-preview:-1\" \/>\n<link rel=\"canonical\" href=\"https:\/\/www.miomiorun.com\/fr\/produit\/la-sportiva-strike-headband-femme\/\" \/>\n<meta property=\"og:locale\" content=\"fr_FR\" \/>\n<meta property=\"og:type\" content=\"article\" \/>\n<meta property=\"og:title\" content=\"La Sportiva Strike Headband femme - Bandeau pour la t\u00eate - MioMioRun.com\" \/>\n<meta property=\"og:description\" content=\"Le bandeau Sportiva Strike Headband est un bandeau l\u00e9ger destin\u00e9 \u00e0 \u00eatre utilis\u00e9 en comp\u00e9tition ou \u00e0 l&#039;entra\u00eenement. Il offre confort, respirabilit\u00e9 et protection contre le vent.\" \/>\n<meta property=\"og:url\" content=\"https:\/\/www.miomiorun.com\/fr\/produit\/la-sportiva-strike-headband-femme\/\" \/>\n<meta property=\"og:site_name\" content=\"MioMioRun\" \/>\n<meta property=\"article:publisher\" content=\"https:\/\/www.facebook.com\/miomiorun\/\" \/>\n<meta property=\"article:modified_time\" content=\"2026-01-15T10:59:37+00:00\" \/>\n<meta property=\"og:image\" content=\"https:\/\/www.miomiorun.com\/app\/uploads\/2020\/11\/la-sportiva-strike-headband-Y30602402.jpg\" \/>\n\t<meta property=\"og:image:width\" content=\"600\" \/>\n\t<meta property=\"og:image:height\" content=\"600\" \/>\n\t<meta property=\"og:image:type\" content=\"image\/jpeg\" \/>\n<meta name=\"twitter:card\" content=\"summary_large_image\" \/>\n<meta name=\"twitter:label1\" content=\"Est. reading time\" \/>\n\t<meta name=\"twitter:data1\" content=\"1 minute\" \/>\n<script type=\"application\/ld+json\" class=\"yoast-schema-graph\">{\"@context\":\"https:\/\/schema.org\",\"@graph\":[{\"@type\":\"WebPage\",\"@id\":\"https:\/\/www.miomiorun.com\/fr\/produit\/la-sportiva-strike-headband-femme\/\",\"url\":\"https:\/\/www.miomiorun.com\/fr\/produit\/la-sportiva-strike-headband-femme\/\",\"name\":\"La Sportiva Strike Headband femme - Bandeau pour la t\u00eate - MioMioRun.com\",\"isPartOf\":{\"@id\":\"https:\/\/www.miomiorun.com\/fr\/#website\"},\"primaryImageOfPage\":{\"@id\":\"https:\/\/www.miomiorun.com\/fr\/produit\/la-sportiva-strike-headband-femme\/#primaryimage\"},\"image\":{\"@id\":\"https:\/\/www.miomiorun.com\/fr\/produit\/la-sportiva-strike-headband-femme\/#primaryimage\"},\"thumbnailUrl\":\"https:\/\/www.miomiorun.com\/app\/uploads\/2020\/11\/la-sportiva-strike-headband-Y30602402.jpg\",\"datePublished\":\"2020-11-26T09:45:42+00:00\",\"dateModified\":\"2026-01-15T10:59:37+00:00\",\"description\":\"Le bandeau Sportiva Strike Headband est un bandeau l\u00e9ger destin\u00e9 \u00e0 \u00eatre utilis\u00e9 en comp\u00e9tition ou \u00e0 l'entra\u00eenement. Il offre confort, respirabilit\u00e9 et protection contre le vent.\",\"breadcrumb\":{\"@id\":\"https:\/\/www.miomiorun.com\/fr\/produit\/la-sportiva-strike-headband-femme\/#breadcrumb\"},\"inLanguage\":\"fr-FR\",\"potentialAction\":[{\"@type\":\"ReadAction\",\"target\":[\"https:\/\/www.miomiorun.com\/fr\/produit\/la-sportiva-strike-headband-femme\/\"]}]},{\"@type\":\"ImageObject\",\"inLanguage\":\"fr-FR\",\"@id\":\"https:\/\/www.miomiorun.com\/fr\/produit\/la-sportiva-strike-headband-femme\/#primaryimage\",\"url\":\"https:\/\/www.miomiorun.com\/app\/uploads\/2020\/11\/la-sportiva-strike-headband-Y30602402.jpg\",\"contentUrl\":\"https:\/\/www.miomiorun.com\/app\/uploads\/2020\/11\/la-sportiva-strike-headband-Y30602402.jpg\",\"width\":600,\"height\":600,\"caption\":\"la sportiva strike headband\"},{\"@type\":\"BreadcrumbList\",\"@id\":\"https:\/\/www.miomiorun.com\/fr\/produit\/la-sportiva-strike-headband-femme\/#breadcrumb\",\"itemListElement\":[{\"@type\":\"ListItem\",\"position\":1,\"name\":\"Home\",\"item\":\"https:\/\/www.miomiorun.com\/fr\/home-page\/\"},{\"@type\":\"ListItem\",\"position\":2,\"name\":\"Shop\",\"item\":\"https:\/\/www.miomiorun.com\/shop\/\"},{\"@type\":\"ListItem\",\"position\":3,\"name\":\"Strike Headband femme\"}]},{\"@type\":\"WebSite\",\"@id\":\"https:\/\/www.miomiorun.com\/fr\/#website\",\"url\":\"https:\/\/www.miomiorun.com\/fr\/\",\"name\":\"MioMioRun\",\"description\":\"Boutique 100% running et trail\",\"publisher\":{\"@id\":\"https:\/\/www.miomiorun.com\/fr\/#organization\"},\"potentialAction\":[{\"@type\":\"SearchAction\",\"target\":{\"@type\":\"EntryPoint\",\"urlTemplate\":\"https:\/\/www.miomiorun.com\/fr\/?s={search_term_string}\"},\"query-input\":{\"@type\":\"PropertyValueSpecification\",\"valueRequired\":true,\"valueName\":\"search_term_string\"}}],\"inLanguage\":\"fr-FR\"},{\"@type\":\"Organization\",\"@id\":\"https:\/\/www.miomiorun.com\/fr\/#organization\",\"name\":\"MioMio Run\",\"url\":\"https:\/\/www.miomiorun.com\/fr\/\",\"logo\":{\"@type\":\"ImageObject\",\"inLanguage\":\"fr-FR\",\"@id\":\"https:\/\/www.miomiorun.com\/fr\/#\/schema\/logo\/image\/\",\"url\":\"https:\/\/www.miomiorun.com\/app\/uploads\/2019\/12\/logomio.png\",\"contentUrl\":\"https:\/\/www.miomiorun.com\/app\/uploads\/2019\/12\/logomio.png\",\"width\":115,\"height\":82,\"caption\":\"MioMio Run\"},\"image\":{\"@id\":\"https:\/\/www.miomiorun.com\/fr\/#\/schema\/logo\/image\/\"},\"sameAs\":[\"https:\/\/www.facebook.com\/miomiorun\/\",\"https:\/\/www.instagram.com\/miomiorun\/\"]}]}<\/script>\n<!-- \/ Yoast SEO plugin. -->","yoast_head_json":{"title":"La Sportiva Strike Headband femme - Bandeau pour la t\u00eate - MioMioRun.com","description":"Le bandeau Sportiva Strike Headband est un bandeau l\u00e9ger destin\u00e9 \u00e0 \u00eatre utilis\u00e9 en comp\u00e9tition ou \u00e0 l'entra\u00eenement. Il offre confort, respirabilit\u00e9 et protection contre le vent.","robots":{"index":"index","follow":"follow","max-snippet":"max-snippet:-1","max-image-preview":"max-image-preview:large","max-video-preview":"max-video-preview:-1"},"canonical":"https:\/\/www.miomiorun.com\/fr\/produit\/la-sportiva-strike-headband-femme\/","og_locale":"fr_FR","og_type":"article","og_title":"La Sportiva Strike Headband femme - Bandeau pour la t\u00eate - MioMioRun.com","og_description":"Le bandeau Sportiva Strike Headband est un bandeau l\u00e9ger destin\u00e9 \u00e0 \u00eatre utilis\u00e9 en comp\u00e9tition ou \u00e0 l'entra\u00eenement. Il offre confort, respirabilit\u00e9 et protection contre le vent.","og_url":"https:\/\/www.miomiorun.com\/fr\/produit\/la-sportiva-strike-headband-femme\/","og_site_name":"MioMioRun","article_publisher":"https:\/\/www.facebook.com\/miomiorun\/","article_modified_time":"2026-01-15T10:59:37+00:00","og_image":[{"width":600,"height":600,"url":"https:\/\/www.miomiorun.com\/app\/uploads\/2020\/11\/la-sportiva-strike-headband-Y30602402.jpg","type":"image\/jpeg"}],"twitter_card":"summary_large_image","twitter_misc":{"Est. reading time":"1 minute"},"schema":{"@context":"https:\/\/schema.org","@graph":[{"@type":"WebPage","@id":"https:\/\/www.miomiorun.com\/fr\/produit\/la-sportiva-strike-headband-femme\/","url":"https:\/\/www.miomiorun.com\/fr\/produit\/la-sportiva-strike-headband-femme\/","name":"La Sportiva Strike Headband femme - Bandeau pour la t\u00eate - MioMioRun.com","isPartOf":{"@id":"https:\/\/www.miomiorun.com\/fr\/#website"},"primaryImageOfPage":{"@id":"https:\/\/www.miomiorun.com\/fr\/produit\/la-sportiva-strike-headband-femme\/#primaryimage"},"image":{"@id":"https:\/\/www.miomiorun.com\/fr\/produit\/la-sportiva-strike-headband-femme\/#primaryimage"},"thumbnailUrl":"https:\/\/www.miomiorun.com\/app\/uploads\/2020\/11\/la-sportiva-strike-headband-Y30602402.jpg","datePublished":"2020-11-26T09:45:42+00:00","dateModified":"2026-01-15T10:59:37+00:00","description":"Le bandeau Sportiva Strike Headband est un bandeau l\u00e9ger destin\u00e9 \u00e0 \u00eatre utilis\u00e9 en comp\u00e9tition ou \u00e0 l'entra\u00eenement. Il offre confort, respirabilit\u00e9 et protection contre le vent.","breadcrumb":{"@id":"https:\/\/www.miomiorun.com\/fr\/produit\/la-sportiva-strike-headband-femme\/#breadcrumb"},"inLanguage":"fr-FR","potentialAction":[{"@type":"ReadAction","target":["https:\/\/www.miomiorun.com\/fr\/produit\/la-sportiva-strike-headband-femme\/"]}]},{"@type":"ImageObject","inLanguage":"fr-FR","@id":"https:\/\/www.miomiorun.com\/fr\/produit\/la-sportiva-strike-headband-femme\/#primaryimage","url":"https:\/\/www.miomiorun.com\/app\/uploads\/2020\/11\/la-sportiva-strike-headband-Y30602402.jpg","contentUrl":"https:\/\/www.miomiorun.com\/app\/uploads\/2020\/11\/la-sportiva-strike-headband-Y30602402.jpg","width":600,"height":600,"caption":"la sportiva strike headband"},{"@type":"BreadcrumbList","@id":"https:\/\/www.miomiorun.com\/fr\/produit\/la-sportiva-strike-headband-femme\/#breadcrumb","itemListElement":[{"@type":"ListItem","position":1,"name":"Home","item":"https:\/\/www.miomiorun.com\/fr\/home-page\/"},{"@type":"ListItem","position":2,"name":"Shop","item":"https:\/\/www.miomiorun.com\/shop\/"},{"@type":"ListItem","position":3,"name":"Strike Headband femme"}]},{"@type":"WebSite","@id":"https:\/\/www.miomiorun.com\/fr\/#website","url":"https:\/\/www.miomiorun.com\/fr\/","name":"MioMioRun","description":"Boutique 100% running et trail","publisher":{"@id":"https:\/\/www.miomiorun.com\/fr\/#organization"},"potentialAction":[{"@type":"SearchAction","target":{"@type":"EntryPoint","urlTemplate":"https:\/\/www.miomiorun.com\/fr\/?s={search_term_string}"},"query-input":{"@type":"PropertyValueSpecification","valueRequired":true,"valueName":"search_term_string"}}],"inLanguage":"fr-FR"},{"@type":"Organization","@id":"https:\/\/www.miomiorun.com\/fr\/#organization","name":"MioMio Run","url":"https:\/\/www.miomiorun.com\/fr\/","logo":{"@type":"ImageObject","inLanguage":"fr-FR","@id":"https:\/\/www.miomiorun.com\/fr\/#\/schema\/logo\/image\/","url":"https:\/\/www.miomiorun.com\/app\/uploads\/2019\/12\/logomio.png","contentUrl":"https:\/\/www.miomiorun.com\/app\/uploads\/2019\/12\/logomio.png","width":115,"height":82,"caption":"MioMio Run"},"image":{"@id":"https:\/\/www.miomiorun.com\/fr\/#\/schema\/logo\/image\/"},"sameAs":["https:\/\/www.facebook.com\/miomiorun\/","https:\/\/www.instagram.com\/miomiorun\/"]}]}},"_links":{"self":[{"href":"https:\/\/www.miomiorun.com\/fr\/wp-json\/wp\/v2\/product\/276666","targetHints":{"allow":["GET"]}}],"collection":[{"href":"https:\/\/www.miomiorun.com\/fr\/wp-json\/wp\/v2\/product"}],"about":[{"href":"https:\/\/www.miomiorun.com\/fr\/wp-json\/wp\/v2\/types\/product"}],"wp:featuredmedia":[{"embeddable":true,"href":"https:\/\/www.miomiorun.com\/fr\/wp-json\/wp\/v2\/media\/231093"}],"wp:attachment":[{"href":"https:\/\/www.miomiorun.com\/fr\/wp-json\/wp\/v2\/media?parent=276666"}],"wp:term":[{"taxonomy":"product_brand","embeddable":true,"href":"https:\/\/www.miomiorun.com\/fr\/wp-json\/wp\/v2\/product_brand?post=276666"},{"taxonomy":"product_cat","embeddable":true,"href":"https:\/\/www.miomiorun.com\/fr\/wp-json\/wp\/v2\/product_cat?post=276666"},{"taxonomy":"product_tag","embeddable":true,"href":"https:\/\/www.miomiorun.com\/fr\/wp-json\/wp\/v2\/product_tag?post=276666"}],"curies":[{"name":"wp","href":"https:\/\/api.w.org\/{rel}","templated":true}]}}