{"id":276646,"date":"2020-11-28T16:47:43","date_gmt":"2020-11-28T15:47:43","guid":{"rendered":"https:\/\/miomiorun.com\/prodotto\/brooks-carbonite-jacket-luminosity-uomo\/"},"modified":"2026-01-15T12:00:27","modified_gmt":"2026-01-15T11:00:27","slug":"brooks-carbonite-jacket-luminosity-homme","status":"publish","type":"product","link":"https:\/\/www.miomiorun.com\/fr\/produit\/brooks-carbonite-jacket-luminosity-homme\/","title":{"rendered":"Carbonite jacket luminosity homme"},"content":{"rendered":"<p>Une couche imperm\u00e9able et visible dans l&#8217;obscurit\u00e9. Les d\u00e9tails r\u00e9fl\u00e9chissants dans les zones critiques de mouvement vous permettent d&#8217;\u00eatre vu lorsque vous courez.<\/p>\n<p><b>CARACT\u00c9RISTIQUES<\/b><br \/>\nCoupe : d\u00e9contract\u00e9e<\/p>\n<p>Tissu : DriLayer\u00ae Seal 100 % nylon ripstop<\/p>\n<h2>Restez visible dans l&#8217;obscurit\u00e9<\/h2>\n<p>Inserts r\u00e9fl\u00e9chissants en 3M\u2122 Scotchlite\u2122 Carbon Black Stretch plac\u00e9s de mani\u00e8re \u00e0 vous rendre visible par les voitures lorsque vous courez.<\/p>\n<h2>Protection contre le vent et l&#8217;eau<\/h2>\n<p>Le tissu DriLayer\u00ae Seal laisse s&#8217;\u00e9vaporer l&#8217;exc\u00e8s de chaleur tout en vous prot\u00e9geant des intemp\u00e9ries.<\/p>\n<h2>Vos effets personnels en s\u00e9curit\u00e9<\/h2>\n<p>Deux poches zipp\u00e9es pour garder vos objets essentiels en s\u00e9curit\u00e9 pendant que vous courez.<\/p>\n<h3>Avantages suppl\u00e9mentaires<\/h3>\n<p>Protection au niveau du menton<\/p>\n<p>Fermeture \u00e9clair avec languette de protection<\/p>\n<p>Trous pour les pouces pour un ajustement parfait<\/p>\n<p>Boucle pour cintre<\/p>\n","protected":false},"excerpt":{"rendered":"<p>Une couche imperm\u00e9able et visible dans l&#8217;obscurit\u00e9. Les d\u00e9tails r\u00e9fl\u00e9chissants dans les zones critiques de mouvement vous permettent d&#8217;\u00eatre vu lorsque vous courez. CARACT\u00c9RISTIQUES Coupe : d\u00e9contract\u00e9e Tissu : DriLayer\u00ae Seal 100 % nylon ripstop Restez visible dans l&#8217;obscurit\u00e9 Inserts r\u00e9fl\u00e9chissants en 3M\u2122 Scotchlite\u2122 Carbon Black Stretch plac\u00e9s de mani\u00e8re \u00e0 vous rendre visible par &hellip; <a href=\"https:\/\/www.miomiorun.com\/fr\/produit\/brooks-carbonite-jacket-luminosity-homme\/\">Continued<\/a><\/p>\n","protected":false},"featured_media":231115,"template":"","meta":{"_acf_changed":false,"inline_featured_image":false},"product_brand":[],"product_cat":[24480,24482,24484],"product_tag":[23462,23655],"class_list":{"0":"post-276646","1":"product","2":"type-product","3":"status-publish","4":"has-post-thumbnail","6":"product_cat-vestes-fr-2","7":"product_cat-vetements-pour-hommes-fr","8":"product_cat-homme","9":"product_tag-brooks-fr","10":"product_tag-brooks-homme","11":"pa_attivita-marcher","12":"pa_attivita-running-fr","13":"pa_marca-brooks-fr","14":"pa_sesso-homme","15":"pa_size-small-fr","16":"pa_size-large-fr","18":"first","19":"instock","20":"taxable","21":"shipping-taxable","22":"purchasable","23":"product-type-variable","24":"wvs-archive-product-wrapper"},"acf":[],"yoast_head":"<!-- This site is optimized with the Yoast SEO plugin v26.8 - https:\/\/yoast.com\/product\/yoast-seo-wordpress\/ -->\n<title>Brooks Carbonite jacket luminosity homme - Veste de course- MioMioRun<\/title>\n<meta name=\"description\" content=\"Une couche imperm\u00e9able et visible dans l&#039;obscurit\u00e9. Les d\u00e9tails r\u00e9fl\u00e9chissants dans les zones critiques de mouvement vous permettent d&#039;\u00eatre vu lorsque vous courez.\" \/>\n<meta name=\"robots\" content=\"index, follow, max-snippet:-1, max-image-preview:large, max-video-preview:-1\" \/>\n<link rel=\"canonical\" href=\"https:\/\/www.miomiorun.com\/fr\/produit\/brooks-carbonite-jacket-luminosity-homme\/\" \/>\n<meta property=\"og:locale\" content=\"fr_FR\" \/>\n<meta property=\"og:type\" content=\"article\" \/>\n<meta property=\"og:title\" content=\"Brooks Carbonite jacket luminosity homme - Veste de course- MioMioRun\" \/>\n<meta property=\"og:description\" content=\"Une couche imperm\u00e9able et visible dans l&#039;obscurit\u00e9. Les d\u00e9tails r\u00e9fl\u00e9chissants dans les zones critiques de mouvement vous permettent d&#039;\u00eatre vu lorsque vous courez.\" \/>\n<meta property=\"og:url\" content=\"https:\/\/www.miomiorun.com\/fr\/produit\/brooks-carbonite-jacket-luminosity-homme\/\" \/>\n<meta property=\"og:site_name\" content=\"MioMioRun\" \/>\n<meta property=\"article:publisher\" content=\"https:\/\/www.facebook.com\/miomiorun\/\" \/>\n<meta property=\"article:modified_time\" content=\"2026-01-15T11:00:27+00:00\" \/>\n<meta property=\"og:image\" content=\"https:\/\/www.miomiorun.com\/app\/uploads\/2020\/11\/brooks-Carbonite-jacket-luminosity-211294753.jpg\" \/>\n\t<meta property=\"og:image:width\" content=\"600\" \/>\n\t<meta property=\"og:image:height\" content=\"600\" \/>\n\t<meta property=\"og:image:type\" content=\"image\/jpeg\" \/>\n<meta name=\"twitter:card\" content=\"summary_large_image\" \/>\n<meta name=\"twitter:label1\" content=\"Est. reading time\" \/>\n\t<meta name=\"twitter:data1\" content=\"1 minute\" \/>\n<script type=\"application\/ld+json\" class=\"yoast-schema-graph\">{\"@context\":\"https:\/\/schema.org\",\"@graph\":[{\"@type\":\"WebPage\",\"@id\":\"https:\/\/www.miomiorun.com\/fr\/produit\/brooks-carbonite-jacket-luminosity-homme\/\",\"url\":\"https:\/\/www.miomiorun.com\/fr\/produit\/brooks-carbonite-jacket-luminosity-homme\/\",\"name\":\"Brooks Carbonite jacket luminosity homme - Veste de course- MioMioRun\",\"isPartOf\":{\"@id\":\"https:\/\/www.miomiorun.com\/fr\/#website\"},\"primaryImageOfPage\":{\"@id\":\"https:\/\/www.miomiorun.com\/fr\/produit\/brooks-carbonite-jacket-luminosity-homme\/#primaryimage\"},\"image\":{\"@id\":\"https:\/\/www.miomiorun.com\/fr\/produit\/brooks-carbonite-jacket-luminosity-homme\/#primaryimage\"},\"thumbnailUrl\":\"https:\/\/www.miomiorun.com\/app\/uploads\/2020\/11\/brooks-Carbonite-jacket-luminosity-211294753.jpg\",\"datePublished\":\"2020-11-28T15:47:43+00:00\",\"dateModified\":\"2026-01-15T11:00:27+00:00\",\"description\":\"Une couche imperm\u00e9able et visible dans l'obscurit\u00e9. Les d\u00e9tails r\u00e9fl\u00e9chissants dans les zones critiques de mouvement vous permettent d'\u00eatre vu lorsque vous courez.\",\"breadcrumb\":{\"@id\":\"https:\/\/www.miomiorun.com\/fr\/produit\/brooks-carbonite-jacket-luminosity-homme\/#breadcrumb\"},\"inLanguage\":\"fr-FR\",\"potentialAction\":[{\"@type\":\"ReadAction\",\"target\":[\"https:\/\/www.miomiorun.com\/fr\/produit\/brooks-carbonite-jacket-luminosity-homme\/\"]}]},{\"@type\":\"ImageObject\",\"inLanguage\":\"fr-FR\",\"@id\":\"https:\/\/www.miomiorun.com\/fr\/produit\/brooks-carbonite-jacket-luminosity-homme\/#primaryimage\",\"url\":\"https:\/\/www.miomiorun.com\/app\/uploads\/2020\/11\/brooks-Carbonite-jacket-luminosity-211294753.jpg\",\"contentUrl\":\"https:\/\/www.miomiorun.com\/app\/uploads\/2020\/11\/brooks-Carbonite-jacket-luminosity-211294753.jpg\",\"width\":600,\"height\":600,\"caption\":\"brooks carbonite jacket luminosity\"},{\"@type\":\"BreadcrumbList\",\"@id\":\"https:\/\/www.miomiorun.com\/fr\/produit\/brooks-carbonite-jacket-luminosity-homme\/#breadcrumb\",\"itemListElement\":[{\"@type\":\"ListItem\",\"position\":1,\"name\":\"Home\",\"item\":\"https:\/\/www.miomiorun.com\/fr\/home-page\/\"},{\"@type\":\"ListItem\",\"position\":2,\"name\":\"Shop\",\"item\":\"https:\/\/www.miomiorun.com\/shop\/\"},{\"@type\":\"ListItem\",\"position\":3,\"name\":\"Carbonite jacket luminosity homme\"}]},{\"@type\":\"WebSite\",\"@id\":\"https:\/\/www.miomiorun.com\/fr\/#website\",\"url\":\"https:\/\/www.miomiorun.com\/fr\/\",\"name\":\"MioMioRun\",\"description\":\"Boutique 100% running et trail\",\"publisher\":{\"@id\":\"https:\/\/www.miomiorun.com\/fr\/#organization\"},\"potentialAction\":[{\"@type\":\"SearchAction\",\"target\":{\"@type\":\"EntryPoint\",\"urlTemplate\":\"https:\/\/www.miomiorun.com\/fr\/?s={search_term_string}\"},\"query-input\":{\"@type\":\"PropertyValueSpecification\",\"valueRequired\":true,\"valueName\":\"search_term_string\"}}],\"inLanguage\":\"fr-FR\"},{\"@type\":\"Organization\",\"@id\":\"https:\/\/www.miomiorun.com\/fr\/#organization\",\"name\":\"MioMio Run\",\"url\":\"https:\/\/www.miomiorun.com\/fr\/\",\"logo\":{\"@type\":\"ImageObject\",\"inLanguage\":\"fr-FR\",\"@id\":\"https:\/\/www.miomiorun.com\/fr\/#\/schema\/logo\/image\/\",\"url\":\"https:\/\/www.miomiorun.com\/app\/uploads\/2019\/12\/logomio.png\",\"contentUrl\":\"https:\/\/www.miomiorun.com\/app\/uploads\/2019\/12\/logomio.png\",\"width\":115,\"height\":82,\"caption\":\"MioMio Run\"},\"image\":{\"@id\":\"https:\/\/www.miomiorun.com\/fr\/#\/schema\/logo\/image\/\"},\"sameAs\":[\"https:\/\/www.facebook.com\/miomiorun\/\",\"https:\/\/www.instagram.com\/miomiorun\/\"]}]}<\/script>\n<!-- \/ Yoast SEO plugin. -->","yoast_head_json":{"title":"Brooks Carbonite jacket luminosity homme - Veste de course- MioMioRun","description":"Une couche imperm\u00e9able et visible dans l'obscurit\u00e9. Les d\u00e9tails r\u00e9fl\u00e9chissants dans les zones critiques de mouvement vous permettent d'\u00eatre vu lorsque vous courez.","robots":{"index":"index","follow":"follow","max-snippet":"max-snippet:-1","max-image-preview":"max-image-preview:large","max-video-preview":"max-video-preview:-1"},"canonical":"https:\/\/www.miomiorun.com\/fr\/produit\/brooks-carbonite-jacket-luminosity-homme\/","og_locale":"fr_FR","og_type":"article","og_title":"Brooks Carbonite jacket luminosity homme - Veste de course- MioMioRun","og_description":"Une couche imperm\u00e9able et visible dans l'obscurit\u00e9. Les d\u00e9tails r\u00e9fl\u00e9chissants dans les zones critiques de mouvement vous permettent d'\u00eatre vu lorsque vous courez.","og_url":"https:\/\/www.miomiorun.com\/fr\/produit\/brooks-carbonite-jacket-luminosity-homme\/","og_site_name":"MioMioRun","article_publisher":"https:\/\/www.facebook.com\/miomiorun\/","article_modified_time":"2026-01-15T11:00:27+00:00","og_image":[{"width":600,"height":600,"url":"https:\/\/www.miomiorun.com\/app\/uploads\/2020\/11\/brooks-Carbonite-jacket-luminosity-211294753.jpg","type":"image\/jpeg"}],"twitter_card":"summary_large_image","twitter_misc":{"Est. reading time":"1 minute"},"schema":{"@context":"https:\/\/schema.org","@graph":[{"@type":"WebPage","@id":"https:\/\/www.miomiorun.com\/fr\/produit\/brooks-carbonite-jacket-luminosity-homme\/","url":"https:\/\/www.miomiorun.com\/fr\/produit\/brooks-carbonite-jacket-luminosity-homme\/","name":"Brooks Carbonite jacket luminosity homme - Veste de course- MioMioRun","isPartOf":{"@id":"https:\/\/www.miomiorun.com\/fr\/#website"},"primaryImageOfPage":{"@id":"https:\/\/www.miomiorun.com\/fr\/produit\/brooks-carbonite-jacket-luminosity-homme\/#primaryimage"},"image":{"@id":"https:\/\/www.miomiorun.com\/fr\/produit\/brooks-carbonite-jacket-luminosity-homme\/#primaryimage"},"thumbnailUrl":"https:\/\/www.miomiorun.com\/app\/uploads\/2020\/11\/brooks-Carbonite-jacket-luminosity-211294753.jpg","datePublished":"2020-11-28T15:47:43+00:00","dateModified":"2026-01-15T11:00:27+00:00","description":"Une couche imperm\u00e9able et visible dans l'obscurit\u00e9. Les d\u00e9tails r\u00e9fl\u00e9chissants dans les zones critiques de mouvement vous permettent d'\u00eatre vu lorsque vous courez.","breadcrumb":{"@id":"https:\/\/www.miomiorun.com\/fr\/produit\/brooks-carbonite-jacket-luminosity-homme\/#breadcrumb"},"inLanguage":"fr-FR","potentialAction":[{"@type":"ReadAction","target":["https:\/\/www.miomiorun.com\/fr\/produit\/brooks-carbonite-jacket-luminosity-homme\/"]}]},{"@type":"ImageObject","inLanguage":"fr-FR","@id":"https:\/\/www.miomiorun.com\/fr\/produit\/brooks-carbonite-jacket-luminosity-homme\/#primaryimage","url":"https:\/\/www.miomiorun.com\/app\/uploads\/2020\/11\/brooks-Carbonite-jacket-luminosity-211294753.jpg","contentUrl":"https:\/\/www.miomiorun.com\/app\/uploads\/2020\/11\/brooks-Carbonite-jacket-luminosity-211294753.jpg","width":600,"height":600,"caption":"brooks carbonite jacket luminosity"},{"@type":"BreadcrumbList","@id":"https:\/\/www.miomiorun.com\/fr\/produit\/brooks-carbonite-jacket-luminosity-homme\/#breadcrumb","itemListElement":[{"@type":"ListItem","position":1,"name":"Home","item":"https:\/\/www.miomiorun.com\/fr\/home-page\/"},{"@type":"ListItem","position":2,"name":"Shop","item":"https:\/\/www.miomiorun.com\/shop\/"},{"@type":"ListItem","position":3,"name":"Carbonite jacket luminosity homme"}]},{"@type":"WebSite","@id":"https:\/\/www.miomiorun.com\/fr\/#website","url":"https:\/\/www.miomiorun.com\/fr\/","name":"MioMioRun","description":"Boutique 100% running et trail","publisher":{"@id":"https:\/\/www.miomiorun.com\/fr\/#organization"},"potentialAction":[{"@type":"SearchAction","target":{"@type":"EntryPoint","urlTemplate":"https:\/\/www.miomiorun.com\/fr\/?s={search_term_string}"},"query-input":{"@type":"PropertyValueSpecification","valueRequired":true,"valueName":"search_term_string"}}],"inLanguage":"fr-FR"},{"@type":"Organization","@id":"https:\/\/www.miomiorun.com\/fr\/#organization","name":"MioMio Run","url":"https:\/\/www.miomiorun.com\/fr\/","logo":{"@type":"ImageObject","inLanguage":"fr-FR","@id":"https:\/\/www.miomiorun.com\/fr\/#\/schema\/logo\/image\/","url":"https:\/\/www.miomiorun.com\/app\/uploads\/2019\/12\/logomio.png","contentUrl":"https:\/\/www.miomiorun.com\/app\/uploads\/2019\/12\/logomio.png","width":115,"height":82,"caption":"MioMio Run"},"image":{"@id":"https:\/\/www.miomiorun.com\/fr\/#\/schema\/logo\/image\/"},"sameAs":["https:\/\/www.facebook.com\/miomiorun\/","https:\/\/www.instagram.com\/miomiorun\/"]}]}},"_links":{"self":[{"href":"https:\/\/www.miomiorun.com\/fr\/wp-json\/wp\/v2\/product\/276646","targetHints":{"allow":["GET"]}}],"collection":[{"href":"https:\/\/www.miomiorun.com\/fr\/wp-json\/wp\/v2\/product"}],"about":[{"href":"https:\/\/www.miomiorun.com\/fr\/wp-json\/wp\/v2\/types\/product"}],"wp:featuredmedia":[{"embeddable":true,"href":"https:\/\/www.miomiorun.com\/fr\/wp-json\/wp\/v2\/media\/231115"}],"wp:attachment":[{"href":"https:\/\/www.miomiorun.com\/fr\/wp-json\/wp\/v2\/media?parent=276646"}],"wp:term":[{"taxonomy":"product_brand","embeddable":true,"href":"https:\/\/www.miomiorun.com\/fr\/wp-json\/wp\/v2\/product_brand?post=276646"},{"taxonomy":"product_cat","embeddable":true,"href":"https:\/\/www.miomiorun.com\/fr\/wp-json\/wp\/v2\/product_cat?post=276646"},{"taxonomy":"product_tag","embeddable":true,"href":"https:\/\/www.miomiorun.com\/fr\/wp-json\/wp\/v2\/product_tag?post=276646"}],"curies":[{"name":"wp","href":"https:\/\/api.w.org\/{rel}","templated":true}]}}