{"id":276640,"date":"2020-11-28T18:44:59","date_gmt":"2020-11-28T17:44:59","guid":{"rendered":"https:\/\/miomiorun.com\/prodotto\/brooks-carbonite-jacket-luminosity-donna\/"},"modified":"2026-01-15T12:01:58","modified_gmt":"2026-01-15T11:01:58","slug":"brooks-carbonite-jacket-luminosity-femme","status":"publish","type":"product","link":"https:\/\/www.miomiorun.com\/fr\/produit\/brooks-carbonite-jacket-luminosity-femme\/","title":{"rendered":"Carbonite jacket luminosity femme"},"content":{"rendered":"<p>Soyez visible et \u00e0 l&#8217;aise avec cette veste de course pour femme. Le tissu l\u00e9ger r\u00e9siste au vent et \u00e0 l&#8217;eau, tandis que la r\u00e9flectivit\u00e9 cibl\u00e9e augmente la visibilit\u00e9.<\/p>\n<p><b>CARACT\u00c9RISTIQUES<\/b><br \/>\nCoupe : d\u00e9contract\u00e9e<\/p>\n<p>Tissu : DriLayer\u00ae Seal 100 % nylon ripstop<\/p>\n<h2>Restez visible dans l&#8217;obscurit\u00e9<\/h2>\n<p>Inserts r\u00e9fl\u00e9chissants en 3M\u2122 Scotchlite\u2122 Carbon Black Stretch plac\u00e9s de mani\u00e8re \u00e0 vous rendre visible des voitures lorsque vous courez.<\/p>\n<h2>Protection contre le vent et l&#8217;eau<\/h2>\n<p>Le tissu DriLayer\u00ae Seal laisse s&#8217;\u00e9vaporer l&#8217;exc\u00e8s de chaleur tout en vous prot\u00e9geant des intemp\u00e9ries.<\/p>\n<h2>Vos effets personnels en s\u00e9curit\u00e9<\/h2>\n<p>Deux poches zipp\u00e9es pour garder vos objets essentiels en s\u00e9curit\u00e9 pendant que vous courez.<\/p>\n<h3>Avantages suppl\u00e9mentaires<\/h3>\n<p>Protection au niveau du menton<\/p>\n<p>Fermeture \u00e9clair avec languette de protection<\/p>\n<p>Trous pour les pouces pour un ajustement parfait<\/p>\n<p>Boucle pour cintre<\/p>\n","protected":false},"excerpt":{"rendered":"<p>Soyez visible et \u00e0 l&#8217;aise avec cette veste de course pour femme. Le tissu l\u00e9ger r\u00e9siste au vent et \u00e0 l&#8217;eau, tandis que la r\u00e9flectivit\u00e9 cibl\u00e9e augmente la visibilit\u00e9. CARACT\u00c9RISTIQUES Coupe : d\u00e9contract\u00e9e Tissu : DriLayer\u00ae Seal 100 % nylon ripstop Restez visible dans l&#8217;obscurit\u00e9 Inserts r\u00e9fl\u00e9chissants en 3M\u2122 Scotchlite\u2122 Carbon Black Stretch plac\u00e9s de &hellip; <a href=\"https:\/\/www.miomiorun.com\/fr\/produit\/brooks-carbonite-jacket-luminosity-femme\/\">Continued<\/a><\/p>\n","protected":false},"featured_media":231117,"template":"","meta":{"_acf_changed":false,"inline_featured_image":false},"product_brand":[],"product_cat":[22599,22596,22595],"product_tag":[23462,23656],"class_list":{"0":"post-276640","1":"product","2":"type-product","3":"status-publish","4":"has-post-thumbnail","6":"product_cat-vestes","7":"product_cat-vetements-pour-femmes","8":"product_cat-femme","9":"product_tag-brooks-fr","10":"product_tag-brooks-femme","11":"pa_attivita-marcher","12":"pa_attivita-running-fr","13":"pa_marca-brooks-fr","14":"pa_sesso-femme","15":"pa_size-extra-small-fr","16":"pa_size-medium-fr","18":"first","19":"instock","20":"sale","21":"taxable","22":"shipping-taxable","23":"purchasable","24":"product-type-variable","25":"wvs-archive-product-wrapper"},"acf":[],"yoast_head":"<!-- This site is optimized with the Yoast SEO plugin v26.8 - https:\/\/yoast.com\/product\/yoast-seo-wordpress\/ -->\n<title>Brooks Carbonite jacket luminosity femme - Veste de course - MioMioRun<\/title>\n<meta name=\"description\" content=\"Soyez visible et \u00e0 l&#039;aise avec cette veste de course pour femme. Son tissu l\u00e9ger r\u00e9siste au vent et \u00e0 l&#039;eau, tandis que ses \u00e9l\u00e9ments r\u00e9fl\u00e9chissants am\u00e9liorent votre visibilit\u00e9.\" \/>\n<meta name=\"robots\" content=\"index, follow, max-snippet:-1, max-image-preview:large, max-video-preview:-1\" \/>\n<link rel=\"canonical\" href=\"https:\/\/www.miomiorun.com\/fr\/produit\/brooks-carbonite-jacket-luminosity-femme\/\" \/>\n<meta property=\"og:locale\" content=\"fr_FR\" \/>\n<meta property=\"og:type\" content=\"article\" \/>\n<meta property=\"og:title\" content=\"Brooks Carbonite jacket luminosity femme - Veste de course - MioMioRun\" \/>\n<meta property=\"og:description\" content=\"Soyez visible et \u00e0 l&#039;aise avec cette veste de course pour femme. Son tissu l\u00e9ger r\u00e9siste au vent et \u00e0 l&#039;eau, tandis que ses \u00e9l\u00e9ments r\u00e9fl\u00e9chissants am\u00e9liorent votre visibilit\u00e9.\" \/>\n<meta property=\"og:url\" content=\"https:\/\/www.miomiorun.com\/fr\/produit\/brooks-carbonite-jacket-luminosity-femme\/\" \/>\n<meta property=\"og:site_name\" content=\"MioMioRun\" \/>\n<meta property=\"article:publisher\" content=\"https:\/\/www.facebook.com\/miomiorun\/\" \/>\n<meta property=\"article:modified_time\" content=\"2026-01-15T11:01:58+00:00\" \/>\n<meta property=\"og:image\" content=\"https:\/\/www.miomiorun.com\/app\/uploads\/2020\/11\/brooks-Carbonite-jacket-luminosity-221429753.jpg\" \/>\n\t<meta property=\"og:image:width\" content=\"600\" \/>\n\t<meta property=\"og:image:height\" content=\"600\" \/>\n\t<meta property=\"og:image:type\" content=\"image\/jpeg\" \/>\n<meta name=\"twitter:card\" content=\"summary_large_image\" \/>\n<meta name=\"twitter:label1\" content=\"Est. reading time\" \/>\n\t<meta name=\"twitter:data1\" content=\"1 minute\" \/>\n<script type=\"application\/ld+json\" class=\"yoast-schema-graph\">{\"@context\":\"https:\/\/schema.org\",\"@graph\":[{\"@type\":\"WebPage\",\"@id\":\"https:\/\/www.miomiorun.com\/fr\/produit\/brooks-carbonite-jacket-luminosity-femme\/\",\"url\":\"https:\/\/www.miomiorun.com\/fr\/produit\/brooks-carbonite-jacket-luminosity-femme\/\",\"name\":\"Brooks Carbonite jacket luminosity femme - Veste de course - MioMioRun\",\"isPartOf\":{\"@id\":\"https:\/\/www.miomiorun.com\/fr\/#website\"},\"primaryImageOfPage\":{\"@id\":\"https:\/\/www.miomiorun.com\/fr\/produit\/brooks-carbonite-jacket-luminosity-femme\/#primaryimage\"},\"image\":{\"@id\":\"https:\/\/www.miomiorun.com\/fr\/produit\/brooks-carbonite-jacket-luminosity-femme\/#primaryimage\"},\"thumbnailUrl\":\"https:\/\/www.miomiorun.com\/app\/uploads\/2020\/11\/brooks-Carbonite-jacket-luminosity-221429753.jpg\",\"datePublished\":\"2020-11-28T17:44:59+00:00\",\"dateModified\":\"2026-01-15T11:01:58+00:00\",\"description\":\"Soyez visible et \u00e0 l'aise avec cette veste de course pour femme. Son tissu l\u00e9ger r\u00e9siste au vent et \u00e0 l'eau, tandis que ses \u00e9l\u00e9ments r\u00e9fl\u00e9chissants am\u00e9liorent votre visibilit\u00e9.\",\"breadcrumb\":{\"@id\":\"https:\/\/www.miomiorun.com\/fr\/produit\/brooks-carbonite-jacket-luminosity-femme\/#breadcrumb\"},\"inLanguage\":\"fr-FR\",\"potentialAction\":[{\"@type\":\"ReadAction\",\"target\":[\"https:\/\/www.miomiorun.com\/fr\/produit\/brooks-carbonite-jacket-luminosity-femme\/\"]}]},{\"@type\":\"ImageObject\",\"inLanguage\":\"fr-FR\",\"@id\":\"https:\/\/www.miomiorun.com\/fr\/produit\/brooks-carbonite-jacket-luminosity-femme\/#primaryimage\",\"url\":\"https:\/\/www.miomiorun.com\/app\/uploads\/2020\/11\/brooks-Carbonite-jacket-luminosity-221429753.jpg\",\"contentUrl\":\"https:\/\/www.miomiorun.com\/app\/uploads\/2020\/11\/brooks-Carbonite-jacket-luminosity-221429753.jpg\",\"width\":600,\"height\":600,\"caption\":\"brooks carbonite jacket luminosity\"},{\"@type\":\"BreadcrumbList\",\"@id\":\"https:\/\/www.miomiorun.com\/fr\/produit\/brooks-carbonite-jacket-luminosity-femme\/#breadcrumb\",\"itemListElement\":[{\"@type\":\"ListItem\",\"position\":1,\"name\":\"Home\",\"item\":\"https:\/\/www.miomiorun.com\/fr\/home-page\/\"},{\"@type\":\"ListItem\",\"position\":2,\"name\":\"Shop\",\"item\":\"https:\/\/www.miomiorun.com\/shop\/\"},{\"@type\":\"ListItem\",\"position\":3,\"name\":\"Carbonite jacket luminosity femme\"}]},{\"@type\":\"WebSite\",\"@id\":\"https:\/\/www.miomiorun.com\/fr\/#website\",\"url\":\"https:\/\/www.miomiorun.com\/fr\/\",\"name\":\"MioMioRun\",\"description\":\"Boutique 100% running et trail\",\"publisher\":{\"@id\":\"https:\/\/www.miomiorun.com\/fr\/#organization\"},\"potentialAction\":[{\"@type\":\"SearchAction\",\"target\":{\"@type\":\"EntryPoint\",\"urlTemplate\":\"https:\/\/www.miomiorun.com\/fr\/?s={search_term_string}\"},\"query-input\":{\"@type\":\"PropertyValueSpecification\",\"valueRequired\":true,\"valueName\":\"search_term_string\"}}],\"inLanguage\":\"fr-FR\"},{\"@type\":\"Organization\",\"@id\":\"https:\/\/www.miomiorun.com\/fr\/#organization\",\"name\":\"MioMio Run\",\"url\":\"https:\/\/www.miomiorun.com\/fr\/\",\"logo\":{\"@type\":\"ImageObject\",\"inLanguage\":\"fr-FR\",\"@id\":\"https:\/\/www.miomiorun.com\/fr\/#\/schema\/logo\/image\/\",\"url\":\"https:\/\/www.miomiorun.com\/app\/uploads\/2019\/12\/logomio.png\",\"contentUrl\":\"https:\/\/www.miomiorun.com\/app\/uploads\/2019\/12\/logomio.png\",\"width\":115,\"height\":82,\"caption\":\"MioMio Run\"},\"image\":{\"@id\":\"https:\/\/www.miomiorun.com\/fr\/#\/schema\/logo\/image\/\"},\"sameAs\":[\"https:\/\/www.facebook.com\/miomiorun\/\",\"https:\/\/www.instagram.com\/miomiorun\/\"]}]}<\/script>\n<!-- \/ Yoast SEO plugin. -->","yoast_head_json":{"title":"Brooks Carbonite jacket luminosity femme - Veste de course - MioMioRun","description":"Soyez visible et \u00e0 l'aise avec cette veste de course pour femme. Son tissu l\u00e9ger r\u00e9siste au vent et \u00e0 l'eau, tandis que ses \u00e9l\u00e9ments r\u00e9fl\u00e9chissants am\u00e9liorent votre visibilit\u00e9.","robots":{"index":"index","follow":"follow","max-snippet":"max-snippet:-1","max-image-preview":"max-image-preview:large","max-video-preview":"max-video-preview:-1"},"canonical":"https:\/\/www.miomiorun.com\/fr\/produit\/brooks-carbonite-jacket-luminosity-femme\/","og_locale":"fr_FR","og_type":"article","og_title":"Brooks Carbonite jacket luminosity femme - Veste de course - MioMioRun","og_description":"Soyez visible et \u00e0 l'aise avec cette veste de course pour femme. Son tissu l\u00e9ger r\u00e9siste au vent et \u00e0 l'eau, tandis que ses \u00e9l\u00e9ments r\u00e9fl\u00e9chissants am\u00e9liorent votre visibilit\u00e9.","og_url":"https:\/\/www.miomiorun.com\/fr\/produit\/brooks-carbonite-jacket-luminosity-femme\/","og_site_name":"MioMioRun","article_publisher":"https:\/\/www.facebook.com\/miomiorun\/","article_modified_time":"2026-01-15T11:01:58+00:00","og_image":[{"width":600,"height":600,"url":"https:\/\/www.miomiorun.com\/app\/uploads\/2020\/11\/brooks-Carbonite-jacket-luminosity-221429753.jpg","type":"image\/jpeg"}],"twitter_card":"summary_large_image","twitter_misc":{"Est. reading time":"1 minute"},"schema":{"@context":"https:\/\/schema.org","@graph":[{"@type":"WebPage","@id":"https:\/\/www.miomiorun.com\/fr\/produit\/brooks-carbonite-jacket-luminosity-femme\/","url":"https:\/\/www.miomiorun.com\/fr\/produit\/brooks-carbonite-jacket-luminosity-femme\/","name":"Brooks Carbonite jacket luminosity femme - Veste de course - MioMioRun","isPartOf":{"@id":"https:\/\/www.miomiorun.com\/fr\/#website"},"primaryImageOfPage":{"@id":"https:\/\/www.miomiorun.com\/fr\/produit\/brooks-carbonite-jacket-luminosity-femme\/#primaryimage"},"image":{"@id":"https:\/\/www.miomiorun.com\/fr\/produit\/brooks-carbonite-jacket-luminosity-femme\/#primaryimage"},"thumbnailUrl":"https:\/\/www.miomiorun.com\/app\/uploads\/2020\/11\/brooks-Carbonite-jacket-luminosity-221429753.jpg","datePublished":"2020-11-28T17:44:59+00:00","dateModified":"2026-01-15T11:01:58+00:00","description":"Soyez visible et \u00e0 l'aise avec cette veste de course pour femme. Son tissu l\u00e9ger r\u00e9siste au vent et \u00e0 l'eau, tandis que ses \u00e9l\u00e9ments r\u00e9fl\u00e9chissants am\u00e9liorent votre visibilit\u00e9.","breadcrumb":{"@id":"https:\/\/www.miomiorun.com\/fr\/produit\/brooks-carbonite-jacket-luminosity-femme\/#breadcrumb"},"inLanguage":"fr-FR","potentialAction":[{"@type":"ReadAction","target":["https:\/\/www.miomiorun.com\/fr\/produit\/brooks-carbonite-jacket-luminosity-femme\/"]}]},{"@type":"ImageObject","inLanguage":"fr-FR","@id":"https:\/\/www.miomiorun.com\/fr\/produit\/brooks-carbonite-jacket-luminosity-femme\/#primaryimage","url":"https:\/\/www.miomiorun.com\/app\/uploads\/2020\/11\/brooks-Carbonite-jacket-luminosity-221429753.jpg","contentUrl":"https:\/\/www.miomiorun.com\/app\/uploads\/2020\/11\/brooks-Carbonite-jacket-luminosity-221429753.jpg","width":600,"height":600,"caption":"brooks carbonite jacket luminosity"},{"@type":"BreadcrumbList","@id":"https:\/\/www.miomiorun.com\/fr\/produit\/brooks-carbonite-jacket-luminosity-femme\/#breadcrumb","itemListElement":[{"@type":"ListItem","position":1,"name":"Home","item":"https:\/\/www.miomiorun.com\/fr\/home-page\/"},{"@type":"ListItem","position":2,"name":"Shop","item":"https:\/\/www.miomiorun.com\/shop\/"},{"@type":"ListItem","position":3,"name":"Carbonite jacket luminosity femme"}]},{"@type":"WebSite","@id":"https:\/\/www.miomiorun.com\/fr\/#website","url":"https:\/\/www.miomiorun.com\/fr\/","name":"MioMioRun","description":"Boutique 100% running et trail","publisher":{"@id":"https:\/\/www.miomiorun.com\/fr\/#organization"},"potentialAction":[{"@type":"SearchAction","target":{"@type":"EntryPoint","urlTemplate":"https:\/\/www.miomiorun.com\/fr\/?s={search_term_string}"},"query-input":{"@type":"PropertyValueSpecification","valueRequired":true,"valueName":"search_term_string"}}],"inLanguage":"fr-FR"},{"@type":"Organization","@id":"https:\/\/www.miomiorun.com\/fr\/#organization","name":"MioMio Run","url":"https:\/\/www.miomiorun.com\/fr\/","logo":{"@type":"ImageObject","inLanguage":"fr-FR","@id":"https:\/\/www.miomiorun.com\/fr\/#\/schema\/logo\/image\/","url":"https:\/\/www.miomiorun.com\/app\/uploads\/2019\/12\/logomio.png","contentUrl":"https:\/\/www.miomiorun.com\/app\/uploads\/2019\/12\/logomio.png","width":115,"height":82,"caption":"MioMio Run"},"image":{"@id":"https:\/\/www.miomiorun.com\/fr\/#\/schema\/logo\/image\/"},"sameAs":["https:\/\/www.facebook.com\/miomiorun\/","https:\/\/www.instagram.com\/miomiorun\/"]}]}},"_links":{"self":[{"href":"https:\/\/www.miomiorun.com\/fr\/wp-json\/wp\/v2\/product\/276640","targetHints":{"allow":["GET"]}}],"collection":[{"href":"https:\/\/www.miomiorun.com\/fr\/wp-json\/wp\/v2\/product"}],"about":[{"href":"https:\/\/www.miomiorun.com\/fr\/wp-json\/wp\/v2\/types\/product"}],"wp:featuredmedia":[{"embeddable":true,"href":"https:\/\/www.miomiorun.com\/fr\/wp-json\/wp\/v2\/media\/231117"}],"wp:attachment":[{"href":"https:\/\/www.miomiorun.com\/fr\/wp-json\/wp\/v2\/media?parent=276640"}],"wp:term":[{"taxonomy":"product_brand","embeddable":true,"href":"https:\/\/www.miomiorun.com\/fr\/wp-json\/wp\/v2\/product_brand?post=276640"},{"taxonomy":"product_cat","embeddable":true,"href":"https:\/\/www.miomiorun.com\/fr\/wp-json\/wp\/v2\/product_cat?post=276640"},{"taxonomy":"product_tag","embeddable":true,"href":"https:\/\/www.miomiorun.com\/fr\/wp-json\/wp\/v2\/product_tag?post=276640"}],"curies":[{"name":"wp","href":"https:\/\/api.w.org\/{rel}","templated":true}]}}