{"id":276624,"date":"2020-12-01T19:27:42","date_gmt":"2020-12-01T18:27:42","guid":{"rendered":"https:\/\/miomiorun.com\/prodotto\/zoot-thermo-beanie\/"},"modified":"2026-01-15T12:05:02","modified_gmt":"2026-01-15T11:05:02","slug":"zoot-thermo-beanie","status":"publish","type":"product","link":"https:\/\/www.miomiorun.com\/fr\/produit\/zoot-thermo-beanie\/","title":{"rendered":"Thermo Beanie"},"content":{"rendered":"<div id=\"description\" class=\"tab-pane fade in active\" role=\"tabpanel\">\n<div class=\"product-description\">\n<p>Garder la t\u00eate au chaud lorsqu&#8217;il fait froid est essentiel pour un entra\u00eenement optimal. Le bonnet Zoot Sports Thermo Beanie est bross\u00e9 \u00e0 l&#8217;arri\u00e8re pour une chaleur optimale et une meilleure \u00e9vacuation de l&#8217;humidit\u00e9. Profitez de vos courses en plein air cet hiver avec le bonnet Thermo Beanie.<\/p>\n<p>Tissu :<\/p>\n<p>Le tricot circulaire bross\u00e9 \u00e0 l&#8217;arri\u00e8re offre une chaleur optimale et une meilleure \u00e9vacuation de l&#8217;humidit\u00e9.<br \/>\nInt\u00e9rieur en polaire pour plus de chaleur.<\/p>\n<\/div>\n<\/div>\n","protected":false},"excerpt":{"rendered":"<p>Garder la t\u00eate au chaud lorsqu&#8217;il fait froid est essentiel pour un entra\u00eenement optimal. Le bonnet Zoot Sports Thermo Beanie est bross\u00e9 \u00e0 l&#8217;arri\u00e8re pour une chaleur optimale et une meilleure \u00e9vacuation de l&#8217;humidit\u00e9. Profitez de vos courses en plein air cet hiver avec le bonnet Thermo Beanie. Tissu : Le tricot circulaire bross\u00e9 \u00e0 &hellip; <a href=\"https:\/\/www.miomiorun.com\/fr\/produit\/zoot-thermo-beanie\/\">Continued<\/a><\/p>\n","protected":false},"featured_media":231127,"template":"","meta":{"_acf_changed":false,"inline_featured_image":false},"product_brand":[],"product_cat":[22580,22579,22538],"product_tag":[23555],"class_list":{"0":"post-276624","1":"product","2":"type-product","3":"status-publish","4":"has-post-thumbnail","6":"product_cat-chapeaux-casquettes","7":"product_cat-chauffage","8":"product_cat-accessoires","9":"product_tag-zoot-fr","10":"pa_attivita-marcher","11":"pa_attivita-running-fr","12":"pa_colore-thermo-beanie-pink-fr","13":"pa_marca-zoot-fr","14":"pa_sesso-femme","15":"pa_sesso-homme","17":"first","18":"instock","19":"sale","20":"taxable","21":"shipping-taxable","22":"purchasable","23":"product-type-variable","24":"wvs-archive-product-wrapper"},"acf":[],"yoast_head":"<!-- This site is optimized with the Yoast SEO plugin v26.8 - https:\/\/yoast.com\/product\/yoast-seo-wordpress\/ -->\n<title>Zoot Thermo Beanie - Casquette de course - MioMioRun.com<\/title>\n<meta name=\"description\" content=\"Une t\u00eate bien au chaud quand il fait froid, c&#039;est la cl\u00e9 d&#039;un entra\u00eenement r\u00e9ussi. Le bonnet Zoot Sports Thermo Beanie est bross\u00e9 \u00e0 l&#039;arri\u00e8re pour une chaleur optimale.\" \/>\n<meta name=\"robots\" content=\"index, follow, max-snippet:-1, max-image-preview:large, max-video-preview:-1\" \/>\n<link rel=\"canonical\" href=\"https:\/\/www.miomiorun.com\/fr\/produit\/zoot-thermo-beanie\/\" \/>\n<meta property=\"og:locale\" content=\"fr_FR\" \/>\n<meta property=\"og:type\" content=\"article\" \/>\n<meta property=\"og:title\" content=\"Zoot Thermo Beanie - Casquette de course - MioMioRun.com\" \/>\n<meta property=\"og:description\" content=\"Une t\u00eate bien au chaud quand il fait froid, c&#039;est la cl\u00e9 d&#039;un entra\u00eenement r\u00e9ussi. Le bonnet Zoot Sports Thermo Beanie est bross\u00e9 \u00e0 l&#039;arri\u00e8re pour une chaleur optimale.\" \/>\n<meta property=\"og:url\" content=\"https:\/\/www.miomiorun.com\/fr\/produit\/zoot-thermo-beanie\/\" \/>\n<meta property=\"og:site_name\" content=\"MioMioRun\" \/>\n<meta property=\"article:publisher\" content=\"https:\/\/www.facebook.com\/miomiorun\/\" \/>\n<meta property=\"article:modified_time\" content=\"2026-01-15T11:05:02+00:00\" \/>\n<meta property=\"og:image\" content=\"https:\/\/www.miomiorun.com\/app\/uploads\/2020\/12\/Thermo-beanie-2644718.1.1.jpg\" \/>\n\t<meta property=\"og:image:width\" content=\"600\" \/>\n\t<meta property=\"og:image:height\" content=\"600\" \/>\n\t<meta property=\"og:image:type\" content=\"image\/jpeg\" \/>\n<meta name=\"twitter:card\" content=\"summary_large_image\" \/>\n<script type=\"application\/ld+json\" class=\"yoast-schema-graph\">{\"@context\":\"https:\/\/schema.org\",\"@graph\":[{\"@type\":\"WebPage\",\"@id\":\"https:\/\/www.miomiorun.com\/fr\/produit\/zoot-thermo-beanie\/\",\"url\":\"https:\/\/www.miomiorun.com\/fr\/produit\/zoot-thermo-beanie\/\",\"name\":\"Zoot Thermo Beanie - Casquette de course - MioMioRun.com\",\"isPartOf\":{\"@id\":\"https:\/\/www.miomiorun.com\/fr\/#website\"},\"primaryImageOfPage\":{\"@id\":\"https:\/\/www.miomiorun.com\/fr\/produit\/zoot-thermo-beanie\/#primaryimage\"},\"image\":{\"@id\":\"https:\/\/www.miomiorun.com\/fr\/produit\/zoot-thermo-beanie\/#primaryimage\"},\"thumbnailUrl\":\"https:\/\/www.miomiorun.com\/app\/uploads\/2020\/12\/Thermo-beanie-2644718.1.1.jpg\",\"datePublished\":\"2020-12-01T18:27:42+00:00\",\"dateModified\":\"2026-01-15T11:05:02+00:00\",\"description\":\"Une t\u00eate bien au chaud quand il fait froid, c'est la cl\u00e9 d'un entra\u00eenement r\u00e9ussi. Le bonnet Zoot Sports Thermo Beanie est bross\u00e9 \u00e0 l'arri\u00e8re pour une chaleur optimale.\",\"breadcrumb\":{\"@id\":\"https:\/\/www.miomiorun.com\/fr\/produit\/zoot-thermo-beanie\/#breadcrumb\"},\"inLanguage\":\"fr-FR\",\"potentialAction\":[{\"@type\":\"ReadAction\",\"target\":[\"https:\/\/www.miomiorun.com\/fr\/produit\/zoot-thermo-beanie\/\"]}]},{\"@type\":\"ImageObject\",\"inLanguage\":\"fr-FR\",\"@id\":\"https:\/\/www.miomiorun.com\/fr\/produit\/zoot-thermo-beanie\/#primaryimage\",\"url\":\"https:\/\/www.miomiorun.com\/app\/uploads\/2020\/12\/Thermo-beanie-2644718.1.1.jpg\",\"contentUrl\":\"https:\/\/www.miomiorun.com\/app\/uploads\/2020\/12\/Thermo-beanie-2644718.1.1.jpg\",\"width\":600,\"height\":600,\"caption\":\"thermo beanie cappello\"},{\"@type\":\"BreadcrumbList\",\"@id\":\"https:\/\/www.miomiorun.com\/fr\/produit\/zoot-thermo-beanie\/#breadcrumb\",\"itemListElement\":[{\"@type\":\"ListItem\",\"position\":1,\"name\":\"Home\",\"item\":\"https:\/\/www.miomiorun.com\/fr\/home-page\/\"},{\"@type\":\"ListItem\",\"position\":2,\"name\":\"Shop\",\"item\":\"https:\/\/www.miomiorun.com\/shop\/\"},{\"@type\":\"ListItem\",\"position\":3,\"name\":\"Thermo Beanie\"}]},{\"@type\":\"WebSite\",\"@id\":\"https:\/\/www.miomiorun.com\/fr\/#website\",\"url\":\"https:\/\/www.miomiorun.com\/fr\/\",\"name\":\"MioMioRun\",\"description\":\"Boutique 100% running et trail\",\"publisher\":{\"@id\":\"https:\/\/www.miomiorun.com\/fr\/#organization\"},\"potentialAction\":[{\"@type\":\"SearchAction\",\"target\":{\"@type\":\"EntryPoint\",\"urlTemplate\":\"https:\/\/www.miomiorun.com\/fr\/?s={search_term_string}\"},\"query-input\":{\"@type\":\"PropertyValueSpecification\",\"valueRequired\":true,\"valueName\":\"search_term_string\"}}],\"inLanguage\":\"fr-FR\"},{\"@type\":\"Organization\",\"@id\":\"https:\/\/www.miomiorun.com\/fr\/#organization\",\"name\":\"MioMio Run\",\"url\":\"https:\/\/www.miomiorun.com\/fr\/\",\"logo\":{\"@type\":\"ImageObject\",\"inLanguage\":\"fr-FR\",\"@id\":\"https:\/\/www.miomiorun.com\/fr\/#\/schema\/logo\/image\/\",\"url\":\"https:\/\/www.miomiorun.com\/app\/uploads\/2019\/12\/logomio.png\",\"contentUrl\":\"https:\/\/www.miomiorun.com\/app\/uploads\/2019\/12\/logomio.png\",\"width\":115,\"height\":82,\"caption\":\"MioMio Run\"},\"image\":{\"@id\":\"https:\/\/www.miomiorun.com\/fr\/#\/schema\/logo\/image\/\"},\"sameAs\":[\"https:\/\/www.facebook.com\/miomiorun\/\",\"https:\/\/www.instagram.com\/miomiorun\/\"]}]}<\/script>\n<!-- \/ Yoast SEO plugin. -->","yoast_head_json":{"title":"Zoot Thermo Beanie - Casquette de course - MioMioRun.com","description":"Une t\u00eate bien au chaud quand il fait froid, c'est la cl\u00e9 d'un entra\u00eenement r\u00e9ussi. Le bonnet Zoot Sports Thermo Beanie est bross\u00e9 \u00e0 l'arri\u00e8re pour une chaleur optimale.","robots":{"index":"index","follow":"follow","max-snippet":"max-snippet:-1","max-image-preview":"max-image-preview:large","max-video-preview":"max-video-preview:-1"},"canonical":"https:\/\/www.miomiorun.com\/fr\/produit\/zoot-thermo-beanie\/","og_locale":"fr_FR","og_type":"article","og_title":"Zoot Thermo Beanie - Casquette de course - MioMioRun.com","og_description":"Une t\u00eate bien au chaud quand il fait froid, c'est la cl\u00e9 d'un entra\u00eenement r\u00e9ussi. Le bonnet Zoot Sports Thermo Beanie est bross\u00e9 \u00e0 l'arri\u00e8re pour une chaleur optimale.","og_url":"https:\/\/www.miomiorun.com\/fr\/produit\/zoot-thermo-beanie\/","og_site_name":"MioMioRun","article_publisher":"https:\/\/www.facebook.com\/miomiorun\/","article_modified_time":"2026-01-15T11:05:02+00:00","og_image":[{"width":600,"height":600,"url":"https:\/\/www.miomiorun.com\/app\/uploads\/2020\/12\/Thermo-beanie-2644718.1.1.jpg","type":"image\/jpeg"}],"twitter_card":"summary_large_image","schema":{"@context":"https:\/\/schema.org","@graph":[{"@type":"WebPage","@id":"https:\/\/www.miomiorun.com\/fr\/produit\/zoot-thermo-beanie\/","url":"https:\/\/www.miomiorun.com\/fr\/produit\/zoot-thermo-beanie\/","name":"Zoot Thermo Beanie - Casquette de course - MioMioRun.com","isPartOf":{"@id":"https:\/\/www.miomiorun.com\/fr\/#website"},"primaryImageOfPage":{"@id":"https:\/\/www.miomiorun.com\/fr\/produit\/zoot-thermo-beanie\/#primaryimage"},"image":{"@id":"https:\/\/www.miomiorun.com\/fr\/produit\/zoot-thermo-beanie\/#primaryimage"},"thumbnailUrl":"https:\/\/www.miomiorun.com\/app\/uploads\/2020\/12\/Thermo-beanie-2644718.1.1.jpg","datePublished":"2020-12-01T18:27:42+00:00","dateModified":"2026-01-15T11:05:02+00:00","description":"Une t\u00eate bien au chaud quand il fait froid, c'est la cl\u00e9 d'un entra\u00eenement r\u00e9ussi. Le bonnet Zoot Sports Thermo Beanie est bross\u00e9 \u00e0 l'arri\u00e8re pour une chaleur optimale.","breadcrumb":{"@id":"https:\/\/www.miomiorun.com\/fr\/produit\/zoot-thermo-beanie\/#breadcrumb"},"inLanguage":"fr-FR","potentialAction":[{"@type":"ReadAction","target":["https:\/\/www.miomiorun.com\/fr\/produit\/zoot-thermo-beanie\/"]}]},{"@type":"ImageObject","inLanguage":"fr-FR","@id":"https:\/\/www.miomiorun.com\/fr\/produit\/zoot-thermo-beanie\/#primaryimage","url":"https:\/\/www.miomiorun.com\/app\/uploads\/2020\/12\/Thermo-beanie-2644718.1.1.jpg","contentUrl":"https:\/\/www.miomiorun.com\/app\/uploads\/2020\/12\/Thermo-beanie-2644718.1.1.jpg","width":600,"height":600,"caption":"thermo beanie cappello"},{"@type":"BreadcrumbList","@id":"https:\/\/www.miomiorun.com\/fr\/produit\/zoot-thermo-beanie\/#breadcrumb","itemListElement":[{"@type":"ListItem","position":1,"name":"Home","item":"https:\/\/www.miomiorun.com\/fr\/home-page\/"},{"@type":"ListItem","position":2,"name":"Shop","item":"https:\/\/www.miomiorun.com\/shop\/"},{"@type":"ListItem","position":3,"name":"Thermo Beanie"}]},{"@type":"WebSite","@id":"https:\/\/www.miomiorun.com\/fr\/#website","url":"https:\/\/www.miomiorun.com\/fr\/","name":"MioMioRun","description":"Boutique 100% running et trail","publisher":{"@id":"https:\/\/www.miomiorun.com\/fr\/#organization"},"potentialAction":[{"@type":"SearchAction","target":{"@type":"EntryPoint","urlTemplate":"https:\/\/www.miomiorun.com\/fr\/?s={search_term_string}"},"query-input":{"@type":"PropertyValueSpecification","valueRequired":true,"valueName":"search_term_string"}}],"inLanguage":"fr-FR"},{"@type":"Organization","@id":"https:\/\/www.miomiorun.com\/fr\/#organization","name":"MioMio Run","url":"https:\/\/www.miomiorun.com\/fr\/","logo":{"@type":"ImageObject","inLanguage":"fr-FR","@id":"https:\/\/www.miomiorun.com\/fr\/#\/schema\/logo\/image\/","url":"https:\/\/www.miomiorun.com\/app\/uploads\/2019\/12\/logomio.png","contentUrl":"https:\/\/www.miomiorun.com\/app\/uploads\/2019\/12\/logomio.png","width":115,"height":82,"caption":"MioMio Run"},"image":{"@id":"https:\/\/www.miomiorun.com\/fr\/#\/schema\/logo\/image\/"},"sameAs":["https:\/\/www.facebook.com\/miomiorun\/","https:\/\/www.instagram.com\/miomiorun\/"]}]}},"_links":{"self":[{"href":"https:\/\/www.miomiorun.com\/fr\/wp-json\/wp\/v2\/product\/276624","targetHints":{"allow":["GET"]}}],"collection":[{"href":"https:\/\/www.miomiorun.com\/fr\/wp-json\/wp\/v2\/product"}],"about":[{"href":"https:\/\/www.miomiorun.com\/fr\/wp-json\/wp\/v2\/types\/product"}],"wp:featuredmedia":[{"embeddable":true,"href":"https:\/\/www.miomiorun.com\/fr\/wp-json\/wp\/v2\/media\/231127"}],"wp:attachment":[{"href":"https:\/\/www.miomiorun.com\/fr\/wp-json\/wp\/v2\/media?parent=276624"}],"wp:term":[{"taxonomy":"product_brand","embeddable":true,"href":"https:\/\/www.miomiorun.com\/fr\/wp-json\/wp\/v2\/product_brand?post=276624"},{"taxonomy":"product_cat","embeddable":true,"href":"https:\/\/www.miomiorun.com\/fr\/wp-json\/wp\/v2\/product_cat?post=276624"},{"taxonomy":"product_tag","embeddable":true,"href":"https:\/\/www.miomiorun.com\/fr\/wp-json\/wp\/v2\/product_tag?post=276624"}],"curies":[{"name":"wp","href":"https:\/\/api.w.org\/{rel}","templated":true}]}}