{"id":276604,"date":"2020-12-09T16:25:05","date_gmt":"2020-12-09T15:25:05","guid":{"rendered":"https:\/\/miomiorun.com\/prodotto\/zoot-ocean-side-hoodie-donna\/"},"modified":"2026-01-15T12:10:25","modified_gmt":"2026-01-15T11:10:25","slug":"zoot-ocean-side-hoodie-femme","status":"publish","type":"product","link":"https:\/\/www.miomiorun.com\/fr\/produit\/zoot-ocean-side-hoodie-femme\/","title":{"rendered":"Ocean Side Hoodie femme"},"content":{"rendered":"<p>Alliant style et performances, le sweat \u00e0 capuche Ocean Side pour femme est un haut de course polyvalent. Sa doublure l\u00e9g\u00e8rement bross\u00e9e vous garde au chaud tout en \u00e9vacuant la transpiration vers l&#8217;ext\u00e9rieur pour vous permettre de rester au sec. La poche arri\u00e8re zipp\u00e9e vous permet de ranger vos provisions pour les longues distances. Le sweat \u00e0 capuche Ocean Side offre une chaleur l\u00e9g\u00e8re pour vos journ\u00e9es d&#8217;entra\u00eenement les plus fra\u00eeches.<br \/>\nTissu :<\/p>\n<p>Maille bross\u00e9e \u00e0 l&#8217;arri\u00e8re pour un confort et une gestion de l&#8217;humidit\u00e9 sup\u00e9rieurs.<br \/>\nCapuche ajust\u00e9e avec encolure crois\u00e9e pour plus de confort et pour faciliter l&#8217;enfilage et le retrait.<br \/>\nPoche arri\u00e8re zipp\u00e9e.<br \/>\nD\u00e9tails r\u00e9fl\u00e9chissants pour une meilleure visibilit\u00e9.<br \/>\nProtection solaire UPF 50+.<\/p>\n","protected":false},"excerpt":{"rendered":"<p>Alliant style et performances, le sweat \u00e0 capuche Ocean Side pour femme est un haut de course polyvalent. Sa doublure l\u00e9g\u00e8rement bross\u00e9e vous garde au chaud tout en \u00e9vacuant la transpiration vers l&#8217;ext\u00e9rieur pour vous permettre de rester au sec. La poche arri\u00e8re zipp\u00e9e vous permet de ranger vos provisions pour les longues distances. Le &hellip; <a href=\"https:\/\/www.miomiorun.com\/fr\/produit\/zoot-ocean-side-hoodie-femme\/\">Continued<\/a><\/p>\n","protected":false},"featured_media":231157,"template":"","meta":{"_acf_changed":false,"inline_featured_image":false},"product_brand":[],"product_cat":[24439,24444,24246],"product_tag":[23555,23566],"class_list":{"0":"post-276604","1":"product","2":"type-product","3":"status-publish","4":"has-post-thumbnail","6":"product_cat-maillots-fr","7":"product_cat-vetements-pour-femmes-fr","8":"product_cat-offres-pour-les-femmes","9":"product_tag-zoot-fr","10":"product_tag-zoot-femme","11":"pa_attivita-marcher","12":"pa_attivita-running-fr","13":"pa_marca-zoot-fr","14":"pa_sesso-femme","15":"pa_size-medium-fr","17":"first","18":"instock","19":"sale","20":"taxable","21":"shipping-taxable","22":"purchasable","23":"product-type-variable","24":"wvs-archive-product-wrapper"},"acf":[],"yoast_head":"<!-- This site is optimized with the Yoast SEO plugin v26.8 - https:\/\/yoast.com\/product\/yoast-seo-wordpress\/ -->\n<title>Zoot Ocean Side Hoodie femme - Maillot de course \u00e0 pied - MioMioRun<\/title>\n<meta name=\"description\" content=\"Alliant style et performances, le sweat \u00e0 capuche Ocean Side pour femme est un haut de course polyvalent qui offre une chaleur l\u00e9g\u00e8re.\" \/>\n<meta name=\"robots\" content=\"index, follow, max-snippet:-1, max-image-preview:large, max-video-preview:-1\" \/>\n<link rel=\"canonical\" href=\"https:\/\/www.miomiorun.com\/fr\/produit\/zoot-ocean-side-hoodie-femme\/\" \/>\n<meta property=\"og:locale\" content=\"fr_FR\" \/>\n<meta property=\"og:type\" content=\"article\" \/>\n<meta property=\"og:title\" content=\"Zoot Ocean Side Hoodie femme - Maillot de course \u00e0 pied - MioMioRun\" \/>\n<meta property=\"og:description\" content=\"Alliant style et performances, le sweat \u00e0 capuche Ocean Side pour femme est un haut de course polyvalent qui offre une chaleur l\u00e9g\u00e8re.\" \/>\n<meta property=\"og:url\" content=\"https:\/\/www.miomiorun.com\/fr\/produit\/zoot-ocean-side-hoodie-femme\/\" \/>\n<meta property=\"og:site_name\" content=\"MioMioRun\" \/>\n<meta property=\"article:publisher\" content=\"https:\/\/www.facebook.com\/miomiorun\/\" \/>\n<meta property=\"article:modified_time\" content=\"2026-01-15T11:10:25+00:00\" \/>\n<meta property=\"og:image\" content=\"https:\/\/www.miomiorun.com\/app\/uploads\/2020\/12\/zoot-Ocean-side-hoodie-2654226.1.4.jpg\" \/>\n\t<meta property=\"og:image:width\" content=\"600\" \/>\n\t<meta property=\"og:image:height\" content=\"600\" \/>\n\t<meta property=\"og:image:type\" content=\"image\/jpeg\" \/>\n<meta name=\"twitter:card\" content=\"summary_large_image\" \/>\n<meta name=\"twitter:label1\" content=\"Est. reading time\" \/>\n\t<meta name=\"twitter:data1\" content=\"1 minute\" \/>\n<script type=\"application\/ld+json\" class=\"yoast-schema-graph\">{\"@context\":\"https:\/\/schema.org\",\"@graph\":[{\"@type\":\"WebPage\",\"@id\":\"https:\/\/www.miomiorun.com\/fr\/produit\/zoot-ocean-side-hoodie-femme\/\",\"url\":\"https:\/\/www.miomiorun.com\/fr\/produit\/zoot-ocean-side-hoodie-femme\/\",\"name\":\"Zoot Ocean Side Hoodie femme - Maillot de course \u00e0 pied - MioMioRun\",\"isPartOf\":{\"@id\":\"https:\/\/www.miomiorun.com\/fr\/#website\"},\"primaryImageOfPage\":{\"@id\":\"https:\/\/www.miomiorun.com\/fr\/produit\/zoot-ocean-side-hoodie-femme\/#primaryimage\"},\"image\":{\"@id\":\"https:\/\/www.miomiorun.com\/fr\/produit\/zoot-ocean-side-hoodie-femme\/#primaryimage\"},\"thumbnailUrl\":\"https:\/\/www.miomiorun.com\/app\/uploads\/2020\/12\/zoot-Ocean-side-hoodie-2654226.1.4.jpg\",\"datePublished\":\"2020-12-09T15:25:05+00:00\",\"dateModified\":\"2026-01-15T11:10:25+00:00\",\"description\":\"Alliant style et performances, le sweat \u00e0 capuche Ocean Side pour femme est un haut de course polyvalent qui offre une chaleur l\u00e9g\u00e8re.\",\"breadcrumb\":{\"@id\":\"https:\/\/www.miomiorun.com\/fr\/produit\/zoot-ocean-side-hoodie-femme\/#breadcrumb\"},\"inLanguage\":\"fr-FR\",\"potentialAction\":[{\"@type\":\"ReadAction\",\"target\":[\"https:\/\/www.miomiorun.com\/fr\/produit\/zoot-ocean-side-hoodie-femme\/\"]}]},{\"@type\":\"ImageObject\",\"inLanguage\":\"fr-FR\",\"@id\":\"https:\/\/www.miomiorun.com\/fr\/produit\/zoot-ocean-side-hoodie-femme\/#primaryimage\",\"url\":\"https:\/\/www.miomiorun.com\/app\/uploads\/2020\/12\/zoot-Ocean-side-hoodie-2654226.1.4.jpg\",\"contentUrl\":\"https:\/\/www.miomiorun.com\/app\/uploads\/2020\/12\/zoot-Ocean-side-hoodie-2654226.1.4.jpg\",\"width\":600,\"height\":600,\"caption\":\"zoot ocean side hoodie\"},{\"@type\":\"BreadcrumbList\",\"@id\":\"https:\/\/www.miomiorun.com\/fr\/produit\/zoot-ocean-side-hoodie-femme\/#breadcrumb\",\"itemListElement\":[{\"@type\":\"ListItem\",\"position\":1,\"name\":\"Home\",\"item\":\"https:\/\/www.miomiorun.com\/fr\/home-page\/\"},{\"@type\":\"ListItem\",\"position\":2,\"name\":\"Shop\",\"item\":\"https:\/\/www.miomiorun.com\/shop\/\"},{\"@type\":\"ListItem\",\"position\":3,\"name\":\"Ocean Side Hoodie femme\"}]},{\"@type\":\"WebSite\",\"@id\":\"https:\/\/www.miomiorun.com\/fr\/#website\",\"url\":\"https:\/\/www.miomiorun.com\/fr\/\",\"name\":\"MioMioRun\",\"description\":\"Boutique 100% running et trail\",\"publisher\":{\"@id\":\"https:\/\/www.miomiorun.com\/fr\/#organization\"},\"potentialAction\":[{\"@type\":\"SearchAction\",\"target\":{\"@type\":\"EntryPoint\",\"urlTemplate\":\"https:\/\/www.miomiorun.com\/fr\/?s={search_term_string}\"},\"query-input\":{\"@type\":\"PropertyValueSpecification\",\"valueRequired\":true,\"valueName\":\"search_term_string\"}}],\"inLanguage\":\"fr-FR\"},{\"@type\":\"Organization\",\"@id\":\"https:\/\/www.miomiorun.com\/fr\/#organization\",\"name\":\"MioMio Run\",\"url\":\"https:\/\/www.miomiorun.com\/fr\/\",\"logo\":{\"@type\":\"ImageObject\",\"inLanguage\":\"fr-FR\",\"@id\":\"https:\/\/www.miomiorun.com\/fr\/#\/schema\/logo\/image\/\",\"url\":\"https:\/\/www.miomiorun.com\/app\/uploads\/2019\/12\/logomio.png\",\"contentUrl\":\"https:\/\/www.miomiorun.com\/app\/uploads\/2019\/12\/logomio.png\",\"width\":115,\"height\":82,\"caption\":\"MioMio Run\"},\"image\":{\"@id\":\"https:\/\/www.miomiorun.com\/fr\/#\/schema\/logo\/image\/\"},\"sameAs\":[\"https:\/\/www.facebook.com\/miomiorun\/\",\"https:\/\/www.instagram.com\/miomiorun\/\"]}]}<\/script>\n<!-- \/ Yoast SEO plugin. -->","yoast_head_json":{"title":"Zoot Ocean Side Hoodie femme - Maillot de course \u00e0 pied - MioMioRun","description":"Alliant style et performances, le sweat \u00e0 capuche Ocean Side pour femme est un haut de course polyvalent qui offre une chaleur l\u00e9g\u00e8re.","robots":{"index":"index","follow":"follow","max-snippet":"max-snippet:-1","max-image-preview":"max-image-preview:large","max-video-preview":"max-video-preview:-1"},"canonical":"https:\/\/www.miomiorun.com\/fr\/produit\/zoot-ocean-side-hoodie-femme\/","og_locale":"fr_FR","og_type":"article","og_title":"Zoot Ocean Side Hoodie femme - Maillot de course \u00e0 pied - MioMioRun","og_description":"Alliant style et performances, le sweat \u00e0 capuche Ocean Side pour femme est un haut de course polyvalent qui offre une chaleur l\u00e9g\u00e8re.","og_url":"https:\/\/www.miomiorun.com\/fr\/produit\/zoot-ocean-side-hoodie-femme\/","og_site_name":"MioMioRun","article_publisher":"https:\/\/www.facebook.com\/miomiorun\/","article_modified_time":"2026-01-15T11:10:25+00:00","og_image":[{"width":600,"height":600,"url":"https:\/\/www.miomiorun.com\/app\/uploads\/2020\/12\/zoot-Ocean-side-hoodie-2654226.1.4.jpg","type":"image\/jpeg"}],"twitter_card":"summary_large_image","twitter_misc":{"Est. reading time":"1 minute"},"schema":{"@context":"https:\/\/schema.org","@graph":[{"@type":"WebPage","@id":"https:\/\/www.miomiorun.com\/fr\/produit\/zoot-ocean-side-hoodie-femme\/","url":"https:\/\/www.miomiorun.com\/fr\/produit\/zoot-ocean-side-hoodie-femme\/","name":"Zoot Ocean Side Hoodie femme - Maillot de course \u00e0 pied - MioMioRun","isPartOf":{"@id":"https:\/\/www.miomiorun.com\/fr\/#website"},"primaryImageOfPage":{"@id":"https:\/\/www.miomiorun.com\/fr\/produit\/zoot-ocean-side-hoodie-femme\/#primaryimage"},"image":{"@id":"https:\/\/www.miomiorun.com\/fr\/produit\/zoot-ocean-side-hoodie-femme\/#primaryimage"},"thumbnailUrl":"https:\/\/www.miomiorun.com\/app\/uploads\/2020\/12\/zoot-Ocean-side-hoodie-2654226.1.4.jpg","datePublished":"2020-12-09T15:25:05+00:00","dateModified":"2026-01-15T11:10:25+00:00","description":"Alliant style et performances, le sweat \u00e0 capuche Ocean Side pour femme est un haut de course polyvalent qui offre une chaleur l\u00e9g\u00e8re.","breadcrumb":{"@id":"https:\/\/www.miomiorun.com\/fr\/produit\/zoot-ocean-side-hoodie-femme\/#breadcrumb"},"inLanguage":"fr-FR","potentialAction":[{"@type":"ReadAction","target":["https:\/\/www.miomiorun.com\/fr\/produit\/zoot-ocean-side-hoodie-femme\/"]}]},{"@type":"ImageObject","inLanguage":"fr-FR","@id":"https:\/\/www.miomiorun.com\/fr\/produit\/zoot-ocean-side-hoodie-femme\/#primaryimage","url":"https:\/\/www.miomiorun.com\/app\/uploads\/2020\/12\/zoot-Ocean-side-hoodie-2654226.1.4.jpg","contentUrl":"https:\/\/www.miomiorun.com\/app\/uploads\/2020\/12\/zoot-Ocean-side-hoodie-2654226.1.4.jpg","width":600,"height":600,"caption":"zoot ocean side hoodie"},{"@type":"BreadcrumbList","@id":"https:\/\/www.miomiorun.com\/fr\/produit\/zoot-ocean-side-hoodie-femme\/#breadcrumb","itemListElement":[{"@type":"ListItem","position":1,"name":"Home","item":"https:\/\/www.miomiorun.com\/fr\/home-page\/"},{"@type":"ListItem","position":2,"name":"Shop","item":"https:\/\/www.miomiorun.com\/shop\/"},{"@type":"ListItem","position":3,"name":"Ocean Side Hoodie femme"}]},{"@type":"WebSite","@id":"https:\/\/www.miomiorun.com\/fr\/#website","url":"https:\/\/www.miomiorun.com\/fr\/","name":"MioMioRun","description":"Boutique 100% running et trail","publisher":{"@id":"https:\/\/www.miomiorun.com\/fr\/#organization"},"potentialAction":[{"@type":"SearchAction","target":{"@type":"EntryPoint","urlTemplate":"https:\/\/www.miomiorun.com\/fr\/?s={search_term_string}"},"query-input":{"@type":"PropertyValueSpecification","valueRequired":true,"valueName":"search_term_string"}}],"inLanguage":"fr-FR"},{"@type":"Organization","@id":"https:\/\/www.miomiorun.com\/fr\/#organization","name":"MioMio Run","url":"https:\/\/www.miomiorun.com\/fr\/","logo":{"@type":"ImageObject","inLanguage":"fr-FR","@id":"https:\/\/www.miomiorun.com\/fr\/#\/schema\/logo\/image\/","url":"https:\/\/www.miomiorun.com\/app\/uploads\/2019\/12\/logomio.png","contentUrl":"https:\/\/www.miomiorun.com\/app\/uploads\/2019\/12\/logomio.png","width":115,"height":82,"caption":"MioMio Run"},"image":{"@id":"https:\/\/www.miomiorun.com\/fr\/#\/schema\/logo\/image\/"},"sameAs":["https:\/\/www.facebook.com\/miomiorun\/","https:\/\/www.instagram.com\/miomiorun\/"]}]}},"_links":{"self":[{"href":"https:\/\/www.miomiorun.com\/fr\/wp-json\/wp\/v2\/product\/276604","targetHints":{"allow":["GET"]}}],"collection":[{"href":"https:\/\/www.miomiorun.com\/fr\/wp-json\/wp\/v2\/product"}],"about":[{"href":"https:\/\/www.miomiorun.com\/fr\/wp-json\/wp\/v2\/types\/product"}],"wp:featuredmedia":[{"embeddable":true,"href":"https:\/\/www.miomiorun.com\/fr\/wp-json\/wp\/v2\/media\/231157"}],"wp:attachment":[{"href":"https:\/\/www.miomiorun.com\/fr\/wp-json\/wp\/v2\/media?parent=276604"}],"wp:term":[{"taxonomy":"product_brand","embeddable":true,"href":"https:\/\/www.miomiorun.com\/fr\/wp-json\/wp\/v2\/product_brand?post=276604"},{"taxonomy":"product_cat","embeddable":true,"href":"https:\/\/www.miomiorun.com\/fr\/wp-json\/wp\/v2\/product_cat?post=276604"},{"taxonomy":"product_tag","embeddable":true,"href":"https:\/\/www.miomiorun.com\/fr\/wp-json\/wp\/v2\/product_tag?post=276604"}],"curies":[{"name":"wp","href":"https:\/\/api.w.org\/{rel}","templated":true}]}}