{"id":276600,"date":"2020-12-09T16:40:49","date_gmt":"2020-12-09T15:40:49","guid":{"rendered":"https:\/\/miomiorun.com\/prodotto\/casall-deep-v-lasercut-donna\/"},"modified":"2025-11-19T11:17:53","modified_gmt":"2025-11-19T10:17:53","slug":"casall-deep-v-lasercut-donna","status":"publish","type":"product","link":"https:\/\/www.miomiorun.com\/fr\/produit\/casall-deep-v-lasercut-donna\/","title":{"rendered":"Deep V Lasercut donna"},"content":{"rendered":"<p>Questa splendida canotta da corsa con il suo design elegante d\u00e0 una sensazione di leggerezza e solidit\u00e0.<\/p>\n<p>Il tessuto leggero e la vestibilit\u00e0 rilassata ti aiutano a muoverti liberamente.<\/p>\n<p>Se quello che ti serve \u00e8 Casall Deep V Lasercut, \u00e8 proprio qui e al miglior prezzo. traininn ha questo e altri prodotti per il fitness che stai cercando con la migliore qualit\u00e0. Non lasciarti sfuggire questa opportunit\u00e0 e attrezzati per praticare il tuo sport preferito nelle migliori condizioni possibili. Con la nostra variet\u00e0 di supporti per magliette, puoi trovare tutto ci\u00f2 di cui hai bisogno in un unico posto.<\/p>\n","protected":false},"excerpt":{"rendered":"<p>Questa splendida canotta da corsa con il suo design elegante d\u00e0 una sensazione di leggerezza e solidit\u00e0. Il tessuto leggero e la vestibilit\u00e0 rilassata ti aiutano a muoverti liberamente. Se quello che ti serve \u00e8 Casall Deep V Lasercut, \u00e8 proprio qui e al miglior prezzo. traininn ha questo e altri prodotti per il fitness &hellip; <a href=\"https:\/\/www.miomiorun.com\/fr\/produit\/casall-deep-v-lasercut-donna\/\">Continued<\/a><\/p>\n","protected":false},"featured_media":231159,"template":"","meta":{"_acf_changed":false,"inline_featured_image":false},"product_brand":[],"product_cat":[24442,24444,24246],"product_tag":[23464,23653],"class_list":{"0":"post-276600","1":"product","2":"type-product","3":"status-publish","4":"has-post-thumbnail","6":"product_cat-gilets-fr-2","7":"product_cat-vetements-pour-femmes-fr","8":"product_cat-offres-pour-les-femmes","9":"product_tag-casall-fr","10":"product_tag-casall-femme","12":"first","13":"instock","14":"sale","15":"taxable","16":"shipping-taxable","17":"purchasable","18":"product-type-variable","19":"wvs-archive-product-wrapper"},"acf":[],"yoast_head":"<!-- This site is optimized with the Yoast SEO plugin v26.8 - https:\/\/yoast.com\/product\/yoast-seo-wordpress\/ -->\n<title>Casall Deep V Lasercut donna - Canotta running - MioMioRun<\/title>\n<meta name=\"description\" content=\"Questa splendida canotta da corsa con il suo design elegante d\u00e0 una sensazione di leggerezza e solidit\u00e0, tessuto leggero e vestibilit\u00e0 rilassata per muoverti liberamente.\" \/>\n<meta name=\"robots\" content=\"index, follow, max-snippet:-1, max-image-preview:large, max-video-preview:-1\" \/>\n<link rel=\"canonical\" href=\"https:\/\/www.miomiorun.com\/fr\/produit\/casall-deep-v-lasercut-donna\/\" \/>\n<meta property=\"og:locale\" content=\"fr_FR\" \/>\n<meta property=\"og:type\" content=\"article\" \/>\n<meta property=\"og:title\" content=\"Casall Deep V Lasercut donna - Canotta running - MioMioRun\" \/>\n<meta property=\"og:description\" content=\"Questa splendida canotta da corsa con il suo design elegante d\u00e0 una sensazione di leggerezza e solidit\u00e0, tessuto leggero e vestibilit\u00e0 rilassata per muoverti liberamente.\" \/>\n<meta property=\"og:url\" content=\"https:\/\/www.miomiorun.com\/fr\/produit\/casall-deep-v-lasercut-donna\/\" \/>\n<meta property=\"og:site_name\" content=\"MioMioRun\" \/>\n<meta property=\"article:publisher\" content=\"https:\/\/www.facebook.com\/miomiorun\/\" \/>\n<meta property=\"article:modified_time\" content=\"2025-11-19T10:17:53+00:00\" \/>\n<meta property=\"og:image\" content=\"https:\/\/www.miomiorun.com\/app\/uploads\/2020\/12\/casall-Deep-V-lasercut-tank-18232-001.jpg\" \/>\n\t<meta property=\"og:image:width\" content=\"600\" \/>\n\t<meta property=\"og:image:height\" content=\"600\" \/>\n\t<meta property=\"og:image:type\" content=\"image\/jpeg\" \/>\n<meta name=\"twitter:card\" content=\"summary_large_image\" \/>\n<script type=\"application\/ld+json\" class=\"yoast-schema-graph\">{\"@context\":\"https:\/\/schema.org\",\"@graph\":[{\"@type\":\"WebPage\",\"@id\":\"https:\/\/www.miomiorun.com\/fr\/produit\/casall-deep-v-lasercut-donna\/\",\"url\":\"https:\/\/www.miomiorun.com\/fr\/produit\/casall-deep-v-lasercut-donna\/\",\"name\":\"Casall Deep V Lasercut donna - Canotta running - MioMioRun\",\"isPartOf\":{\"@id\":\"https:\/\/www.miomiorun.com\/fr\/#website\"},\"primaryImageOfPage\":{\"@id\":\"https:\/\/www.miomiorun.com\/fr\/produit\/casall-deep-v-lasercut-donna\/#primaryimage\"},\"image\":{\"@id\":\"https:\/\/www.miomiorun.com\/fr\/produit\/casall-deep-v-lasercut-donna\/#primaryimage\"},\"thumbnailUrl\":\"https:\/\/www.miomiorun.com\/app\/uploads\/2020\/12\/casall-Deep-V-lasercut-tank-18232-001.jpg\",\"datePublished\":\"2020-12-09T15:40:49+00:00\",\"dateModified\":\"2025-11-19T10:17:53+00:00\",\"description\":\"Questa splendida canotta da corsa con il suo design elegante d\u00e0 una sensazione di leggerezza e solidit\u00e0, tessuto leggero e vestibilit\u00e0 rilassata per muoverti liberamente.\",\"breadcrumb\":{\"@id\":\"https:\/\/www.miomiorun.com\/fr\/produit\/casall-deep-v-lasercut-donna\/#breadcrumb\"},\"inLanguage\":\"fr-FR\",\"potentialAction\":[{\"@type\":\"ReadAction\",\"target\":[\"https:\/\/www.miomiorun.com\/fr\/produit\/casall-deep-v-lasercut-donna\/\"]}]},{\"@type\":\"ImageObject\",\"inLanguage\":\"fr-FR\",\"@id\":\"https:\/\/www.miomiorun.com\/fr\/produit\/casall-deep-v-lasercut-donna\/#primaryimage\",\"url\":\"https:\/\/www.miomiorun.com\/app\/uploads\/2020\/12\/casall-Deep-V-lasercut-tank-18232-001.jpg\",\"contentUrl\":\"https:\/\/www.miomiorun.com\/app\/uploads\/2020\/12\/casall-Deep-V-lasercut-tank-18232-001.jpg\",\"width\":600,\"height\":600,\"caption\":\"cassal deep v lasercut tank\"},{\"@type\":\"BreadcrumbList\",\"@id\":\"https:\/\/www.miomiorun.com\/fr\/produit\/casall-deep-v-lasercut-donna\/#breadcrumb\",\"itemListElement\":[{\"@type\":\"ListItem\",\"position\":1,\"name\":\"Home\",\"item\":\"https:\/\/www.miomiorun.com\/fr\/home-page\/\"},{\"@type\":\"ListItem\",\"position\":2,\"name\":\"Shop\",\"item\":\"https:\/\/www.miomiorun.com\/shop\/\"},{\"@type\":\"ListItem\",\"position\":3,\"name\":\"Deep V Lasercut donna\"}]},{\"@type\":\"WebSite\",\"@id\":\"https:\/\/www.miomiorun.com\/fr\/#website\",\"url\":\"https:\/\/www.miomiorun.com\/fr\/\",\"name\":\"MioMioRun\",\"description\":\"Boutique 100% running et trail\",\"publisher\":{\"@id\":\"https:\/\/www.miomiorun.com\/fr\/#organization\"},\"potentialAction\":[{\"@type\":\"SearchAction\",\"target\":{\"@type\":\"EntryPoint\",\"urlTemplate\":\"https:\/\/www.miomiorun.com\/fr\/?s={search_term_string}\"},\"query-input\":{\"@type\":\"PropertyValueSpecification\",\"valueRequired\":true,\"valueName\":\"search_term_string\"}}],\"inLanguage\":\"fr-FR\"},{\"@type\":\"Organization\",\"@id\":\"https:\/\/www.miomiorun.com\/fr\/#organization\",\"name\":\"MioMio Run\",\"url\":\"https:\/\/www.miomiorun.com\/fr\/\",\"logo\":{\"@type\":\"ImageObject\",\"inLanguage\":\"fr-FR\",\"@id\":\"https:\/\/www.miomiorun.com\/fr\/#\/schema\/logo\/image\/\",\"url\":\"https:\/\/www.miomiorun.com\/app\/uploads\/2019\/12\/logomio.png\",\"contentUrl\":\"https:\/\/www.miomiorun.com\/app\/uploads\/2019\/12\/logomio.png\",\"width\":115,\"height\":82,\"caption\":\"MioMio Run\"},\"image\":{\"@id\":\"https:\/\/www.miomiorun.com\/fr\/#\/schema\/logo\/image\/\"},\"sameAs\":[\"https:\/\/www.facebook.com\/miomiorun\/\",\"https:\/\/www.instagram.com\/miomiorun\/\"]}]}<\/script>\n<!-- \/ Yoast SEO plugin. -->","yoast_head_json":{"title":"Casall Deep V Lasercut donna - Canotta running - MioMioRun","description":"Questa splendida canotta da corsa con il suo design elegante d\u00e0 una sensazione di leggerezza e solidit\u00e0, tessuto leggero e vestibilit\u00e0 rilassata per muoverti liberamente.","robots":{"index":"index","follow":"follow","max-snippet":"max-snippet:-1","max-image-preview":"max-image-preview:large","max-video-preview":"max-video-preview:-1"},"canonical":"https:\/\/www.miomiorun.com\/fr\/produit\/casall-deep-v-lasercut-donna\/","og_locale":"fr_FR","og_type":"article","og_title":"Casall Deep V Lasercut donna - Canotta running - MioMioRun","og_description":"Questa splendida canotta da corsa con il suo design elegante d\u00e0 una sensazione di leggerezza e solidit\u00e0, tessuto leggero e vestibilit\u00e0 rilassata per muoverti liberamente.","og_url":"https:\/\/www.miomiorun.com\/fr\/produit\/casall-deep-v-lasercut-donna\/","og_site_name":"MioMioRun","article_publisher":"https:\/\/www.facebook.com\/miomiorun\/","article_modified_time":"2025-11-19T10:17:53+00:00","og_image":[{"width":600,"height":600,"url":"https:\/\/www.miomiorun.com\/app\/uploads\/2020\/12\/casall-Deep-V-lasercut-tank-18232-001.jpg","type":"image\/jpeg"}],"twitter_card":"summary_large_image","schema":{"@context":"https:\/\/schema.org","@graph":[{"@type":"WebPage","@id":"https:\/\/www.miomiorun.com\/fr\/produit\/casall-deep-v-lasercut-donna\/","url":"https:\/\/www.miomiorun.com\/fr\/produit\/casall-deep-v-lasercut-donna\/","name":"Casall Deep V Lasercut donna - Canotta running - MioMioRun","isPartOf":{"@id":"https:\/\/www.miomiorun.com\/fr\/#website"},"primaryImageOfPage":{"@id":"https:\/\/www.miomiorun.com\/fr\/produit\/casall-deep-v-lasercut-donna\/#primaryimage"},"image":{"@id":"https:\/\/www.miomiorun.com\/fr\/produit\/casall-deep-v-lasercut-donna\/#primaryimage"},"thumbnailUrl":"https:\/\/www.miomiorun.com\/app\/uploads\/2020\/12\/casall-Deep-V-lasercut-tank-18232-001.jpg","datePublished":"2020-12-09T15:40:49+00:00","dateModified":"2025-11-19T10:17:53+00:00","description":"Questa splendida canotta da corsa con il suo design elegante d\u00e0 una sensazione di leggerezza e solidit\u00e0, tessuto leggero e vestibilit\u00e0 rilassata per muoverti liberamente.","breadcrumb":{"@id":"https:\/\/www.miomiorun.com\/fr\/produit\/casall-deep-v-lasercut-donna\/#breadcrumb"},"inLanguage":"fr-FR","potentialAction":[{"@type":"ReadAction","target":["https:\/\/www.miomiorun.com\/fr\/produit\/casall-deep-v-lasercut-donna\/"]}]},{"@type":"ImageObject","inLanguage":"fr-FR","@id":"https:\/\/www.miomiorun.com\/fr\/produit\/casall-deep-v-lasercut-donna\/#primaryimage","url":"https:\/\/www.miomiorun.com\/app\/uploads\/2020\/12\/casall-Deep-V-lasercut-tank-18232-001.jpg","contentUrl":"https:\/\/www.miomiorun.com\/app\/uploads\/2020\/12\/casall-Deep-V-lasercut-tank-18232-001.jpg","width":600,"height":600,"caption":"cassal deep v lasercut tank"},{"@type":"BreadcrumbList","@id":"https:\/\/www.miomiorun.com\/fr\/produit\/casall-deep-v-lasercut-donna\/#breadcrumb","itemListElement":[{"@type":"ListItem","position":1,"name":"Home","item":"https:\/\/www.miomiorun.com\/fr\/home-page\/"},{"@type":"ListItem","position":2,"name":"Shop","item":"https:\/\/www.miomiorun.com\/shop\/"},{"@type":"ListItem","position":3,"name":"Deep V Lasercut donna"}]},{"@type":"WebSite","@id":"https:\/\/www.miomiorun.com\/fr\/#website","url":"https:\/\/www.miomiorun.com\/fr\/","name":"MioMioRun","description":"Boutique 100% running et trail","publisher":{"@id":"https:\/\/www.miomiorun.com\/fr\/#organization"},"potentialAction":[{"@type":"SearchAction","target":{"@type":"EntryPoint","urlTemplate":"https:\/\/www.miomiorun.com\/fr\/?s={search_term_string}"},"query-input":{"@type":"PropertyValueSpecification","valueRequired":true,"valueName":"search_term_string"}}],"inLanguage":"fr-FR"},{"@type":"Organization","@id":"https:\/\/www.miomiorun.com\/fr\/#organization","name":"MioMio Run","url":"https:\/\/www.miomiorun.com\/fr\/","logo":{"@type":"ImageObject","inLanguage":"fr-FR","@id":"https:\/\/www.miomiorun.com\/fr\/#\/schema\/logo\/image\/","url":"https:\/\/www.miomiorun.com\/app\/uploads\/2019\/12\/logomio.png","contentUrl":"https:\/\/www.miomiorun.com\/app\/uploads\/2019\/12\/logomio.png","width":115,"height":82,"caption":"MioMio Run"},"image":{"@id":"https:\/\/www.miomiorun.com\/fr\/#\/schema\/logo\/image\/"},"sameAs":["https:\/\/www.facebook.com\/miomiorun\/","https:\/\/www.instagram.com\/miomiorun\/"]}]}},"_links":{"self":[{"href":"https:\/\/www.miomiorun.com\/fr\/wp-json\/wp\/v2\/product\/276600","targetHints":{"allow":["GET"]}}],"collection":[{"href":"https:\/\/www.miomiorun.com\/fr\/wp-json\/wp\/v2\/product"}],"about":[{"href":"https:\/\/www.miomiorun.com\/fr\/wp-json\/wp\/v2\/types\/product"}],"wp:featuredmedia":[{"embeddable":true,"href":"https:\/\/www.miomiorun.com\/fr\/wp-json\/wp\/v2\/media\/231159"}],"wp:attachment":[{"href":"https:\/\/www.miomiorun.com\/fr\/wp-json\/wp\/v2\/media?parent=276600"}],"wp:term":[{"taxonomy":"product_brand","embeddable":true,"href":"https:\/\/www.miomiorun.com\/fr\/wp-json\/wp\/v2\/product_brand?post=276600"},{"taxonomy":"product_cat","embeddable":true,"href":"https:\/\/www.miomiorun.com\/fr\/wp-json\/wp\/v2\/product_cat?post=276600"},{"taxonomy":"product_tag","embeddable":true,"href":"https:\/\/www.miomiorun.com\/fr\/wp-json\/wp\/v2\/product_tag?post=276600"}],"curies":[{"name":"wp","href":"https:\/\/api.w.org\/{rel}","templated":true}]}}