{"id":276586,"date":"2020-12-19T10:09:13","date_gmt":"2020-12-19T09:09:13","guid":{"rendered":"https:\/\/miomiorun.com\/prodotto\/asics-tight-leg-balance-3-4-donna\/"},"modified":"2026-01-15T12:12:07","modified_gmt":"2026-01-15T11:12:07","slug":"asics-tight-leg-balance-3-4-femme","status":"publish","type":"product","link":"https:\/\/www.miomiorun.com\/fr\/produit\/asics-tight-leg-balance-3-4-femme\/","title":{"rendered":"Tight Leg Balance 3\/4 femme"},"content":{"rendered":"<p>Con\u00e7us sp\u00e9cialement pour r\u00e9pondre aux besoins des coureurs professionnels, les pantalons de course Asics garantissent confort et soutien musculaire optimal. La structure sp\u00e9ciale Motion Muscle Support-Core aide \u00e0 am\u00e9liorer la posture, renforce et soutient le tronc, stabilise les cuisses, contribuant ainsi \u00e0 r\u00e9duire le risque de blessures et de l\u00e9sions musculaires. Ce v\u00eatement est fabriqu\u00e9 dans un tissu MotionDry doux et r\u00e9sistant, capable d&#8217;absorber l&#8217;humidit\u00e9 et la transpiration excessive, pour une peau fra\u00eeche et s\u00e8che longtemps. Le pantalon Asics est ultra-ajust\u00e9 au niveau des genoux, pour une libert\u00e9 de mouvement totale, avec une taille \u00e9lastique confortable et un cordon de serrage pour l&#8217;ajustement, ainsi qu&#8217;un imprim\u00e9 graphique avec logo au niveau des cuisses.<\/p>\n<p>Parfaits pour votre entra\u00eenement, les pantalons moulants Asics sont le choix id\u00e9al pour le coureur parfait !<\/p>\n","protected":false},"excerpt":{"rendered":"<p>Con\u00e7us sp\u00e9cialement pour r\u00e9pondre aux besoins des coureurs professionnels, les pantalons de course Asics garantissent confort et soutien musculaire optimal. La structure sp\u00e9ciale Motion Muscle Support-Core aide \u00e0 am\u00e9liorer la posture, renforce et soutient le tronc, stabilise les cuisses, contribuant ainsi \u00e0 r\u00e9duire le risque de blessures et de l\u00e9sions musculaires. Ce v\u00eatement est fabriqu\u00e9 &hellip; <a href=\"https:\/\/www.miomiorun.com\/fr\/produit\/asics-tight-leg-balance-3-4-femme\/\">Continued<\/a><\/p>\n","protected":false},"featured_media":246252,"template":"","meta":{"_acf_changed":false,"inline_featured_image":false},"product_brand":[],"product_cat":[24438,24444,24246],"product_tag":[23560,23668],"class_list":{"0":"post-276586","1":"product","2":"type-product","3":"status-publish","4":"has-post-thumbnail","6":"product_cat-pantalon-court-fr-2","7":"product_cat-vetements-pour-femmes-fr","8":"product_cat-offres-pour-les-femmes","9":"product_tag-asics-fr","10":"product_tag-asics-femme","11":"pa_attivita-fitness-fr","12":"pa_attivita-marcher","13":"pa_attivita-running-fr","14":"pa_marca-asics-fr","15":"pa_sesso-femme","16":"pa_size-small-fr","18":"first","19":"instock","20":"sale","21":"taxable","22":"shipping-taxable","23":"purchasable","24":"product-type-variable","25":"wvs-archive-product-wrapper"},"acf":[],"yoast_head":"<!-- This site is optimized with the Yoast SEO plugin v26.8 - https:\/\/yoast.com\/product\/yoast-seo-wordpress\/ -->\n<title>Asics Tight Leg Balance 3\/4 femme - Shorts pour femmes - MioMioRun<\/title>\n<meta name=\"description\" content=\"Con\u00e7us pour r\u00e9pondre aux besoins des coureuses professionnelles, les pantalons de course Asics garantissent confort et soutien musculaire optimal.\" \/>\n<meta name=\"robots\" content=\"index, follow, max-snippet:-1, max-image-preview:large, max-video-preview:-1\" \/>\n<link rel=\"canonical\" href=\"https:\/\/www.miomiorun.com\/fr\/produit\/asics-tight-leg-balance-3-4-femme\/\" \/>\n<meta property=\"og:locale\" content=\"fr_FR\" \/>\n<meta property=\"og:type\" content=\"article\" \/>\n<meta property=\"og:title\" content=\"Asics Tight Leg Balance 3\/4 femme - Shorts pour femmes - MioMioRun\" \/>\n<meta property=\"og:description\" content=\"Con\u00e7us pour r\u00e9pondre aux besoins des coureuses professionnelles, les pantalons de course Asics garantissent confort et soutien musculaire optimal.\" \/>\n<meta property=\"og:url\" content=\"https:\/\/www.miomiorun.com\/fr\/produit\/asics-tight-leg-balance-3-4-femme\/\" \/>\n<meta property=\"og:site_name\" content=\"MioMioRun\" \/>\n<meta property=\"article:publisher\" content=\"https:\/\/www.facebook.com\/miomiorun\/\" \/>\n<meta property=\"article:modified_time\" content=\"2026-01-15T11:12:07+00:00\" \/>\n<meta property=\"og:image\" content=\"https:\/\/www.miomiorun.com\/app\/uploads\/2020\/12\/asics-Tight-Leg-Balance-3-4-114521-0830.jpg\" \/>\n\t<meta property=\"og:image:width\" content=\"600\" \/>\n\t<meta property=\"og:image:height\" content=\"600\" \/>\n\t<meta property=\"og:image:type\" content=\"image\/jpeg\" \/>\n<meta name=\"twitter:card\" content=\"summary_large_image\" \/>\n<meta name=\"twitter:label1\" content=\"Est. reading time\" \/>\n\t<meta name=\"twitter:data1\" content=\"1 minute\" \/>\n<script type=\"application\/ld+json\" class=\"yoast-schema-graph\">{\"@context\":\"https:\/\/schema.org\",\"@graph\":[{\"@type\":\"WebPage\",\"@id\":\"https:\/\/www.miomiorun.com\/fr\/produit\/asics-tight-leg-balance-3-4-femme\/\",\"url\":\"https:\/\/www.miomiorun.com\/fr\/produit\/asics-tight-leg-balance-3-4-femme\/\",\"name\":\"Asics Tight Leg Balance 3\/4 femme - Shorts pour femmes - MioMioRun\",\"isPartOf\":{\"@id\":\"https:\/\/www.miomiorun.com\/fr\/#website\"},\"primaryImageOfPage\":{\"@id\":\"https:\/\/www.miomiorun.com\/fr\/produit\/asics-tight-leg-balance-3-4-femme\/#primaryimage\"},\"image\":{\"@id\":\"https:\/\/www.miomiorun.com\/fr\/produit\/asics-tight-leg-balance-3-4-femme\/#primaryimage\"},\"thumbnailUrl\":\"https:\/\/www.miomiorun.com\/app\/uploads\/2020\/12\/asics-Tight-Leg-Balance-3-4-114521-0830.jpg\",\"datePublished\":\"2020-12-19T09:09:13+00:00\",\"dateModified\":\"2026-01-15T11:12:07+00:00\",\"description\":\"Con\u00e7us pour r\u00e9pondre aux besoins des coureuses professionnelles, les pantalons de course Asics garantissent confort et soutien musculaire optimal.\",\"breadcrumb\":{\"@id\":\"https:\/\/www.miomiorun.com\/fr\/produit\/asics-tight-leg-balance-3-4-femme\/#breadcrumb\"},\"inLanguage\":\"fr-FR\",\"potentialAction\":[{\"@type\":\"ReadAction\",\"target\":[\"https:\/\/www.miomiorun.com\/fr\/produit\/asics-tight-leg-balance-3-4-femme\/\"]}]},{\"@type\":\"ImageObject\",\"inLanguage\":\"fr-FR\",\"@id\":\"https:\/\/www.miomiorun.com\/fr\/produit\/asics-tight-leg-balance-3-4-femme\/#primaryimage\",\"url\":\"https:\/\/www.miomiorun.com\/app\/uploads\/2020\/12\/asics-Tight-Leg-Balance-3-4-114521-0830.jpg\",\"contentUrl\":\"https:\/\/www.miomiorun.com\/app\/uploads\/2020\/12\/asics-Tight-Leg-Balance-3-4-114521-0830.jpg\",\"width\":600,\"height\":600,\"caption\":\"asics-Tight-Leg-Balance-3-4-114521-0830\"},{\"@type\":\"BreadcrumbList\",\"@id\":\"https:\/\/www.miomiorun.com\/fr\/produit\/asics-tight-leg-balance-3-4-femme\/#breadcrumb\",\"itemListElement\":[{\"@type\":\"ListItem\",\"position\":1,\"name\":\"Home\",\"item\":\"https:\/\/www.miomiorun.com\/fr\/home-page\/\"},{\"@type\":\"ListItem\",\"position\":2,\"name\":\"Shop\",\"item\":\"https:\/\/www.miomiorun.com\/shop\/\"},{\"@type\":\"ListItem\",\"position\":3,\"name\":\"Tight Leg Balance 3\/4 femme\"}]},{\"@type\":\"WebSite\",\"@id\":\"https:\/\/www.miomiorun.com\/fr\/#website\",\"url\":\"https:\/\/www.miomiorun.com\/fr\/\",\"name\":\"MioMioRun\",\"description\":\"Boutique 100% running et trail\",\"publisher\":{\"@id\":\"https:\/\/www.miomiorun.com\/fr\/#organization\"},\"potentialAction\":[{\"@type\":\"SearchAction\",\"target\":{\"@type\":\"EntryPoint\",\"urlTemplate\":\"https:\/\/www.miomiorun.com\/fr\/?s={search_term_string}\"},\"query-input\":{\"@type\":\"PropertyValueSpecification\",\"valueRequired\":true,\"valueName\":\"search_term_string\"}}],\"inLanguage\":\"fr-FR\"},{\"@type\":\"Organization\",\"@id\":\"https:\/\/www.miomiorun.com\/fr\/#organization\",\"name\":\"MioMio Run\",\"url\":\"https:\/\/www.miomiorun.com\/fr\/\",\"logo\":{\"@type\":\"ImageObject\",\"inLanguage\":\"fr-FR\",\"@id\":\"https:\/\/www.miomiorun.com\/fr\/#\/schema\/logo\/image\/\",\"url\":\"https:\/\/www.miomiorun.com\/app\/uploads\/2019\/12\/logomio.png\",\"contentUrl\":\"https:\/\/www.miomiorun.com\/app\/uploads\/2019\/12\/logomio.png\",\"width\":115,\"height\":82,\"caption\":\"MioMio Run\"},\"image\":{\"@id\":\"https:\/\/www.miomiorun.com\/fr\/#\/schema\/logo\/image\/\"},\"sameAs\":[\"https:\/\/www.facebook.com\/miomiorun\/\",\"https:\/\/www.instagram.com\/miomiorun\/\"]}]}<\/script>\n<!-- \/ Yoast SEO plugin. -->","yoast_head_json":{"title":"Asics Tight Leg Balance 3\/4 femme - Shorts pour femmes - MioMioRun","description":"Con\u00e7us pour r\u00e9pondre aux besoins des coureuses professionnelles, les pantalons de course Asics garantissent confort et soutien musculaire optimal.","robots":{"index":"index","follow":"follow","max-snippet":"max-snippet:-1","max-image-preview":"max-image-preview:large","max-video-preview":"max-video-preview:-1"},"canonical":"https:\/\/www.miomiorun.com\/fr\/produit\/asics-tight-leg-balance-3-4-femme\/","og_locale":"fr_FR","og_type":"article","og_title":"Asics Tight Leg Balance 3\/4 femme - Shorts pour femmes - MioMioRun","og_description":"Con\u00e7us pour r\u00e9pondre aux besoins des coureuses professionnelles, les pantalons de course Asics garantissent confort et soutien musculaire optimal.","og_url":"https:\/\/www.miomiorun.com\/fr\/produit\/asics-tight-leg-balance-3-4-femme\/","og_site_name":"MioMioRun","article_publisher":"https:\/\/www.facebook.com\/miomiorun\/","article_modified_time":"2026-01-15T11:12:07+00:00","og_image":[{"width":600,"height":600,"url":"https:\/\/www.miomiorun.com\/app\/uploads\/2020\/12\/asics-Tight-Leg-Balance-3-4-114521-0830.jpg","type":"image\/jpeg"}],"twitter_card":"summary_large_image","twitter_misc":{"Est. reading time":"1 minute"},"schema":{"@context":"https:\/\/schema.org","@graph":[{"@type":"WebPage","@id":"https:\/\/www.miomiorun.com\/fr\/produit\/asics-tight-leg-balance-3-4-femme\/","url":"https:\/\/www.miomiorun.com\/fr\/produit\/asics-tight-leg-balance-3-4-femme\/","name":"Asics Tight Leg Balance 3\/4 femme - Shorts pour femmes - MioMioRun","isPartOf":{"@id":"https:\/\/www.miomiorun.com\/fr\/#website"},"primaryImageOfPage":{"@id":"https:\/\/www.miomiorun.com\/fr\/produit\/asics-tight-leg-balance-3-4-femme\/#primaryimage"},"image":{"@id":"https:\/\/www.miomiorun.com\/fr\/produit\/asics-tight-leg-balance-3-4-femme\/#primaryimage"},"thumbnailUrl":"https:\/\/www.miomiorun.com\/app\/uploads\/2020\/12\/asics-Tight-Leg-Balance-3-4-114521-0830.jpg","datePublished":"2020-12-19T09:09:13+00:00","dateModified":"2026-01-15T11:12:07+00:00","description":"Con\u00e7us pour r\u00e9pondre aux besoins des coureuses professionnelles, les pantalons de course Asics garantissent confort et soutien musculaire optimal.","breadcrumb":{"@id":"https:\/\/www.miomiorun.com\/fr\/produit\/asics-tight-leg-balance-3-4-femme\/#breadcrumb"},"inLanguage":"fr-FR","potentialAction":[{"@type":"ReadAction","target":["https:\/\/www.miomiorun.com\/fr\/produit\/asics-tight-leg-balance-3-4-femme\/"]}]},{"@type":"ImageObject","inLanguage":"fr-FR","@id":"https:\/\/www.miomiorun.com\/fr\/produit\/asics-tight-leg-balance-3-4-femme\/#primaryimage","url":"https:\/\/www.miomiorun.com\/app\/uploads\/2020\/12\/asics-Tight-Leg-Balance-3-4-114521-0830.jpg","contentUrl":"https:\/\/www.miomiorun.com\/app\/uploads\/2020\/12\/asics-Tight-Leg-Balance-3-4-114521-0830.jpg","width":600,"height":600,"caption":"asics-Tight-Leg-Balance-3-4-114521-0830"},{"@type":"BreadcrumbList","@id":"https:\/\/www.miomiorun.com\/fr\/produit\/asics-tight-leg-balance-3-4-femme\/#breadcrumb","itemListElement":[{"@type":"ListItem","position":1,"name":"Home","item":"https:\/\/www.miomiorun.com\/fr\/home-page\/"},{"@type":"ListItem","position":2,"name":"Shop","item":"https:\/\/www.miomiorun.com\/shop\/"},{"@type":"ListItem","position":3,"name":"Tight Leg Balance 3\/4 femme"}]},{"@type":"WebSite","@id":"https:\/\/www.miomiorun.com\/fr\/#website","url":"https:\/\/www.miomiorun.com\/fr\/","name":"MioMioRun","description":"Boutique 100% running et trail","publisher":{"@id":"https:\/\/www.miomiorun.com\/fr\/#organization"},"potentialAction":[{"@type":"SearchAction","target":{"@type":"EntryPoint","urlTemplate":"https:\/\/www.miomiorun.com\/fr\/?s={search_term_string}"},"query-input":{"@type":"PropertyValueSpecification","valueRequired":true,"valueName":"search_term_string"}}],"inLanguage":"fr-FR"},{"@type":"Organization","@id":"https:\/\/www.miomiorun.com\/fr\/#organization","name":"MioMio Run","url":"https:\/\/www.miomiorun.com\/fr\/","logo":{"@type":"ImageObject","inLanguage":"fr-FR","@id":"https:\/\/www.miomiorun.com\/fr\/#\/schema\/logo\/image\/","url":"https:\/\/www.miomiorun.com\/app\/uploads\/2019\/12\/logomio.png","contentUrl":"https:\/\/www.miomiorun.com\/app\/uploads\/2019\/12\/logomio.png","width":115,"height":82,"caption":"MioMio Run"},"image":{"@id":"https:\/\/www.miomiorun.com\/fr\/#\/schema\/logo\/image\/"},"sameAs":["https:\/\/www.facebook.com\/miomiorun\/","https:\/\/www.instagram.com\/miomiorun\/"]}]}},"_links":{"self":[{"href":"https:\/\/www.miomiorun.com\/fr\/wp-json\/wp\/v2\/product\/276586","targetHints":{"allow":["GET"]}}],"collection":[{"href":"https:\/\/www.miomiorun.com\/fr\/wp-json\/wp\/v2\/product"}],"about":[{"href":"https:\/\/www.miomiorun.com\/fr\/wp-json\/wp\/v2\/types\/product"}],"wp:featuredmedia":[{"embeddable":true,"href":"https:\/\/www.miomiorun.com\/fr\/wp-json\/wp\/v2\/media\/246252"}],"wp:attachment":[{"href":"https:\/\/www.miomiorun.com\/fr\/wp-json\/wp\/v2\/media?parent=276586"}],"wp:term":[{"taxonomy":"product_brand","embeddable":true,"href":"https:\/\/www.miomiorun.com\/fr\/wp-json\/wp\/v2\/product_brand?post=276586"},{"taxonomy":"product_cat","embeddable":true,"href":"https:\/\/www.miomiorun.com\/fr\/wp-json\/wp\/v2\/product_cat?post=276586"},{"taxonomy":"product_tag","embeddable":true,"href":"https:\/\/www.miomiorun.com\/fr\/wp-json\/wp\/v2\/product_tag?post=276586"}],"curies":[{"name":"wp","href":"https:\/\/api.w.org\/{rel}","templated":true}]}}