{"id":276568,"date":"2020-12-21T19:33:14","date_gmt":"2020-12-21T18:33:14","guid":{"rendered":"https:\/\/miomiorun.com\/prodotto\/compressport-visor-ultralight\/"},"modified":"2025-11-19T11:14:06","modified_gmt":"2025-11-19T10:14:06","slug":"compressport-visor-ultralight","status":"publish","type":"product","link":"https:\/\/www.miomiorun.com\/fr\/produit\/compressport-visor-ultralight\/","title":{"rendered":"Visor ultralight"},"content":{"rendered":"<div id=\"description\" class=\"tab-pane fade in active\" role=\"tabpanel\">\n<div class=\"product-description\">Visiera con fascia in rete, specifica da gara, per una ventilazione ottimale durante gli sforzi molto intensi.<\/div>\n<div>La visiera ultra-leggera \u00e8 diventata uno dei nostri prodotti di maggior successo in tutto il mondo, molto vicina alle nostre maniche di compressione per presenze in totale sui podi internazionali. Non importa a quale gara o triathlon stai per partecipare, sicuramente ce ne sono! \u00c8 uno dei nostri capi preferiti dai professionisti, che spesso possono essere visti nel colore che piace. Una calotta leggera e curva offre un&#8217;ottima protezione solare e non trattiene l&#8217;acqua se per il caldo della gara ti devi sciacquare la testa. Il tessuto in spugna antibatterica ad asciugatura rapida all&#8217;interno della visiera \u00e8 molto morbido e assorbe il sudore per un comfort ottimale senza pressione. Infine, la fascia a maglie larghe \u00e8 elasticizzata per una tenuta comoda e regolabile, che assicura che la visiera non voler\u00e0 via se aumenta il vento. Questa visiera rosa da corsa \u00e8 un complemento indispensabile alla tua collezione di copricapi, per correre veloce restando fresco verso i tuoi obiettivi.<\/div>\n<\/div>\n<div>\n<section class=\"product-additional-info pt-4 pb-4\">\n<div class=\"d-flex mt-5 pt-4 pb-md-4 pb-3 text-center box-additional-info align-items-center flex-wrap\">\n<div class=\"col-lg-3 col-md-6 col-12 data-sheet\">\n<h2>Peso netto del prodotto<\/h2>\n<p>38.00 g<\/p>\n<\/div>\n<div class=\"data-sheet col-lg-3 col-md-6 col-12 feature_1 \">\n<h2>Composizioni<\/h2>\n<dl class=\"d-flex flex-wrap justify-content-center\">\n<dd>60% PES 30% CO 10% EA<\/dd>\n<\/dl>\n<\/div>\n<div class=\"col-lg-3 col-md-6 col-12 data-sheet\">\n<h2>Istruzioni di lavaggio e cura<\/h2>\n<p><img decoding=\"async\" class=\"img-fluid\" src=\"https:\/\/www.compressport.com\/img\/cms\/icons\/picto_wash.png\" \/><\/p>\n<\/div>\n<div class=\"col-lg-3 col-md-6 col-12 data-sheet data-sheet-developed\"><img decoding=\"async\" class=\"img-fluid\" src=\"https:\/\/www.compressport.com\/img\/cms\/icons\/developed_swiss.png\" \/><\/div>\n<\/div>\n<\/section>\n<\/div>\n","protected":false},"excerpt":{"rendered":"<p>Visiera con fascia in rete, specifica da gara, per una ventilazione ottimale durante gli sforzi molto intensi. La visiera ultra-leggera \u00e8 diventata uno dei nostri prodotti di maggior successo in tutto il mondo, molto vicina alle nostre maniche di compressione per presenze in totale sui podi internazionali. Non importa a quale gara o triathlon stai &hellip; <a href=\"https:\/\/www.miomiorun.com\/fr\/produit\/compressport-visor-ultralight\/\">Continued<\/a><\/p>\n","protected":false},"featured_media":231189,"template":"","meta":{"_acf_changed":false,"inline_featured_image":false},"product_brand":[],"product_cat":[22580,22579,22538],"product_tag":[23470],"class_list":{"0":"post-276568","1":"product","2":"type-product","3":"status-publish","4":"has-post-thumbnail","6":"product_cat-chapeaux-casquettes","7":"product_cat-chauffage","8":"product_cat-accessoires","9":"product_tag-compressport-fr","10":"pa_attivita-marcher","11":"pa_attivita-outdoor-fr","12":"pa_attivita-running-fr","13":"pa_attivita-trail-fr","14":"pa_colore-visor-ultralight-pink-fr","15":"pa_marca-compressport-fr","16":"pa_sesso-femme","17":"pa_sesso-homme","19":"first","20":"instock","21":"sale","22":"taxable","23":"shipping-taxable","24":"purchasable","25":"product-type-variable","26":"wvs-archive-product-wrapper"},"acf":[],"yoast_head":"<!-- This site is optimized with the Yoast SEO plugin v26.8 - https:\/\/yoast.com\/product\/yoast-seo-wordpress\/ -->\n<title>Compressport Visor ultralight - Cappellino running - MioMioRun.com<\/title>\n<meta name=\"description\" content=\"Visiera con fascia in rete, specifica da gara, per una ventilazione ottimale durante gli sforzi molto intensi.\" \/>\n<meta name=\"robots\" content=\"index, follow, max-snippet:-1, max-image-preview:large, max-video-preview:-1\" \/>\n<link rel=\"canonical\" href=\"https:\/\/www.miomiorun.com\/fr\/produit\/compressport-visor-ultralight\/\" \/>\n<meta property=\"og:locale\" content=\"fr_FR\" \/>\n<meta property=\"og:type\" content=\"article\" \/>\n<meta property=\"og:title\" content=\"Compressport Visor ultralight - Cappellino running - MioMioRun.com\" \/>\n<meta property=\"og:description\" content=\"Visiera con fascia in rete, specifica da gara, per una ventilazione ottimale durante gli sforzi molto intensi.\" \/>\n<meta property=\"og:url\" content=\"https:\/\/www.miomiorun.com\/fr\/produit\/compressport-visor-ultralight\/\" \/>\n<meta property=\"og:site_name\" content=\"MioMioRun\" \/>\n<meta property=\"article:publisher\" content=\"https:\/\/www.facebook.com\/miomiorun\/\" \/>\n<meta property=\"article:modified_time\" content=\"2025-11-19T10:14:06+00:00\" \/>\n<meta property=\"og:image\" content=\"https:\/\/www.miomiorun.com\/app\/uploads\/2020\/12\/compressport-Visor-ultralight-CU00005B-Pink.jpg\" \/>\n\t<meta property=\"og:image:width\" content=\"600\" \/>\n\t<meta property=\"og:image:height\" content=\"600\" \/>\n\t<meta property=\"og:image:type\" content=\"image\/jpeg\" \/>\n<meta name=\"twitter:card\" content=\"summary_large_image\" \/>\n<meta name=\"twitter:label1\" content=\"Est. reading time\" \/>\n\t<meta name=\"twitter:data1\" content=\"1 minute\" \/>\n<script type=\"application\/ld+json\" class=\"yoast-schema-graph\">{\"@context\":\"https:\/\/schema.org\",\"@graph\":[{\"@type\":\"WebPage\",\"@id\":\"https:\/\/www.miomiorun.com\/fr\/produit\/compressport-visor-ultralight\/\",\"url\":\"https:\/\/www.miomiorun.com\/fr\/produit\/compressport-visor-ultralight\/\",\"name\":\"Compressport Visor ultralight - Cappellino running - MioMioRun.com\",\"isPartOf\":{\"@id\":\"https:\/\/www.miomiorun.com\/fr\/#website\"},\"primaryImageOfPage\":{\"@id\":\"https:\/\/www.miomiorun.com\/fr\/produit\/compressport-visor-ultralight\/#primaryimage\"},\"image\":{\"@id\":\"https:\/\/www.miomiorun.com\/fr\/produit\/compressport-visor-ultralight\/#primaryimage\"},\"thumbnailUrl\":\"https:\/\/www.miomiorun.com\/app\/uploads\/2020\/12\/compressport-Visor-ultralight-CU00005B-Pink.jpg\",\"datePublished\":\"2020-12-21T18:33:14+00:00\",\"dateModified\":\"2025-11-19T10:14:06+00:00\",\"description\":\"Visiera con fascia in rete, specifica da gara, per una ventilazione ottimale durante gli sforzi molto intensi.\",\"breadcrumb\":{\"@id\":\"https:\/\/www.miomiorun.com\/fr\/produit\/compressport-visor-ultralight\/#breadcrumb\"},\"inLanguage\":\"fr-FR\",\"potentialAction\":[{\"@type\":\"ReadAction\",\"target\":[\"https:\/\/www.miomiorun.com\/fr\/produit\/compressport-visor-ultralight\/\"]}]},{\"@type\":\"ImageObject\",\"inLanguage\":\"fr-FR\",\"@id\":\"https:\/\/www.miomiorun.com\/fr\/produit\/compressport-visor-ultralight\/#primaryimage\",\"url\":\"https:\/\/www.miomiorun.com\/app\/uploads\/2020\/12\/compressport-Visor-ultralight-CU00005B-Pink.jpg\",\"contentUrl\":\"https:\/\/www.miomiorun.com\/app\/uploads\/2020\/12\/compressport-Visor-ultralight-CU00005B-Pink.jpg\",\"width\":600,\"height\":600,\"caption\":\"compressport visor ultralight\"},{\"@type\":\"BreadcrumbList\",\"@id\":\"https:\/\/www.miomiorun.com\/fr\/produit\/compressport-visor-ultralight\/#breadcrumb\",\"itemListElement\":[{\"@type\":\"ListItem\",\"position\":1,\"name\":\"Home\",\"item\":\"https:\/\/www.miomiorun.com\/fr\/home-page\/\"},{\"@type\":\"ListItem\",\"position\":2,\"name\":\"Shop\",\"item\":\"https:\/\/www.miomiorun.com\/shop\/\"},{\"@type\":\"ListItem\",\"position\":3,\"name\":\"Visor ultralight\"}]},{\"@type\":\"WebSite\",\"@id\":\"https:\/\/www.miomiorun.com\/fr\/#website\",\"url\":\"https:\/\/www.miomiorun.com\/fr\/\",\"name\":\"MioMioRun\",\"description\":\"Boutique 100% running et trail\",\"publisher\":{\"@id\":\"https:\/\/www.miomiorun.com\/fr\/#organization\"},\"potentialAction\":[{\"@type\":\"SearchAction\",\"target\":{\"@type\":\"EntryPoint\",\"urlTemplate\":\"https:\/\/www.miomiorun.com\/fr\/?s={search_term_string}\"},\"query-input\":{\"@type\":\"PropertyValueSpecification\",\"valueRequired\":true,\"valueName\":\"search_term_string\"}}],\"inLanguage\":\"fr-FR\"},{\"@type\":\"Organization\",\"@id\":\"https:\/\/www.miomiorun.com\/fr\/#organization\",\"name\":\"MioMio Run\",\"url\":\"https:\/\/www.miomiorun.com\/fr\/\",\"logo\":{\"@type\":\"ImageObject\",\"inLanguage\":\"fr-FR\",\"@id\":\"https:\/\/www.miomiorun.com\/fr\/#\/schema\/logo\/image\/\",\"url\":\"https:\/\/www.miomiorun.com\/app\/uploads\/2019\/12\/logomio.png\",\"contentUrl\":\"https:\/\/www.miomiorun.com\/app\/uploads\/2019\/12\/logomio.png\",\"width\":115,\"height\":82,\"caption\":\"MioMio Run\"},\"image\":{\"@id\":\"https:\/\/www.miomiorun.com\/fr\/#\/schema\/logo\/image\/\"},\"sameAs\":[\"https:\/\/www.facebook.com\/miomiorun\/\",\"https:\/\/www.instagram.com\/miomiorun\/\"]}]}<\/script>\n<!-- \/ Yoast SEO plugin. -->","yoast_head_json":{"title":"Compressport Visor ultralight - Cappellino running - MioMioRun.com","description":"Visiera con fascia in rete, specifica da gara, per una ventilazione ottimale durante gli sforzi molto intensi.","robots":{"index":"index","follow":"follow","max-snippet":"max-snippet:-1","max-image-preview":"max-image-preview:large","max-video-preview":"max-video-preview:-1"},"canonical":"https:\/\/www.miomiorun.com\/fr\/produit\/compressport-visor-ultralight\/","og_locale":"fr_FR","og_type":"article","og_title":"Compressport Visor ultralight - Cappellino running - MioMioRun.com","og_description":"Visiera con fascia in rete, specifica da gara, per una ventilazione ottimale durante gli sforzi molto intensi.","og_url":"https:\/\/www.miomiorun.com\/fr\/produit\/compressport-visor-ultralight\/","og_site_name":"MioMioRun","article_publisher":"https:\/\/www.facebook.com\/miomiorun\/","article_modified_time":"2025-11-19T10:14:06+00:00","og_image":[{"width":600,"height":600,"url":"https:\/\/www.miomiorun.com\/app\/uploads\/2020\/12\/compressport-Visor-ultralight-CU00005B-Pink.jpg","type":"image\/jpeg"}],"twitter_card":"summary_large_image","twitter_misc":{"Est. reading time":"1 minute"},"schema":{"@context":"https:\/\/schema.org","@graph":[{"@type":"WebPage","@id":"https:\/\/www.miomiorun.com\/fr\/produit\/compressport-visor-ultralight\/","url":"https:\/\/www.miomiorun.com\/fr\/produit\/compressport-visor-ultralight\/","name":"Compressport Visor ultralight - Cappellino running - MioMioRun.com","isPartOf":{"@id":"https:\/\/www.miomiorun.com\/fr\/#website"},"primaryImageOfPage":{"@id":"https:\/\/www.miomiorun.com\/fr\/produit\/compressport-visor-ultralight\/#primaryimage"},"image":{"@id":"https:\/\/www.miomiorun.com\/fr\/produit\/compressport-visor-ultralight\/#primaryimage"},"thumbnailUrl":"https:\/\/www.miomiorun.com\/app\/uploads\/2020\/12\/compressport-Visor-ultralight-CU00005B-Pink.jpg","datePublished":"2020-12-21T18:33:14+00:00","dateModified":"2025-11-19T10:14:06+00:00","description":"Visiera con fascia in rete, specifica da gara, per una ventilazione ottimale durante gli sforzi molto intensi.","breadcrumb":{"@id":"https:\/\/www.miomiorun.com\/fr\/produit\/compressport-visor-ultralight\/#breadcrumb"},"inLanguage":"fr-FR","potentialAction":[{"@type":"ReadAction","target":["https:\/\/www.miomiorun.com\/fr\/produit\/compressport-visor-ultralight\/"]}]},{"@type":"ImageObject","inLanguage":"fr-FR","@id":"https:\/\/www.miomiorun.com\/fr\/produit\/compressport-visor-ultralight\/#primaryimage","url":"https:\/\/www.miomiorun.com\/app\/uploads\/2020\/12\/compressport-Visor-ultralight-CU00005B-Pink.jpg","contentUrl":"https:\/\/www.miomiorun.com\/app\/uploads\/2020\/12\/compressport-Visor-ultralight-CU00005B-Pink.jpg","width":600,"height":600,"caption":"compressport visor ultralight"},{"@type":"BreadcrumbList","@id":"https:\/\/www.miomiorun.com\/fr\/produit\/compressport-visor-ultralight\/#breadcrumb","itemListElement":[{"@type":"ListItem","position":1,"name":"Home","item":"https:\/\/www.miomiorun.com\/fr\/home-page\/"},{"@type":"ListItem","position":2,"name":"Shop","item":"https:\/\/www.miomiorun.com\/shop\/"},{"@type":"ListItem","position":3,"name":"Visor ultralight"}]},{"@type":"WebSite","@id":"https:\/\/www.miomiorun.com\/fr\/#website","url":"https:\/\/www.miomiorun.com\/fr\/","name":"MioMioRun","description":"Boutique 100% running et trail","publisher":{"@id":"https:\/\/www.miomiorun.com\/fr\/#organization"},"potentialAction":[{"@type":"SearchAction","target":{"@type":"EntryPoint","urlTemplate":"https:\/\/www.miomiorun.com\/fr\/?s={search_term_string}"},"query-input":{"@type":"PropertyValueSpecification","valueRequired":true,"valueName":"search_term_string"}}],"inLanguage":"fr-FR"},{"@type":"Organization","@id":"https:\/\/www.miomiorun.com\/fr\/#organization","name":"MioMio Run","url":"https:\/\/www.miomiorun.com\/fr\/","logo":{"@type":"ImageObject","inLanguage":"fr-FR","@id":"https:\/\/www.miomiorun.com\/fr\/#\/schema\/logo\/image\/","url":"https:\/\/www.miomiorun.com\/app\/uploads\/2019\/12\/logomio.png","contentUrl":"https:\/\/www.miomiorun.com\/app\/uploads\/2019\/12\/logomio.png","width":115,"height":82,"caption":"MioMio Run"},"image":{"@id":"https:\/\/www.miomiorun.com\/fr\/#\/schema\/logo\/image\/"},"sameAs":["https:\/\/www.facebook.com\/miomiorun\/","https:\/\/www.instagram.com\/miomiorun\/"]}]}},"_links":{"self":[{"href":"https:\/\/www.miomiorun.com\/fr\/wp-json\/wp\/v2\/product\/276568","targetHints":{"allow":["GET"]}}],"collection":[{"href":"https:\/\/www.miomiorun.com\/fr\/wp-json\/wp\/v2\/product"}],"about":[{"href":"https:\/\/www.miomiorun.com\/fr\/wp-json\/wp\/v2\/types\/product"}],"wp:featuredmedia":[{"embeddable":true,"href":"https:\/\/www.miomiorun.com\/fr\/wp-json\/wp\/v2\/media\/231189"}],"wp:attachment":[{"href":"https:\/\/www.miomiorun.com\/fr\/wp-json\/wp\/v2\/media?parent=276568"}],"wp:term":[{"taxonomy":"product_brand","embeddable":true,"href":"https:\/\/www.miomiorun.com\/fr\/wp-json\/wp\/v2\/product_brand?post=276568"},{"taxonomy":"product_cat","embeddable":true,"href":"https:\/\/www.miomiorun.com\/fr\/wp-json\/wp\/v2\/product_cat?post=276568"},{"taxonomy":"product_tag","embeddable":true,"href":"https:\/\/www.miomiorun.com\/fr\/wp-json\/wp\/v2\/product_tag?post=276568"}],"curies":[{"name":"wp","href":"https:\/\/api.w.org\/{rel}","templated":true}]}}