{"id":276565,"date":"2020-12-22T10:53:39","date_gmt":"2020-12-22T09:53:39","guid":{"rendered":"https:\/\/miomiorun.com\/prodotto\/compressport-headband-on-off\/"},"modified":"2026-01-15T12:12:40","modified_gmt":"2026-01-15T11:12:40","slug":"compressport-headband-on-off","status":"publish","type":"product","link":"https:\/\/www.miomiorun.com\/fr\/produit\/compressport-headband-on-off\/","title":{"rendered":"Headband on\/off"},"content":{"rendered":"<div id=\"description\" class=\"tab-pane fade in active\" role=\"tabpanel\">Bandeau large et l\u00e9ger qui assure une ventilation optimale et l&#8217;\u00e9vacuation de la transpiration lorsqu&#8217;il fait chaud<\/div>\n<div role=\"tabpanel\">\n<p>Dans le sport, les couvre-chefs sont comme les chaussures et les t-shirts : on n&#8217;en a jamais trop. Ce bandeau de course unisexe On\/Off combine des propri\u00e9t\u00e9s soigneusement calibr\u00e9es dans un format compact et l\u00e9ger qui vous permet de rester au frais et alerte dans toutes les situations. Le bandeau \u00e9lastique et sans coutures est con\u00e7u pour une thermor\u00e9gulation et un confort extr\u00eamement efficaces pendant les entra\u00eenements et les comp\u00e9titions. La technologie On\/Off offre une ventilation \u00e0 chaque point pour une \u00e9vacuation rapide de la transpiration. Il s\u00e8che jusqu&#8217;\u00e0 7 fois plus vite que les bandeaux traditionnels et garantit que votre t\u00eate reste fra\u00eeche m\u00eame par temps chaud. Les fibres ultra-douces s&#8217;adaptent \u00e0 la forme de votre t\u00eate et de vos oreilles sans cr\u00e9er de points de pression inconfortables, tout en gardant vos yeux et votre front exempts de sueur et de cheveux rebelles. Le motif rose vif, port\u00e9 tel quel ou sous un casque, une lampe frontale ou une casquette, ajoute une touche de luminosit\u00e9 \u00e0 vos courses. Si vous regardez de pr\u00e8s, vous remarquerez que le nom de la marque figure \u00e9galement sur les trous d&#8217;a\u00e9ration pour une touche sp\u00e9ciale.<\/p>\n<section class=\"product-additional-info pt-4 pb-4\">\n<div class=\"d-flex mt-5 pt-4 pb-md-4 pb-3 text-center box-additional-info align-items-center flex-wrap\">\n<div class=\"col-lg-3 col-md-6 col-12 data-sheet\">\n<h2>Poids net du produit<\/h2>\n<p>22,00 g<\/p>\n<\/div>\n<div class=\"data-sheet col-lg-3 col-md-6 col-12 feature_1 \">\n<h2>Composition<\/h2>\n<dl class=\"d-flex flex-wrap justify-content-center\">\n<dd>92 % PA, 8 % EA<\/dd>\n<\/dl>\n<\/div>\n<div class=\"col-lg-3 col-md-6 col-12 data-sheet\">\n<h2>Instructions de lavage et d&#8217;entretien<\/h2>\n<p><img decoding=\"async\" class=\"img-fluid\" src=\"https:\/\/www.compressport.com\/img\/cms\/icons\/picto_wash.png\"><\/p>\n<\/div>\n<\/div>\n<div><\/div>\n<div class=\"d-flex mt-5 pt-4 pb-md-4 pb-3 text-center box-additional-info align-items-center flex-wrap\">\n<div class=\"col-lg-3 col-md-6 col-12 data-sheet data-sheet-developed\"><img decoding=\"async\" class=\"img-fluid\" src=\"https:\/\/www.compressport.com\/img\/cms\/icons\/developed_swiss.png\"><\/div>\n<\/div>\n<\/section>\n<\/div>\n","protected":false},"excerpt":{"rendered":"<p>Bandeau large et l\u00e9ger qui assure une ventilation optimale et l&#8217;\u00e9vacuation de la transpiration lorsqu&#8217;il fait chaud Dans le sport, les couvre-chefs sont comme les chaussures et les t-shirts : on n&#8217;en a jamais trop. Ce bandeau de course unisexe On\/Off combine des propri\u00e9t\u00e9s soigneusement calibr\u00e9es dans un format compact et l\u00e9ger qui vous permet &hellip; <a href=\"https:\/\/www.miomiorun.com\/fr\/produit\/compressport-headband-on-off\/\">Continued<\/a><\/p>\n","protected":false},"featured_media":232327,"template":"","meta":{"_acf_changed":false,"inline_featured_image":false},"product_brand":[],"product_cat":[22580,22579,22538],"product_tag":[23470],"class_list":{"0":"post-276565","1":"product","2":"type-product","3":"status-publish","4":"has-post-thumbnail","6":"product_cat-chapeaux-casquettes","7":"product_cat-chauffage","8":"product_cat-accessoires","9":"product_tag-compressport-fr","10":"pa_attivita-marcher","11":"pa_attivita-outdoor-fr","12":"pa_attivita-running-fr","13":"pa_attivita-trail-fr","14":"pa_colore-headband-on-off-coral-fr","15":"pa_colore-headband-on-off-white-fr","16":"pa_marca-compressport-fr","17":"pa_sesso-femme","18":"pa_sesso-homme","20":"first","21":"instock","22":"sale","23":"taxable","24":"shipping-taxable","25":"purchasable","26":"product-type-variable","27":"wvs-archive-product-wrapper"},"acf":[],"yoast_head":"<!-- This site is optimized with the Yoast SEO plugin v26.8 - https:\/\/yoast.com\/product\/yoast-seo-wordpress\/ -->\n<title>Compressport Headband on\/off - headband running - MioMioRun.com<\/title>\n<meta name=\"description\" content=\"Large bandeau l\u00e9ger qui assure une ventilation optimale et l&#039;\u00e9vacuation de la transpiration lorsqu&#039;il fait chaud.\" \/>\n<meta name=\"robots\" content=\"index, follow, max-snippet:-1, max-image-preview:large, max-video-preview:-1\" \/>\n<link rel=\"canonical\" href=\"https:\/\/www.miomiorun.com\/fr\/produit\/compressport-headband-on-off\/\" \/>\n<meta property=\"og:locale\" content=\"fr_FR\" \/>\n<meta property=\"og:type\" content=\"article\" \/>\n<meta property=\"og:title\" content=\"Compressport Headband on\/off - headband running - MioMioRun.com\" \/>\n<meta property=\"og:description\" content=\"Large bandeau l\u00e9ger qui assure une ventilation optimale et l&#039;\u00e9vacuation de la transpiration lorsqu&#039;il fait chaud.\" \/>\n<meta property=\"og:url\" content=\"https:\/\/www.miomiorun.com\/fr\/produit\/compressport-headband-on-off\/\" \/>\n<meta property=\"og:site_name\" content=\"MioMioRun\" \/>\n<meta property=\"article:publisher\" content=\"https:\/\/www.facebook.com\/miomiorun\/\" \/>\n<meta property=\"article:modified_time\" content=\"2026-01-15T11:12:40+00:00\" \/>\n<meta property=\"og:image\" content=\"https:\/\/www.miomiorun.com\/app\/uploads\/2021\/06\/compressport-headband-on-off-CU00009B-white.jpg\" \/>\n\t<meta property=\"og:image:width\" content=\"600\" \/>\n\t<meta property=\"og:image:height\" content=\"600\" \/>\n\t<meta property=\"og:image:type\" content=\"image\/jpeg\" \/>\n<meta name=\"twitter:card\" content=\"summary_large_image\" \/>\n<meta name=\"twitter:label1\" content=\"Est. reading time\" \/>\n\t<meta name=\"twitter:data1\" content=\"1 minute\" \/>\n<script type=\"application\/ld+json\" class=\"yoast-schema-graph\">{\"@context\":\"https:\/\/schema.org\",\"@graph\":[{\"@type\":\"WebPage\",\"@id\":\"https:\/\/www.miomiorun.com\/fr\/produit\/compressport-headband-on-off\/\",\"url\":\"https:\/\/www.miomiorun.com\/fr\/produit\/compressport-headband-on-off\/\",\"name\":\"Compressport Headband on\/off - headband running - MioMioRun.com\",\"isPartOf\":{\"@id\":\"https:\/\/www.miomiorun.com\/fr\/#website\"},\"primaryImageOfPage\":{\"@id\":\"https:\/\/www.miomiorun.com\/fr\/produit\/compressport-headband-on-off\/#primaryimage\"},\"image\":{\"@id\":\"https:\/\/www.miomiorun.com\/fr\/produit\/compressport-headband-on-off\/#primaryimage\"},\"thumbnailUrl\":\"https:\/\/www.miomiorun.com\/app\/uploads\/2021\/06\/compressport-headband-on-off-CU00009B-white.jpg\",\"datePublished\":\"2020-12-22T09:53:39+00:00\",\"dateModified\":\"2026-01-15T11:12:40+00:00\",\"description\":\"Large bandeau l\u00e9ger qui assure une ventilation optimale et l'\u00e9vacuation de la transpiration lorsqu'il fait chaud.\",\"breadcrumb\":{\"@id\":\"https:\/\/www.miomiorun.com\/fr\/produit\/compressport-headband-on-off\/#breadcrumb\"},\"inLanguage\":\"fr-FR\",\"potentialAction\":[{\"@type\":\"ReadAction\",\"target\":[\"https:\/\/www.miomiorun.com\/fr\/produit\/compressport-headband-on-off\/\"]}]},{\"@type\":\"ImageObject\",\"inLanguage\":\"fr-FR\",\"@id\":\"https:\/\/www.miomiorun.com\/fr\/produit\/compressport-headband-on-off\/#primaryimage\",\"url\":\"https:\/\/www.miomiorun.com\/app\/uploads\/2021\/06\/compressport-headband-on-off-CU00009B-white.jpg\",\"contentUrl\":\"https:\/\/www.miomiorun.com\/app\/uploads\/2021\/06\/compressport-headband-on-off-CU00009B-white.jpg\",\"width\":600,\"height\":600,\"caption\":\"compressport headband on off bianco\"},{\"@type\":\"BreadcrumbList\",\"@id\":\"https:\/\/www.miomiorun.com\/fr\/produit\/compressport-headband-on-off\/#breadcrumb\",\"itemListElement\":[{\"@type\":\"ListItem\",\"position\":1,\"name\":\"Home\",\"item\":\"https:\/\/www.miomiorun.com\/fr\/home-page\/\"},{\"@type\":\"ListItem\",\"position\":2,\"name\":\"Shop\",\"item\":\"https:\/\/www.miomiorun.com\/shop\/\"},{\"@type\":\"ListItem\",\"position\":3,\"name\":\"Headband on\/off\"}]},{\"@type\":\"WebSite\",\"@id\":\"https:\/\/www.miomiorun.com\/fr\/#website\",\"url\":\"https:\/\/www.miomiorun.com\/fr\/\",\"name\":\"MioMioRun\",\"description\":\"Boutique 100% running et trail\",\"publisher\":{\"@id\":\"https:\/\/www.miomiorun.com\/fr\/#organization\"},\"potentialAction\":[{\"@type\":\"SearchAction\",\"target\":{\"@type\":\"EntryPoint\",\"urlTemplate\":\"https:\/\/www.miomiorun.com\/fr\/?s={search_term_string}\"},\"query-input\":{\"@type\":\"PropertyValueSpecification\",\"valueRequired\":true,\"valueName\":\"search_term_string\"}}],\"inLanguage\":\"fr-FR\"},{\"@type\":\"Organization\",\"@id\":\"https:\/\/www.miomiorun.com\/fr\/#organization\",\"name\":\"MioMio Run\",\"url\":\"https:\/\/www.miomiorun.com\/fr\/\",\"logo\":{\"@type\":\"ImageObject\",\"inLanguage\":\"fr-FR\",\"@id\":\"https:\/\/www.miomiorun.com\/fr\/#\/schema\/logo\/image\/\",\"url\":\"https:\/\/www.miomiorun.com\/app\/uploads\/2019\/12\/logomio.png\",\"contentUrl\":\"https:\/\/www.miomiorun.com\/app\/uploads\/2019\/12\/logomio.png\",\"width\":115,\"height\":82,\"caption\":\"MioMio Run\"},\"image\":{\"@id\":\"https:\/\/www.miomiorun.com\/fr\/#\/schema\/logo\/image\/\"},\"sameAs\":[\"https:\/\/www.facebook.com\/miomiorun\/\",\"https:\/\/www.instagram.com\/miomiorun\/\"]}]}<\/script>\n<!-- \/ Yoast SEO plugin. -->","yoast_head_json":{"title":"Compressport Headband on\/off - headband running - MioMioRun.com","description":"Large bandeau l\u00e9ger qui assure une ventilation optimale et l'\u00e9vacuation de la transpiration lorsqu'il fait chaud.","robots":{"index":"index","follow":"follow","max-snippet":"max-snippet:-1","max-image-preview":"max-image-preview:large","max-video-preview":"max-video-preview:-1"},"canonical":"https:\/\/www.miomiorun.com\/fr\/produit\/compressport-headband-on-off\/","og_locale":"fr_FR","og_type":"article","og_title":"Compressport Headband on\/off - headband running - MioMioRun.com","og_description":"Large bandeau l\u00e9ger qui assure une ventilation optimale et l'\u00e9vacuation de la transpiration lorsqu'il fait chaud.","og_url":"https:\/\/www.miomiorun.com\/fr\/produit\/compressport-headband-on-off\/","og_site_name":"MioMioRun","article_publisher":"https:\/\/www.facebook.com\/miomiorun\/","article_modified_time":"2026-01-15T11:12:40+00:00","og_image":[{"width":600,"height":600,"url":"https:\/\/www.miomiorun.com\/app\/uploads\/2021\/06\/compressport-headband-on-off-CU00009B-white.jpg","type":"image\/jpeg"}],"twitter_card":"summary_large_image","twitter_misc":{"Est. reading time":"1 minute"},"schema":{"@context":"https:\/\/schema.org","@graph":[{"@type":"WebPage","@id":"https:\/\/www.miomiorun.com\/fr\/produit\/compressport-headband-on-off\/","url":"https:\/\/www.miomiorun.com\/fr\/produit\/compressport-headband-on-off\/","name":"Compressport Headband on\/off - headband running - MioMioRun.com","isPartOf":{"@id":"https:\/\/www.miomiorun.com\/fr\/#website"},"primaryImageOfPage":{"@id":"https:\/\/www.miomiorun.com\/fr\/produit\/compressport-headband-on-off\/#primaryimage"},"image":{"@id":"https:\/\/www.miomiorun.com\/fr\/produit\/compressport-headband-on-off\/#primaryimage"},"thumbnailUrl":"https:\/\/www.miomiorun.com\/app\/uploads\/2021\/06\/compressport-headband-on-off-CU00009B-white.jpg","datePublished":"2020-12-22T09:53:39+00:00","dateModified":"2026-01-15T11:12:40+00:00","description":"Large bandeau l\u00e9ger qui assure une ventilation optimale et l'\u00e9vacuation de la transpiration lorsqu'il fait chaud.","breadcrumb":{"@id":"https:\/\/www.miomiorun.com\/fr\/produit\/compressport-headband-on-off\/#breadcrumb"},"inLanguage":"fr-FR","potentialAction":[{"@type":"ReadAction","target":["https:\/\/www.miomiorun.com\/fr\/produit\/compressport-headband-on-off\/"]}]},{"@type":"ImageObject","inLanguage":"fr-FR","@id":"https:\/\/www.miomiorun.com\/fr\/produit\/compressport-headband-on-off\/#primaryimage","url":"https:\/\/www.miomiorun.com\/app\/uploads\/2021\/06\/compressport-headband-on-off-CU00009B-white.jpg","contentUrl":"https:\/\/www.miomiorun.com\/app\/uploads\/2021\/06\/compressport-headband-on-off-CU00009B-white.jpg","width":600,"height":600,"caption":"compressport headband on off bianco"},{"@type":"BreadcrumbList","@id":"https:\/\/www.miomiorun.com\/fr\/produit\/compressport-headband-on-off\/#breadcrumb","itemListElement":[{"@type":"ListItem","position":1,"name":"Home","item":"https:\/\/www.miomiorun.com\/fr\/home-page\/"},{"@type":"ListItem","position":2,"name":"Shop","item":"https:\/\/www.miomiorun.com\/shop\/"},{"@type":"ListItem","position":3,"name":"Headband on\/off"}]},{"@type":"WebSite","@id":"https:\/\/www.miomiorun.com\/fr\/#website","url":"https:\/\/www.miomiorun.com\/fr\/","name":"MioMioRun","description":"Boutique 100% running et trail","publisher":{"@id":"https:\/\/www.miomiorun.com\/fr\/#organization"},"potentialAction":[{"@type":"SearchAction","target":{"@type":"EntryPoint","urlTemplate":"https:\/\/www.miomiorun.com\/fr\/?s={search_term_string}"},"query-input":{"@type":"PropertyValueSpecification","valueRequired":true,"valueName":"search_term_string"}}],"inLanguage":"fr-FR"},{"@type":"Organization","@id":"https:\/\/www.miomiorun.com\/fr\/#organization","name":"MioMio Run","url":"https:\/\/www.miomiorun.com\/fr\/","logo":{"@type":"ImageObject","inLanguage":"fr-FR","@id":"https:\/\/www.miomiorun.com\/fr\/#\/schema\/logo\/image\/","url":"https:\/\/www.miomiorun.com\/app\/uploads\/2019\/12\/logomio.png","contentUrl":"https:\/\/www.miomiorun.com\/app\/uploads\/2019\/12\/logomio.png","width":115,"height":82,"caption":"MioMio Run"},"image":{"@id":"https:\/\/www.miomiorun.com\/fr\/#\/schema\/logo\/image\/"},"sameAs":["https:\/\/www.facebook.com\/miomiorun\/","https:\/\/www.instagram.com\/miomiorun\/"]}]}},"_links":{"self":[{"href":"https:\/\/www.miomiorun.com\/fr\/wp-json\/wp\/v2\/product\/276565","targetHints":{"allow":["GET"]}}],"collection":[{"href":"https:\/\/www.miomiorun.com\/fr\/wp-json\/wp\/v2\/product"}],"about":[{"href":"https:\/\/www.miomiorun.com\/fr\/wp-json\/wp\/v2\/types\/product"}],"wp:featuredmedia":[{"embeddable":true,"href":"https:\/\/www.miomiorun.com\/fr\/wp-json\/wp\/v2\/media\/232327"}],"wp:attachment":[{"href":"https:\/\/www.miomiorun.com\/fr\/wp-json\/wp\/v2\/media?parent=276565"}],"wp:term":[{"taxonomy":"product_brand","embeddable":true,"href":"https:\/\/www.miomiorun.com\/fr\/wp-json\/wp\/v2\/product_brand?post=276565"},{"taxonomy":"product_cat","embeddable":true,"href":"https:\/\/www.miomiorun.com\/fr\/wp-json\/wp\/v2\/product_cat?post=276565"},{"taxonomy":"product_tag","embeddable":true,"href":"https:\/\/www.miomiorun.com\/fr\/wp-json\/wp\/v2\/product_tag?post=276565"}],"curies":[{"name":"wp","href":"https:\/\/api.w.org\/{rel}","templated":true}]}}