{"id":276527,"date":"2021-01-14T10:15:19","date_gmt":"2021-01-14T09:15:19","guid":{"rendered":"https:\/\/miomiorun.com\/prodotto\/montura-tonale-regular-fit-pants-uomo\/"},"modified":"2026-01-15T12:13:47","modified_gmt":"2026-01-15T11:13:47","slug":"montura-tonale-regular-fit-pants-homme","status":"publish","type":"product","link":"https:\/\/www.miomiorun.com\/fr\/produit\/montura-tonale-regular-fit-pants-homme\/","title":{"rendered":"Tonale Regular Fit Pants homme"},"content":{"rendered":"<div class=\"product-attribute product-attribute-featured-materials\">\n<p>Pantalon long pour homme en nylon stretch DWR avec structure double tissage en relief, r\u00e9sistant aux d\u00e9chirures et \u00e0 l&#8217;abrasion. Taille \u00e9lastiqu\u00e9e avec passants, ouverture avec bouton, fermeture \u00e9clair et velcro, poches mains zipp\u00e9es, poches lat\u00e9rales zipp\u00e9es, poche arri\u00e8re zipp\u00e9e. V\u00eatement id\u00e9al pour diverses activit\u00e9s de plein air et de loisirs.<\/p>\n<p class=\"product-weight\">Poids : 0,27 kg<\/p>\n<div class=\"product-attribute-season\"><\/div>\n<\/div>\n","protected":false},"excerpt":{"rendered":"<p>Pantalon long pour homme en nylon stretch DWR avec structure double tissage en relief, r\u00e9sistant aux d\u00e9chirures et \u00e0 l&#8217;abrasion. Taille \u00e9lastiqu\u00e9e avec passants, ouverture avec bouton, fermeture \u00e9clair et velcro, poches mains zipp\u00e9es, poches lat\u00e9rales zipp\u00e9es, poche arri\u00e8re zipp\u00e9e. V\u00eatement id\u00e9al pour diverses activit\u00e9s de plein air et de loisirs. Poids : 0,27 kg<\/p>\n","protected":false},"featured_media":231233,"template":"","meta":{"_acf_changed":false,"inline_featured_image":false},"product_brand":[],"product_cat":[24252,24430,24431],"product_tag":[23512,23524],"class_list":{"0":"post-276527","1":"product","2":"type-product","3":"status-publish","4":"has-post-thumbnail","6":"product_cat-pantalon-long-fr","7":"product_cat-vetements-pour-hommes","8":"product_cat-offres-pour-hommes","9":"product_tag-montura-fr","10":"product_tag-montura-homme","11":"pa_attivita-marcher","12":"pa_attivita-outdoor-fr","13":"pa_colore-tonale-regular-fit-pants-m-ardesia-fr","14":"pa_marca-montura-fr","15":"pa_sesso-homme","16":"pa_size-large-fr","17":"pa_size-extra-large-fr","19":"first","20":"instock","21":"sale","22":"taxable","23":"shipping-taxable","24":"purchasable","25":"product-type-variable","26":"wvs-archive-product-wrapper"},"acf":[],"yoast_head":"<!-- This site is optimized with the Yoast SEO plugin v26.8 - https:\/\/yoast.com\/product\/yoast-seo-wordpress\/ -->\n<title>Montura Tonale Regular Fit Pants homme -Pantalons longs - MioMioRun<\/title>\n<meta name=\"description\" content=\"Pantalon long pour homme en nylon stretch DWR avec structure double tissage en relief. Id\u00e9al pour diverses activit\u00e9s de plein air et de loisirs.\" \/>\n<meta name=\"robots\" content=\"index, follow, max-snippet:-1, max-image-preview:large, max-video-preview:-1\" \/>\n<link rel=\"canonical\" href=\"https:\/\/www.miomiorun.com\/fr\/produit\/montura-tonale-regular-fit-pants-homme\/\" \/>\n<meta property=\"og:locale\" content=\"fr_FR\" \/>\n<meta property=\"og:type\" content=\"article\" \/>\n<meta property=\"og:title\" content=\"Montura Tonale Regular Fit Pants homme -Pantalons longs - MioMioRun\" \/>\n<meta property=\"og:description\" content=\"Pantalon long pour homme en nylon stretch DWR avec structure double tissage en relief. Id\u00e9al pour diverses activit\u00e9s de plein air et de loisirs.\" \/>\n<meta property=\"og:url\" content=\"https:\/\/www.miomiorun.com\/fr\/produit\/montura-tonale-regular-fit-pants-homme\/\" \/>\n<meta property=\"og:site_name\" content=\"MioMioRun\" \/>\n<meta property=\"article:publisher\" content=\"https:\/\/www.facebook.com\/miomiorun\/\" \/>\n<meta property=\"article:modified_time\" content=\"2026-01-15T11:13:47+00:00\" \/>\n<meta property=\"og:image\" content=\"https:\/\/www.miomiorun.com\/app\/uploads\/2021\/01\/montura-tonale-pants-M-MPLA70XR-91.jpg\" \/>\n\t<meta property=\"og:image:width\" content=\"600\" \/>\n\t<meta property=\"og:image:height\" content=\"600\" \/>\n\t<meta property=\"og:image:type\" content=\"image\/jpeg\" \/>\n<meta name=\"twitter:card\" content=\"summary_large_image\" \/>\n<script type=\"application\/ld+json\" class=\"yoast-schema-graph\">{\"@context\":\"https:\/\/schema.org\",\"@graph\":[{\"@type\":\"WebPage\",\"@id\":\"https:\/\/www.miomiorun.com\/fr\/produit\/montura-tonale-regular-fit-pants-homme\/\",\"url\":\"https:\/\/www.miomiorun.com\/fr\/produit\/montura-tonale-regular-fit-pants-homme\/\",\"name\":\"Montura Tonale Regular Fit Pants homme -Pantalons longs - MioMioRun\",\"isPartOf\":{\"@id\":\"https:\/\/www.miomiorun.com\/fr\/#website\"},\"primaryImageOfPage\":{\"@id\":\"https:\/\/www.miomiorun.com\/fr\/produit\/montura-tonale-regular-fit-pants-homme\/#primaryimage\"},\"image\":{\"@id\":\"https:\/\/www.miomiorun.com\/fr\/produit\/montura-tonale-regular-fit-pants-homme\/#primaryimage\"},\"thumbnailUrl\":\"https:\/\/www.miomiorun.com\/app\/uploads\/2021\/01\/montura-tonale-pants-M-MPLA70XR-91.jpg\",\"datePublished\":\"2021-01-14T09:15:19+00:00\",\"dateModified\":\"2026-01-15T11:13:47+00:00\",\"description\":\"Pantalon long pour homme en nylon stretch DWR avec structure double tissage en relief. Id\u00e9al pour diverses activit\u00e9s de plein air et de loisirs.\",\"breadcrumb\":{\"@id\":\"https:\/\/www.miomiorun.com\/fr\/produit\/montura-tonale-regular-fit-pants-homme\/#breadcrumb\"},\"inLanguage\":\"fr-FR\",\"potentialAction\":[{\"@type\":\"ReadAction\",\"target\":[\"https:\/\/www.miomiorun.com\/fr\/produit\/montura-tonale-regular-fit-pants-homme\/\"]}]},{\"@type\":\"ImageObject\",\"inLanguage\":\"fr-FR\",\"@id\":\"https:\/\/www.miomiorun.com\/fr\/produit\/montura-tonale-regular-fit-pants-homme\/#primaryimage\",\"url\":\"https:\/\/www.miomiorun.com\/app\/uploads\/2021\/01\/montura-tonale-pants-M-MPLA70XR-91.jpg\",\"contentUrl\":\"https:\/\/www.miomiorun.com\/app\/uploads\/2021\/01\/montura-tonale-pants-M-MPLA70XR-91.jpg\",\"width\":600,\"height\":600,\"caption\":\"montura pants tonale\"},{\"@type\":\"BreadcrumbList\",\"@id\":\"https:\/\/www.miomiorun.com\/fr\/produit\/montura-tonale-regular-fit-pants-homme\/#breadcrumb\",\"itemListElement\":[{\"@type\":\"ListItem\",\"position\":1,\"name\":\"Home\",\"item\":\"https:\/\/www.miomiorun.com\/fr\/home-page\/\"},{\"@type\":\"ListItem\",\"position\":2,\"name\":\"Shop\",\"item\":\"https:\/\/www.miomiorun.com\/shop\/\"},{\"@type\":\"ListItem\",\"position\":3,\"name\":\"Tonale Regular Fit Pants homme\"}]},{\"@type\":\"WebSite\",\"@id\":\"https:\/\/www.miomiorun.com\/fr\/#website\",\"url\":\"https:\/\/www.miomiorun.com\/fr\/\",\"name\":\"MioMioRun\",\"description\":\"Boutique 100% running et trail\",\"publisher\":{\"@id\":\"https:\/\/www.miomiorun.com\/fr\/#organization\"},\"potentialAction\":[{\"@type\":\"SearchAction\",\"target\":{\"@type\":\"EntryPoint\",\"urlTemplate\":\"https:\/\/www.miomiorun.com\/fr\/?s={search_term_string}\"},\"query-input\":{\"@type\":\"PropertyValueSpecification\",\"valueRequired\":true,\"valueName\":\"search_term_string\"}}],\"inLanguage\":\"fr-FR\"},{\"@type\":\"Organization\",\"@id\":\"https:\/\/www.miomiorun.com\/fr\/#organization\",\"name\":\"MioMio Run\",\"url\":\"https:\/\/www.miomiorun.com\/fr\/\",\"logo\":{\"@type\":\"ImageObject\",\"inLanguage\":\"fr-FR\",\"@id\":\"https:\/\/www.miomiorun.com\/fr\/#\/schema\/logo\/image\/\",\"url\":\"https:\/\/www.miomiorun.com\/app\/uploads\/2019\/12\/logomio.png\",\"contentUrl\":\"https:\/\/www.miomiorun.com\/app\/uploads\/2019\/12\/logomio.png\",\"width\":115,\"height\":82,\"caption\":\"MioMio Run\"},\"image\":{\"@id\":\"https:\/\/www.miomiorun.com\/fr\/#\/schema\/logo\/image\/\"},\"sameAs\":[\"https:\/\/www.facebook.com\/miomiorun\/\",\"https:\/\/www.instagram.com\/miomiorun\/\"]}]}<\/script>\n<!-- \/ Yoast SEO plugin. -->","yoast_head_json":{"title":"Montura Tonale Regular Fit Pants homme -Pantalons longs - MioMioRun","description":"Pantalon long pour homme en nylon stretch DWR avec structure double tissage en relief. Id\u00e9al pour diverses activit\u00e9s de plein air et de loisirs.","robots":{"index":"index","follow":"follow","max-snippet":"max-snippet:-1","max-image-preview":"max-image-preview:large","max-video-preview":"max-video-preview:-1"},"canonical":"https:\/\/www.miomiorun.com\/fr\/produit\/montura-tonale-regular-fit-pants-homme\/","og_locale":"fr_FR","og_type":"article","og_title":"Montura Tonale Regular Fit Pants homme -Pantalons longs - MioMioRun","og_description":"Pantalon long pour homme en nylon stretch DWR avec structure double tissage en relief. Id\u00e9al pour diverses activit\u00e9s de plein air et de loisirs.","og_url":"https:\/\/www.miomiorun.com\/fr\/produit\/montura-tonale-regular-fit-pants-homme\/","og_site_name":"MioMioRun","article_publisher":"https:\/\/www.facebook.com\/miomiorun\/","article_modified_time":"2026-01-15T11:13:47+00:00","og_image":[{"width":600,"height":600,"url":"https:\/\/www.miomiorun.com\/app\/uploads\/2021\/01\/montura-tonale-pants-M-MPLA70XR-91.jpg","type":"image\/jpeg"}],"twitter_card":"summary_large_image","schema":{"@context":"https:\/\/schema.org","@graph":[{"@type":"WebPage","@id":"https:\/\/www.miomiorun.com\/fr\/produit\/montura-tonale-regular-fit-pants-homme\/","url":"https:\/\/www.miomiorun.com\/fr\/produit\/montura-tonale-regular-fit-pants-homme\/","name":"Montura Tonale Regular Fit Pants homme -Pantalons longs - MioMioRun","isPartOf":{"@id":"https:\/\/www.miomiorun.com\/fr\/#website"},"primaryImageOfPage":{"@id":"https:\/\/www.miomiorun.com\/fr\/produit\/montura-tonale-regular-fit-pants-homme\/#primaryimage"},"image":{"@id":"https:\/\/www.miomiorun.com\/fr\/produit\/montura-tonale-regular-fit-pants-homme\/#primaryimage"},"thumbnailUrl":"https:\/\/www.miomiorun.com\/app\/uploads\/2021\/01\/montura-tonale-pants-M-MPLA70XR-91.jpg","datePublished":"2021-01-14T09:15:19+00:00","dateModified":"2026-01-15T11:13:47+00:00","description":"Pantalon long pour homme en nylon stretch DWR avec structure double tissage en relief. Id\u00e9al pour diverses activit\u00e9s de plein air et de loisirs.","breadcrumb":{"@id":"https:\/\/www.miomiorun.com\/fr\/produit\/montura-tonale-regular-fit-pants-homme\/#breadcrumb"},"inLanguage":"fr-FR","potentialAction":[{"@type":"ReadAction","target":["https:\/\/www.miomiorun.com\/fr\/produit\/montura-tonale-regular-fit-pants-homme\/"]}]},{"@type":"ImageObject","inLanguage":"fr-FR","@id":"https:\/\/www.miomiorun.com\/fr\/produit\/montura-tonale-regular-fit-pants-homme\/#primaryimage","url":"https:\/\/www.miomiorun.com\/app\/uploads\/2021\/01\/montura-tonale-pants-M-MPLA70XR-91.jpg","contentUrl":"https:\/\/www.miomiorun.com\/app\/uploads\/2021\/01\/montura-tonale-pants-M-MPLA70XR-91.jpg","width":600,"height":600,"caption":"montura pants tonale"},{"@type":"BreadcrumbList","@id":"https:\/\/www.miomiorun.com\/fr\/produit\/montura-tonale-regular-fit-pants-homme\/#breadcrumb","itemListElement":[{"@type":"ListItem","position":1,"name":"Home","item":"https:\/\/www.miomiorun.com\/fr\/home-page\/"},{"@type":"ListItem","position":2,"name":"Shop","item":"https:\/\/www.miomiorun.com\/shop\/"},{"@type":"ListItem","position":3,"name":"Tonale Regular Fit Pants homme"}]},{"@type":"WebSite","@id":"https:\/\/www.miomiorun.com\/fr\/#website","url":"https:\/\/www.miomiorun.com\/fr\/","name":"MioMioRun","description":"Boutique 100% running et trail","publisher":{"@id":"https:\/\/www.miomiorun.com\/fr\/#organization"},"potentialAction":[{"@type":"SearchAction","target":{"@type":"EntryPoint","urlTemplate":"https:\/\/www.miomiorun.com\/fr\/?s={search_term_string}"},"query-input":{"@type":"PropertyValueSpecification","valueRequired":true,"valueName":"search_term_string"}}],"inLanguage":"fr-FR"},{"@type":"Organization","@id":"https:\/\/www.miomiorun.com\/fr\/#organization","name":"MioMio Run","url":"https:\/\/www.miomiorun.com\/fr\/","logo":{"@type":"ImageObject","inLanguage":"fr-FR","@id":"https:\/\/www.miomiorun.com\/fr\/#\/schema\/logo\/image\/","url":"https:\/\/www.miomiorun.com\/app\/uploads\/2019\/12\/logomio.png","contentUrl":"https:\/\/www.miomiorun.com\/app\/uploads\/2019\/12\/logomio.png","width":115,"height":82,"caption":"MioMio Run"},"image":{"@id":"https:\/\/www.miomiorun.com\/fr\/#\/schema\/logo\/image\/"},"sameAs":["https:\/\/www.facebook.com\/miomiorun\/","https:\/\/www.instagram.com\/miomiorun\/"]}]}},"_links":{"self":[{"href":"https:\/\/www.miomiorun.com\/fr\/wp-json\/wp\/v2\/product\/276527","targetHints":{"allow":["GET"]}}],"collection":[{"href":"https:\/\/www.miomiorun.com\/fr\/wp-json\/wp\/v2\/product"}],"about":[{"href":"https:\/\/www.miomiorun.com\/fr\/wp-json\/wp\/v2\/types\/product"}],"wp:featuredmedia":[{"embeddable":true,"href":"https:\/\/www.miomiorun.com\/fr\/wp-json\/wp\/v2\/media\/231233"}],"wp:attachment":[{"href":"https:\/\/www.miomiorun.com\/fr\/wp-json\/wp\/v2\/media?parent=276527"}],"wp:term":[{"taxonomy":"product_brand","embeddable":true,"href":"https:\/\/www.miomiorun.com\/fr\/wp-json\/wp\/v2\/product_brand?post=276527"},{"taxonomy":"product_cat","embeddable":true,"href":"https:\/\/www.miomiorun.com\/fr\/wp-json\/wp\/v2\/product_cat?post=276527"},{"taxonomy":"product_tag","embeddable":true,"href":"https:\/\/www.miomiorun.com\/fr\/wp-json\/wp\/v2\/product_tag?post=276527"}],"curies":[{"name":"wp","href":"https:\/\/api.w.org\/{rel}","templated":true}]}}