{"id":276495,"date":"2021-01-15T09:42:23","date_gmt":"2021-01-15T08:42:23","guid":{"rendered":"https:\/\/miomiorun.com\/prodotto\/craft-active-extreme-x-cn-ss-uomo\/"},"modified":"2026-01-15T12:17:18","modified_gmt":"2026-01-15T11:17:18","slug":"craft-active-extreme-x-cn-ss-homme","status":"publish","type":"product","link":"https:\/\/www.miomiorun.com\/fr\/produit\/craft-active-extreme-x-cn-ss-homme\/","title":{"rendered":"Active Extreme X CN SS homme"},"content":{"rendered":"<p>Active Extreme X CN SS est un t-shirt de base hautement fonctionnel con\u00e7u pour les courses et les entra\u00eenements intensifs dans des conditions hivernales douces \u00e0 froides.<\/p>\n<p>Ce v\u00eatement haute performance combine du polyester SEAQUAL l\u00e9ger, la technologie Coolmax Air et du polyester recycl\u00e9 pour offrir une gestion exceptionnelle de la temp\u00e9rature corporelle pendant les activit\u00e9s intensives. De plus, le v\u00eatement est dot\u00e9 d&#8217;un design en maille gaufr\u00e9e pour un meilleur transport de l&#8217;humidit\u00e9 et un confort accru. Sa grande \u00e9lasticit\u00e9 et sa coupe ergonomique assurent une libert\u00e9 de mouvement optimale, tandis que les empi\u00e8cements en maille cartographi\u00e9s sur le corps offrent une ventilation suppl\u00e9mentaire l\u00e0 o\u00f9 elle est le plus n\u00e9cessaire. Un favori incontest\u00e9 des athl\u00e8tes d&#8217;\u00e9lite et des h\u00e9ros du quotidien.<\/p>\n<h3>Tissu \u00e9cologique SEAQUAL<\/h3>\n<p>L&#8217;initiative SEAQUAL lutte contre la pollution plastique et contribue \u00e0 nettoyer nos oc\u00e9ans des d\u00e9chets marins, guidant ainsi la soci\u00e9t\u00e9 vers la circularit\u00e9. Fruit de notre ambition d&#8217;assumer l&#8217;enti\u00e8re responsabilit\u00e9 de la cha\u00eene de valeur, l&#8217;Active Extreme X CN SS est fabriqu\u00e9 \u00e0 partir de plastique marin recycl\u00e9, un mat\u00e9riau 100 % recycl\u00e9. Le tissu SEAQUAL recycl\u00e9 est non seulement \u00e9cologique, mais il offre \u00e9galement une excellente \u00e9vacuation de l&#8217;humidit\u00e9 et une ventilation exceptionnelle.<\/p>\n<h3>Technologie Coolmax Air<\/h3>\n<p>Les tissus Coolmax Air Technology sont con\u00e7us pour optimiser la gestion naturelle de la temp\u00e9rature corporelle, tant dans des conditions froides que chaudes. Caract\u00e9ris\u00e9 par des fibres de polyester avec une section transversale unique en forme d&#8217;h\u00e9lice, le tissu offre une excellente thermor\u00e9gulation pour des performances optimales. Des tests ont d\u00e9montr\u00e9 que les v\u00eatements fabriqu\u00e9s avec la technologie Coolmax Air offrent une gestion sup\u00e9rieure de la temp\u00e9rature corporelle, un grand confort et un excellent effet de s\u00e9chage rapide.<\/p>\n<p>&#8211; Tissu fin, l\u00e9ger et \u00e9lastique<br \/>\n&#8211; Polyester SEAQUAL fabriqu\u00e9 \u00e0 partir de plastique recycl\u00e9<br \/>\n&#8211; Technologie Coolmax Air<br \/>\n&#8211; Conception en maille gaufr\u00e9e pour un transport maximal de l&#8217;humidit\u00e9 et un confort optimal<br \/>\n&#8211; Empi\u00e8cements en maille sous les aisselles pour une meilleure ventilation<br \/>\n&#8211; Coutures flatlock qui suivent les mouvements du corps<br \/>\n&#8211; Coupe ajust\u00e9e<br \/>\n&#8211; Transport de l&#8217;humidit\u00e9 : 5 sur 5<br \/>\n&#8211; Niveau d&#8217;activit\u00e9 : 5 sur 5<br \/>\n&#8211; Temp\u00e9rature : de -5 \u00b0C \u00e0 + 10 \u00b0C<\/p>\n<h3>Mat\u00e9riaux<\/h3>\n<p>40 % polyester SeaQual 39 % polyester \u00ab Coolmax \u00bb 21 % polyester recycl\u00e9<\/p>\n<p>Lavage en machine \u00e0 40 degr\u00e9s.<\/p>\n","protected":false},"excerpt":{"rendered":"<p>Active Extreme X CN SS est un t-shirt de base hautement fonctionnel con\u00e7u pour les courses et les entra\u00eenements intensifs dans des conditions hivernales douces \u00e0 froides. Ce v\u00eatement haute performance combine du polyester SEAQUAL l\u00e9ger, la technologie Coolmax Air et du polyester recycl\u00e9 pour offrir une gestion exceptionnelle de la temp\u00e9rature corporelle pendant les &hellip; <a href=\"https:\/\/www.miomiorun.com\/fr\/produit\/craft-active-extreme-x-cn-ss-homme\/\">Continued<\/a><\/p>\n","protected":false},"featured_media":231243,"template":"","meta":{"_acf_changed":false,"inline_featured_image":false},"product_brand":[],"product_cat":[24479,24482,24484],"product_tag":[23554,23647],"class_list":{"0":"post-276495","1":"product","2":"type-product","3":"status-publish","4":"has-post-thumbnail","6":"product_cat-sous-vetements-fr-2","7":"product_cat-vetements-pour-hommes-fr","8":"product_cat-homme","9":"product_tag-craft-fr","10":"product_tag-craft-homme","11":"pa_attivita-marcher","12":"pa_attivita-outdoor-fr","13":"pa_colore-active-extreme-x-cn-ss-black-fr","14":"pa_colore-active-extreme-x-cn-ss-white-fr","15":"pa_marca-craft-fr","16":"pa_sesso-homme","17":"pa_size-small-fr","18":"pa_size-extra-large-fr","20":"first","21":"instock","22":"sale","23":"taxable","24":"shipping-taxable","25":"purchasable","26":"product-type-variable","27":"wvs-archive-product-wrapper"},"acf":[],"yoast_head":"<!-- This site is optimized with the Yoast SEO plugin v26.8 - https:\/\/yoast.com\/product\/yoast-seo-wordpress\/ -->\n<title>Craft Active Extreme X CN SS homme - Maillot thermique - MioMioRun.com<\/title>\n<meta name=\"description\" content=\"Active Extreme X CN SS est une couche de base hautement fonctionnelle con\u00e7ue pour les entra\u00eenements intensifs dans des conditions climatiques douces \u00e0 froides.\" \/>\n<meta name=\"robots\" content=\"index, follow, max-snippet:-1, max-image-preview:large, max-video-preview:-1\" \/>\n<link rel=\"canonical\" href=\"https:\/\/www.miomiorun.com\/fr\/produit\/craft-active-extreme-x-cn-ss-homme\/\" \/>\n<meta property=\"og:locale\" content=\"fr_FR\" \/>\n<meta property=\"og:type\" content=\"article\" \/>\n<meta property=\"og:title\" content=\"Craft Active Extreme X CN SS homme - Maillot thermique - MioMioRun.com\" \/>\n<meta property=\"og:description\" content=\"Active Extreme X CN SS est une couche de base hautement fonctionnelle con\u00e7ue pour les entra\u00eenements intensifs dans des conditions climatiques douces \u00e0 froides.\" \/>\n<meta property=\"og:url\" content=\"https:\/\/www.miomiorun.com\/fr\/produit\/craft-active-extreme-x-cn-ss-homme\/\" \/>\n<meta property=\"og:site_name\" content=\"MioMioRun\" \/>\n<meta property=\"article:publisher\" content=\"https:\/\/www.facebook.com\/miomiorun\/\" \/>\n<meta property=\"article:modified_time\" content=\"2026-01-15T11:17:18+00:00\" \/>\n<meta property=\"og:image\" content=\"https:\/\/www.miomiorun.com\/app\/uploads\/2021\/01\/craft-Active-Extreme-X-CN-SS-1909678-999000.jpg\" \/>\n\t<meta property=\"og:image:width\" content=\"600\" \/>\n\t<meta property=\"og:image:height\" content=\"600\" \/>\n\t<meta property=\"og:image:type\" content=\"image\/jpeg\" \/>\n<meta name=\"twitter:card\" content=\"summary_large_image\" \/>\n<meta name=\"twitter:label1\" content=\"Est. reading time\" \/>\n\t<meta name=\"twitter:data1\" content=\"2 minutes\" \/>\n<script type=\"application\/ld+json\" class=\"yoast-schema-graph\">{\"@context\":\"https:\/\/schema.org\",\"@graph\":[{\"@type\":\"WebPage\",\"@id\":\"https:\/\/www.miomiorun.com\/fr\/produit\/craft-active-extreme-x-cn-ss-homme\/\",\"url\":\"https:\/\/www.miomiorun.com\/fr\/produit\/craft-active-extreme-x-cn-ss-homme\/\",\"name\":\"Craft Active Extreme X CN SS homme - Maillot thermique - MioMioRun.com\",\"isPartOf\":{\"@id\":\"https:\/\/www.miomiorun.com\/fr\/#website\"},\"primaryImageOfPage\":{\"@id\":\"https:\/\/www.miomiorun.com\/fr\/produit\/craft-active-extreme-x-cn-ss-homme\/#primaryimage\"},\"image\":{\"@id\":\"https:\/\/www.miomiorun.com\/fr\/produit\/craft-active-extreme-x-cn-ss-homme\/#primaryimage\"},\"thumbnailUrl\":\"https:\/\/www.miomiorun.com\/app\/uploads\/2021\/01\/craft-Active-Extreme-X-CN-SS-1909678-999000.jpg\",\"datePublished\":\"2021-01-15T08:42:23+00:00\",\"dateModified\":\"2026-01-15T11:17:18+00:00\",\"description\":\"Active Extreme X CN SS est une couche de base hautement fonctionnelle con\u00e7ue pour les entra\u00eenements intensifs dans des conditions climatiques douces \u00e0 froides.\",\"breadcrumb\":{\"@id\":\"https:\/\/www.miomiorun.com\/fr\/produit\/craft-active-extreme-x-cn-ss-homme\/#breadcrumb\"},\"inLanguage\":\"fr-FR\",\"potentialAction\":[{\"@type\":\"ReadAction\",\"target\":[\"https:\/\/www.miomiorun.com\/fr\/produit\/craft-active-extreme-x-cn-ss-homme\/\"]}]},{\"@type\":\"ImageObject\",\"inLanguage\":\"fr-FR\",\"@id\":\"https:\/\/www.miomiorun.com\/fr\/produit\/craft-active-extreme-x-cn-ss-homme\/#primaryimage\",\"url\":\"https:\/\/www.miomiorun.com\/app\/uploads\/2021\/01\/craft-Active-Extreme-X-CN-SS-1909678-999000.jpg\",\"contentUrl\":\"https:\/\/www.miomiorun.com\/app\/uploads\/2021\/01\/craft-Active-Extreme-X-CN-SS-1909678-999000.jpg\",\"width\":600,\"height\":600,\"caption\":\"craft active extreme x cn ss\"},{\"@type\":\"BreadcrumbList\",\"@id\":\"https:\/\/www.miomiorun.com\/fr\/produit\/craft-active-extreme-x-cn-ss-homme\/#breadcrumb\",\"itemListElement\":[{\"@type\":\"ListItem\",\"position\":1,\"name\":\"Home\",\"item\":\"https:\/\/www.miomiorun.com\/fr\/home-page\/\"},{\"@type\":\"ListItem\",\"position\":2,\"name\":\"Shop\",\"item\":\"https:\/\/www.miomiorun.com\/shop\/\"},{\"@type\":\"ListItem\",\"position\":3,\"name\":\"Active Extreme X CN SS homme\"}]},{\"@type\":\"WebSite\",\"@id\":\"https:\/\/www.miomiorun.com\/fr\/#website\",\"url\":\"https:\/\/www.miomiorun.com\/fr\/\",\"name\":\"MioMioRun\",\"description\":\"Boutique 100% running et trail\",\"publisher\":{\"@id\":\"https:\/\/www.miomiorun.com\/fr\/#organization\"},\"potentialAction\":[{\"@type\":\"SearchAction\",\"target\":{\"@type\":\"EntryPoint\",\"urlTemplate\":\"https:\/\/www.miomiorun.com\/fr\/?s={search_term_string}\"},\"query-input\":{\"@type\":\"PropertyValueSpecification\",\"valueRequired\":true,\"valueName\":\"search_term_string\"}}],\"inLanguage\":\"fr-FR\"},{\"@type\":\"Organization\",\"@id\":\"https:\/\/www.miomiorun.com\/fr\/#organization\",\"name\":\"MioMio Run\",\"url\":\"https:\/\/www.miomiorun.com\/fr\/\",\"logo\":{\"@type\":\"ImageObject\",\"inLanguage\":\"fr-FR\",\"@id\":\"https:\/\/www.miomiorun.com\/fr\/#\/schema\/logo\/image\/\",\"url\":\"https:\/\/www.miomiorun.com\/app\/uploads\/2019\/12\/logomio.png\",\"contentUrl\":\"https:\/\/www.miomiorun.com\/app\/uploads\/2019\/12\/logomio.png\",\"width\":115,\"height\":82,\"caption\":\"MioMio Run\"},\"image\":{\"@id\":\"https:\/\/www.miomiorun.com\/fr\/#\/schema\/logo\/image\/\"},\"sameAs\":[\"https:\/\/www.facebook.com\/miomiorun\/\",\"https:\/\/www.instagram.com\/miomiorun\/\"]}]}<\/script>\n<!-- \/ Yoast SEO plugin. -->","yoast_head_json":{"title":"Craft Active Extreme X CN SS homme - Maillot thermique - MioMioRun.com","description":"Active Extreme X CN SS est une couche de base hautement fonctionnelle con\u00e7ue pour les entra\u00eenements intensifs dans des conditions climatiques douces \u00e0 froides.","robots":{"index":"index","follow":"follow","max-snippet":"max-snippet:-1","max-image-preview":"max-image-preview:large","max-video-preview":"max-video-preview:-1"},"canonical":"https:\/\/www.miomiorun.com\/fr\/produit\/craft-active-extreme-x-cn-ss-homme\/","og_locale":"fr_FR","og_type":"article","og_title":"Craft Active Extreme X CN SS homme - Maillot thermique - MioMioRun.com","og_description":"Active Extreme X CN SS est une couche de base hautement fonctionnelle con\u00e7ue pour les entra\u00eenements intensifs dans des conditions climatiques douces \u00e0 froides.","og_url":"https:\/\/www.miomiorun.com\/fr\/produit\/craft-active-extreme-x-cn-ss-homme\/","og_site_name":"MioMioRun","article_publisher":"https:\/\/www.facebook.com\/miomiorun\/","article_modified_time":"2026-01-15T11:17:18+00:00","og_image":[{"width":600,"height":600,"url":"https:\/\/www.miomiorun.com\/app\/uploads\/2021\/01\/craft-Active-Extreme-X-CN-SS-1909678-999000.jpg","type":"image\/jpeg"}],"twitter_card":"summary_large_image","twitter_misc":{"Est. reading time":"2 minutes"},"schema":{"@context":"https:\/\/schema.org","@graph":[{"@type":"WebPage","@id":"https:\/\/www.miomiorun.com\/fr\/produit\/craft-active-extreme-x-cn-ss-homme\/","url":"https:\/\/www.miomiorun.com\/fr\/produit\/craft-active-extreme-x-cn-ss-homme\/","name":"Craft Active Extreme X CN SS homme - Maillot thermique - MioMioRun.com","isPartOf":{"@id":"https:\/\/www.miomiorun.com\/fr\/#website"},"primaryImageOfPage":{"@id":"https:\/\/www.miomiorun.com\/fr\/produit\/craft-active-extreme-x-cn-ss-homme\/#primaryimage"},"image":{"@id":"https:\/\/www.miomiorun.com\/fr\/produit\/craft-active-extreme-x-cn-ss-homme\/#primaryimage"},"thumbnailUrl":"https:\/\/www.miomiorun.com\/app\/uploads\/2021\/01\/craft-Active-Extreme-X-CN-SS-1909678-999000.jpg","datePublished":"2021-01-15T08:42:23+00:00","dateModified":"2026-01-15T11:17:18+00:00","description":"Active Extreme X CN SS est une couche de base hautement fonctionnelle con\u00e7ue pour les entra\u00eenements intensifs dans des conditions climatiques douces \u00e0 froides.","breadcrumb":{"@id":"https:\/\/www.miomiorun.com\/fr\/produit\/craft-active-extreme-x-cn-ss-homme\/#breadcrumb"},"inLanguage":"fr-FR","potentialAction":[{"@type":"ReadAction","target":["https:\/\/www.miomiorun.com\/fr\/produit\/craft-active-extreme-x-cn-ss-homme\/"]}]},{"@type":"ImageObject","inLanguage":"fr-FR","@id":"https:\/\/www.miomiorun.com\/fr\/produit\/craft-active-extreme-x-cn-ss-homme\/#primaryimage","url":"https:\/\/www.miomiorun.com\/app\/uploads\/2021\/01\/craft-Active-Extreme-X-CN-SS-1909678-999000.jpg","contentUrl":"https:\/\/www.miomiorun.com\/app\/uploads\/2021\/01\/craft-Active-Extreme-X-CN-SS-1909678-999000.jpg","width":600,"height":600,"caption":"craft active extreme x cn ss"},{"@type":"BreadcrumbList","@id":"https:\/\/www.miomiorun.com\/fr\/produit\/craft-active-extreme-x-cn-ss-homme\/#breadcrumb","itemListElement":[{"@type":"ListItem","position":1,"name":"Home","item":"https:\/\/www.miomiorun.com\/fr\/home-page\/"},{"@type":"ListItem","position":2,"name":"Shop","item":"https:\/\/www.miomiorun.com\/shop\/"},{"@type":"ListItem","position":3,"name":"Active Extreme X CN SS homme"}]},{"@type":"WebSite","@id":"https:\/\/www.miomiorun.com\/fr\/#website","url":"https:\/\/www.miomiorun.com\/fr\/","name":"MioMioRun","description":"Boutique 100% running et trail","publisher":{"@id":"https:\/\/www.miomiorun.com\/fr\/#organization"},"potentialAction":[{"@type":"SearchAction","target":{"@type":"EntryPoint","urlTemplate":"https:\/\/www.miomiorun.com\/fr\/?s={search_term_string}"},"query-input":{"@type":"PropertyValueSpecification","valueRequired":true,"valueName":"search_term_string"}}],"inLanguage":"fr-FR"},{"@type":"Organization","@id":"https:\/\/www.miomiorun.com\/fr\/#organization","name":"MioMio Run","url":"https:\/\/www.miomiorun.com\/fr\/","logo":{"@type":"ImageObject","inLanguage":"fr-FR","@id":"https:\/\/www.miomiorun.com\/fr\/#\/schema\/logo\/image\/","url":"https:\/\/www.miomiorun.com\/app\/uploads\/2019\/12\/logomio.png","contentUrl":"https:\/\/www.miomiorun.com\/app\/uploads\/2019\/12\/logomio.png","width":115,"height":82,"caption":"MioMio Run"},"image":{"@id":"https:\/\/www.miomiorun.com\/fr\/#\/schema\/logo\/image\/"},"sameAs":["https:\/\/www.facebook.com\/miomiorun\/","https:\/\/www.instagram.com\/miomiorun\/"]}]}},"_links":{"self":[{"href":"https:\/\/www.miomiorun.com\/fr\/wp-json\/wp\/v2\/product\/276495","targetHints":{"allow":["GET"]}}],"collection":[{"href":"https:\/\/www.miomiorun.com\/fr\/wp-json\/wp\/v2\/product"}],"about":[{"href":"https:\/\/www.miomiorun.com\/fr\/wp-json\/wp\/v2\/types\/product"}],"wp:featuredmedia":[{"embeddable":true,"href":"https:\/\/www.miomiorun.com\/fr\/wp-json\/wp\/v2\/media\/231243"}],"wp:attachment":[{"href":"https:\/\/www.miomiorun.com\/fr\/wp-json\/wp\/v2\/media?parent=276495"}],"wp:term":[{"taxonomy":"product_brand","embeddable":true,"href":"https:\/\/www.miomiorun.com\/fr\/wp-json\/wp\/v2\/product_brand?post=276495"},{"taxonomy":"product_cat","embeddable":true,"href":"https:\/\/www.miomiorun.com\/fr\/wp-json\/wp\/v2\/product_cat?post=276495"},{"taxonomy":"product_tag","embeddable":true,"href":"https:\/\/www.miomiorun.com\/fr\/wp-json\/wp\/v2\/product_tag?post=276495"}],"curies":[{"name":"wp","href":"https:\/\/api.w.org\/{rel}","templated":true}]}}