{"id":276466,"date":"2021-01-15T18:33:21","date_gmt":"2021-01-15T17:33:21","guid":{"rendered":"https:\/\/miomiorun.com\/prodotto\/craft-active-intensity-cn-ls-donna\/"},"modified":"2026-01-15T12:20:15","modified_gmt":"2026-01-15T11:20:15","slug":"craft-active-intensity-cn-ls-femme","status":"publish","type":"product","link":"https:\/\/www.miomiorun.com\/fr\/produit\/craft-active-intensity-cn-ls-femme\/","title":{"rendered":"Active Intensity CN LS femme"},"content":{"rendered":"<p>Active Intensity est une couche de base innovante qui offre d&#8217;excellentes performances lors d&#8217;activit\u00e9s intenses dans des conditions climatiques douces \u00e0 froides. Le tissu fonctionnel et \u00e9lastique, associ\u00e9 \u00e0 une conception sans coutures, \u00e0 des structures bodymap et \u00e0 une coupe athl\u00e9tique, garantit une excellente gestion de la temp\u00e9rature corporelle et un confort optimal. Choix id\u00e9al pour les sportifs passionn\u00e9s, le t-shirt Active Intensity Crew Neck est parfait pour les entra\u00eenements intenses tels que le ski de fond, la course \u00e0 pied et le cyclisme. De plus, ce t-shirt peut \u00e9galement \u00eatre port\u00e9 seul et se combine avec la plupart de nos collants.<\/p>\n<p>&#8211; Transport de l&#8217;humidit\u00e9 tr\u00e8s efficace<br \/>\n&#8211; Conception bodymapped<br \/>\n&#8211; Construction sans coutures<\/p>\n<h3>Mat\u00e9riau<\/h3>\n<p>57 % polyester recycl\u00e9 43 % polyamide<\/p>\n<p>&nbsp;<\/p>\n","protected":false},"excerpt":{"rendered":"<p>Active Intensity est une couche de base innovante qui offre d&#8217;excellentes performances lors d&#8217;activit\u00e9s intenses dans des conditions climatiques douces \u00e0 froides. Le tissu fonctionnel et \u00e9lastique, associ\u00e9 \u00e0 une conception sans coutures, \u00e0 des structures bodymap et \u00e0 une coupe athl\u00e9tique, garantit une excellente gestion de la temp\u00e9rature corporelle et un confort optimal. Choix &hellip; <a href=\"https:\/\/www.miomiorun.com\/fr\/produit\/craft-active-intensity-cn-ls-femme\/\">Continued<\/a><\/p>\n","protected":false},"featured_media":231251,"template":"","meta":{"_acf_changed":false,"inline_featured_image":false},"product_brand":[],"product_cat":[22600,22596,22595],"product_tag":[23554,23648],"class_list":{"0":"post-276466","1":"product","2":"type-product","3":"status-publish","4":"has-post-thumbnail","6":"product_cat-sous-vetements","7":"product_cat-vetements-pour-femmes","8":"product_cat-femme","9":"product_tag-craft-fr","10":"product_tag-craft-femme","11":"pa_attivita-marcher","12":"pa_attivita-outdoor-fr","13":"pa_attivita-running-fr","14":"pa_attivita-trail-fr","15":"pa_colore-active-intensity-cn-ls-w-black-fr","16":"pa_colore-active-intensity-cn-ls-w-black-granit-fr","17":"pa_colore-active-intensity-cn-ls-w-poppy-print-fr-2","18":"pa_marca-craft-fr","19":"pa_sesso-femme","20":"pa_size-extra-small-fr","21":"pa_size-small-fr","22":"pa_size-medium-fr","23":"pa_size-large-fr","25":"first","26":"instock","27":"sale","28":"taxable","29":"shipping-taxable","30":"purchasable","31":"product-type-variable","32":"wvs-archive-product-wrapper"},"acf":[],"yoast_head":"<!-- This site is optimized with the Yoast SEO plugin v26.8 - https:\/\/yoast.com\/product\/yoast-seo-wordpress\/ -->\n<title>Craft Active Intensity CN LS femme - Sous-v\u00eatements thermiques - MioMioRun.com<\/title>\n<meta name=\"description\" content=\"Active Intensity est une couche de base innovante qui offre d&#039;excellentes performances lors d&#039;activit\u00e9s intenses dans des conditions climatiques douces \u00e0 froides.\" \/>\n<meta name=\"robots\" content=\"index, follow, max-snippet:-1, max-image-preview:large, max-video-preview:-1\" \/>\n<link rel=\"canonical\" href=\"https:\/\/www.miomiorun.com\/fr\/produit\/craft-active-intensity-cn-ls-femme\/\" \/>\n<meta property=\"og:locale\" content=\"fr_FR\" \/>\n<meta property=\"og:type\" content=\"article\" \/>\n<meta property=\"og:title\" content=\"Craft Active Intensity CN LS femme - Sous-v\u00eatements thermiques - MioMioRun.com\" \/>\n<meta property=\"og:description\" content=\"Active Intensity est une couche de base innovante qui offre d&#039;excellentes performances lors d&#039;activit\u00e9s intenses dans des conditions climatiques douces \u00e0 froides.\" \/>\n<meta property=\"og:url\" content=\"https:\/\/www.miomiorun.com\/fr\/produit\/craft-active-intensity-cn-ls-femme\/\" \/>\n<meta property=\"og:site_name\" content=\"MioMioRun\" \/>\n<meta property=\"article:publisher\" content=\"https:\/\/www.facebook.com\/miomiorun\/\" \/>\n<meta property=\"article:modified_time\" content=\"2026-01-15T11:20:15+00:00\" \/>\n<meta property=\"og:image\" content=\"https:\/\/www.miomiorun.com\/app\/uploads\/2021\/01\/craft-Active-Intensity-CN-LS-1907937-999995.jpg\" \/>\n\t<meta property=\"og:image:width\" content=\"600\" \/>\n\t<meta property=\"og:image:height\" content=\"600\" \/>\n\t<meta property=\"og:image:type\" content=\"image\/jpeg\" \/>\n<meta name=\"twitter:card\" content=\"summary_large_image\" \/>\n<meta name=\"twitter:label1\" content=\"Est. reading time\" \/>\n\t<meta name=\"twitter:data1\" content=\"1 minute\" \/>\n<script type=\"application\/ld+json\" class=\"yoast-schema-graph\">{\"@context\":\"https:\/\/schema.org\",\"@graph\":[{\"@type\":\"WebPage\",\"@id\":\"https:\/\/www.miomiorun.com\/fr\/produit\/craft-active-intensity-cn-ls-femme\/\",\"url\":\"https:\/\/www.miomiorun.com\/fr\/produit\/craft-active-intensity-cn-ls-femme\/\",\"name\":\"Craft Active Intensity CN LS femme - Sous-v\u00eatements thermiques - MioMioRun.com\",\"isPartOf\":{\"@id\":\"https:\/\/www.miomiorun.com\/fr\/#website\"},\"primaryImageOfPage\":{\"@id\":\"https:\/\/www.miomiorun.com\/fr\/produit\/craft-active-intensity-cn-ls-femme\/#primaryimage\"},\"image\":{\"@id\":\"https:\/\/www.miomiorun.com\/fr\/produit\/craft-active-intensity-cn-ls-femme\/#primaryimage\"},\"thumbnailUrl\":\"https:\/\/www.miomiorun.com\/app\/uploads\/2021\/01\/craft-Active-Intensity-CN-LS-1907937-999995.jpg\",\"datePublished\":\"2021-01-15T17:33:21+00:00\",\"dateModified\":\"2026-01-15T11:20:15+00:00\",\"description\":\"Active Intensity est une couche de base innovante qui offre d'excellentes performances lors d'activit\u00e9s intenses dans des conditions climatiques douces \u00e0 froides.\",\"breadcrumb\":{\"@id\":\"https:\/\/www.miomiorun.com\/fr\/produit\/craft-active-intensity-cn-ls-femme\/#breadcrumb\"},\"inLanguage\":\"fr-FR\",\"potentialAction\":[{\"@type\":\"ReadAction\",\"target\":[\"https:\/\/www.miomiorun.com\/fr\/produit\/craft-active-intensity-cn-ls-femme\/\"]}]},{\"@type\":\"ImageObject\",\"inLanguage\":\"fr-FR\",\"@id\":\"https:\/\/www.miomiorun.com\/fr\/produit\/craft-active-intensity-cn-ls-femme\/#primaryimage\",\"url\":\"https:\/\/www.miomiorun.com\/app\/uploads\/2021\/01\/craft-Active-Intensity-CN-LS-1907937-999995.jpg\",\"contentUrl\":\"https:\/\/www.miomiorun.com\/app\/uploads\/2021\/01\/craft-Active-Intensity-CN-LS-1907937-999995.jpg\",\"width\":600,\"height\":600,\"caption\":\"craft active intensity cn\"},{\"@type\":\"BreadcrumbList\",\"@id\":\"https:\/\/www.miomiorun.com\/fr\/produit\/craft-active-intensity-cn-ls-femme\/#breadcrumb\",\"itemListElement\":[{\"@type\":\"ListItem\",\"position\":1,\"name\":\"Home\",\"item\":\"https:\/\/www.miomiorun.com\/fr\/home-page\/\"},{\"@type\":\"ListItem\",\"position\":2,\"name\":\"Shop\",\"item\":\"https:\/\/www.miomiorun.com\/shop\/\"},{\"@type\":\"ListItem\",\"position\":3,\"name\":\"Active Intensity CN LS femme\"}]},{\"@type\":\"WebSite\",\"@id\":\"https:\/\/www.miomiorun.com\/fr\/#website\",\"url\":\"https:\/\/www.miomiorun.com\/fr\/\",\"name\":\"MioMioRun\",\"description\":\"Boutique 100% running et trail\",\"publisher\":{\"@id\":\"https:\/\/www.miomiorun.com\/fr\/#organization\"},\"potentialAction\":[{\"@type\":\"SearchAction\",\"target\":{\"@type\":\"EntryPoint\",\"urlTemplate\":\"https:\/\/www.miomiorun.com\/fr\/?s={search_term_string}\"},\"query-input\":{\"@type\":\"PropertyValueSpecification\",\"valueRequired\":true,\"valueName\":\"search_term_string\"}}],\"inLanguage\":\"fr-FR\"},{\"@type\":\"Organization\",\"@id\":\"https:\/\/www.miomiorun.com\/fr\/#organization\",\"name\":\"MioMio Run\",\"url\":\"https:\/\/www.miomiorun.com\/fr\/\",\"logo\":{\"@type\":\"ImageObject\",\"inLanguage\":\"fr-FR\",\"@id\":\"https:\/\/www.miomiorun.com\/fr\/#\/schema\/logo\/image\/\",\"url\":\"https:\/\/www.miomiorun.com\/app\/uploads\/2019\/12\/logomio.png\",\"contentUrl\":\"https:\/\/www.miomiorun.com\/app\/uploads\/2019\/12\/logomio.png\",\"width\":115,\"height\":82,\"caption\":\"MioMio Run\"},\"image\":{\"@id\":\"https:\/\/www.miomiorun.com\/fr\/#\/schema\/logo\/image\/\"},\"sameAs\":[\"https:\/\/www.facebook.com\/miomiorun\/\",\"https:\/\/www.instagram.com\/miomiorun\/\"]}]}<\/script>\n<!-- \/ Yoast SEO plugin. -->","yoast_head_json":{"title":"Craft Active Intensity CN LS femme - Sous-v\u00eatements thermiques - MioMioRun.com","description":"Active Intensity est une couche de base innovante qui offre d'excellentes performances lors d'activit\u00e9s intenses dans des conditions climatiques douces \u00e0 froides.","robots":{"index":"index","follow":"follow","max-snippet":"max-snippet:-1","max-image-preview":"max-image-preview:large","max-video-preview":"max-video-preview:-1"},"canonical":"https:\/\/www.miomiorun.com\/fr\/produit\/craft-active-intensity-cn-ls-femme\/","og_locale":"fr_FR","og_type":"article","og_title":"Craft Active Intensity CN LS femme - Sous-v\u00eatements thermiques - MioMioRun.com","og_description":"Active Intensity est une couche de base innovante qui offre d'excellentes performances lors d'activit\u00e9s intenses dans des conditions climatiques douces \u00e0 froides.","og_url":"https:\/\/www.miomiorun.com\/fr\/produit\/craft-active-intensity-cn-ls-femme\/","og_site_name":"MioMioRun","article_publisher":"https:\/\/www.facebook.com\/miomiorun\/","article_modified_time":"2026-01-15T11:20:15+00:00","og_image":[{"width":600,"height":600,"url":"https:\/\/www.miomiorun.com\/app\/uploads\/2021\/01\/craft-Active-Intensity-CN-LS-1907937-999995.jpg","type":"image\/jpeg"}],"twitter_card":"summary_large_image","twitter_misc":{"Est. reading time":"1 minute"},"schema":{"@context":"https:\/\/schema.org","@graph":[{"@type":"WebPage","@id":"https:\/\/www.miomiorun.com\/fr\/produit\/craft-active-intensity-cn-ls-femme\/","url":"https:\/\/www.miomiorun.com\/fr\/produit\/craft-active-intensity-cn-ls-femme\/","name":"Craft Active Intensity CN LS femme - Sous-v\u00eatements thermiques - MioMioRun.com","isPartOf":{"@id":"https:\/\/www.miomiorun.com\/fr\/#website"},"primaryImageOfPage":{"@id":"https:\/\/www.miomiorun.com\/fr\/produit\/craft-active-intensity-cn-ls-femme\/#primaryimage"},"image":{"@id":"https:\/\/www.miomiorun.com\/fr\/produit\/craft-active-intensity-cn-ls-femme\/#primaryimage"},"thumbnailUrl":"https:\/\/www.miomiorun.com\/app\/uploads\/2021\/01\/craft-Active-Intensity-CN-LS-1907937-999995.jpg","datePublished":"2021-01-15T17:33:21+00:00","dateModified":"2026-01-15T11:20:15+00:00","description":"Active Intensity est une couche de base innovante qui offre d'excellentes performances lors d'activit\u00e9s intenses dans des conditions climatiques douces \u00e0 froides.","breadcrumb":{"@id":"https:\/\/www.miomiorun.com\/fr\/produit\/craft-active-intensity-cn-ls-femme\/#breadcrumb"},"inLanguage":"fr-FR","potentialAction":[{"@type":"ReadAction","target":["https:\/\/www.miomiorun.com\/fr\/produit\/craft-active-intensity-cn-ls-femme\/"]}]},{"@type":"ImageObject","inLanguage":"fr-FR","@id":"https:\/\/www.miomiorun.com\/fr\/produit\/craft-active-intensity-cn-ls-femme\/#primaryimage","url":"https:\/\/www.miomiorun.com\/app\/uploads\/2021\/01\/craft-Active-Intensity-CN-LS-1907937-999995.jpg","contentUrl":"https:\/\/www.miomiorun.com\/app\/uploads\/2021\/01\/craft-Active-Intensity-CN-LS-1907937-999995.jpg","width":600,"height":600,"caption":"craft active intensity cn"},{"@type":"BreadcrumbList","@id":"https:\/\/www.miomiorun.com\/fr\/produit\/craft-active-intensity-cn-ls-femme\/#breadcrumb","itemListElement":[{"@type":"ListItem","position":1,"name":"Home","item":"https:\/\/www.miomiorun.com\/fr\/home-page\/"},{"@type":"ListItem","position":2,"name":"Shop","item":"https:\/\/www.miomiorun.com\/shop\/"},{"@type":"ListItem","position":3,"name":"Active Intensity CN LS femme"}]},{"@type":"WebSite","@id":"https:\/\/www.miomiorun.com\/fr\/#website","url":"https:\/\/www.miomiorun.com\/fr\/","name":"MioMioRun","description":"Boutique 100% running et trail","publisher":{"@id":"https:\/\/www.miomiorun.com\/fr\/#organization"},"potentialAction":[{"@type":"SearchAction","target":{"@type":"EntryPoint","urlTemplate":"https:\/\/www.miomiorun.com\/fr\/?s={search_term_string}"},"query-input":{"@type":"PropertyValueSpecification","valueRequired":true,"valueName":"search_term_string"}}],"inLanguage":"fr-FR"},{"@type":"Organization","@id":"https:\/\/www.miomiorun.com\/fr\/#organization","name":"MioMio Run","url":"https:\/\/www.miomiorun.com\/fr\/","logo":{"@type":"ImageObject","inLanguage":"fr-FR","@id":"https:\/\/www.miomiorun.com\/fr\/#\/schema\/logo\/image\/","url":"https:\/\/www.miomiorun.com\/app\/uploads\/2019\/12\/logomio.png","contentUrl":"https:\/\/www.miomiorun.com\/app\/uploads\/2019\/12\/logomio.png","width":115,"height":82,"caption":"MioMio Run"},"image":{"@id":"https:\/\/www.miomiorun.com\/fr\/#\/schema\/logo\/image\/"},"sameAs":["https:\/\/www.facebook.com\/miomiorun\/","https:\/\/www.instagram.com\/miomiorun\/"]}]}},"_links":{"self":[{"href":"https:\/\/www.miomiorun.com\/fr\/wp-json\/wp\/v2\/product\/276466","targetHints":{"allow":["GET"]}}],"collection":[{"href":"https:\/\/www.miomiorun.com\/fr\/wp-json\/wp\/v2\/product"}],"about":[{"href":"https:\/\/www.miomiorun.com\/fr\/wp-json\/wp\/v2\/types\/product"}],"wp:featuredmedia":[{"embeddable":true,"href":"https:\/\/www.miomiorun.com\/fr\/wp-json\/wp\/v2\/media\/231251"}],"wp:attachment":[{"href":"https:\/\/www.miomiorun.com\/fr\/wp-json\/wp\/v2\/media?parent=276466"}],"wp:term":[{"taxonomy":"product_brand","embeddable":true,"href":"https:\/\/www.miomiorun.com\/fr\/wp-json\/wp\/v2\/product_brand?post=276466"},{"taxonomy":"product_cat","embeddable":true,"href":"https:\/\/www.miomiorun.com\/fr\/wp-json\/wp\/v2\/product_cat?post=276466"},{"taxonomy":"product_tag","embeddable":true,"href":"https:\/\/www.miomiorun.com\/fr\/wp-json\/wp\/v2\/product_tag?post=276466"}],"curies":[{"name":"wp","href":"https:\/\/api.w.org\/{rel}","templated":true}]}}