{"id":276405,"date":"2021-01-29T12:05:10","date_gmt":"2021-01-29T11:05:10","guid":{"rendered":"https:\/\/miomiorun.com\/prodotto\/craft-fuseknit-comfort-rn-ls-donna\/"},"modified":"2026-05-08T20:49:47","modified_gmt":"2026-05-08T18:49:47","slug":"craft-fuseknit-comfort-rn-ls-femme","status":"publish","type":"product","link":"https:\/\/www.miomiorun.com\/fr\/produit\/craft-fuseknit-comfort-rn-ls-femme\/","title":{"rendered":"Fuseknit Comfort RN LS femme"},"content":{"rendered":"<p>Maillot souple et \u00e9lastique avec design Fuseknit sans coutures.<\/p>\n<p>Le Fuseknit Comfort RN LS est fabriqu\u00e9 \u00e0 partir d&#8217;un fil l\u00e9ger et chaud pour une thermor\u00e9gulation optimale et offre un excellent transfert d&#8217;humidit\u00e9 afin de garder le corps au sec et \u00e0 l&#8217;aise. De plus, ce pull b\u00e9n\u00e9ficie de la technologie innovante Fuseknit, qui combine des parties tricot\u00e9es sans coutures avec des coutures ergonomiques et strat\u00e9giques pour cr\u00e9er des v\u00eatements souples et \u00e9lastiques. Il en r\u00e9sulte moins de coutures et une exp\u00e9rience fluide, sans frottements et tr\u00e8s confortable. Un choix parfait pour tous les types d&#8217;activit\u00e9s hivernales.<\/p>\n<p>&#8211; Coutures flatlock<br \/>\n&#8211; Bodymapped avec diff\u00e9rentes structures pour une thermor\u00e9gulation optimale<br \/>\n&#8211; Design Fuseknit sans coutures pour un confort optimal<br \/>\n&#8211; M\u00e9lange de polyester recycl\u00e9<\/p>\n<p>&nbsp;<\/p>\n<h4>Tissu<\/h4>\n<p>32 % polyester, 35 % polyester recycl\u00e9, 31 % polyamide, 2 % \u00e9lasthanne<\/p>\n<p>&nbsp;<\/p>\n","protected":false},"excerpt":{"rendered":"<p>Maillot souple et \u00e9lastique avec design Fuseknit sans coutures. Le Fuseknit Comfort RN LS est fabriqu\u00e9 \u00e0 partir d&#8217;un fil l\u00e9ger et chaud pour une thermor\u00e9gulation optimale et offre un excellent transfert d&#8217;humidit\u00e9 afin de garder le corps au sec et \u00e0 l&#8217;aise. De plus, ce pull b\u00e9n\u00e9ficie de la technologie innovante Fuseknit, qui combine &hellip; <a href=\"https:\/\/www.miomiorun.com\/fr\/produit\/craft-fuseknit-comfort-rn-ls-femme\/\">Continued<\/a><\/p>\n","protected":false},"featured_media":231281,"template":"","meta":{"_acf_changed":false,"inline_featured_image":false},"product_brand":[],"product_cat":[22600,22596,22595],"product_tag":[23554,23648],"class_list":{"0":"post-276405","1":"product","2":"type-product","3":"status-publish","4":"has-post-thumbnail","6":"product_cat-sous-vetements","7":"product_cat-vetements-pour-femmes","8":"product_cat-femme","9":"product_tag-craft-fr","10":"product_tag-craft-femme","11":"pa_attivita-marcher","12":"pa_attivita-outdoor-fr","13":"pa_attivita-running-fr","14":"pa_attivita-trail-fr","15":"pa_colore-fuseknit-comfort-rn-ls-black-fr-2","16":"pa_colore-fuseknit-comfort-rn-ls-dk-grey-melange-fr","17":"pa_colore-fuseknit-comfort-rn-ls-w-fantasy-fr","18":"pa_marca-craft-fr","19":"pa_sesso-femme","20":"pa_size-extra-small-fr","21":"pa_size-small-fr","22":"pa_size-medium-fr","23":"pa_size-large-fr","25":"first","26":"instock","27":"sale","28":"taxable","29":"shipping-taxable","30":"purchasable","31":"product-type-variable","32":"wvs-archive-product-wrapper"},"acf":[],"yoast_head":"<!-- This site is optimized with the Yoast SEO plugin v26.8 - https:\/\/yoast.com\/product\/yoast-seo-wordpress\/ -->\n<title>Craft Fuseknit Comfort RN LS femme - Sous-v\u00eatements thermiques - MioMioRun.com<\/title>\n<meta name=\"description\" content=\"Le Fuseknit Comfort RN LS est fabriqu\u00e9 \u00e0 partir d&#039;un fil l\u00e9ger et chaud pour une thermor\u00e9gulation optimale, afin de garder le corps au sec et \u00e0 l&#039;aise.\" \/>\n<meta name=\"robots\" content=\"index, follow, max-snippet:-1, max-image-preview:large, max-video-preview:-1\" \/>\n<link rel=\"canonical\" href=\"https:\/\/www.miomiorun.com\/fr\/produit\/craft-fuseknit-comfort-rn-ls-femme\/\" \/>\n<meta property=\"og:locale\" content=\"fr_FR\" \/>\n<meta property=\"og:type\" content=\"article\" \/>\n<meta property=\"og:title\" content=\"Craft Fuseknit Comfort RN LS femme - Sous-v\u00eatements thermiques - MioMioRun.com\" \/>\n<meta property=\"og:description\" content=\"Le Fuseknit Comfort RN LS est fabriqu\u00e9 \u00e0 partir d&#039;un fil l\u00e9ger et chaud pour une thermor\u00e9gulation optimale, afin de garder le corps au sec et \u00e0 l&#039;aise.\" \/>\n<meta property=\"og:url\" content=\"https:\/\/www.miomiorun.com\/fr\/produit\/craft-fuseknit-comfort-rn-ls-femme\/\" \/>\n<meta property=\"og:site_name\" content=\"MioMioRun\" \/>\n<meta property=\"article:publisher\" content=\"https:\/\/www.facebook.com\/miomiorun\/\" \/>\n<meta property=\"article:modified_time\" content=\"2026-05-08T18:49:47+00:00\" \/>\n<meta property=\"og:image\" content=\"https:\/\/www.miomiorun.com\/app\/uploads\/2021\/01\/craft-Fuseknit-Comfort-RN-LS-1906592-B99000.jpg\" \/>\n\t<meta property=\"og:image:width\" content=\"600\" \/>\n\t<meta property=\"og:image:height\" content=\"600\" \/>\n\t<meta property=\"og:image:type\" content=\"image\/jpeg\" \/>\n<meta name=\"twitter:card\" content=\"summary_large_image\" \/>\n<meta name=\"twitter:label1\" content=\"Est. reading time\" \/>\n\t<meta name=\"twitter:data1\" content=\"1 minute\" \/>\n<script type=\"application\/ld+json\" class=\"yoast-schema-graph\">{\"@context\":\"https:\/\/schema.org\",\"@graph\":[{\"@type\":\"WebPage\",\"@id\":\"https:\/\/www.miomiorun.com\/fr\/produit\/craft-fuseknit-comfort-rn-ls-femme\/\",\"url\":\"https:\/\/www.miomiorun.com\/fr\/produit\/craft-fuseknit-comfort-rn-ls-femme\/\",\"name\":\"Craft Fuseknit Comfort RN LS femme - Sous-v\u00eatements thermiques - MioMioRun.com\",\"isPartOf\":{\"@id\":\"https:\/\/www.miomiorun.com\/fr\/#website\"},\"primaryImageOfPage\":{\"@id\":\"https:\/\/www.miomiorun.com\/fr\/produit\/craft-fuseknit-comfort-rn-ls-femme\/#primaryimage\"},\"image\":{\"@id\":\"https:\/\/www.miomiorun.com\/fr\/produit\/craft-fuseknit-comfort-rn-ls-femme\/#primaryimage\"},\"thumbnailUrl\":\"https:\/\/www.miomiorun.com\/app\/uploads\/2021\/01\/craft-Fuseknit-Comfort-RN-LS-1906592-B99000.jpg\",\"datePublished\":\"2021-01-29T11:05:10+00:00\",\"dateModified\":\"2026-05-08T18:49:47+00:00\",\"description\":\"Le Fuseknit Comfort RN LS est fabriqu\u00e9 \u00e0 partir d'un fil l\u00e9ger et chaud pour une thermor\u00e9gulation optimale, afin de garder le corps au sec et \u00e0 l'aise.\",\"breadcrumb\":{\"@id\":\"https:\/\/www.miomiorun.com\/fr\/produit\/craft-fuseknit-comfort-rn-ls-femme\/#breadcrumb\"},\"inLanguage\":\"fr-FR\",\"potentialAction\":[{\"@type\":\"ReadAction\",\"target\":[\"https:\/\/www.miomiorun.com\/fr\/produit\/craft-fuseknit-comfort-rn-ls-femme\/\"]}]},{\"@type\":\"ImageObject\",\"inLanguage\":\"fr-FR\",\"@id\":\"https:\/\/www.miomiorun.com\/fr\/produit\/craft-fuseknit-comfort-rn-ls-femme\/#primaryimage\",\"url\":\"https:\/\/www.miomiorun.com\/app\/uploads\/2021\/01\/craft-Fuseknit-Comfort-RN-LS-1906592-B99000.jpg\",\"contentUrl\":\"https:\/\/www.miomiorun.com\/app\/uploads\/2021\/01\/craft-Fuseknit-Comfort-RN-LS-1906592-B99000.jpg\",\"width\":600,\"height\":600,\"caption\":\"craft fuseknit comfort rn\"},{\"@type\":\"BreadcrumbList\",\"@id\":\"https:\/\/www.miomiorun.com\/fr\/produit\/craft-fuseknit-comfort-rn-ls-femme\/#breadcrumb\",\"itemListElement\":[{\"@type\":\"ListItem\",\"position\":1,\"name\":\"Home\",\"item\":\"https:\/\/www.miomiorun.com\/fr\/home-page\/\"},{\"@type\":\"ListItem\",\"position\":2,\"name\":\"Shop\",\"item\":\"https:\/\/www.miomiorun.com\/shop\/\"},{\"@type\":\"ListItem\",\"position\":3,\"name\":\"Fuseknit Comfort RN LS femme\"}]},{\"@type\":\"WebSite\",\"@id\":\"https:\/\/www.miomiorun.com\/fr\/#website\",\"url\":\"https:\/\/www.miomiorun.com\/fr\/\",\"name\":\"MioMioRun\",\"description\":\"Boutique 100% running et trail\",\"publisher\":{\"@id\":\"https:\/\/www.miomiorun.com\/fr\/#organization\"},\"potentialAction\":[{\"@type\":\"SearchAction\",\"target\":{\"@type\":\"EntryPoint\",\"urlTemplate\":\"https:\/\/www.miomiorun.com\/fr\/?s={search_term_string}\"},\"query-input\":{\"@type\":\"PropertyValueSpecification\",\"valueRequired\":true,\"valueName\":\"search_term_string\"}}],\"inLanguage\":\"fr-FR\"},{\"@type\":\"Organization\",\"@id\":\"https:\/\/www.miomiorun.com\/fr\/#organization\",\"name\":\"MioMio Run\",\"url\":\"https:\/\/www.miomiorun.com\/fr\/\",\"logo\":{\"@type\":\"ImageObject\",\"inLanguage\":\"fr-FR\",\"@id\":\"https:\/\/www.miomiorun.com\/fr\/#\/schema\/logo\/image\/\",\"url\":\"https:\/\/www.miomiorun.com\/app\/uploads\/2019\/12\/logomio.png\",\"contentUrl\":\"https:\/\/www.miomiorun.com\/app\/uploads\/2019\/12\/logomio.png\",\"width\":115,\"height\":82,\"caption\":\"MioMio Run\"},\"image\":{\"@id\":\"https:\/\/www.miomiorun.com\/fr\/#\/schema\/logo\/image\/\"},\"sameAs\":[\"https:\/\/www.facebook.com\/miomiorun\/\",\"https:\/\/www.instagram.com\/miomiorun\/\"]}]}<\/script>\n<!-- \/ Yoast SEO plugin. -->","yoast_head_json":{"title":"Craft Fuseknit Comfort RN LS femme - Sous-v\u00eatements thermiques - MioMioRun.com","description":"Le Fuseknit Comfort RN LS est fabriqu\u00e9 \u00e0 partir d'un fil l\u00e9ger et chaud pour une thermor\u00e9gulation optimale, afin de garder le corps au sec et \u00e0 l'aise.","robots":{"index":"index","follow":"follow","max-snippet":"max-snippet:-1","max-image-preview":"max-image-preview:large","max-video-preview":"max-video-preview:-1"},"canonical":"https:\/\/www.miomiorun.com\/fr\/produit\/craft-fuseknit-comfort-rn-ls-femme\/","og_locale":"fr_FR","og_type":"article","og_title":"Craft Fuseknit Comfort RN LS femme - Sous-v\u00eatements thermiques - MioMioRun.com","og_description":"Le Fuseknit Comfort RN LS est fabriqu\u00e9 \u00e0 partir d'un fil l\u00e9ger et chaud pour une thermor\u00e9gulation optimale, afin de garder le corps au sec et \u00e0 l'aise.","og_url":"https:\/\/www.miomiorun.com\/fr\/produit\/craft-fuseknit-comfort-rn-ls-femme\/","og_site_name":"MioMioRun","article_publisher":"https:\/\/www.facebook.com\/miomiorun\/","article_modified_time":"2026-05-08T18:49:47+00:00","og_image":[{"width":600,"height":600,"url":"https:\/\/www.miomiorun.com\/app\/uploads\/2021\/01\/craft-Fuseknit-Comfort-RN-LS-1906592-B99000.jpg","type":"image\/jpeg"}],"twitter_card":"summary_large_image","twitter_misc":{"Est. reading time":"1 minute"},"schema":{"@context":"https:\/\/schema.org","@graph":[{"@type":"WebPage","@id":"https:\/\/www.miomiorun.com\/fr\/produit\/craft-fuseknit-comfort-rn-ls-femme\/","url":"https:\/\/www.miomiorun.com\/fr\/produit\/craft-fuseknit-comfort-rn-ls-femme\/","name":"Craft Fuseknit Comfort RN LS femme - Sous-v\u00eatements thermiques - MioMioRun.com","isPartOf":{"@id":"https:\/\/www.miomiorun.com\/fr\/#website"},"primaryImageOfPage":{"@id":"https:\/\/www.miomiorun.com\/fr\/produit\/craft-fuseknit-comfort-rn-ls-femme\/#primaryimage"},"image":{"@id":"https:\/\/www.miomiorun.com\/fr\/produit\/craft-fuseknit-comfort-rn-ls-femme\/#primaryimage"},"thumbnailUrl":"https:\/\/www.miomiorun.com\/app\/uploads\/2021\/01\/craft-Fuseknit-Comfort-RN-LS-1906592-B99000.jpg","datePublished":"2021-01-29T11:05:10+00:00","dateModified":"2026-05-08T18:49:47+00:00","description":"Le Fuseknit Comfort RN LS est fabriqu\u00e9 \u00e0 partir d'un fil l\u00e9ger et chaud pour une thermor\u00e9gulation optimale, afin de garder le corps au sec et \u00e0 l'aise.","breadcrumb":{"@id":"https:\/\/www.miomiorun.com\/fr\/produit\/craft-fuseknit-comfort-rn-ls-femme\/#breadcrumb"},"inLanguage":"fr-FR","potentialAction":[{"@type":"ReadAction","target":["https:\/\/www.miomiorun.com\/fr\/produit\/craft-fuseknit-comfort-rn-ls-femme\/"]}]},{"@type":"ImageObject","inLanguage":"fr-FR","@id":"https:\/\/www.miomiorun.com\/fr\/produit\/craft-fuseknit-comfort-rn-ls-femme\/#primaryimage","url":"https:\/\/www.miomiorun.com\/app\/uploads\/2021\/01\/craft-Fuseknit-Comfort-RN-LS-1906592-B99000.jpg","contentUrl":"https:\/\/www.miomiorun.com\/app\/uploads\/2021\/01\/craft-Fuseknit-Comfort-RN-LS-1906592-B99000.jpg","width":600,"height":600,"caption":"craft fuseknit comfort rn"},{"@type":"BreadcrumbList","@id":"https:\/\/www.miomiorun.com\/fr\/produit\/craft-fuseknit-comfort-rn-ls-femme\/#breadcrumb","itemListElement":[{"@type":"ListItem","position":1,"name":"Home","item":"https:\/\/www.miomiorun.com\/fr\/home-page\/"},{"@type":"ListItem","position":2,"name":"Shop","item":"https:\/\/www.miomiorun.com\/shop\/"},{"@type":"ListItem","position":3,"name":"Fuseknit Comfort RN LS femme"}]},{"@type":"WebSite","@id":"https:\/\/www.miomiorun.com\/fr\/#website","url":"https:\/\/www.miomiorun.com\/fr\/","name":"MioMioRun","description":"Boutique 100% running et trail","publisher":{"@id":"https:\/\/www.miomiorun.com\/fr\/#organization"},"potentialAction":[{"@type":"SearchAction","target":{"@type":"EntryPoint","urlTemplate":"https:\/\/www.miomiorun.com\/fr\/?s={search_term_string}"},"query-input":{"@type":"PropertyValueSpecification","valueRequired":true,"valueName":"search_term_string"}}],"inLanguage":"fr-FR"},{"@type":"Organization","@id":"https:\/\/www.miomiorun.com\/fr\/#organization","name":"MioMio Run","url":"https:\/\/www.miomiorun.com\/fr\/","logo":{"@type":"ImageObject","inLanguage":"fr-FR","@id":"https:\/\/www.miomiorun.com\/fr\/#\/schema\/logo\/image\/","url":"https:\/\/www.miomiorun.com\/app\/uploads\/2019\/12\/logomio.png","contentUrl":"https:\/\/www.miomiorun.com\/app\/uploads\/2019\/12\/logomio.png","width":115,"height":82,"caption":"MioMio Run"},"image":{"@id":"https:\/\/www.miomiorun.com\/fr\/#\/schema\/logo\/image\/"},"sameAs":["https:\/\/www.facebook.com\/miomiorun\/","https:\/\/www.instagram.com\/miomiorun\/"]}]}},"_links":{"self":[{"href":"https:\/\/www.miomiorun.com\/fr\/wp-json\/wp\/v2\/product\/276405","targetHints":{"allow":["GET"]}}],"collection":[{"href":"https:\/\/www.miomiorun.com\/fr\/wp-json\/wp\/v2\/product"}],"about":[{"href":"https:\/\/www.miomiorun.com\/fr\/wp-json\/wp\/v2\/types\/product"}],"wp:featuredmedia":[{"embeddable":true,"href":"https:\/\/www.miomiorun.com\/fr\/wp-json\/wp\/v2\/media\/231281"}],"wp:attachment":[{"href":"https:\/\/www.miomiorun.com\/fr\/wp-json\/wp\/v2\/media?parent=276405"}],"wp:term":[{"taxonomy":"product_brand","embeddable":true,"href":"https:\/\/www.miomiorun.com\/fr\/wp-json\/wp\/v2\/product_brand?post=276405"},{"taxonomy":"product_cat","embeddable":true,"href":"https:\/\/www.miomiorun.com\/fr\/wp-json\/wp\/v2\/product_cat?post=276405"},{"taxonomy":"product_tag","embeddable":true,"href":"https:\/\/www.miomiorun.com\/fr\/wp-json\/wp\/v2\/product_tag?post=276405"}],"curies":[{"name":"wp","href":"https:\/\/api.w.org\/{rel}","templated":true}]}}