{"id":276376,"date":"2021-01-30T12:26:35","date_gmt":"2021-01-30T11:26:35","guid":{"rendered":"https:\/\/miomiorun.com\/prodotto\/brooks-juno-donna\/"},"modified":"2026-01-15T11:36:41","modified_gmt":"2026-01-15T10:36:41","slug":"brooks-juno-femme","status":"publish","type":"product","link":"https:\/\/www.miomiorun.com\/fr\/produit\/brooks-juno-femme\/","title":{"rendered":"Juno femme"},"content":{"rendered":"<div class=\"single-product-description\">Ce puissant soutien-gorge de sport \u00e0 dos nageur a tout pour plaire. Une bonnet unique \u00e0 l&#8217;int\u00e9rieur offre soutien et maintien, tandis qu&#8217;un empi\u00e8cement avant interne emp\u00eache tout mouvement vertical de la poitrine. Les zones Powermesh \u00e0 l&#8217;arri\u00e8re vous gardent au frais, tandis que les bretelles r\u00e9glables et la fermeture arri\u00e8re permettent un ajustement optimal et un contr\u00f4le total. Ce soutien-gorge de sport Brooks offre le maximum en termes de soutien, de maintien et d&#8217;ajustement personnalisable.<br \/>\n\u2022 La conception \u00e0 bonnet unique interne offre soutien, maintien et discr\u00e9tion totale<br \/>\n\u2022 L&#8217;empi\u00e8cement avant interne emp\u00eache tout mouvement vertical de la poitrine<br \/>\n\u2022 Les zones en Powermesh \u00e0 l&#8217;arri\u00e8re offrent une meilleure ventilation<br \/>\n\u2022 Bretelles r\u00e9glables \u00e0 l&#8217;avant soud\u00e9es avec fermeture \u00e0 scratch cach\u00e9e pour un ajustement personnalis\u00e9 pendant l&#8217;activit\u00e9<br \/>\n\u2022 Fermeture arri\u00e8re avec trou de serrure r\u00e9glable et rembourr\u00e9e pour un ajustement et un soutien ad\u00e9quats<br \/>\n\u2022 Enveloppement \/ compression<\/div>\n","protected":false},"excerpt":{"rendered":"<p>Ce puissant soutien-gorge de sport \u00e0 dos nageur a tout pour plaire. Une bonnet unique \u00e0 l&#8217;int\u00e9rieur offre soutien et maintien, tandis qu&#8217;un empi\u00e8cement avant interne emp\u00eache tout mouvement vertical de la poitrine. Les zones Powermesh \u00e0 l&#8217;arri\u00e8re vous gardent au frais, tandis que les bretelles r\u00e9glables et la fermeture arri\u00e8re permettent un ajustement optimal &hellip; <a href=\"https:\/\/www.miomiorun.com\/fr\/produit\/brooks-juno-femme\/\">Continued<\/a><\/p>\n","protected":false},"featured_media":231297,"template":"","meta":{"_acf_changed":false,"inline_featured_image":false},"product_brand":[],"product_cat":[24440,24444,24246],"product_tag":[23462,23656],"class_list":{"0":"post-276376","1":"product","2":"type-product","3":"status-publish","4":"has-post-thumbnail","6":"product_cat-sous-vetements-fr","7":"product_cat-vetements-pour-femmes-fr","8":"product_cat-offres-pour-les-femmes","9":"product_tag-brooks-fr","10":"product_tag-brooks-femme","11":"pa_attivita-fitness-fr","12":"pa_attivita-marcher","13":"pa_attivita-running-fr","14":"pa_colore-juno-navy-fr","15":"pa_colore-juno-black-sol-shine-fr","16":"pa_marca-brooks-fr","17":"pa_sesso-femme","18":"pa_size-34dd-fr","19":"pa_size-36d-fr","21":"first","22":"instock","23":"sale","24":"taxable","25":"shipping-taxable","26":"purchasable","27":"product-type-variable","28":"wvs-archive-product-wrapper"},"acf":[],"yoast_head":"<!-- This site is optimized with the Yoast SEO plugin v26.8 - https:\/\/yoast.com\/product\/yoast-seo-wordpress\/ -->\n<title>Brooks Juno femme - Soutien-gorge de sport - MioMioRun<\/title>\n<meta name=\"description\" content=\"Ce puissant soutien-gorge de sport \u00e0 dos nageur a tout pour plaire. Une coque interne offre soutien et maintien, et emp\u00eache tout mouvement vertical de la poitrine.\" \/>\n<meta name=\"robots\" content=\"index, follow, max-snippet:-1, max-image-preview:large, max-video-preview:-1\" \/>\n<link rel=\"canonical\" href=\"https:\/\/www.miomiorun.com\/fr\/produit\/brooks-juno-femme\/\" \/>\n<meta property=\"og:locale\" content=\"fr_FR\" \/>\n<meta property=\"og:type\" content=\"article\" \/>\n<meta property=\"og:title\" content=\"Brooks Juno femme - Soutien-gorge de sport - MioMioRun\" \/>\n<meta property=\"og:description\" content=\"Ce puissant soutien-gorge de sport \u00e0 dos nageur a tout pour plaire. Une coque interne offre soutien et maintien, et emp\u00eache tout mouvement vertical de la poitrine.\" \/>\n<meta property=\"og:url\" content=\"https:\/\/www.miomiorun.com\/fr\/produit\/brooks-juno-femme\/\" \/>\n<meta property=\"og:site_name\" content=\"MioMioRun\" \/>\n<meta property=\"article:publisher\" content=\"https:\/\/www.facebook.com\/miomiorun\/\" \/>\n<meta property=\"article:modified_time\" content=\"2026-01-15T10:36:41+00:00\" \/>\n<meta property=\"og:image\" content=\"https:\/\/www.miomiorun.com\/app\/uploads\/2021\/01\/brooks-Juno-350025-099.jpg\" \/>\n\t<meta property=\"og:image:width\" content=\"600\" \/>\n\t<meta property=\"og:image:height\" content=\"600\" \/>\n\t<meta property=\"og:image:type\" content=\"image\/jpeg\" \/>\n<meta name=\"twitter:card\" content=\"summary_large_image\" \/>\n<meta name=\"twitter:label1\" content=\"Est. reading time\" \/>\n\t<meta name=\"twitter:data1\" content=\"1 minute\" \/>\n<script type=\"application\/ld+json\" class=\"yoast-schema-graph\">{\"@context\":\"https:\/\/schema.org\",\"@graph\":[{\"@type\":\"WebPage\",\"@id\":\"https:\/\/www.miomiorun.com\/fr\/produit\/brooks-juno-femme\/\",\"url\":\"https:\/\/www.miomiorun.com\/fr\/produit\/brooks-juno-femme\/\",\"name\":\"Brooks Juno femme - Soutien-gorge de sport - MioMioRun\",\"isPartOf\":{\"@id\":\"https:\/\/www.miomiorun.com\/fr\/#website\"},\"primaryImageOfPage\":{\"@id\":\"https:\/\/www.miomiorun.com\/fr\/produit\/brooks-juno-femme\/#primaryimage\"},\"image\":{\"@id\":\"https:\/\/www.miomiorun.com\/fr\/produit\/brooks-juno-femme\/#primaryimage\"},\"thumbnailUrl\":\"https:\/\/www.miomiorun.com\/app\/uploads\/2021\/01\/brooks-Juno-350025-099.jpg\",\"datePublished\":\"2021-01-30T11:26:35+00:00\",\"dateModified\":\"2026-01-15T10:36:41+00:00\",\"description\":\"Ce puissant soutien-gorge de sport \u00e0 dos nageur a tout pour plaire. Une coque interne offre soutien et maintien, et emp\u00eache tout mouvement vertical de la poitrine.\",\"breadcrumb\":{\"@id\":\"https:\/\/www.miomiorun.com\/fr\/produit\/brooks-juno-femme\/#breadcrumb\"},\"inLanguage\":\"fr-FR\",\"potentialAction\":[{\"@type\":\"ReadAction\",\"target\":[\"https:\/\/www.miomiorun.com\/fr\/produit\/brooks-juno-femme\/\"]}]},{\"@type\":\"ImageObject\",\"inLanguage\":\"fr-FR\",\"@id\":\"https:\/\/www.miomiorun.com\/fr\/produit\/brooks-juno-femme\/#primaryimage\",\"url\":\"https:\/\/www.miomiorun.com\/app\/uploads\/2021\/01\/brooks-Juno-350025-099.jpg\",\"contentUrl\":\"https:\/\/www.miomiorun.com\/app\/uploads\/2021\/01\/brooks-Juno-350025-099.jpg\",\"width\":600,\"height\":600,\"caption\":\"brooks juno bra\"},{\"@type\":\"BreadcrumbList\",\"@id\":\"https:\/\/www.miomiorun.com\/fr\/produit\/brooks-juno-femme\/#breadcrumb\",\"itemListElement\":[{\"@type\":\"ListItem\",\"position\":1,\"name\":\"Home\",\"item\":\"https:\/\/www.miomiorun.com\/fr\/home-page\/\"},{\"@type\":\"ListItem\",\"position\":2,\"name\":\"Shop\",\"item\":\"https:\/\/www.miomiorun.com\/shop\/\"},{\"@type\":\"ListItem\",\"position\":3,\"name\":\"Juno femme\"}]},{\"@type\":\"WebSite\",\"@id\":\"https:\/\/www.miomiorun.com\/fr\/#website\",\"url\":\"https:\/\/www.miomiorun.com\/fr\/\",\"name\":\"MioMioRun\",\"description\":\"Boutique 100% running et trail\",\"publisher\":{\"@id\":\"https:\/\/www.miomiorun.com\/fr\/#organization\"},\"potentialAction\":[{\"@type\":\"SearchAction\",\"target\":{\"@type\":\"EntryPoint\",\"urlTemplate\":\"https:\/\/www.miomiorun.com\/fr\/?s={search_term_string}\"},\"query-input\":{\"@type\":\"PropertyValueSpecification\",\"valueRequired\":true,\"valueName\":\"search_term_string\"}}],\"inLanguage\":\"fr-FR\"},{\"@type\":\"Organization\",\"@id\":\"https:\/\/www.miomiorun.com\/fr\/#organization\",\"name\":\"MioMio Run\",\"url\":\"https:\/\/www.miomiorun.com\/fr\/\",\"logo\":{\"@type\":\"ImageObject\",\"inLanguage\":\"fr-FR\",\"@id\":\"https:\/\/www.miomiorun.com\/fr\/#\/schema\/logo\/image\/\",\"url\":\"https:\/\/www.miomiorun.com\/app\/uploads\/2019\/12\/logomio.png\",\"contentUrl\":\"https:\/\/www.miomiorun.com\/app\/uploads\/2019\/12\/logomio.png\",\"width\":115,\"height\":82,\"caption\":\"MioMio Run\"},\"image\":{\"@id\":\"https:\/\/www.miomiorun.com\/fr\/#\/schema\/logo\/image\/\"},\"sameAs\":[\"https:\/\/www.facebook.com\/miomiorun\/\",\"https:\/\/www.instagram.com\/miomiorun\/\"]}]}<\/script>\n<!-- \/ Yoast SEO plugin. -->","yoast_head_json":{"title":"Brooks Juno femme - Soutien-gorge de sport - MioMioRun","description":"Ce puissant soutien-gorge de sport \u00e0 dos nageur a tout pour plaire. Une coque interne offre soutien et maintien, et emp\u00eache tout mouvement vertical de la poitrine.","robots":{"index":"index","follow":"follow","max-snippet":"max-snippet:-1","max-image-preview":"max-image-preview:large","max-video-preview":"max-video-preview:-1"},"canonical":"https:\/\/www.miomiorun.com\/fr\/produit\/brooks-juno-femme\/","og_locale":"fr_FR","og_type":"article","og_title":"Brooks Juno femme - Soutien-gorge de sport - MioMioRun","og_description":"Ce puissant soutien-gorge de sport \u00e0 dos nageur a tout pour plaire. Une coque interne offre soutien et maintien, et emp\u00eache tout mouvement vertical de la poitrine.","og_url":"https:\/\/www.miomiorun.com\/fr\/produit\/brooks-juno-femme\/","og_site_name":"MioMioRun","article_publisher":"https:\/\/www.facebook.com\/miomiorun\/","article_modified_time":"2026-01-15T10:36:41+00:00","og_image":[{"width":600,"height":600,"url":"https:\/\/www.miomiorun.com\/app\/uploads\/2021\/01\/brooks-Juno-350025-099.jpg","type":"image\/jpeg"}],"twitter_card":"summary_large_image","twitter_misc":{"Est. reading time":"1 minute"},"schema":{"@context":"https:\/\/schema.org","@graph":[{"@type":"WebPage","@id":"https:\/\/www.miomiorun.com\/fr\/produit\/brooks-juno-femme\/","url":"https:\/\/www.miomiorun.com\/fr\/produit\/brooks-juno-femme\/","name":"Brooks Juno femme - Soutien-gorge de sport - MioMioRun","isPartOf":{"@id":"https:\/\/www.miomiorun.com\/fr\/#website"},"primaryImageOfPage":{"@id":"https:\/\/www.miomiorun.com\/fr\/produit\/brooks-juno-femme\/#primaryimage"},"image":{"@id":"https:\/\/www.miomiorun.com\/fr\/produit\/brooks-juno-femme\/#primaryimage"},"thumbnailUrl":"https:\/\/www.miomiorun.com\/app\/uploads\/2021\/01\/brooks-Juno-350025-099.jpg","datePublished":"2021-01-30T11:26:35+00:00","dateModified":"2026-01-15T10:36:41+00:00","description":"Ce puissant soutien-gorge de sport \u00e0 dos nageur a tout pour plaire. Une coque interne offre soutien et maintien, et emp\u00eache tout mouvement vertical de la poitrine.","breadcrumb":{"@id":"https:\/\/www.miomiorun.com\/fr\/produit\/brooks-juno-femme\/#breadcrumb"},"inLanguage":"fr-FR","potentialAction":[{"@type":"ReadAction","target":["https:\/\/www.miomiorun.com\/fr\/produit\/brooks-juno-femme\/"]}]},{"@type":"ImageObject","inLanguage":"fr-FR","@id":"https:\/\/www.miomiorun.com\/fr\/produit\/brooks-juno-femme\/#primaryimage","url":"https:\/\/www.miomiorun.com\/app\/uploads\/2021\/01\/brooks-Juno-350025-099.jpg","contentUrl":"https:\/\/www.miomiorun.com\/app\/uploads\/2021\/01\/brooks-Juno-350025-099.jpg","width":600,"height":600,"caption":"brooks juno bra"},{"@type":"BreadcrumbList","@id":"https:\/\/www.miomiorun.com\/fr\/produit\/brooks-juno-femme\/#breadcrumb","itemListElement":[{"@type":"ListItem","position":1,"name":"Home","item":"https:\/\/www.miomiorun.com\/fr\/home-page\/"},{"@type":"ListItem","position":2,"name":"Shop","item":"https:\/\/www.miomiorun.com\/shop\/"},{"@type":"ListItem","position":3,"name":"Juno femme"}]},{"@type":"WebSite","@id":"https:\/\/www.miomiorun.com\/fr\/#website","url":"https:\/\/www.miomiorun.com\/fr\/","name":"MioMioRun","description":"Boutique 100% running et trail","publisher":{"@id":"https:\/\/www.miomiorun.com\/fr\/#organization"},"potentialAction":[{"@type":"SearchAction","target":{"@type":"EntryPoint","urlTemplate":"https:\/\/www.miomiorun.com\/fr\/?s={search_term_string}"},"query-input":{"@type":"PropertyValueSpecification","valueRequired":true,"valueName":"search_term_string"}}],"inLanguage":"fr-FR"},{"@type":"Organization","@id":"https:\/\/www.miomiorun.com\/fr\/#organization","name":"MioMio Run","url":"https:\/\/www.miomiorun.com\/fr\/","logo":{"@type":"ImageObject","inLanguage":"fr-FR","@id":"https:\/\/www.miomiorun.com\/fr\/#\/schema\/logo\/image\/","url":"https:\/\/www.miomiorun.com\/app\/uploads\/2019\/12\/logomio.png","contentUrl":"https:\/\/www.miomiorun.com\/app\/uploads\/2019\/12\/logomio.png","width":115,"height":82,"caption":"MioMio Run"},"image":{"@id":"https:\/\/www.miomiorun.com\/fr\/#\/schema\/logo\/image\/"},"sameAs":["https:\/\/www.facebook.com\/miomiorun\/","https:\/\/www.instagram.com\/miomiorun\/"]}]}},"_links":{"self":[{"href":"https:\/\/www.miomiorun.com\/fr\/wp-json\/wp\/v2\/product\/276376","targetHints":{"allow":["GET"]}}],"collection":[{"href":"https:\/\/www.miomiorun.com\/fr\/wp-json\/wp\/v2\/product"}],"about":[{"href":"https:\/\/www.miomiorun.com\/fr\/wp-json\/wp\/v2\/types\/product"}],"wp:featuredmedia":[{"embeddable":true,"href":"https:\/\/www.miomiorun.com\/fr\/wp-json\/wp\/v2\/media\/231297"}],"wp:attachment":[{"href":"https:\/\/www.miomiorun.com\/fr\/wp-json\/wp\/v2\/media?parent=276376"}],"wp:term":[{"taxonomy":"product_brand","embeddable":true,"href":"https:\/\/www.miomiorun.com\/fr\/wp-json\/wp\/v2\/product_brand?post=276376"},{"taxonomy":"product_cat","embeddable":true,"href":"https:\/\/www.miomiorun.com\/fr\/wp-json\/wp\/v2\/product_cat?post=276376"},{"taxonomy":"product_tag","embeddable":true,"href":"https:\/\/www.miomiorun.com\/fr\/wp-json\/wp\/v2\/product_tag?post=276376"}],"curies":[{"name":"wp","href":"https:\/\/api.w.org\/{rel}","templated":true}]}}