{"id":276372,"date":"2021-02-01T16:35:55","date_gmt":"2021-02-01T15:35:55","guid":{"rendered":"https:\/\/miomiorun.com\/prodotto\/brooks-distance-long-sleeve-nightlife-donna\/"},"modified":"2026-01-15T11:39:10","modified_gmt":"2026-01-15T10:39:10","slug":"brooks-distance-long-sleeve-nightlife-femme","status":"publish","type":"product","link":"https:\/\/www.miomiorun.com\/fr\/produit\/brooks-distance-long-sleeve-nightlife-femme\/","title":{"rendered":"Distance Long Sleeve Nightlife femme"},"content":{"rendered":"<div class=\"single-product-description\">\n<p>Id\u00e9al pour les courses quotidiennes. Le t-shirt \u00e0 manches longues Brooks Distance est dot\u00e9 d&#8217;un tissu DriLayer Burst qui r\u00e9siste aux odeurs pendant les courses longues distances. Ce t-shirt \u00e0 manches longues est con\u00e7u et fabriqu\u00e9 pour vous offrir un entra\u00eenement confortable. Son tissu respirant s\u00e8che rapidement pour vous garder au sec et \u00e0 l&#8217;aise.<\/p>\n<p><b>CARACT\u00c9RISTIQUES<\/b><\/p>\n<p>&#8211; R\u00e9sistant aux odeurs<br \/>\n&#8211; Conception confortable<br \/>\n&#8211; S\u00e9chage rapide<br \/>\n&#8211; Empi\u00e8cements sous les aisselles pour plus de confort et de libert\u00e9 de mouvement<br \/>\n&#8211; Semi-mont\u00e9<\/p>\n<p>Mat\u00e9riau : DriLayer Burst 85 % polyester \/ 15 % coton<\/p>\n<p>&nbsp;<\/p>\n<\/div>\n","protected":false},"excerpt":{"rendered":"<p>Id\u00e9al pour les courses quotidiennes. Le t-shirt \u00e0 manches longues Brooks Distance est dot\u00e9 d&#8217;un tissu DriLayer Burst qui r\u00e9siste aux odeurs pendant les courses longues distances. Ce t-shirt \u00e0 manches longues est con\u00e7u et fabriqu\u00e9 pour vous offrir un entra\u00eenement confortable. Son tissu respirant s\u00e8che rapidement pour vous garder au sec et \u00e0 l&#8217;aise. &hellip; <a href=\"https:\/\/www.miomiorun.com\/fr\/produit\/brooks-distance-long-sleeve-nightlife-femme\/\">Continued<\/a><\/p>\n","protected":false},"featured_media":231307,"template":"","meta":{"_acf_changed":false,"inline_featured_image":false},"product_brand":[],"product_cat":[24439,24444,24246],"product_tag":[23462,23656],"class_list":{"0":"post-276372","1":"product","2":"type-product","3":"status-publish","4":"has-post-thumbnail","6":"product_cat-maillots-fr","7":"product_cat-vetements-pour-femmes-fr","8":"product_cat-offres-pour-les-femmes","9":"product_tag-brooks-fr","10":"product_tag-brooks-femme","11":"pa_attivita-marcher","12":"pa_attivita-running-fr","13":"pa_marca-brooks-fr","14":"pa_sesso-femme","15":"pa_size-extra-small-fr","17":"first","18":"outofstock","19":"taxable","20":"shipping-taxable","21":"purchasable","22":"product-type-variable","23":"wvs-archive-product-wrapper"},"acf":[],"yoast_head":"<!-- This site is optimized with the Yoast SEO plugin v26.8 - https:\/\/yoast.com\/product\/yoast-seo-wordpress\/ -->\n<title>Brooks Distance Long Sleeve Nightlife femme - Maillot de course \u00e0 pied - MioMioRun<\/title>\n<meta name=\"description\" content=\"Id\u00e9al pour les courses quotidiennes. Ce maillot \u00e0 manches longues est con\u00e7u et fabriqu\u00e9 pour vous offrir un entra\u00eenement confortable, pratique et au sec.\" \/>\n<meta name=\"robots\" content=\"index, follow, max-snippet:-1, max-image-preview:large, max-video-preview:-1\" \/>\n<link rel=\"canonical\" href=\"https:\/\/www.miomiorun.com\/fr\/produit\/brooks-distance-long-sleeve-nightlife-femme\/\" \/>\n<meta property=\"og:locale\" content=\"fr_FR\" \/>\n<meta property=\"og:type\" content=\"article\" \/>\n<meta property=\"og:title\" content=\"Brooks Distance Long Sleeve Nightlife femme - Maillot de course \u00e0 pied - MioMioRun\" \/>\n<meta property=\"og:description\" content=\"Id\u00e9al pour les courses quotidiennes. Ce maillot \u00e0 manches longues est con\u00e7u et fabriqu\u00e9 pour vous offrir un entra\u00eenement confortable, pratique et au sec.\" \/>\n<meta property=\"og:url\" content=\"https:\/\/www.miomiorun.com\/fr\/produit\/brooks-distance-long-sleeve-nightlife-femme\/\" \/>\n<meta property=\"og:site_name\" content=\"MioMioRun\" \/>\n<meta property=\"article:publisher\" content=\"https:\/\/www.facebook.com\/miomiorun\/\" \/>\n<meta property=\"article:modified_time\" content=\"2026-01-15T10:39:10+00:00\" \/>\n<meta property=\"og:image\" content=\"https:\/\/www.miomiorun.com\/app\/uploads\/2021\/02\/brooks-Distance-long-sleeve-nightlife-221307-305.jpg\" \/>\n\t<meta property=\"og:image:width\" content=\"600\" \/>\n\t<meta property=\"og:image:height\" content=\"600\" \/>\n\t<meta property=\"og:image:type\" content=\"image\/jpeg\" \/>\n<meta name=\"twitter:card\" content=\"summary_large_image\" \/>\n<script type=\"application\/ld+json\" class=\"yoast-schema-graph\">{\"@context\":\"https:\/\/schema.org\",\"@graph\":[{\"@type\":\"WebPage\",\"@id\":\"https:\/\/www.miomiorun.com\/fr\/produit\/brooks-distance-long-sleeve-nightlife-femme\/\",\"url\":\"https:\/\/www.miomiorun.com\/fr\/produit\/brooks-distance-long-sleeve-nightlife-femme\/\",\"name\":\"Brooks Distance Long Sleeve Nightlife femme - Maillot de course \u00e0 pied - MioMioRun\",\"isPartOf\":{\"@id\":\"https:\/\/www.miomiorun.com\/fr\/#website\"},\"primaryImageOfPage\":{\"@id\":\"https:\/\/www.miomiorun.com\/fr\/produit\/brooks-distance-long-sleeve-nightlife-femme\/#primaryimage\"},\"image\":{\"@id\":\"https:\/\/www.miomiorun.com\/fr\/produit\/brooks-distance-long-sleeve-nightlife-femme\/#primaryimage\"},\"thumbnailUrl\":\"https:\/\/www.miomiorun.com\/app\/uploads\/2021\/02\/brooks-Distance-long-sleeve-nightlife-221307-305.jpg\",\"datePublished\":\"2021-02-01T15:35:55+00:00\",\"dateModified\":\"2026-01-15T10:39:10+00:00\",\"description\":\"Id\u00e9al pour les courses quotidiennes. Ce maillot \u00e0 manches longues est con\u00e7u et fabriqu\u00e9 pour vous offrir un entra\u00eenement confortable, pratique et au sec.\",\"breadcrumb\":{\"@id\":\"https:\/\/www.miomiorun.com\/fr\/produit\/brooks-distance-long-sleeve-nightlife-femme\/#breadcrumb\"},\"inLanguage\":\"fr-FR\",\"potentialAction\":[{\"@type\":\"ReadAction\",\"target\":[\"https:\/\/www.miomiorun.com\/fr\/produit\/brooks-distance-long-sleeve-nightlife-femme\/\"]}]},{\"@type\":\"ImageObject\",\"inLanguage\":\"fr-FR\",\"@id\":\"https:\/\/www.miomiorun.com\/fr\/produit\/brooks-distance-long-sleeve-nightlife-femme\/#primaryimage\",\"url\":\"https:\/\/www.miomiorun.com\/app\/uploads\/2021\/02\/brooks-Distance-long-sleeve-nightlife-221307-305.jpg\",\"contentUrl\":\"https:\/\/www.miomiorun.com\/app\/uploads\/2021\/02\/brooks-Distance-long-sleeve-nightlife-221307-305.jpg\",\"width\":600,\"height\":600,\"caption\":\"brooks distance long\"},{\"@type\":\"BreadcrumbList\",\"@id\":\"https:\/\/www.miomiorun.com\/fr\/produit\/brooks-distance-long-sleeve-nightlife-femme\/#breadcrumb\",\"itemListElement\":[{\"@type\":\"ListItem\",\"position\":1,\"name\":\"Home\",\"item\":\"https:\/\/www.miomiorun.com\/fr\/home-page\/\"},{\"@type\":\"ListItem\",\"position\":2,\"name\":\"Shop\",\"item\":\"https:\/\/www.miomiorun.com\/shop\/\"},{\"@type\":\"ListItem\",\"position\":3,\"name\":\"Distance Long Sleeve Nightlife femme\"}]},{\"@type\":\"WebSite\",\"@id\":\"https:\/\/www.miomiorun.com\/fr\/#website\",\"url\":\"https:\/\/www.miomiorun.com\/fr\/\",\"name\":\"MioMioRun\",\"description\":\"Boutique 100% running et trail\",\"publisher\":{\"@id\":\"https:\/\/www.miomiorun.com\/fr\/#organization\"},\"potentialAction\":[{\"@type\":\"SearchAction\",\"target\":{\"@type\":\"EntryPoint\",\"urlTemplate\":\"https:\/\/www.miomiorun.com\/fr\/?s={search_term_string}\"},\"query-input\":{\"@type\":\"PropertyValueSpecification\",\"valueRequired\":true,\"valueName\":\"search_term_string\"}}],\"inLanguage\":\"fr-FR\"},{\"@type\":\"Organization\",\"@id\":\"https:\/\/www.miomiorun.com\/fr\/#organization\",\"name\":\"MioMio Run\",\"url\":\"https:\/\/www.miomiorun.com\/fr\/\",\"logo\":{\"@type\":\"ImageObject\",\"inLanguage\":\"fr-FR\",\"@id\":\"https:\/\/www.miomiorun.com\/fr\/#\/schema\/logo\/image\/\",\"url\":\"https:\/\/www.miomiorun.com\/app\/uploads\/2019\/12\/logomio.png\",\"contentUrl\":\"https:\/\/www.miomiorun.com\/app\/uploads\/2019\/12\/logomio.png\",\"width\":115,\"height\":82,\"caption\":\"MioMio Run\"},\"image\":{\"@id\":\"https:\/\/www.miomiorun.com\/fr\/#\/schema\/logo\/image\/\"},\"sameAs\":[\"https:\/\/www.facebook.com\/miomiorun\/\",\"https:\/\/www.instagram.com\/miomiorun\/\"]}]}<\/script>\n<!-- \/ Yoast SEO plugin. -->","yoast_head_json":{"title":"Brooks Distance Long Sleeve Nightlife femme - Maillot de course \u00e0 pied - MioMioRun","description":"Id\u00e9al pour les courses quotidiennes. Ce maillot \u00e0 manches longues est con\u00e7u et fabriqu\u00e9 pour vous offrir un entra\u00eenement confortable, pratique et au sec.","robots":{"index":"index","follow":"follow","max-snippet":"max-snippet:-1","max-image-preview":"max-image-preview:large","max-video-preview":"max-video-preview:-1"},"canonical":"https:\/\/www.miomiorun.com\/fr\/produit\/brooks-distance-long-sleeve-nightlife-femme\/","og_locale":"fr_FR","og_type":"article","og_title":"Brooks Distance Long Sleeve Nightlife femme - Maillot de course \u00e0 pied - MioMioRun","og_description":"Id\u00e9al pour les courses quotidiennes. Ce maillot \u00e0 manches longues est con\u00e7u et fabriqu\u00e9 pour vous offrir un entra\u00eenement confortable, pratique et au sec.","og_url":"https:\/\/www.miomiorun.com\/fr\/produit\/brooks-distance-long-sleeve-nightlife-femme\/","og_site_name":"MioMioRun","article_publisher":"https:\/\/www.facebook.com\/miomiorun\/","article_modified_time":"2026-01-15T10:39:10+00:00","og_image":[{"width":600,"height":600,"url":"https:\/\/www.miomiorun.com\/app\/uploads\/2021\/02\/brooks-Distance-long-sleeve-nightlife-221307-305.jpg","type":"image\/jpeg"}],"twitter_card":"summary_large_image","schema":{"@context":"https:\/\/schema.org","@graph":[{"@type":"WebPage","@id":"https:\/\/www.miomiorun.com\/fr\/produit\/brooks-distance-long-sleeve-nightlife-femme\/","url":"https:\/\/www.miomiorun.com\/fr\/produit\/brooks-distance-long-sleeve-nightlife-femme\/","name":"Brooks Distance Long Sleeve Nightlife femme - Maillot de course \u00e0 pied - MioMioRun","isPartOf":{"@id":"https:\/\/www.miomiorun.com\/fr\/#website"},"primaryImageOfPage":{"@id":"https:\/\/www.miomiorun.com\/fr\/produit\/brooks-distance-long-sleeve-nightlife-femme\/#primaryimage"},"image":{"@id":"https:\/\/www.miomiorun.com\/fr\/produit\/brooks-distance-long-sleeve-nightlife-femme\/#primaryimage"},"thumbnailUrl":"https:\/\/www.miomiorun.com\/app\/uploads\/2021\/02\/brooks-Distance-long-sleeve-nightlife-221307-305.jpg","datePublished":"2021-02-01T15:35:55+00:00","dateModified":"2026-01-15T10:39:10+00:00","description":"Id\u00e9al pour les courses quotidiennes. Ce maillot \u00e0 manches longues est con\u00e7u et fabriqu\u00e9 pour vous offrir un entra\u00eenement confortable, pratique et au sec.","breadcrumb":{"@id":"https:\/\/www.miomiorun.com\/fr\/produit\/brooks-distance-long-sleeve-nightlife-femme\/#breadcrumb"},"inLanguage":"fr-FR","potentialAction":[{"@type":"ReadAction","target":["https:\/\/www.miomiorun.com\/fr\/produit\/brooks-distance-long-sleeve-nightlife-femme\/"]}]},{"@type":"ImageObject","inLanguage":"fr-FR","@id":"https:\/\/www.miomiorun.com\/fr\/produit\/brooks-distance-long-sleeve-nightlife-femme\/#primaryimage","url":"https:\/\/www.miomiorun.com\/app\/uploads\/2021\/02\/brooks-Distance-long-sleeve-nightlife-221307-305.jpg","contentUrl":"https:\/\/www.miomiorun.com\/app\/uploads\/2021\/02\/brooks-Distance-long-sleeve-nightlife-221307-305.jpg","width":600,"height":600,"caption":"brooks distance long"},{"@type":"BreadcrumbList","@id":"https:\/\/www.miomiorun.com\/fr\/produit\/brooks-distance-long-sleeve-nightlife-femme\/#breadcrumb","itemListElement":[{"@type":"ListItem","position":1,"name":"Home","item":"https:\/\/www.miomiorun.com\/fr\/home-page\/"},{"@type":"ListItem","position":2,"name":"Shop","item":"https:\/\/www.miomiorun.com\/shop\/"},{"@type":"ListItem","position":3,"name":"Distance Long Sleeve Nightlife femme"}]},{"@type":"WebSite","@id":"https:\/\/www.miomiorun.com\/fr\/#website","url":"https:\/\/www.miomiorun.com\/fr\/","name":"MioMioRun","description":"Boutique 100% running et trail","publisher":{"@id":"https:\/\/www.miomiorun.com\/fr\/#organization"},"potentialAction":[{"@type":"SearchAction","target":{"@type":"EntryPoint","urlTemplate":"https:\/\/www.miomiorun.com\/fr\/?s={search_term_string}"},"query-input":{"@type":"PropertyValueSpecification","valueRequired":true,"valueName":"search_term_string"}}],"inLanguage":"fr-FR"},{"@type":"Organization","@id":"https:\/\/www.miomiorun.com\/fr\/#organization","name":"MioMio Run","url":"https:\/\/www.miomiorun.com\/fr\/","logo":{"@type":"ImageObject","inLanguage":"fr-FR","@id":"https:\/\/www.miomiorun.com\/fr\/#\/schema\/logo\/image\/","url":"https:\/\/www.miomiorun.com\/app\/uploads\/2019\/12\/logomio.png","contentUrl":"https:\/\/www.miomiorun.com\/app\/uploads\/2019\/12\/logomio.png","width":115,"height":82,"caption":"MioMio Run"},"image":{"@id":"https:\/\/www.miomiorun.com\/fr\/#\/schema\/logo\/image\/"},"sameAs":["https:\/\/www.facebook.com\/miomiorun\/","https:\/\/www.instagram.com\/miomiorun\/"]}]}},"_links":{"self":[{"href":"https:\/\/www.miomiorun.com\/fr\/wp-json\/wp\/v2\/product\/276372","targetHints":{"allow":["GET"]}}],"collection":[{"href":"https:\/\/www.miomiorun.com\/fr\/wp-json\/wp\/v2\/product"}],"about":[{"href":"https:\/\/www.miomiorun.com\/fr\/wp-json\/wp\/v2\/types\/product"}],"wp:featuredmedia":[{"embeddable":true,"href":"https:\/\/www.miomiorun.com\/fr\/wp-json\/wp\/v2\/media\/231307"}],"wp:attachment":[{"href":"https:\/\/www.miomiorun.com\/fr\/wp-json\/wp\/v2\/media?parent=276372"}],"wp:term":[{"taxonomy":"product_brand","embeddable":true,"href":"https:\/\/www.miomiorun.com\/fr\/wp-json\/wp\/v2\/product_brand?post=276372"},{"taxonomy":"product_cat","embeddable":true,"href":"https:\/\/www.miomiorun.com\/fr\/wp-json\/wp\/v2\/product_cat?post=276372"},{"taxonomy":"product_tag","embeddable":true,"href":"https:\/\/www.miomiorun.com\/fr\/wp-json\/wp\/v2\/product_tag?post=276372"}],"curies":[{"name":"wp","href":"https:\/\/api.w.org\/{rel}","templated":true}]}}