{"id":276366,"date":"2021-02-01T17:18:53","date_gmt":"2021-02-01T16:18:53","guid":{"rendered":"https:\/\/miomiorun.com\/prodotto\/brooks-dash-1-2-zip-nightlife-donna\/"},"modified":"2026-01-15T11:40:20","modified_gmt":"2026-01-15T10:40:20","slug":"brooks-dash-1-2-zip-nightlife-femme","status":"publish","type":"product","link":"https:\/\/www.miomiorun.com\/fr\/produit\/brooks-dash-1-2-zip-nightlife-femme\/","title":{"rendered":"Dash 1\/2 Zip Nightlife femme"},"content":{"rendered":"<div class=\"single-product-description\">\n<p>L\u00e9ger, chaud et doux partout.<\/p>\n<p><b>CARACT\u00c9RISTIQUES<\/b><\/p>\n<p>Coupe : semi-ajust\u00e9e<\/p>\n<p>Mat\u00e9riau : 88 % polyester, 12 % \u00e9lasthanne<\/p>\n<p>&nbsp;<\/p>\n<\/div>\n","protected":false},"excerpt":{"rendered":"<p>L\u00e9ger, chaud et doux partout. CARACT\u00c9RISTIQUES Coupe : semi-ajust\u00e9e Mat\u00e9riau : 88 % polyester, 12 % \u00e9lasthanne &nbsp;<\/p>\n","protected":false},"featured_media":231311,"template":"","meta":{"_acf_changed":false,"inline_featured_image":false},"product_brand":[],"product_cat":[24439,24444,24246],"product_tag":[23462,23656],"class_list":{"0":"post-276366","1":"product","2":"type-product","3":"status-publish","4":"has-post-thumbnail","6":"product_cat-maillots-fr","7":"product_cat-vetements-pour-femmes-fr","8":"product_cat-offres-pour-les-femmes","9":"product_tag-brooks-fr","10":"product_tag-brooks-femme","11":"pa_attivita-marcher","12":"pa_attivita-running-fr","13":"pa_marca-brooks-fr","14":"pa_sesso-femme","15":"pa_size-extra-small-fr","16":"pa_size-small-fr","18":"first","19":"instock","20":"sale","21":"taxable","22":"shipping-taxable","23":"purchasable","24":"product-type-variable","25":"wvs-archive-product-wrapper"},"acf":[],"yoast_head":"<!-- This site is optimized with the Yoast SEO plugin v26.8 - https:\/\/yoast.com\/product\/yoast-seo-wordpress\/ -->\n<title>Brooks Dash 1\/2 Zip Nightlife femme - Maillot de course \u00e0 pied - MioMioRun<\/title>\n<meta name=\"description\" content=\"Brooks Dash 1\/2 Zip Nightlife pour femme. L\u00e9ger, chaud et doux partout. Coupe : semi-ajust\u00e9e. Mati\u00e8re : 88 % polyester, 12 % \u00e9lasthanne.\" \/>\n<meta name=\"robots\" content=\"index, follow, max-snippet:-1, max-image-preview:large, max-video-preview:-1\" \/>\n<link rel=\"canonical\" href=\"https:\/\/www.miomiorun.com\/fr\/produit\/brooks-dash-1-2-zip-nightlife-femme\/\" \/>\n<meta property=\"og:locale\" content=\"fr_FR\" \/>\n<meta property=\"og:type\" content=\"article\" \/>\n<meta property=\"og:title\" content=\"Brooks Dash 1\/2 Zip Nightlife femme - Maillot de course \u00e0 pied - MioMioRun\" \/>\n<meta property=\"og:description\" content=\"Brooks Dash 1\/2 Zip Nightlife pour femme. L\u00e9ger, chaud et doux partout. Coupe : semi-ajust\u00e9e. Mati\u00e8re : 88 % polyester, 12 % \u00e9lasthanne.\" \/>\n<meta property=\"og:url\" content=\"https:\/\/www.miomiorun.com\/fr\/produit\/brooks-dash-1-2-zip-nightlife-femme\/\" \/>\n<meta property=\"og:site_name\" content=\"MioMioRun\" \/>\n<meta property=\"article:publisher\" content=\"https:\/\/www.facebook.com\/miomiorun\/\" \/>\n<meta property=\"article:modified_time\" content=\"2026-01-15T10:40:20+00:00\" \/>\n<meta property=\"og:image\" content=\"https:\/\/www.miomiorun.com\/app\/uploads\/2021\/02\/brooks-Dash-1-2-zip-nightlife-221283-070.jpg\" \/>\n\t<meta property=\"og:image:width\" content=\"600\" \/>\n\t<meta property=\"og:image:height\" content=\"600\" \/>\n\t<meta property=\"og:image:type\" content=\"image\/jpeg\" \/>\n<meta name=\"twitter:card\" content=\"summary_large_image\" \/>\n<script type=\"application\/ld+json\" class=\"yoast-schema-graph\">{\"@context\":\"https:\/\/schema.org\",\"@graph\":[{\"@type\":\"WebPage\",\"@id\":\"https:\/\/www.miomiorun.com\/fr\/produit\/brooks-dash-1-2-zip-nightlife-femme\/\",\"url\":\"https:\/\/www.miomiorun.com\/fr\/produit\/brooks-dash-1-2-zip-nightlife-femme\/\",\"name\":\"Brooks Dash 1\/2 Zip Nightlife femme - Maillot de course \u00e0 pied - MioMioRun\",\"isPartOf\":{\"@id\":\"https:\/\/www.miomiorun.com\/fr\/#website\"},\"primaryImageOfPage\":{\"@id\":\"https:\/\/www.miomiorun.com\/fr\/produit\/brooks-dash-1-2-zip-nightlife-femme\/#primaryimage\"},\"image\":{\"@id\":\"https:\/\/www.miomiorun.com\/fr\/produit\/brooks-dash-1-2-zip-nightlife-femme\/#primaryimage\"},\"thumbnailUrl\":\"https:\/\/www.miomiorun.com\/app\/uploads\/2021\/02\/brooks-Dash-1-2-zip-nightlife-221283-070.jpg\",\"datePublished\":\"2021-02-01T16:18:53+00:00\",\"dateModified\":\"2026-01-15T10:40:20+00:00\",\"description\":\"Brooks Dash 1\/2 Zip Nightlife pour femme. L\u00e9ger, chaud et doux partout. Coupe : semi-ajust\u00e9e. Mati\u00e8re : 88 % polyester, 12 % \u00e9lasthanne.\",\"breadcrumb\":{\"@id\":\"https:\/\/www.miomiorun.com\/fr\/produit\/brooks-dash-1-2-zip-nightlife-femme\/#breadcrumb\"},\"inLanguage\":\"fr-FR\",\"potentialAction\":[{\"@type\":\"ReadAction\",\"target\":[\"https:\/\/www.miomiorun.com\/fr\/produit\/brooks-dash-1-2-zip-nightlife-femme\/\"]}]},{\"@type\":\"ImageObject\",\"inLanguage\":\"fr-FR\",\"@id\":\"https:\/\/www.miomiorun.com\/fr\/produit\/brooks-dash-1-2-zip-nightlife-femme\/#primaryimage\",\"url\":\"https:\/\/www.miomiorun.com\/app\/uploads\/2021\/02\/brooks-Dash-1-2-zip-nightlife-221283-070.jpg\",\"contentUrl\":\"https:\/\/www.miomiorun.com\/app\/uploads\/2021\/02\/brooks-Dash-1-2-zip-nightlife-221283-070.jpg\",\"width\":600,\"height\":600,\"caption\":\"brooks dash 1\/2 zip nightlife\"},{\"@type\":\"BreadcrumbList\",\"@id\":\"https:\/\/www.miomiorun.com\/fr\/produit\/brooks-dash-1-2-zip-nightlife-femme\/#breadcrumb\",\"itemListElement\":[{\"@type\":\"ListItem\",\"position\":1,\"name\":\"Home\",\"item\":\"https:\/\/www.miomiorun.com\/fr\/home-page\/\"},{\"@type\":\"ListItem\",\"position\":2,\"name\":\"Shop\",\"item\":\"https:\/\/www.miomiorun.com\/shop\/\"},{\"@type\":\"ListItem\",\"position\":3,\"name\":\"Dash 1\/2 Zip Nightlife femme\"}]},{\"@type\":\"WebSite\",\"@id\":\"https:\/\/www.miomiorun.com\/fr\/#website\",\"url\":\"https:\/\/www.miomiorun.com\/fr\/\",\"name\":\"MioMioRun\",\"description\":\"Boutique 100% running et trail\",\"publisher\":{\"@id\":\"https:\/\/www.miomiorun.com\/fr\/#organization\"},\"potentialAction\":[{\"@type\":\"SearchAction\",\"target\":{\"@type\":\"EntryPoint\",\"urlTemplate\":\"https:\/\/www.miomiorun.com\/fr\/?s={search_term_string}\"},\"query-input\":{\"@type\":\"PropertyValueSpecification\",\"valueRequired\":true,\"valueName\":\"search_term_string\"}}],\"inLanguage\":\"fr-FR\"},{\"@type\":\"Organization\",\"@id\":\"https:\/\/www.miomiorun.com\/fr\/#organization\",\"name\":\"MioMio Run\",\"url\":\"https:\/\/www.miomiorun.com\/fr\/\",\"logo\":{\"@type\":\"ImageObject\",\"inLanguage\":\"fr-FR\",\"@id\":\"https:\/\/www.miomiorun.com\/fr\/#\/schema\/logo\/image\/\",\"url\":\"https:\/\/www.miomiorun.com\/app\/uploads\/2019\/12\/logomio.png\",\"contentUrl\":\"https:\/\/www.miomiorun.com\/app\/uploads\/2019\/12\/logomio.png\",\"width\":115,\"height\":82,\"caption\":\"MioMio Run\"},\"image\":{\"@id\":\"https:\/\/www.miomiorun.com\/fr\/#\/schema\/logo\/image\/\"},\"sameAs\":[\"https:\/\/www.facebook.com\/miomiorun\/\",\"https:\/\/www.instagram.com\/miomiorun\/\"]}]}<\/script>\n<!-- \/ Yoast SEO plugin. -->","yoast_head_json":{"title":"Brooks Dash 1\/2 Zip Nightlife femme - Maillot de course \u00e0 pied - MioMioRun","description":"Brooks Dash 1\/2 Zip Nightlife pour femme. L\u00e9ger, chaud et doux partout. Coupe : semi-ajust\u00e9e. Mati\u00e8re : 88 % polyester, 12 % \u00e9lasthanne.","robots":{"index":"index","follow":"follow","max-snippet":"max-snippet:-1","max-image-preview":"max-image-preview:large","max-video-preview":"max-video-preview:-1"},"canonical":"https:\/\/www.miomiorun.com\/fr\/produit\/brooks-dash-1-2-zip-nightlife-femme\/","og_locale":"fr_FR","og_type":"article","og_title":"Brooks Dash 1\/2 Zip Nightlife femme - Maillot de course \u00e0 pied - MioMioRun","og_description":"Brooks Dash 1\/2 Zip Nightlife pour femme. L\u00e9ger, chaud et doux partout. Coupe : semi-ajust\u00e9e. Mati\u00e8re : 88 % polyester, 12 % \u00e9lasthanne.","og_url":"https:\/\/www.miomiorun.com\/fr\/produit\/brooks-dash-1-2-zip-nightlife-femme\/","og_site_name":"MioMioRun","article_publisher":"https:\/\/www.facebook.com\/miomiorun\/","article_modified_time":"2026-01-15T10:40:20+00:00","og_image":[{"width":600,"height":600,"url":"https:\/\/www.miomiorun.com\/app\/uploads\/2021\/02\/brooks-Dash-1-2-zip-nightlife-221283-070.jpg","type":"image\/jpeg"}],"twitter_card":"summary_large_image","schema":{"@context":"https:\/\/schema.org","@graph":[{"@type":"WebPage","@id":"https:\/\/www.miomiorun.com\/fr\/produit\/brooks-dash-1-2-zip-nightlife-femme\/","url":"https:\/\/www.miomiorun.com\/fr\/produit\/brooks-dash-1-2-zip-nightlife-femme\/","name":"Brooks Dash 1\/2 Zip Nightlife femme - Maillot de course \u00e0 pied - MioMioRun","isPartOf":{"@id":"https:\/\/www.miomiorun.com\/fr\/#website"},"primaryImageOfPage":{"@id":"https:\/\/www.miomiorun.com\/fr\/produit\/brooks-dash-1-2-zip-nightlife-femme\/#primaryimage"},"image":{"@id":"https:\/\/www.miomiorun.com\/fr\/produit\/brooks-dash-1-2-zip-nightlife-femme\/#primaryimage"},"thumbnailUrl":"https:\/\/www.miomiorun.com\/app\/uploads\/2021\/02\/brooks-Dash-1-2-zip-nightlife-221283-070.jpg","datePublished":"2021-02-01T16:18:53+00:00","dateModified":"2026-01-15T10:40:20+00:00","description":"Brooks Dash 1\/2 Zip Nightlife pour femme. L\u00e9ger, chaud et doux partout. Coupe : semi-ajust\u00e9e. Mati\u00e8re : 88 % polyester, 12 % \u00e9lasthanne.","breadcrumb":{"@id":"https:\/\/www.miomiorun.com\/fr\/produit\/brooks-dash-1-2-zip-nightlife-femme\/#breadcrumb"},"inLanguage":"fr-FR","potentialAction":[{"@type":"ReadAction","target":["https:\/\/www.miomiorun.com\/fr\/produit\/brooks-dash-1-2-zip-nightlife-femme\/"]}]},{"@type":"ImageObject","inLanguage":"fr-FR","@id":"https:\/\/www.miomiorun.com\/fr\/produit\/brooks-dash-1-2-zip-nightlife-femme\/#primaryimage","url":"https:\/\/www.miomiorun.com\/app\/uploads\/2021\/02\/brooks-Dash-1-2-zip-nightlife-221283-070.jpg","contentUrl":"https:\/\/www.miomiorun.com\/app\/uploads\/2021\/02\/brooks-Dash-1-2-zip-nightlife-221283-070.jpg","width":600,"height":600,"caption":"brooks dash 1\/2 zip nightlife"},{"@type":"BreadcrumbList","@id":"https:\/\/www.miomiorun.com\/fr\/produit\/brooks-dash-1-2-zip-nightlife-femme\/#breadcrumb","itemListElement":[{"@type":"ListItem","position":1,"name":"Home","item":"https:\/\/www.miomiorun.com\/fr\/home-page\/"},{"@type":"ListItem","position":2,"name":"Shop","item":"https:\/\/www.miomiorun.com\/shop\/"},{"@type":"ListItem","position":3,"name":"Dash 1\/2 Zip Nightlife femme"}]},{"@type":"WebSite","@id":"https:\/\/www.miomiorun.com\/fr\/#website","url":"https:\/\/www.miomiorun.com\/fr\/","name":"MioMioRun","description":"Boutique 100% running et trail","publisher":{"@id":"https:\/\/www.miomiorun.com\/fr\/#organization"},"potentialAction":[{"@type":"SearchAction","target":{"@type":"EntryPoint","urlTemplate":"https:\/\/www.miomiorun.com\/fr\/?s={search_term_string}"},"query-input":{"@type":"PropertyValueSpecification","valueRequired":true,"valueName":"search_term_string"}}],"inLanguage":"fr-FR"},{"@type":"Organization","@id":"https:\/\/www.miomiorun.com\/fr\/#organization","name":"MioMio Run","url":"https:\/\/www.miomiorun.com\/fr\/","logo":{"@type":"ImageObject","inLanguage":"fr-FR","@id":"https:\/\/www.miomiorun.com\/fr\/#\/schema\/logo\/image\/","url":"https:\/\/www.miomiorun.com\/app\/uploads\/2019\/12\/logomio.png","contentUrl":"https:\/\/www.miomiorun.com\/app\/uploads\/2019\/12\/logomio.png","width":115,"height":82,"caption":"MioMio Run"},"image":{"@id":"https:\/\/www.miomiorun.com\/fr\/#\/schema\/logo\/image\/"},"sameAs":["https:\/\/www.facebook.com\/miomiorun\/","https:\/\/www.instagram.com\/miomiorun\/"]}]}},"_links":{"self":[{"href":"https:\/\/www.miomiorun.com\/fr\/wp-json\/wp\/v2\/product\/276366","targetHints":{"allow":["GET"]}}],"collection":[{"href":"https:\/\/www.miomiorun.com\/fr\/wp-json\/wp\/v2\/product"}],"about":[{"href":"https:\/\/www.miomiorun.com\/fr\/wp-json\/wp\/v2\/types\/product"}],"wp:featuredmedia":[{"embeddable":true,"href":"https:\/\/www.miomiorun.com\/fr\/wp-json\/wp\/v2\/media\/231311"}],"wp:attachment":[{"href":"https:\/\/www.miomiorun.com\/fr\/wp-json\/wp\/v2\/media?parent=276366"}],"wp:term":[{"taxonomy":"product_brand","embeddable":true,"href":"https:\/\/www.miomiorun.com\/fr\/wp-json\/wp\/v2\/product_brand?post=276366"},{"taxonomy":"product_cat","embeddable":true,"href":"https:\/\/www.miomiorun.com\/fr\/wp-json\/wp\/v2\/product_cat?post=276366"},{"taxonomy":"product_tag","embeddable":true,"href":"https:\/\/www.miomiorun.com\/fr\/wp-json\/wp\/v2\/product_tag?post=276366"}],"curies":[{"name":"wp","href":"https:\/\/api.w.org\/{rel}","templated":true}]}}