{"id":276352,"date":"2021-02-27T11:07:15","date_gmt":"2021-02-27T10:07:15","guid":{"rendered":"https:\/\/miomiorun.com\/prodotto\/saucony-ride-13-bambina\/"},"modified":"2025-12-04T10:53:27","modified_gmt":"2025-12-04T09:53:27","slug":"saucony-ride-13-enfant-2","status":"publish","type":"product","link":"https:\/\/www.miomiorun.com\/fr\/produit\/saucony-ride-13-enfant-2\/","title":{"rendered":"Ride 13 enfant"},"content":{"rendered":"<div class=\"vc-row container\"><div class=\"vc-column\"><div class=\"vc-column-text\"><\/p>\n<h4>Caract\u00e9ristiques techniques<\/h4>\n<p>Cat\u00e9gorie : Amorti structur\u00e9<br \/>\nD\u00e9calage : 8 mm<br \/>\nId\u00e9al pour : les filles qui ont besoin d&#8217;une chaussure offrant un bon amorti et une bonne structure. Id\u00e9al pour les premi\u00e8res approches de l&#8217;activit\u00e9 sportive ou pour les filles qui ont d\u00e9j\u00e0 tendance \u00e0 courir sur des distances moyennes \u00e0 longues.<br \/>\n<a href=\"https:\/\/miomiorun.com\/fr\/guide-des-specificites\/\">Guide des sp\u00e9cifications techniques<\/a><\/p>\n<p><\/div> <\/div><div class=\"vc-column\"><div class=\"vc-column-text\">Une foul\u00e9e fluide et agr\u00e9able.<\/p>\n<p>Pour celles qui recherchent un confort fiable \u00e0 chaque course, la RIDE 13 continue de tracer la voie vers des kilom\u00e8tres tout en douceur avec un amorti encore plus souple et une nouvelle coupe a\u00e9rodynamique.<\/p>\n<h2>Aper\u00e7u<\/h2>\n<p>\u2022 ISOFIT : s&#8217;adapte au pied pour un ajustement personnalis\u00e9<br \/>\n\u2022 EVA moul\u00e9 et compress\u00e9<br \/>\n\u2022 Rembourrage anti-odeurs et antibact\u00e9rien<br \/>\n\u2022 Insert stabilisateur Powergrid au talon<br \/>\n\u2022 Excellente adh\u00e9rence gr\u00e2ce \u00e0 la semelle TRI-FLEX<br \/>\n\u2022 Semelle anti-abrasion non marquante<\/div><\/div><\/div>\n","protected":false},"excerpt":{"rendered":"","protected":false},"featured_media":231383,"template":"","meta":{"_acf_changed":false,"inline_featured_image":false},"product_brand":[],"product_cat":[22593,22590],"product_tag":[23579,24184],"class_list":{"0":"post-276352","1":"product","2":"type-product","3":"status-publish","4":"has-post-thumbnail","6":"product_cat-chaussures-pour-filles","7":"product_cat-enfant","8":"product_tag-saucony-fr","9":"product_tag-saucony-fille","10":"pa_attivita-fitness-fr","11":"pa_attivita-lifestyle-fr","12":"pa_attivita-marcher","13":"pa_attivita-running-fr","14":"pa_colore-girls-ride-13-black-pink-fr","15":"pa_marca-saucony-fr","16":"pa_sesso-femme","17":"pa_size-35-5-fr","19":"first","20":"instock","21":"sale","22":"taxable","23":"shipping-taxable","24":"purchasable","25":"product-type-variable","26":"wvs-archive-product-wrapper"},"acf":[],"yoast_head":"<!-- This site is optimized with the Yoast SEO plugin v26.8 - https:\/\/yoast.com\/product\/yoast-seo-wordpress\/ -->\n<title>Saucony Ride 13 enfant -chaussures de course enfant - MioMioRun<\/title>\n<meta name=\"description\" content=\"D\u00e9couvrez sur MioMioRun.com la nouvelle Saucony Ride 13 pour enfants ! La chaussure de course qui offre un confort fiable \u00e0 chaque sortie.\" \/>\n<meta name=\"robots\" content=\"index, follow, max-snippet:-1, max-image-preview:large, max-video-preview:-1\" \/>\n<link rel=\"canonical\" href=\"https:\/\/www.miomiorun.com\/fr\/produit\/saucony-ride-13-enfant-2\/\" \/>\n<meta property=\"og:locale\" content=\"fr_FR\" \/>\n<meta property=\"og:type\" content=\"article\" \/>\n<meta property=\"og:title\" content=\"Saucony Ride 13 enfant -chaussures de course enfant - MioMioRun\" \/>\n<meta property=\"og:description\" content=\"D\u00e9couvrez sur MioMioRun.com la nouvelle Saucony Ride 13 pour enfants ! La chaussure de course qui offre un confort fiable \u00e0 chaque sortie.\" \/>\n<meta property=\"og:url\" content=\"https:\/\/www.miomiorun.com\/fr\/produit\/saucony-ride-13-enfant-2\/\" \/>\n<meta property=\"og:site_name\" content=\"MioMioRun\" \/>\n<meta property=\"article:publisher\" content=\"https:\/\/www.facebook.com\/miomiorun\/\" \/>\n<meta property=\"article:modified_time\" content=\"2025-12-04T09:53:27+00:00\" \/>\n<meta property=\"og:image\" content=\"https:\/\/www.miomiorun.com\/app\/uploads\/2021\/02\/saucony-ride-13-SK164330.jpg\" \/>\n\t<meta property=\"og:image:width\" content=\"600\" \/>\n\t<meta property=\"og:image:height\" content=\"600\" \/>\n\t<meta property=\"og:image:type\" content=\"image\/jpeg\" \/>\n<meta name=\"twitter:card\" content=\"summary_large_image\" \/>\n<meta name=\"twitter:label1\" content=\"Est. reading time\" \/>\n\t<meta name=\"twitter:data1\" content=\"1 minute\" \/>\n<script type=\"application\/ld+json\" class=\"yoast-schema-graph\">{\"@context\":\"https:\/\/schema.org\",\"@graph\":[{\"@type\":\"WebPage\",\"@id\":\"https:\/\/www.miomiorun.com\/fr\/produit\/saucony-ride-13-enfant-2\/\",\"url\":\"https:\/\/www.miomiorun.com\/fr\/produit\/saucony-ride-13-enfant-2\/\",\"name\":\"Saucony Ride 13 enfant -chaussures de course enfant - MioMioRun\",\"isPartOf\":{\"@id\":\"https:\/\/www.miomiorun.com\/fr\/#website\"},\"primaryImageOfPage\":{\"@id\":\"https:\/\/www.miomiorun.com\/fr\/produit\/saucony-ride-13-enfant-2\/#primaryimage\"},\"image\":{\"@id\":\"https:\/\/www.miomiorun.com\/fr\/produit\/saucony-ride-13-enfant-2\/#primaryimage\"},\"thumbnailUrl\":\"https:\/\/www.miomiorun.com\/app\/uploads\/2021\/02\/saucony-ride-13-SK164330.jpg\",\"datePublished\":\"2021-02-27T10:07:15+00:00\",\"dateModified\":\"2025-12-04T09:53:27+00:00\",\"description\":\"D\u00e9couvrez sur MioMioRun.com la nouvelle Saucony Ride 13 pour enfants ! La chaussure de course qui offre un confort fiable \u00e0 chaque sortie.\",\"breadcrumb\":{\"@id\":\"https:\/\/www.miomiorun.com\/fr\/produit\/saucony-ride-13-enfant-2\/#breadcrumb\"},\"inLanguage\":\"fr-FR\",\"potentialAction\":[{\"@type\":\"ReadAction\",\"target\":[\"https:\/\/www.miomiorun.com\/fr\/produit\/saucony-ride-13-enfant-2\/\"]}]},{\"@type\":\"ImageObject\",\"inLanguage\":\"fr-FR\",\"@id\":\"https:\/\/www.miomiorun.com\/fr\/produit\/saucony-ride-13-enfant-2\/#primaryimage\",\"url\":\"https:\/\/www.miomiorun.com\/app\/uploads\/2021\/02\/saucony-ride-13-SK164330.jpg\",\"contentUrl\":\"https:\/\/www.miomiorun.com\/app\/uploads\/2021\/02\/saucony-ride-13-SK164330.jpg\",\"width\":600,\"height\":600,\"caption\":\"saucony ride 13 profilo\"},{\"@type\":\"BreadcrumbList\",\"@id\":\"https:\/\/www.miomiorun.com\/fr\/produit\/saucony-ride-13-enfant-2\/#breadcrumb\",\"itemListElement\":[{\"@type\":\"ListItem\",\"position\":1,\"name\":\"Home\",\"item\":\"https:\/\/www.miomiorun.com\/fr\/home-page\/\"},{\"@type\":\"ListItem\",\"position\":2,\"name\":\"Shop\",\"item\":\"https:\/\/www.miomiorun.com\/shop\/\"},{\"@type\":\"ListItem\",\"position\":3,\"name\":\"Ride 13 enfant\"}]},{\"@type\":\"WebSite\",\"@id\":\"https:\/\/www.miomiorun.com\/fr\/#website\",\"url\":\"https:\/\/www.miomiorun.com\/fr\/\",\"name\":\"MioMioRun\",\"description\":\"Boutique 100% running et trail\",\"publisher\":{\"@id\":\"https:\/\/www.miomiorun.com\/fr\/#organization\"},\"potentialAction\":[{\"@type\":\"SearchAction\",\"target\":{\"@type\":\"EntryPoint\",\"urlTemplate\":\"https:\/\/www.miomiorun.com\/fr\/?s={search_term_string}\"},\"query-input\":{\"@type\":\"PropertyValueSpecification\",\"valueRequired\":true,\"valueName\":\"search_term_string\"}}],\"inLanguage\":\"fr-FR\"},{\"@type\":\"Organization\",\"@id\":\"https:\/\/www.miomiorun.com\/fr\/#organization\",\"name\":\"MioMio Run\",\"url\":\"https:\/\/www.miomiorun.com\/fr\/\",\"logo\":{\"@type\":\"ImageObject\",\"inLanguage\":\"fr-FR\",\"@id\":\"https:\/\/www.miomiorun.com\/fr\/#\/schema\/logo\/image\/\",\"url\":\"https:\/\/www.miomiorun.com\/app\/uploads\/2019\/12\/logomio.png\",\"contentUrl\":\"https:\/\/www.miomiorun.com\/app\/uploads\/2019\/12\/logomio.png\",\"width\":115,\"height\":82,\"caption\":\"MioMio Run\"},\"image\":{\"@id\":\"https:\/\/www.miomiorun.com\/fr\/#\/schema\/logo\/image\/\"},\"sameAs\":[\"https:\/\/www.facebook.com\/miomiorun\/\",\"https:\/\/www.instagram.com\/miomiorun\/\"]}]}<\/script>\n<!-- \/ Yoast SEO plugin. -->","yoast_head_json":{"title":"Saucony Ride 13 enfant -chaussures de course enfant - MioMioRun","description":"D\u00e9couvrez sur MioMioRun.com la nouvelle Saucony Ride 13 pour enfants ! La chaussure de course qui offre un confort fiable \u00e0 chaque sortie.","robots":{"index":"index","follow":"follow","max-snippet":"max-snippet:-1","max-image-preview":"max-image-preview:large","max-video-preview":"max-video-preview:-1"},"canonical":"https:\/\/www.miomiorun.com\/fr\/produit\/saucony-ride-13-enfant-2\/","og_locale":"fr_FR","og_type":"article","og_title":"Saucony Ride 13 enfant -chaussures de course enfant - MioMioRun","og_description":"D\u00e9couvrez sur MioMioRun.com la nouvelle Saucony Ride 13 pour enfants ! La chaussure de course qui offre un confort fiable \u00e0 chaque sortie.","og_url":"https:\/\/www.miomiorun.com\/fr\/produit\/saucony-ride-13-enfant-2\/","og_site_name":"MioMioRun","article_publisher":"https:\/\/www.facebook.com\/miomiorun\/","article_modified_time":"2025-12-04T09:53:27+00:00","og_image":[{"width":600,"height":600,"url":"https:\/\/www.miomiorun.com\/app\/uploads\/2021\/02\/saucony-ride-13-SK164330.jpg","type":"image\/jpeg"}],"twitter_card":"summary_large_image","twitter_misc":{"Est. reading time":"1 minute"},"schema":{"@context":"https:\/\/schema.org","@graph":[{"@type":"WebPage","@id":"https:\/\/www.miomiorun.com\/fr\/produit\/saucony-ride-13-enfant-2\/","url":"https:\/\/www.miomiorun.com\/fr\/produit\/saucony-ride-13-enfant-2\/","name":"Saucony Ride 13 enfant -chaussures de course enfant - MioMioRun","isPartOf":{"@id":"https:\/\/www.miomiorun.com\/fr\/#website"},"primaryImageOfPage":{"@id":"https:\/\/www.miomiorun.com\/fr\/produit\/saucony-ride-13-enfant-2\/#primaryimage"},"image":{"@id":"https:\/\/www.miomiorun.com\/fr\/produit\/saucony-ride-13-enfant-2\/#primaryimage"},"thumbnailUrl":"https:\/\/www.miomiorun.com\/app\/uploads\/2021\/02\/saucony-ride-13-SK164330.jpg","datePublished":"2021-02-27T10:07:15+00:00","dateModified":"2025-12-04T09:53:27+00:00","description":"D\u00e9couvrez sur MioMioRun.com la nouvelle Saucony Ride 13 pour enfants ! La chaussure de course qui offre un confort fiable \u00e0 chaque sortie.","breadcrumb":{"@id":"https:\/\/www.miomiorun.com\/fr\/produit\/saucony-ride-13-enfant-2\/#breadcrumb"},"inLanguage":"fr-FR","potentialAction":[{"@type":"ReadAction","target":["https:\/\/www.miomiorun.com\/fr\/produit\/saucony-ride-13-enfant-2\/"]}]},{"@type":"ImageObject","inLanguage":"fr-FR","@id":"https:\/\/www.miomiorun.com\/fr\/produit\/saucony-ride-13-enfant-2\/#primaryimage","url":"https:\/\/www.miomiorun.com\/app\/uploads\/2021\/02\/saucony-ride-13-SK164330.jpg","contentUrl":"https:\/\/www.miomiorun.com\/app\/uploads\/2021\/02\/saucony-ride-13-SK164330.jpg","width":600,"height":600,"caption":"saucony ride 13 profilo"},{"@type":"BreadcrumbList","@id":"https:\/\/www.miomiorun.com\/fr\/produit\/saucony-ride-13-enfant-2\/#breadcrumb","itemListElement":[{"@type":"ListItem","position":1,"name":"Home","item":"https:\/\/www.miomiorun.com\/fr\/home-page\/"},{"@type":"ListItem","position":2,"name":"Shop","item":"https:\/\/www.miomiorun.com\/shop\/"},{"@type":"ListItem","position":3,"name":"Ride 13 enfant"}]},{"@type":"WebSite","@id":"https:\/\/www.miomiorun.com\/fr\/#website","url":"https:\/\/www.miomiorun.com\/fr\/","name":"MioMioRun","description":"Boutique 100% running et trail","publisher":{"@id":"https:\/\/www.miomiorun.com\/fr\/#organization"},"potentialAction":[{"@type":"SearchAction","target":{"@type":"EntryPoint","urlTemplate":"https:\/\/www.miomiorun.com\/fr\/?s={search_term_string}"},"query-input":{"@type":"PropertyValueSpecification","valueRequired":true,"valueName":"search_term_string"}}],"inLanguage":"fr-FR"},{"@type":"Organization","@id":"https:\/\/www.miomiorun.com\/fr\/#organization","name":"MioMio Run","url":"https:\/\/www.miomiorun.com\/fr\/","logo":{"@type":"ImageObject","inLanguage":"fr-FR","@id":"https:\/\/www.miomiorun.com\/fr\/#\/schema\/logo\/image\/","url":"https:\/\/www.miomiorun.com\/app\/uploads\/2019\/12\/logomio.png","contentUrl":"https:\/\/www.miomiorun.com\/app\/uploads\/2019\/12\/logomio.png","width":115,"height":82,"caption":"MioMio Run"},"image":{"@id":"https:\/\/www.miomiorun.com\/fr\/#\/schema\/logo\/image\/"},"sameAs":["https:\/\/www.facebook.com\/miomiorun\/","https:\/\/www.instagram.com\/miomiorun\/"]}]}},"_links":{"self":[{"href":"https:\/\/www.miomiorun.com\/fr\/wp-json\/wp\/v2\/product\/276352","targetHints":{"allow":["GET"]}}],"collection":[{"href":"https:\/\/www.miomiorun.com\/fr\/wp-json\/wp\/v2\/product"}],"about":[{"href":"https:\/\/www.miomiorun.com\/fr\/wp-json\/wp\/v2\/types\/product"}],"wp:featuredmedia":[{"embeddable":true,"href":"https:\/\/www.miomiorun.com\/fr\/wp-json\/wp\/v2\/media\/231383"}],"wp:attachment":[{"href":"https:\/\/www.miomiorun.com\/fr\/wp-json\/wp\/v2\/media?parent=276352"}],"wp:term":[{"taxonomy":"product_brand","embeddable":true,"href":"https:\/\/www.miomiorun.com\/fr\/wp-json\/wp\/v2\/product_brand?post=276352"},{"taxonomy":"product_cat","embeddable":true,"href":"https:\/\/www.miomiorun.com\/fr\/wp-json\/wp\/v2\/product_cat?post=276352"},{"taxonomy":"product_tag","embeddable":true,"href":"https:\/\/www.miomiorun.com\/fr\/wp-json\/wp\/v2\/product_tag?post=276352"}],"curies":[{"name":"wp","href":"https:\/\/api.w.org\/{rel}","templated":true}]}}