{"id":276325,"date":"2020-10-08T18:44:15","date_gmt":"2020-10-08T16:44:15","guid":{"rendered":"https:\/\/miomiorun.com\/prodotto\/garmin-cinturini-forerunner-45\/"},"modified":"2026-01-21T11:17:28","modified_gmt":"2026-01-21T10:17:28","slug":"garmin-bracelets-forerunner-45","status":"publish","type":"product","link":"https:\/\/www.miomiorun.com\/fr\/produit\/garmin-bracelets-forerunner-45\/","title":{"rendered":"Bracelets Forerunner 45"},"content":{"rendered":"<p>Adoptez un look sportif sans renoncer \u00e0 l&#8217;\u00e9l\u00e9gance en changeant les couleurs du bracelet de votre montre sur les mod\u00e8les compatibles. Il suffit de retirer le bracelet actuel et de visser le nouveau pour un confort et une adaptabilit\u00e9 accrus. Outils pour retirer le bracelet et les goupilles inclus. Les couleurs individuelles sont vendues s\u00e9par\u00e9ment.<\/p>\n","protected":false},"excerpt":{"rendered":"<p id=\"js__product__info__variation\" class=\"app__product__info__subtitle\">Bracelet en silicone avec composants en acier inoxydable<\/p>\n","protected":false},"featured_media":230705,"template":"","meta":{"_acf_changed":false,"inline_featured_image":false},"product_brand":[],"product_cat":[22537,22566],"product_tag":[23480],"class_list":{"0":"post-276325","1":"product","2":"type-product","3":"status-publish","4":"has-post-thumbnail","6":"product_cat-garmin-fr","7":"product_cat-accessoires-fr","8":"product_tag-garmin-fr","10":"first","11":"outofstock","12":"sale","13":"taxable","14":"shipping-taxable","15":"purchasable","16":"product-type-variable","17":"wvs-archive-product-wrapper"},"acf":[],"yoast_head":"<!-- This site is optimized with the Yoast SEO plugin v26.8 - https:\/\/yoast.com\/product\/yoast-seo-wordpress\/ -->\n<title>Garmin Bracelets Forerunner 45 - accessoires Garmin - MioMioRun<\/title>\n<meta name=\"description\" content=\"Adoptez un look sportif sans renoncer \u00e0 l&#039;\u00e9l\u00e9gance en changeant les couleurs du bracelet de votre montre. Retirez le bracelet de votre montre et vissez le nouveau.\" \/>\n<meta name=\"robots\" content=\"index, follow, max-snippet:-1, max-image-preview:large, max-video-preview:-1\" \/>\n<link rel=\"canonical\" href=\"https:\/\/www.miomiorun.com\/fr\/produit\/garmin-bracelets-forerunner-45\/\" \/>\n<meta property=\"og:locale\" content=\"fr_FR\" \/>\n<meta property=\"og:type\" content=\"article\" \/>\n<meta property=\"og:title\" content=\"Garmin Bracelets Forerunner 45 - accessoires Garmin - MioMioRun\" \/>\n<meta property=\"og:description\" content=\"Adoptez un look sportif sans renoncer \u00e0 l&#039;\u00e9l\u00e9gance en changeant les couleurs du bracelet de votre montre. Retirez le bracelet de votre montre et vissez le nouveau.\" \/>\n<meta property=\"og:url\" content=\"https:\/\/www.miomiorun.com\/fr\/produit\/garmin-bracelets-forerunner-45\/\" \/>\n<meta property=\"og:site_name\" content=\"MioMioRun\" \/>\n<meta property=\"article:publisher\" content=\"https:\/\/www.facebook.com\/miomiorun\/\" \/>\n<meta property=\"article:modified_time\" content=\"2026-01-21T10:17:28+00:00\" \/>\n<meta property=\"og:image\" content=\"https:\/\/www.miomiorun.com\/app\/uploads\/2020\/10\/garmin-cinturino-forerunner-45-010-11251-1Y.jpg\" \/>\n\t<meta property=\"og:image:width\" content=\"600\" \/>\n\t<meta property=\"og:image:height\" content=\"600\" \/>\n\t<meta property=\"og:image:type\" content=\"image\/jpeg\" \/>\n<meta name=\"twitter:card\" content=\"summary_large_image\" \/>\n<script type=\"application\/ld+json\" class=\"yoast-schema-graph\">{\"@context\":\"https:\/\/schema.org\",\"@graph\":[{\"@type\":\"WebPage\",\"@id\":\"https:\/\/www.miomiorun.com\/fr\/produit\/garmin-bracelets-forerunner-45\/\",\"url\":\"https:\/\/www.miomiorun.com\/fr\/produit\/garmin-bracelets-forerunner-45\/\",\"name\":\"Garmin Bracelets Forerunner 45 - accessoires Garmin - MioMioRun\",\"isPartOf\":{\"@id\":\"https:\/\/www.miomiorun.com\/fr\/#website\"},\"primaryImageOfPage\":{\"@id\":\"https:\/\/www.miomiorun.com\/fr\/produit\/garmin-bracelets-forerunner-45\/#primaryimage\"},\"image\":{\"@id\":\"https:\/\/www.miomiorun.com\/fr\/produit\/garmin-bracelets-forerunner-45\/#primaryimage\"},\"thumbnailUrl\":\"https:\/\/www.miomiorun.com\/app\/uploads\/2020\/10\/garmin-cinturino-forerunner-45-010-11251-1Y.jpg\",\"datePublished\":\"2020-10-08T16:44:15+00:00\",\"dateModified\":\"2026-01-21T10:17:28+00:00\",\"description\":\"Adoptez un look sportif sans renoncer \u00e0 l'\u00e9l\u00e9gance en changeant les couleurs du bracelet de votre montre. Retirez le bracelet de votre montre et vissez le nouveau.\",\"breadcrumb\":{\"@id\":\"https:\/\/www.miomiorun.com\/fr\/produit\/garmin-bracelets-forerunner-45\/#breadcrumb\"},\"inLanguage\":\"fr-FR\",\"potentialAction\":[{\"@type\":\"ReadAction\",\"target\":[\"https:\/\/www.miomiorun.com\/fr\/produit\/garmin-bracelets-forerunner-45\/\"]}]},{\"@type\":\"ImageObject\",\"inLanguage\":\"fr-FR\",\"@id\":\"https:\/\/www.miomiorun.com\/fr\/produit\/garmin-bracelets-forerunner-45\/#primaryimage\",\"url\":\"https:\/\/www.miomiorun.com\/app\/uploads\/2020\/10\/garmin-cinturino-forerunner-45-010-11251-1Y.jpg\",\"contentUrl\":\"https:\/\/www.miomiorun.com\/app\/uploads\/2020\/10\/garmin-cinturino-forerunner-45-010-11251-1Y.jpg\",\"width\":600,\"height\":600,\"caption\":\"garmin-cinturino-forerunner-45-010-11251-1Y\"},{\"@type\":\"BreadcrumbList\",\"@id\":\"https:\/\/www.miomiorun.com\/fr\/produit\/garmin-bracelets-forerunner-45\/#breadcrumb\",\"itemListElement\":[{\"@type\":\"ListItem\",\"position\":1,\"name\":\"Home\",\"item\":\"https:\/\/www.miomiorun.com\/fr\/home-page\/\"},{\"@type\":\"ListItem\",\"position\":2,\"name\":\"Shop\",\"item\":\"https:\/\/www.miomiorun.com\/shop\/\"},{\"@type\":\"ListItem\",\"position\":3,\"name\":\"Bracelets Forerunner 45\"}]},{\"@type\":\"WebSite\",\"@id\":\"https:\/\/www.miomiorun.com\/fr\/#website\",\"url\":\"https:\/\/www.miomiorun.com\/fr\/\",\"name\":\"MioMioRun\",\"description\":\"Boutique 100% running et trail\",\"publisher\":{\"@id\":\"https:\/\/www.miomiorun.com\/fr\/#organization\"},\"potentialAction\":[{\"@type\":\"SearchAction\",\"target\":{\"@type\":\"EntryPoint\",\"urlTemplate\":\"https:\/\/www.miomiorun.com\/fr\/?s={search_term_string}\"},\"query-input\":{\"@type\":\"PropertyValueSpecification\",\"valueRequired\":true,\"valueName\":\"search_term_string\"}}],\"inLanguage\":\"fr-FR\"},{\"@type\":\"Organization\",\"@id\":\"https:\/\/www.miomiorun.com\/fr\/#organization\",\"name\":\"MioMio Run\",\"url\":\"https:\/\/www.miomiorun.com\/fr\/\",\"logo\":{\"@type\":\"ImageObject\",\"inLanguage\":\"fr-FR\",\"@id\":\"https:\/\/www.miomiorun.com\/fr\/#\/schema\/logo\/image\/\",\"url\":\"https:\/\/www.miomiorun.com\/app\/uploads\/2019\/12\/logomio.png\",\"contentUrl\":\"https:\/\/www.miomiorun.com\/app\/uploads\/2019\/12\/logomio.png\",\"width\":115,\"height\":82,\"caption\":\"MioMio Run\"},\"image\":{\"@id\":\"https:\/\/www.miomiorun.com\/fr\/#\/schema\/logo\/image\/\"},\"sameAs\":[\"https:\/\/www.facebook.com\/miomiorun\/\",\"https:\/\/www.instagram.com\/miomiorun\/\"]}]}<\/script>\n<!-- \/ Yoast SEO plugin. -->","yoast_head_json":{"title":"Garmin Bracelets Forerunner 45 - accessoires Garmin - MioMioRun","description":"Adoptez un look sportif sans renoncer \u00e0 l'\u00e9l\u00e9gance en changeant les couleurs du bracelet de votre montre. Retirez le bracelet de votre montre et vissez le nouveau.","robots":{"index":"index","follow":"follow","max-snippet":"max-snippet:-1","max-image-preview":"max-image-preview:large","max-video-preview":"max-video-preview:-1"},"canonical":"https:\/\/www.miomiorun.com\/fr\/produit\/garmin-bracelets-forerunner-45\/","og_locale":"fr_FR","og_type":"article","og_title":"Garmin Bracelets Forerunner 45 - accessoires Garmin - MioMioRun","og_description":"Adoptez un look sportif sans renoncer \u00e0 l'\u00e9l\u00e9gance en changeant les couleurs du bracelet de votre montre. Retirez le bracelet de votre montre et vissez le nouveau.","og_url":"https:\/\/www.miomiorun.com\/fr\/produit\/garmin-bracelets-forerunner-45\/","og_site_name":"MioMioRun","article_publisher":"https:\/\/www.facebook.com\/miomiorun\/","article_modified_time":"2026-01-21T10:17:28+00:00","og_image":[{"width":600,"height":600,"url":"https:\/\/www.miomiorun.com\/app\/uploads\/2020\/10\/garmin-cinturino-forerunner-45-010-11251-1Y.jpg","type":"image\/jpeg"}],"twitter_card":"summary_large_image","schema":{"@context":"https:\/\/schema.org","@graph":[{"@type":"WebPage","@id":"https:\/\/www.miomiorun.com\/fr\/produit\/garmin-bracelets-forerunner-45\/","url":"https:\/\/www.miomiorun.com\/fr\/produit\/garmin-bracelets-forerunner-45\/","name":"Garmin Bracelets Forerunner 45 - accessoires Garmin - MioMioRun","isPartOf":{"@id":"https:\/\/www.miomiorun.com\/fr\/#website"},"primaryImageOfPage":{"@id":"https:\/\/www.miomiorun.com\/fr\/produit\/garmin-bracelets-forerunner-45\/#primaryimage"},"image":{"@id":"https:\/\/www.miomiorun.com\/fr\/produit\/garmin-bracelets-forerunner-45\/#primaryimage"},"thumbnailUrl":"https:\/\/www.miomiorun.com\/app\/uploads\/2020\/10\/garmin-cinturino-forerunner-45-010-11251-1Y.jpg","datePublished":"2020-10-08T16:44:15+00:00","dateModified":"2026-01-21T10:17:28+00:00","description":"Adoptez un look sportif sans renoncer \u00e0 l'\u00e9l\u00e9gance en changeant les couleurs du bracelet de votre montre. Retirez le bracelet de votre montre et vissez le nouveau.","breadcrumb":{"@id":"https:\/\/www.miomiorun.com\/fr\/produit\/garmin-bracelets-forerunner-45\/#breadcrumb"},"inLanguage":"fr-FR","potentialAction":[{"@type":"ReadAction","target":["https:\/\/www.miomiorun.com\/fr\/produit\/garmin-bracelets-forerunner-45\/"]}]},{"@type":"ImageObject","inLanguage":"fr-FR","@id":"https:\/\/www.miomiorun.com\/fr\/produit\/garmin-bracelets-forerunner-45\/#primaryimage","url":"https:\/\/www.miomiorun.com\/app\/uploads\/2020\/10\/garmin-cinturino-forerunner-45-010-11251-1Y.jpg","contentUrl":"https:\/\/www.miomiorun.com\/app\/uploads\/2020\/10\/garmin-cinturino-forerunner-45-010-11251-1Y.jpg","width":600,"height":600,"caption":"garmin-cinturino-forerunner-45-010-11251-1Y"},{"@type":"BreadcrumbList","@id":"https:\/\/www.miomiorun.com\/fr\/produit\/garmin-bracelets-forerunner-45\/#breadcrumb","itemListElement":[{"@type":"ListItem","position":1,"name":"Home","item":"https:\/\/www.miomiorun.com\/fr\/home-page\/"},{"@type":"ListItem","position":2,"name":"Shop","item":"https:\/\/www.miomiorun.com\/shop\/"},{"@type":"ListItem","position":3,"name":"Bracelets Forerunner 45"}]},{"@type":"WebSite","@id":"https:\/\/www.miomiorun.com\/fr\/#website","url":"https:\/\/www.miomiorun.com\/fr\/","name":"MioMioRun","description":"Boutique 100% running et trail","publisher":{"@id":"https:\/\/www.miomiorun.com\/fr\/#organization"},"potentialAction":[{"@type":"SearchAction","target":{"@type":"EntryPoint","urlTemplate":"https:\/\/www.miomiorun.com\/fr\/?s={search_term_string}"},"query-input":{"@type":"PropertyValueSpecification","valueRequired":true,"valueName":"search_term_string"}}],"inLanguage":"fr-FR"},{"@type":"Organization","@id":"https:\/\/www.miomiorun.com\/fr\/#organization","name":"MioMio Run","url":"https:\/\/www.miomiorun.com\/fr\/","logo":{"@type":"ImageObject","inLanguage":"fr-FR","@id":"https:\/\/www.miomiorun.com\/fr\/#\/schema\/logo\/image\/","url":"https:\/\/www.miomiorun.com\/app\/uploads\/2019\/12\/logomio.png","contentUrl":"https:\/\/www.miomiorun.com\/app\/uploads\/2019\/12\/logomio.png","width":115,"height":82,"caption":"MioMio Run"},"image":{"@id":"https:\/\/www.miomiorun.com\/fr\/#\/schema\/logo\/image\/"},"sameAs":["https:\/\/www.facebook.com\/miomiorun\/","https:\/\/www.instagram.com\/miomiorun\/"]}]}},"_links":{"self":[{"href":"https:\/\/www.miomiorun.com\/fr\/wp-json\/wp\/v2\/product\/276325","targetHints":{"allow":["GET"]}}],"collection":[{"href":"https:\/\/www.miomiorun.com\/fr\/wp-json\/wp\/v2\/product"}],"about":[{"href":"https:\/\/www.miomiorun.com\/fr\/wp-json\/wp\/v2\/types\/product"}],"wp:featuredmedia":[{"embeddable":true,"href":"https:\/\/www.miomiorun.com\/fr\/wp-json\/wp\/v2\/media\/230705"}],"wp:attachment":[{"href":"https:\/\/www.miomiorun.com\/fr\/wp-json\/wp\/v2\/media?parent=276325"}],"wp:term":[{"taxonomy":"product_brand","embeddable":true,"href":"https:\/\/www.miomiorun.com\/fr\/wp-json\/wp\/v2\/product_brand?post=276325"},{"taxonomy":"product_cat","embeddable":true,"href":"https:\/\/www.miomiorun.com\/fr\/wp-json\/wp\/v2\/product_cat?post=276325"},{"taxonomy":"product_tag","embeddable":true,"href":"https:\/\/www.miomiorun.com\/fr\/wp-json\/wp\/v2\/product_tag?post=276325"}],"curies":[{"name":"wp","href":"https:\/\/api.w.org\/{rel}","templated":true}]}}