{"id":276301,"date":"2020-10-09T10:22:28","date_gmt":"2020-10-09T08:22:28","guid":{"rendered":"https:\/\/miomiorun.com\/prodotto\/uyn-energyon-uw-sleeveless-donna\/"},"modified":"2026-01-21T11:19:37","modified_gmt":"2026-01-21T10:19:37","slug":"uyn-energyon-uw-sleeveless-femme","status":"publish","type":"product","link":"https:\/\/www.miomiorun.com\/fr\/produit\/uyn-energyon-uw-sleeveless-femme\/","title":{"rendered":"Energyon UW sleeveless femme"},"content":{"rendered":"<div id=\"tab-description\" class=\"tab-pane active\" role=\"tabpanel\">\n<div class=\"tab-custom\">\n<div class=\"tab-custom-inner-max content-wysiwyg\">\n<p>Un confort total m\u00eame lors des journ\u00e9es tr\u00e8s chaudes et pendant les activit\u00e9s tr\u00e8s \u00e9nergivores ? C&#8217;est d\u00e9sormais possible gr\u00e2ce \u00e0 ce maillot sans manches qui int\u00e8gre la technologie Flowtunnels : la r\u00e9partition des trous dans les zones de transpiration intense et la combinaison avec des canaux tridimensionnels permettent une ventilation sans pareille. La coupe anatomique garantit un excellent maintien dans tous les mouvements.<\/p>\n<p>&#8211; Logos brod\u00e9s<br \/>\n&#8211; Col rond<br \/>\n&#8211; Bordure en maille \u00e9lastique<\/p>\n<\/div>\n<div class=\"tab-custom-inner\">\n<div class=\"tab-custom-flex\">\n<div class=\"tab-custom-items\">\n<div class=\"tab-custom-item\">\n<div class=\"tab-custom-img\"><img loading=\"lazy\" decoding=\"async\" class=\"\" title=\"Low\" src=\"https:\/\/www.uynsports.com\/skin\/frontend\/uyn\/default\/images\/technologies\/insulations\/compressed\/low-insulation.png\" alt=\"Low\" width=\"120\" height=\"100\"> &nbsp;&nbsp;&nbsp;&nbsp;&nbsp;&nbsp; <img loading=\"lazy\" decoding=\"async\" class=\"\" src=\"https:\/\/www.uynsports.com\/skin\/frontend\/uyn\/default\/images\/technologies\/fabric-properties\/compressed\/weight-72.jpg\" alt=\"Peso\" width=\"120\" height=\"120\"> &nbsp;&nbsp;&nbsp;&nbsp;&nbsp; <img loading=\"lazy\" decoding=\"async\" class=\"\" title=\"Garanzia di due anni\" src=\"https:\/\/www.uynsports.com\/skin\/frontend\/uyn\/default\/images\/compressed\/guarantee.png\" alt=\"Garanzia di due anni\" width=\"120\" height=\"120\"><\/div>\n<\/div>\n<\/div>\n<div class=\"tab-custom-items\">\n<div class=\"tab-custom-item\">\n<div class=\"tab-custom-item\">&nbsp;&amp; nbsp;&nbsp;&nbsp;&nbsp;&nbsp;&nbsp;&nbsp;&nbsp;&nbsp;&nbsp;&nbsp;&nbsp;&nbsp;&nbsp;&nbsp;&nbsp;&nbsp;&nbsp;&nbsp;&nbsp;&nbsp;&nbsp;&nbsp;&nbsp;&nbsp;&nbsp;&nbsp;&nbsp;&nbsp;&nbsp;&nbsp;&nbsp;&nbsp;&nbsp;&nbsp;&nbsp;&nbsp;&nbsp;&nbsp;&nbsp;&nbsp;&nbsp;&nbsp;&nbsp;&nbsp;&nbsp;&nbsp;&nbsp;&nbsp;&nbsp;&nbsp;&nbsp;&nbsp;&nbsp;&nbsp;&nbsp;&nbsp;&nbsp;&nbsp;&nbsp;&nbsp;&nbsp;&nbsp;&nbsp;&nbsp;&nbsp;&nbsp;&nbsp;&nbsp;&nbsp;&nbsp;&nbsp;&nbsp;&nbsp;&nbsp;&nbsp;&nbsp;&nbsp;&nbsp;&nbsp;&nbsp;&nbsp;&nbsp;&nbsp;&nbsp;&amp; nbsp;&nbsp;&nbsp;&nbsp;&nbsp;&nbsp;&nbsp;&nbsp;&nbsp;&nbsp;&nbsp;&nbsp;&nbsp;&nbsp;&nbsp;&nbsp;&nbsp;&nbsp;&nbsp;&nbsp;&nbsp;&nbsp;&nbsp;&nbsp;&nbsp; Poids&nbsp;&nbsp;&nbsp;&nbsp;&nbsp;&nbsp;&nbsp;&nbsp;&nbsp;&nbsp;&nbsp;&nbsp;&nbsp;&nbsp;&nbsp;&nbsp;&nbsp;&nbsp;&nbsp;&nbsp; Garantie de deux ans<\/div>\n<\/div>\n<div><\/div>\n<\/div>\n<\/div>\n<\/div>\n<div class=\"tab-custom-inner-max content-wysiwyg\">\n<div class=\"product-line\">\n<p><img decoding=\"async\" class=\"line-image\" src=\"https:\/\/www.uynsports.com\/media\/wysiwyg\/lines\/resized-height-35\/logo-energyon.jpg\" alt=\"PI\u00d9 TI MUOVI, PI\u00d9 TI RINFRESCA\"><\/p>\n<h3>PLUS VOUS BOUGEZ, PLUS VOUS \u00caTES RAFRA\u00ceCHI<\/h3>\n<p>Lib\u00e9rez votre \u00e9nergie. Poussez votre corps \u00e0 son maximum. Engagez-vous dans les efforts athl\u00e9tiques les plus intenses. D\u00e9couvrez Energyon, les sous-v\u00eatements si l\u00e9gers qu&#8217;ils en deviennent a\u00e9riens. Gr\u00e2ce au syst\u00e8me avanc\u00e9 de thermor\u00e9gulation Flowtunnels, des micro-perforations et des canaux tridimensionnels g\u00e9n\u00e8rent un flux d&#8217;air exceptionnel sur la peau qui rafra\u00eechit le corps et \u00e9vacue l&#8217;exc\u00e8s de transpiration. Nous avons \u00e9t\u00e9 les premiers \u00e0 le d\u00e9velopper : avec nous, vos performances entrent dans le futur.<\/p>\n<div id=\"tab-technology\" class=\"tab-pane active\" role=\"tabpanel\">\n<div class=\"tab-custom\">\n<div class=\"tab-items\">\n<div class=\"row\">\n<div class=\"col-xs-12 col-sm-4\">\n<div class=\"tab-item\">\n<div class=\"media media-md\">\n<div class=\"media-left\"><img loading=\"lazy\" decoding=\"async\" class=\"\" src=\"https:\/\/images.prismic.io\/uynsports\/9d7cd200-90ae-403d-8db7-af365cf0be2b_Flowtunnels.png?auto=compress,format&amp;rect=0,0,473,473&amp;w=180&amp;h=180\" alt=\"Flowtunnels\" width=\"120\" height=\"120\"><\/div>\n<div class=\"media-body\">\n<div class=\"title\">Flowtunnels<\/div>\n<p>UN NOUVEAU CONCEPT DE VENTILATION<\/p>\n<p>Il ne suffit pas de percer le tissu pour obtenir une meilleure a\u00e9ration. Gr\u00e2ce \u00e0 la technologie innovante Flowtunnels, des trous de diff\u00e9rents diam\u00e8tres sont scientifiquement r\u00e9partis dans les zones \u00e0 forte production de chaleur corporelle. La perforation est con\u00e7ue pour all\u00e9ger le tissu sans en alt\u00e9rer les caract\u00e9ristiques de r\u00e9sistance et d&#8217;\u00e9lasticit\u00e9. L&#8217;effet est double : l&#8217;humidit\u00e9 produite pendant l&#8217;effort physique s&#8217;\u00e9chappe, tandis que l&#8217;air, gr\u00e2ce \u00e0 un syst\u00e8me de canaux tridimensionnels, circule librement entre la peau et le tissu pour rafra\u00eechir et isoler \u00e0 la fois.<\/p>\n<div id=\"tab-materials\" class=\"tab-pane active\" role=\"tabpanel\">\n<div class=\"tab-custom\">\n<div class=\"tab-custom-inner\">\n<div class=\"tab-custom-inner-max\">\n<div class=\"tab-items\">\n<div class=\"row\">\n<div class=\"col-xs-12\">\n<div class=\"tab-item\">\n<div class=\"media media-md\">\n<div class=\"media-left\"><img loading=\"lazy\" decoding=\"async\" class=\"\" src=\"https:\/\/images.prismic.io\/uynsports\/0798b590316646c1ed24fbe5b9f69ee455b740df_natex.jpg?auto=compress,format\" alt=\"NATEX\" width=\"120\" height=\"120\"><\/div>\n<div class=\"media-body\">\n<div class=\"title\">NATEX<\/div>\n<p>100 % D&#8217;ORIGINE NATURELLE<br \/>\n100 % FONCTIONNEL<br \/>\nAvec le fil sp\u00e9cial NATEX, UYN met la nature au service de votre bien-\u00eatre. NATEX est particuli\u00e8rement l\u00e9ger et r\u00e9duit le poids du v\u00eatement de 25 %. Les v\u00eatements fabriqu\u00e9s en NATEX s\u00e8chent jusqu&#8217;\u00e0 50 % plus rapidement que les v\u00eatements en nylon du m\u00eame type. La fibre 100 % naturelle et biologique est plus \u00e9lastique et son effet bact\u00e9riostatique minimise les odeurs.<\/p>\n<\/div>\n<\/div>\n<\/div>\n<\/div>\n<\/div>\n<\/div>\n<\/div>\n<\/div>\n<\/div>\n<\/div>\n<\/div>\n<\/div>\n<\/div>\n<\/div>\n<\/div>\n<\/div>\n<\/div>\n<\/div>\n<\/div>\n<\/div>\n<\/div>\n<\/div>\n","protected":false},"excerpt":{"rendered":"<p>Un confort total m\u00eame lors des journ\u00e9es tr\u00e8s chaudes et pendant les activit\u00e9s tr\u00e8s \u00e9nergivores ? C&#8217;est d\u00e9sormais possible gr\u00e2ce \u00e0 ce maillot sans manches qui int\u00e8gre la technologie Flowtunnels : la r\u00e9partition des trous dans les zones de transpiration intense et la combinaison avec des canaux tridimensionnels permettent une ventilation sans pareille. La coupe &hellip; <a href=\"https:\/\/www.miomiorun.com\/fr\/produit\/uyn-energyon-uw-sleeveless-femme\/\">Continued<\/a><\/p>\n","protected":false},"featured_media":230715,"template":"","meta":{"_acf_changed":false,"inline_featured_image":false},"product_brand":[],"product_cat":[22600,22596,22595],"product_tag":[23526,23549],"class_list":{"0":"post-276301","1":"product","2":"type-product","3":"status-publish","4":"has-post-thumbnail","6":"product_cat-sous-vetements","7":"product_cat-vetements-pour-femmes","8":"product_cat-femme","9":"product_tag-uyn-fr","10":"product_tag-uyn-femme","11":"pa_attivita-marcher","12":"pa_attivita-running-fr","13":"pa_marca-uyn-fr","14":"pa_sesso-femme","15":"pa_size-extra-small-fr","17":"first","18":"instock","19":"sale","20":"taxable","21":"shipping-taxable","22":"purchasable","23":"product-type-variable","24":"wvs-archive-product-wrapper"},"acf":[],"yoast_head":"<!-- This site is optimized with the Yoast SEO plugin v26.8 - https:\/\/yoast.com\/product\/yoast-seo-wordpress\/ -->\n<title>Uyn Energyon UW sleeveless femme - Sous-v\u00eatements thermiques - MioMioRun.com<\/title>\n<meta name=\"description\" content=\"Maillot sans manches int\u00e9grant la technologie Flowtunnels : il offre une ventilation in\u00e9gal\u00e9e. Sa coupe anatomique garantit un excellent ajustement.\" \/>\n<meta name=\"robots\" content=\"index, follow, max-snippet:-1, max-image-preview:large, max-video-preview:-1\" \/>\n<link rel=\"canonical\" href=\"https:\/\/www.miomiorun.com\/fr\/produit\/uyn-energyon-uw-sleeveless-femme\/\" \/>\n<meta property=\"og:locale\" content=\"fr_FR\" \/>\n<meta property=\"og:type\" content=\"article\" \/>\n<meta property=\"og:title\" content=\"Uyn Energyon UW sleeveless femme - Sous-v\u00eatements thermiques - MioMioRun.com\" \/>\n<meta property=\"og:description\" content=\"Maillot sans manches int\u00e9grant la technologie Flowtunnels : il offre une ventilation in\u00e9gal\u00e9e. Sa coupe anatomique garantit un excellent ajustement.\" \/>\n<meta property=\"og:url\" content=\"https:\/\/www.miomiorun.com\/fr\/produit\/uyn-energyon-uw-sleeveless-femme\/\" \/>\n<meta property=\"og:site_name\" content=\"MioMioRun\" \/>\n<meta property=\"article:publisher\" content=\"https:\/\/www.facebook.com\/miomiorun\/\" \/>\n<meta property=\"article:modified_time\" content=\"2026-01-21T10:19:37+00:00\" \/>\n<meta property=\"og:image\" content=\"https:\/\/www.miomiorun.com\/app\/uploads\/2020\/10\/Uyn-Lady-Energyon-UW-sleeveless-U100158-BLACK.jpg\" \/>\n\t<meta property=\"og:image:width\" content=\"600\" \/>\n\t<meta property=\"og:image:height\" content=\"600\" \/>\n\t<meta property=\"og:image:type\" content=\"image\/jpeg\" \/>\n<meta name=\"twitter:card\" content=\"summary_large_image\" \/>\n<meta name=\"twitter:label1\" content=\"Est. reading time\" \/>\n\t<meta name=\"twitter:data1\" content=\"3 minutes\" \/>\n<script type=\"application\/ld+json\" class=\"yoast-schema-graph\">{\"@context\":\"https:\/\/schema.org\",\"@graph\":[{\"@type\":\"WebPage\",\"@id\":\"https:\/\/www.miomiorun.com\/fr\/produit\/uyn-energyon-uw-sleeveless-femme\/\",\"url\":\"https:\/\/www.miomiorun.com\/fr\/produit\/uyn-energyon-uw-sleeveless-femme\/\",\"name\":\"Uyn Energyon UW sleeveless femme - Sous-v\u00eatements thermiques - MioMioRun.com\",\"isPartOf\":{\"@id\":\"https:\/\/www.miomiorun.com\/fr\/#website\"},\"primaryImageOfPage\":{\"@id\":\"https:\/\/www.miomiorun.com\/fr\/produit\/uyn-energyon-uw-sleeveless-femme\/#primaryimage\"},\"image\":{\"@id\":\"https:\/\/www.miomiorun.com\/fr\/produit\/uyn-energyon-uw-sleeveless-femme\/#primaryimage\"},\"thumbnailUrl\":\"https:\/\/www.miomiorun.com\/app\/uploads\/2020\/10\/Uyn-Lady-Energyon-UW-sleeveless-U100158-BLACK.jpg\",\"datePublished\":\"2020-10-09T08:22:28+00:00\",\"dateModified\":\"2026-01-21T10:19:37+00:00\",\"description\":\"Maillot sans manches int\u00e9grant la technologie Flowtunnels : il offre une ventilation in\u00e9gal\u00e9e. Sa coupe anatomique garantit un excellent ajustement.\",\"breadcrumb\":{\"@id\":\"https:\/\/www.miomiorun.com\/fr\/produit\/uyn-energyon-uw-sleeveless-femme\/#breadcrumb\"},\"inLanguage\":\"fr-FR\",\"potentialAction\":[{\"@type\":\"ReadAction\",\"target\":[\"https:\/\/www.miomiorun.com\/fr\/produit\/uyn-energyon-uw-sleeveless-femme\/\"]}]},{\"@type\":\"ImageObject\",\"inLanguage\":\"fr-FR\",\"@id\":\"https:\/\/www.miomiorun.com\/fr\/produit\/uyn-energyon-uw-sleeveless-femme\/#primaryimage\",\"url\":\"https:\/\/www.miomiorun.com\/app\/uploads\/2020\/10\/Uyn-Lady-Energyon-UW-sleeveless-U100158-BLACK.jpg\",\"contentUrl\":\"https:\/\/www.miomiorun.com\/app\/uploads\/2020\/10\/Uyn-Lady-Energyon-UW-sleeveless-U100158-BLACK.jpg\",\"width\":600,\"height\":600,\"caption\":\"Uyn-Lady-Energyon-UW-sleeveless-U100158-BLACK\"},{\"@type\":\"BreadcrumbList\",\"@id\":\"https:\/\/www.miomiorun.com\/fr\/produit\/uyn-energyon-uw-sleeveless-femme\/#breadcrumb\",\"itemListElement\":[{\"@type\":\"ListItem\",\"position\":1,\"name\":\"Home\",\"item\":\"https:\/\/www.miomiorun.com\/fr\/home-page\/\"},{\"@type\":\"ListItem\",\"position\":2,\"name\":\"Shop\",\"item\":\"https:\/\/www.miomiorun.com\/shop\/\"},{\"@type\":\"ListItem\",\"position\":3,\"name\":\"Energyon UW sleeveless femme\"}]},{\"@type\":\"WebSite\",\"@id\":\"https:\/\/www.miomiorun.com\/fr\/#website\",\"url\":\"https:\/\/www.miomiorun.com\/fr\/\",\"name\":\"MioMioRun\",\"description\":\"Boutique 100% running et trail\",\"publisher\":{\"@id\":\"https:\/\/www.miomiorun.com\/fr\/#organization\"},\"potentialAction\":[{\"@type\":\"SearchAction\",\"target\":{\"@type\":\"EntryPoint\",\"urlTemplate\":\"https:\/\/www.miomiorun.com\/fr\/?s={search_term_string}\"},\"query-input\":{\"@type\":\"PropertyValueSpecification\",\"valueRequired\":true,\"valueName\":\"search_term_string\"}}],\"inLanguage\":\"fr-FR\"},{\"@type\":\"Organization\",\"@id\":\"https:\/\/www.miomiorun.com\/fr\/#organization\",\"name\":\"MioMio Run\",\"url\":\"https:\/\/www.miomiorun.com\/fr\/\",\"logo\":{\"@type\":\"ImageObject\",\"inLanguage\":\"fr-FR\",\"@id\":\"https:\/\/www.miomiorun.com\/fr\/#\/schema\/logo\/image\/\",\"url\":\"https:\/\/www.miomiorun.com\/app\/uploads\/2019\/12\/logomio.png\",\"contentUrl\":\"https:\/\/www.miomiorun.com\/app\/uploads\/2019\/12\/logomio.png\",\"width\":115,\"height\":82,\"caption\":\"MioMio Run\"},\"image\":{\"@id\":\"https:\/\/www.miomiorun.com\/fr\/#\/schema\/logo\/image\/\"},\"sameAs\":[\"https:\/\/www.facebook.com\/miomiorun\/\",\"https:\/\/www.instagram.com\/miomiorun\/\"]}]}<\/script>\n<!-- \/ Yoast SEO plugin. -->","yoast_head_json":{"title":"Uyn Energyon UW sleeveless femme - Sous-v\u00eatements thermiques - MioMioRun.com","description":"Maillot sans manches int\u00e9grant la technologie Flowtunnels : il offre une ventilation in\u00e9gal\u00e9e. Sa coupe anatomique garantit un excellent ajustement.","robots":{"index":"index","follow":"follow","max-snippet":"max-snippet:-1","max-image-preview":"max-image-preview:large","max-video-preview":"max-video-preview:-1"},"canonical":"https:\/\/www.miomiorun.com\/fr\/produit\/uyn-energyon-uw-sleeveless-femme\/","og_locale":"fr_FR","og_type":"article","og_title":"Uyn Energyon UW sleeveless femme - Sous-v\u00eatements thermiques - MioMioRun.com","og_description":"Maillot sans manches int\u00e9grant la technologie Flowtunnels : il offre une ventilation in\u00e9gal\u00e9e. Sa coupe anatomique garantit un excellent ajustement.","og_url":"https:\/\/www.miomiorun.com\/fr\/produit\/uyn-energyon-uw-sleeveless-femme\/","og_site_name":"MioMioRun","article_publisher":"https:\/\/www.facebook.com\/miomiorun\/","article_modified_time":"2026-01-21T10:19:37+00:00","og_image":[{"width":600,"height":600,"url":"https:\/\/www.miomiorun.com\/app\/uploads\/2020\/10\/Uyn-Lady-Energyon-UW-sleeveless-U100158-BLACK.jpg","type":"image\/jpeg"}],"twitter_card":"summary_large_image","twitter_misc":{"Est. reading time":"3 minutes"},"schema":{"@context":"https:\/\/schema.org","@graph":[{"@type":"WebPage","@id":"https:\/\/www.miomiorun.com\/fr\/produit\/uyn-energyon-uw-sleeveless-femme\/","url":"https:\/\/www.miomiorun.com\/fr\/produit\/uyn-energyon-uw-sleeveless-femme\/","name":"Uyn Energyon UW sleeveless femme - Sous-v\u00eatements thermiques - MioMioRun.com","isPartOf":{"@id":"https:\/\/www.miomiorun.com\/fr\/#website"},"primaryImageOfPage":{"@id":"https:\/\/www.miomiorun.com\/fr\/produit\/uyn-energyon-uw-sleeveless-femme\/#primaryimage"},"image":{"@id":"https:\/\/www.miomiorun.com\/fr\/produit\/uyn-energyon-uw-sleeveless-femme\/#primaryimage"},"thumbnailUrl":"https:\/\/www.miomiorun.com\/app\/uploads\/2020\/10\/Uyn-Lady-Energyon-UW-sleeveless-U100158-BLACK.jpg","datePublished":"2020-10-09T08:22:28+00:00","dateModified":"2026-01-21T10:19:37+00:00","description":"Maillot sans manches int\u00e9grant la technologie Flowtunnels : il offre une ventilation in\u00e9gal\u00e9e. Sa coupe anatomique garantit un excellent ajustement.","breadcrumb":{"@id":"https:\/\/www.miomiorun.com\/fr\/produit\/uyn-energyon-uw-sleeveless-femme\/#breadcrumb"},"inLanguage":"fr-FR","potentialAction":[{"@type":"ReadAction","target":["https:\/\/www.miomiorun.com\/fr\/produit\/uyn-energyon-uw-sleeveless-femme\/"]}]},{"@type":"ImageObject","inLanguage":"fr-FR","@id":"https:\/\/www.miomiorun.com\/fr\/produit\/uyn-energyon-uw-sleeveless-femme\/#primaryimage","url":"https:\/\/www.miomiorun.com\/app\/uploads\/2020\/10\/Uyn-Lady-Energyon-UW-sleeveless-U100158-BLACK.jpg","contentUrl":"https:\/\/www.miomiorun.com\/app\/uploads\/2020\/10\/Uyn-Lady-Energyon-UW-sleeveless-U100158-BLACK.jpg","width":600,"height":600,"caption":"Uyn-Lady-Energyon-UW-sleeveless-U100158-BLACK"},{"@type":"BreadcrumbList","@id":"https:\/\/www.miomiorun.com\/fr\/produit\/uyn-energyon-uw-sleeveless-femme\/#breadcrumb","itemListElement":[{"@type":"ListItem","position":1,"name":"Home","item":"https:\/\/www.miomiorun.com\/fr\/home-page\/"},{"@type":"ListItem","position":2,"name":"Shop","item":"https:\/\/www.miomiorun.com\/shop\/"},{"@type":"ListItem","position":3,"name":"Energyon UW sleeveless femme"}]},{"@type":"WebSite","@id":"https:\/\/www.miomiorun.com\/fr\/#website","url":"https:\/\/www.miomiorun.com\/fr\/","name":"MioMioRun","description":"Boutique 100% running et trail","publisher":{"@id":"https:\/\/www.miomiorun.com\/fr\/#organization"},"potentialAction":[{"@type":"SearchAction","target":{"@type":"EntryPoint","urlTemplate":"https:\/\/www.miomiorun.com\/fr\/?s={search_term_string}"},"query-input":{"@type":"PropertyValueSpecification","valueRequired":true,"valueName":"search_term_string"}}],"inLanguage":"fr-FR"},{"@type":"Organization","@id":"https:\/\/www.miomiorun.com\/fr\/#organization","name":"MioMio Run","url":"https:\/\/www.miomiorun.com\/fr\/","logo":{"@type":"ImageObject","inLanguage":"fr-FR","@id":"https:\/\/www.miomiorun.com\/fr\/#\/schema\/logo\/image\/","url":"https:\/\/www.miomiorun.com\/app\/uploads\/2019\/12\/logomio.png","contentUrl":"https:\/\/www.miomiorun.com\/app\/uploads\/2019\/12\/logomio.png","width":115,"height":82,"caption":"MioMio Run"},"image":{"@id":"https:\/\/www.miomiorun.com\/fr\/#\/schema\/logo\/image\/"},"sameAs":["https:\/\/www.facebook.com\/miomiorun\/","https:\/\/www.instagram.com\/miomiorun\/"]}]}},"_links":{"self":[{"href":"https:\/\/www.miomiorun.com\/fr\/wp-json\/wp\/v2\/product\/276301","targetHints":{"allow":["GET"]}}],"collection":[{"href":"https:\/\/www.miomiorun.com\/fr\/wp-json\/wp\/v2\/product"}],"about":[{"href":"https:\/\/www.miomiorun.com\/fr\/wp-json\/wp\/v2\/types\/product"}],"wp:featuredmedia":[{"embeddable":true,"href":"https:\/\/www.miomiorun.com\/fr\/wp-json\/wp\/v2\/media\/230715"}],"wp:attachment":[{"href":"https:\/\/www.miomiorun.com\/fr\/wp-json\/wp\/v2\/media?parent=276301"}],"wp:term":[{"taxonomy":"product_brand","embeddable":true,"href":"https:\/\/www.miomiorun.com\/fr\/wp-json\/wp\/v2\/product_brand?post=276301"},{"taxonomy":"product_cat","embeddable":true,"href":"https:\/\/www.miomiorun.com\/fr\/wp-json\/wp\/v2\/product_cat?post=276301"},{"taxonomy":"product_tag","embeddable":true,"href":"https:\/\/www.miomiorun.com\/fr\/wp-json\/wp\/v2\/product_tag?post=276301"}],"curies":[{"name":"wp","href":"https:\/\/api.w.org\/{rel}","templated":true}]}}