{"id":276295,"date":"2020-10-20T16:18:24","date_gmt":"2020-10-20T14:18:24","guid":{"rendered":"https:\/\/miomiorun.com\/prodotto\/la-sportiva-racer-vest\/"},"modified":"2026-01-21T11:21:14","modified_gmt":"2026-01-21T10:21:14","slug":"la-sportiva-racer-vest","status":"publish","type":"product","link":"https:\/\/www.miomiorun.com\/fr\/produit\/la-sportiva-racer-vest\/","title":{"rendered":"Racer Vest"},"content":{"rendered":"<p>Veste ultra-l\u00e9g\u00e8re et technique d\u00e9di\u00e9e au monde des courses de ski et de trail. Respirabilit\u00e9 maximale gr\u00e2ce aux tissus en maille associ\u00e9s \u00e0 des filets \u00e9lastiques pour le rangement d&#8217;objets. 7 poches de rangement, 3 \u00e0 l&#8217;arri\u00e8re dont une con\u00e7ue pour accueillir les syst\u00e8mes d&#8217;hydratation les plus courants, 4 \u00e0 l&#8217;avant pour divers \u00e9quipements, dont une avec fermeture \u00e0 glissi\u00e8re pour \u00e9viter de perdre des objets pendant la course. Syst\u00e8me de fermeture avant \u00e0 clip r\u00e9glable en hauteur dans la partie inf\u00e9rieure et \u00e9lastique dans la partie sup\u00e9rieure. Deux bandes r\u00e9fl\u00e9chissantes \u00e0 l&#8217;arri\u00e8re pour la nuit. Bande lombaire en gel pour maintenir le sac \u00e0 dos plus stable pendant la course.<\/p>\n<p><b>Poids : <\/b>200 g<\/p>\n","protected":false},"excerpt":{"rendered":"<p>Veste ultra-l\u00e9g\u00e8re et technique d\u00e9di\u00e9e au monde des courses de ski et de trail. Respirabilit\u00e9 maximale gr\u00e2ce aux tissus en maille associ\u00e9s \u00e0 des filets \u00e9lastiques pour le rangement d&#8217;objets. 7 poches de rangement, 3 \u00e0 l&#8217;arri\u00e8re dont une con\u00e7ue pour accueillir les syst\u00e8mes d&#8217;hydratation les plus courants, 4 \u00e0 l&#8217;avant pour divers \u00e9quipements, dont &hellip; <a href=\"https:\/\/www.miomiorun.com\/fr\/produit\/la-sportiva-racer-vest\/\">Continued<\/a><\/p>\n","protected":false},"featured_media":230745,"template":"","meta":{"_acf_changed":false,"inline_featured_image":false},"product_brand":[],"product_cat":[22589,22587,22538],"product_tag":[23597],"class_list":{"0":"post-276295","1":"product","2":"type-product","3":"status-publish","4":"has-post-thumbnail","6":"product_cat-sacs-a-dos","7":"product_cat-sacs-a-dos-et-ceintures","8":"product_cat-accessoires","9":"product_tag-la-sportiva-fr","10":"pa_attivita-trail","11":"pa_marca-la-sportiva","12":"pa_sesso-donna","13":"pa_size-small","15":"first","16":"instock","17":"sale","18":"taxable","19":"shipping-taxable","20":"purchasable","21":"product-type-variable","22":"wvs-archive-product-wrapper"},"acf":[],"yoast_head":"<!-- This site is optimized with the Yoast SEO plugin v26.8 - https:\/\/yoast.com\/product\/yoast-seo-wordpress\/ -->\n<title>La Sportiva Racer Vest - sac \u00e0 dos de course- MioMioRun<\/title>\n<meta name=\"description\" content=\"Veste ultra-l\u00e9g\u00e8re et technique d\u00e9di\u00e9e au monde des courses de ski et de trail. Respirabilit\u00e9 maximale gr\u00e2ce aux tissus en maille associ\u00e9s \u00e0 des filets \u00e9lastiques.\" \/>\n<meta name=\"robots\" content=\"index, follow, max-snippet:-1, max-image-preview:large, max-video-preview:-1\" \/>\n<link rel=\"canonical\" href=\"https:\/\/www.miomiorun.com\/fr\/produit\/la-sportiva-racer-vest\/\" \/>\n<meta property=\"og:locale\" content=\"fr_FR\" \/>\n<meta property=\"og:type\" content=\"article\" \/>\n<meta property=\"og:title\" content=\"La Sportiva Racer Vest - sac \u00e0 dos de course- MioMioRun\" \/>\n<meta property=\"og:description\" content=\"Veste ultra-l\u00e9g\u00e8re et technique d\u00e9di\u00e9e au monde des courses de ski et de trail. Respirabilit\u00e9 maximale gr\u00e2ce aux tissus en maille associ\u00e9s \u00e0 des filets \u00e9lastiques.\" \/>\n<meta property=\"og:url\" content=\"https:\/\/www.miomiorun.com\/fr\/produit\/la-sportiva-racer-vest\/\" \/>\n<meta property=\"og:site_name\" content=\"MioMioRun\" \/>\n<meta property=\"article:publisher\" content=\"https:\/\/www.facebook.com\/miomiorun\/\" \/>\n<meta property=\"article:modified_time\" content=\"2026-01-21T10:21:14+00:00\" \/>\n<meta property=\"og:image\" content=\"https:\/\/www.miomiorun.com\/app\/uploads\/2020\/10\/la-sportiva-racer-vest-J69999100.jpg\" \/>\n\t<meta property=\"og:image:width\" content=\"600\" \/>\n\t<meta property=\"og:image:height\" content=\"600\" \/>\n\t<meta property=\"og:image:type\" content=\"image\/jpeg\" \/>\n<meta name=\"twitter:card\" content=\"summary_large_image\" \/>\n<meta name=\"twitter:label1\" content=\"Est. reading time\" \/>\n\t<meta name=\"twitter:data1\" content=\"1 minute\" \/>\n<script type=\"application\/ld+json\" class=\"yoast-schema-graph\">{\"@context\":\"https:\/\/schema.org\",\"@graph\":[{\"@type\":\"WebPage\",\"@id\":\"https:\/\/www.miomiorun.com\/fr\/produit\/la-sportiva-racer-vest\/\",\"url\":\"https:\/\/www.miomiorun.com\/fr\/produit\/la-sportiva-racer-vest\/\",\"name\":\"La Sportiva Racer Vest - sac \u00e0 dos de course- MioMioRun\",\"isPartOf\":{\"@id\":\"https:\/\/www.miomiorun.com\/fr\/#website\"},\"primaryImageOfPage\":{\"@id\":\"https:\/\/www.miomiorun.com\/fr\/produit\/la-sportiva-racer-vest\/#primaryimage\"},\"image\":{\"@id\":\"https:\/\/www.miomiorun.com\/fr\/produit\/la-sportiva-racer-vest\/#primaryimage\"},\"thumbnailUrl\":\"https:\/\/www.miomiorun.com\/app\/uploads\/2020\/10\/la-sportiva-racer-vest-J69999100.jpg\",\"datePublished\":\"2020-10-20T14:18:24+00:00\",\"dateModified\":\"2026-01-21T10:21:14+00:00\",\"description\":\"Veste ultra-l\u00e9g\u00e8re et technique d\u00e9di\u00e9e au monde des courses de ski et de trail. Respirabilit\u00e9 maximale gr\u00e2ce aux tissus en maille associ\u00e9s \u00e0 des filets \u00e9lastiques.\",\"breadcrumb\":{\"@id\":\"https:\/\/www.miomiorun.com\/fr\/produit\/la-sportiva-racer-vest\/#breadcrumb\"},\"inLanguage\":\"fr-FR\",\"potentialAction\":[{\"@type\":\"ReadAction\",\"target\":[\"https:\/\/www.miomiorun.com\/fr\/produit\/la-sportiva-racer-vest\/\"]}]},{\"@type\":\"ImageObject\",\"inLanguage\":\"fr-FR\",\"@id\":\"https:\/\/www.miomiorun.com\/fr\/produit\/la-sportiva-racer-vest\/#primaryimage\",\"url\":\"https:\/\/www.miomiorun.com\/app\/uploads\/2020\/10\/la-sportiva-racer-vest-J69999100.jpg\",\"contentUrl\":\"https:\/\/www.miomiorun.com\/app\/uploads\/2020\/10\/la-sportiva-racer-vest-J69999100.jpg\",\"width\":600,\"height\":600,\"caption\":\"la-sportiva-racer-vest-J69999100\"},{\"@type\":\"BreadcrumbList\",\"@id\":\"https:\/\/www.miomiorun.com\/fr\/produit\/la-sportiva-racer-vest\/#breadcrumb\",\"itemListElement\":[{\"@type\":\"ListItem\",\"position\":1,\"name\":\"Home\",\"item\":\"https:\/\/www.miomiorun.com\/fr\/home-page\/\"},{\"@type\":\"ListItem\",\"position\":2,\"name\":\"Shop\",\"item\":\"https:\/\/www.miomiorun.com\/shop\/\"},{\"@type\":\"ListItem\",\"position\":3,\"name\":\"Racer Vest\"}]},{\"@type\":\"WebSite\",\"@id\":\"https:\/\/www.miomiorun.com\/fr\/#website\",\"url\":\"https:\/\/www.miomiorun.com\/fr\/\",\"name\":\"MioMioRun\",\"description\":\"Boutique 100% running et trail\",\"publisher\":{\"@id\":\"https:\/\/www.miomiorun.com\/fr\/#organization\"},\"potentialAction\":[{\"@type\":\"SearchAction\",\"target\":{\"@type\":\"EntryPoint\",\"urlTemplate\":\"https:\/\/www.miomiorun.com\/fr\/?s={search_term_string}\"},\"query-input\":{\"@type\":\"PropertyValueSpecification\",\"valueRequired\":true,\"valueName\":\"search_term_string\"}}],\"inLanguage\":\"fr-FR\"},{\"@type\":\"Organization\",\"@id\":\"https:\/\/www.miomiorun.com\/fr\/#organization\",\"name\":\"MioMio Run\",\"url\":\"https:\/\/www.miomiorun.com\/fr\/\",\"logo\":{\"@type\":\"ImageObject\",\"inLanguage\":\"fr-FR\",\"@id\":\"https:\/\/www.miomiorun.com\/fr\/#\/schema\/logo\/image\/\",\"url\":\"https:\/\/www.miomiorun.com\/app\/uploads\/2019\/12\/logomio.png\",\"contentUrl\":\"https:\/\/www.miomiorun.com\/app\/uploads\/2019\/12\/logomio.png\",\"width\":115,\"height\":82,\"caption\":\"MioMio Run\"},\"image\":{\"@id\":\"https:\/\/www.miomiorun.com\/fr\/#\/schema\/logo\/image\/\"},\"sameAs\":[\"https:\/\/www.facebook.com\/miomiorun\/\",\"https:\/\/www.instagram.com\/miomiorun\/\"]}]}<\/script>\n<!-- \/ Yoast SEO plugin. -->","yoast_head_json":{"title":"La Sportiva Racer Vest - sac \u00e0 dos de course- MioMioRun","description":"Veste ultra-l\u00e9g\u00e8re et technique d\u00e9di\u00e9e au monde des courses de ski et de trail. Respirabilit\u00e9 maximale gr\u00e2ce aux tissus en maille associ\u00e9s \u00e0 des filets \u00e9lastiques.","robots":{"index":"index","follow":"follow","max-snippet":"max-snippet:-1","max-image-preview":"max-image-preview:large","max-video-preview":"max-video-preview:-1"},"canonical":"https:\/\/www.miomiorun.com\/fr\/produit\/la-sportiva-racer-vest\/","og_locale":"fr_FR","og_type":"article","og_title":"La Sportiva Racer Vest - sac \u00e0 dos de course- MioMioRun","og_description":"Veste ultra-l\u00e9g\u00e8re et technique d\u00e9di\u00e9e au monde des courses de ski et de trail. Respirabilit\u00e9 maximale gr\u00e2ce aux tissus en maille associ\u00e9s \u00e0 des filets \u00e9lastiques.","og_url":"https:\/\/www.miomiorun.com\/fr\/produit\/la-sportiva-racer-vest\/","og_site_name":"MioMioRun","article_publisher":"https:\/\/www.facebook.com\/miomiorun\/","article_modified_time":"2026-01-21T10:21:14+00:00","og_image":[{"width":600,"height":600,"url":"https:\/\/www.miomiorun.com\/app\/uploads\/2020\/10\/la-sportiva-racer-vest-J69999100.jpg","type":"image\/jpeg"}],"twitter_card":"summary_large_image","twitter_misc":{"Est. reading time":"1 minute"},"schema":{"@context":"https:\/\/schema.org","@graph":[{"@type":"WebPage","@id":"https:\/\/www.miomiorun.com\/fr\/produit\/la-sportiva-racer-vest\/","url":"https:\/\/www.miomiorun.com\/fr\/produit\/la-sportiva-racer-vest\/","name":"La Sportiva Racer Vest - sac \u00e0 dos de course- MioMioRun","isPartOf":{"@id":"https:\/\/www.miomiorun.com\/fr\/#website"},"primaryImageOfPage":{"@id":"https:\/\/www.miomiorun.com\/fr\/produit\/la-sportiva-racer-vest\/#primaryimage"},"image":{"@id":"https:\/\/www.miomiorun.com\/fr\/produit\/la-sportiva-racer-vest\/#primaryimage"},"thumbnailUrl":"https:\/\/www.miomiorun.com\/app\/uploads\/2020\/10\/la-sportiva-racer-vest-J69999100.jpg","datePublished":"2020-10-20T14:18:24+00:00","dateModified":"2026-01-21T10:21:14+00:00","description":"Veste ultra-l\u00e9g\u00e8re et technique d\u00e9di\u00e9e au monde des courses de ski et de trail. Respirabilit\u00e9 maximale gr\u00e2ce aux tissus en maille associ\u00e9s \u00e0 des filets \u00e9lastiques.","breadcrumb":{"@id":"https:\/\/www.miomiorun.com\/fr\/produit\/la-sportiva-racer-vest\/#breadcrumb"},"inLanguage":"fr-FR","potentialAction":[{"@type":"ReadAction","target":["https:\/\/www.miomiorun.com\/fr\/produit\/la-sportiva-racer-vest\/"]}]},{"@type":"ImageObject","inLanguage":"fr-FR","@id":"https:\/\/www.miomiorun.com\/fr\/produit\/la-sportiva-racer-vest\/#primaryimage","url":"https:\/\/www.miomiorun.com\/app\/uploads\/2020\/10\/la-sportiva-racer-vest-J69999100.jpg","contentUrl":"https:\/\/www.miomiorun.com\/app\/uploads\/2020\/10\/la-sportiva-racer-vest-J69999100.jpg","width":600,"height":600,"caption":"la-sportiva-racer-vest-J69999100"},{"@type":"BreadcrumbList","@id":"https:\/\/www.miomiorun.com\/fr\/produit\/la-sportiva-racer-vest\/#breadcrumb","itemListElement":[{"@type":"ListItem","position":1,"name":"Home","item":"https:\/\/www.miomiorun.com\/fr\/home-page\/"},{"@type":"ListItem","position":2,"name":"Shop","item":"https:\/\/www.miomiorun.com\/shop\/"},{"@type":"ListItem","position":3,"name":"Racer Vest"}]},{"@type":"WebSite","@id":"https:\/\/www.miomiorun.com\/fr\/#website","url":"https:\/\/www.miomiorun.com\/fr\/","name":"MioMioRun","description":"Boutique 100% running et trail","publisher":{"@id":"https:\/\/www.miomiorun.com\/fr\/#organization"},"potentialAction":[{"@type":"SearchAction","target":{"@type":"EntryPoint","urlTemplate":"https:\/\/www.miomiorun.com\/fr\/?s={search_term_string}"},"query-input":{"@type":"PropertyValueSpecification","valueRequired":true,"valueName":"search_term_string"}}],"inLanguage":"fr-FR"},{"@type":"Organization","@id":"https:\/\/www.miomiorun.com\/fr\/#organization","name":"MioMio Run","url":"https:\/\/www.miomiorun.com\/fr\/","logo":{"@type":"ImageObject","inLanguage":"fr-FR","@id":"https:\/\/www.miomiorun.com\/fr\/#\/schema\/logo\/image\/","url":"https:\/\/www.miomiorun.com\/app\/uploads\/2019\/12\/logomio.png","contentUrl":"https:\/\/www.miomiorun.com\/app\/uploads\/2019\/12\/logomio.png","width":115,"height":82,"caption":"MioMio Run"},"image":{"@id":"https:\/\/www.miomiorun.com\/fr\/#\/schema\/logo\/image\/"},"sameAs":["https:\/\/www.facebook.com\/miomiorun\/","https:\/\/www.instagram.com\/miomiorun\/"]}]}},"_links":{"self":[{"href":"https:\/\/www.miomiorun.com\/fr\/wp-json\/wp\/v2\/product\/276295","targetHints":{"allow":["GET"]}}],"collection":[{"href":"https:\/\/www.miomiorun.com\/fr\/wp-json\/wp\/v2\/product"}],"about":[{"href":"https:\/\/www.miomiorun.com\/fr\/wp-json\/wp\/v2\/types\/product"}],"wp:featuredmedia":[{"embeddable":true,"href":"https:\/\/www.miomiorun.com\/fr\/wp-json\/wp\/v2\/media\/230745"}],"wp:attachment":[{"href":"https:\/\/www.miomiorun.com\/fr\/wp-json\/wp\/v2\/media?parent=276295"}],"wp:term":[{"taxonomy":"product_brand","embeddable":true,"href":"https:\/\/www.miomiorun.com\/fr\/wp-json\/wp\/v2\/product_brand?post=276295"},{"taxonomy":"product_cat","embeddable":true,"href":"https:\/\/www.miomiorun.com\/fr\/wp-json\/wp\/v2\/product_cat?post=276295"},{"taxonomy":"product_tag","embeddable":true,"href":"https:\/\/www.miomiorun.com\/fr\/wp-json\/wp\/v2\/product_tag?post=276295"}],"curies":[{"name":"wp","href":"https:\/\/api.w.org\/{rel}","templated":true}]}}