{"id":276271,"date":"2020-10-20T17:17:09","date_gmt":"2020-10-20T15:17:09","guid":{"rendered":"https:\/\/miomiorun.com\/prodotto\/la-sportiva-comet-skirt-donna\/"},"modified":"2026-01-21T11:24:53","modified_gmt":"2026-01-21T10:24:53","slug":"la-sportiva-comet-skirt-femme","status":"publish","type":"product","link":"https:\/\/www.miomiorun.com\/fr\/produit\/la-sportiva-comet-skirt-femme\/","title":{"rendered":"Comet Skirt femme"},"content":{"rendered":"<p>Jupe de trail running parfaite pour exprimer sa f\u00e9minit\u00e9 m\u00eame pendant l&#8217;activit\u00e9 physique : l\u00e9g\u00e8re et \u00e0 s\u00e9chage rapide, elle offre une libert\u00e9 de mouvement maximale.<\/p>\n<div class=\"data item content\" role=\"tabpanel\" aria-labelledby=\"tab-label-techinfo\" data-role=\"content\" aria-hidden=\"false\">\n<div class=\"techinfo-container\">\n<div class=\"techinfo-icons\">\n<div class=\"techinfo-icon\"><a> <img decoding=\"async\" src=\"https:\/\/www.lasportiva.com\/media\/techinfo_icons\/elasticita.png\" alt=\"La Sportiva\"><\/a><\/div>\n<div><strong>\u00c9lasticit\u00e9 : <\/strong>V\u00eatements confortables et r\u00e9actifs qui garantissent une libert\u00e9 de mouvement maximale. <\/div>\n<div class=\"techinfo-icon\"><a> <img decoding=\"async\" src=\"https:\/\/www.lasportiva.com\/media\/techinfo_icons\/L2.png\" alt=\"La Sportiva\"><\/a><\/div>\n<div><strong>L2 &#8211; MID LAYER &amp; THERMAL LAYER : <\/strong>Offre une isolation thermique suppl\u00e9mentaire tout en favorisant l&#8217;\u00e9vacuation de la transpiration gr\u00e2ce \u00e0 une respirabilit\u00e9 \u00e9lev\u00e9e. <\/div>\n<div class=\"techinfo-icon\"><a> <img decoding=\"async\" src=\"https:\/\/www.lasportiva.com\/media\/techinfo_icons\/regular-fit.png\" alt=\"La Sportiva\"><\/a><\/div>\n<div><strong>Coupe r\u00e9guli\u00e8re : <\/strong>Coupe technique et confortable. <\/div>\n<div class=\"techinfo-icon\"><a> <img decoding=\"async\" src=\"https:\/\/www.lasportiva.com\/media\/techinfo_icons\/leggerezza.png\" alt=\"La Sportiva\"><\/a><\/div>\n<div><strong>L\u00e9g\u00e8ret\u00e9 : <\/strong>Produits qui maintiennent le poids au minimum<\/div>\n<div class=\"techinfo-icon\"><a> <img decoding=\"async\" src=\"https:\/\/www.lasportiva.com\/media\/techinfo_icons\/traspirabilita.png\" alt=\"La Sportiva\"><\/a><\/div>\n<div><strong>Respirabilit\u00e9 : <\/strong>Produits hautement respirants pour un excellent confort climatique. <\/div>\n<div class=\"techinfo-icon\"><a> <img decoding=\"async\" src=\"https:\/\/www.lasportiva.com\/media\/techinfo_icons\/Bluesign.png\" alt=\"La Sportiva\"><\/a><\/div>\n<div>QU&#8217;EST-CE QUE LE SYST\u00c8ME BLUESIGN ? &#8211; Le syst\u00e8me de certification \u00ab bluesign\u00ae system \u00bb certifie la durabilit\u00e9 de l&#8217;ensemble de la cha\u00eene de production textile. Il \u00e9limine les substances dangereuses pour les personnes et l&#8217;environnement d\u00e8s le d\u00e9but du processus de production en fixant et en contr\u00f4lant les normes socio-environnementales et d&#8217;\u00e9co-compatibilit\u00e9 de tous les processus de production impliqu\u00e9s tout au long de la cha\u00eene de valeur, garantissant ainsi au consommateur l&#8217;achat de produits durables. La Sportiva est membre officiel de bluesign\u00ae depuis 2012 : cela certifie que toute la cha\u00eene de production textile respecte les crit\u00e8res socio-environnementaux promus par bluesign\u00ae. Depuis 2014\/15, La Sportiva fabrique \u00e9galement des produits enti\u00e8rement certifi\u00e9s bluesign\u00ae sur lesquels est appos\u00e9 le label officiel bluesign\u00ae product. QUE SIGNIFIE UN PRODUIT CERTIFI\u00c9 BLUESIGN ? &#8211; Un produit certifi\u00e9 bluesign\u00ae garantit le plus haut niveau de s\u00e9curit\u00e9 pour le consommateur en termes de respect socio-environnemental et atteste que le produit a \u00e9t\u00e9 obtenu avec le moins d&#8217;impact possible sur la plan\u00e8te et les personnes, en respectant les normes de qualit\u00e9 approuv\u00e9es par bluesign\u00ae et en utilisant des ressources durables tout au long de la cha\u00eene de production. Un produit bluesign\u00ae est la preuve de l&#8217;engagement de l&#8217;entreprise en faveur de la durabilit\u00e9 de la plan\u00e8te. <\/div>\n<\/div>\n<div class=\"techinfo-description\"><b>Mat\u00e9riau : <\/b>Principal : (PW07) 86 % PES, 14 % EL Sous-v\u00eatement int\u00e9rieur : (PN13) 92 % PES, 8 % \u00e9lasthanne<br \/>\n<b>Poids : <\/b>123 g (M)<\/div>\n<\/div>\n<\/div>\n","protected":false},"excerpt":{"rendered":"<p>Jupe de trail running parfaite pour exprimer sa f\u00e9minit\u00e9 m\u00eame pendant l&#8217;activit\u00e9 physique : l\u00e9g\u00e8re et \u00e0 s\u00e9chage rapide, elle offre une libert\u00e9 de mouvement maximale. \u00c9lasticit\u00e9 : V\u00eatements confortables et r\u00e9actifs qui garantissent une libert\u00e9 de mouvement maximale. L2 &#8211; MID LAYER &amp; THERMAL LAYER : Offre une isolation thermique suppl\u00e9mentaire tout en favorisant &hellip; <a href=\"https:\/\/www.miomiorun.com\/fr\/produit\/la-sportiva-comet-skirt-femme\/\">Continued<\/a><\/p>\n","protected":false},"featured_media":230761,"template":"","meta":{"_acf_changed":false,"inline_featured_image":false},"product_brand":[],"product_cat":[24438,24444],"product_tag":[23597,23601],"class_list":{"0":"post-276271","1":"product","2":"type-product","3":"status-publish","4":"has-post-thumbnail","6":"product_cat-pantalon-court-fr-2","7":"product_cat-vetements-pour-femmes-fr","8":"product_tag-la-sportiva-fr","9":"product_tag-la-sportiva-femme","10":"pa_attivita-trail-fr","11":"pa_colore-comet-skirt-w-hibiscus-flamingo-fr","12":"pa_colore-comet-skirt-w-pacific-blue-neptune-fr","13":"pa_marca-la-sportiva-fr","14":"pa_sesso-femme","15":"pa_size-extra-small-fr","16":"pa_size-small-fr","17":"pa_size-medium-fr","18":"pa_size-large-fr","20":"first","21":"instock","22":"sale","23":"taxable","24":"shipping-taxable","25":"purchasable","26":"product-type-variable","27":"wvs-archive-product-wrapper"},"acf":[],"yoast_head":"<!-- This site is optimized with the Yoast SEO plugin v26.8 - https:\/\/yoast.com\/product\/yoast-seo-wordpress\/ -->\n<title>La Sportiva Comet Skirt femme - jupe de course - MioMioRun<\/title>\n<meta name=\"description\" content=\"Jupe de trail running pour exprimer sa f\u00e9minit\u00e9 pendant l&#039;activit\u00e9 physique : l\u00e9g\u00e8re, s\u00e9chage rapide, libert\u00e9 de mouvement maximale.\" \/>\n<meta name=\"robots\" content=\"index, follow, max-snippet:-1, max-image-preview:large, max-video-preview:-1\" \/>\n<link rel=\"canonical\" href=\"https:\/\/www.miomiorun.com\/fr\/produit\/la-sportiva-comet-skirt-femme\/\" \/>\n<meta property=\"og:locale\" content=\"fr_FR\" \/>\n<meta property=\"og:type\" content=\"article\" \/>\n<meta property=\"og:title\" content=\"La Sportiva Comet Skirt femme - jupe de course - MioMioRun\" \/>\n<meta property=\"og:description\" content=\"Jupe de trail running pour exprimer sa f\u00e9minit\u00e9 pendant l&#039;activit\u00e9 physique : l\u00e9g\u00e8re, s\u00e9chage rapide, libert\u00e9 de mouvement maximale.\" \/>\n<meta property=\"og:url\" content=\"https:\/\/www.miomiorun.com\/fr\/produit\/la-sportiva-comet-skirt-femme\/\" \/>\n<meta property=\"og:site_name\" content=\"MioMioRun\" \/>\n<meta property=\"article:publisher\" content=\"https:\/\/www.facebook.com\/miomiorun\/\" \/>\n<meta property=\"article:modified_time\" content=\"2026-01-21T10:24:53+00:00\" \/>\n<meta property=\"og:image\" content=\"https:\/\/www.miomiorun.com\/app\/uploads\/2020\/10\/la-sportiva-Comet-skirt-K52402403.jpg\" \/>\n\t<meta property=\"og:image:width\" content=\"600\" \/>\n\t<meta property=\"og:image:height\" content=\"600\" \/>\n\t<meta property=\"og:image:type\" content=\"image\/jpeg\" \/>\n<meta name=\"twitter:card\" content=\"summary_large_image\" \/>\n<meta name=\"twitter:label1\" content=\"Est. reading time\" \/>\n\t<meta name=\"twitter:data1\" content=\"2 minutes\" \/>\n<script type=\"application\/ld+json\" class=\"yoast-schema-graph\">{\"@context\":\"https:\/\/schema.org\",\"@graph\":[{\"@type\":\"WebPage\",\"@id\":\"https:\/\/www.miomiorun.com\/fr\/produit\/la-sportiva-comet-skirt-femme\/\",\"url\":\"https:\/\/www.miomiorun.com\/fr\/produit\/la-sportiva-comet-skirt-femme\/\",\"name\":\"La Sportiva Comet Skirt femme - jupe de course - MioMioRun\",\"isPartOf\":{\"@id\":\"https:\/\/www.miomiorun.com\/fr\/#website\"},\"primaryImageOfPage\":{\"@id\":\"https:\/\/www.miomiorun.com\/fr\/produit\/la-sportiva-comet-skirt-femme\/#primaryimage\"},\"image\":{\"@id\":\"https:\/\/www.miomiorun.com\/fr\/produit\/la-sportiva-comet-skirt-femme\/#primaryimage\"},\"thumbnailUrl\":\"https:\/\/www.miomiorun.com\/app\/uploads\/2020\/10\/la-sportiva-Comet-skirt-K52402403.jpg\",\"datePublished\":\"2020-10-20T15:17:09+00:00\",\"dateModified\":\"2026-01-21T10:24:53+00:00\",\"description\":\"Jupe de trail running pour exprimer sa f\u00e9minit\u00e9 pendant l'activit\u00e9 physique : l\u00e9g\u00e8re, s\u00e9chage rapide, libert\u00e9 de mouvement maximale.\",\"breadcrumb\":{\"@id\":\"https:\/\/www.miomiorun.com\/fr\/produit\/la-sportiva-comet-skirt-femme\/#breadcrumb\"},\"inLanguage\":\"fr-FR\",\"potentialAction\":[{\"@type\":\"ReadAction\",\"target\":[\"https:\/\/www.miomiorun.com\/fr\/produit\/la-sportiva-comet-skirt-femme\/\"]}]},{\"@type\":\"ImageObject\",\"inLanguage\":\"fr-FR\",\"@id\":\"https:\/\/www.miomiorun.com\/fr\/produit\/la-sportiva-comet-skirt-femme\/#primaryimage\",\"url\":\"https:\/\/www.miomiorun.com\/app\/uploads\/2020\/10\/la-sportiva-Comet-skirt-K52402403.jpg\",\"contentUrl\":\"https:\/\/www.miomiorun.com\/app\/uploads\/2020\/10\/la-sportiva-Comet-skirt-K52402403.jpg\",\"width\":600,\"height\":600,\"caption\":\"la-sportiva-Comet-skirt-K52402403\"},{\"@type\":\"BreadcrumbList\",\"@id\":\"https:\/\/www.miomiorun.com\/fr\/produit\/la-sportiva-comet-skirt-femme\/#breadcrumb\",\"itemListElement\":[{\"@type\":\"ListItem\",\"position\":1,\"name\":\"Home\",\"item\":\"https:\/\/www.miomiorun.com\/fr\/home-page\/\"},{\"@type\":\"ListItem\",\"position\":2,\"name\":\"Shop\",\"item\":\"https:\/\/www.miomiorun.com\/shop\/\"},{\"@type\":\"ListItem\",\"position\":3,\"name\":\"Comet Skirt femme\"}]},{\"@type\":\"WebSite\",\"@id\":\"https:\/\/www.miomiorun.com\/fr\/#website\",\"url\":\"https:\/\/www.miomiorun.com\/fr\/\",\"name\":\"MioMioRun\",\"description\":\"Boutique 100% running et trail\",\"publisher\":{\"@id\":\"https:\/\/www.miomiorun.com\/fr\/#organization\"},\"potentialAction\":[{\"@type\":\"SearchAction\",\"target\":{\"@type\":\"EntryPoint\",\"urlTemplate\":\"https:\/\/www.miomiorun.com\/fr\/?s={search_term_string}\"},\"query-input\":{\"@type\":\"PropertyValueSpecification\",\"valueRequired\":true,\"valueName\":\"search_term_string\"}}],\"inLanguage\":\"fr-FR\"},{\"@type\":\"Organization\",\"@id\":\"https:\/\/www.miomiorun.com\/fr\/#organization\",\"name\":\"MioMio Run\",\"url\":\"https:\/\/www.miomiorun.com\/fr\/\",\"logo\":{\"@type\":\"ImageObject\",\"inLanguage\":\"fr-FR\",\"@id\":\"https:\/\/www.miomiorun.com\/fr\/#\/schema\/logo\/image\/\",\"url\":\"https:\/\/www.miomiorun.com\/app\/uploads\/2019\/12\/logomio.png\",\"contentUrl\":\"https:\/\/www.miomiorun.com\/app\/uploads\/2019\/12\/logomio.png\",\"width\":115,\"height\":82,\"caption\":\"MioMio Run\"},\"image\":{\"@id\":\"https:\/\/www.miomiorun.com\/fr\/#\/schema\/logo\/image\/\"},\"sameAs\":[\"https:\/\/www.facebook.com\/miomiorun\/\",\"https:\/\/www.instagram.com\/miomiorun\/\"]}]}<\/script>\n<!-- \/ Yoast SEO plugin. -->","yoast_head_json":{"title":"La Sportiva Comet Skirt femme - jupe de course - MioMioRun","description":"Jupe de trail running pour exprimer sa f\u00e9minit\u00e9 pendant l'activit\u00e9 physique : l\u00e9g\u00e8re, s\u00e9chage rapide, libert\u00e9 de mouvement maximale.","robots":{"index":"index","follow":"follow","max-snippet":"max-snippet:-1","max-image-preview":"max-image-preview:large","max-video-preview":"max-video-preview:-1"},"canonical":"https:\/\/www.miomiorun.com\/fr\/produit\/la-sportiva-comet-skirt-femme\/","og_locale":"fr_FR","og_type":"article","og_title":"La Sportiva Comet Skirt femme - jupe de course - MioMioRun","og_description":"Jupe de trail running pour exprimer sa f\u00e9minit\u00e9 pendant l'activit\u00e9 physique : l\u00e9g\u00e8re, s\u00e9chage rapide, libert\u00e9 de mouvement maximale.","og_url":"https:\/\/www.miomiorun.com\/fr\/produit\/la-sportiva-comet-skirt-femme\/","og_site_name":"MioMioRun","article_publisher":"https:\/\/www.facebook.com\/miomiorun\/","article_modified_time":"2026-01-21T10:24:53+00:00","og_image":[{"width":600,"height":600,"url":"https:\/\/www.miomiorun.com\/app\/uploads\/2020\/10\/la-sportiva-Comet-skirt-K52402403.jpg","type":"image\/jpeg"}],"twitter_card":"summary_large_image","twitter_misc":{"Est. reading time":"2 minutes"},"schema":{"@context":"https:\/\/schema.org","@graph":[{"@type":"WebPage","@id":"https:\/\/www.miomiorun.com\/fr\/produit\/la-sportiva-comet-skirt-femme\/","url":"https:\/\/www.miomiorun.com\/fr\/produit\/la-sportiva-comet-skirt-femme\/","name":"La Sportiva Comet Skirt femme - jupe de course - MioMioRun","isPartOf":{"@id":"https:\/\/www.miomiorun.com\/fr\/#website"},"primaryImageOfPage":{"@id":"https:\/\/www.miomiorun.com\/fr\/produit\/la-sportiva-comet-skirt-femme\/#primaryimage"},"image":{"@id":"https:\/\/www.miomiorun.com\/fr\/produit\/la-sportiva-comet-skirt-femme\/#primaryimage"},"thumbnailUrl":"https:\/\/www.miomiorun.com\/app\/uploads\/2020\/10\/la-sportiva-Comet-skirt-K52402403.jpg","datePublished":"2020-10-20T15:17:09+00:00","dateModified":"2026-01-21T10:24:53+00:00","description":"Jupe de trail running pour exprimer sa f\u00e9minit\u00e9 pendant l'activit\u00e9 physique : l\u00e9g\u00e8re, s\u00e9chage rapide, libert\u00e9 de mouvement maximale.","breadcrumb":{"@id":"https:\/\/www.miomiorun.com\/fr\/produit\/la-sportiva-comet-skirt-femme\/#breadcrumb"},"inLanguage":"fr-FR","potentialAction":[{"@type":"ReadAction","target":["https:\/\/www.miomiorun.com\/fr\/produit\/la-sportiva-comet-skirt-femme\/"]}]},{"@type":"ImageObject","inLanguage":"fr-FR","@id":"https:\/\/www.miomiorun.com\/fr\/produit\/la-sportiva-comet-skirt-femme\/#primaryimage","url":"https:\/\/www.miomiorun.com\/app\/uploads\/2020\/10\/la-sportiva-Comet-skirt-K52402403.jpg","contentUrl":"https:\/\/www.miomiorun.com\/app\/uploads\/2020\/10\/la-sportiva-Comet-skirt-K52402403.jpg","width":600,"height":600,"caption":"la-sportiva-Comet-skirt-K52402403"},{"@type":"BreadcrumbList","@id":"https:\/\/www.miomiorun.com\/fr\/produit\/la-sportiva-comet-skirt-femme\/#breadcrumb","itemListElement":[{"@type":"ListItem","position":1,"name":"Home","item":"https:\/\/www.miomiorun.com\/fr\/home-page\/"},{"@type":"ListItem","position":2,"name":"Shop","item":"https:\/\/www.miomiorun.com\/shop\/"},{"@type":"ListItem","position":3,"name":"Comet Skirt femme"}]},{"@type":"WebSite","@id":"https:\/\/www.miomiorun.com\/fr\/#website","url":"https:\/\/www.miomiorun.com\/fr\/","name":"MioMioRun","description":"Boutique 100% running et trail","publisher":{"@id":"https:\/\/www.miomiorun.com\/fr\/#organization"},"potentialAction":[{"@type":"SearchAction","target":{"@type":"EntryPoint","urlTemplate":"https:\/\/www.miomiorun.com\/fr\/?s={search_term_string}"},"query-input":{"@type":"PropertyValueSpecification","valueRequired":true,"valueName":"search_term_string"}}],"inLanguage":"fr-FR"},{"@type":"Organization","@id":"https:\/\/www.miomiorun.com\/fr\/#organization","name":"MioMio Run","url":"https:\/\/www.miomiorun.com\/fr\/","logo":{"@type":"ImageObject","inLanguage":"fr-FR","@id":"https:\/\/www.miomiorun.com\/fr\/#\/schema\/logo\/image\/","url":"https:\/\/www.miomiorun.com\/app\/uploads\/2019\/12\/logomio.png","contentUrl":"https:\/\/www.miomiorun.com\/app\/uploads\/2019\/12\/logomio.png","width":115,"height":82,"caption":"MioMio Run"},"image":{"@id":"https:\/\/www.miomiorun.com\/fr\/#\/schema\/logo\/image\/"},"sameAs":["https:\/\/www.facebook.com\/miomiorun\/","https:\/\/www.instagram.com\/miomiorun\/"]}]}},"_links":{"self":[{"href":"https:\/\/www.miomiorun.com\/fr\/wp-json\/wp\/v2\/product\/276271","targetHints":{"allow":["GET"]}}],"collection":[{"href":"https:\/\/www.miomiorun.com\/fr\/wp-json\/wp\/v2\/product"}],"about":[{"href":"https:\/\/www.miomiorun.com\/fr\/wp-json\/wp\/v2\/types\/product"}],"wp:featuredmedia":[{"embeddable":true,"href":"https:\/\/www.miomiorun.com\/fr\/wp-json\/wp\/v2\/media\/230761"}],"wp:attachment":[{"href":"https:\/\/www.miomiorun.com\/fr\/wp-json\/wp\/v2\/media?parent=276271"}],"wp:term":[{"taxonomy":"product_brand","embeddable":true,"href":"https:\/\/www.miomiorun.com\/fr\/wp-json\/wp\/v2\/product_brand?post=276271"},{"taxonomy":"product_cat","embeddable":true,"href":"https:\/\/www.miomiorun.com\/fr\/wp-json\/wp\/v2\/product_cat?post=276271"},{"taxonomy":"product_tag","embeddable":true,"href":"https:\/\/www.miomiorun.com\/fr\/wp-json\/wp\/v2\/product_tag?post=276271"}],"curies":[{"name":"wp","href":"https:\/\/api.w.org\/{rel}","templated":true}]}}