{"id":276263,"date":"2020-10-20T18:46:34","date_gmt":"2020-10-20T16:46:34","guid":{"rendered":"https:\/\/miomiorun.com\/prodotto\/la-sportiva-catch-t-shirt-donna\/"},"modified":"2025-11-19T12:02:01","modified_gmt":"2025-11-19T11:02:01","slug":"la-sportiva-catch-t-shirt-donna","status":"publish","type":"product","link":"https:\/\/www.miomiorun.com\/fr\/produit\/la-sportiva-catch-t-shirt-donna\/","title":{"rendered":"Catch T-Shirt donna"},"content":{"rendered":"<p>T-shirt regular fit a costruzione body-mapping e cuciture piatte anti-sfregamento, Catch T-Shirt \u00e8 l&#8217;ideale per il trail running. Con trattamenti anti-batterici ed anti-odore by Polygiene.<\/p>\n<div class=\"data item content\" role=\"tabpanel\" aria-labelledby=\"tab-label-techinfo\" data-role=\"content\" aria-hidden=\"false\">\n<div class=\"techinfo-container\">\n<div class=\"techinfo-icons\">\n<div class=\"techinfo-icon\"><a> <img decoding=\"async\" src=\"https:\/\/www.lasportiva.com\/media\/techinfo_icons\/traspirabilita.png\" alt=\"La Sportiva\" \/><\/a><\/div>\n<div><strong>Traspirabilit\u00e0 : <\/strong>Prodotti altamente traspiranti per ottimo comfort climatico.<\/div>\n<div class=\"techinfo-icon\"><a> <img decoding=\"async\" src=\"https:\/\/www.lasportiva.com\/media\/techinfo_icons\/leggerezza.png\" alt=\"La Sportiva\" \/><\/a><\/div>\n<div><strong>Leggerezza : <\/strong>Prodotti che mantengono il peso al minimo<\/div>\n<div class=\"techinfo-icon\"><a> <img decoding=\"async\" src=\"https:\/\/www.lasportiva.com\/media\/techinfo_icons\/polygiene.png\" alt=\"La Sportiva\" \/><\/a><\/div>\n<div>La Tecnologia anti-batterica ed anti-odore Polygiene\u00ae \u00e8 un trattamento durevole, efficace e sostenibile che utilizza sali d\u2019argento per impedire la formazione dei batteri che causano cattivi odori. Il risultato? <strong>Si possono indossare i capi pi\u00f9 a lungo senza lavaggi.<\/strong><\/div>\n<div class=\"techinfo-icon\"><a> <img decoding=\"async\" src=\"https:\/\/www.lasportiva.com\/media\/techinfo_icons\/elasticita.png\" alt=\"La Sportiva\" \/><\/a><\/div>\n<div><strong>Elasticit\u00e0 : <\/strong>Capi confortevoli e reattivi che garantiscono la massima libert\u00e0 di movimento.<\/div>\n<div class=\"techinfo-icon\"><a> <img decoding=\"async\" src=\"https:\/\/www.lasportiva.com\/media\/techinfo_icons\/Bluesign.png\" alt=\"La Sportiva\" \/><\/a><\/div>\n<div>COS\u2019\u00c8 IL SISTEMA BLUESIGN? &#8211; Il sistema di certificazione &#8220;bluesign\u00ae system&#8221; certifica la sostenibilit\u00e0 di tutta la filiera produttiva tessile. Elimina le sostanze pericolose per persone ed ambiente fin dall\u2019inizio del processo produttivo settando e controllando gli standard socio-ambientali e di eco-compatibilit\u00e0 di tutti i processi produttivi coinvolti lungo la catena del valore, garantendo al consumatore l\u2019acquisto di prodotti sostenibili. La Sportiva \u00e8 membro ufficiale bluesign\u00ae dal 2012: questo certifica che tutta la filiera produttiva tessile rispetta i criteri socio ambientali promossi da bluesign\u00ae. Dal 2014\/15 La Sportiva produce inoltre prodotti interamente certificati bluesign\u00ae sui quali \u00e8 applicata l\u2019etichetta ufficiale di bluesign\u00ae product. COSA SIGNIFICA UN PRODOTTO CERTIFICATO BLUESIGN? &#8211; Un prodotto certificato bluesign\u00ae garantisce il livello pi\u00f9 alto di sicurezza per il consumatore in termini di rispetto socio-ambientale e attesta che il prodotto \u00e8 stato ottenuto con il minimo impatto possibile sul pianeta e sulle persone, rispettando gli standard di qualit\u00e0 approvati da bluesign\u00ae e con l\u2019utilizzo di risorse sostenibili lungo tutta la filiera produttiva. Un prodotto bluesign\u00ae \u00e8 l\u2019attestato dell\u2019impegno dell\u2019azienda per la sostenibilit\u00e0 del pianeta.<\/div>\n<div class=\"techinfo-icon\"><a> <img decoding=\"async\" src=\"https:\/\/www.lasportiva.com\/media\/techinfo_icons\/regular-fit.png\" alt=\"La Sportiva\" \/><\/a><\/div>\n<div><strong>Vestibilit\u00e0 regolare : <\/strong>Taglio tecnico e confortevole.<\/div>\n<div class=\"techinfo-icon\"><a> <img decoding=\"async\" src=\"https:\/\/www.lasportiva.com\/media\/techinfo_icons\/L1.png\" alt=\"La Sportiva\" \/><\/a><\/div>\n<div><strong>L1 &#8211; BASE LAYER : <\/strong>Strato a diretto contatto con la pelle. Favorisce lo smaltimento del sudore per un miglior comfort climatico durante l\u2019attivit\u00e0 fisica.<\/div>\n<\/div>\n<div class=\"techinfo-description\"><b>Materiale : <\/b>Main: (PN22) 100% Polyester Mesh: (MSH11) 100% PES<br \/>\n<b>Peso : <\/b>80 g (M)<\/div>\n<\/div>\n<\/div>\n","protected":false},"excerpt":{"rendered":"<p>T-shirt regular fit a costruzione body-mapping e cuciture piatte anti-sfregamento, Catch T-Shirt \u00e8 l&#8217;ideale per il trail running. Con trattamenti anti-batterici ed anti-odore by Polygiene. Traspirabilit\u00e0 : Prodotti altamente traspiranti per ottimo comfort climatico. Leggerezza : Prodotti che mantengono il peso al minimo La Tecnologia anti-batterica ed anti-odore Polygiene\u00ae \u00e8 un trattamento durevole, efficace e &hellip; <a href=\"https:\/\/www.miomiorun.com\/fr\/produit\/la-sportiva-catch-t-shirt-donna\/\">Continued<\/a><\/p>\n","protected":false},"featured_media":230767,"template":"","meta":{"_acf_changed":false,"inline_featured_image":false},"product_brand":[],"product_cat":[24436,24444],"product_tag":[23597,23601],"class_list":{"0":"post-276263","1":"product","2":"type-product","3":"status-publish","4":"has-post-thumbnail","6":"product_cat-t-shirt-fr-2","7":"product_cat-vetements-pour-femmes-fr","8":"product_tag-la-sportiva-fr","9":"product_tag-la-sportiva-femme","10":"pa_attivita-marcher","11":"pa_attivita-outdoor-fr","12":"pa_attivita-trail-fr","13":"pa_marca-la-sportiva-fr","14":"pa_sesso-femme","15":"pa_size-small-fr","16":"pa_size-medium-fr","18":"first","19":"instock","20":"sale","21":"taxable","22":"shipping-taxable","23":"purchasable","24":"product-type-variable","25":"wvs-archive-product-wrapper"},"acf":[],"yoast_head":"<!-- This site is optimized with the Yoast SEO plugin v26.8 - https:\/\/yoast.com\/product\/yoast-seo-wordpress\/ -->\n<title>La Sportiva Catch T-Shirt donna - T-shirt Running - MioMioRun<\/title>\n<meta name=\"description\" content=\"T-shirt regular fit a costruzione body-mapping e cuciture piatte anti-sfregamento, \u00e8 l&#039;ideale per il trail running. Con trattamenti by Polygiene\" \/>\n<meta name=\"robots\" content=\"index, follow, max-snippet:-1, max-image-preview:large, max-video-preview:-1\" \/>\n<link rel=\"canonical\" href=\"https:\/\/www.miomiorun.com\/fr\/produit\/la-sportiva-catch-t-shirt-donna\/\" \/>\n<meta property=\"og:locale\" content=\"fr_FR\" \/>\n<meta property=\"og:type\" content=\"article\" \/>\n<meta property=\"og:title\" content=\"La Sportiva Catch T-Shirt donna - T-shirt Running - MioMioRun\" \/>\n<meta property=\"og:description\" content=\"T-shirt regular fit a costruzione body-mapping e cuciture piatte anti-sfregamento, \u00e8 l&#039;ideale per il trail running. Con trattamenti by Polygiene\" \/>\n<meta property=\"og:url\" content=\"https:\/\/www.miomiorun.com\/fr\/produit\/la-sportiva-catch-t-shirt-donna\/\" \/>\n<meta property=\"og:site_name\" content=\"MioMioRun\" \/>\n<meta property=\"article:publisher\" content=\"https:\/\/www.facebook.com\/miomiorun\/\" \/>\n<meta property=\"article:modified_time\" content=\"2025-11-19T11:02:01+00:00\" \/>\n<meta property=\"og:image\" content=\"https:\/\/www.miomiorun.com\/app\/uploads\/2020\/10\/la-sportiva-catch-t-shirt-K85000402.jpg\" \/>\n\t<meta property=\"og:image:width\" content=\"600\" \/>\n\t<meta property=\"og:image:height\" content=\"600\" \/>\n\t<meta property=\"og:image:type\" content=\"image\/jpeg\" \/>\n<meta name=\"twitter:card\" content=\"summary_large_image\" \/>\n<meta name=\"twitter:label1\" content=\"Est. reading time\" \/>\n\t<meta name=\"twitter:data1\" content=\"2 minutes\" \/>\n<script type=\"application\/ld+json\" class=\"yoast-schema-graph\">{\"@context\":\"https:\/\/schema.org\",\"@graph\":[{\"@type\":\"WebPage\",\"@id\":\"https:\/\/www.miomiorun.com\/fr\/produit\/la-sportiva-catch-t-shirt-donna\/\",\"url\":\"https:\/\/www.miomiorun.com\/fr\/produit\/la-sportiva-catch-t-shirt-donna\/\",\"name\":\"La Sportiva Catch T-Shirt donna - T-shirt Running - MioMioRun\",\"isPartOf\":{\"@id\":\"https:\/\/www.miomiorun.com\/fr\/#website\"},\"primaryImageOfPage\":{\"@id\":\"https:\/\/www.miomiorun.com\/fr\/produit\/la-sportiva-catch-t-shirt-donna\/#primaryimage\"},\"image\":{\"@id\":\"https:\/\/www.miomiorun.com\/fr\/produit\/la-sportiva-catch-t-shirt-donna\/#primaryimage\"},\"thumbnailUrl\":\"https:\/\/www.miomiorun.com\/app\/uploads\/2020\/10\/la-sportiva-catch-t-shirt-K85000402.jpg\",\"datePublished\":\"2020-10-20T16:46:34+00:00\",\"dateModified\":\"2025-11-19T11:02:01+00:00\",\"description\":\"T-shirt regular fit a costruzione body-mapping e cuciture piatte anti-sfregamento, \u00e8 l'ideale per il trail running. Con trattamenti by Polygiene\",\"breadcrumb\":{\"@id\":\"https:\/\/www.miomiorun.com\/fr\/produit\/la-sportiva-catch-t-shirt-donna\/#breadcrumb\"},\"inLanguage\":\"fr-FR\",\"potentialAction\":[{\"@type\":\"ReadAction\",\"target\":[\"https:\/\/www.miomiorun.com\/fr\/produit\/la-sportiva-catch-t-shirt-donna\/\"]}]},{\"@type\":\"ImageObject\",\"inLanguage\":\"fr-FR\",\"@id\":\"https:\/\/www.miomiorun.com\/fr\/produit\/la-sportiva-catch-t-shirt-donna\/#primaryimage\",\"url\":\"https:\/\/www.miomiorun.com\/app\/uploads\/2020\/10\/la-sportiva-catch-t-shirt-K85000402.jpg\",\"contentUrl\":\"https:\/\/www.miomiorun.com\/app\/uploads\/2020\/10\/la-sportiva-catch-t-shirt-K85000402.jpg\",\"width\":600,\"height\":600,\"caption\":\"la-sportiva-catch-t-shirt-K85000402\"},{\"@type\":\"BreadcrumbList\",\"@id\":\"https:\/\/www.miomiorun.com\/fr\/produit\/la-sportiva-catch-t-shirt-donna\/#breadcrumb\",\"itemListElement\":[{\"@type\":\"ListItem\",\"position\":1,\"name\":\"Home\",\"item\":\"https:\/\/www.miomiorun.com\/fr\/home-page\/\"},{\"@type\":\"ListItem\",\"position\":2,\"name\":\"Shop\",\"item\":\"https:\/\/www.miomiorun.com\/shop\/\"},{\"@type\":\"ListItem\",\"position\":3,\"name\":\"Catch T-Shirt donna\"}]},{\"@type\":\"WebSite\",\"@id\":\"https:\/\/www.miomiorun.com\/fr\/#website\",\"url\":\"https:\/\/www.miomiorun.com\/fr\/\",\"name\":\"MioMioRun\",\"description\":\"Boutique 100% running et trail\",\"publisher\":{\"@id\":\"https:\/\/www.miomiorun.com\/fr\/#organization\"},\"potentialAction\":[{\"@type\":\"SearchAction\",\"target\":{\"@type\":\"EntryPoint\",\"urlTemplate\":\"https:\/\/www.miomiorun.com\/fr\/?s={search_term_string}\"},\"query-input\":{\"@type\":\"PropertyValueSpecification\",\"valueRequired\":true,\"valueName\":\"search_term_string\"}}],\"inLanguage\":\"fr-FR\"},{\"@type\":\"Organization\",\"@id\":\"https:\/\/www.miomiorun.com\/fr\/#organization\",\"name\":\"MioMio Run\",\"url\":\"https:\/\/www.miomiorun.com\/fr\/\",\"logo\":{\"@type\":\"ImageObject\",\"inLanguage\":\"fr-FR\",\"@id\":\"https:\/\/www.miomiorun.com\/fr\/#\/schema\/logo\/image\/\",\"url\":\"https:\/\/www.miomiorun.com\/app\/uploads\/2019\/12\/logomio.png\",\"contentUrl\":\"https:\/\/www.miomiorun.com\/app\/uploads\/2019\/12\/logomio.png\",\"width\":115,\"height\":82,\"caption\":\"MioMio Run\"},\"image\":{\"@id\":\"https:\/\/www.miomiorun.com\/fr\/#\/schema\/logo\/image\/\"},\"sameAs\":[\"https:\/\/www.facebook.com\/miomiorun\/\",\"https:\/\/www.instagram.com\/miomiorun\/\"]}]}<\/script>\n<!-- \/ Yoast SEO plugin. -->","yoast_head_json":{"title":"La Sportiva Catch T-Shirt donna - T-shirt Running - MioMioRun","description":"T-shirt regular fit a costruzione body-mapping e cuciture piatte anti-sfregamento, \u00e8 l'ideale per il trail running. Con trattamenti by Polygiene","robots":{"index":"index","follow":"follow","max-snippet":"max-snippet:-1","max-image-preview":"max-image-preview:large","max-video-preview":"max-video-preview:-1"},"canonical":"https:\/\/www.miomiorun.com\/fr\/produit\/la-sportiva-catch-t-shirt-donna\/","og_locale":"fr_FR","og_type":"article","og_title":"La Sportiva Catch T-Shirt donna - T-shirt Running - MioMioRun","og_description":"T-shirt regular fit a costruzione body-mapping e cuciture piatte anti-sfregamento, \u00e8 l'ideale per il trail running. Con trattamenti by Polygiene","og_url":"https:\/\/www.miomiorun.com\/fr\/produit\/la-sportiva-catch-t-shirt-donna\/","og_site_name":"MioMioRun","article_publisher":"https:\/\/www.facebook.com\/miomiorun\/","article_modified_time":"2025-11-19T11:02:01+00:00","og_image":[{"width":600,"height":600,"url":"https:\/\/www.miomiorun.com\/app\/uploads\/2020\/10\/la-sportiva-catch-t-shirt-K85000402.jpg","type":"image\/jpeg"}],"twitter_card":"summary_large_image","twitter_misc":{"Est. reading time":"2 minutes"},"schema":{"@context":"https:\/\/schema.org","@graph":[{"@type":"WebPage","@id":"https:\/\/www.miomiorun.com\/fr\/produit\/la-sportiva-catch-t-shirt-donna\/","url":"https:\/\/www.miomiorun.com\/fr\/produit\/la-sportiva-catch-t-shirt-donna\/","name":"La Sportiva Catch T-Shirt donna - T-shirt Running - MioMioRun","isPartOf":{"@id":"https:\/\/www.miomiorun.com\/fr\/#website"},"primaryImageOfPage":{"@id":"https:\/\/www.miomiorun.com\/fr\/produit\/la-sportiva-catch-t-shirt-donna\/#primaryimage"},"image":{"@id":"https:\/\/www.miomiorun.com\/fr\/produit\/la-sportiva-catch-t-shirt-donna\/#primaryimage"},"thumbnailUrl":"https:\/\/www.miomiorun.com\/app\/uploads\/2020\/10\/la-sportiva-catch-t-shirt-K85000402.jpg","datePublished":"2020-10-20T16:46:34+00:00","dateModified":"2025-11-19T11:02:01+00:00","description":"T-shirt regular fit a costruzione body-mapping e cuciture piatte anti-sfregamento, \u00e8 l'ideale per il trail running. Con trattamenti by Polygiene","breadcrumb":{"@id":"https:\/\/www.miomiorun.com\/fr\/produit\/la-sportiva-catch-t-shirt-donna\/#breadcrumb"},"inLanguage":"fr-FR","potentialAction":[{"@type":"ReadAction","target":["https:\/\/www.miomiorun.com\/fr\/produit\/la-sportiva-catch-t-shirt-donna\/"]}]},{"@type":"ImageObject","inLanguage":"fr-FR","@id":"https:\/\/www.miomiorun.com\/fr\/produit\/la-sportiva-catch-t-shirt-donna\/#primaryimage","url":"https:\/\/www.miomiorun.com\/app\/uploads\/2020\/10\/la-sportiva-catch-t-shirt-K85000402.jpg","contentUrl":"https:\/\/www.miomiorun.com\/app\/uploads\/2020\/10\/la-sportiva-catch-t-shirt-K85000402.jpg","width":600,"height":600,"caption":"la-sportiva-catch-t-shirt-K85000402"},{"@type":"BreadcrumbList","@id":"https:\/\/www.miomiorun.com\/fr\/produit\/la-sportiva-catch-t-shirt-donna\/#breadcrumb","itemListElement":[{"@type":"ListItem","position":1,"name":"Home","item":"https:\/\/www.miomiorun.com\/fr\/home-page\/"},{"@type":"ListItem","position":2,"name":"Shop","item":"https:\/\/www.miomiorun.com\/shop\/"},{"@type":"ListItem","position":3,"name":"Catch T-Shirt donna"}]},{"@type":"WebSite","@id":"https:\/\/www.miomiorun.com\/fr\/#website","url":"https:\/\/www.miomiorun.com\/fr\/","name":"MioMioRun","description":"Boutique 100% running et trail","publisher":{"@id":"https:\/\/www.miomiorun.com\/fr\/#organization"},"potentialAction":[{"@type":"SearchAction","target":{"@type":"EntryPoint","urlTemplate":"https:\/\/www.miomiorun.com\/fr\/?s={search_term_string}"},"query-input":{"@type":"PropertyValueSpecification","valueRequired":true,"valueName":"search_term_string"}}],"inLanguage":"fr-FR"},{"@type":"Organization","@id":"https:\/\/www.miomiorun.com\/fr\/#organization","name":"MioMio Run","url":"https:\/\/www.miomiorun.com\/fr\/","logo":{"@type":"ImageObject","inLanguage":"fr-FR","@id":"https:\/\/www.miomiorun.com\/fr\/#\/schema\/logo\/image\/","url":"https:\/\/www.miomiorun.com\/app\/uploads\/2019\/12\/logomio.png","contentUrl":"https:\/\/www.miomiorun.com\/app\/uploads\/2019\/12\/logomio.png","width":115,"height":82,"caption":"MioMio Run"},"image":{"@id":"https:\/\/www.miomiorun.com\/fr\/#\/schema\/logo\/image\/"},"sameAs":["https:\/\/www.facebook.com\/miomiorun\/","https:\/\/www.instagram.com\/miomiorun\/"]}]}},"_links":{"self":[{"href":"https:\/\/www.miomiorun.com\/fr\/wp-json\/wp\/v2\/product\/276263","targetHints":{"allow":["GET"]}}],"collection":[{"href":"https:\/\/www.miomiorun.com\/fr\/wp-json\/wp\/v2\/product"}],"about":[{"href":"https:\/\/www.miomiorun.com\/fr\/wp-json\/wp\/v2\/types\/product"}],"wp:featuredmedia":[{"embeddable":true,"href":"https:\/\/www.miomiorun.com\/fr\/wp-json\/wp\/v2\/media\/230767"}],"wp:attachment":[{"href":"https:\/\/www.miomiorun.com\/fr\/wp-json\/wp\/v2\/media?parent=276263"}],"wp:term":[{"taxonomy":"product_brand","embeddable":true,"href":"https:\/\/www.miomiorun.com\/fr\/wp-json\/wp\/v2\/product_brand?post=276263"},{"taxonomy":"product_cat","embeddable":true,"href":"https:\/\/www.miomiorun.com\/fr\/wp-json\/wp\/v2\/product_cat?post=276263"},{"taxonomy":"product_tag","embeddable":true,"href":"https:\/\/www.miomiorun.com\/fr\/wp-json\/wp\/v2\/product_tag?post=276263"}],"curies":[{"name":"wp","href":"https:\/\/api.w.org\/{rel}","templated":true}]}}