{"id":276225,"date":"2020-10-24T16:56:34","date_gmt":"2020-10-24T14:56:34","guid":{"rendered":"https:\/\/miomiorun.com\/prodotto\/montura-presanella-pants-uomo\/"},"modified":"2025-12-11T19:17:57","modified_gmt":"2025-12-11T18:17:57","slug":"montura-presanella-pants-homme","status":"publish","type":"product","link":"https:\/\/www.miomiorun.com\/fr\/produit\/montura-presanella-pants-homme\/","title":{"rendered":"Presanella Pants homme"},"content":{"rendered":"<div class=\"product-attribute-season\">\n<p>Pantalon long pour homme en tissu m\u00e9lang\u00e9 nylon et polyester Softshell DWR 4-way-stretch. Renfort aux genoux en tissu nylon DWR stretch. Taille \u00e9lastiqu\u00e9e avec passants, ouverture avec bouton et zip, poches mains zipp\u00e9es, poche arri\u00e8re zipp\u00e9e et bas r\u00e9glable avec zip et soufflet. V\u00eatement id\u00e9al pour l&#8217;alpinisme et diverses activit\u00e9s de plein air<\/p>\n<p class=\"product-weight\">Poids : 0,45 kg<\/p>\n<div class=\"attribute_container tw-pb-24 last-of-type:tw-pb-0\">\n<div class=\"content__image-wrapper tw-w-fit \">\n<div class=\"content__image tw-relative tw-w-[3.2rem]\"><img loading=\"lazy\" decoding=\"async\" class=\"tw-absolute tw-top-0 tw-left-0 tw-w-full tw-h-full\" src=\"https:\/\/www.montura.com\/cdn\/shop\/files\/004_Breathable_Black.svg?v=1709125473&amp;width=200\" alt=\"\" width=\"200\" height=\"200\"><\/div>\n<\/div>\n<h3 class=\"tw-text-s tw-pt-[1.2rem] tw-pb-[0.4rem] tw-font-medium\">Respirant<\/h3>\n<p class=\"tw-text-greyish-brown tw-text-xs tw-pt-[0.4rem]\">Gr\u00e2ce \u00e0 ses tissus respirants, ce v\u00eatement favorise la transpiration naturelle de la peau tout en maintenant le corps \u00e0 une temp\u00e9rature optimale.<\/p>\n<\/div>\n<div class=\"attribute_container tw-pb-24 last-of-type:tw-pb-0\">\n<div class=\"content__image-wrapper tw-w-fit \">\n<div class=\"content__image tw-relative tw-w-[3.2rem]\"><img loading=\"lazy\" decoding=\"async\" class=\"tw-absolute tw-top-0 tw-left-0 tw-w-full tw-h-full\" src=\"https:\/\/www.montura.com\/cdn\/shop\/files\/002_WaterResistantDWR_Black.svg?v=1709125500&amp;width=200\" alt=\"\" width=\"200\" height=\"200\"><\/div>\n<\/div>\n<h3 class=\"tw-text-s tw-pt-[1.2rem] tw-pb-[0.4rem] tw-font-medium\">Hydrofuge (DWR)<\/h3>\n<p class=\"tw-text-greyish-brown tw-text-xs tw-pt-[0.4rem]\">Une couche hydrofuge appliqu\u00e9e sur le tissu assure une l\u00e9g\u00e8re protection contre l&#8217;humidit\u00e9 ext\u00e9rieure. <\/p>\n<\/div>\n<div class=\"attribute_container tw-pb-24 last-of-type:tw-pb-0\">\n<div class=\"content__image-wrapper tw-w-fit \">\n<div class=\"content__image tw-relative tw-w-[3.2rem]\"><img loading=\"lazy\" decoding=\"async\" class=\"tw-absolute tw-top-0 tw-left-0 tw-w-full tw-h-full\" src=\"https:\/\/www.montura.com\/cdn\/shop\/files\/003_Windproof_Black.svg?v=1709125529&amp;width=200\" alt=\"\" width=\"200\" height=\"200\"><\/div>\n<\/div>\n<h3 class=\"tw-text-s tw-pt-[1.2rem] tw-pb-[0.4rem] tw-font-medium\">Coupe-vent<\/h3>\n<p class=\"tw-text-greyish-brown tw-text-xs tw-pt-[0.4rem]\">Le tissu emp\u00eache le vent de p\u00e9n\u00e9trer, r\u00e9duisant ainsi le risque de refroidissement.<\/p>\n<\/div>\n<\/div>\n<div class=\"product-attribute product-attribute-featured-materials\">\n<h2 class=\"attribute-label\">Technologie<\/h2>\n<ul>\n<li>pro-meteo<\/li>\n<\/ul>\n<h2>Activit\u00e9<\/h2>\n<div class=\"attribute_container tw-pb-24 last-of-type:tw-pb-0\">\n<div class=\"content__image-wrapper tw-w-fit \">\n<div class=\"content__image tw-relative tw-w-[3.2rem]\"><img loading=\"lazy\" decoding=\"async\" class=\"tw-absolute tw-top-0 tw-left-0 tw-w-full tw-h-full\" src=\"https:\/\/www.montura.com\/cdn\/shop\/files\/017_TrekkingHiking_Black.svg?v=1709126467&amp;width=200\" alt=\"\" width=\"200\" height=\"200\"><\/div>\n<\/div>\n<h3 class=\"tw-text-s tw-pt-[1.2rem] tw-pb-[0.4rem] tw-font-medium\">Trekking \/ Randonn\u00e9e<\/h3>\n<p class=\"tw-text-greyish-brown tw-text-wrap tw-text-xs tw-pt-[0.4rem]\">V\u00eatement con\u00e7u pour la randonn\u00e9e<\/p>\n<\/div>\n<\/div>\n","protected":false},"excerpt":{"rendered":"<p>Pantalon long pour homme en tissu m\u00e9lang\u00e9 nylon et polyester Softshell DWR 4-way-stretch. Renfort aux genoux en tissu nylon DWR stretch. Taille \u00e9lastiqu\u00e9e avec passants, ouverture avec bouton et zip, poches mains zipp\u00e9es, poche arri\u00e8re zipp\u00e9e et bas r\u00e9glable avec zip et soufflet. V\u00eatement id\u00e9al pour l&#8217;alpinisme et diverses activit\u00e9s de plein air Poids : &hellip; <a href=\"https:\/\/www.miomiorun.com\/fr\/produit\/montura-presanella-pants-homme\/\">Continued<\/a><\/p>\n","protected":false},"featured_media":230791,"template":"","meta":{"_acf_changed":false,"inline_featured_image":false},"product_brand":[],"product_cat":[24450,24482,24484],"product_tag":[23512,23524],"class_list":{"0":"post-276225","1":"product","2":"type-product","3":"status-publish","4":"has-post-thumbnail","6":"product_cat-pantalon-long-fr-3","7":"product_cat-vetements-pour-hommes-fr","8":"product_cat-homme","9":"product_tag-montura-fr","10":"product_tag-montura-homme","11":"pa_attivita-marcher","12":"pa_attivita-outdoor-fr","13":"pa_colore-presanella-m-black-piombo-fr","14":"pa_colore-presanella-pants-black-fr","15":"pa_marca-montura-fr","16":"pa_sesso-homme","17":"pa_size-large-fr","18":"pa_size-extra-large-fr","20":"first","21":"instock","22":"sale","23":"taxable","24":"shipping-taxable","25":"purchasable","26":"product-type-variable","27":"wvs-archive-product-wrapper"},"acf":[],"yoast_head":"<!-- This site is optimized with the Yoast SEO plugin v26.8 - https:\/\/yoast.com\/product\/yoast-seo-wordpress\/ -->\n<title>Montura Presanella Pants homme - Pantalons longs - MioMioRun<\/title>\n<meta name=\"description\" content=\"Pantalon long pour homme en tissu m\u00e9lang\u00e9 nylon et polyester Softshell DWR 4-way-stretch. V\u00eatement id\u00e9al pour l&#039;alpinisme et diverses activit\u00e9s de plein air.\" \/>\n<meta name=\"robots\" content=\"index, follow, max-snippet:-1, max-image-preview:large, max-video-preview:-1\" \/>\n<link rel=\"canonical\" href=\"https:\/\/www.miomiorun.com\/fr\/produit\/montura-presanella-pants-homme\/\" \/>\n<meta property=\"og:locale\" content=\"fr_FR\" \/>\n<meta property=\"og:type\" content=\"article\" \/>\n<meta property=\"og:title\" content=\"Montura Presanella Pants homme - Pantalons longs - MioMioRun\" \/>\n<meta property=\"og:description\" content=\"Pantalon long pour homme en tissu m\u00e9lang\u00e9 nylon et polyester Softshell DWR 4-way-stretch. V\u00eatement id\u00e9al pour l&#039;alpinisme et diverses activit\u00e9s de plein air.\" \/>\n<meta property=\"og:url\" content=\"https:\/\/www.miomiorun.com\/fr\/produit\/montura-presanella-pants-homme\/\" \/>\n<meta property=\"og:site_name\" content=\"MioMioRun\" \/>\n<meta property=\"article:publisher\" content=\"https:\/\/www.facebook.com\/miomiorun\/\" \/>\n<meta property=\"article:modified_time\" content=\"2025-12-11T18:17:57+00:00\" \/>\n<meta property=\"og:image\" content=\"https:\/\/www.miomiorun.com\/app\/uploads\/2020\/10\/montura-presanella-MPLA80X-9093.jpg\" \/>\n\t<meta property=\"og:image:width\" content=\"600\" \/>\n\t<meta property=\"og:image:height\" content=\"600\" \/>\n\t<meta property=\"og:image:type\" content=\"image\/jpeg\" \/>\n<meta name=\"twitter:card\" content=\"summary_large_image\" \/>\n<meta name=\"twitter:label1\" content=\"Est. reading time\" \/>\n\t<meta name=\"twitter:data1\" content=\"1 minute\" \/>\n<script type=\"application\/ld+json\" class=\"yoast-schema-graph\">{\"@context\":\"https:\/\/schema.org\",\"@graph\":[{\"@type\":\"WebPage\",\"@id\":\"https:\/\/www.miomiorun.com\/fr\/produit\/montura-presanella-pants-homme\/\",\"url\":\"https:\/\/www.miomiorun.com\/fr\/produit\/montura-presanella-pants-homme\/\",\"name\":\"Montura Presanella Pants homme - Pantalons longs - MioMioRun\",\"isPartOf\":{\"@id\":\"https:\/\/www.miomiorun.com\/fr\/#website\"},\"primaryImageOfPage\":{\"@id\":\"https:\/\/www.miomiorun.com\/fr\/produit\/montura-presanella-pants-homme\/#primaryimage\"},\"image\":{\"@id\":\"https:\/\/www.miomiorun.com\/fr\/produit\/montura-presanella-pants-homme\/#primaryimage\"},\"thumbnailUrl\":\"https:\/\/www.miomiorun.com\/app\/uploads\/2020\/10\/montura-presanella-MPLA80X-9093.jpg\",\"datePublished\":\"2020-10-24T14:56:34+00:00\",\"dateModified\":\"2025-12-11T18:17:57+00:00\",\"description\":\"Pantalon long pour homme en tissu m\u00e9lang\u00e9 nylon et polyester Softshell DWR 4-way-stretch. V\u00eatement id\u00e9al pour l'alpinisme et diverses activit\u00e9s de plein air.\",\"breadcrumb\":{\"@id\":\"https:\/\/www.miomiorun.com\/fr\/produit\/montura-presanella-pants-homme\/#breadcrumb\"},\"inLanguage\":\"fr-FR\",\"potentialAction\":[{\"@type\":\"ReadAction\",\"target\":[\"https:\/\/www.miomiorun.com\/fr\/produit\/montura-presanella-pants-homme\/\"]}]},{\"@type\":\"ImageObject\",\"inLanguage\":\"fr-FR\",\"@id\":\"https:\/\/www.miomiorun.com\/fr\/produit\/montura-presanella-pants-homme\/#primaryimage\",\"url\":\"https:\/\/www.miomiorun.com\/app\/uploads\/2020\/10\/montura-presanella-MPLA80X-9093.jpg\",\"contentUrl\":\"https:\/\/www.miomiorun.com\/app\/uploads\/2020\/10\/montura-presanella-MPLA80X-9093.jpg\",\"width\":600,\"height\":600,\"caption\":\"montura presanella fronte\"},{\"@type\":\"BreadcrumbList\",\"@id\":\"https:\/\/www.miomiorun.com\/fr\/produit\/montura-presanella-pants-homme\/#breadcrumb\",\"itemListElement\":[{\"@type\":\"ListItem\",\"position\":1,\"name\":\"Home\",\"item\":\"https:\/\/www.miomiorun.com\/fr\/home-page\/\"},{\"@type\":\"ListItem\",\"position\":2,\"name\":\"Shop\",\"item\":\"https:\/\/www.miomiorun.com\/shop\/\"},{\"@type\":\"ListItem\",\"position\":3,\"name\":\"Presanella Pants homme\"}]},{\"@type\":\"WebSite\",\"@id\":\"https:\/\/www.miomiorun.com\/fr\/#website\",\"url\":\"https:\/\/www.miomiorun.com\/fr\/\",\"name\":\"MioMioRun\",\"description\":\"Boutique 100% running et trail\",\"publisher\":{\"@id\":\"https:\/\/www.miomiorun.com\/fr\/#organization\"},\"potentialAction\":[{\"@type\":\"SearchAction\",\"target\":{\"@type\":\"EntryPoint\",\"urlTemplate\":\"https:\/\/www.miomiorun.com\/fr\/?s={search_term_string}\"},\"query-input\":{\"@type\":\"PropertyValueSpecification\",\"valueRequired\":true,\"valueName\":\"search_term_string\"}}],\"inLanguage\":\"fr-FR\"},{\"@type\":\"Organization\",\"@id\":\"https:\/\/www.miomiorun.com\/fr\/#organization\",\"name\":\"MioMio Run\",\"url\":\"https:\/\/www.miomiorun.com\/fr\/\",\"logo\":{\"@type\":\"ImageObject\",\"inLanguage\":\"fr-FR\",\"@id\":\"https:\/\/www.miomiorun.com\/fr\/#\/schema\/logo\/image\/\",\"url\":\"https:\/\/www.miomiorun.com\/app\/uploads\/2019\/12\/logomio.png\",\"contentUrl\":\"https:\/\/www.miomiorun.com\/app\/uploads\/2019\/12\/logomio.png\",\"width\":115,\"height\":82,\"caption\":\"MioMio Run\"},\"image\":{\"@id\":\"https:\/\/www.miomiorun.com\/fr\/#\/schema\/logo\/image\/\"},\"sameAs\":[\"https:\/\/www.facebook.com\/miomiorun\/\",\"https:\/\/www.instagram.com\/miomiorun\/\"]}]}<\/script>\n<!-- \/ Yoast SEO plugin. -->","yoast_head_json":{"title":"Montura Presanella Pants homme - Pantalons longs - MioMioRun","description":"Pantalon long pour homme en tissu m\u00e9lang\u00e9 nylon et polyester Softshell DWR 4-way-stretch. V\u00eatement id\u00e9al pour l'alpinisme et diverses activit\u00e9s de plein air.","robots":{"index":"index","follow":"follow","max-snippet":"max-snippet:-1","max-image-preview":"max-image-preview:large","max-video-preview":"max-video-preview:-1"},"canonical":"https:\/\/www.miomiorun.com\/fr\/produit\/montura-presanella-pants-homme\/","og_locale":"fr_FR","og_type":"article","og_title":"Montura Presanella Pants homme - Pantalons longs - MioMioRun","og_description":"Pantalon long pour homme en tissu m\u00e9lang\u00e9 nylon et polyester Softshell DWR 4-way-stretch. V\u00eatement id\u00e9al pour l'alpinisme et diverses activit\u00e9s de plein air.","og_url":"https:\/\/www.miomiorun.com\/fr\/produit\/montura-presanella-pants-homme\/","og_site_name":"MioMioRun","article_publisher":"https:\/\/www.facebook.com\/miomiorun\/","article_modified_time":"2025-12-11T18:17:57+00:00","og_image":[{"width":600,"height":600,"url":"https:\/\/www.miomiorun.com\/app\/uploads\/2020\/10\/montura-presanella-MPLA80X-9093.jpg","type":"image\/jpeg"}],"twitter_card":"summary_large_image","twitter_misc":{"Est. reading time":"1 minute"},"schema":{"@context":"https:\/\/schema.org","@graph":[{"@type":"WebPage","@id":"https:\/\/www.miomiorun.com\/fr\/produit\/montura-presanella-pants-homme\/","url":"https:\/\/www.miomiorun.com\/fr\/produit\/montura-presanella-pants-homme\/","name":"Montura Presanella Pants homme - Pantalons longs - MioMioRun","isPartOf":{"@id":"https:\/\/www.miomiorun.com\/fr\/#website"},"primaryImageOfPage":{"@id":"https:\/\/www.miomiorun.com\/fr\/produit\/montura-presanella-pants-homme\/#primaryimage"},"image":{"@id":"https:\/\/www.miomiorun.com\/fr\/produit\/montura-presanella-pants-homme\/#primaryimage"},"thumbnailUrl":"https:\/\/www.miomiorun.com\/app\/uploads\/2020\/10\/montura-presanella-MPLA80X-9093.jpg","datePublished":"2020-10-24T14:56:34+00:00","dateModified":"2025-12-11T18:17:57+00:00","description":"Pantalon long pour homme en tissu m\u00e9lang\u00e9 nylon et polyester Softshell DWR 4-way-stretch. V\u00eatement id\u00e9al pour l'alpinisme et diverses activit\u00e9s de plein air.","breadcrumb":{"@id":"https:\/\/www.miomiorun.com\/fr\/produit\/montura-presanella-pants-homme\/#breadcrumb"},"inLanguage":"fr-FR","potentialAction":[{"@type":"ReadAction","target":["https:\/\/www.miomiorun.com\/fr\/produit\/montura-presanella-pants-homme\/"]}]},{"@type":"ImageObject","inLanguage":"fr-FR","@id":"https:\/\/www.miomiorun.com\/fr\/produit\/montura-presanella-pants-homme\/#primaryimage","url":"https:\/\/www.miomiorun.com\/app\/uploads\/2020\/10\/montura-presanella-MPLA80X-9093.jpg","contentUrl":"https:\/\/www.miomiorun.com\/app\/uploads\/2020\/10\/montura-presanella-MPLA80X-9093.jpg","width":600,"height":600,"caption":"montura presanella fronte"},{"@type":"BreadcrumbList","@id":"https:\/\/www.miomiorun.com\/fr\/produit\/montura-presanella-pants-homme\/#breadcrumb","itemListElement":[{"@type":"ListItem","position":1,"name":"Home","item":"https:\/\/www.miomiorun.com\/fr\/home-page\/"},{"@type":"ListItem","position":2,"name":"Shop","item":"https:\/\/www.miomiorun.com\/shop\/"},{"@type":"ListItem","position":3,"name":"Presanella Pants homme"}]},{"@type":"WebSite","@id":"https:\/\/www.miomiorun.com\/fr\/#website","url":"https:\/\/www.miomiorun.com\/fr\/","name":"MioMioRun","description":"Boutique 100% running et trail","publisher":{"@id":"https:\/\/www.miomiorun.com\/fr\/#organization"},"potentialAction":[{"@type":"SearchAction","target":{"@type":"EntryPoint","urlTemplate":"https:\/\/www.miomiorun.com\/fr\/?s={search_term_string}"},"query-input":{"@type":"PropertyValueSpecification","valueRequired":true,"valueName":"search_term_string"}}],"inLanguage":"fr-FR"},{"@type":"Organization","@id":"https:\/\/www.miomiorun.com\/fr\/#organization","name":"MioMio Run","url":"https:\/\/www.miomiorun.com\/fr\/","logo":{"@type":"ImageObject","inLanguage":"fr-FR","@id":"https:\/\/www.miomiorun.com\/fr\/#\/schema\/logo\/image\/","url":"https:\/\/www.miomiorun.com\/app\/uploads\/2019\/12\/logomio.png","contentUrl":"https:\/\/www.miomiorun.com\/app\/uploads\/2019\/12\/logomio.png","width":115,"height":82,"caption":"MioMio Run"},"image":{"@id":"https:\/\/www.miomiorun.com\/fr\/#\/schema\/logo\/image\/"},"sameAs":["https:\/\/www.facebook.com\/miomiorun\/","https:\/\/www.instagram.com\/miomiorun\/"]}]}},"_links":{"self":[{"href":"https:\/\/www.miomiorun.com\/fr\/wp-json\/wp\/v2\/product\/276225","targetHints":{"allow":["GET"]}}],"collection":[{"href":"https:\/\/www.miomiorun.com\/fr\/wp-json\/wp\/v2\/product"}],"about":[{"href":"https:\/\/www.miomiorun.com\/fr\/wp-json\/wp\/v2\/types\/product"}],"wp:featuredmedia":[{"embeddable":true,"href":"https:\/\/www.miomiorun.com\/fr\/wp-json\/wp\/v2\/media\/230791"}],"wp:attachment":[{"href":"https:\/\/www.miomiorun.com\/fr\/wp-json\/wp\/v2\/media?parent=276225"}],"wp:term":[{"taxonomy":"product_brand","embeddable":true,"href":"https:\/\/www.miomiorun.com\/fr\/wp-json\/wp\/v2\/product_brand?post=276225"},{"taxonomy":"product_cat","embeddable":true,"href":"https:\/\/www.miomiorun.com\/fr\/wp-json\/wp\/v2\/product_cat?post=276225"},{"taxonomy":"product_tag","embeddable":true,"href":"https:\/\/www.miomiorun.com\/fr\/wp-json\/wp\/v2\/product_tag?post=276225"}],"curies":[{"name":"wp","href":"https:\/\/api.w.org\/{rel}","templated":true}]}}