{"id":276180,"date":"2020-10-27T18:57:06","date_gmt":"2020-10-27T17:57:06","guid":{"rendered":"https:\/\/miomiorun.com\/prodotto\/cep-no-show-socks-3-0-uomo\/"},"modified":"2026-01-21T10:36:25","modified_gmt":"2026-01-21T09:36:25","slug":"cep-no-show-socks-3-0-homme","status":"publish","type":"product","link":"https:\/\/www.miomiorun.com\/fr\/produit\/cep-no-show-socks-3-0-homme\/","title":{"rendered":"No Show Socks 3.0 homme"},"content":{"rendered":"<p>Les chaussettes CEP Compression No Show Socks 3.0 pour hommes offrent un confort sup\u00e9rieur que vous pouvez difficilement voir. Notre m\u00e9lange de mat\u00e9riaux \u00e9prouv\u00e9 aide \u00e0 pr\u00e9venir les ampoules en offrant un ajustement parfait. Nos chaussettes de compression invisibles pour coureurs offrent un ajustement parfait sans coutures, sp\u00e9cialement con\u00e7u pour le confort et la performance. Int\u00e9gr\u00e9es \u00e0 nos fibres haut de gamme absorbant l&#8217;humidit\u00e9, vous ne trouverez pas de meilleures chaussettes de sport de compression.<\/p>\n<ul>\n<li>Compression cibl\u00e9e pour soulager les gonflements et les douleurs<\/li>\n<li>Le rembourrage performant le long de la semelle emp\u00eache la formation d&#8217;ampoules.<\/li>\n<li>La gestion climatique HEIQ rafra\u00eechit la peau pendant l&#8217;activit\u00e9 physique.<\/li>\n<li>Hauteur sans talon avec languette au talon pour un ajustement antid\u00e9rapant<\/li>\n<li>Les fils respirants sont r\u00e9sistants et durables.<\/li>\n<li>Compression sur le pied pour soulager la fasciite plantaire<\/li>\n<\/ul>\n<p>Mat\u00e9riau : 90 % polyamide, 10 % \u00e9lasthanne<\/p>\n<ul>\n<li>I filati traspiranti sono resistenti e durevoli<\/li>\n<li>Compressione sul piede per alleviare la fascite plantare<\/li>\n<\/ul>\n<p>Materiale: 90% poliammide, 10% elastan<\/p>\n","protected":false},"excerpt":{"rendered":"<p>Les chaussettes CEP Compression No Show Socks 3.0 pour hommes offrent un confort sup\u00e9rieur que vous pouvez difficilement voir. Notre m\u00e9lange de mat\u00e9riaux \u00e9prouv\u00e9 aide \u00e0 pr\u00e9venir les ampoules en offrant un ajustement parfait. Nos chaussettes de compression invisibles pour coureurs offrent un ajustement parfait sans coutures, sp\u00e9cialement con\u00e7u pour le confort et la performance. &hellip; <a href=\"https:\/\/www.miomiorun.com\/fr\/produit\/cep-no-show-socks-3-0-homme\/\">Continued<\/a><\/p>\n","protected":false},"featured_media":230905,"template":"","meta":{"_acf_changed":false,"inline_featured_image":false},"product_brand":[],"product_cat":[24256,24482,24484],"product_tag":[23469,23649],"class_list":{"0":"post-276180","1":"product","2":"type-product","3":"status-publish","4":"has-post-thumbnail","6":"product_cat-chaussettes-fr","7":"product_cat-vetements-pour-hommes-fr","8":"product_cat-homme","9":"product_tag-cep-fr","10":"product_tag-cep-homme","11":"pa_attivita-fitness-fr","12":"pa_attivita-marcher","13":"pa_attivita-running-fr","14":"pa_colore-no-show-compression-socks-3-0-m-lime-light-grey-fr","15":"pa_marca-cep-fr","16":"pa_sesso-homme","17":"pa_size-45-48-fr","19":"first","20":"instock","21":"sale","22":"taxable","23":"shipping-taxable","24":"purchasable","25":"product-type-variable","26":"wvs-archive-product-wrapper"},"acf":[],"yoast_head":"<!-- This site is optimized with the Yoast SEO plugin v26.8 - https:\/\/yoast.com\/product\/yoast-seo-wordpress\/ -->\n<title>Cep No Show Socks 3.0 homme - Chaussettes de course - MioMioRun<\/title>\n<meta name=\"description\" content=\"Les chaussettes CEP Compression No Show Socks 3.0 pour homme offrent un confort sup\u00e9rieur. Le m\u00e9lange de mat\u00e9riaux aide \u00e0 pr\u00e9venir les ampoules en assurant un ajustement parfait.\" \/>\n<meta name=\"robots\" content=\"index, follow, max-snippet:-1, max-image-preview:large, max-video-preview:-1\" \/>\n<link rel=\"canonical\" href=\"https:\/\/www.miomiorun.com\/fr\/produit\/cep-no-show-socks-3-0-homme\/\" \/>\n<meta property=\"og:locale\" content=\"fr_FR\" \/>\n<meta property=\"og:type\" content=\"article\" \/>\n<meta property=\"og:title\" content=\"Cep No Show Socks 3.0 homme - Chaussettes de course - MioMioRun\" \/>\n<meta property=\"og:description\" content=\"Les chaussettes CEP Compression No Show Socks 3.0 pour homme offrent un confort sup\u00e9rieur. Le m\u00e9lange de mat\u00e9riaux aide \u00e0 pr\u00e9venir les ampoules en assurant un ajustement parfait.\" \/>\n<meta property=\"og:url\" content=\"https:\/\/www.miomiorun.com\/fr\/produit\/cep-no-show-socks-3-0-homme\/\" \/>\n<meta property=\"og:site_name\" content=\"MioMioRun\" \/>\n<meta property=\"article:publisher\" content=\"https:\/\/www.facebook.com\/miomiorun\/\" \/>\n<meta property=\"article:modified_time\" content=\"2026-01-21T09:36:25+00:00\" \/>\n<meta property=\"og:image\" content=\"https:\/\/www.miomiorun.com\/app\/uploads\/2020\/10\/cep-No-Show-Compression-Socks-3.0-WP56EX.jpg\" \/>\n\t<meta property=\"og:image:width\" content=\"600\" \/>\n\t<meta property=\"og:image:height\" content=\"600\" \/>\n\t<meta property=\"og:image:type\" content=\"image\/jpeg\" \/>\n<meta name=\"twitter:card\" content=\"summary_large_image\" \/>\n<meta name=\"twitter:label1\" content=\"Est. reading time\" \/>\n\t<meta name=\"twitter:data1\" content=\"1 minute\" \/>\n<script type=\"application\/ld+json\" class=\"yoast-schema-graph\">{\"@context\":\"https:\/\/schema.org\",\"@graph\":[{\"@type\":\"WebPage\",\"@id\":\"https:\/\/www.miomiorun.com\/fr\/produit\/cep-no-show-socks-3-0-homme\/\",\"url\":\"https:\/\/www.miomiorun.com\/fr\/produit\/cep-no-show-socks-3-0-homme\/\",\"name\":\"Cep No Show Socks 3.0 homme - Chaussettes de course - MioMioRun\",\"isPartOf\":{\"@id\":\"https:\/\/www.miomiorun.com\/fr\/#website\"},\"primaryImageOfPage\":{\"@id\":\"https:\/\/www.miomiorun.com\/fr\/produit\/cep-no-show-socks-3-0-homme\/#primaryimage\"},\"image\":{\"@id\":\"https:\/\/www.miomiorun.com\/fr\/produit\/cep-no-show-socks-3-0-homme\/#primaryimage\"},\"thumbnailUrl\":\"https:\/\/www.miomiorun.com\/app\/uploads\/2020\/10\/cep-No-Show-Compression-Socks-3.0-WP56EX.jpg\",\"datePublished\":\"2020-10-27T17:57:06+00:00\",\"dateModified\":\"2026-01-21T09:36:25+00:00\",\"description\":\"Les chaussettes CEP Compression No Show Socks 3.0 pour homme offrent un confort sup\u00e9rieur. Le m\u00e9lange de mat\u00e9riaux aide \u00e0 pr\u00e9venir les ampoules en assurant un ajustement parfait.\",\"breadcrumb\":{\"@id\":\"https:\/\/www.miomiorun.com\/fr\/produit\/cep-no-show-socks-3-0-homme\/#breadcrumb\"},\"inLanguage\":\"fr-FR\",\"potentialAction\":[{\"@type\":\"ReadAction\",\"target\":[\"https:\/\/www.miomiorun.com\/fr\/produit\/cep-no-show-socks-3-0-homme\/\"]}]},{\"@type\":\"ImageObject\",\"inLanguage\":\"fr-FR\",\"@id\":\"https:\/\/www.miomiorun.com\/fr\/produit\/cep-no-show-socks-3-0-homme\/#primaryimage\",\"url\":\"https:\/\/www.miomiorun.com\/app\/uploads\/2020\/10\/cep-No-Show-Compression-Socks-3.0-WP56EX.jpg\",\"contentUrl\":\"https:\/\/www.miomiorun.com\/app\/uploads\/2020\/10\/cep-No-Show-Compression-Socks-3.0-WP56EX.jpg\",\"width\":600,\"height\":600,\"caption\":\"cep no show compression socks\"},{\"@type\":\"BreadcrumbList\",\"@id\":\"https:\/\/www.miomiorun.com\/fr\/produit\/cep-no-show-socks-3-0-homme\/#breadcrumb\",\"itemListElement\":[{\"@type\":\"ListItem\",\"position\":1,\"name\":\"Home\",\"item\":\"https:\/\/www.miomiorun.com\/fr\/home-page\/\"},{\"@type\":\"ListItem\",\"position\":2,\"name\":\"Shop\",\"item\":\"https:\/\/www.miomiorun.com\/shop\/\"},{\"@type\":\"ListItem\",\"position\":3,\"name\":\"No Show Socks 3.0 homme\"}]},{\"@type\":\"WebSite\",\"@id\":\"https:\/\/www.miomiorun.com\/fr\/#website\",\"url\":\"https:\/\/www.miomiorun.com\/fr\/\",\"name\":\"MioMioRun\",\"description\":\"Boutique 100% running et trail\",\"publisher\":{\"@id\":\"https:\/\/www.miomiorun.com\/fr\/#organization\"},\"potentialAction\":[{\"@type\":\"SearchAction\",\"target\":{\"@type\":\"EntryPoint\",\"urlTemplate\":\"https:\/\/www.miomiorun.com\/fr\/?s={search_term_string}\"},\"query-input\":{\"@type\":\"PropertyValueSpecification\",\"valueRequired\":true,\"valueName\":\"search_term_string\"}}],\"inLanguage\":\"fr-FR\"},{\"@type\":\"Organization\",\"@id\":\"https:\/\/www.miomiorun.com\/fr\/#organization\",\"name\":\"MioMio Run\",\"url\":\"https:\/\/www.miomiorun.com\/fr\/\",\"logo\":{\"@type\":\"ImageObject\",\"inLanguage\":\"fr-FR\",\"@id\":\"https:\/\/www.miomiorun.com\/fr\/#\/schema\/logo\/image\/\",\"url\":\"https:\/\/www.miomiorun.com\/app\/uploads\/2019\/12\/logomio.png\",\"contentUrl\":\"https:\/\/www.miomiorun.com\/app\/uploads\/2019\/12\/logomio.png\",\"width\":115,\"height\":82,\"caption\":\"MioMio Run\"},\"image\":{\"@id\":\"https:\/\/www.miomiorun.com\/fr\/#\/schema\/logo\/image\/\"},\"sameAs\":[\"https:\/\/www.facebook.com\/miomiorun\/\",\"https:\/\/www.instagram.com\/miomiorun\/\"]}]}<\/script>\n<!-- \/ Yoast SEO plugin. -->","yoast_head_json":{"title":"Cep No Show Socks 3.0 homme - Chaussettes de course - MioMioRun","description":"Les chaussettes CEP Compression No Show Socks 3.0 pour homme offrent un confort sup\u00e9rieur. Le m\u00e9lange de mat\u00e9riaux aide \u00e0 pr\u00e9venir les ampoules en assurant un ajustement parfait.","robots":{"index":"index","follow":"follow","max-snippet":"max-snippet:-1","max-image-preview":"max-image-preview:large","max-video-preview":"max-video-preview:-1"},"canonical":"https:\/\/www.miomiorun.com\/fr\/produit\/cep-no-show-socks-3-0-homme\/","og_locale":"fr_FR","og_type":"article","og_title":"Cep No Show Socks 3.0 homme - Chaussettes de course - MioMioRun","og_description":"Les chaussettes CEP Compression No Show Socks 3.0 pour homme offrent un confort sup\u00e9rieur. Le m\u00e9lange de mat\u00e9riaux aide \u00e0 pr\u00e9venir les ampoules en assurant un ajustement parfait.","og_url":"https:\/\/www.miomiorun.com\/fr\/produit\/cep-no-show-socks-3-0-homme\/","og_site_name":"MioMioRun","article_publisher":"https:\/\/www.facebook.com\/miomiorun\/","article_modified_time":"2026-01-21T09:36:25+00:00","og_image":[{"width":600,"height":600,"url":"https:\/\/www.miomiorun.com\/app\/uploads\/2020\/10\/cep-No-Show-Compression-Socks-3.0-WP56EX.jpg","type":"image\/jpeg"}],"twitter_card":"summary_large_image","twitter_misc":{"Est. reading time":"1 minute"},"schema":{"@context":"https:\/\/schema.org","@graph":[{"@type":"WebPage","@id":"https:\/\/www.miomiorun.com\/fr\/produit\/cep-no-show-socks-3-0-homme\/","url":"https:\/\/www.miomiorun.com\/fr\/produit\/cep-no-show-socks-3-0-homme\/","name":"Cep No Show Socks 3.0 homme - Chaussettes de course - MioMioRun","isPartOf":{"@id":"https:\/\/www.miomiorun.com\/fr\/#website"},"primaryImageOfPage":{"@id":"https:\/\/www.miomiorun.com\/fr\/produit\/cep-no-show-socks-3-0-homme\/#primaryimage"},"image":{"@id":"https:\/\/www.miomiorun.com\/fr\/produit\/cep-no-show-socks-3-0-homme\/#primaryimage"},"thumbnailUrl":"https:\/\/www.miomiorun.com\/app\/uploads\/2020\/10\/cep-No-Show-Compression-Socks-3.0-WP56EX.jpg","datePublished":"2020-10-27T17:57:06+00:00","dateModified":"2026-01-21T09:36:25+00:00","description":"Les chaussettes CEP Compression No Show Socks 3.0 pour homme offrent un confort sup\u00e9rieur. Le m\u00e9lange de mat\u00e9riaux aide \u00e0 pr\u00e9venir les ampoules en assurant un ajustement parfait.","breadcrumb":{"@id":"https:\/\/www.miomiorun.com\/fr\/produit\/cep-no-show-socks-3-0-homme\/#breadcrumb"},"inLanguage":"fr-FR","potentialAction":[{"@type":"ReadAction","target":["https:\/\/www.miomiorun.com\/fr\/produit\/cep-no-show-socks-3-0-homme\/"]}]},{"@type":"ImageObject","inLanguage":"fr-FR","@id":"https:\/\/www.miomiorun.com\/fr\/produit\/cep-no-show-socks-3-0-homme\/#primaryimage","url":"https:\/\/www.miomiorun.com\/app\/uploads\/2020\/10\/cep-No-Show-Compression-Socks-3.0-WP56EX.jpg","contentUrl":"https:\/\/www.miomiorun.com\/app\/uploads\/2020\/10\/cep-No-Show-Compression-Socks-3.0-WP56EX.jpg","width":600,"height":600,"caption":"cep no show compression socks"},{"@type":"BreadcrumbList","@id":"https:\/\/www.miomiorun.com\/fr\/produit\/cep-no-show-socks-3-0-homme\/#breadcrumb","itemListElement":[{"@type":"ListItem","position":1,"name":"Home","item":"https:\/\/www.miomiorun.com\/fr\/home-page\/"},{"@type":"ListItem","position":2,"name":"Shop","item":"https:\/\/www.miomiorun.com\/shop\/"},{"@type":"ListItem","position":3,"name":"No Show Socks 3.0 homme"}]},{"@type":"WebSite","@id":"https:\/\/www.miomiorun.com\/fr\/#website","url":"https:\/\/www.miomiorun.com\/fr\/","name":"MioMioRun","description":"Boutique 100% running et trail","publisher":{"@id":"https:\/\/www.miomiorun.com\/fr\/#organization"},"potentialAction":[{"@type":"SearchAction","target":{"@type":"EntryPoint","urlTemplate":"https:\/\/www.miomiorun.com\/fr\/?s={search_term_string}"},"query-input":{"@type":"PropertyValueSpecification","valueRequired":true,"valueName":"search_term_string"}}],"inLanguage":"fr-FR"},{"@type":"Organization","@id":"https:\/\/www.miomiorun.com\/fr\/#organization","name":"MioMio Run","url":"https:\/\/www.miomiorun.com\/fr\/","logo":{"@type":"ImageObject","inLanguage":"fr-FR","@id":"https:\/\/www.miomiorun.com\/fr\/#\/schema\/logo\/image\/","url":"https:\/\/www.miomiorun.com\/app\/uploads\/2019\/12\/logomio.png","contentUrl":"https:\/\/www.miomiorun.com\/app\/uploads\/2019\/12\/logomio.png","width":115,"height":82,"caption":"MioMio Run"},"image":{"@id":"https:\/\/www.miomiorun.com\/fr\/#\/schema\/logo\/image\/"},"sameAs":["https:\/\/www.facebook.com\/miomiorun\/","https:\/\/www.instagram.com\/miomiorun\/"]}]}},"_links":{"self":[{"href":"https:\/\/www.miomiorun.com\/fr\/wp-json\/wp\/v2\/product\/276180","targetHints":{"allow":["GET"]}}],"collection":[{"href":"https:\/\/www.miomiorun.com\/fr\/wp-json\/wp\/v2\/product"}],"about":[{"href":"https:\/\/www.miomiorun.com\/fr\/wp-json\/wp\/v2\/types\/product"}],"wp:featuredmedia":[{"embeddable":true,"href":"https:\/\/www.miomiorun.com\/fr\/wp-json\/wp\/v2\/media\/230905"}],"wp:attachment":[{"href":"https:\/\/www.miomiorun.com\/fr\/wp-json\/wp\/v2\/media?parent=276180"}],"wp:term":[{"taxonomy":"product_brand","embeddable":true,"href":"https:\/\/www.miomiorun.com\/fr\/wp-json\/wp\/v2\/product_brand?post=276180"},{"taxonomy":"product_cat","embeddable":true,"href":"https:\/\/www.miomiorun.com\/fr\/wp-json\/wp\/v2\/product_cat?post=276180"},{"taxonomy":"product_tag","embeddable":true,"href":"https:\/\/www.miomiorun.com\/fr\/wp-json\/wp\/v2\/product_tag?post=276180"}],"curies":[{"name":"wp","href":"https:\/\/api.w.org\/{rel}","templated":true}]}}