{"id":276166,"date":"2020-10-27T19:18:48","date_gmt":"2020-10-27T18:18:48","guid":{"rendered":"https:\/\/miomiorun.com\/prodotto\/cep-ultralight-low-cut-socks-uomo\/"},"modified":"2026-01-21T10:38:04","modified_gmt":"2026-01-21T09:38:04","slug":"cep-ultralight-low-cut-socks-homme","status":"publish","type":"product","link":"https:\/\/www.miomiorun.com\/fr\/produit\/cep-ultralight-low-cut-socks-homme\/","title":{"rendered":"Ultralight Low Cut Socks homme"},"content":{"rendered":"<p>Gr\u00e2ce \u00e0 leur design ajust\u00e9 et \u00e0 leurs mat\u00e9riaux de pointe, ces chaussettes sont con\u00e7ues pour r\u00e9duire au minimum le risque d&#8217;ampoules, vous offrant un confort maximal m\u00eame lors des s\u00e9ances les plus intenses. Le tissu ultra-fin, l\u00e9ger et hautement respirant assure une gestion optimale de la temp\u00e9rature et de l&#8217;humidit\u00e9, gardant vos pieds au sec et au frais. Le <strong>PROFIL ANTID\u00c9RAPANTE<\/strong>, avec ses lamelles en zigzag, garantit une adh\u00e9rence parfaite \u00e0 la chaussure pour un contr\u00f4le sup\u00e9rieur pendant la course.<\/p>\n<h3>Description du produit<\/h3>\n<h4>Confort et performance : chaussettes Ultralight Socks Low Cut pour homme<\/h4>\n<p>Les chaussettes Ultralight Low Cut sont votre alli\u00e9 id\u00e9al pour les journ\u00e9es les plus chaudes. Parfaites pour l&#8217;entra\u00eenement comme pour la comp\u00e9tition, ces chaussettes offrent un ajustement anatomique et compressif qui non seulement r\u00e9duit le risque d&#8217;ampoules, mais optimise \u00e9galement le confort et le maintien. Gr\u00e2ce \u00e0 leur technologie innovante, elles vous permettent de vous concentrer uniquement sur la course et vos objectifs.<\/p>\n<h4>Id\u00e9ales pour l&#8217;\u00e9t\u00e9<\/h4>\n<p>Con\u00e7ues pour les climats chauds, ces chaussettes ultral\u00e9g\u00e8res sont si confortables que vous les sentirez \u00e0 peine. Leur mati\u00e8re technique avanc\u00e9e garde vos pieds au frais et au sec, m\u00eame sur les plus longues distances. Oubliez l&#8217;inconfort des pieds surchauff\u00e9s et foncez vers votre nouveau record personnel !<\/p>\n<h4>Contr\u00f4le total<\/h4>\n<p>Un pied stable est synonyme de puissance et de pr\u00e9cision. Gr\u00e2ce au <strong>PROFIL ANTID\u00c9RAPANTE<\/strong>, les lamelles en zigzag assurent une adh\u00e9rence optimale \u00e0 la chaussure, am\u00e9liorant la stabilit\u00e9 et le transfert d&#8217;\u00e9nergie \u00e0 chaque foul\u00e9e.<\/p>\n<h3>Mat\u00e9riaux<\/h3>\n<ul>\n<li>84 % polyamide<\/li>\n<li>16 % \u00e9lasthanne<\/li>\n<\/ul>\n<p>Ne passez pas \u00e0 c\u00f4t\u00e9 de ces chaussettes id\u00e9ales pour la course \u00e0 pied et commandez-les d\u00e8s aujourd&#8217;hui !<\/p>\n","protected":false},"excerpt":{"rendered":"<ul>\n<li><strong>Anti-ampoules et confort optimal<\/strong> : la coupe compressive et anatomique minimise le risque d&#8217;ampoules, m\u00eame lors des courses les plus intenses.\n<li><strong>Mat\u00e9riaux ultra-l\u00e9gers et respirants<\/strong> : parfaits pour les journ\u00e9es chaudes, ils garantissent des pieds frais et secs, m\u00eame apr\u00e8s des kilom\u00e8tres de course. <\/li>\n<li><strong>Contr\u00f4le total dans la chaussure<\/strong> : le profil antid\u00e9rapant avec lamelles en zigzag offre une adh\u00e9rence sup\u00e9rieure, am\u00e9liorant la stabilit\u00e9 et la puissance de la foul\u00e9e. <\/li>\n<\/li>\n<\/ul>\n","protected":false},"featured_media":230917,"template":"","meta":{"_acf_changed":false,"inline_featured_image":false},"product_brand":[],"product_cat":[24256,24482,24484],"product_tag":[23469,23649],"class_list":{"0":"post-276166","1":"product","2":"type-product","3":"status-publish","4":"has-post-thumbnail","6":"product_cat-chaussettes-fr","7":"product_cat-vetements-pour-hommes-fr","8":"product_cat-homme","9":"product_tag-cep-fr","10":"product_tag-cep-homme","11":"pa_attivita-marcher","12":"pa_attivita-running-fr","13":"pa_colore-ultralight-compr-socks-low-cut-black-fr","14":"pa_colore-ultralight-compr-socks-low-cut-white-fr","15":"pa_colore-ultralight-low-cut-compression-m-black-light-grey-fr-2","16":"pa_colore-ultralight-low-cut-compression-m-electric-blue-light-grey-fr-2","17":"pa_colore-ultralight-lowcut-m-eleblu-green-fr","18":"pa_marca-cep-fr","19":"pa_sesso-homme","20":"pa_size-39-42-fr","21":"pa_size-42-45-fr","22":"pa_size-45-48-fr","24":"first","25":"instock","26":"sale","27":"taxable","28":"shipping-taxable","29":"purchasable","30":"product-type-variable","31":"wvs-archive-product-wrapper"},"acf":[],"yoast_head":"<!-- This site is optimized with the Yoast SEO plugin v26.8 - https:\/\/yoast.com\/product\/yoast-seo-wordpress\/ -->\n<title>Cep Ultralight Low Cut Socks homme - Chaussettes de course - MioMioRun<\/title>\n<meta name=\"description\" content=\"Chaussettes Ultralight Low Cut pour homme : l\u00e9g\u00e8res, respirantes et anti-ampoules, parfaites pour les courses estivales et un contr\u00f4le maximal dans la chaussure.\" \/>\n<meta name=\"robots\" content=\"index, follow, max-snippet:-1, max-image-preview:large, max-video-preview:-1\" \/>\n<link rel=\"canonical\" href=\"https:\/\/www.miomiorun.com\/fr\/produit\/cep-ultralight-low-cut-socks-homme\/\" \/>\n<meta property=\"og:locale\" content=\"fr_FR\" \/>\n<meta property=\"og:type\" content=\"article\" \/>\n<meta property=\"og:title\" content=\"Cep Ultralight Low Cut Socks homme - Chaussettes de course - MioMioRun\" \/>\n<meta property=\"og:description\" content=\"Chaussettes Ultralight Low Cut pour homme : l\u00e9g\u00e8res, respirantes et anti-ampoules, parfaites pour les courses estivales et un contr\u00f4le maximal dans la chaussure.\" \/>\n<meta property=\"og:url\" content=\"https:\/\/www.miomiorun.com\/fr\/produit\/cep-ultralight-low-cut-socks-homme\/\" \/>\n<meta property=\"og:site_name\" content=\"MioMioRun\" \/>\n<meta property=\"article:publisher\" content=\"https:\/\/www.facebook.com\/miomiorun\/\" \/>\n<meta property=\"article:modified_time\" content=\"2026-01-21T09:38:04+00:00\" \/>\n<meta property=\"og:image\" content=\"https:\/\/www.miomiorun.com\/app\/uploads\/2020\/10\/cep-Ultralight-Low-Cut-Compression-WP5AKY.jpg\" \/>\n\t<meta property=\"og:image:width\" content=\"600\" \/>\n\t<meta property=\"og:image:height\" content=\"600\" \/>\n\t<meta property=\"og:image:type\" content=\"image\/jpeg\" \/>\n<meta name=\"twitter:card\" content=\"summary_large_image\" \/>\n<meta name=\"twitter:label1\" content=\"Est. reading time\" \/>\n\t<meta name=\"twitter:data1\" content=\"1 minute\" \/>\n<script type=\"application\/ld+json\" class=\"yoast-schema-graph\">{\"@context\":\"https:\/\/schema.org\",\"@graph\":[{\"@type\":\"WebPage\",\"@id\":\"https:\/\/www.miomiorun.com\/fr\/produit\/cep-ultralight-low-cut-socks-homme\/\",\"url\":\"https:\/\/www.miomiorun.com\/fr\/produit\/cep-ultralight-low-cut-socks-homme\/\",\"name\":\"Cep Ultralight Low Cut Socks homme - Chaussettes de course - MioMioRun\",\"isPartOf\":{\"@id\":\"https:\/\/www.miomiorun.com\/fr\/#website\"},\"primaryImageOfPage\":{\"@id\":\"https:\/\/www.miomiorun.com\/fr\/produit\/cep-ultralight-low-cut-socks-homme\/#primaryimage\"},\"image\":{\"@id\":\"https:\/\/www.miomiorun.com\/fr\/produit\/cep-ultralight-low-cut-socks-homme\/#primaryimage\"},\"thumbnailUrl\":\"https:\/\/www.miomiorun.com\/app\/uploads\/2020\/10\/cep-Ultralight-Low-Cut-Compression-WP5AKY.jpg\",\"datePublished\":\"2020-10-27T18:18:48+00:00\",\"dateModified\":\"2026-01-21T09:38:04+00:00\",\"description\":\"Chaussettes Ultralight Low Cut pour homme : l\u00e9g\u00e8res, respirantes et anti-ampoules, parfaites pour les courses estivales et un contr\u00f4le maximal dans la chaussure.\",\"breadcrumb\":{\"@id\":\"https:\/\/www.miomiorun.com\/fr\/produit\/cep-ultralight-low-cut-socks-homme\/#breadcrumb\"},\"inLanguage\":\"fr-FR\",\"potentialAction\":[{\"@type\":\"ReadAction\",\"target\":[\"https:\/\/www.miomiorun.com\/fr\/produit\/cep-ultralight-low-cut-socks-homme\/\"]}]},{\"@type\":\"ImageObject\",\"inLanguage\":\"fr-FR\",\"@id\":\"https:\/\/www.miomiorun.com\/fr\/produit\/cep-ultralight-low-cut-socks-homme\/#primaryimage\",\"url\":\"https:\/\/www.miomiorun.com\/app\/uploads\/2020\/10\/cep-Ultralight-Low-Cut-Compression-WP5AKY.jpg\",\"contentUrl\":\"https:\/\/www.miomiorun.com\/app\/uploads\/2020\/10\/cep-Ultralight-Low-Cut-Compression-WP5AKY.jpg\",\"width\":600,\"height\":600,\"caption\":\"cep ultralight low cut compression\"},{\"@type\":\"BreadcrumbList\",\"@id\":\"https:\/\/www.miomiorun.com\/fr\/produit\/cep-ultralight-low-cut-socks-homme\/#breadcrumb\",\"itemListElement\":[{\"@type\":\"ListItem\",\"position\":1,\"name\":\"Home\",\"item\":\"https:\/\/www.miomiorun.com\/fr\/home-page\/\"},{\"@type\":\"ListItem\",\"position\":2,\"name\":\"Shop\",\"item\":\"https:\/\/www.miomiorun.com\/shop\/\"},{\"@type\":\"ListItem\",\"position\":3,\"name\":\"Ultralight Low Cut Socks homme\"}]},{\"@type\":\"WebSite\",\"@id\":\"https:\/\/www.miomiorun.com\/fr\/#website\",\"url\":\"https:\/\/www.miomiorun.com\/fr\/\",\"name\":\"MioMioRun\",\"description\":\"Boutique 100% running et trail\",\"publisher\":{\"@id\":\"https:\/\/www.miomiorun.com\/fr\/#organization\"},\"potentialAction\":[{\"@type\":\"SearchAction\",\"target\":{\"@type\":\"EntryPoint\",\"urlTemplate\":\"https:\/\/www.miomiorun.com\/fr\/?s={search_term_string}\"},\"query-input\":{\"@type\":\"PropertyValueSpecification\",\"valueRequired\":true,\"valueName\":\"search_term_string\"}}],\"inLanguage\":\"fr-FR\"},{\"@type\":\"Organization\",\"@id\":\"https:\/\/www.miomiorun.com\/fr\/#organization\",\"name\":\"MioMio Run\",\"url\":\"https:\/\/www.miomiorun.com\/fr\/\",\"logo\":{\"@type\":\"ImageObject\",\"inLanguage\":\"fr-FR\",\"@id\":\"https:\/\/www.miomiorun.com\/fr\/#\/schema\/logo\/image\/\",\"url\":\"https:\/\/www.miomiorun.com\/app\/uploads\/2019\/12\/logomio.png\",\"contentUrl\":\"https:\/\/www.miomiorun.com\/app\/uploads\/2019\/12\/logomio.png\",\"width\":115,\"height\":82,\"caption\":\"MioMio Run\"},\"image\":{\"@id\":\"https:\/\/www.miomiorun.com\/fr\/#\/schema\/logo\/image\/\"},\"sameAs\":[\"https:\/\/www.facebook.com\/miomiorun\/\",\"https:\/\/www.instagram.com\/miomiorun\/\"]}]}<\/script>\n<!-- \/ Yoast SEO plugin. -->","yoast_head_json":{"title":"Cep Ultralight Low Cut Socks homme - Chaussettes de course - MioMioRun","description":"Chaussettes Ultralight Low Cut pour homme : l\u00e9g\u00e8res, respirantes et anti-ampoules, parfaites pour les courses estivales et un contr\u00f4le maximal dans la chaussure.","robots":{"index":"index","follow":"follow","max-snippet":"max-snippet:-1","max-image-preview":"max-image-preview:large","max-video-preview":"max-video-preview:-1"},"canonical":"https:\/\/www.miomiorun.com\/fr\/produit\/cep-ultralight-low-cut-socks-homme\/","og_locale":"fr_FR","og_type":"article","og_title":"Cep Ultralight Low Cut Socks homme - Chaussettes de course - MioMioRun","og_description":"Chaussettes Ultralight Low Cut pour homme : l\u00e9g\u00e8res, respirantes et anti-ampoules, parfaites pour les courses estivales et un contr\u00f4le maximal dans la chaussure.","og_url":"https:\/\/www.miomiorun.com\/fr\/produit\/cep-ultralight-low-cut-socks-homme\/","og_site_name":"MioMioRun","article_publisher":"https:\/\/www.facebook.com\/miomiorun\/","article_modified_time":"2026-01-21T09:38:04+00:00","og_image":[{"width":600,"height":600,"url":"https:\/\/www.miomiorun.com\/app\/uploads\/2020\/10\/cep-Ultralight-Low-Cut-Compression-WP5AKY.jpg","type":"image\/jpeg"}],"twitter_card":"summary_large_image","twitter_misc":{"Est. reading time":"1 minute"},"schema":{"@context":"https:\/\/schema.org","@graph":[{"@type":"WebPage","@id":"https:\/\/www.miomiorun.com\/fr\/produit\/cep-ultralight-low-cut-socks-homme\/","url":"https:\/\/www.miomiorun.com\/fr\/produit\/cep-ultralight-low-cut-socks-homme\/","name":"Cep Ultralight Low Cut Socks homme - Chaussettes de course - MioMioRun","isPartOf":{"@id":"https:\/\/www.miomiorun.com\/fr\/#website"},"primaryImageOfPage":{"@id":"https:\/\/www.miomiorun.com\/fr\/produit\/cep-ultralight-low-cut-socks-homme\/#primaryimage"},"image":{"@id":"https:\/\/www.miomiorun.com\/fr\/produit\/cep-ultralight-low-cut-socks-homme\/#primaryimage"},"thumbnailUrl":"https:\/\/www.miomiorun.com\/app\/uploads\/2020\/10\/cep-Ultralight-Low-Cut-Compression-WP5AKY.jpg","datePublished":"2020-10-27T18:18:48+00:00","dateModified":"2026-01-21T09:38:04+00:00","description":"Chaussettes Ultralight Low Cut pour homme : l\u00e9g\u00e8res, respirantes et anti-ampoules, parfaites pour les courses estivales et un contr\u00f4le maximal dans la chaussure.","breadcrumb":{"@id":"https:\/\/www.miomiorun.com\/fr\/produit\/cep-ultralight-low-cut-socks-homme\/#breadcrumb"},"inLanguage":"fr-FR","potentialAction":[{"@type":"ReadAction","target":["https:\/\/www.miomiorun.com\/fr\/produit\/cep-ultralight-low-cut-socks-homme\/"]}]},{"@type":"ImageObject","inLanguage":"fr-FR","@id":"https:\/\/www.miomiorun.com\/fr\/produit\/cep-ultralight-low-cut-socks-homme\/#primaryimage","url":"https:\/\/www.miomiorun.com\/app\/uploads\/2020\/10\/cep-Ultralight-Low-Cut-Compression-WP5AKY.jpg","contentUrl":"https:\/\/www.miomiorun.com\/app\/uploads\/2020\/10\/cep-Ultralight-Low-Cut-Compression-WP5AKY.jpg","width":600,"height":600,"caption":"cep ultralight low cut compression"},{"@type":"BreadcrumbList","@id":"https:\/\/www.miomiorun.com\/fr\/produit\/cep-ultralight-low-cut-socks-homme\/#breadcrumb","itemListElement":[{"@type":"ListItem","position":1,"name":"Home","item":"https:\/\/www.miomiorun.com\/fr\/home-page\/"},{"@type":"ListItem","position":2,"name":"Shop","item":"https:\/\/www.miomiorun.com\/shop\/"},{"@type":"ListItem","position":3,"name":"Ultralight Low Cut Socks homme"}]},{"@type":"WebSite","@id":"https:\/\/www.miomiorun.com\/fr\/#website","url":"https:\/\/www.miomiorun.com\/fr\/","name":"MioMioRun","description":"Boutique 100% running et trail","publisher":{"@id":"https:\/\/www.miomiorun.com\/fr\/#organization"},"potentialAction":[{"@type":"SearchAction","target":{"@type":"EntryPoint","urlTemplate":"https:\/\/www.miomiorun.com\/fr\/?s={search_term_string}"},"query-input":{"@type":"PropertyValueSpecification","valueRequired":true,"valueName":"search_term_string"}}],"inLanguage":"fr-FR"},{"@type":"Organization","@id":"https:\/\/www.miomiorun.com\/fr\/#organization","name":"MioMio Run","url":"https:\/\/www.miomiorun.com\/fr\/","logo":{"@type":"ImageObject","inLanguage":"fr-FR","@id":"https:\/\/www.miomiorun.com\/fr\/#\/schema\/logo\/image\/","url":"https:\/\/www.miomiorun.com\/app\/uploads\/2019\/12\/logomio.png","contentUrl":"https:\/\/www.miomiorun.com\/app\/uploads\/2019\/12\/logomio.png","width":115,"height":82,"caption":"MioMio Run"},"image":{"@id":"https:\/\/www.miomiorun.com\/fr\/#\/schema\/logo\/image\/"},"sameAs":["https:\/\/www.facebook.com\/miomiorun\/","https:\/\/www.instagram.com\/miomiorun\/"]}]}},"_links":{"self":[{"href":"https:\/\/www.miomiorun.com\/fr\/wp-json\/wp\/v2\/product\/276166","targetHints":{"allow":["GET"]}}],"collection":[{"href":"https:\/\/www.miomiorun.com\/fr\/wp-json\/wp\/v2\/product"}],"about":[{"href":"https:\/\/www.miomiorun.com\/fr\/wp-json\/wp\/v2\/types\/product"}],"wp:featuredmedia":[{"embeddable":true,"href":"https:\/\/www.miomiorun.com\/fr\/wp-json\/wp\/v2\/media\/230917"}],"wp:attachment":[{"href":"https:\/\/www.miomiorun.com\/fr\/wp-json\/wp\/v2\/media?parent=276166"}],"wp:term":[{"taxonomy":"product_brand","embeddable":true,"href":"https:\/\/www.miomiorun.com\/fr\/wp-json\/wp\/v2\/product_brand?post=276166"},{"taxonomy":"product_cat","embeddable":true,"href":"https:\/\/www.miomiorun.com\/fr\/wp-json\/wp\/v2\/product_cat?post=276166"},{"taxonomy":"product_tag","embeddable":true,"href":"https:\/\/www.miomiorun.com\/fr\/wp-json\/wp\/v2\/product_tag?post=276166"}],"curies":[{"name":"wp","href":"https:\/\/api.w.org\/{rel}","templated":true}]}}