{"id":276152,"date":"2020-10-28T10:59:53","date_gmt":"2020-10-28T09:59:53","guid":{"rendered":"https:\/\/miomiorun.com\/prodotto\/cep-reflective-mid-cut-socks-uomo\/"},"modified":"2025-12-12T10:52:55","modified_gmt":"2025-12-12T09:52:55","slug":"cep-reflective-mid-cut-socks-homme","status":"publish","type":"product","link":"https:\/\/www.miomiorun.com\/fr\/produit\/cep-reflective-mid-cut-socks-homme\/","title":{"rendered":"Reflective Mid Cut Socks homme"},"content":{"rendered":"<p>Les chaussettes r\u00e9fl\u00e9chissantes \u00e0 compression gradu\u00e9e pour hommes CEP offrent une visibilit\u00e9 \u00e0 360 degr\u00e9s gr\u00e2ce \u00e0 des fils innovants. La compression moyenne cibl\u00e9e soutient la vo\u00fbte plantaire et la cheville pour pr\u00e9venir les blessures et soulager l&#8217;inconfort li\u00e9 \u00e0 la fasciite plantaire et aux douleurs aux pieds. La semelle rembourr\u00e9e, la conception l\u00e9g\u00e8re et la coupe ajust\u00e9e sans coutures feront de ces chaussettes vos nouvelles favorites. Quelle que soit l&#8217;heure de la journ\u00e9e, courez en toute confiance gr\u00e2ce \u00e0 la protection et au soutien qu&#8217;elles vous apportent \u00e0 chaque foul\u00e9e.<\/p>\n<p>Technologie SMART Reflective &#8211; Fil r\u00e9fl\u00e9chissant innovant \u00e0 360 degr\u00e9s pour une visibilit\u00e9 nocturne et une s\u00e9curit\u00e9 accrues<br \/>\nLa compression cibl\u00e9e soulage les gonflements et les douleurs en soutenant la vo\u00fbte plantaire et la cheville<br \/>\nLe rembourrage performant le long de la semelle emp\u00eache la formation d&#8217;ampoules<br \/>\nHauteur de la tige : parfaite pour tous les sports et toutes les activit\u00e9s ou pour un usage quotidien<\/p>\n<p>Mat\u00e9riau : 86 % polyamide, 14 % \u00e9lasthanne<\/p>\n","protected":false},"excerpt":{"rendered":"<p>Les chaussettes r\u00e9fl\u00e9chissantes \u00e0 compression gradu\u00e9e pour hommes CEP offrent une visibilit\u00e9 \u00e0 360 degr\u00e9s gr\u00e2ce \u00e0 des fils innovants. La compression moyenne cibl\u00e9e soutient la vo\u00fbte plantaire et la cheville pour pr\u00e9venir les blessures et soulager l&#8217;inconfort li\u00e9 \u00e0 la fasciite plantaire et aux douleurs aux pieds. La semelle rembourr\u00e9e, la conception l\u00e9g\u00e8re et &hellip; <a href=\"https:\/\/www.miomiorun.com\/fr\/produit\/cep-reflective-mid-cut-socks-homme\/\">Continued<\/a><\/p>\n","protected":false},"featured_media":230921,"template":"","meta":{"_acf_changed":false,"inline_featured_image":false},"product_brand":[],"product_cat":[24256,24482,24484],"product_tag":[23469,23649],"class_list":{"0":"post-276152","1":"product","2":"type-product","3":"status-publish","4":"has-post-thumbnail","6":"product_cat-chaussettes-fr","7":"product_cat-vetements-pour-hommes-fr","8":"product_cat-homme","9":"product_tag-cep-fr","10":"product_tag-cep-homme","11":"pa_attivita-marcher","12":"pa_attivita-running-fr","13":"pa_colore-reflective-mid-cut-compression-socks-green-fr","14":"pa_marca-cep-fr","15":"pa_sesso-homme","16":"pa_size-39-42-fr","18":"first","19":"instock","20":"sale","21":"taxable","22":"shipping-taxable","23":"purchasable","24":"product-type-variable","25":"wvs-archive-product-wrapper"},"acf":[],"yoast_head":"<!-- This site is optimized with the Yoast SEO plugin v26.8 - https:\/\/yoast.com\/product\/yoast-seo-wordpress\/ -->\n<title>Cep Reflective Mid Cut Socks homme - Chaussettes de course- MioMioRun<\/title>\n<meta name=\"description\" content=\"Les chaussettes r\u00e9fl\u00e9chissantes \u00e0 compression gradu\u00e9e pour hommes CEP offrent une visibilit\u00e9 \u00e0 360 degr\u00e9s. Semelle rembourr\u00e9e, conception l\u00e9g\u00e8re et ajustement parfait.\" \/>\n<meta name=\"robots\" content=\"index, follow, max-snippet:-1, max-image-preview:large, max-video-preview:-1\" \/>\n<link rel=\"canonical\" href=\"https:\/\/www.miomiorun.com\/fr\/produit\/cep-reflective-mid-cut-socks-homme\/\" \/>\n<meta property=\"og:locale\" content=\"fr_FR\" \/>\n<meta property=\"og:type\" content=\"article\" \/>\n<meta property=\"og:title\" content=\"Cep Reflective Mid Cut Socks homme - Chaussettes de course- MioMioRun\" \/>\n<meta property=\"og:description\" content=\"Les chaussettes r\u00e9fl\u00e9chissantes \u00e0 compression gradu\u00e9e pour hommes CEP offrent une visibilit\u00e9 \u00e0 360 degr\u00e9s. Semelle rembourr\u00e9e, conception l\u00e9g\u00e8re et ajustement parfait.\" \/>\n<meta property=\"og:url\" content=\"https:\/\/www.miomiorun.com\/fr\/produit\/cep-reflective-mid-cut-socks-homme\/\" \/>\n<meta property=\"og:site_name\" content=\"MioMioRun\" \/>\n<meta property=\"article:publisher\" content=\"https:\/\/www.facebook.com\/miomiorun\/\" \/>\n<meta property=\"article:modified_time\" content=\"2025-12-12T09:52:55+00:00\" \/>\n<meta property=\"og:image\" content=\"https:\/\/www.miomiorun.com\/app\/uploads\/2020\/10\/cep-Reflective-Mid-Cut-Compression-socks-WP5CGZ.jpg\" \/>\n\t<meta property=\"og:image:width\" content=\"600\" \/>\n\t<meta property=\"og:image:height\" content=\"600\" \/>\n\t<meta property=\"og:image:type\" content=\"image\/jpeg\" \/>\n<meta name=\"twitter:card\" content=\"summary_large_image\" \/>\n<meta name=\"twitter:label1\" content=\"Est. reading time\" \/>\n\t<meta name=\"twitter:data1\" content=\"1 minute\" \/>\n<script type=\"application\/ld+json\" class=\"yoast-schema-graph\">{\"@context\":\"https:\/\/schema.org\",\"@graph\":[{\"@type\":\"WebPage\",\"@id\":\"https:\/\/www.miomiorun.com\/fr\/produit\/cep-reflective-mid-cut-socks-homme\/\",\"url\":\"https:\/\/www.miomiorun.com\/fr\/produit\/cep-reflective-mid-cut-socks-homme\/\",\"name\":\"Cep Reflective Mid Cut Socks homme - Chaussettes de course- MioMioRun\",\"isPartOf\":{\"@id\":\"https:\/\/www.miomiorun.com\/fr\/#website\"},\"primaryImageOfPage\":{\"@id\":\"https:\/\/www.miomiorun.com\/fr\/produit\/cep-reflective-mid-cut-socks-homme\/#primaryimage\"},\"image\":{\"@id\":\"https:\/\/www.miomiorun.com\/fr\/produit\/cep-reflective-mid-cut-socks-homme\/#primaryimage\"},\"thumbnailUrl\":\"https:\/\/www.miomiorun.com\/app\/uploads\/2020\/10\/cep-Reflective-Mid-Cut-Compression-socks-WP5CGZ.jpg\",\"datePublished\":\"2020-10-28T09:59:53+00:00\",\"dateModified\":\"2025-12-12T09:52:55+00:00\",\"description\":\"Les chaussettes r\u00e9fl\u00e9chissantes \u00e0 compression gradu\u00e9e pour hommes CEP offrent une visibilit\u00e9 \u00e0 360 degr\u00e9s. Semelle rembourr\u00e9e, conception l\u00e9g\u00e8re et ajustement parfait.\",\"breadcrumb\":{\"@id\":\"https:\/\/www.miomiorun.com\/fr\/produit\/cep-reflective-mid-cut-socks-homme\/#breadcrumb\"},\"inLanguage\":\"fr-FR\",\"potentialAction\":[{\"@type\":\"ReadAction\",\"target\":[\"https:\/\/www.miomiorun.com\/fr\/produit\/cep-reflective-mid-cut-socks-homme\/\"]}]},{\"@type\":\"ImageObject\",\"inLanguage\":\"fr-FR\",\"@id\":\"https:\/\/www.miomiorun.com\/fr\/produit\/cep-reflective-mid-cut-socks-homme\/#primaryimage\",\"url\":\"https:\/\/www.miomiorun.com\/app\/uploads\/2020\/10\/cep-Reflective-Mid-Cut-Compression-socks-WP5CGZ.jpg\",\"contentUrl\":\"https:\/\/www.miomiorun.com\/app\/uploads\/2020\/10\/cep-Reflective-Mid-Cut-Compression-socks-WP5CGZ.jpg\",\"width\":600,\"height\":600,\"caption\":\"cep reflective mid cut compression socks\"},{\"@type\":\"BreadcrumbList\",\"@id\":\"https:\/\/www.miomiorun.com\/fr\/produit\/cep-reflective-mid-cut-socks-homme\/#breadcrumb\",\"itemListElement\":[{\"@type\":\"ListItem\",\"position\":1,\"name\":\"Home\",\"item\":\"https:\/\/www.miomiorun.com\/fr\/home-page\/\"},{\"@type\":\"ListItem\",\"position\":2,\"name\":\"Shop\",\"item\":\"https:\/\/www.miomiorun.com\/shop\/\"},{\"@type\":\"ListItem\",\"position\":3,\"name\":\"Reflective Mid Cut Socks homme\"}]},{\"@type\":\"WebSite\",\"@id\":\"https:\/\/www.miomiorun.com\/fr\/#website\",\"url\":\"https:\/\/www.miomiorun.com\/fr\/\",\"name\":\"MioMioRun\",\"description\":\"Boutique 100% running et trail\",\"publisher\":{\"@id\":\"https:\/\/www.miomiorun.com\/fr\/#organization\"},\"potentialAction\":[{\"@type\":\"SearchAction\",\"target\":{\"@type\":\"EntryPoint\",\"urlTemplate\":\"https:\/\/www.miomiorun.com\/fr\/?s={search_term_string}\"},\"query-input\":{\"@type\":\"PropertyValueSpecification\",\"valueRequired\":true,\"valueName\":\"search_term_string\"}}],\"inLanguage\":\"fr-FR\"},{\"@type\":\"Organization\",\"@id\":\"https:\/\/www.miomiorun.com\/fr\/#organization\",\"name\":\"MioMio Run\",\"url\":\"https:\/\/www.miomiorun.com\/fr\/\",\"logo\":{\"@type\":\"ImageObject\",\"inLanguage\":\"fr-FR\",\"@id\":\"https:\/\/www.miomiorun.com\/fr\/#\/schema\/logo\/image\/\",\"url\":\"https:\/\/www.miomiorun.com\/app\/uploads\/2019\/12\/logomio.png\",\"contentUrl\":\"https:\/\/www.miomiorun.com\/app\/uploads\/2019\/12\/logomio.png\",\"width\":115,\"height\":82,\"caption\":\"MioMio Run\"},\"image\":{\"@id\":\"https:\/\/www.miomiorun.com\/fr\/#\/schema\/logo\/image\/\"},\"sameAs\":[\"https:\/\/www.facebook.com\/miomiorun\/\",\"https:\/\/www.instagram.com\/miomiorun\/\"]}]}<\/script>\n<!-- \/ Yoast SEO plugin. -->","yoast_head_json":{"title":"Cep Reflective Mid Cut Socks homme - Chaussettes de course- MioMioRun","description":"Les chaussettes r\u00e9fl\u00e9chissantes \u00e0 compression gradu\u00e9e pour hommes CEP offrent une visibilit\u00e9 \u00e0 360 degr\u00e9s. Semelle rembourr\u00e9e, conception l\u00e9g\u00e8re et ajustement parfait.","robots":{"index":"index","follow":"follow","max-snippet":"max-snippet:-1","max-image-preview":"max-image-preview:large","max-video-preview":"max-video-preview:-1"},"canonical":"https:\/\/www.miomiorun.com\/fr\/produit\/cep-reflective-mid-cut-socks-homme\/","og_locale":"fr_FR","og_type":"article","og_title":"Cep Reflective Mid Cut Socks homme - Chaussettes de course- MioMioRun","og_description":"Les chaussettes r\u00e9fl\u00e9chissantes \u00e0 compression gradu\u00e9e pour hommes CEP offrent une visibilit\u00e9 \u00e0 360 degr\u00e9s. Semelle rembourr\u00e9e, conception l\u00e9g\u00e8re et ajustement parfait.","og_url":"https:\/\/www.miomiorun.com\/fr\/produit\/cep-reflective-mid-cut-socks-homme\/","og_site_name":"MioMioRun","article_publisher":"https:\/\/www.facebook.com\/miomiorun\/","article_modified_time":"2025-12-12T09:52:55+00:00","og_image":[{"width":600,"height":600,"url":"https:\/\/www.miomiorun.com\/app\/uploads\/2020\/10\/cep-Reflective-Mid-Cut-Compression-socks-WP5CGZ.jpg","type":"image\/jpeg"}],"twitter_card":"summary_large_image","twitter_misc":{"Est. reading time":"1 minute"},"schema":{"@context":"https:\/\/schema.org","@graph":[{"@type":"WebPage","@id":"https:\/\/www.miomiorun.com\/fr\/produit\/cep-reflective-mid-cut-socks-homme\/","url":"https:\/\/www.miomiorun.com\/fr\/produit\/cep-reflective-mid-cut-socks-homme\/","name":"Cep Reflective Mid Cut Socks homme - Chaussettes de course- MioMioRun","isPartOf":{"@id":"https:\/\/www.miomiorun.com\/fr\/#website"},"primaryImageOfPage":{"@id":"https:\/\/www.miomiorun.com\/fr\/produit\/cep-reflective-mid-cut-socks-homme\/#primaryimage"},"image":{"@id":"https:\/\/www.miomiorun.com\/fr\/produit\/cep-reflective-mid-cut-socks-homme\/#primaryimage"},"thumbnailUrl":"https:\/\/www.miomiorun.com\/app\/uploads\/2020\/10\/cep-Reflective-Mid-Cut-Compression-socks-WP5CGZ.jpg","datePublished":"2020-10-28T09:59:53+00:00","dateModified":"2025-12-12T09:52:55+00:00","description":"Les chaussettes r\u00e9fl\u00e9chissantes \u00e0 compression gradu\u00e9e pour hommes CEP offrent une visibilit\u00e9 \u00e0 360 degr\u00e9s. Semelle rembourr\u00e9e, conception l\u00e9g\u00e8re et ajustement parfait.","breadcrumb":{"@id":"https:\/\/www.miomiorun.com\/fr\/produit\/cep-reflective-mid-cut-socks-homme\/#breadcrumb"},"inLanguage":"fr-FR","potentialAction":[{"@type":"ReadAction","target":["https:\/\/www.miomiorun.com\/fr\/produit\/cep-reflective-mid-cut-socks-homme\/"]}]},{"@type":"ImageObject","inLanguage":"fr-FR","@id":"https:\/\/www.miomiorun.com\/fr\/produit\/cep-reflective-mid-cut-socks-homme\/#primaryimage","url":"https:\/\/www.miomiorun.com\/app\/uploads\/2020\/10\/cep-Reflective-Mid-Cut-Compression-socks-WP5CGZ.jpg","contentUrl":"https:\/\/www.miomiorun.com\/app\/uploads\/2020\/10\/cep-Reflective-Mid-Cut-Compression-socks-WP5CGZ.jpg","width":600,"height":600,"caption":"cep reflective mid cut compression socks"},{"@type":"BreadcrumbList","@id":"https:\/\/www.miomiorun.com\/fr\/produit\/cep-reflective-mid-cut-socks-homme\/#breadcrumb","itemListElement":[{"@type":"ListItem","position":1,"name":"Home","item":"https:\/\/www.miomiorun.com\/fr\/home-page\/"},{"@type":"ListItem","position":2,"name":"Shop","item":"https:\/\/www.miomiorun.com\/shop\/"},{"@type":"ListItem","position":3,"name":"Reflective Mid Cut Socks homme"}]},{"@type":"WebSite","@id":"https:\/\/www.miomiorun.com\/fr\/#website","url":"https:\/\/www.miomiorun.com\/fr\/","name":"MioMioRun","description":"Boutique 100% running et trail","publisher":{"@id":"https:\/\/www.miomiorun.com\/fr\/#organization"},"potentialAction":[{"@type":"SearchAction","target":{"@type":"EntryPoint","urlTemplate":"https:\/\/www.miomiorun.com\/fr\/?s={search_term_string}"},"query-input":{"@type":"PropertyValueSpecification","valueRequired":true,"valueName":"search_term_string"}}],"inLanguage":"fr-FR"},{"@type":"Organization","@id":"https:\/\/www.miomiorun.com\/fr\/#organization","name":"MioMio Run","url":"https:\/\/www.miomiorun.com\/fr\/","logo":{"@type":"ImageObject","inLanguage":"fr-FR","@id":"https:\/\/www.miomiorun.com\/fr\/#\/schema\/logo\/image\/","url":"https:\/\/www.miomiorun.com\/app\/uploads\/2019\/12\/logomio.png","contentUrl":"https:\/\/www.miomiorun.com\/app\/uploads\/2019\/12\/logomio.png","width":115,"height":82,"caption":"MioMio Run"},"image":{"@id":"https:\/\/www.miomiorun.com\/fr\/#\/schema\/logo\/image\/"},"sameAs":["https:\/\/www.facebook.com\/miomiorun\/","https:\/\/www.instagram.com\/miomiorun\/"]}]}},"_links":{"self":[{"href":"https:\/\/www.miomiorun.com\/fr\/wp-json\/wp\/v2\/product\/276152","targetHints":{"allow":["GET"]}}],"collection":[{"href":"https:\/\/www.miomiorun.com\/fr\/wp-json\/wp\/v2\/product"}],"about":[{"href":"https:\/\/www.miomiorun.com\/fr\/wp-json\/wp\/v2\/types\/product"}],"wp:featuredmedia":[{"embeddable":true,"href":"https:\/\/www.miomiorun.com\/fr\/wp-json\/wp\/v2\/media\/230921"}],"wp:attachment":[{"href":"https:\/\/www.miomiorun.com\/fr\/wp-json\/wp\/v2\/media?parent=276152"}],"wp:term":[{"taxonomy":"product_brand","embeddable":true,"href":"https:\/\/www.miomiorun.com\/fr\/wp-json\/wp\/v2\/product_brand?post=276152"},{"taxonomy":"product_cat","embeddable":true,"href":"https:\/\/www.miomiorun.com\/fr\/wp-json\/wp\/v2\/product_cat?post=276152"},{"taxonomy":"product_tag","embeddable":true,"href":"https:\/\/www.miomiorun.com\/fr\/wp-json\/wp\/v2\/product_tag?post=276152"}],"curies":[{"name":"wp","href":"https:\/\/api.w.org\/{rel}","templated":true}]}}