{"id":276126,"date":"2020-10-28T11:44:07","date_gmt":"2020-10-28T10:44:07","guid":{"rendered":"https:\/\/miomiorun.com\/prodotto\/cep-reflective-calf-sleeves-uomo\/"},"modified":"2026-01-21T10:40:17","modified_gmt":"2026-01-21T09:40:17","slug":"cep-reflective-calf-sleeves-homme","status":"publish","type":"product","link":"https:\/\/www.miomiorun.com\/fr\/produit\/cep-reflective-calf-sleeves-homme\/","title":{"rendered":"Reflective Calf Sleeves homme"},"content":{"rendered":"<p>Le style rencontre la fonctionnalit\u00e9 avec les manchons de compression r\u00e9fl\u00e9chissants pour mollets CEP pour hommes. Le fil r\u00e9fl\u00e9chissant innovant offre une visibilit\u00e9 \u00e0 360 degr\u00e9s pour assurer votre s\u00e9curit\u00e9 avant le lever et apr\u00e8s le coucher du soleil. Stabilisez vos muscles, am\u00e9liorez votre endurance et \u00e9liminez les attelles tibiales lors de vos courses ou entra\u00eenements gr\u00e2ce \u00e0 la compression gradu\u00e9e moyenne. Ces manchons sont parfaits pour \u00eatre associ\u00e9s \u00e0 vos chaussettes pr\u00e9f\u00e9r\u00e9es ou \u00e0 des chaussettes basses. Les athl\u00e8tes ne laissent pas l&#8217;heure de la journ\u00e9e influencer leur entra\u00eenement, ils restent forts et en s\u00e9curit\u00e9 du cr\u00e9puscule \u00e0 l&#8217;aube gr\u00e2ce \u00e0 ces manchons haute performance.<\/p>\n<p>Technologie SMART Reflective &#8211; Fil r\u00e9fl\u00e9chissant innovant \u00e0 360 degr\u00e9s pour une visibilit\u00e9 nocturne et une s\u00e9curit\u00e9 accrues<\/p>\n<p>Mat\u00e9riau : 79 % polyamide, 21 % \u00e9lasthanne<\/p>\n","protected":false},"excerpt":{"rendered":"<p>Le style rencontre la fonctionnalit\u00e9 avec les manchons de compression r\u00e9fl\u00e9chissants pour mollets CEP pour hommes. Le fil r\u00e9fl\u00e9chissant innovant offre une visibilit\u00e9 \u00e0 360 degr\u00e9s pour assurer votre s\u00e9curit\u00e9 avant le lever et apr\u00e8s le coucher du soleil. Stabilisez vos muscles, am\u00e9liorez votre endurance et \u00e9liminez les attelles tibiales lors de vos courses ou &hellip; <a href=\"https:\/\/www.miomiorun.com\/fr\/produit\/cep-reflective-calf-sleeves-homme\/\">Continued<\/a><\/p>\n","protected":false},"featured_media":230929,"template":"","meta":{"_acf_changed":false,"inline_featured_image":false},"product_brand":[],"product_cat":[24256,24482,24484],"product_tag":[23469,23649],"class_list":{"0":"post-276126","1":"product","2":"type-product","3":"status-publish","4":"has-post-thumbnail","6":"product_cat-chaussettes-fr","7":"product_cat-vetements-pour-hommes-fr","8":"product_cat-homme","9":"product_tag-cep-fr","10":"product_tag-cep-homme","12":"first","13":"instock","14":"sale","15":"taxable","16":"shipping-taxable","17":"purchasable","18":"product-type-variable","19":"wvs-archive-product-wrapper"},"acf":[],"yoast_head":"<!-- This site is optimized with the Yoast SEO plugin v26.8 - https:\/\/yoast.com\/product\/yoast-seo-wordpress\/ -->\n<title>Cep Reflective Calf Sleeves homme - Chaussettes de course - MioMioRun<\/title>\n<meta name=\"description\" content=\"Booster \u00e0 compression r\u00e9fl\u00e9chissant pour homme. Fil r\u00e9fl\u00e9chissant pour une visibilit\u00e9 \u00e0 360 degr\u00e9s. Stabilise les muscles, am\u00e9liore l&#039;endurance.\" \/>\n<meta name=\"robots\" content=\"index, follow, max-snippet:-1, max-image-preview:large, max-video-preview:-1\" \/>\n<link rel=\"canonical\" href=\"https:\/\/www.miomiorun.com\/fr\/produit\/cep-reflective-calf-sleeves-homme\/\" \/>\n<meta property=\"og:locale\" content=\"fr_FR\" \/>\n<meta property=\"og:type\" content=\"article\" \/>\n<meta property=\"og:title\" content=\"Cep Reflective Calf Sleeves homme - Chaussettes de course - MioMioRun\" \/>\n<meta property=\"og:description\" content=\"Booster \u00e0 compression r\u00e9fl\u00e9chissant pour homme. Fil r\u00e9fl\u00e9chissant pour une visibilit\u00e9 \u00e0 360 degr\u00e9s. Stabilise les muscles, am\u00e9liore l&#039;endurance.\" \/>\n<meta property=\"og:url\" content=\"https:\/\/www.miomiorun.com\/fr\/produit\/cep-reflective-calf-sleeves-homme\/\" \/>\n<meta property=\"og:site_name\" content=\"MioMioRun\" \/>\n<meta property=\"article:publisher\" content=\"https:\/\/www.facebook.com\/miomiorun\/\" \/>\n<meta property=\"article:modified_time\" content=\"2026-01-21T09:40:17+00:00\" \/>\n<meta property=\"og:image\" content=\"https:\/\/www.miomiorun.com\/app\/uploads\/2020\/10\/cep-Reflective-Compression-Calf-Sleeves-WS502Z.jpg\" \/>\n\t<meta property=\"og:image:width\" content=\"600\" \/>\n\t<meta property=\"og:image:height\" content=\"600\" \/>\n\t<meta property=\"og:image:type\" content=\"image\/jpeg\" \/>\n<meta name=\"twitter:card\" content=\"summary_large_image\" \/>\n<meta name=\"twitter:label1\" content=\"Est. reading time\" \/>\n\t<meta name=\"twitter:data1\" content=\"1 minute\" \/>\n<script type=\"application\/ld+json\" class=\"yoast-schema-graph\">{\"@context\":\"https:\/\/schema.org\",\"@graph\":[{\"@type\":\"WebPage\",\"@id\":\"https:\/\/www.miomiorun.com\/fr\/produit\/cep-reflective-calf-sleeves-homme\/\",\"url\":\"https:\/\/www.miomiorun.com\/fr\/produit\/cep-reflective-calf-sleeves-homme\/\",\"name\":\"Cep Reflective Calf Sleeves homme - Chaussettes de course - MioMioRun\",\"isPartOf\":{\"@id\":\"https:\/\/www.miomiorun.com\/fr\/#website\"},\"primaryImageOfPage\":{\"@id\":\"https:\/\/www.miomiorun.com\/fr\/produit\/cep-reflective-calf-sleeves-homme\/#primaryimage\"},\"image\":{\"@id\":\"https:\/\/www.miomiorun.com\/fr\/produit\/cep-reflective-calf-sleeves-homme\/#primaryimage\"},\"thumbnailUrl\":\"https:\/\/www.miomiorun.com\/app\/uploads\/2020\/10\/cep-Reflective-Compression-Calf-Sleeves-WS502Z.jpg\",\"datePublished\":\"2020-10-28T10:44:07+00:00\",\"dateModified\":\"2026-01-21T09:40:17+00:00\",\"description\":\"Booster \u00e0 compression r\u00e9fl\u00e9chissant pour homme. Fil r\u00e9fl\u00e9chissant pour une visibilit\u00e9 \u00e0 360 degr\u00e9s. Stabilise les muscles, am\u00e9liore l'endurance.\",\"breadcrumb\":{\"@id\":\"https:\/\/www.miomiorun.com\/fr\/produit\/cep-reflective-calf-sleeves-homme\/#breadcrumb\"},\"inLanguage\":\"fr-FR\",\"potentialAction\":[{\"@type\":\"ReadAction\",\"target\":[\"https:\/\/www.miomiorun.com\/fr\/produit\/cep-reflective-calf-sleeves-homme\/\"]}]},{\"@type\":\"ImageObject\",\"inLanguage\":\"fr-FR\",\"@id\":\"https:\/\/www.miomiorun.com\/fr\/produit\/cep-reflective-calf-sleeves-homme\/#primaryimage\",\"url\":\"https:\/\/www.miomiorun.com\/app\/uploads\/2020\/10\/cep-Reflective-Compression-Calf-Sleeves-WS502Z.jpg\",\"contentUrl\":\"https:\/\/www.miomiorun.com\/app\/uploads\/2020\/10\/cep-Reflective-Compression-Calf-Sleeves-WS502Z.jpg\",\"width\":600,\"height\":600,\"caption\":\"cep reflctive compression calf sleeves\"},{\"@type\":\"BreadcrumbList\",\"@id\":\"https:\/\/www.miomiorun.com\/fr\/produit\/cep-reflective-calf-sleeves-homme\/#breadcrumb\",\"itemListElement\":[{\"@type\":\"ListItem\",\"position\":1,\"name\":\"Home\",\"item\":\"https:\/\/www.miomiorun.com\/fr\/home-page\/\"},{\"@type\":\"ListItem\",\"position\":2,\"name\":\"Shop\",\"item\":\"https:\/\/www.miomiorun.com\/shop\/\"},{\"@type\":\"ListItem\",\"position\":3,\"name\":\"Reflective Calf Sleeves homme\"}]},{\"@type\":\"WebSite\",\"@id\":\"https:\/\/www.miomiorun.com\/fr\/#website\",\"url\":\"https:\/\/www.miomiorun.com\/fr\/\",\"name\":\"MioMioRun\",\"description\":\"Boutique 100% running et trail\",\"publisher\":{\"@id\":\"https:\/\/www.miomiorun.com\/fr\/#organization\"},\"potentialAction\":[{\"@type\":\"SearchAction\",\"target\":{\"@type\":\"EntryPoint\",\"urlTemplate\":\"https:\/\/www.miomiorun.com\/fr\/?s={search_term_string}\"},\"query-input\":{\"@type\":\"PropertyValueSpecification\",\"valueRequired\":true,\"valueName\":\"search_term_string\"}}],\"inLanguage\":\"fr-FR\"},{\"@type\":\"Organization\",\"@id\":\"https:\/\/www.miomiorun.com\/fr\/#organization\",\"name\":\"MioMio Run\",\"url\":\"https:\/\/www.miomiorun.com\/fr\/\",\"logo\":{\"@type\":\"ImageObject\",\"inLanguage\":\"fr-FR\",\"@id\":\"https:\/\/www.miomiorun.com\/fr\/#\/schema\/logo\/image\/\",\"url\":\"https:\/\/www.miomiorun.com\/app\/uploads\/2019\/12\/logomio.png\",\"contentUrl\":\"https:\/\/www.miomiorun.com\/app\/uploads\/2019\/12\/logomio.png\",\"width\":115,\"height\":82,\"caption\":\"MioMio Run\"},\"image\":{\"@id\":\"https:\/\/www.miomiorun.com\/fr\/#\/schema\/logo\/image\/\"},\"sameAs\":[\"https:\/\/www.facebook.com\/miomiorun\/\",\"https:\/\/www.instagram.com\/miomiorun\/\"]}]}<\/script>\n<!-- \/ Yoast SEO plugin. -->","yoast_head_json":{"title":"Cep Reflective Calf Sleeves homme - Chaussettes de course - MioMioRun","description":"Booster \u00e0 compression r\u00e9fl\u00e9chissant pour homme. Fil r\u00e9fl\u00e9chissant pour une visibilit\u00e9 \u00e0 360 degr\u00e9s. Stabilise les muscles, am\u00e9liore l'endurance.","robots":{"index":"index","follow":"follow","max-snippet":"max-snippet:-1","max-image-preview":"max-image-preview:large","max-video-preview":"max-video-preview:-1"},"canonical":"https:\/\/www.miomiorun.com\/fr\/produit\/cep-reflective-calf-sleeves-homme\/","og_locale":"fr_FR","og_type":"article","og_title":"Cep Reflective Calf Sleeves homme - Chaussettes de course - MioMioRun","og_description":"Booster \u00e0 compression r\u00e9fl\u00e9chissant pour homme. Fil r\u00e9fl\u00e9chissant pour une visibilit\u00e9 \u00e0 360 degr\u00e9s. Stabilise les muscles, am\u00e9liore l'endurance.","og_url":"https:\/\/www.miomiorun.com\/fr\/produit\/cep-reflective-calf-sleeves-homme\/","og_site_name":"MioMioRun","article_publisher":"https:\/\/www.facebook.com\/miomiorun\/","article_modified_time":"2026-01-21T09:40:17+00:00","og_image":[{"width":600,"height":600,"url":"https:\/\/www.miomiorun.com\/app\/uploads\/2020\/10\/cep-Reflective-Compression-Calf-Sleeves-WS502Z.jpg","type":"image\/jpeg"}],"twitter_card":"summary_large_image","twitter_misc":{"Est. reading time":"1 minute"},"schema":{"@context":"https:\/\/schema.org","@graph":[{"@type":"WebPage","@id":"https:\/\/www.miomiorun.com\/fr\/produit\/cep-reflective-calf-sleeves-homme\/","url":"https:\/\/www.miomiorun.com\/fr\/produit\/cep-reflective-calf-sleeves-homme\/","name":"Cep Reflective Calf Sleeves homme - Chaussettes de course - MioMioRun","isPartOf":{"@id":"https:\/\/www.miomiorun.com\/fr\/#website"},"primaryImageOfPage":{"@id":"https:\/\/www.miomiorun.com\/fr\/produit\/cep-reflective-calf-sleeves-homme\/#primaryimage"},"image":{"@id":"https:\/\/www.miomiorun.com\/fr\/produit\/cep-reflective-calf-sleeves-homme\/#primaryimage"},"thumbnailUrl":"https:\/\/www.miomiorun.com\/app\/uploads\/2020\/10\/cep-Reflective-Compression-Calf-Sleeves-WS502Z.jpg","datePublished":"2020-10-28T10:44:07+00:00","dateModified":"2026-01-21T09:40:17+00:00","description":"Booster \u00e0 compression r\u00e9fl\u00e9chissant pour homme. Fil r\u00e9fl\u00e9chissant pour une visibilit\u00e9 \u00e0 360 degr\u00e9s. Stabilise les muscles, am\u00e9liore l'endurance.","breadcrumb":{"@id":"https:\/\/www.miomiorun.com\/fr\/produit\/cep-reflective-calf-sleeves-homme\/#breadcrumb"},"inLanguage":"fr-FR","potentialAction":[{"@type":"ReadAction","target":["https:\/\/www.miomiorun.com\/fr\/produit\/cep-reflective-calf-sleeves-homme\/"]}]},{"@type":"ImageObject","inLanguage":"fr-FR","@id":"https:\/\/www.miomiorun.com\/fr\/produit\/cep-reflective-calf-sleeves-homme\/#primaryimage","url":"https:\/\/www.miomiorun.com\/app\/uploads\/2020\/10\/cep-Reflective-Compression-Calf-Sleeves-WS502Z.jpg","contentUrl":"https:\/\/www.miomiorun.com\/app\/uploads\/2020\/10\/cep-Reflective-Compression-Calf-Sleeves-WS502Z.jpg","width":600,"height":600,"caption":"cep reflctive compression calf sleeves"},{"@type":"BreadcrumbList","@id":"https:\/\/www.miomiorun.com\/fr\/produit\/cep-reflective-calf-sleeves-homme\/#breadcrumb","itemListElement":[{"@type":"ListItem","position":1,"name":"Home","item":"https:\/\/www.miomiorun.com\/fr\/home-page\/"},{"@type":"ListItem","position":2,"name":"Shop","item":"https:\/\/www.miomiorun.com\/shop\/"},{"@type":"ListItem","position":3,"name":"Reflective Calf Sleeves homme"}]},{"@type":"WebSite","@id":"https:\/\/www.miomiorun.com\/fr\/#website","url":"https:\/\/www.miomiorun.com\/fr\/","name":"MioMioRun","description":"Boutique 100% running et trail","publisher":{"@id":"https:\/\/www.miomiorun.com\/fr\/#organization"},"potentialAction":[{"@type":"SearchAction","target":{"@type":"EntryPoint","urlTemplate":"https:\/\/www.miomiorun.com\/fr\/?s={search_term_string}"},"query-input":{"@type":"PropertyValueSpecification","valueRequired":true,"valueName":"search_term_string"}}],"inLanguage":"fr-FR"},{"@type":"Organization","@id":"https:\/\/www.miomiorun.com\/fr\/#organization","name":"MioMio Run","url":"https:\/\/www.miomiorun.com\/fr\/","logo":{"@type":"ImageObject","inLanguage":"fr-FR","@id":"https:\/\/www.miomiorun.com\/fr\/#\/schema\/logo\/image\/","url":"https:\/\/www.miomiorun.com\/app\/uploads\/2019\/12\/logomio.png","contentUrl":"https:\/\/www.miomiorun.com\/app\/uploads\/2019\/12\/logomio.png","width":115,"height":82,"caption":"MioMio Run"},"image":{"@id":"https:\/\/www.miomiorun.com\/fr\/#\/schema\/logo\/image\/"},"sameAs":["https:\/\/www.facebook.com\/miomiorun\/","https:\/\/www.instagram.com\/miomiorun\/"]}]}},"_links":{"self":[{"href":"https:\/\/www.miomiorun.com\/fr\/wp-json\/wp\/v2\/product\/276126","targetHints":{"allow":["GET"]}}],"collection":[{"href":"https:\/\/www.miomiorun.com\/fr\/wp-json\/wp\/v2\/product"}],"about":[{"href":"https:\/\/www.miomiorun.com\/fr\/wp-json\/wp\/v2\/types\/product"}],"wp:featuredmedia":[{"embeddable":true,"href":"https:\/\/www.miomiorun.com\/fr\/wp-json\/wp\/v2\/media\/230929"}],"wp:attachment":[{"href":"https:\/\/www.miomiorun.com\/fr\/wp-json\/wp\/v2\/media?parent=276126"}],"wp:term":[{"taxonomy":"product_brand","embeddable":true,"href":"https:\/\/www.miomiorun.com\/fr\/wp-json\/wp\/v2\/product_brand?post=276126"},{"taxonomy":"product_cat","embeddable":true,"href":"https:\/\/www.miomiorun.com\/fr\/wp-json\/wp\/v2\/product_cat?post=276126"},{"taxonomy":"product_tag","embeddable":true,"href":"https:\/\/www.miomiorun.com\/fr\/wp-json\/wp\/v2\/product_tag?post=276126"}],"curies":[{"name":"wp","href":"https:\/\/api.w.org\/{rel}","templated":true}]}}