{"id":276116,"date":"2020-10-29T09:36:50","date_gmt":"2020-10-29T08:36:50","guid":{"rendered":"https:\/\/miomiorun.com\/prodotto\/cep-80s-mid-cut-socks-donna\/"},"modified":"2026-01-21T10:41:10","modified_gmt":"2026-01-21T09:41:10","slug":"cep-80s-mid-cut-socks-femme","status":"publish","type":"product","link":"https:\/\/www.miomiorun.com\/fr\/produit\/cep-80s-mid-cut-socks-femme\/","title":{"rendered":"80&#8217;s Mid Cut Socks femme"},"content":{"rendered":"<p>Les ann\u00e9es 80 sont de retour, mais avec les chaussettes de sport compressives pour femmes leaders du secteur. Inspir\u00e9es d&#8217;un look r\u00e9tro, elles vous permettent d\u00e9sormais de vous sentir plus l\u00e9g\u00e8re sur vos pieds, d&#8217;augmenter la puissance de votre foul\u00e9e et de tester votre endurance \u00e0 la course. Une chaussette de sport courte \u00e0 compression avec rembourrage anatomique au niveau du pied et fibres haut de gamme absorbant l&#8217;humidit\u00e9 : le look r\u00e9tro des ann\u00e9es 80 n&#8217;a jamais \u00e9t\u00e9 aussi agr\u00e9able.<\/p>\n<p>Compression cibl\u00e9e pour soulager les gonflements et les douleurs<br \/>\nLe rembourrage performant le long de la semelle pr\u00e9vient la formation d&#8217;ampoules<br \/>\nLa gestion climatique HEIQ rafra\u00eechit la peau pendant l&#8217;activit\u00e9<br \/>\nHauteur de la longueur de l&#8217;\u00e9quipage ; id\u00e9ale pour tous les sports et toutes les activit\u00e9s<br \/>\nLes fils respirants sont r\u00e9sistants et durables<br \/>\nLa compression athl\u00e9tique soulage la douleur li\u00e9e \u00e0 la fasciite plantaire<\/p>\n<p>Niveau de compression : 20-30 mmHg<\/p>\n<p>Mat\u00e9riau : 88 % polyamide, 12 % \u00e9lasthanne<\/p>\n","protected":false},"excerpt":{"rendered":"<p>Les ann\u00e9es 80 sont de retour, mais avec les chaussettes de sport compressives pour femmes leaders du secteur. Inspir\u00e9es d&#8217;un look r\u00e9tro, elles vous permettent d\u00e9sormais de vous sentir plus l\u00e9g\u00e8re sur vos pieds, d&#8217;augmenter la puissance de votre foul\u00e9e et de tester votre endurance \u00e0 la course. Une chaussette de sport courte \u00e0 compression &hellip; <a href=\"https:\/\/www.miomiorun.com\/fr\/produit\/cep-80s-mid-cut-socks-femme\/\">Continued<\/a><\/p>\n","protected":false},"featured_media":230937,"template":"","meta":{"_acf_changed":false,"inline_featured_image":false},"product_brand":[],"product_cat":[22597,22596,22595],"product_tag":[23469,23651],"class_list":{"0":"post-276116","1":"product","2":"type-product","3":"status-publish","4":"has-post-thumbnail","6":"product_cat-chaussettes","7":"product_cat-vetements-pour-femmes","8":"product_cat-femme","9":"product_tag-cep-fr","10":"product_tag-cep-femme","11":"pa_attivita-marcher","12":"pa_attivita-running-fr","13":"pa_colore-80s-mid-cut-compression-socks-black-white-fr","14":"pa_marca-cep-fr","15":"pa_sesso-femme","16":"pa_size-37-40-fr","17":"pa_size-40-43-fr","19":"first","20":"instock","21":"sale","22":"taxable","23":"shipping-taxable","24":"purchasable","25":"product-type-variable","26":"wvs-archive-product-wrapper"},"acf":[],"yoast_head":"<!-- This site is optimized with the Yoast SEO plugin v26.8 - https:\/\/yoast.com\/product\/yoast-seo-wordpress\/ -->\n<title>Cep 80&#039;s Mid Cut Socks femme - Chaussettes de course - MioMioRun<\/title>\n<meta name=\"description\" content=\"Une chaussette courte de sport \u00e0 compression avec rembourrage anatomique au niveau du pied et fibres absorbant l&#039;humidit\u00e9. Le look des ann\u00e9es 80 n&#039;a jamais \u00e9t\u00e9 aussi agr\u00e9able.\" \/>\n<meta name=\"robots\" content=\"index, follow, max-snippet:-1, max-image-preview:large, max-video-preview:-1\" \/>\n<link rel=\"canonical\" href=\"https:\/\/www.miomiorun.com\/fr\/produit\/cep-80s-mid-cut-socks-femme\/\" \/>\n<meta property=\"og:locale\" content=\"fr_FR\" \/>\n<meta property=\"og:type\" content=\"article\" \/>\n<meta property=\"og:title\" content=\"Cep 80&#039;s Mid Cut Socks femme - Chaussettes de course - MioMioRun\" \/>\n<meta property=\"og:description\" content=\"Une chaussette courte de sport \u00e0 compression avec rembourrage anatomique au niveau du pied et fibres absorbant l&#039;humidit\u00e9. Le look des ann\u00e9es 80 n&#039;a jamais \u00e9t\u00e9 aussi agr\u00e9able.\" \/>\n<meta property=\"og:url\" content=\"https:\/\/www.miomiorun.com\/fr\/produit\/cep-80s-mid-cut-socks-femme\/\" \/>\n<meta property=\"og:site_name\" content=\"MioMioRun\" \/>\n<meta property=\"article:publisher\" content=\"https:\/\/www.facebook.com\/miomiorun\/\" \/>\n<meta property=\"article:modified_time\" content=\"2026-01-21T09:41:10+00:00\" \/>\n<meta property=\"og:image\" content=\"https:\/\/www.miomiorun.com\/app\/uploads\/2020\/10\/cep-80s-Mid-Cut-Compression-Socks-WP4CBV.jpg\" \/>\n\t<meta property=\"og:image:width\" content=\"600\" \/>\n\t<meta property=\"og:image:height\" content=\"600\" \/>\n\t<meta property=\"og:image:type\" content=\"image\/jpeg\" \/>\n<meta name=\"twitter:card\" content=\"summary_large_image\" \/>\n<meta name=\"twitter:label1\" content=\"Est. reading time\" \/>\n\t<meta name=\"twitter:data1\" content=\"1 minute\" \/>\n<script type=\"application\/ld+json\" class=\"yoast-schema-graph\">{\"@context\":\"https:\/\/schema.org\",\"@graph\":[{\"@type\":\"WebPage\",\"@id\":\"https:\/\/www.miomiorun.com\/fr\/produit\/cep-80s-mid-cut-socks-femme\/\",\"url\":\"https:\/\/www.miomiorun.com\/fr\/produit\/cep-80s-mid-cut-socks-femme\/\",\"name\":\"Cep 80's Mid Cut Socks femme - Chaussettes de course - MioMioRun\",\"isPartOf\":{\"@id\":\"https:\/\/www.miomiorun.com\/fr\/#website\"},\"primaryImageOfPage\":{\"@id\":\"https:\/\/www.miomiorun.com\/fr\/produit\/cep-80s-mid-cut-socks-femme\/#primaryimage\"},\"image\":{\"@id\":\"https:\/\/www.miomiorun.com\/fr\/produit\/cep-80s-mid-cut-socks-femme\/#primaryimage\"},\"thumbnailUrl\":\"https:\/\/www.miomiorun.com\/app\/uploads\/2020\/10\/cep-80s-Mid-Cut-Compression-Socks-WP4CBV.jpg\",\"datePublished\":\"2020-10-29T08:36:50+00:00\",\"dateModified\":\"2026-01-21T09:41:10+00:00\",\"description\":\"Une chaussette courte de sport \u00e0 compression avec rembourrage anatomique au niveau du pied et fibres absorbant l'humidit\u00e9. Le look des ann\u00e9es 80 n'a jamais \u00e9t\u00e9 aussi agr\u00e9able.\",\"breadcrumb\":{\"@id\":\"https:\/\/www.miomiorun.com\/fr\/produit\/cep-80s-mid-cut-socks-femme\/#breadcrumb\"},\"inLanguage\":\"fr-FR\",\"potentialAction\":[{\"@type\":\"ReadAction\",\"target\":[\"https:\/\/www.miomiorun.com\/fr\/produit\/cep-80s-mid-cut-socks-femme\/\"]}]},{\"@type\":\"ImageObject\",\"inLanguage\":\"fr-FR\",\"@id\":\"https:\/\/www.miomiorun.com\/fr\/produit\/cep-80s-mid-cut-socks-femme\/#primaryimage\",\"url\":\"https:\/\/www.miomiorun.com\/app\/uploads\/2020\/10\/cep-80s-Mid-Cut-Compression-Socks-WP4CBV.jpg\",\"contentUrl\":\"https:\/\/www.miomiorun.com\/app\/uploads\/2020\/10\/cep-80s-Mid-Cut-Compression-Socks-WP4CBV.jpg\",\"width\":600,\"height\":600,\"caption\":\"cep 80s mid cut compression\"},{\"@type\":\"BreadcrumbList\",\"@id\":\"https:\/\/www.miomiorun.com\/fr\/produit\/cep-80s-mid-cut-socks-femme\/#breadcrumb\",\"itemListElement\":[{\"@type\":\"ListItem\",\"position\":1,\"name\":\"Home\",\"item\":\"https:\/\/www.miomiorun.com\/fr\/home-page\/\"},{\"@type\":\"ListItem\",\"position\":2,\"name\":\"Shop\",\"item\":\"https:\/\/www.miomiorun.com\/shop\/\"},{\"@type\":\"ListItem\",\"position\":3,\"name\":\"80&#8217;s Mid Cut Socks femme\"}]},{\"@type\":\"WebSite\",\"@id\":\"https:\/\/www.miomiorun.com\/fr\/#website\",\"url\":\"https:\/\/www.miomiorun.com\/fr\/\",\"name\":\"MioMioRun\",\"description\":\"Boutique 100% running et trail\",\"publisher\":{\"@id\":\"https:\/\/www.miomiorun.com\/fr\/#organization\"},\"potentialAction\":[{\"@type\":\"SearchAction\",\"target\":{\"@type\":\"EntryPoint\",\"urlTemplate\":\"https:\/\/www.miomiorun.com\/fr\/?s={search_term_string}\"},\"query-input\":{\"@type\":\"PropertyValueSpecification\",\"valueRequired\":true,\"valueName\":\"search_term_string\"}}],\"inLanguage\":\"fr-FR\"},{\"@type\":\"Organization\",\"@id\":\"https:\/\/www.miomiorun.com\/fr\/#organization\",\"name\":\"MioMio Run\",\"url\":\"https:\/\/www.miomiorun.com\/fr\/\",\"logo\":{\"@type\":\"ImageObject\",\"inLanguage\":\"fr-FR\",\"@id\":\"https:\/\/www.miomiorun.com\/fr\/#\/schema\/logo\/image\/\",\"url\":\"https:\/\/www.miomiorun.com\/app\/uploads\/2019\/12\/logomio.png\",\"contentUrl\":\"https:\/\/www.miomiorun.com\/app\/uploads\/2019\/12\/logomio.png\",\"width\":115,\"height\":82,\"caption\":\"MioMio Run\"},\"image\":{\"@id\":\"https:\/\/www.miomiorun.com\/fr\/#\/schema\/logo\/image\/\"},\"sameAs\":[\"https:\/\/www.facebook.com\/miomiorun\/\",\"https:\/\/www.instagram.com\/miomiorun\/\"]}]}<\/script>\n<!-- \/ Yoast SEO plugin. -->","yoast_head_json":{"title":"Cep 80's Mid Cut Socks femme - Chaussettes de course - MioMioRun","description":"Une chaussette courte de sport \u00e0 compression avec rembourrage anatomique au niveau du pied et fibres absorbant l'humidit\u00e9. Le look des ann\u00e9es 80 n'a jamais \u00e9t\u00e9 aussi agr\u00e9able.","robots":{"index":"index","follow":"follow","max-snippet":"max-snippet:-1","max-image-preview":"max-image-preview:large","max-video-preview":"max-video-preview:-1"},"canonical":"https:\/\/www.miomiorun.com\/fr\/produit\/cep-80s-mid-cut-socks-femme\/","og_locale":"fr_FR","og_type":"article","og_title":"Cep 80's Mid Cut Socks femme - Chaussettes de course - MioMioRun","og_description":"Une chaussette courte de sport \u00e0 compression avec rembourrage anatomique au niveau du pied et fibres absorbant l'humidit\u00e9. Le look des ann\u00e9es 80 n'a jamais \u00e9t\u00e9 aussi agr\u00e9able.","og_url":"https:\/\/www.miomiorun.com\/fr\/produit\/cep-80s-mid-cut-socks-femme\/","og_site_name":"MioMioRun","article_publisher":"https:\/\/www.facebook.com\/miomiorun\/","article_modified_time":"2026-01-21T09:41:10+00:00","og_image":[{"width":600,"height":600,"url":"https:\/\/www.miomiorun.com\/app\/uploads\/2020\/10\/cep-80s-Mid-Cut-Compression-Socks-WP4CBV.jpg","type":"image\/jpeg"}],"twitter_card":"summary_large_image","twitter_misc":{"Est. reading time":"1 minute"},"schema":{"@context":"https:\/\/schema.org","@graph":[{"@type":"WebPage","@id":"https:\/\/www.miomiorun.com\/fr\/produit\/cep-80s-mid-cut-socks-femme\/","url":"https:\/\/www.miomiorun.com\/fr\/produit\/cep-80s-mid-cut-socks-femme\/","name":"Cep 80's Mid Cut Socks femme - Chaussettes de course - MioMioRun","isPartOf":{"@id":"https:\/\/www.miomiorun.com\/fr\/#website"},"primaryImageOfPage":{"@id":"https:\/\/www.miomiorun.com\/fr\/produit\/cep-80s-mid-cut-socks-femme\/#primaryimage"},"image":{"@id":"https:\/\/www.miomiorun.com\/fr\/produit\/cep-80s-mid-cut-socks-femme\/#primaryimage"},"thumbnailUrl":"https:\/\/www.miomiorun.com\/app\/uploads\/2020\/10\/cep-80s-Mid-Cut-Compression-Socks-WP4CBV.jpg","datePublished":"2020-10-29T08:36:50+00:00","dateModified":"2026-01-21T09:41:10+00:00","description":"Une chaussette courte de sport \u00e0 compression avec rembourrage anatomique au niveau du pied et fibres absorbant l'humidit\u00e9. Le look des ann\u00e9es 80 n'a jamais \u00e9t\u00e9 aussi agr\u00e9able.","breadcrumb":{"@id":"https:\/\/www.miomiorun.com\/fr\/produit\/cep-80s-mid-cut-socks-femme\/#breadcrumb"},"inLanguage":"fr-FR","potentialAction":[{"@type":"ReadAction","target":["https:\/\/www.miomiorun.com\/fr\/produit\/cep-80s-mid-cut-socks-femme\/"]}]},{"@type":"ImageObject","inLanguage":"fr-FR","@id":"https:\/\/www.miomiorun.com\/fr\/produit\/cep-80s-mid-cut-socks-femme\/#primaryimage","url":"https:\/\/www.miomiorun.com\/app\/uploads\/2020\/10\/cep-80s-Mid-Cut-Compression-Socks-WP4CBV.jpg","contentUrl":"https:\/\/www.miomiorun.com\/app\/uploads\/2020\/10\/cep-80s-Mid-Cut-Compression-Socks-WP4CBV.jpg","width":600,"height":600,"caption":"cep 80s mid cut compression"},{"@type":"BreadcrumbList","@id":"https:\/\/www.miomiorun.com\/fr\/produit\/cep-80s-mid-cut-socks-femme\/#breadcrumb","itemListElement":[{"@type":"ListItem","position":1,"name":"Home","item":"https:\/\/www.miomiorun.com\/fr\/home-page\/"},{"@type":"ListItem","position":2,"name":"Shop","item":"https:\/\/www.miomiorun.com\/shop\/"},{"@type":"ListItem","position":3,"name":"80&#8217;s Mid Cut Socks femme"}]},{"@type":"WebSite","@id":"https:\/\/www.miomiorun.com\/fr\/#website","url":"https:\/\/www.miomiorun.com\/fr\/","name":"MioMioRun","description":"Boutique 100% running et trail","publisher":{"@id":"https:\/\/www.miomiorun.com\/fr\/#organization"},"potentialAction":[{"@type":"SearchAction","target":{"@type":"EntryPoint","urlTemplate":"https:\/\/www.miomiorun.com\/fr\/?s={search_term_string}"},"query-input":{"@type":"PropertyValueSpecification","valueRequired":true,"valueName":"search_term_string"}}],"inLanguage":"fr-FR"},{"@type":"Organization","@id":"https:\/\/www.miomiorun.com\/fr\/#organization","name":"MioMio Run","url":"https:\/\/www.miomiorun.com\/fr\/","logo":{"@type":"ImageObject","inLanguage":"fr-FR","@id":"https:\/\/www.miomiorun.com\/fr\/#\/schema\/logo\/image\/","url":"https:\/\/www.miomiorun.com\/app\/uploads\/2019\/12\/logomio.png","contentUrl":"https:\/\/www.miomiorun.com\/app\/uploads\/2019\/12\/logomio.png","width":115,"height":82,"caption":"MioMio Run"},"image":{"@id":"https:\/\/www.miomiorun.com\/fr\/#\/schema\/logo\/image\/"},"sameAs":["https:\/\/www.facebook.com\/miomiorun\/","https:\/\/www.instagram.com\/miomiorun\/"]}]}},"_links":{"self":[{"href":"https:\/\/www.miomiorun.com\/fr\/wp-json\/wp\/v2\/product\/276116","targetHints":{"allow":["GET"]}}],"collection":[{"href":"https:\/\/www.miomiorun.com\/fr\/wp-json\/wp\/v2\/product"}],"about":[{"href":"https:\/\/www.miomiorun.com\/fr\/wp-json\/wp\/v2\/types\/product"}],"wp:featuredmedia":[{"embeddable":true,"href":"https:\/\/www.miomiorun.com\/fr\/wp-json\/wp\/v2\/media\/230937"}],"wp:attachment":[{"href":"https:\/\/www.miomiorun.com\/fr\/wp-json\/wp\/v2\/media?parent=276116"}],"wp:term":[{"taxonomy":"product_brand","embeddable":true,"href":"https:\/\/www.miomiorun.com\/fr\/wp-json\/wp\/v2\/product_brand?post=276116"},{"taxonomy":"product_cat","embeddable":true,"href":"https:\/\/www.miomiorun.com\/fr\/wp-json\/wp\/v2\/product_cat?post=276116"},{"taxonomy":"product_tag","embeddable":true,"href":"https:\/\/www.miomiorun.com\/fr\/wp-json\/wp\/v2\/product_tag?post=276116"}],"curies":[{"name":"wp","href":"https:\/\/api.w.org\/{rel}","templated":true}]}}