{"id":276107,"date":"2020-10-30T17:09:31","date_gmt":"2020-10-30T16:09:31","guid":{"rendered":"https:\/\/miomiorun.com\/prodotto\/montura-thermal-grild-pro-hoody-donna\/"},"modified":"2026-01-16T10:27:15","modified_gmt":"2026-01-16T09:27:15","slug":"montura-thermal-grild-pro-hoody-femme","status":"publish","type":"product","link":"https:\/\/www.miomiorun.com\/fr\/produit\/montura-thermal-grild-pro-hoody-femme\/","title":{"rendered":"Thermal Grild Pro Hoody femme"},"content":{"rendered":"<div class=\"product-attribute product-attribute-passion\">\n<p>Pull ouvert \u00e0 capuche pour femme. Tissu polaire polyester 4-way stretch avec grattage \u00ab grid \u00bb sur l&#8217;envers, haute protection contre les rayons UV, partiellement doubl\u00e9 en tissu mesh. Fermeture \u00e9clair au centre sur le devant, poches mains zipp\u00e9es, poche poitrine zipp\u00e9e, capuche et bas \u00e9lastiqu\u00e9s. V\u00eatement id\u00e9al pour diverses activit\u00e9s de plein air et de loisirs.<\/p>\n<p class=\"product-weight\">Poids : 0,31 kg<\/p>\n<div class=\"product-info-main\">\n<div class=\"product-attribute-season\"><img loading=\"lazy\" decoding=\"async\" class=\"\" src=\"https:\/\/sow.montura.it\/pers\/Media\/Image\/caratteristiche\/climate3.png\" alt=\"Caldo\/Freddo\" width=\"115\" height=\"122\"><\/div>\n<div class=\"product-attribute-features\"><\/div>\n<div class=\"product-attribute product-attribute-passion\">\n<div class=\"attribute-label\">Activit\u00e9s<\/div>\n<ul>\n<li>Escalade &#8211; Alpinisme<\/li>\n<li>Course \u00e0 pied &#8211; Fitness<\/li>\n<li>Ski &#8211; Ski alpinisme<\/li>\n<li>Trekking &#8211; Voyage<\/li>\n<\/ul>\n<\/div>\n<\/div>\n<div class=\"product info detailed\">\n<div class=\"product data items\" role=\"tablist\"><\/div>\n<\/div>\n<div id=\"materials\" class=\"data item content\" role=\"tabpanel\" data-role=\"content\" aria-labelledby=\"tab-label-materials\" aria-hidden=\"false\">\n<div class=\"product-materials-content\">\n<div class=\"texture-content secondary-texture\">\n<div class=\"content\">\n<div class=\"texture-text\">\n<div id=\"laundry\" class=\"data item content\" role=\"tabpanel\" data-role=\"content\" aria-labelledby=\"tab-label-laundry\" aria-hidden=\"false\">\n<div class=\"laundry-content\">\n<div class=\"laundry-sides-texture\">\n<p>&nbsp;<\/p>\n<\/div>\n<\/div>\n<\/div>\n<\/div>\n<\/div>\n<\/div>\n<\/div>\n<\/div>\n<\/div>\n","protected":false},"excerpt":{"rendered":"<p>Pull ouvert \u00e0 capuche pour femme. Tissu polaire polyester 4-way stretch avec grattage \u00ab grid \u00bb sur l&#8217;envers, haute protection contre les rayons UV, partiellement doubl\u00e9 en tissu mesh. Fermeture \u00e9clair au centre sur le devant, poches mains zipp\u00e9es, poche poitrine zipp\u00e9e, capuche et bas \u00e9lastiqu\u00e9s. V\u00eatement id\u00e9al pour diverses activit\u00e9s de plein air et &hellip; <a href=\"https:\/\/www.miomiorun.com\/fr\/produit\/montura-thermal-grild-pro-hoody-femme\/\">Continued<\/a><\/p>\n","protected":false},"featured_media":230815,"template":"","meta":{"_acf_changed":false,"inline_featured_image":false},"product_brand":[],"product_cat":[22601,22596,22595],"product_tag":[23512,23514],"class_list":{"0":"post-276107","1":"product","2":"type-product","3":"status-publish","4":"has-post-thumbnail","6":"product_cat-maillots","7":"product_cat-vetements-pour-femmes","8":"product_cat-femme","9":"product_tag-montura-fr","10":"product_tag-montura-femme","11":"pa_attivita-marcher","12":"pa_attivita-outdoor-fr","13":"pa_colore-thermalgrid-pro-hoody-maglia-w-blu-cenere-rosa-sugar-fr","14":"pa_marca-montura-fr","15":"pa_sesso-femme","16":"pa_size-large-fr","18":"first","19":"instock","20":"taxable","21":"shipping-taxable","22":"purchasable","23":"product-type-variable","24":"wvs-archive-product-wrapper"},"acf":[],"yoast_head":"<!-- This site is optimized with the Yoast SEO plugin v26.8 - https:\/\/yoast.com\/product\/yoast-seo-wordpress\/ -->\n<title>Montura Thermal Grild Pro Hoody femme -Pull d&#039;hiver - MioMioRun<\/title>\n<meta name=\"description\" content=\"Pull ouvert \u00e0 capuche pour femme. Tissu polaire polyester 4-way stretch avec grattage sur l&#039;envers \u00e0 \u00ab grille \u00bb, haute protection contre les rayons UV.\" \/>\n<meta name=\"robots\" content=\"index, follow, max-snippet:-1, max-image-preview:large, max-video-preview:-1\" \/>\n<link rel=\"canonical\" href=\"https:\/\/www.miomiorun.com\/fr\/produit\/montura-thermal-grild-pro-hoody-femme\/\" \/>\n<meta property=\"og:locale\" content=\"fr_FR\" \/>\n<meta property=\"og:type\" content=\"article\" \/>\n<meta property=\"og:title\" content=\"Montura Thermal Grild Pro Hoody femme -Pull d&#039;hiver - MioMioRun\" \/>\n<meta property=\"og:description\" content=\"Pull ouvert \u00e0 capuche pour femme. Tissu polaire polyester 4-way stretch avec grattage sur l&#039;envers \u00e0 \u00ab grille \u00bb, haute protection contre les rayons UV.\" \/>\n<meta property=\"og:url\" content=\"https:\/\/www.miomiorun.com\/fr\/produit\/montura-thermal-grild-pro-hoody-femme\/\" \/>\n<meta property=\"og:site_name\" content=\"MioMioRun\" \/>\n<meta property=\"article:publisher\" content=\"https:\/\/www.facebook.com\/miomiorun\/\" \/>\n<meta property=\"article:modified_time\" content=\"2026-01-16T09:27:15+00:00\" \/>\n<meta property=\"og:image\" content=\"https:\/\/www.miomiorun.com\/app\/uploads\/2020\/10\/thermalgrid-ro-hoody-maglia-MMAP72W-8604.jpg\" \/>\n\t<meta property=\"og:image:width\" content=\"600\" \/>\n\t<meta property=\"og:image:height\" content=\"600\" \/>\n\t<meta property=\"og:image:type\" content=\"image\/jpeg\" \/>\n<meta name=\"twitter:card\" content=\"summary_large_image\" \/>\n<script type=\"application\/ld+json\" class=\"yoast-schema-graph\">{\"@context\":\"https:\/\/schema.org\",\"@graph\":[{\"@type\":\"WebPage\",\"@id\":\"https:\/\/www.miomiorun.com\/fr\/produit\/montura-thermal-grild-pro-hoody-femme\/\",\"url\":\"https:\/\/www.miomiorun.com\/fr\/produit\/montura-thermal-grild-pro-hoody-femme\/\",\"name\":\"Montura Thermal Grild Pro Hoody femme -Pull d'hiver - MioMioRun\",\"isPartOf\":{\"@id\":\"https:\/\/www.miomiorun.com\/fr\/#website\"},\"primaryImageOfPage\":{\"@id\":\"https:\/\/www.miomiorun.com\/fr\/produit\/montura-thermal-grild-pro-hoody-femme\/#primaryimage\"},\"image\":{\"@id\":\"https:\/\/www.miomiorun.com\/fr\/produit\/montura-thermal-grild-pro-hoody-femme\/#primaryimage\"},\"thumbnailUrl\":\"https:\/\/www.miomiorun.com\/app\/uploads\/2020\/10\/thermalgrid-ro-hoody-maglia-MMAP72W-8604.jpg\",\"datePublished\":\"2020-10-30T16:09:31+00:00\",\"dateModified\":\"2026-01-16T09:27:15+00:00\",\"description\":\"Pull ouvert \u00e0 capuche pour femme. Tissu polaire polyester 4-way stretch avec grattage sur l'envers \u00e0 \u00ab grille \u00bb, haute protection contre les rayons UV.\",\"breadcrumb\":{\"@id\":\"https:\/\/www.miomiorun.com\/fr\/produit\/montura-thermal-grild-pro-hoody-femme\/#breadcrumb\"},\"inLanguage\":\"fr-FR\",\"potentialAction\":[{\"@type\":\"ReadAction\",\"target\":[\"https:\/\/www.miomiorun.com\/fr\/produit\/montura-thermal-grild-pro-hoody-femme\/\"]}]},{\"@type\":\"ImageObject\",\"inLanguage\":\"fr-FR\",\"@id\":\"https:\/\/www.miomiorun.com\/fr\/produit\/montura-thermal-grild-pro-hoody-femme\/#primaryimage\",\"url\":\"https:\/\/www.miomiorun.com\/app\/uploads\/2020\/10\/thermalgrid-ro-hoody-maglia-MMAP72W-8604.jpg\",\"contentUrl\":\"https:\/\/www.miomiorun.com\/app\/uploads\/2020\/10\/thermalgrid-ro-hoody-maglia-MMAP72W-8604.jpg\",\"width\":600,\"height\":600,\"caption\":\"thermalgrid ro hood maglia\"},{\"@type\":\"BreadcrumbList\",\"@id\":\"https:\/\/www.miomiorun.com\/fr\/produit\/montura-thermal-grild-pro-hoody-femme\/#breadcrumb\",\"itemListElement\":[{\"@type\":\"ListItem\",\"position\":1,\"name\":\"Home\",\"item\":\"https:\/\/www.miomiorun.com\/fr\/home-page\/\"},{\"@type\":\"ListItem\",\"position\":2,\"name\":\"Shop\",\"item\":\"https:\/\/www.miomiorun.com\/shop\/\"},{\"@type\":\"ListItem\",\"position\":3,\"name\":\"Thermal Grild Pro Hoody femme\"}]},{\"@type\":\"WebSite\",\"@id\":\"https:\/\/www.miomiorun.com\/fr\/#website\",\"url\":\"https:\/\/www.miomiorun.com\/fr\/\",\"name\":\"MioMioRun\",\"description\":\"Boutique 100% running et trail\",\"publisher\":{\"@id\":\"https:\/\/www.miomiorun.com\/fr\/#organization\"},\"potentialAction\":[{\"@type\":\"SearchAction\",\"target\":{\"@type\":\"EntryPoint\",\"urlTemplate\":\"https:\/\/www.miomiorun.com\/fr\/?s={search_term_string}\"},\"query-input\":{\"@type\":\"PropertyValueSpecification\",\"valueRequired\":true,\"valueName\":\"search_term_string\"}}],\"inLanguage\":\"fr-FR\"},{\"@type\":\"Organization\",\"@id\":\"https:\/\/www.miomiorun.com\/fr\/#organization\",\"name\":\"MioMio Run\",\"url\":\"https:\/\/www.miomiorun.com\/fr\/\",\"logo\":{\"@type\":\"ImageObject\",\"inLanguage\":\"fr-FR\",\"@id\":\"https:\/\/www.miomiorun.com\/fr\/#\/schema\/logo\/image\/\",\"url\":\"https:\/\/www.miomiorun.com\/app\/uploads\/2019\/12\/logomio.png\",\"contentUrl\":\"https:\/\/www.miomiorun.com\/app\/uploads\/2019\/12\/logomio.png\",\"width\":115,\"height\":82,\"caption\":\"MioMio Run\"},\"image\":{\"@id\":\"https:\/\/www.miomiorun.com\/fr\/#\/schema\/logo\/image\/\"},\"sameAs\":[\"https:\/\/www.facebook.com\/miomiorun\/\",\"https:\/\/www.instagram.com\/miomiorun\/\"]}]}<\/script>\n<!-- \/ Yoast SEO plugin. -->","yoast_head_json":{"title":"Montura Thermal Grild Pro Hoody femme -Pull d'hiver - MioMioRun","description":"Pull ouvert \u00e0 capuche pour femme. Tissu polaire polyester 4-way stretch avec grattage sur l'envers \u00e0 \u00ab grille \u00bb, haute protection contre les rayons UV.","robots":{"index":"index","follow":"follow","max-snippet":"max-snippet:-1","max-image-preview":"max-image-preview:large","max-video-preview":"max-video-preview:-1"},"canonical":"https:\/\/www.miomiorun.com\/fr\/produit\/montura-thermal-grild-pro-hoody-femme\/","og_locale":"fr_FR","og_type":"article","og_title":"Montura Thermal Grild Pro Hoody femme -Pull d'hiver - MioMioRun","og_description":"Pull ouvert \u00e0 capuche pour femme. Tissu polaire polyester 4-way stretch avec grattage sur l'envers \u00e0 \u00ab grille \u00bb, haute protection contre les rayons UV.","og_url":"https:\/\/www.miomiorun.com\/fr\/produit\/montura-thermal-grild-pro-hoody-femme\/","og_site_name":"MioMioRun","article_publisher":"https:\/\/www.facebook.com\/miomiorun\/","article_modified_time":"2026-01-16T09:27:15+00:00","og_image":[{"width":600,"height":600,"url":"https:\/\/www.miomiorun.com\/app\/uploads\/2020\/10\/thermalgrid-ro-hoody-maglia-MMAP72W-8604.jpg","type":"image\/jpeg"}],"twitter_card":"summary_large_image","schema":{"@context":"https:\/\/schema.org","@graph":[{"@type":"WebPage","@id":"https:\/\/www.miomiorun.com\/fr\/produit\/montura-thermal-grild-pro-hoody-femme\/","url":"https:\/\/www.miomiorun.com\/fr\/produit\/montura-thermal-grild-pro-hoody-femme\/","name":"Montura Thermal Grild Pro Hoody femme -Pull d'hiver - MioMioRun","isPartOf":{"@id":"https:\/\/www.miomiorun.com\/fr\/#website"},"primaryImageOfPage":{"@id":"https:\/\/www.miomiorun.com\/fr\/produit\/montura-thermal-grild-pro-hoody-femme\/#primaryimage"},"image":{"@id":"https:\/\/www.miomiorun.com\/fr\/produit\/montura-thermal-grild-pro-hoody-femme\/#primaryimage"},"thumbnailUrl":"https:\/\/www.miomiorun.com\/app\/uploads\/2020\/10\/thermalgrid-ro-hoody-maglia-MMAP72W-8604.jpg","datePublished":"2020-10-30T16:09:31+00:00","dateModified":"2026-01-16T09:27:15+00:00","description":"Pull ouvert \u00e0 capuche pour femme. Tissu polaire polyester 4-way stretch avec grattage sur l'envers \u00e0 \u00ab grille \u00bb, haute protection contre les rayons UV.","breadcrumb":{"@id":"https:\/\/www.miomiorun.com\/fr\/produit\/montura-thermal-grild-pro-hoody-femme\/#breadcrumb"},"inLanguage":"fr-FR","potentialAction":[{"@type":"ReadAction","target":["https:\/\/www.miomiorun.com\/fr\/produit\/montura-thermal-grild-pro-hoody-femme\/"]}]},{"@type":"ImageObject","inLanguage":"fr-FR","@id":"https:\/\/www.miomiorun.com\/fr\/produit\/montura-thermal-grild-pro-hoody-femme\/#primaryimage","url":"https:\/\/www.miomiorun.com\/app\/uploads\/2020\/10\/thermalgrid-ro-hoody-maglia-MMAP72W-8604.jpg","contentUrl":"https:\/\/www.miomiorun.com\/app\/uploads\/2020\/10\/thermalgrid-ro-hoody-maglia-MMAP72W-8604.jpg","width":600,"height":600,"caption":"thermalgrid ro hood maglia"},{"@type":"BreadcrumbList","@id":"https:\/\/www.miomiorun.com\/fr\/produit\/montura-thermal-grild-pro-hoody-femme\/#breadcrumb","itemListElement":[{"@type":"ListItem","position":1,"name":"Home","item":"https:\/\/www.miomiorun.com\/fr\/home-page\/"},{"@type":"ListItem","position":2,"name":"Shop","item":"https:\/\/www.miomiorun.com\/shop\/"},{"@type":"ListItem","position":3,"name":"Thermal Grild Pro Hoody femme"}]},{"@type":"WebSite","@id":"https:\/\/www.miomiorun.com\/fr\/#website","url":"https:\/\/www.miomiorun.com\/fr\/","name":"MioMioRun","description":"Boutique 100% running et trail","publisher":{"@id":"https:\/\/www.miomiorun.com\/fr\/#organization"},"potentialAction":[{"@type":"SearchAction","target":{"@type":"EntryPoint","urlTemplate":"https:\/\/www.miomiorun.com\/fr\/?s={search_term_string}"},"query-input":{"@type":"PropertyValueSpecification","valueRequired":true,"valueName":"search_term_string"}}],"inLanguage":"fr-FR"},{"@type":"Organization","@id":"https:\/\/www.miomiorun.com\/fr\/#organization","name":"MioMio Run","url":"https:\/\/www.miomiorun.com\/fr\/","logo":{"@type":"ImageObject","inLanguage":"fr-FR","@id":"https:\/\/www.miomiorun.com\/fr\/#\/schema\/logo\/image\/","url":"https:\/\/www.miomiorun.com\/app\/uploads\/2019\/12\/logomio.png","contentUrl":"https:\/\/www.miomiorun.com\/app\/uploads\/2019\/12\/logomio.png","width":115,"height":82,"caption":"MioMio Run"},"image":{"@id":"https:\/\/www.miomiorun.com\/fr\/#\/schema\/logo\/image\/"},"sameAs":["https:\/\/www.facebook.com\/miomiorun\/","https:\/\/www.instagram.com\/miomiorun\/"]}]}},"_links":{"self":[{"href":"https:\/\/www.miomiorun.com\/fr\/wp-json\/wp\/v2\/product\/276107","targetHints":{"allow":["GET"]}}],"collection":[{"href":"https:\/\/www.miomiorun.com\/fr\/wp-json\/wp\/v2\/product"}],"about":[{"href":"https:\/\/www.miomiorun.com\/fr\/wp-json\/wp\/v2\/types\/product"}],"wp:featuredmedia":[{"embeddable":true,"href":"https:\/\/www.miomiorun.com\/fr\/wp-json\/wp\/v2\/media\/230815"}],"wp:attachment":[{"href":"https:\/\/www.miomiorun.com\/fr\/wp-json\/wp\/v2\/media?parent=276107"}],"wp:term":[{"taxonomy":"product_brand","embeddable":true,"href":"https:\/\/www.miomiorun.com\/fr\/wp-json\/wp\/v2\/product_brand?post=276107"},{"taxonomy":"product_cat","embeddable":true,"href":"https:\/\/www.miomiorun.com\/fr\/wp-json\/wp\/v2\/product_cat?post=276107"},{"taxonomy":"product_tag","embeddable":true,"href":"https:\/\/www.miomiorun.com\/fr\/wp-json\/wp\/v2\/product_tag?post=276107"}],"curies":[{"name":"wp","href":"https:\/\/api.w.org\/{rel}","templated":true}]}}