{"id":276054,"date":"2020-10-31T16:13:55","date_gmt":"2020-10-31T15:13:55","guid":{"rendered":"https:\/\/miomiorun.com\/prodotto\/montura-mountain-pro-2-pants-uomo\/"},"modified":"2026-01-16T10:33:45","modified_gmt":"2026-01-16T09:33:45","slug":"montura-mountain-pro-2-pants-homme","status":"publish","type":"product","link":"https:\/\/www.miomiorun.com\/fr\/produit\/montura-mountain-pro-2-pants-homme\/","title":{"rendered":"Mountain Pro 2 Pants homme"},"content":{"rendered":"<div class=\"product-attribute product-attribute-featured-materials\">\n<p>&nbsp;Pantalon long pour homme en nylon DWR 4-way stretch r\u00e9sistant \u00e0 l&#8217;usure. Renfort aux genoux en nylon DWR stretch, taille \u00e9lastiqu\u00e9e avec passants, ouverture avec bouton, fermeture \u00e9clair et velcro, poches mains zipp\u00e9es, poche arri\u00e8re zipp\u00e9e, poches lat\u00e9rales zipp\u00e9es. Bas ajustable, r\u00e9glage du bas avec fermeture \u00e9clair et soufflet. V\u00eatement id\u00e9al pour l&#8217;alpinisme et diverses activit\u00e9s de plein air.<\/p>\n<p class=\"product-weight\">Poids : 0,45 kg<\/p>\n<div class=\"product-attribute-season\"><\/div>\n<\/div>\n","protected":false},"excerpt":{"rendered":"<p>&nbsp;Pantalon long pour homme en nylon DWR 4-way stretch r\u00e9sistant \u00e0 l&#8217;usure. Renfort aux genoux en nylon DWR stretch, taille \u00e9lastiqu\u00e9e avec passants, ouverture avec bouton, fermeture \u00e9clair et velcro, poches mains zipp\u00e9es, poche arri\u00e8re zipp\u00e9e, poches lat\u00e9rales zipp\u00e9es. Bas ajustable, r\u00e9glage du bas avec fermeture \u00e9clair et soufflet. V\u00eatement id\u00e9al pour l&#8217;alpinisme et diverses &hellip; <a href=\"https:\/\/www.miomiorun.com\/fr\/produit\/montura-mountain-pro-2-pants-homme\/\">Continued<\/a><\/p>\n","protected":false},"featured_media":230869,"template":"","meta":{"_acf_changed":false,"inline_featured_image":false},"product_brand":[],"product_cat":[24252,24430],"product_tag":[23512,23524],"class_list":{"0":"post-276054","1":"product","2":"type-product","3":"status-publish","4":"has-post-thumbnail","6":"product_cat-pantalon-long-fr","7":"product_cat-vetements-pour-hommes","8":"product_tag-montura-fr","9":"product_tag-montura-homme","10":"pa_attivita-marcher","11":"pa_attivita-outdoor-fr","12":"pa_colore-mountain-pro-2-pants-m-nero-fr","13":"pa_marca-montura-fr","14":"pa_sesso-homme","15":"pa_size-extra-large-fr","17":"first","18":"instock","19":"sale","20":"taxable","21":"shipping-taxable","22":"purchasable","23":"product-type-variable","24":"wvs-archive-product-wrapper"},"acf":[],"yoast_head":"<!-- This site is optimized with the Yoast SEO plugin v26.8 - https:\/\/yoast.com\/product\/yoast-seo-wordpress\/ -->\n<title>Montura Mountain Pro 2 Pants homme - Pantalons longs - MioMioRun<\/title>\n<meta name=\"description\" content=\"\u00a0Pantalon long pour homme en nylon DWR 4-way stretch r\u00e9sistant \u00e0 l&#039;usure. Bas ajustable. V\u00eatement id\u00e9al pour l&#039;alpinisme et diverses activit\u00e9s de plein air.\" \/>\n<meta name=\"robots\" content=\"index, follow, max-snippet:-1, max-image-preview:large, max-video-preview:-1\" \/>\n<link rel=\"canonical\" href=\"https:\/\/www.miomiorun.com\/fr\/produit\/montura-mountain-pro-2-pants-homme\/\" \/>\n<meta property=\"og:locale\" content=\"fr_FR\" \/>\n<meta property=\"og:type\" content=\"article\" \/>\n<meta property=\"og:title\" content=\"Montura Mountain Pro 2 Pants homme - Pantalons longs - MioMioRun\" \/>\n<meta property=\"og:description\" content=\"\u00a0Pantalon long pour homme en nylon DWR 4-way stretch r\u00e9sistant \u00e0 l&#039;usure. Bas ajustable. V\u00eatement id\u00e9al pour l&#039;alpinisme et diverses activit\u00e9s de plein air.\" \/>\n<meta property=\"og:url\" content=\"https:\/\/www.miomiorun.com\/fr\/produit\/montura-mountain-pro-2-pants-homme\/\" \/>\n<meta property=\"og:site_name\" content=\"MioMioRun\" \/>\n<meta property=\"article:publisher\" content=\"https:\/\/www.facebook.com\/miomiorun\/\" \/>\n<meta property=\"article:modified_time\" content=\"2026-01-16T09:33:45+00:00\" \/>\n<meta property=\"og:image\" content=\"https:\/\/www.miomiorun.com\/app\/uploads\/2020\/10\/mountain-pro-2-pants-MPLS31X-90.jpg\" \/>\n\t<meta property=\"og:image:width\" content=\"600\" \/>\n\t<meta property=\"og:image:height\" content=\"600\" \/>\n\t<meta property=\"og:image:type\" content=\"image\/jpeg\" \/>\n<meta name=\"twitter:card\" content=\"summary_large_image\" \/>\n<script type=\"application\/ld+json\" class=\"yoast-schema-graph\">{\"@context\":\"https:\/\/schema.org\",\"@graph\":[{\"@type\":\"WebPage\",\"@id\":\"https:\/\/www.miomiorun.com\/fr\/produit\/montura-mountain-pro-2-pants-homme\/\",\"url\":\"https:\/\/www.miomiorun.com\/fr\/produit\/montura-mountain-pro-2-pants-homme\/\",\"name\":\"Montura Mountain Pro 2 Pants homme - Pantalons longs - MioMioRun\",\"isPartOf\":{\"@id\":\"https:\/\/www.miomiorun.com\/fr\/#website\"},\"primaryImageOfPage\":{\"@id\":\"https:\/\/www.miomiorun.com\/fr\/produit\/montura-mountain-pro-2-pants-homme\/#primaryimage\"},\"image\":{\"@id\":\"https:\/\/www.miomiorun.com\/fr\/produit\/montura-mountain-pro-2-pants-homme\/#primaryimage\"},\"thumbnailUrl\":\"https:\/\/www.miomiorun.com\/app\/uploads\/2020\/10\/mountain-pro-2-pants-MPLS31X-90.jpg\",\"datePublished\":\"2020-10-31T15:13:55+00:00\",\"dateModified\":\"2026-01-16T09:33:45+00:00\",\"description\":\"\u00a0Pantalon long pour homme en nylon DWR 4-way stretch r\u00e9sistant \u00e0 l'usure. Bas ajustable. V\u00eatement id\u00e9al pour l'alpinisme et diverses activit\u00e9s de plein air.\",\"breadcrumb\":{\"@id\":\"https:\/\/www.miomiorun.com\/fr\/produit\/montura-mountain-pro-2-pants-homme\/#breadcrumb\"},\"inLanguage\":\"fr-FR\",\"potentialAction\":[{\"@type\":\"ReadAction\",\"target\":[\"https:\/\/www.miomiorun.com\/fr\/produit\/montura-mountain-pro-2-pants-homme\/\"]}]},{\"@type\":\"ImageObject\",\"inLanguage\":\"fr-FR\",\"@id\":\"https:\/\/www.miomiorun.com\/fr\/produit\/montura-mountain-pro-2-pants-homme\/#primaryimage\",\"url\":\"https:\/\/www.miomiorun.com\/app\/uploads\/2020\/10\/mountain-pro-2-pants-MPLS31X-90.jpg\",\"contentUrl\":\"https:\/\/www.miomiorun.com\/app\/uploads\/2020\/10\/mountain-pro-2-pants-MPLS31X-90.jpg\",\"width\":600,\"height\":600,\"caption\":\"montura pro 2 pants\"},{\"@type\":\"BreadcrumbList\",\"@id\":\"https:\/\/www.miomiorun.com\/fr\/produit\/montura-mountain-pro-2-pants-homme\/#breadcrumb\",\"itemListElement\":[{\"@type\":\"ListItem\",\"position\":1,\"name\":\"Home\",\"item\":\"https:\/\/www.miomiorun.com\/fr\/home-page\/\"},{\"@type\":\"ListItem\",\"position\":2,\"name\":\"Shop\",\"item\":\"https:\/\/www.miomiorun.com\/shop\/\"},{\"@type\":\"ListItem\",\"position\":3,\"name\":\"Mountain Pro 2 Pants homme\"}]},{\"@type\":\"WebSite\",\"@id\":\"https:\/\/www.miomiorun.com\/fr\/#website\",\"url\":\"https:\/\/www.miomiorun.com\/fr\/\",\"name\":\"MioMioRun\",\"description\":\"Boutique 100% running et trail\",\"publisher\":{\"@id\":\"https:\/\/www.miomiorun.com\/fr\/#organization\"},\"potentialAction\":[{\"@type\":\"SearchAction\",\"target\":{\"@type\":\"EntryPoint\",\"urlTemplate\":\"https:\/\/www.miomiorun.com\/fr\/?s={search_term_string}\"},\"query-input\":{\"@type\":\"PropertyValueSpecification\",\"valueRequired\":true,\"valueName\":\"search_term_string\"}}],\"inLanguage\":\"fr-FR\"},{\"@type\":\"Organization\",\"@id\":\"https:\/\/www.miomiorun.com\/fr\/#organization\",\"name\":\"MioMio Run\",\"url\":\"https:\/\/www.miomiorun.com\/fr\/\",\"logo\":{\"@type\":\"ImageObject\",\"inLanguage\":\"fr-FR\",\"@id\":\"https:\/\/www.miomiorun.com\/fr\/#\/schema\/logo\/image\/\",\"url\":\"https:\/\/www.miomiorun.com\/app\/uploads\/2019\/12\/logomio.png\",\"contentUrl\":\"https:\/\/www.miomiorun.com\/app\/uploads\/2019\/12\/logomio.png\",\"width\":115,\"height\":82,\"caption\":\"MioMio Run\"},\"image\":{\"@id\":\"https:\/\/www.miomiorun.com\/fr\/#\/schema\/logo\/image\/\"},\"sameAs\":[\"https:\/\/www.facebook.com\/miomiorun\/\",\"https:\/\/www.instagram.com\/miomiorun\/\"]}]}<\/script>\n<!-- \/ Yoast SEO plugin. -->","yoast_head_json":{"title":"Montura Mountain Pro 2 Pants homme - Pantalons longs - MioMioRun","description":"\u00a0Pantalon long pour homme en nylon DWR 4-way stretch r\u00e9sistant \u00e0 l'usure. Bas ajustable. V\u00eatement id\u00e9al pour l'alpinisme et diverses activit\u00e9s de plein air.","robots":{"index":"index","follow":"follow","max-snippet":"max-snippet:-1","max-image-preview":"max-image-preview:large","max-video-preview":"max-video-preview:-1"},"canonical":"https:\/\/www.miomiorun.com\/fr\/produit\/montura-mountain-pro-2-pants-homme\/","og_locale":"fr_FR","og_type":"article","og_title":"Montura Mountain Pro 2 Pants homme - Pantalons longs - MioMioRun","og_description":"\u00a0Pantalon long pour homme en nylon DWR 4-way stretch r\u00e9sistant \u00e0 l'usure. Bas ajustable. V\u00eatement id\u00e9al pour l'alpinisme et diverses activit\u00e9s de plein air.","og_url":"https:\/\/www.miomiorun.com\/fr\/produit\/montura-mountain-pro-2-pants-homme\/","og_site_name":"MioMioRun","article_publisher":"https:\/\/www.facebook.com\/miomiorun\/","article_modified_time":"2026-01-16T09:33:45+00:00","og_image":[{"width":600,"height":600,"url":"https:\/\/www.miomiorun.com\/app\/uploads\/2020\/10\/mountain-pro-2-pants-MPLS31X-90.jpg","type":"image\/jpeg"}],"twitter_card":"summary_large_image","schema":{"@context":"https:\/\/schema.org","@graph":[{"@type":"WebPage","@id":"https:\/\/www.miomiorun.com\/fr\/produit\/montura-mountain-pro-2-pants-homme\/","url":"https:\/\/www.miomiorun.com\/fr\/produit\/montura-mountain-pro-2-pants-homme\/","name":"Montura Mountain Pro 2 Pants homme - Pantalons longs - MioMioRun","isPartOf":{"@id":"https:\/\/www.miomiorun.com\/fr\/#website"},"primaryImageOfPage":{"@id":"https:\/\/www.miomiorun.com\/fr\/produit\/montura-mountain-pro-2-pants-homme\/#primaryimage"},"image":{"@id":"https:\/\/www.miomiorun.com\/fr\/produit\/montura-mountain-pro-2-pants-homme\/#primaryimage"},"thumbnailUrl":"https:\/\/www.miomiorun.com\/app\/uploads\/2020\/10\/mountain-pro-2-pants-MPLS31X-90.jpg","datePublished":"2020-10-31T15:13:55+00:00","dateModified":"2026-01-16T09:33:45+00:00","description":"\u00a0Pantalon long pour homme en nylon DWR 4-way stretch r\u00e9sistant \u00e0 l'usure. Bas ajustable. V\u00eatement id\u00e9al pour l'alpinisme et diverses activit\u00e9s de plein air.","breadcrumb":{"@id":"https:\/\/www.miomiorun.com\/fr\/produit\/montura-mountain-pro-2-pants-homme\/#breadcrumb"},"inLanguage":"fr-FR","potentialAction":[{"@type":"ReadAction","target":["https:\/\/www.miomiorun.com\/fr\/produit\/montura-mountain-pro-2-pants-homme\/"]}]},{"@type":"ImageObject","inLanguage":"fr-FR","@id":"https:\/\/www.miomiorun.com\/fr\/produit\/montura-mountain-pro-2-pants-homme\/#primaryimage","url":"https:\/\/www.miomiorun.com\/app\/uploads\/2020\/10\/mountain-pro-2-pants-MPLS31X-90.jpg","contentUrl":"https:\/\/www.miomiorun.com\/app\/uploads\/2020\/10\/mountain-pro-2-pants-MPLS31X-90.jpg","width":600,"height":600,"caption":"montura pro 2 pants"},{"@type":"BreadcrumbList","@id":"https:\/\/www.miomiorun.com\/fr\/produit\/montura-mountain-pro-2-pants-homme\/#breadcrumb","itemListElement":[{"@type":"ListItem","position":1,"name":"Home","item":"https:\/\/www.miomiorun.com\/fr\/home-page\/"},{"@type":"ListItem","position":2,"name":"Shop","item":"https:\/\/www.miomiorun.com\/shop\/"},{"@type":"ListItem","position":3,"name":"Mountain Pro 2 Pants homme"}]},{"@type":"WebSite","@id":"https:\/\/www.miomiorun.com\/fr\/#website","url":"https:\/\/www.miomiorun.com\/fr\/","name":"MioMioRun","description":"Boutique 100% running et trail","publisher":{"@id":"https:\/\/www.miomiorun.com\/fr\/#organization"},"potentialAction":[{"@type":"SearchAction","target":{"@type":"EntryPoint","urlTemplate":"https:\/\/www.miomiorun.com\/fr\/?s={search_term_string}"},"query-input":{"@type":"PropertyValueSpecification","valueRequired":true,"valueName":"search_term_string"}}],"inLanguage":"fr-FR"},{"@type":"Organization","@id":"https:\/\/www.miomiorun.com\/fr\/#organization","name":"MioMio Run","url":"https:\/\/www.miomiorun.com\/fr\/","logo":{"@type":"ImageObject","inLanguage":"fr-FR","@id":"https:\/\/www.miomiorun.com\/fr\/#\/schema\/logo\/image\/","url":"https:\/\/www.miomiorun.com\/app\/uploads\/2019\/12\/logomio.png","contentUrl":"https:\/\/www.miomiorun.com\/app\/uploads\/2019\/12\/logomio.png","width":115,"height":82,"caption":"MioMio Run"},"image":{"@id":"https:\/\/www.miomiorun.com\/fr\/#\/schema\/logo\/image\/"},"sameAs":["https:\/\/www.facebook.com\/miomiorun\/","https:\/\/www.instagram.com\/miomiorun\/"]}]}},"_links":{"self":[{"href":"https:\/\/www.miomiorun.com\/fr\/wp-json\/wp\/v2\/product\/276054","targetHints":{"allow":["GET"]}}],"collection":[{"href":"https:\/\/www.miomiorun.com\/fr\/wp-json\/wp\/v2\/product"}],"about":[{"href":"https:\/\/www.miomiorun.com\/fr\/wp-json\/wp\/v2\/types\/product"}],"wp:featuredmedia":[{"embeddable":true,"href":"https:\/\/www.miomiorun.com\/fr\/wp-json\/wp\/v2\/media\/230869"}],"wp:attachment":[{"href":"https:\/\/www.miomiorun.com\/fr\/wp-json\/wp\/v2\/media?parent=276054"}],"wp:term":[{"taxonomy":"product_brand","embeddable":true,"href":"https:\/\/www.miomiorun.com\/fr\/wp-json\/wp\/v2\/product_brand?post=276054"},{"taxonomy":"product_cat","embeddable":true,"href":"https:\/\/www.miomiorun.com\/fr\/wp-json\/wp\/v2\/product_cat?post=276054"},{"taxonomy":"product_tag","embeddable":true,"href":"https:\/\/www.miomiorun.com\/fr\/wp-json\/wp\/v2\/product_tag?post=276054"}],"curies":[{"name":"wp","href":"https:\/\/api.w.org\/{rel}","templated":true}]}}