{"id":276048,"date":"2020-10-31T16:44:15","date_gmt":"2020-10-31T15:44:15","guid":{"rendered":"https:\/\/miomiorun.com\/prodotto\/montura-evoque-2-pants-uomo\/"},"modified":"2026-01-16T10:25:52","modified_gmt":"2026-01-16T09:25:52","slug":"montura-evoque-2-pants-homme","status":"publish","type":"product","link":"https:\/\/www.miomiorun.com\/fr\/produit\/montura-evoque-2-pants-homme\/","title":{"rendered":"Evoque 2 Pants homme"},"content":{"rendered":"<div class=\"product-attribute product-attribute-featured-materials\">\n<p>Pantalon long pour homme en nylon Thermolite DWR bross\u00e9 \u00e0 l&#8217;int\u00e9rieur. Renforts aux genoux et aux fesses en nylon stretch. Taille \u00e9lastiqu\u00e9e, r\u00e9glable par cordon et ouverture \u00e0 patte, poches mains zipp\u00e9es, poche arri\u00e8re zipp\u00e9e et bas r\u00e9glable par zip et soufflet. V\u00eatement id\u00e9al pour le ski alpinisme, l&#8217;alpinisme et les activit\u00e9s de plein air.<\/p>\n<p class=\"product-weight\">Poids : 0,36 kg<\/p>\n<div class=\"product-attribute-season\"><\/div>\n<\/div>\n","protected":false},"excerpt":{"rendered":"<p>Pantalon long pour homme en nylon Thermolite DWR bross\u00e9 \u00e0 l&#8217;int\u00e9rieur. Renforts aux genoux et aux fesses en nylon stretch. Taille \u00e9lastiqu\u00e9e, r\u00e9glable par cordon et ouverture \u00e0 patte, poches mains zipp\u00e9es, poche arri\u00e8re zipp\u00e9e et bas r\u00e9glable par zip et soufflet. V\u00eatement id\u00e9al pour le ski alpinisme, l&#8217;alpinisme et les activit\u00e9s de plein air. &hellip; <a href=\"https:\/\/www.miomiorun.com\/fr\/produit\/montura-evoque-2-pants-homme\/\">Continued<\/a><\/p>\n","protected":false},"featured_media":230877,"template":"","meta":{"_acf_changed":false,"inline_featured_image":false},"product_brand":[],"product_cat":[24450,24482],"product_tag":[23512,23524],"class_list":{"0":"post-276048","1":"product","2":"type-product","3":"status-publish","4":"has-post-thumbnail","6":"product_cat-pantalon-long-fr-3","7":"product_cat-vetements-pour-hommes-fr","8":"product_tag-montura-fr","9":"product_tag-montura-homme","10":"pa_attivita-marcher","11":"pa_attivita-outdoor-fr","12":"pa_colore-evoque-2-pants-m-nero-fr","13":"pa_colore-evoque-2-pants-nero-celeste-fr","14":"pa_marca-montura-fr","15":"pa_sesso-homme","16":"pa_size-extra-small-fr","17":"pa_size-extra-large-fr","19":"first","20":"instock","21":"sale","22":"taxable","23":"shipping-taxable","24":"purchasable","25":"product-type-variable","26":"wvs-archive-product-wrapper"},"acf":[],"yoast_head":"<!-- This site is optimized with the Yoast SEO plugin v26.8 - https:\/\/yoast.com\/product\/yoast-seo-wordpress\/ -->\n<title>Montura Evoque 2 Pants homme -Pantalons longs - MioMioRun<\/title>\n<meta name=\"description\" content=\"Pantalon long pour homme en nylon Thermolite DWR bross\u00e9 \u00e0 l&#039;int\u00e9rieur. V\u00eatement id\u00e9al pour le ski alpinisme, l&#039;alpinisme et les activit\u00e9s de plein air.\" \/>\n<meta name=\"robots\" content=\"index, follow, max-snippet:-1, max-image-preview:large, max-video-preview:-1\" \/>\n<link rel=\"canonical\" href=\"https:\/\/www.miomiorun.com\/fr\/produit\/montura-evoque-2-pants-homme\/\" \/>\n<meta property=\"og:locale\" content=\"fr_FR\" \/>\n<meta property=\"og:type\" content=\"article\" \/>\n<meta property=\"og:title\" content=\"Montura Evoque 2 Pants homme -Pantalons longs - MioMioRun\" \/>\n<meta property=\"og:description\" content=\"Pantalon long pour homme en nylon Thermolite DWR bross\u00e9 \u00e0 l&#039;int\u00e9rieur. V\u00eatement id\u00e9al pour le ski alpinisme, l&#039;alpinisme et les activit\u00e9s de plein air.\" \/>\n<meta property=\"og:url\" content=\"https:\/\/www.miomiorun.com\/fr\/produit\/montura-evoque-2-pants-homme\/\" \/>\n<meta property=\"og:site_name\" content=\"MioMioRun\" \/>\n<meta property=\"article:publisher\" content=\"https:\/\/www.facebook.com\/miomiorun\/\" \/>\n<meta property=\"article:modified_time\" content=\"2026-01-16T09:25:52+00:00\" \/>\n<meta property=\"og:image\" content=\"https:\/\/www.miomiorun.com\/app\/uploads\/2020\/10\/montura-evoque-2-pants-MPLS53X-90.jpg\" \/>\n\t<meta property=\"og:image:width\" content=\"600\" \/>\n\t<meta property=\"og:image:height\" content=\"600\" \/>\n\t<meta property=\"og:image:type\" content=\"image\/jpeg\" \/>\n<meta name=\"twitter:card\" content=\"summary_large_image\" \/>\n<script type=\"application\/ld+json\" class=\"yoast-schema-graph\">{\"@context\":\"https:\/\/schema.org\",\"@graph\":[{\"@type\":\"WebPage\",\"@id\":\"https:\/\/www.miomiorun.com\/fr\/produit\/montura-evoque-2-pants-homme\/\",\"url\":\"https:\/\/www.miomiorun.com\/fr\/produit\/montura-evoque-2-pants-homme\/\",\"name\":\"Montura Evoque 2 Pants homme -Pantalons longs - MioMioRun\",\"isPartOf\":{\"@id\":\"https:\/\/www.miomiorun.com\/fr\/#website\"},\"primaryImageOfPage\":{\"@id\":\"https:\/\/www.miomiorun.com\/fr\/produit\/montura-evoque-2-pants-homme\/#primaryimage\"},\"image\":{\"@id\":\"https:\/\/www.miomiorun.com\/fr\/produit\/montura-evoque-2-pants-homme\/#primaryimage\"},\"thumbnailUrl\":\"https:\/\/www.miomiorun.com\/app\/uploads\/2020\/10\/montura-evoque-2-pants-MPLS53X-90.jpg\",\"datePublished\":\"2020-10-31T15:44:15+00:00\",\"dateModified\":\"2026-01-16T09:25:52+00:00\",\"description\":\"Pantalon long pour homme en nylon Thermolite DWR bross\u00e9 \u00e0 l'int\u00e9rieur. V\u00eatement id\u00e9al pour le ski alpinisme, l'alpinisme et les activit\u00e9s de plein air.\",\"breadcrumb\":{\"@id\":\"https:\/\/www.miomiorun.com\/fr\/produit\/montura-evoque-2-pants-homme\/#breadcrumb\"},\"inLanguage\":\"fr-FR\",\"potentialAction\":[{\"@type\":\"ReadAction\",\"target\":[\"https:\/\/www.miomiorun.com\/fr\/produit\/montura-evoque-2-pants-homme\/\"]}]},{\"@type\":\"ImageObject\",\"inLanguage\":\"fr-FR\",\"@id\":\"https:\/\/www.miomiorun.com\/fr\/produit\/montura-evoque-2-pants-homme\/#primaryimage\",\"url\":\"https:\/\/www.miomiorun.com\/app\/uploads\/2020\/10\/montura-evoque-2-pants-MPLS53X-90.jpg\",\"contentUrl\":\"https:\/\/www.miomiorun.com\/app\/uploads\/2020\/10\/montura-evoque-2-pants-MPLS53X-90.jpg\",\"width\":600,\"height\":600,\"caption\":\"montura evoque 2 pants\"},{\"@type\":\"BreadcrumbList\",\"@id\":\"https:\/\/www.miomiorun.com\/fr\/produit\/montura-evoque-2-pants-homme\/#breadcrumb\",\"itemListElement\":[{\"@type\":\"ListItem\",\"position\":1,\"name\":\"Home\",\"item\":\"https:\/\/www.miomiorun.com\/fr\/home-page\/\"},{\"@type\":\"ListItem\",\"position\":2,\"name\":\"Shop\",\"item\":\"https:\/\/www.miomiorun.com\/shop\/\"},{\"@type\":\"ListItem\",\"position\":3,\"name\":\"Evoque 2 Pants homme\"}]},{\"@type\":\"WebSite\",\"@id\":\"https:\/\/www.miomiorun.com\/fr\/#website\",\"url\":\"https:\/\/www.miomiorun.com\/fr\/\",\"name\":\"MioMioRun\",\"description\":\"Boutique 100% running et trail\",\"publisher\":{\"@id\":\"https:\/\/www.miomiorun.com\/fr\/#organization\"},\"potentialAction\":[{\"@type\":\"SearchAction\",\"target\":{\"@type\":\"EntryPoint\",\"urlTemplate\":\"https:\/\/www.miomiorun.com\/fr\/?s={search_term_string}\"},\"query-input\":{\"@type\":\"PropertyValueSpecification\",\"valueRequired\":true,\"valueName\":\"search_term_string\"}}],\"inLanguage\":\"fr-FR\"},{\"@type\":\"Organization\",\"@id\":\"https:\/\/www.miomiorun.com\/fr\/#organization\",\"name\":\"MioMio Run\",\"url\":\"https:\/\/www.miomiorun.com\/fr\/\",\"logo\":{\"@type\":\"ImageObject\",\"inLanguage\":\"fr-FR\",\"@id\":\"https:\/\/www.miomiorun.com\/fr\/#\/schema\/logo\/image\/\",\"url\":\"https:\/\/www.miomiorun.com\/app\/uploads\/2019\/12\/logomio.png\",\"contentUrl\":\"https:\/\/www.miomiorun.com\/app\/uploads\/2019\/12\/logomio.png\",\"width\":115,\"height\":82,\"caption\":\"MioMio Run\"},\"image\":{\"@id\":\"https:\/\/www.miomiorun.com\/fr\/#\/schema\/logo\/image\/\"},\"sameAs\":[\"https:\/\/www.facebook.com\/miomiorun\/\",\"https:\/\/www.instagram.com\/miomiorun\/\"]}]}<\/script>\n<!-- \/ Yoast SEO plugin. -->","yoast_head_json":{"title":"Montura Evoque 2 Pants homme -Pantalons longs - MioMioRun","description":"Pantalon long pour homme en nylon Thermolite DWR bross\u00e9 \u00e0 l'int\u00e9rieur. V\u00eatement id\u00e9al pour le ski alpinisme, l'alpinisme et les activit\u00e9s de plein air.","robots":{"index":"index","follow":"follow","max-snippet":"max-snippet:-1","max-image-preview":"max-image-preview:large","max-video-preview":"max-video-preview:-1"},"canonical":"https:\/\/www.miomiorun.com\/fr\/produit\/montura-evoque-2-pants-homme\/","og_locale":"fr_FR","og_type":"article","og_title":"Montura Evoque 2 Pants homme -Pantalons longs - MioMioRun","og_description":"Pantalon long pour homme en nylon Thermolite DWR bross\u00e9 \u00e0 l'int\u00e9rieur. V\u00eatement id\u00e9al pour le ski alpinisme, l'alpinisme et les activit\u00e9s de plein air.","og_url":"https:\/\/www.miomiorun.com\/fr\/produit\/montura-evoque-2-pants-homme\/","og_site_name":"MioMioRun","article_publisher":"https:\/\/www.facebook.com\/miomiorun\/","article_modified_time":"2026-01-16T09:25:52+00:00","og_image":[{"width":600,"height":600,"url":"https:\/\/www.miomiorun.com\/app\/uploads\/2020\/10\/montura-evoque-2-pants-MPLS53X-90.jpg","type":"image\/jpeg"}],"twitter_card":"summary_large_image","schema":{"@context":"https:\/\/schema.org","@graph":[{"@type":"WebPage","@id":"https:\/\/www.miomiorun.com\/fr\/produit\/montura-evoque-2-pants-homme\/","url":"https:\/\/www.miomiorun.com\/fr\/produit\/montura-evoque-2-pants-homme\/","name":"Montura Evoque 2 Pants homme -Pantalons longs - MioMioRun","isPartOf":{"@id":"https:\/\/www.miomiorun.com\/fr\/#website"},"primaryImageOfPage":{"@id":"https:\/\/www.miomiorun.com\/fr\/produit\/montura-evoque-2-pants-homme\/#primaryimage"},"image":{"@id":"https:\/\/www.miomiorun.com\/fr\/produit\/montura-evoque-2-pants-homme\/#primaryimage"},"thumbnailUrl":"https:\/\/www.miomiorun.com\/app\/uploads\/2020\/10\/montura-evoque-2-pants-MPLS53X-90.jpg","datePublished":"2020-10-31T15:44:15+00:00","dateModified":"2026-01-16T09:25:52+00:00","description":"Pantalon long pour homme en nylon Thermolite DWR bross\u00e9 \u00e0 l'int\u00e9rieur. V\u00eatement id\u00e9al pour le ski alpinisme, l'alpinisme et les activit\u00e9s de plein air.","breadcrumb":{"@id":"https:\/\/www.miomiorun.com\/fr\/produit\/montura-evoque-2-pants-homme\/#breadcrumb"},"inLanguage":"fr-FR","potentialAction":[{"@type":"ReadAction","target":["https:\/\/www.miomiorun.com\/fr\/produit\/montura-evoque-2-pants-homme\/"]}]},{"@type":"ImageObject","inLanguage":"fr-FR","@id":"https:\/\/www.miomiorun.com\/fr\/produit\/montura-evoque-2-pants-homme\/#primaryimage","url":"https:\/\/www.miomiorun.com\/app\/uploads\/2020\/10\/montura-evoque-2-pants-MPLS53X-90.jpg","contentUrl":"https:\/\/www.miomiorun.com\/app\/uploads\/2020\/10\/montura-evoque-2-pants-MPLS53X-90.jpg","width":600,"height":600,"caption":"montura evoque 2 pants"},{"@type":"BreadcrumbList","@id":"https:\/\/www.miomiorun.com\/fr\/produit\/montura-evoque-2-pants-homme\/#breadcrumb","itemListElement":[{"@type":"ListItem","position":1,"name":"Home","item":"https:\/\/www.miomiorun.com\/fr\/home-page\/"},{"@type":"ListItem","position":2,"name":"Shop","item":"https:\/\/www.miomiorun.com\/shop\/"},{"@type":"ListItem","position":3,"name":"Evoque 2 Pants homme"}]},{"@type":"WebSite","@id":"https:\/\/www.miomiorun.com\/fr\/#website","url":"https:\/\/www.miomiorun.com\/fr\/","name":"MioMioRun","description":"Boutique 100% running et trail","publisher":{"@id":"https:\/\/www.miomiorun.com\/fr\/#organization"},"potentialAction":[{"@type":"SearchAction","target":{"@type":"EntryPoint","urlTemplate":"https:\/\/www.miomiorun.com\/fr\/?s={search_term_string}"},"query-input":{"@type":"PropertyValueSpecification","valueRequired":true,"valueName":"search_term_string"}}],"inLanguage":"fr-FR"},{"@type":"Organization","@id":"https:\/\/www.miomiorun.com\/fr\/#organization","name":"MioMio Run","url":"https:\/\/www.miomiorun.com\/fr\/","logo":{"@type":"ImageObject","inLanguage":"fr-FR","@id":"https:\/\/www.miomiorun.com\/fr\/#\/schema\/logo\/image\/","url":"https:\/\/www.miomiorun.com\/app\/uploads\/2019\/12\/logomio.png","contentUrl":"https:\/\/www.miomiorun.com\/app\/uploads\/2019\/12\/logomio.png","width":115,"height":82,"caption":"MioMio Run"},"image":{"@id":"https:\/\/www.miomiorun.com\/fr\/#\/schema\/logo\/image\/"},"sameAs":["https:\/\/www.facebook.com\/miomiorun\/","https:\/\/www.instagram.com\/miomiorun\/"]}]}},"_links":{"self":[{"href":"https:\/\/www.miomiorun.com\/fr\/wp-json\/wp\/v2\/product\/276048","targetHints":{"allow":["GET"]}}],"collection":[{"href":"https:\/\/www.miomiorun.com\/fr\/wp-json\/wp\/v2\/product"}],"about":[{"href":"https:\/\/www.miomiorun.com\/fr\/wp-json\/wp\/v2\/types\/product"}],"wp:featuredmedia":[{"embeddable":true,"href":"https:\/\/www.miomiorun.com\/fr\/wp-json\/wp\/v2\/media\/230877"}],"wp:attachment":[{"href":"https:\/\/www.miomiorun.com\/fr\/wp-json\/wp\/v2\/media?parent=276048"}],"wp:term":[{"taxonomy":"product_brand","embeddable":true,"href":"https:\/\/www.miomiorun.com\/fr\/wp-json\/wp\/v2\/product_brand?post=276048"},{"taxonomy":"product_cat","embeddable":true,"href":"https:\/\/www.miomiorun.com\/fr\/wp-json\/wp\/v2\/product_cat?post=276048"},{"taxonomy":"product_tag","embeddable":true,"href":"https:\/\/www.miomiorun.com\/fr\/wp-json\/wp\/v2\/product_tag?post=276048"}],"curies":[{"name":"wp","href":"https:\/\/api.w.org\/{rel}","templated":true}]}}