{"id":276032,"date":"2020-10-31T16:57:26","date_gmt":"2020-10-31T15:57:26","guid":{"rendered":"https:\/\/miomiorun.com\/prodotto\/montura-magic-2-0-jacket-donna\/"},"modified":"2026-01-16T10:37:14","modified_gmt":"2026-01-16T09:37:14","slug":"montura-magic-2-0-jacket-femme","status":"publish","type":"product","link":"https:\/\/www.miomiorun.com\/fr\/produit\/montura-magic-2-0-jacket-femme\/","title":{"rendered":"Magic 2.0 Jacket femme"},"content":{"rendered":"<div class=\"product-attribute-season\">\n<p>Veste imperm\u00e9able pour femme avec capuche en nylon GORE-TEX 3 couches avec membrane 28K\/&lt;3,5 RET. Fermeture \u00e9clair double curseur au centre sur le devant, poches mains zipp\u00e9es, taille avec \u00e9lastiques pr\u00e9-tendus. Capuche avec visi\u00e8re et bande \u00e9lastique ajust\u00e9e au niveau du front, r\u00e9glable \u00e0 l&#8217;arri\u00e8re. Bas fini avec \u00e9lastique, poignets r\u00e9glables par velcro. Applications r\u00e9fl\u00e9chissantes pour une meilleure visibilit\u00e9. V\u00eatement id\u00e9al pour toutes les activit\u00e9s de plein air dynamiques, l&#8217;alpinisme et l&#8217;escalade.<\/p>\n<p class=\"product-weight\">Poids : 0,25 kg<\/p>\n<div class=\"product-attribute-season\">\n<div class=\"attribute_container tw-pb-24 last-of-type:tw-pb-0\">\n<div class=\"content__image-wrapper tw-w-fit \">\n<div class=\"content__image tw-relative tw-w-[3.2rem]\"><img loading=\"lazy\" decoding=\"async\" class=\"tw-absolute tw-top-0 tw-left-0 tw-w-full tw-h-full\" src=\"https:\/\/www.montura.com\/cdn\/shop\/files\/004_Breathable_Black.svg?v=1709125473&amp;width=200\" alt=\"\" width=\"200\" height=\"200\"><\/div>\n<\/div>\n<h3 class=\"tw-text-s tw-pt-[1.2rem] tw-pb-[0.4rem] tw-font-medium\">Respirant<\/h3>\n<p class=\"tw-text-greyish-brown tw-text-xs tw-pt-[0.4rem]\">Gr\u00e2ce \u00e0 ses tissus respirants, ce v\u00eatement favorise la transpiration naturelle de la peau tout en maintenant le corps \u00e0 une temp\u00e9rature optimale. <\/p>\n<\/div>\n<div class=\"attribute_container tw-pb-24 last-of-type:tw-pb-0\">\n<div class=\"content__image-wrapper tw-w-fit \">\n<div class=\"content__image tw-relative tw-w-[3.2rem]\"><img loading=\"lazy\" decoding=\"async\" class=\"tw-absolute tw-top-0 tw-left-0 tw-w-full tw-h-full\" src=\"https:\/\/www.montura.com\/cdn\/shop\/files\/001_Waterproof_Black.svg?v=1709123733&amp;width=200\" alt=\"\" width=\"200\" height=\"200\"><\/div>\n<\/div>\n<h3 class=\"tw-text-s tw-pt-[1.2rem] tw-pb-[0.4rem] tw-font-medium\">Imperm\u00e9able<\/h3>\n<p class=\"tw-text-greyish-brown tw-text-xs tw-pt-[0.4rem]\">Gr\u00e2ce \u00e0 des technologies de fabrication et \u00e0 des tissus hautement performants, ce produit assure une protection totale contre la pluie et la neige. <\/p>\n<\/div>\n<div class=\"attribute_container tw-pb-24 last-of-type:tw-pb-0\">\n<div class=\"content__image-wrapper tw-w-fit \">\n<div class=\"content__image tw-relative tw-w-[3.2rem]\"><img loading=\"lazy\" decoding=\"async\" class=\"tw-absolute tw-top-0 tw-left-0 tw-w-full tw-h-full\" src=\"https:\/\/www.montura.com\/cdn\/shop\/files\/003_Windproof_Black.svg?v=1709125529&amp;width=200\" alt=\"\" width=\"200\" height=\"200\"><\/div>\n<\/div>\n<h3 class=\"tw-text-s tw-pt-[1.2rem] tw-pb-[0.4rem] tw-font-medium\">Coupe-vent<\/h3>\n<p class=\"tw-text-greyish-brown tw-text-xs tw-pt-[0.4rem]\">Le tissu emp\u00eache le vent de p\u00e9n\u00e9trer, r\u00e9duisant ainsi le risque de refroidissement.<\/p>\n<\/div>\n<div class=\"attribute_container tw-pb-24 last-of-type:tw-pb-0\">\n<div class=\"content__image-wrapper tw-w-fit \">\n<div class=\"content__image tw-relative tw-w-[3.2rem]\"><img loading=\"lazy\" decoding=\"async\" class=\"tw-absolute tw-top-0 tw-left-0 tw-w-full tw-h-full\" src=\"https:\/\/www.montura.com\/cdn\/shop\/files\/001_Waterproof_Black.svg?v=1709123733&amp;width=200\" alt=\"\" width=\"200\" height=\"200\"><\/div>\n<\/div>\n<h3 class=\"tw-text-s tw-pt-[1.2rem] tw-pb-[0.4rem] tw-font-medium\">Imperm\u00e9able<\/h3>\n<p class=\"tw-text-greyish-brown tw-text-xs tw-pt-[0.4rem]\">Gr\u00e2ce \u00e0 des technologies de fabrication et \u00e0 des tissus hautement performants, ce produit assure une protection totale contre la pluie et la neige. <\/p>\n<\/div>\n<div class=\"attribute_container tw-pb-24 last-of-type:tw-pb-0\">\n<div class=\"content__image-wrapper tw-w-fit \">\n<div class=\"content__image tw-relative tw-w-[3.2rem]\"><img loading=\"lazy\" decoding=\"async\" class=\"tw-absolute tw-top-0 tw-left-0 tw-w-full tw-h-full\" src=\"https:\/\/www.montura.com\/cdn\/shop\/files\/006_Packable_Black.svg?v=1709125592&amp;width=200\" alt=\"\" width=\"200\" height=\"200\"><\/div>\n<\/div>\n<h3 class=\"tw-text-s tw-pt-[1.2rem] tw-pb-[0.4rem] tw-font-medium\">Compressible<\/h3>\n<p class=\"tw-text-greyish-brown tw-text-xs tw-pt-[0.4rem]\">Ce v\u00eatement a \u00e9t\u00e9 con\u00e7u pour occuper le moins d&#8217;espace possible une fois pli\u00e9 sur lui-m\u00eame. <\/p>\n<\/div>\n<\/div>\n<div class=\"product-attribute product-attribute-featured-materials\">\n<h2 class=\"attribute-label\">Technologie<\/h2>\n<ul>\n<li>gore-tex\u00ae<\/li>\n<\/ul>\n<\/div>\n<div class=\"product-attribute product-attribute-passion\">\n<h2 class=\"attribute-label\">Activit\u00e9<\/h2>\n<div class=\"attribute_container tw-pb-24 last-of-type:tw-pb-0\">\n<div class=\"content__image-wrapper tw-w-fit \">\n<div class=\"content__image tw-relative tw-w-[3.2rem]\"><img loading=\"lazy\" decoding=\"async\" class=\"tw-absolute tw-top-0 tw-left-0 tw-w-full tw-h-full\" src=\"https:\/\/www.montura.com\/cdn\/shop\/files\/017_TrekkingHiking_Black.svg?v=1709126467&amp;width=200\" alt=\"\" width=\"200\" height=\"200\"><\/div>\n<\/div>\n<h3 class=\"tw-text-s tw-pt-[1.2rem] tw-pb-[0.4rem] tw-font-medium\">Trekking \/ Randonn\u00e9e<\/h3>\n<p class=\"tw-text-greyish-brown tw-text-wrap tw-text-xs tw-pt-[0.4rem]\">V\u00eatement con\u00e7u pour la randonn\u00e9e<\/p>\n<\/div>\n<div class=\"attribute_container tw-pb-24 last-of-type:tw-pb-0\">\n<div class=\"content__image-wrapper tw-w-fit \">\n<div class=\"content__image tw-relative tw-w-[3.2rem]\"><img loading=\"lazy\" decoding=\"async\" class=\"tw-absolute tw-top-0 tw-left-0 tw-w-full tw-h-full\" src=\"https:\/\/www.montura.com\/cdn\/shop\/files\/016_SkiMountaineering_Black.svg?v=1709126405&amp;width=200\" alt=\"\" width=\"200\" height=\"188\"><\/div>\n<\/div>\n<h3 class=\"tw-text-s tw-pt-[1.2rem] tw-pb-[0.4rem] tw-font-medium\">Ski alpinisme<\/h3>\n<p class=\"tw-text-greyish-brown tw-text-wrap tw-text-xs tw-pt-[0.4rem]\">V\u00eatement con\u00e7u pour le ski alpinisme<\/p>\n<\/div>\n<div class=\"attribute_container tw-pb-24 last-of-type:tw-pb-0\">\n<div class=\"content__image-wrapper tw-w-fit \">\n<div class=\"content__image tw-relative tw-w-[3.2rem]\"><img loading=\"lazy\" decoding=\"async\" class=\"tw-absolute tw-top-0 tw-left-0 tw-w-full tw-h-full\" src=\"https:\/\/www.montura.com\/cdn\/shop\/files\/019_Climbing_Black.svg?v=1709126445&amp;width=200\" alt=\"\" width=\"200\" height=\"267\"><\/div>\n<\/div>\n<h3 class=\"tw-text-s tw-pt-[1.2rem] tw-pb-[0.4rem] tw-font-medium\">Escalade<\/h3>\n<p class=\"tw-text-greyish-brown tw-text-wrap tw-text-xs tw-pt-[0.4rem]\">V\u00eatement con\u00e7u pour l&#8217;escalade<\/p>\n<\/div>\n<div class=\"attribute_container tw-pb-24 last-of-type:tw-pb-0\">\n<div class=\"content__image-wrapper tw-w-fit \">\n<div class=\"content__image tw-relative tw-w-[3.2rem]\"><img loading=\"lazy\" decoding=\"async\" class=\"tw-absolute tw-top-0 tw-left-0 tw-w-full tw-h-full\" src=\"https:\/\/www.montura.com\/cdn\/shop\/files\/020_TrailRunning_Black.svg?v=1709126484&amp;width=200\" alt=\"\" width=\"200\" height=\"200\"><\/div>\n<\/div>\n<h3 class=\"tw-text-s tw-pt-[1.2rem] tw-pb-[0.4rem] tw-font-medium\">Trail Running<\/h3>\n<p class=\"tw-text-greyish-brown tw-text-wrap tw-text-xs tw-pt-[0.4rem]\">V\u00eatement con\u00e7u pour le trail running<\/p>\n<\/div>\n<\/div>\n<\/div>\n","protected":false},"excerpt":{"rendered":"<p>Veste imperm\u00e9able pour femme avec capuche en nylon GORE-TEX 3 couches avec membrane 28K\/&lt;3,5 RET. Fermeture \u00e9clair double curseur au centre sur le devant, poches mains zipp\u00e9es, taille avec \u00e9lastiques pr\u00e9-tendus. Capuche avec visi\u00e8re et bande \u00e9lastique ajust\u00e9e au niveau du front, r\u00e9glable \u00e0 l&#8217;arri\u00e8re. Bas fini avec \u00e9lastique, poignets r\u00e9glables par velcro. Applications r\u00e9fl\u00e9chissantes &hellip; <a href=\"https:\/\/www.miomiorun.com\/fr\/produit\/montura-magic-2-0-jacket-femme\/\">Continued<\/a><\/p>\n","protected":false},"featured_media":230881,"template":"","meta":{"_acf_changed":false,"inline_featured_image":false},"product_brand":[],"product_cat":[22599,22596,22595],"product_tag":[23512,23514],"class_list":{"0":"post-276032","1":"product","2":"type-product","3":"status-publish","4":"has-post-thumbnail","6":"product_cat-vestes","7":"product_cat-vetements-pour-femmes","8":"product_cat-femme","9":"product_tag-montura-fr","10":"product_tag-montura-femme","11":"pa_attivita-marcher","12":"pa_attivita-outdoor-fr","13":"pa_attivita-trail-fr","14":"pa_colore-magic-2-0-jacket-w-nero-fr","15":"pa_marca-montura-fr","16":"pa_sesso-femme","17":"pa_size-extra-small-fr","19":"first","20":"instock","21":"sale","22":"taxable","23":"shipping-taxable","24":"purchasable","25":"product-type-variable","26":"wvs-archive-product-wrapper"},"acf":[],"yoast_head":"<!-- This site is optimized with the Yoast SEO plugin v26.8 - https:\/\/yoast.com\/product\/yoast-seo-wordpress\/ -->\n<title>Montura Magic 2.0 Jacket femme - Veste d&#039;hiver - MioMioRun.com<\/title>\n<meta name=\"description\" content=\"Veste imperm\u00e9able pour femme avec capuche en nylon GORE-TEX 3 couches avec membrane 28K\/&lt;3,5 RET. V\u00eatement id\u00e9al pour l&#039;alpinisme et l&#039;escalade.\" \/>\n<meta name=\"robots\" content=\"index, follow, max-snippet:-1, max-image-preview:large, max-video-preview:-1\" \/>\n<link rel=\"canonical\" href=\"https:\/\/www.miomiorun.com\/fr\/produit\/montura-magic-2-0-jacket-femme\/\" \/>\n<meta property=\"og:locale\" content=\"fr_FR\" \/>\n<meta property=\"og:type\" content=\"article\" \/>\n<meta property=\"og:title\" content=\"Montura Magic 2.0 Jacket femme - Veste d&#039;hiver - MioMioRun.com\" \/>\n<meta property=\"og:description\" content=\"Veste imperm\u00e9able pour femme avec capuche en nylon GORE-TEX 3 couches avec membrane 28K\/&lt;3,5 RET. V\u00eatement id\u00e9al pour l&#039;alpinisme et l&#039;escalade.\" \/>\n<meta property=\"og:url\" content=\"https:\/\/www.miomiorun.com\/fr\/produit\/montura-magic-2-0-jacket-femme\/\" \/>\n<meta property=\"og:site_name\" content=\"MioMioRun\" \/>\n<meta property=\"article:publisher\" content=\"https:\/\/www.facebook.com\/miomiorun\/\" \/>\n<meta property=\"article:modified_time\" content=\"2026-01-16T09:37:14+00:00\" \/>\n<meta property=\"og:image\" content=\"https:\/\/www.miomiorun.com\/app\/uploads\/2020\/10\/magic-2.0-jacket-MJAT08W-90.jpg\" \/>\n\t<meta property=\"og:image:width\" content=\"600\" \/>\n\t<meta property=\"og:image:height\" content=\"600\" \/>\n\t<meta property=\"og:image:type\" content=\"image\/jpeg\" \/>\n<meta name=\"twitter:card\" content=\"summary_large_image\" \/>\n<meta name=\"twitter:label1\" content=\"Est. reading time\" \/>\n\t<meta name=\"twitter:data1\" content=\"1 minute\" \/>\n<script type=\"application\/ld+json\" class=\"yoast-schema-graph\">{\"@context\":\"https:\/\/schema.org\",\"@graph\":[{\"@type\":\"WebPage\",\"@id\":\"https:\/\/www.miomiorun.com\/fr\/produit\/montura-magic-2-0-jacket-femme\/\",\"url\":\"https:\/\/www.miomiorun.com\/fr\/produit\/montura-magic-2-0-jacket-femme\/\",\"name\":\"Montura Magic 2.0 Jacket femme - Veste d'hiver - MioMioRun.com\",\"isPartOf\":{\"@id\":\"https:\/\/www.miomiorun.com\/fr\/#website\"},\"primaryImageOfPage\":{\"@id\":\"https:\/\/www.miomiorun.com\/fr\/produit\/montura-magic-2-0-jacket-femme\/#primaryimage\"},\"image\":{\"@id\":\"https:\/\/www.miomiorun.com\/fr\/produit\/montura-magic-2-0-jacket-femme\/#primaryimage\"},\"thumbnailUrl\":\"https:\/\/www.miomiorun.com\/app\/uploads\/2020\/10\/magic-2.0-jacket-MJAT08W-90.jpg\",\"datePublished\":\"2020-10-31T15:57:26+00:00\",\"dateModified\":\"2026-01-16T09:37:14+00:00\",\"description\":\"Veste imperm\u00e9able pour femme avec capuche en nylon GORE-TEX 3 couches avec membrane 28K\/&lt;3,5 RET. V\u00eatement id\u00e9al pour l&#039;alpinisme et l&#039;escalade.\",\"breadcrumb\":{\"@id\":\"https:\/\/www.miomiorun.com\/fr\/produit\/montura-magic-2-0-jacket-femme\/#breadcrumb\"},\"inLanguage\":\"fr-FR\",\"potentialAction\":[{\"@type\":\"ReadAction\",\"target\":[\"https:\/\/www.miomiorun.com\/fr\/produit\/montura-magic-2-0-jacket-femme\/\"]}]},{\"@type\":\"ImageObject\",\"inLanguage\":\"fr-FR\",\"@id\":\"https:\/\/www.miomiorun.com\/fr\/produit\/montura-magic-2-0-jacket-femme\/#primaryimage\",\"url\":\"https:\/\/www.miomiorun.com\/app\/uploads\/2020\/10\/magic-2.0-jacket-MJAT08W-90.jpg\",\"contentUrl\":\"https:\/\/www.miomiorun.com\/app\/uploads\/2020\/10\/magic-2.0-jacket-MJAT08W-90.jpg\",\"width\":600,\"height\":600,\"caption\":\"magic 2.0 jacket fronte\"},{\"@type\":\"BreadcrumbList\",\"@id\":\"https:\/\/www.miomiorun.com\/fr\/produit\/montura-magic-2-0-jacket-femme\/#breadcrumb\",\"itemListElement\":[{\"@type\":\"ListItem\",\"position\":1,\"name\":\"Home\",\"item\":\"https:\/\/www.miomiorun.com\/fr\/home-page\/\"},{\"@type\":\"ListItem\",\"position\":2,\"name\":\"Shop\",\"item\":\"https:\/\/www.miomiorun.com\/shop\/\"},{\"@type\":\"ListItem\",\"position\":3,\"name\":\"Magic 2.0 Jacket femme\"}]},{\"@type\":\"WebSite\",\"@id\":\"https:\/\/www.miomiorun.com\/fr\/#website\",\"url\":\"https:\/\/www.miomiorun.com\/fr\/\",\"name\":\"MioMioRun\",\"description\":\"Boutique 100% running et trail\",\"publisher\":{\"@id\":\"https:\/\/www.miomiorun.com\/fr\/#organization\"},\"potentialAction\":[{\"@type\":\"SearchAction\",\"target\":{\"@type\":\"EntryPoint\",\"urlTemplate\":\"https:\/\/www.miomiorun.com\/fr\/?s={search_term_string}\"},\"query-input\":{\"@type\":\"PropertyValueSpecification\",\"valueRequired\":true,\"valueName\":\"search_term_string\"}}],\"inLanguage\":\"fr-FR\"},{\"@type\":\"Organization\",\"@id\":\"https:\/\/www.miomiorun.com\/fr\/#organization\",\"name\":\"MioMio Run\",\"url\":\"https:\/\/www.miomiorun.com\/fr\/\",\"logo\":{\"@type\":\"ImageObject\",\"inLanguage\":\"fr-FR\",\"@id\":\"https:\/\/www.miomiorun.com\/fr\/#\/schema\/logo\/image\/\",\"url\":\"https:\/\/www.miomiorun.com\/app\/uploads\/2019\/12\/logomio.png\",\"contentUrl\":\"https:\/\/www.miomiorun.com\/app\/uploads\/2019\/12\/logomio.png\",\"width\":115,\"height\":82,\"caption\":\"MioMio Run\"},\"image\":{\"@id\":\"https:\/\/www.miomiorun.com\/fr\/#\/schema\/logo\/image\/\"},\"sameAs\":[\"https:\/\/www.facebook.com\/miomiorun\/\",\"https:\/\/www.instagram.com\/miomiorun\/\"]}]}<\/script>\n<!-- \/ Yoast SEO plugin. -->","yoast_head_json":{"title":"Montura Magic 2.0 Jacket femme - Veste d'hiver - MioMioRun.com","description":"Veste imperm\u00e9able pour femme avec capuche en nylon GORE-TEX 3 couches avec membrane 28K\/&lt;3,5 RET. V\u00eatement id\u00e9al pour l&#039;alpinisme et l&#039;escalade.","robots":{"index":"index","follow":"follow","max-snippet":"max-snippet:-1","max-image-preview":"max-image-preview:large","max-video-preview":"max-video-preview:-1"},"canonical":"https:\/\/www.miomiorun.com\/fr\/produit\/montura-magic-2-0-jacket-femme\/","og_locale":"fr_FR","og_type":"article","og_title":"Montura Magic 2.0 Jacket femme - Veste d'hiver - MioMioRun.com","og_description":"Veste imperm\u00e9able pour femme avec capuche en nylon GORE-TEX 3 couches avec membrane 28K\/&lt;3,5 RET. V\u00eatement id\u00e9al pour l&#039;alpinisme et l&#039;escalade.","og_url":"https:\/\/www.miomiorun.com\/fr\/produit\/montura-magic-2-0-jacket-femme\/","og_site_name":"MioMioRun","article_publisher":"https:\/\/www.facebook.com\/miomiorun\/","article_modified_time":"2026-01-16T09:37:14+00:00","og_image":[{"width":600,"height":600,"url":"https:\/\/www.miomiorun.com\/app\/uploads\/2020\/10\/magic-2.0-jacket-MJAT08W-90.jpg","type":"image\/jpeg"}],"twitter_card":"summary_large_image","twitter_misc":{"Est. reading time":"1 minute"},"schema":{"@context":"https:\/\/schema.org","@graph":[{"@type":"WebPage","@id":"https:\/\/www.miomiorun.com\/fr\/produit\/montura-magic-2-0-jacket-femme\/","url":"https:\/\/www.miomiorun.com\/fr\/produit\/montura-magic-2-0-jacket-femme\/","name":"Montura Magic 2.0 Jacket femme - Veste d'hiver - MioMioRun.com","isPartOf":{"@id":"https:\/\/www.miomiorun.com\/fr\/#website"},"primaryImageOfPage":{"@id":"https:\/\/www.miomiorun.com\/fr\/produit\/montura-magic-2-0-jacket-femme\/#primaryimage"},"image":{"@id":"https:\/\/www.miomiorun.com\/fr\/produit\/montura-magic-2-0-jacket-femme\/#primaryimage"},"thumbnailUrl":"https:\/\/www.miomiorun.com\/app\/uploads\/2020\/10\/magic-2.0-jacket-MJAT08W-90.jpg","datePublished":"2020-10-31T15:57:26+00:00","dateModified":"2026-01-16T09:37:14+00:00","description":"Veste imperm\u00e9able pour femme avec capuche en nylon GORE-TEX 3 couches avec membrane 28K\/&lt;3,5 RET. V\u00eatement id\u00e9al pour l&#039;alpinisme et l&#039;escalade.","breadcrumb":{"@id":"https:\/\/www.miomiorun.com\/fr\/produit\/montura-magic-2-0-jacket-femme\/#breadcrumb"},"inLanguage":"fr-FR","potentialAction":[{"@type":"ReadAction","target":["https:\/\/www.miomiorun.com\/fr\/produit\/montura-magic-2-0-jacket-femme\/"]}]},{"@type":"ImageObject","inLanguage":"fr-FR","@id":"https:\/\/www.miomiorun.com\/fr\/produit\/montura-magic-2-0-jacket-femme\/#primaryimage","url":"https:\/\/www.miomiorun.com\/app\/uploads\/2020\/10\/magic-2.0-jacket-MJAT08W-90.jpg","contentUrl":"https:\/\/www.miomiorun.com\/app\/uploads\/2020\/10\/magic-2.0-jacket-MJAT08W-90.jpg","width":600,"height":600,"caption":"magic 2.0 jacket fronte"},{"@type":"BreadcrumbList","@id":"https:\/\/www.miomiorun.com\/fr\/produit\/montura-magic-2-0-jacket-femme\/#breadcrumb","itemListElement":[{"@type":"ListItem","position":1,"name":"Home","item":"https:\/\/www.miomiorun.com\/fr\/home-page\/"},{"@type":"ListItem","position":2,"name":"Shop","item":"https:\/\/www.miomiorun.com\/shop\/"},{"@type":"ListItem","position":3,"name":"Magic 2.0 Jacket femme"}]},{"@type":"WebSite","@id":"https:\/\/www.miomiorun.com\/fr\/#website","url":"https:\/\/www.miomiorun.com\/fr\/","name":"MioMioRun","description":"Boutique 100% running et trail","publisher":{"@id":"https:\/\/www.miomiorun.com\/fr\/#organization"},"potentialAction":[{"@type":"SearchAction","target":{"@type":"EntryPoint","urlTemplate":"https:\/\/www.miomiorun.com\/fr\/?s={search_term_string}"},"query-input":{"@type":"PropertyValueSpecification","valueRequired":true,"valueName":"search_term_string"}}],"inLanguage":"fr-FR"},{"@type":"Organization","@id":"https:\/\/www.miomiorun.com\/fr\/#organization","name":"MioMio Run","url":"https:\/\/www.miomiorun.com\/fr\/","logo":{"@type":"ImageObject","inLanguage":"fr-FR","@id":"https:\/\/www.miomiorun.com\/fr\/#\/schema\/logo\/image\/","url":"https:\/\/www.miomiorun.com\/app\/uploads\/2019\/12\/logomio.png","contentUrl":"https:\/\/www.miomiorun.com\/app\/uploads\/2019\/12\/logomio.png","width":115,"height":82,"caption":"MioMio Run"},"image":{"@id":"https:\/\/www.miomiorun.com\/fr\/#\/schema\/logo\/image\/"},"sameAs":["https:\/\/www.facebook.com\/miomiorun\/","https:\/\/www.instagram.com\/miomiorun\/"]}]}},"_links":{"self":[{"href":"https:\/\/www.miomiorun.com\/fr\/wp-json\/wp\/v2\/product\/276032","targetHints":{"allow":["GET"]}}],"collection":[{"href":"https:\/\/www.miomiorun.com\/fr\/wp-json\/wp\/v2\/product"}],"about":[{"href":"https:\/\/www.miomiorun.com\/fr\/wp-json\/wp\/v2\/types\/product"}],"wp:featuredmedia":[{"embeddable":true,"href":"https:\/\/www.miomiorun.com\/fr\/wp-json\/wp\/v2\/media\/230881"}],"wp:attachment":[{"href":"https:\/\/www.miomiorun.com\/fr\/wp-json\/wp\/v2\/media?parent=276032"}],"wp:term":[{"taxonomy":"product_brand","embeddable":true,"href":"https:\/\/www.miomiorun.com\/fr\/wp-json\/wp\/v2\/product_brand?post=276032"},{"taxonomy":"product_cat","embeddable":true,"href":"https:\/\/www.miomiorun.com\/fr\/wp-json\/wp\/v2\/product_cat?post=276032"},{"taxonomy":"product_tag","embeddable":true,"href":"https:\/\/www.miomiorun.com\/fr\/wp-json\/wp\/v2\/product_tag?post=276032"}],"curies":[{"name":"wp","href":"https:\/\/api.w.org\/{rel}","templated":true}]}}