{"id":276020,"date":"2020-10-31T17:17:31","date_gmt":"2020-10-31T16:17:31","guid":{"rendered":"https:\/\/miomiorun.com\/prodotto\/montura-x-mira-jacket-donna\/"},"modified":"2025-11-20T12:16:16","modified_gmt":"2025-11-20T11:16:16","slug":"montura-x-mira-jacket-femme","status":"publish","type":"product","link":"https:\/\/www.miomiorun.com\/fr\/produit\/montura-x-mira-jacket-femme\/","title":{"rendered":"X-Mira Jacket femme"},"content":{"rendered":"<p>Veste femme \u00e0 capuche en tissu m\u00e9lang\u00e9 nylon et polyester Softshell DWR 4-way-stretch. Contraste en nylon DWR stretch et partiellement doubl\u00e9 en maille. Fermeture \u00e9clair au centre sur le devant, poches mains zipp\u00e9es, poche int\u00e9rieure zipp\u00e9e, capuche et bas \u00e9lastiqu\u00e9s. Applications r\u00e9fl\u00e9chissantes pour une meilleure visibilit\u00e9. V\u00eatement id\u00e9al pour le ski alpinisme, la course \u00e0 pied et diverses activit\u00e9s de plein air.<\/p>\n<p class=\"product-weight\">Poids : 0,4 kg<\/p>\n<div class=\"product-attribute-season\"><img loading=\"lazy\" decoding=\"async\" class=\"\" src=\"https:\/\/sow.montura.it\/pers\/Media\/Image\/caratteristiche\/climate3.png\" alt=\"Caldo\/Freddo\" width=\"113\" height=\"119\"><img decoding=\"async\" src=\"https:\/\/www.montura.it\/pub\/media\/amasty\/shopby\/option_images\/slider\/breathable_1.svg\" alt=\"breathable\">&nbsp;<img decoding=\"async\" src=\"https:\/\/www.montura.it\/pub\/media\/amasty\/shopby\/option_images\/slider\/water_repellent_1_1.svg\" alt=\"waterrepellent\">&nbsp;<img decoding=\"async\" src=\"https:\/\/www.montura.it\/pub\/media\/amasty\/shopby\/option_images\/slider\/wind_blocker_1.svg\" alt=\"windblocker\"><\/div>\n<div class=\"product-attribute product-attribute-featured-materials\">\n<div class=\"attribute-label\">Technologie<\/div>\n<ul>\n<li>pro-meteo<\/li>\n<\/ul>\n<\/div>\n<div class=\"product-attribute product-attribute-passion\">\n<div class=\"attribute-label\">Activit\u00e9s<\/div>\n<ul>\n<li>Escalade &#8211; Alpinisme<\/li>\n<li>Course \u00e0 pied &#8211; Fitness<\/li>\n<li>Ski &#8211; Ski alpinisme<\/li>\n<li>Trekking &#8211; Voyage<\/li>\n<\/ul>\n<\/div>\n<div class=\"product-attribute product-attribute-passion\">\n<div id=\"materials\" class=\"data item content\" role=\"tabpanel\" data-role=\"content\" aria-labelledby=\"tab-label-materials\" aria-hidden=\"false\">\n<div class=\"product-materials-content\">\n<div class=\"texture-content primary-texture\">\n<div class=\"content\">\n<div class=\"texture-text\">\n<div class=\"laundry-sides-texture\"><\/div>\n<\/div>\n<\/div>\n<\/div>\n<\/div>\n<\/div>\n<\/div>\n","protected":false},"excerpt":{"rendered":"<p>Veste femme \u00e0 capuche en tissu m\u00e9lang\u00e9 nylon et polyester Softshell DWR 4-way-stretch. Contraste en nylon DWR stretch et partiellement doubl\u00e9 en maille. Fermeture \u00e9clair au centre sur le devant, poches mains zipp\u00e9es, poche int\u00e9rieure zipp\u00e9e, capuche et bas \u00e9lastiqu\u00e9s. Applications r\u00e9fl\u00e9chissantes pour une meilleure visibilit\u00e9. V\u00eatement id\u00e9al pour le ski alpinisme, la course \u00e0 &hellip; <a href=\"https:\/\/www.miomiorun.com\/fr\/produit\/montura-x-mira-jacket-femme\/\">Continued<\/a><\/p>\n","protected":false},"featured_media":230889,"template":"","meta":{"_acf_changed":false,"inline_featured_image":false},"product_brand":[],"product_cat":[24441,24444,24246],"product_tag":[23512,23514],"class_list":{"0":"post-276020","1":"product","2":"type-product","3":"status-publish","4":"has-post-thumbnail","6":"product_cat-vestes-fr","7":"product_cat-vetements-pour-femmes-fr","8":"product_cat-offres-pour-les-femmes","9":"product_tag-montura-fr","10":"product_tag-montura-femme","11":"pa_attivita-marcher","12":"pa_attivita-running-fr","13":"pa_attivita-trail-fr","14":"pa_colore-x-mira-jacket-w-piombo-fr","15":"pa_marca-montura-fr","16":"pa_sesso-femme","17":"pa_size-extra-small-fr","19":"first","20":"instock","21":"sale","22":"taxable","23":"shipping-taxable","24":"purchasable","25":"product-type-variable","26":"wvs-archive-product-wrapper"},"acf":[],"yoast_head":"<!-- This site is optimized with the Yoast SEO plugin v26.8 - https:\/\/yoast.com\/product\/yoast-seo-wordpress\/ -->\n<title>Montura X-Mira Jacket femme - Veste d&#039;hiver - MioMioRun.com<\/title>\n<meta name=\"description\" content=\"Veste femme \u00e0 capuche en tissu m\u00e9lang\u00e9 nylon et polyester Softshell DWR 4-way-stretch. V\u00eatement id\u00e9al pour le ski alpinisme, la course \u00e0 pied et diverses activit\u00e9s de plein air.\" \/>\n<meta name=\"robots\" content=\"index, follow, max-snippet:-1, max-image-preview:large, max-video-preview:-1\" \/>\n<link rel=\"canonical\" href=\"https:\/\/www.miomiorun.com\/fr\/produit\/montura-x-mira-jacket-femme\/\" \/>\n<meta property=\"og:locale\" content=\"fr_FR\" \/>\n<meta property=\"og:type\" content=\"article\" \/>\n<meta property=\"og:title\" content=\"Montura X-Mira Jacket femme - Veste d&#039;hiver - MioMioRun.com\" \/>\n<meta property=\"og:description\" content=\"Veste femme \u00e0 capuche en tissu m\u00e9lang\u00e9 nylon et polyester Softshell DWR 4-way-stretch. V\u00eatement id\u00e9al pour le ski alpinisme, la course \u00e0 pied et diverses activit\u00e9s de plein air.\" \/>\n<meta property=\"og:url\" content=\"https:\/\/www.miomiorun.com\/fr\/produit\/montura-x-mira-jacket-femme\/\" \/>\n<meta property=\"og:site_name\" content=\"MioMioRun\" \/>\n<meta property=\"article:publisher\" content=\"https:\/\/www.facebook.com\/miomiorun\/\" \/>\n<meta property=\"article:modified_time\" content=\"2025-11-20T11:16:16+00:00\" \/>\n<meta property=\"og:image\" content=\"https:\/\/www.miomiorun.com\/app\/uploads\/2020\/10\/montura-x-mira-jacket-MJAW04W-93.jpg\" \/>\n\t<meta property=\"og:image:width\" content=\"600\" \/>\n\t<meta property=\"og:image:height\" content=\"600\" \/>\n\t<meta property=\"og:image:type\" content=\"image\/jpeg\" \/>\n<meta name=\"twitter:card\" content=\"summary_large_image\" \/>\n<script type=\"application\/ld+json\" class=\"yoast-schema-graph\">{\"@context\":\"https:\/\/schema.org\",\"@graph\":[{\"@type\":\"WebPage\",\"@id\":\"https:\/\/www.miomiorun.com\/fr\/produit\/montura-x-mira-jacket-femme\/\",\"url\":\"https:\/\/www.miomiorun.com\/fr\/produit\/montura-x-mira-jacket-femme\/\",\"name\":\"Montura X-Mira Jacket femme - Veste d'hiver - MioMioRun.com\",\"isPartOf\":{\"@id\":\"https:\/\/www.miomiorun.com\/fr\/#website\"},\"primaryImageOfPage\":{\"@id\":\"https:\/\/www.miomiorun.com\/fr\/produit\/montura-x-mira-jacket-femme\/#primaryimage\"},\"image\":{\"@id\":\"https:\/\/www.miomiorun.com\/fr\/produit\/montura-x-mira-jacket-femme\/#primaryimage\"},\"thumbnailUrl\":\"https:\/\/www.miomiorun.com\/app\/uploads\/2020\/10\/montura-x-mira-jacket-MJAW04W-93.jpg\",\"datePublished\":\"2020-10-31T16:17:31+00:00\",\"dateModified\":\"2025-11-20T11:16:16+00:00\",\"description\":\"Veste femme \u00e0 capuche en tissu m\u00e9lang\u00e9 nylon et polyester Softshell DWR 4-way-stretch. V\u00eatement id\u00e9al pour le ski alpinisme, la course \u00e0 pied et diverses activit\u00e9s de plein air.\",\"breadcrumb\":{\"@id\":\"https:\/\/www.miomiorun.com\/fr\/produit\/montura-x-mira-jacket-femme\/#breadcrumb\"},\"inLanguage\":\"fr-FR\",\"potentialAction\":[{\"@type\":\"ReadAction\",\"target\":[\"https:\/\/www.miomiorun.com\/fr\/produit\/montura-x-mira-jacket-femme\/\"]}]},{\"@type\":\"ImageObject\",\"inLanguage\":\"fr-FR\",\"@id\":\"https:\/\/www.miomiorun.com\/fr\/produit\/montura-x-mira-jacket-femme\/#primaryimage\",\"url\":\"https:\/\/www.miomiorun.com\/app\/uploads\/2020\/10\/montura-x-mira-jacket-MJAW04W-93.jpg\",\"contentUrl\":\"https:\/\/www.miomiorun.com\/app\/uploads\/2020\/10\/montura-x-mira-jacket-MJAW04W-93.jpg\",\"width\":600,\"height\":600,\"caption\":\"montura x mira jacket\"},{\"@type\":\"BreadcrumbList\",\"@id\":\"https:\/\/www.miomiorun.com\/fr\/produit\/montura-x-mira-jacket-femme\/#breadcrumb\",\"itemListElement\":[{\"@type\":\"ListItem\",\"position\":1,\"name\":\"Home\",\"item\":\"https:\/\/www.miomiorun.com\/fr\/home-page\/\"},{\"@type\":\"ListItem\",\"position\":2,\"name\":\"Shop\",\"item\":\"https:\/\/www.miomiorun.com\/shop\/\"},{\"@type\":\"ListItem\",\"position\":3,\"name\":\"X-Mira Jacket femme\"}]},{\"@type\":\"WebSite\",\"@id\":\"https:\/\/www.miomiorun.com\/fr\/#website\",\"url\":\"https:\/\/www.miomiorun.com\/fr\/\",\"name\":\"MioMioRun\",\"description\":\"Boutique 100% running et trail\",\"publisher\":{\"@id\":\"https:\/\/www.miomiorun.com\/fr\/#organization\"},\"potentialAction\":[{\"@type\":\"SearchAction\",\"target\":{\"@type\":\"EntryPoint\",\"urlTemplate\":\"https:\/\/www.miomiorun.com\/fr\/?s={search_term_string}\"},\"query-input\":{\"@type\":\"PropertyValueSpecification\",\"valueRequired\":true,\"valueName\":\"search_term_string\"}}],\"inLanguage\":\"fr-FR\"},{\"@type\":\"Organization\",\"@id\":\"https:\/\/www.miomiorun.com\/fr\/#organization\",\"name\":\"MioMio Run\",\"url\":\"https:\/\/www.miomiorun.com\/fr\/\",\"logo\":{\"@type\":\"ImageObject\",\"inLanguage\":\"fr-FR\",\"@id\":\"https:\/\/www.miomiorun.com\/fr\/#\/schema\/logo\/image\/\",\"url\":\"https:\/\/www.miomiorun.com\/app\/uploads\/2019\/12\/logomio.png\",\"contentUrl\":\"https:\/\/www.miomiorun.com\/app\/uploads\/2019\/12\/logomio.png\",\"width\":115,\"height\":82,\"caption\":\"MioMio Run\"},\"image\":{\"@id\":\"https:\/\/www.miomiorun.com\/fr\/#\/schema\/logo\/image\/\"},\"sameAs\":[\"https:\/\/www.facebook.com\/miomiorun\/\",\"https:\/\/www.instagram.com\/miomiorun\/\"]}]}<\/script>\n<!-- \/ Yoast SEO plugin. -->","yoast_head_json":{"title":"Montura X-Mira Jacket femme - Veste d'hiver - MioMioRun.com","description":"Veste femme \u00e0 capuche en tissu m\u00e9lang\u00e9 nylon et polyester Softshell DWR 4-way-stretch. V\u00eatement id\u00e9al pour le ski alpinisme, la course \u00e0 pied et diverses activit\u00e9s de plein air.","robots":{"index":"index","follow":"follow","max-snippet":"max-snippet:-1","max-image-preview":"max-image-preview:large","max-video-preview":"max-video-preview:-1"},"canonical":"https:\/\/www.miomiorun.com\/fr\/produit\/montura-x-mira-jacket-femme\/","og_locale":"fr_FR","og_type":"article","og_title":"Montura X-Mira Jacket femme - Veste d'hiver - MioMioRun.com","og_description":"Veste femme \u00e0 capuche en tissu m\u00e9lang\u00e9 nylon et polyester Softshell DWR 4-way-stretch. V\u00eatement id\u00e9al pour le ski alpinisme, la course \u00e0 pied et diverses activit\u00e9s de plein air.","og_url":"https:\/\/www.miomiorun.com\/fr\/produit\/montura-x-mira-jacket-femme\/","og_site_name":"MioMioRun","article_publisher":"https:\/\/www.facebook.com\/miomiorun\/","article_modified_time":"2025-11-20T11:16:16+00:00","og_image":[{"width":600,"height":600,"url":"https:\/\/www.miomiorun.com\/app\/uploads\/2020\/10\/montura-x-mira-jacket-MJAW04W-93.jpg","type":"image\/jpeg"}],"twitter_card":"summary_large_image","schema":{"@context":"https:\/\/schema.org","@graph":[{"@type":"WebPage","@id":"https:\/\/www.miomiorun.com\/fr\/produit\/montura-x-mira-jacket-femme\/","url":"https:\/\/www.miomiorun.com\/fr\/produit\/montura-x-mira-jacket-femme\/","name":"Montura X-Mira Jacket femme - Veste d'hiver - MioMioRun.com","isPartOf":{"@id":"https:\/\/www.miomiorun.com\/fr\/#website"},"primaryImageOfPage":{"@id":"https:\/\/www.miomiorun.com\/fr\/produit\/montura-x-mira-jacket-femme\/#primaryimage"},"image":{"@id":"https:\/\/www.miomiorun.com\/fr\/produit\/montura-x-mira-jacket-femme\/#primaryimage"},"thumbnailUrl":"https:\/\/www.miomiorun.com\/app\/uploads\/2020\/10\/montura-x-mira-jacket-MJAW04W-93.jpg","datePublished":"2020-10-31T16:17:31+00:00","dateModified":"2025-11-20T11:16:16+00:00","description":"Veste femme \u00e0 capuche en tissu m\u00e9lang\u00e9 nylon et polyester Softshell DWR 4-way-stretch. V\u00eatement id\u00e9al pour le ski alpinisme, la course \u00e0 pied et diverses activit\u00e9s de plein air.","breadcrumb":{"@id":"https:\/\/www.miomiorun.com\/fr\/produit\/montura-x-mira-jacket-femme\/#breadcrumb"},"inLanguage":"fr-FR","potentialAction":[{"@type":"ReadAction","target":["https:\/\/www.miomiorun.com\/fr\/produit\/montura-x-mira-jacket-femme\/"]}]},{"@type":"ImageObject","inLanguage":"fr-FR","@id":"https:\/\/www.miomiorun.com\/fr\/produit\/montura-x-mira-jacket-femme\/#primaryimage","url":"https:\/\/www.miomiorun.com\/app\/uploads\/2020\/10\/montura-x-mira-jacket-MJAW04W-93.jpg","contentUrl":"https:\/\/www.miomiorun.com\/app\/uploads\/2020\/10\/montura-x-mira-jacket-MJAW04W-93.jpg","width":600,"height":600,"caption":"montura x mira jacket"},{"@type":"BreadcrumbList","@id":"https:\/\/www.miomiorun.com\/fr\/produit\/montura-x-mira-jacket-femme\/#breadcrumb","itemListElement":[{"@type":"ListItem","position":1,"name":"Home","item":"https:\/\/www.miomiorun.com\/fr\/home-page\/"},{"@type":"ListItem","position":2,"name":"Shop","item":"https:\/\/www.miomiorun.com\/shop\/"},{"@type":"ListItem","position":3,"name":"X-Mira Jacket femme"}]},{"@type":"WebSite","@id":"https:\/\/www.miomiorun.com\/fr\/#website","url":"https:\/\/www.miomiorun.com\/fr\/","name":"MioMioRun","description":"Boutique 100% running et trail","publisher":{"@id":"https:\/\/www.miomiorun.com\/fr\/#organization"},"potentialAction":[{"@type":"SearchAction","target":{"@type":"EntryPoint","urlTemplate":"https:\/\/www.miomiorun.com\/fr\/?s={search_term_string}"},"query-input":{"@type":"PropertyValueSpecification","valueRequired":true,"valueName":"search_term_string"}}],"inLanguage":"fr-FR"},{"@type":"Organization","@id":"https:\/\/www.miomiorun.com\/fr\/#organization","name":"MioMio Run","url":"https:\/\/www.miomiorun.com\/fr\/","logo":{"@type":"ImageObject","inLanguage":"fr-FR","@id":"https:\/\/www.miomiorun.com\/fr\/#\/schema\/logo\/image\/","url":"https:\/\/www.miomiorun.com\/app\/uploads\/2019\/12\/logomio.png","contentUrl":"https:\/\/www.miomiorun.com\/app\/uploads\/2019\/12\/logomio.png","width":115,"height":82,"caption":"MioMio Run"},"image":{"@id":"https:\/\/www.miomiorun.com\/fr\/#\/schema\/logo\/image\/"},"sameAs":["https:\/\/www.facebook.com\/miomiorun\/","https:\/\/www.instagram.com\/miomiorun\/"]}]}},"_links":{"self":[{"href":"https:\/\/www.miomiorun.com\/fr\/wp-json\/wp\/v2\/product\/276020","targetHints":{"allow":["GET"]}}],"collection":[{"href":"https:\/\/www.miomiorun.com\/fr\/wp-json\/wp\/v2\/product"}],"about":[{"href":"https:\/\/www.miomiorun.com\/fr\/wp-json\/wp\/v2\/types\/product"}],"wp:featuredmedia":[{"embeddable":true,"href":"https:\/\/www.miomiorun.com\/fr\/wp-json\/wp\/v2\/media\/230889"}],"wp:attachment":[{"href":"https:\/\/www.miomiorun.com\/fr\/wp-json\/wp\/v2\/media?parent=276020"}],"wp:term":[{"taxonomy":"product_brand","embeddable":true,"href":"https:\/\/www.miomiorun.com\/fr\/wp-json\/wp\/v2\/product_brand?post=276020"},{"taxonomy":"product_cat","embeddable":true,"href":"https:\/\/www.miomiorun.com\/fr\/wp-json\/wp\/v2\/product_cat?post=276020"},{"taxonomy":"product_tag","embeddable":true,"href":"https:\/\/www.miomiorun.com\/fr\/wp-json\/wp\/v2\/product_tag?post=276020"}],"curies":[{"name":"wp","href":"https:\/\/api.w.org\/{rel}","templated":true}]}}