{"id":276012,"date":"2020-11-03T17:31:51","date_gmt":"2020-11-03T16:31:51","guid":{"rendered":"https:\/\/miomiorun.com\/prodotto\/aftershokz-openmove\/"},"modified":"2026-01-16T10:35:42","modified_gmt":"2026-01-16T09:35:42","slug":"aftershokz-openmove","status":"publish","type":"product","link":"https:\/\/www.miomiorun.com\/fr\/produit\/aftershokz-openmove\/","title":{"rendered":"OpenMove"},"content":{"rendered":"<p><div class=\"vc-row container\"><div class=\"vc-column\"><div class=\"vc-column-text\"><\/p>\n<div class=\"\" data-more=\"true\">\n<p>AfterShokz pr\u00e9sente ses tout nouveaux \u00e9couteurs sans fil OpenMove \u00e0 conduction osseuse. Id\u00e9aux pour toutes les activit\u00e9s quotidiennes ou pour faire du sport \u00e0 la maison, \u00e0 la salle de sport ou en ville, ces \u00e9couteurs sont con\u00e7us pour laisser les oreilles libres, ce qui permet d&#8217;\u00e9couter \u00e0 la fois de la musique et le monde qui vous entoure.<\/p>\n<p>Certifi\u00e9s IP55, les AfterShokz OpenMove sont dot\u00e9s d&#8217;un rev\u00eatement en titane r\u00e9sistant \u00e0 l&#8217;eau, \u00e0 la transpiration et \u00e0 l&#8217;humidit\u00e9. Le rev\u00eatement en titane rend \u00e9galement ces \u00e9couteurs extr\u00eamement l\u00e9gers et flexibles (ils ne p\u00e8sent que 29 grammes), offrant une sensation de confort constant.<\/p>\n<p>La connexion Bluetooth est facile et imm\u00e9diate gr\u00e2ce \u00e0 la technologie Bluetooth 5.0, qui assure une connexion facile et stable jusqu&#8217;\u00e0 10 m\u00e8tres et un couplage multipoint. La batterie interne se recharge en deux heures environ, \u00e0 l&#8217;aide du c\u00e2ble USB-C fourni, garantissant une autonomie pouvant atteindre 6 heures de lecture musicale et de conversation et 10 jours en veille. Les OpenMove se rechargent en seulement 2 heures. Les \u00e9couteurs sont \u00e9galement \u00e9quip\u00e9s de deux microphones pour att\u00e9nuer le bruit ambiant et am\u00e9liorer la voix pendant les appels.<\/p>\n<p>TECHNOLOGIE PREMIUM PITCH 2.0<br \/>\nLa qualit\u00e9 sonore exceptionnelle des \u00e9couteurs de sport AfterShokz est garantie par Premium Pitch 2.0 : cette technologie s&#8217;associe aux transducteurs des \u00e9couteurs pour offrir une gamme sonore puissante avec un minimum de vibrations et 3 modes d&#8217;\u00e9coute EQ.<\/p>\n<p>TECHNOLOGIE \u00c0 CONDUCTION OSSEUSE<br \/>\nAvec plus de 500 brevets, AfterShokz peut sans aucun doute \u00eatre consid\u00e9r\u00e9 comme un pionnier dans l&#8217;innovation des \u00e9couteurs pour le sport. Laur\u00e9ats de prix internationaux prestigieux, tels que le Red Dot Design Award 2018, les \u00e9couteurs \u00e0 conduction osseuse AfterShokz sont l&#8217;outil parfait pour ceux qui veulent s&#8217;entra\u00eener en toute s\u00e9curit\u00e9, mais ils sont \u00e9galement id\u00e9aux \u00e0 la maison ou au bureau, car ils permettent d&#8217;entendre les bruits environnants tout en se concentrant sur le rythme de la musique gr\u00e2ce \u00e0 leur conception \u00ab open-ear \u00bb.<\/p>\n<p>Nous entendons gr\u00e2ce \u00e0 la conduction osseuse lorsque nous mangeons, buvons et m\u00eame lorsque nous parlons : c&#8217;est pourquoi notre voix a un son diff\u00e9rent de celui que nous entendons dans un enregistrement ou une vid\u00e9o. Nous avons tendance \u00e0 percevoir notre voix comme plus grave et plus intense, car le cr\u00e2ne transmet mieux les basses fr\u00e9quences que l&#8217;air.<br \/>\nAfterShokz exploite la conduction osseuse naturelle en int\u00e9grant dans ses \u00e9couteurs sans fil des transducteurs \u00e9lectrom\u00e9caniques qui convertissent les sons en vibrations transmises directement \u00e0 l&#8217;oreille interne \u00e0 travers les os du cr\u00e2ne, contournant ainsi le tympan.<\/p>\n<table class=\"table table-bordered table-striped\" data-striping=\"1\">\n<tbody>\n<tr class=\"odd\">\n<td>Composants inclus<\/td>\n<td>C\u00c2BLE DE RECHARGE, \u00c9TUI, BOUCHONS<\/td>\n<\/tr>\n<tr class=\"even\">\n<td>Bluetooth<\/td>\n<td>OUI<\/td>\n<\/tr>\n<tr class=\"odd\">\n<td>Connectivit\u00e9&nbsp; Multispeaker<\/td>\n<td>OUI<\/td>\n<\/tr>\n<tr class=\"even\">\n<td>R\u00e9sistant \u00e0 la poussi\u00e8re<\/td>\n<td>OUI<\/td>\n<\/tr>\n<tr class=\"odd\">\n<td>R\u00e9sistant \u00e0 l&#8217;eau<\/td>\n<td>OUI<\/td>\n<\/tr>\n<tr class=\"even\">\n<td>Batterie int\u00e9gr\u00e9e<\/td>\n<td>OUI<\/td>\n<\/tr>\n<tr class=\"odd\">\n<td>Autonomie de la batterie<\/td>\n<td>6 h<\/td>\n<\/tr>\n<tr class=\"even\">\n<td>Microphone<\/td>\n<td>OUI<\/td>\n<\/tr>\n<tr class=\"even\">\n<td>Bouton de volume<\/td>\n<td>OUI<\/td>\n<\/tr>\n<tr class=\"odd\">\n<td>Bouton de r\u00e9ponse d&#8217;appel<\/td>\n<td>OUI<\/td>\n<\/tr>\n<tr class=\"even\">\n<td>R\u00e9sistant \u00e0 la transpiration<\/td>\n<td>OUI<\/td>\n<\/tr>\n<tr class=\"odd\">\n<td>Poids<\/td>\n<td>29 g<\/td>\n<\/tr>\n<\/tbody>\n<\/table>\n<\/div>\n<p><\/div><\/div><\/div><div class=\"vc-row container\"><div class=\"vc-column\"><\/div><\/div><\/p>\n","protected":false},"excerpt":{"rendered":"","protected":false},"featured_media":230947,"template":"","meta":{"_acf_changed":false,"inline_featured_image":false},"product_brand":[],"product_cat":[22538,22540],"product_tag":[23544],"class_list":{"0":"post-276012","1":"product","2":"type-product","3":"status-publish","4":"has-post-thumbnail","6":"product_cat-accessoires","7":"product_cat-ecouteurs","8":"product_tag-shokz-fr","9":"pa_attivita-fitness-fr","10":"pa_attivita-lifestyle-fr","11":"pa_attivita-marcher","12":"pa_attivita-outdoor-fr","13":"pa_attivita-running-fr","14":"pa_attivita-trail-fr","15":"pa_colore-openmove-alpine-white-fr","16":"pa_colore-openmove-blue","17":"pa_colore-openmove-elevation-blue-fr","18":"pa_colore-openmove-himalayan-pink-fr","19":"pa_colore-openmove-slate-grey-fr","20":"pa_marca-shokz-fr","21":"pa_sesso-femme","22":"pa_sesso-homme","24":"first","25":"instock","26":"sale","27":"taxable","28":"shipping-taxable","29":"purchasable","30":"product-type-variable","31":"wvs-archive-product-wrapper"},"acf":[],"yoast_head":"<!-- This site is optimized with the Yoast SEO plugin v26.8 - https:\/\/yoast.com\/product\/yoast-seo-wordpress\/ -->\n<title>Shokz OpenMove -\u00e9couteurs de course - MioMioRun<\/title>\n<meta name=\"description\" content=\"Tout nouveaux \u00e9couteurs sans fil OpenMove \u00e0 conduction osseuse. Id\u00e9aux pour toutes les activit\u00e9s quotidiennes ou pour faire du sport \u00e0 la maison, \u00e0 la salle de sport ou en ville.\" \/>\n<meta name=\"robots\" content=\"index, follow, max-snippet:-1, max-image-preview:large, max-video-preview:-1\" \/>\n<link rel=\"canonical\" href=\"https:\/\/www.miomiorun.com\/fr\/produit\/aftershokz-openmove\/\" \/>\n<meta property=\"og:locale\" content=\"fr_FR\" \/>\n<meta property=\"og:type\" content=\"article\" \/>\n<meta property=\"og:title\" content=\"Shokz OpenMove -\u00e9couteurs de course - MioMioRun\" \/>\n<meta property=\"og:description\" content=\"Tout nouveaux \u00e9couteurs sans fil OpenMove \u00e0 conduction osseuse. Id\u00e9aux pour toutes les activit\u00e9s quotidiennes ou pour faire du sport \u00e0 la maison, \u00e0 la salle de sport ou en ville.\" \/>\n<meta property=\"og:url\" content=\"https:\/\/www.miomiorun.com\/fr\/produit\/aftershokz-openmove\/\" \/>\n<meta property=\"og:site_name\" content=\"MioMioRun\" \/>\n<meta property=\"article:publisher\" content=\"https:\/\/www.facebook.com\/miomiorun\/\" \/>\n<meta property=\"article:modified_time\" content=\"2026-01-16T09:35:42+00:00\" \/>\n<meta property=\"og:image\" content=\"https:\/\/www.miomiorun.com\/app\/uploads\/2020\/11\/aftershokz-openmove-AS660-AW.jpg\" \/>\n\t<meta property=\"og:image:width\" content=\"600\" \/>\n\t<meta property=\"og:image:height\" content=\"600\" \/>\n\t<meta property=\"og:image:type\" content=\"image\/jpeg\" \/>\n<meta name=\"twitter:card\" content=\"summary_large_image\" \/>\n<meta name=\"twitter:label1\" content=\"Est. reading time\" \/>\n\t<meta name=\"twitter:data1\" content=\"3 minutes\" \/>\n<script type=\"application\/ld+json\" class=\"yoast-schema-graph\">{\"@context\":\"https:\/\/schema.org\",\"@graph\":[{\"@type\":\"WebPage\",\"@id\":\"https:\/\/www.miomiorun.com\/fr\/produit\/aftershokz-openmove\/\",\"url\":\"https:\/\/www.miomiorun.com\/fr\/produit\/aftershokz-openmove\/\",\"name\":\"Shokz OpenMove -\u00e9couteurs de course - MioMioRun\",\"isPartOf\":{\"@id\":\"https:\/\/www.miomiorun.com\/fr\/#website\"},\"primaryImageOfPage\":{\"@id\":\"https:\/\/www.miomiorun.com\/fr\/produit\/aftershokz-openmove\/#primaryimage\"},\"image\":{\"@id\":\"https:\/\/www.miomiorun.com\/fr\/produit\/aftershokz-openmove\/#primaryimage\"},\"thumbnailUrl\":\"https:\/\/www.miomiorun.com\/app\/uploads\/2020\/11\/aftershokz-openmove-AS660-AW.jpg\",\"datePublished\":\"2020-11-03T16:31:51+00:00\",\"dateModified\":\"2026-01-16T09:35:42+00:00\",\"description\":\"Tout nouveaux \u00e9couteurs sans fil OpenMove \u00e0 conduction osseuse. Id\u00e9aux pour toutes les activit\u00e9s quotidiennes ou pour faire du sport \u00e0 la maison, \u00e0 la salle de sport ou en ville.\",\"breadcrumb\":{\"@id\":\"https:\/\/www.miomiorun.com\/fr\/produit\/aftershokz-openmove\/#breadcrumb\"},\"inLanguage\":\"fr-FR\",\"potentialAction\":[{\"@type\":\"ReadAction\",\"target\":[\"https:\/\/www.miomiorun.com\/fr\/produit\/aftershokz-openmove\/\"]}]},{\"@type\":\"ImageObject\",\"inLanguage\":\"fr-FR\",\"@id\":\"https:\/\/www.miomiorun.com\/fr\/produit\/aftershokz-openmove\/#primaryimage\",\"url\":\"https:\/\/www.miomiorun.com\/app\/uploads\/2020\/11\/aftershokz-openmove-AS660-AW.jpg\",\"contentUrl\":\"https:\/\/www.miomiorun.com\/app\/uploads\/2020\/11\/aftershokz-openmove-AS660-AW.jpg\",\"width\":600,\"height\":600,\"caption\":\"aftershokz openmove cuffie\"},{\"@type\":\"BreadcrumbList\",\"@id\":\"https:\/\/www.miomiorun.com\/fr\/produit\/aftershokz-openmove\/#breadcrumb\",\"itemListElement\":[{\"@type\":\"ListItem\",\"position\":1,\"name\":\"Home\",\"item\":\"https:\/\/www.miomiorun.com\/fr\/home-page\/\"},{\"@type\":\"ListItem\",\"position\":2,\"name\":\"Shop\",\"item\":\"https:\/\/www.miomiorun.com\/shop\/\"},{\"@type\":\"ListItem\",\"position\":3,\"name\":\"OpenMove\"}]},{\"@type\":\"WebSite\",\"@id\":\"https:\/\/www.miomiorun.com\/fr\/#website\",\"url\":\"https:\/\/www.miomiorun.com\/fr\/\",\"name\":\"MioMioRun\",\"description\":\"Boutique 100% running et trail\",\"publisher\":{\"@id\":\"https:\/\/www.miomiorun.com\/fr\/#organization\"},\"potentialAction\":[{\"@type\":\"SearchAction\",\"target\":{\"@type\":\"EntryPoint\",\"urlTemplate\":\"https:\/\/www.miomiorun.com\/fr\/?s={search_term_string}\"},\"query-input\":{\"@type\":\"PropertyValueSpecification\",\"valueRequired\":true,\"valueName\":\"search_term_string\"}}],\"inLanguage\":\"fr-FR\"},{\"@type\":\"Organization\",\"@id\":\"https:\/\/www.miomiorun.com\/fr\/#organization\",\"name\":\"MioMio Run\",\"url\":\"https:\/\/www.miomiorun.com\/fr\/\",\"logo\":{\"@type\":\"ImageObject\",\"inLanguage\":\"fr-FR\",\"@id\":\"https:\/\/www.miomiorun.com\/fr\/#\/schema\/logo\/image\/\",\"url\":\"https:\/\/www.miomiorun.com\/app\/uploads\/2019\/12\/logomio.png\",\"contentUrl\":\"https:\/\/www.miomiorun.com\/app\/uploads\/2019\/12\/logomio.png\",\"width\":115,\"height\":82,\"caption\":\"MioMio Run\"},\"image\":{\"@id\":\"https:\/\/www.miomiorun.com\/fr\/#\/schema\/logo\/image\/\"},\"sameAs\":[\"https:\/\/www.facebook.com\/miomiorun\/\",\"https:\/\/www.instagram.com\/miomiorun\/\"]}]}<\/script>\n<!-- \/ Yoast SEO plugin. -->","yoast_head_json":{"title":"Shokz OpenMove -\u00e9couteurs de course - MioMioRun","description":"Tout nouveaux \u00e9couteurs sans fil OpenMove \u00e0 conduction osseuse. Id\u00e9aux pour toutes les activit\u00e9s quotidiennes ou pour faire du sport \u00e0 la maison, \u00e0 la salle de sport ou en ville.","robots":{"index":"index","follow":"follow","max-snippet":"max-snippet:-1","max-image-preview":"max-image-preview:large","max-video-preview":"max-video-preview:-1"},"canonical":"https:\/\/www.miomiorun.com\/fr\/produit\/aftershokz-openmove\/","og_locale":"fr_FR","og_type":"article","og_title":"Shokz OpenMove -\u00e9couteurs de course - MioMioRun","og_description":"Tout nouveaux \u00e9couteurs sans fil OpenMove \u00e0 conduction osseuse. Id\u00e9aux pour toutes les activit\u00e9s quotidiennes ou pour faire du sport \u00e0 la maison, \u00e0 la salle de sport ou en ville.","og_url":"https:\/\/www.miomiorun.com\/fr\/produit\/aftershokz-openmove\/","og_site_name":"MioMioRun","article_publisher":"https:\/\/www.facebook.com\/miomiorun\/","article_modified_time":"2026-01-16T09:35:42+00:00","og_image":[{"width":600,"height":600,"url":"https:\/\/www.miomiorun.com\/app\/uploads\/2020\/11\/aftershokz-openmove-AS660-AW.jpg","type":"image\/jpeg"}],"twitter_card":"summary_large_image","twitter_misc":{"Est. reading time":"3 minutes"},"schema":{"@context":"https:\/\/schema.org","@graph":[{"@type":"WebPage","@id":"https:\/\/www.miomiorun.com\/fr\/produit\/aftershokz-openmove\/","url":"https:\/\/www.miomiorun.com\/fr\/produit\/aftershokz-openmove\/","name":"Shokz OpenMove -\u00e9couteurs de course - MioMioRun","isPartOf":{"@id":"https:\/\/www.miomiorun.com\/fr\/#website"},"primaryImageOfPage":{"@id":"https:\/\/www.miomiorun.com\/fr\/produit\/aftershokz-openmove\/#primaryimage"},"image":{"@id":"https:\/\/www.miomiorun.com\/fr\/produit\/aftershokz-openmove\/#primaryimage"},"thumbnailUrl":"https:\/\/www.miomiorun.com\/app\/uploads\/2020\/11\/aftershokz-openmove-AS660-AW.jpg","datePublished":"2020-11-03T16:31:51+00:00","dateModified":"2026-01-16T09:35:42+00:00","description":"Tout nouveaux \u00e9couteurs sans fil OpenMove \u00e0 conduction osseuse. Id\u00e9aux pour toutes les activit\u00e9s quotidiennes ou pour faire du sport \u00e0 la maison, \u00e0 la salle de sport ou en ville.","breadcrumb":{"@id":"https:\/\/www.miomiorun.com\/fr\/produit\/aftershokz-openmove\/#breadcrumb"},"inLanguage":"fr-FR","potentialAction":[{"@type":"ReadAction","target":["https:\/\/www.miomiorun.com\/fr\/produit\/aftershokz-openmove\/"]}]},{"@type":"ImageObject","inLanguage":"fr-FR","@id":"https:\/\/www.miomiorun.com\/fr\/produit\/aftershokz-openmove\/#primaryimage","url":"https:\/\/www.miomiorun.com\/app\/uploads\/2020\/11\/aftershokz-openmove-AS660-AW.jpg","contentUrl":"https:\/\/www.miomiorun.com\/app\/uploads\/2020\/11\/aftershokz-openmove-AS660-AW.jpg","width":600,"height":600,"caption":"aftershokz openmove cuffie"},{"@type":"BreadcrumbList","@id":"https:\/\/www.miomiorun.com\/fr\/produit\/aftershokz-openmove\/#breadcrumb","itemListElement":[{"@type":"ListItem","position":1,"name":"Home","item":"https:\/\/www.miomiorun.com\/fr\/home-page\/"},{"@type":"ListItem","position":2,"name":"Shop","item":"https:\/\/www.miomiorun.com\/shop\/"},{"@type":"ListItem","position":3,"name":"OpenMove"}]},{"@type":"WebSite","@id":"https:\/\/www.miomiorun.com\/fr\/#website","url":"https:\/\/www.miomiorun.com\/fr\/","name":"MioMioRun","description":"Boutique 100% running et trail","publisher":{"@id":"https:\/\/www.miomiorun.com\/fr\/#organization"},"potentialAction":[{"@type":"SearchAction","target":{"@type":"EntryPoint","urlTemplate":"https:\/\/www.miomiorun.com\/fr\/?s={search_term_string}"},"query-input":{"@type":"PropertyValueSpecification","valueRequired":true,"valueName":"search_term_string"}}],"inLanguage":"fr-FR"},{"@type":"Organization","@id":"https:\/\/www.miomiorun.com\/fr\/#organization","name":"MioMio Run","url":"https:\/\/www.miomiorun.com\/fr\/","logo":{"@type":"ImageObject","inLanguage":"fr-FR","@id":"https:\/\/www.miomiorun.com\/fr\/#\/schema\/logo\/image\/","url":"https:\/\/www.miomiorun.com\/app\/uploads\/2019\/12\/logomio.png","contentUrl":"https:\/\/www.miomiorun.com\/app\/uploads\/2019\/12\/logomio.png","width":115,"height":82,"caption":"MioMio Run"},"image":{"@id":"https:\/\/www.miomiorun.com\/fr\/#\/schema\/logo\/image\/"},"sameAs":["https:\/\/www.facebook.com\/miomiorun\/","https:\/\/www.instagram.com\/miomiorun\/"]}]}},"_links":{"self":[{"href":"https:\/\/www.miomiorun.com\/fr\/wp-json\/wp\/v2\/product\/276012","targetHints":{"allow":["GET"]}}],"collection":[{"href":"https:\/\/www.miomiorun.com\/fr\/wp-json\/wp\/v2\/product"}],"about":[{"href":"https:\/\/www.miomiorun.com\/fr\/wp-json\/wp\/v2\/types\/product"}],"wp:featuredmedia":[{"embeddable":true,"href":"https:\/\/www.miomiorun.com\/fr\/wp-json\/wp\/v2\/media\/230947"}],"wp:attachment":[{"href":"https:\/\/www.miomiorun.com\/fr\/wp-json\/wp\/v2\/media?parent=276012"}],"wp:term":[{"taxonomy":"product_brand","embeddable":true,"href":"https:\/\/www.miomiorun.com\/fr\/wp-json\/wp\/v2\/product_brand?post=276012"},{"taxonomy":"product_cat","embeddable":true,"href":"https:\/\/www.miomiorun.com\/fr\/wp-json\/wp\/v2\/product_cat?post=276012"},{"taxonomy":"product_tag","embeddable":true,"href":"https:\/\/www.miomiorun.com\/fr\/wp-json\/wp\/v2\/product_tag?post=276012"}],"curies":[{"name":"wp","href":"https:\/\/api.w.org\/{rel}","templated":true}]}}