{"id":275966,"date":"2020-11-14T10:59:30","date_gmt":"2020-11-14T09:59:30","guid":{"rendered":"https:\/\/miomiorun.com\/prodotto\/montura-premium-wind-hoody-jacket-uomo\/"},"modified":"2026-01-21T10:46:45","modified_gmt":"2026-01-21T09:46:45","slug":"montura-premium-wind-hoody-jacket-homme","status":"publish","type":"product","link":"https:\/\/www.miomiorun.com\/fr\/produit\/montura-premium-wind-hoody-jacket-homme\/","title":{"rendered":"Premium Wind Hoody Jacket homme"},"content":{"rendered":"<div class=\"product-attribute-season\">\n<p>Veste pour homme avec capuche en tissu polyester stretch DWR \u00e0 double tissage et softshell. Contraste en tissu nylon DWR stretch, partiellement doubl\u00e9 en jersey. Fermeture \u00e9clair au centre sur le devant, poches mains zipp\u00e9es, poche int\u00e9rieure ouverte. Capuche, poignets et bas de veste \u00e9lastiqu\u00e9s. V\u00eatement id\u00e9al pour diverses activit\u00e9s de plein air et de loisirs.<\/p>\n<p class=\"product-weight\">Poids : 0,47 kg<\/p>\n<div class=\"product-attribute-season\">\n<div class=\"attribute_container tw-pb-24 last-of-type:tw-pb-0\">\n<div class=\"content__image-wrapper tw-w-fit \">\n<div class=\"content__image tw-relative tw-w-[3.2rem]\"><img loading=\"lazy\" decoding=\"async\" class=\"tw-absolute tw-top-0 tw-left-0 tw-w-full tw-h-full\" src=\"https:\/\/www.montura.com\/cdn\/shop\/files\/002_WaterResistantDWR_Black.svg?v=1709125500&amp;width=200\" alt=\"\" width=\"200\" height=\"200\"><\/div>\n<\/div>\n<h3 class=\"tw-text-s tw-pt-[1.2rem] tw-pb-[0.4rem] tw-font-medium\">Hydrofuge (DWR)<\/h3>\n<p class=\"tw-text-greyish-brown tw-text-xs tw-pt-[0.4rem]\">Une couche hydrofuge appliqu\u00e9e sur le tissu assure une l\u00e9g\u00e8re protection contre l&#8217;humidit\u00e9 ext\u00e9rieure. <\/p>\n<\/div>\n<div class=\"attribute_container tw-pb-24 last-of-type:tw-pb-0\">\n<div class=\"content__image-wrapper tw-w-fit \">\n<div class=\"content__image tw-relative tw-w-[3.2rem]\"><img loading=\"lazy\" decoding=\"async\" class=\"tw-absolute tw-top-0 tw-left-0 tw-w-full tw-h-full\" src=\"https:\/\/www.montura.com\/cdn\/shop\/files\/003_Windproof_Black.svg?v=1709125529&amp;width=200\" alt=\"\" width=\"200\" height=\"200\"><\/div>\n<\/div>\n<h3 class=\"tw-text-s tw-pt-[1.2rem] tw-pb-[0.4rem] tw-font-medium\">Coupe-vent<\/h3>\n<p class=\"tw-text-greyish-brown tw-text-xs tw-pt-[0.4rem]\">Le tissu emp\u00eache le vent de p\u00e9n\u00e9trer, r\u00e9duisant ainsi le risque de refroidissement.<\/p>\n<\/div>\n<\/div>\n<div class=\"product-attribute product-attribute-passion\">\n<h2 class=\"attribute-label\">Activit\u00e9<\/h2>\n<p>&nbsp;<\/p>\n<\/div>\n<div class=\"product-attribute product-attribute-passion\">\n<div id=\"materials\" class=\"data item content\" role=\"tabpanel\" data-role=\"content\" aria-labelledby=\"tab-label-materials\" aria-hidden=\"false\">\n<div class=\"product-materials-content\">\n<div class=\"texture-content primary-texture\">\n<div class=\"content\">\n<div class=\"texture-text\">\n<div class=\"laundry-sides-texture\">\n<div class=\"attribute_container tw-pb-24 last-of-type:tw-pb-0\">\n<div class=\"content__image-wrapper tw-w-fit \">\n<div class=\"content__image tw-relative tw-w-[3.2rem]\"><img loading=\"lazy\" decoding=\"async\" class=\"tw-absolute tw-top-0 tw-left-0 tw-w-full tw-h-full\" src=\"https:\/\/www.montura.com\/cdn\/shop\/files\/017_TrekkingHiking_Black.svg?v=1709126467&amp;width=200\" alt=\"\" width=\"200\" height=\"200\"><\/div>\n<\/div>\n<h3 class=\"tw-text-s tw-pt-[1.2rem] tw-pb-[0.4rem] tw-font-medium\">Trekking \/ Randonn\u00e9e<\/h3>\n<p class=\"tw-text-greyish-brown tw-text-wrap tw-text-xs tw-pt-[0.4rem]\">V\u00eatement con\u00e7u pour la randonn\u00e9e<\/p>\n<p>&nbsp;<\/p>\n<\/div>\n<div class=\"attribute_container tw-pb-24 last-of-type:tw-pb-0\">\n<div class=\"content__image-wrapper tw-w-fit \">\n<div class=\"content__image tw-relative tw-w-[3.2rem]\"><img loading=\"lazy\" decoding=\"async\" class=\"tw-absolute tw-top-0 tw-left-0 tw-w-full tw-h-full\" src=\"https:\/\/www.montura.com\/cdn\/shop\/files\/016_SkiMountaineering_Black.svg?v=1709126405&amp;width=200\" alt=\"\" width=\"200\" height=\"188\"><\/div>\n<\/div>\n<h3 class=\"tw-text-s tw-pt-[1.2rem] tw-pb-[0.4rem] tw-font-medium\">Ski alpinisme<\/h3>\n<p class=\"tw-text-greyish-brown tw-text-wrap tw-text-xs tw-pt-[0.4rem]\">V\u00eatement con\u00e7u pour le ski alpinisme<\/p>\n<p>&nbsp;<\/p>\n<\/div>\n<div class=\"attribute_container tw-pb-24 last-of-type:tw-pb-0\">\n<div class=\"content__image-wrapper tw-w-fit \">\n<div class=\"content__image tw-relative tw-w-[3.2rem]\"><img loading=\"lazy\" decoding=\"async\" class=\"tw-absolute tw-top-0 tw-left-0 tw-w-full tw-h-full\" src=\"https:\/\/www.montura.com\/cdn\/shop\/files\/019_Climbing_Black.svg?v=1709126445&amp;width=200\" alt=\"\" width=\"200\" height=\"267\"><\/div>\n<\/div>\n<h3 class=\"tw-text-s tw-pt-[1.2rem] tw-pb-[0.4rem] tw-font-medium\">Escalade<\/h3>\n<p class=\"tw-text-greyish-brown tw-text-wrap tw-text-xs tw-pt-[0.4rem]\">V\u00eatement con\u00e7u pour l&#8217;escalade<\/p>\n<p>&nbsp;<\/p>\n<\/div>\n<div class=\"attribute_container tw-pb-24 last-of-type:tw-pb-0\">\n<div class=\"content__image-wrapper tw-w-fit \">\n<div class=\"content__image tw-relative tw-w-[3.2rem]\"><img loading=\"lazy\" decoding=\"async\" class=\"tw-absolute tw-top-0 tw-left-0 tw-w-full tw-h-full\" src=\"https:\/\/www.montura.com\/cdn\/shop\/files\/021_Cycling_Black.svg?v=1709126277&amp;width=200\" alt=\"\" width=\"200\" height=\"188\"><\/div>\n<\/div>\n<h3 class=\"tw-text-s tw-pt-[1.2rem] tw-pb-[0.4rem] tw-font-medium\">Cyclisme<\/h3>\n<p class=\"tw-text-greyish-brown tw-text-wrap tw-text-xs tw-pt-[0.4rem]\">V\u00eatement con\u00e7u pour le cyclisme<\/p>\n<\/div>\n<\/div>\n<\/div>\n<\/div>\n<\/div>\n<\/div>\n<\/div>\n<\/div>\n<\/div>\n","protected":false},"excerpt":{"rendered":"<p>Veste pour homme avec capuche en tissu polyester stretch DWR \u00e0 double tissage et softshell. Contraste en tissu nylon DWR stretch, partiellement doubl\u00e9 en jersey. Fermeture \u00e9clair au centre sur le devant, poches mains zipp\u00e9es, poche int\u00e9rieure ouverte. Capuche, poignets et bas de veste \u00e9lastiqu\u00e9s. V\u00eatement id\u00e9al pour diverses activit\u00e9s de plein air et de &hellip; <a href=\"https:\/\/www.miomiorun.com\/fr\/produit\/montura-premium-wind-hoody-jacket-homme\/\">Continued<\/a><\/p>\n","protected":false},"featured_media":231035,"template":"","meta":{"_acf_changed":false,"inline_featured_image":false},"product_brand":[],"product_cat":[24480,24482,24484],"product_tag":[23512,23524],"class_list":{"0":"post-275966","1":"product","2":"type-product","3":"status-publish","4":"has-post-thumbnail","6":"product_cat-vestes-fr-2","7":"product_cat-vetements-pour-hommes-fr","8":"product_cat-homme","9":"product_tag-montura-fr","10":"product_tag-montura-homme","11":"pa_attivita-marcher","12":"pa_attivita-outdoor-fr","13":"pa_colore-premium-wind-hoody-jacket-black-antracit-fr","14":"pa_colore-premium-wind-hoody-jacket-nero-giallo-fluo-fr","15":"pa_marca-montura-fr","16":"pa_sesso-homme","17":"pa_size-small-fr","18":"pa_size-extra-large-fr","20":"first","21":"instock","22":"taxable","23":"shipping-taxable","24":"purchasable","25":"product-type-variable","26":"wvs-archive-product-wrapper"},"acf":[],"yoast_head":"<!-- This site is optimized with the Yoast SEO plugin v26.8 - https:\/\/yoast.com\/product\/yoast-seo-wordpress\/ -->\n<title>Montura Premium Wind Hoody Jacket homme - Veste d&#039;hiver - MioMioRun<\/title>\n<meta name=\"description\" content=\"La veste Montura Premium Wind Hoody Jacket pour homme est une veste \u00e0 capuche en polyester. V\u00eatement id\u00e9al pour diverses activit\u00e9s de plein air.\" \/>\n<meta name=\"robots\" content=\"index, follow, max-snippet:-1, max-image-preview:large, max-video-preview:-1\" \/>\n<link rel=\"canonical\" href=\"https:\/\/www.miomiorun.com\/fr\/produit\/montura-premium-wind-hoody-jacket-homme\/\" \/>\n<meta property=\"og:locale\" content=\"fr_FR\" \/>\n<meta property=\"og:type\" content=\"article\" \/>\n<meta property=\"og:title\" content=\"Montura Premium Wind Hoody Jacket homme - Veste d&#039;hiver - MioMioRun\" \/>\n<meta property=\"og:description\" content=\"La veste Montura Premium Wind Hoody Jacket pour homme est une veste \u00e0 capuche en polyester. V\u00eatement id\u00e9al pour diverses activit\u00e9s de plein air.\" \/>\n<meta property=\"og:url\" content=\"https:\/\/www.miomiorun.com\/fr\/produit\/montura-premium-wind-hoody-jacket-homme\/\" \/>\n<meta property=\"og:site_name\" content=\"MioMioRun\" \/>\n<meta property=\"article:publisher\" content=\"https:\/\/www.facebook.com\/miomiorun\/\" \/>\n<meta property=\"article:modified_time\" content=\"2026-01-21T09:46:45+00:00\" \/>\n<meta property=\"og:image\" content=\"https:\/\/www.miomiorun.com\/app\/uploads\/2020\/11\/montura-premium-wind-hoody-jacket-MJAW84X-8647.jpg\" \/>\n\t<meta property=\"og:image:width\" content=\"600\" \/>\n\t<meta property=\"og:image:height\" content=\"600\" \/>\n\t<meta property=\"og:image:type\" content=\"image\/jpeg\" \/>\n<meta name=\"twitter:card\" content=\"summary_large_image\" \/>\n<meta name=\"twitter:label1\" content=\"Est. reading time\" \/>\n\t<meta name=\"twitter:data1\" content=\"1 minute\" \/>\n<script type=\"application\/ld+json\" class=\"yoast-schema-graph\">{\"@context\":\"https:\/\/schema.org\",\"@graph\":[{\"@type\":\"WebPage\",\"@id\":\"https:\/\/www.miomiorun.com\/fr\/produit\/montura-premium-wind-hoody-jacket-homme\/\",\"url\":\"https:\/\/www.miomiorun.com\/fr\/produit\/montura-premium-wind-hoody-jacket-homme\/\",\"name\":\"Montura Premium Wind Hoody Jacket homme - Veste d'hiver - MioMioRun\",\"isPartOf\":{\"@id\":\"https:\/\/www.miomiorun.com\/fr\/#website\"},\"primaryImageOfPage\":{\"@id\":\"https:\/\/www.miomiorun.com\/fr\/produit\/montura-premium-wind-hoody-jacket-homme\/#primaryimage\"},\"image\":{\"@id\":\"https:\/\/www.miomiorun.com\/fr\/produit\/montura-premium-wind-hoody-jacket-homme\/#primaryimage\"},\"thumbnailUrl\":\"https:\/\/www.miomiorun.com\/app\/uploads\/2020\/11\/montura-premium-wind-hoody-jacket-MJAW84X-8647.jpg\",\"datePublished\":\"2020-11-14T09:59:30+00:00\",\"dateModified\":\"2026-01-21T09:46:45+00:00\",\"description\":\"La veste Montura Premium Wind Hoody Jacket pour homme est une veste \u00e0 capuche en polyester. V\u00eatement id\u00e9al pour diverses activit\u00e9s de plein air.\",\"breadcrumb\":{\"@id\":\"https:\/\/www.miomiorun.com\/fr\/produit\/montura-premium-wind-hoody-jacket-homme\/#breadcrumb\"},\"inLanguage\":\"fr-FR\",\"potentialAction\":[{\"@type\":\"ReadAction\",\"target\":[\"https:\/\/www.miomiorun.com\/fr\/produit\/montura-premium-wind-hoody-jacket-homme\/\"]}]},{\"@type\":\"ImageObject\",\"inLanguage\":\"fr-FR\",\"@id\":\"https:\/\/www.miomiorun.com\/fr\/produit\/montura-premium-wind-hoody-jacket-homme\/#primaryimage\",\"url\":\"https:\/\/www.miomiorun.com\/app\/uploads\/2020\/11\/montura-premium-wind-hoody-jacket-MJAW84X-8647.jpg\",\"contentUrl\":\"https:\/\/www.miomiorun.com\/app\/uploads\/2020\/11\/montura-premium-wind-hoody-jacket-MJAW84X-8647.jpg\",\"width\":600,\"height\":600,\"caption\":\"montura premium wind hoody jacket\"},{\"@type\":\"BreadcrumbList\",\"@id\":\"https:\/\/www.miomiorun.com\/fr\/produit\/montura-premium-wind-hoody-jacket-homme\/#breadcrumb\",\"itemListElement\":[{\"@type\":\"ListItem\",\"position\":1,\"name\":\"Home\",\"item\":\"https:\/\/www.miomiorun.com\/fr\/home-page\/\"},{\"@type\":\"ListItem\",\"position\":2,\"name\":\"Shop\",\"item\":\"https:\/\/www.miomiorun.com\/shop\/\"},{\"@type\":\"ListItem\",\"position\":3,\"name\":\"Premium Wind Hoody Jacket homme\"}]},{\"@type\":\"WebSite\",\"@id\":\"https:\/\/www.miomiorun.com\/fr\/#website\",\"url\":\"https:\/\/www.miomiorun.com\/fr\/\",\"name\":\"MioMioRun\",\"description\":\"Boutique 100% running et trail\",\"publisher\":{\"@id\":\"https:\/\/www.miomiorun.com\/fr\/#organization\"},\"potentialAction\":[{\"@type\":\"SearchAction\",\"target\":{\"@type\":\"EntryPoint\",\"urlTemplate\":\"https:\/\/www.miomiorun.com\/fr\/?s={search_term_string}\"},\"query-input\":{\"@type\":\"PropertyValueSpecification\",\"valueRequired\":true,\"valueName\":\"search_term_string\"}}],\"inLanguage\":\"fr-FR\"},{\"@type\":\"Organization\",\"@id\":\"https:\/\/www.miomiorun.com\/fr\/#organization\",\"name\":\"MioMio Run\",\"url\":\"https:\/\/www.miomiorun.com\/fr\/\",\"logo\":{\"@type\":\"ImageObject\",\"inLanguage\":\"fr-FR\",\"@id\":\"https:\/\/www.miomiorun.com\/fr\/#\/schema\/logo\/image\/\",\"url\":\"https:\/\/www.miomiorun.com\/app\/uploads\/2019\/12\/logomio.png\",\"contentUrl\":\"https:\/\/www.miomiorun.com\/app\/uploads\/2019\/12\/logomio.png\",\"width\":115,\"height\":82,\"caption\":\"MioMio Run\"},\"image\":{\"@id\":\"https:\/\/www.miomiorun.com\/fr\/#\/schema\/logo\/image\/\"},\"sameAs\":[\"https:\/\/www.facebook.com\/miomiorun\/\",\"https:\/\/www.instagram.com\/miomiorun\/\"]}]}<\/script>\n<!-- \/ Yoast SEO plugin. -->","yoast_head_json":{"title":"Montura Premium Wind Hoody Jacket homme - Veste d'hiver - MioMioRun","description":"La veste Montura Premium Wind Hoody Jacket pour homme est une veste \u00e0 capuche en polyester. V\u00eatement id\u00e9al pour diverses activit\u00e9s de plein air.","robots":{"index":"index","follow":"follow","max-snippet":"max-snippet:-1","max-image-preview":"max-image-preview:large","max-video-preview":"max-video-preview:-1"},"canonical":"https:\/\/www.miomiorun.com\/fr\/produit\/montura-premium-wind-hoody-jacket-homme\/","og_locale":"fr_FR","og_type":"article","og_title":"Montura Premium Wind Hoody Jacket homme - Veste d'hiver - MioMioRun","og_description":"La veste Montura Premium Wind Hoody Jacket pour homme est une veste \u00e0 capuche en polyester. V\u00eatement id\u00e9al pour diverses activit\u00e9s de plein air.","og_url":"https:\/\/www.miomiorun.com\/fr\/produit\/montura-premium-wind-hoody-jacket-homme\/","og_site_name":"MioMioRun","article_publisher":"https:\/\/www.facebook.com\/miomiorun\/","article_modified_time":"2026-01-21T09:46:45+00:00","og_image":[{"width":600,"height":600,"url":"https:\/\/www.miomiorun.com\/app\/uploads\/2020\/11\/montura-premium-wind-hoody-jacket-MJAW84X-8647.jpg","type":"image\/jpeg"}],"twitter_card":"summary_large_image","twitter_misc":{"Est. reading time":"1 minute"},"schema":{"@context":"https:\/\/schema.org","@graph":[{"@type":"WebPage","@id":"https:\/\/www.miomiorun.com\/fr\/produit\/montura-premium-wind-hoody-jacket-homme\/","url":"https:\/\/www.miomiorun.com\/fr\/produit\/montura-premium-wind-hoody-jacket-homme\/","name":"Montura Premium Wind Hoody Jacket homme - Veste d'hiver - MioMioRun","isPartOf":{"@id":"https:\/\/www.miomiorun.com\/fr\/#website"},"primaryImageOfPage":{"@id":"https:\/\/www.miomiorun.com\/fr\/produit\/montura-premium-wind-hoody-jacket-homme\/#primaryimage"},"image":{"@id":"https:\/\/www.miomiorun.com\/fr\/produit\/montura-premium-wind-hoody-jacket-homme\/#primaryimage"},"thumbnailUrl":"https:\/\/www.miomiorun.com\/app\/uploads\/2020\/11\/montura-premium-wind-hoody-jacket-MJAW84X-8647.jpg","datePublished":"2020-11-14T09:59:30+00:00","dateModified":"2026-01-21T09:46:45+00:00","description":"La veste Montura Premium Wind Hoody Jacket pour homme est une veste \u00e0 capuche en polyester. V\u00eatement id\u00e9al pour diverses activit\u00e9s de plein air.","breadcrumb":{"@id":"https:\/\/www.miomiorun.com\/fr\/produit\/montura-premium-wind-hoody-jacket-homme\/#breadcrumb"},"inLanguage":"fr-FR","potentialAction":[{"@type":"ReadAction","target":["https:\/\/www.miomiorun.com\/fr\/produit\/montura-premium-wind-hoody-jacket-homme\/"]}]},{"@type":"ImageObject","inLanguage":"fr-FR","@id":"https:\/\/www.miomiorun.com\/fr\/produit\/montura-premium-wind-hoody-jacket-homme\/#primaryimage","url":"https:\/\/www.miomiorun.com\/app\/uploads\/2020\/11\/montura-premium-wind-hoody-jacket-MJAW84X-8647.jpg","contentUrl":"https:\/\/www.miomiorun.com\/app\/uploads\/2020\/11\/montura-premium-wind-hoody-jacket-MJAW84X-8647.jpg","width":600,"height":600,"caption":"montura premium wind hoody jacket"},{"@type":"BreadcrumbList","@id":"https:\/\/www.miomiorun.com\/fr\/produit\/montura-premium-wind-hoody-jacket-homme\/#breadcrumb","itemListElement":[{"@type":"ListItem","position":1,"name":"Home","item":"https:\/\/www.miomiorun.com\/fr\/home-page\/"},{"@type":"ListItem","position":2,"name":"Shop","item":"https:\/\/www.miomiorun.com\/shop\/"},{"@type":"ListItem","position":3,"name":"Premium Wind Hoody Jacket homme"}]},{"@type":"WebSite","@id":"https:\/\/www.miomiorun.com\/fr\/#website","url":"https:\/\/www.miomiorun.com\/fr\/","name":"MioMioRun","description":"Boutique 100% running et trail","publisher":{"@id":"https:\/\/www.miomiorun.com\/fr\/#organization"},"potentialAction":[{"@type":"SearchAction","target":{"@type":"EntryPoint","urlTemplate":"https:\/\/www.miomiorun.com\/fr\/?s={search_term_string}"},"query-input":{"@type":"PropertyValueSpecification","valueRequired":true,"valueName":"search_term_string"}}],"inLanguage":"fr-FR"},{"@type":"Organization","@id":"https:\/\/www.miomiorun.com\/fr\/#organization","name":"MioMio Run","url":"https:\/\/www.miomiorun.com\/fr\/","logo":{"@type":"ImageObject","inLanguage":"fr-FR","@id":"https:\/\/www.miomiorun.com\/fr\/#\/schema\/logo\/image\/","url":"https:\/\/www.miomiorun.com\/app\/uploads\/2019\/12\/logomio.png","contentUrl":"https:\/\/www.miomiorun.com\/app\/uploads\/2019\/12\/logomio.png","width":115,"height":82,"caption":"MioMio Run"},"image":{"@id":"https:\/\/www.miomiorun.com\/fr\/#\/schema\/logo\/image\/"},"sameAs":["https:\/\/www.facebook.com\/miomiorun\/","https:\/\/www.instagram.com\/miomiorun\/"]}]}},"_links":{"self":[{"href":"https:\/\/www.miomiorun.com\/fr\/wp-json\/wp\/v2\/product\/275966","targetHints":{"allow":["GET"]}}],"collection":[{"href":"https:\/\/www.miomiorun.com\/fr\/wp-json\/wp\/v2\/product"}],"about":[{"href":"https:\/\/www.miomiorun.com\/fr\/wp-json\/wp\/v2\/types\/product"}],"wp:featuredmedia":[{"embeddable":true,"href":"https:\/\/www.miomiorun.com\/fr\/wp-json\/wp\/v2\/media\/231035"}],"wp:attachment":[{"href":"https:\/\/www.miomiorun.com\/fr\/wp-json\/wp\/v2\/media?parent=275966"}],"wp:term":[{"taxonomy":"product_brand","embeddable":true,"href":"https:\/\/www.miomiorun.com\/fr\/wp-json\/wp\/v2\/product_brand?post=275966"},{"taxonomy":"product_cat","embeddable":true,"href":"https:\/\/www.miomiorun.com\/fr\/wp-json\/wp\/v2\/product_cat?post=275966"},{"taxonomy":"product_tag","embeddable":true,"href":"https:\/\/www.miomiorun.com\/fr\/wp-json\/wp\/v2\/product_tag?post=275966"}],"curies":[{"name":"wp","href":"https:\/\/api.w.org\/{rel}","templated":true}]}}