{"id":275954,"date":"2020-11-24T19:07:13","date_gmt":"2020-11-24T18:07:13","guid":{"rendered":"https:\/\/miomiorun.com\/prodotto\/la-sportiva-chiodo-a-t-grip-con-chiave\/"},"modified":"2026-01-21T10:47:39","modified_gmt":"2026-01-21T09:47:39","slug":"la-sportiva-clou-a-t-grip-avec-cle","status":"publish","type":"product","link":"https:\/\/www.miomiorun.com\/fr\/produit\/la-sportiva-clou-a-t-grip-avec-cle\/","title":{"rendered":"Clou A.T. grip avec cl\u00e9"},"content":{"rendered":"<p>Crampon multifonction amovible, il peut \u00eatre fix\u00e9 rapidement \u00e0 la chaussure, garantissant une s\u00e9curit\u00e9 et une adh\u00e9rence maximales sur tous les terrains et dans toutes les conditions.<\/p>\n<p>Pour augmenter ou personnaliser l&#8217;adh\u00e9rence, il est recommand\u00e9 d&#8217;augmenter le nombre de crampons en fonction des besoins. Le paquet contient 18 crampons et la cl\u00e9 pour les fixer.<\/p>\n<p>+ La solution parfaite pour une meilleure traction et un meilleur freinage sur les terrains verglac\u00e9s et dans les conditions les plus extr\u00eames.<br \/>\n+ Con\u00e7us \u00e0 l&#8217;origine pour augmenter l&#8217;adh\u00e9rence des pneus.<br \/>\n+ Syst\u00e8me de vissage et de d\u00e9vissage efficace et rapide.<br \/>\n+ Utilisables sur tous les types de semelles avec des crampons de taille suffisante.<br \/>\n+ Ils peuvent \u00eatre facilement retir\u00e9s de la zone d&#8217;ancrage, puis remont\u00e9s. Il est possible de personnaliser l&#8217;adh\u00e9rence en augmentant ou en diminuant le nombre de crampons et en ajustant la partie saillante.<\/p>\n","protected":false},"excerpt":{"rendered":"<p>Crampon multifonction amovible, il peut \u00eatre fix\u00e9 rapidement \u00e0 la chaussure, garantissant une s\u00e9curit\u00e9 et une adh\u00e9rence maximales sur tous les terrains et dans toutes les conditions. Pour augmenter ou personnaliser l&#8217;adh\u00e9rence, il est recommand\u00e9 d&#8217;augmenter le nombre de crampons en fonction des besoins. Le paquet contient 18 crampons et la cl\u00e9 pour les fixer. &hellip; <a href=\"https:\/\/www.miomiorun.com\/fr\/produit\/la-sportiva-clou-a-t-grip-avec-cle\/\">Continued<\/a><\/p>\n","protected":false},"featured_media":231059,"template":"","meta":{"_acf_changed":false,"inline_featured_image":false},"product_brand":[],"product_cat":[22586,22538],"product_tag":[23597],"class_list":{"0":"post-275954","1":"product","2":"type-product","3":"status-publish","4":"has-post-thumbnail","6":"product_cat-divers","7":"product_cat-accessoires","8":"product_tag-la-sportiva-fr","9":"pa_attivita-outdoor-fr","10":"pa_attivita-trail-fr","11":"pa_marca-la-sportiva-fr","12":"pa_sesso-femme","13":"pa_sesso-homme","15":"first","16":"instock","17":"sale","18":"taxable","19":"shipping-taxable","20":"purchasable","21":"product-type-simple"},"acf":[],"yoast_head":"<!-- This site is optimized with the Yoast SEO plugin v26.8 - https:\/\/yoast.com\/product\/yoast-seo-wordpress\/ -->\n<title>La Sportiva Clou A.T. grip avec cl\u00e9 - Accessoires de course \u00e0 pied - MioMioRun<\/title>\n<meta name=\"description\" content=\"Clou polyvalent amovible, il peut \u00eatre appliqu\u00e9 rapidement \u00e0 l&#039;\u00e9cole, garantissant une s\u00e9curit\u00e9 et une adh\u00e9rence maximales sur tous les terrains et dans toutes les conditions.\" \/>\n<meta name=\"robots\" content=\"index, follow, max-snippet:-1, max-image-preview:large, max-video-preview:-1\" \/>\n<link rel=\"canonical\" href=\"https:\/\/www.miomiorun.com\/fr\/produit\/la-sportiva-clou-a-t-grip-avec-cle\/\" \/>\n<meta property=\"og:locale\" content=\"fr_FR\" \/>\n<meta property=\"og:type\" content=\"article\" \/>\n<meta property=\"og:title\" content=\"La Sportiva Clou A.T. grip avec cl\u00e9 - Accessoires de course \u00e0 pied - MioMioRun\" \/>\n<meta property=\"og:description\" content=\"Clou polyvalent amovible, il peut \u00eatre appliqu\u00e9 rapidement \u00e0 l&#039;\u00e9cole, garantissant une s\u00e9curit\u00e9 et une adh\u00e9rence maximales sur tous les terrains et dans toutes les conditions.\" \/>\n<meta property=\"og:url\" content=\"https:\/\/www.miomiorun.com\/fr\/produit\/la-sportiva-clou-a-t-grip-avec-cle\/\" \/>\n<meta property=\"og:site_name\" content=\"MioMioRun\" \/>\n<meta property=\"article:publisher\" content=\"https:\/\/www.facebook.com\/miomiorun\/\" \/>\n<meta property=\"article:modified_time\" content=\"2026-01-21T09:47:39+00:00\" \/>\n<meta property=\"og:image\" content=\"https:\/\/www.miomiorun.com\/app\/uploads\/2020\/11\/la-sportiva-Chiodo-A.T.-grip-con-chiave-441.jpg\" \/>\n\t<meta property=\"og:image:width\" content=\"600\" \/>\n\t<meta property=\"og:image:height\" content=\"600\" \/>\n\t<meta property=\"og:image:type\" content=\"image\/jpeg\" \/>\n<meta name=\"twitter:card\" content=\"summary_large_image\" \/>\n<meta name=\"twitter:label1\" content=\"Est. reading time\" \/>\n\t<meta name=\"twitter:data1\" content=\"1 minute\" \/>\n<script type=\"application\/ld+json\" class=\"yoast-schema-graph\">{\"@context\":\"https:\/\/schema.org\",\"@graph\":[{\"@type\":\"WebPage\",\"@id\":\"https:\/\/www.miomiorun.com\/fr\/produit\/la-sportiva-clou-a-t-grip-avec-cle\/\",\"url\":\"https:\/\/www.miomiorun.com\/fr\/produit\/la-sportiva-clou-a-t-grip-avec-cle\/\",\"name\":\"La Sportiva Clou A.T. grip avec cl\u00e9 - Accessoires de course \u00e0 pied - MioMioRun\",\"isPartOf\":{\"@id\":\"https:\/\/www.miomiorun.com\/fr\/#website\"},\"primaryImageOfPage\":{\"@id\":\"https:\/\/www.miomiorun.com\/fr\/produit\/la-sportiva-clou-a-t-grip-avec-cle\/#primaryimage\"},\"image\":{\"@id\":\"https:\/\/www.miomiorun.com\/fr\/produit\/la-sportiva-clou-a-t-grip-avec-cle\/#primaryimage\"},\"thumbnailUrl\":\"https:\/\/www.miomiorun.com\/app\/uploads\/2020\/11\/la-sportiva-Chiodo-A.T.-grip-con-chiave-441.jpg\",\"datePublished\":\"2020-11-24T18:07:13+00:00\",\"dateModified\":\"2026-01-21T09:47:39+00:00\",\"description\":\"Clou polyvalent amovible, il peut \u00eatre appliqu\u00e9 rapidement \u00e0 l'\u00e9cole, garantissant une s\u00e9curit\u00e9 et une adh\u00e9rence maximales sur tous les terrains et dans toutes les conditions.\",\"breadcrumb\":{\"@id\":\"https:\/\/www.miomiorun.com\/fr\/produit\/la-sportiva-clou-a-t-grip-avec-cle\/#breadcrumb\"},\"inLanguage\":\"fr-FR\",\"potentialAction\":[{\"@type\":\"ReadAction\",\"target\":[\"https:\/\/www.miomiorun.com\/fr\/produit\/la-sportiva-clou-a-t-grip-avec-cle\/\"]}]},{\"@type\":\"ImageObject\",\"inLanguage\":\"fr-FR\",\"@id\":\"https:\/\/www.miomiorun.com\/fr\/produit\/la-sportiva-clou-a-t-grip-avec-cle\/#primaryimage\",\"url\":\"https:\/\/www.miomiorun.com\/app\/uploads\/2020\/11\/la-sportiva-Chiodo-A.T.-grip-con-chiave-441.jpg\",\"contentUrl\":\"https:\/\/www.miomiorun.com\/app\/uploads\/2020\/11\/la-sportiva-Chiodo-A.T.-grip-con-chiave-441.jpg\",\"width\":600,\"height\":600,\"caption\":\"la sportiva chiodo at grip con chiave\"},{\"@type\":\"BreadcrumbList\",\"@id\":\"https:\/\/www.miomiorun.com\/fr\/produit\/la-sportiva-clou-a-t-grip-avec-cle\/#breadcrumb\",\"itemListElement\":[{\"@type\":\"ListItem\",\"position\":1,\"name\":\"Home\",\"item\":\"https:\/\/www.miomiorun.com\/fr\/home-page\/\"},{\"@type\":\"ListItem\",\"position\":2,\"name\":\"Shop\",\"item\":\"https:\/\/www.miomiorun.com\/shop\/\"},{\"@type\":\"ListItem\",\"position\":3,\"name\":\"Clou A.T. grip avec cl\u00e9\"}]},{\"@type\":\"WebSite\",\"@id\":\"https:\/\/www.miomiorun.com\/fr\/#website\",\"url\":\"https:\/\/www.miomiorun.com\/fr\/\",\"name\":\"MioMioRun\",\"description\":\"Boutique 100% running et trail\",\"publisher\":{\"@id\":\"https:\/\/www.miomiorun.com\/fr\/#organization\"},\"potentialAction\":[{\"@type\":\"SearchAction\",\"target\":{\"@type\":\"EntryPoint\",\"urlTemplate\":\"https:\/\/www.miomiorun.com\/fr\/?s={search_term_string}\"},\"query-input\":{\"@type\":\"PropertyValueSpecification\",\"valueRequired\":true,\"valueName\":\"search_term_string\"}}],\"inLanguage\":\"fr-FR\"},{\"@type\":\"Organization\",\"@id\":\"https:\/\/www.miomiorun.com\/fr\/#organization\",\"name\":\"MioMio Run\",\"url\":\"https:\/\/www.miomiorun.com\/fr\/\",\"logo\":{\"@type\":\"ImageObject\",\"inLanguage\":\"fr-FR\",\"@id\":\"https:\/\/www.miomiorun.com\/fr\/#\/schema\/logo\/image\/\",\"url\":\"https:\/\/www.miomiorun.com\/app\/uploads\/2019\/12\/logomio.png\",\"contentUrl\":\"https:\/\/www.miomiorun.com\/app\/uploads\/2019\/12\/logomio.png\",\"width\":115,\"height\":82,\"caption\":\"MioMio Run\"},\"image\":{\"@id\":\"https:\/\/www.miomiorun.com\/fr\/#\/schema\/logo\/image\/\"},\"sameAs\":[\"https:\/\/www.facebook.com\/miomiorun\/\",\"https:\/\/www.instagram.com\/miomiorun\/\"]}]}<\/script>\n<!-- \/ Yoast SEO plugin. -->","yoast_head_json":{"title":"La Sportiva Clou A.T. grip avec cl\u00e9 - Accessoires de course \u00e0 pied - MioMioRun","description":"Clou polyvalent amovible, il peut \u00eatre appliqu\u00e9 rapidement \u00e0 l'\u00e9cole, garantissant une s\u00e9curit\u00e9 et une adh\u00e9rence maximales sur tous les terrains et dans toutes les conditions.","robots":{"index":"index","follow":"follow","max-snippet":"max-snippet:-1","max-image-preview":"max-image-preview:large","max-video-preview":"max-video-preview:-1"},"canonical":"https:\/\/www.miomiorun.com\/fr\/produit\/la-sportiva-clou-a-t-grip-avec-cle\/","og_locale":"fr_FR","og_type":"article","og_title":"La Sportiva Clou A.T. grip avec cl\u00e9 - Accessoires de course \u00e0 pied - MioMioRun","og_description":"Clou polyvalent amovible, il peut \u00eatre appliqu\u00e9 rapidement \u00e0 l'\u00e9cole, garantissant une s\u00e9curit\u00e9 et une adh\u00e9rence maximales sur tous les terrains et dans toutes les conditions.","og_url":"https:\/\/www.miomiorun.com\/fr\/produit\/la-sportiva-clou-a-t-grip-avec-cle\/","og_site_name":"MioMioRun","article_publisher":"https:\/\/www.facebook.com\/miomiorun\/","article_modified_time":"2026-01-21T09:47:39+00:00","og_image":[{"width":600,"height":600,"url":"https:\/\/www.miomiorun.com\/app\/uploads\/2020\/11\/la-sportiva-Chiodo-A.T.-grip-con-chiave-441.jpg","type":"image\/jpeg"}],"twitter_card":"summary_large_image","twitter_misc":{"Est. reading time":"1 minute"},"schema":{"@context":"https:\/\/schema.org","@graph":[{"@type":"WebPage","@id":"https:\/\/www.miomiorun.com\/fr\/produit\/la-sportiva-clou-a-t-grip-avec-cle\/","url":"https:\/\/www.miomiorun.com\/fr\/produit\/la-sportiva-clou-a-t-grip-avec-cle\/","name":"La Sportiva Clou A.T. grip avec cl\u00e9 - Accessoires de course \u00e0 pied - MioMioRun","isPartOf":{"@id":"https:\/\/www.miomiorun.com\/fr\/#website"},"primaryImageOfPage":{"@id":"https:\/\/www.miomiorun.com\/fr\/produit\/la-sportiva-clou-a-t-grip-avec-cle\/#primaryimage"},"image":{"@id":"https:\/\/www.miomiorun.com\/fr\/produit\/la-sportiva-clou-a-t-grip-avec-cle\/#primaryimage"},"thumbnailUrl":"https:\/\/www.miomiorun.com\/app\/uploads\/2020\/11\/la-sportiva-Chiodo-A.T.-grip-con-chiave-441.jpg","datePublished":"2020-11-24T18:07:13+00:00","dateModified":"2026-01-21T09:47:39+00:00","description":"Clou polyvalent amovible, il peut \u00eatre appliqu\u00e9 rapidement \u00e0 l'\u00e9cole, garantissant une s\u00e9curit\u00e9 et une adh\u00e9rence maximales sur tous les terrains et dans toutes les conditions.","breadcrumb":{"@id":"https:\/\/www.miomiorun.com\/fr\/produit\/la-sportiva-clou-a-t-grip-avec-cle\/#breadcrumb"},"inLanguage":"fr-FR","potentialAction":[{"@type":"ReadAction","target":["https:\/\/www.miomiorun.com\/fr\/produit\/la-sportiva-clou-a-t-grip-avec-cle\/"]}]},{"@type":"ImageObject","inLanguage":"fr-FR","@id":"https:\/\/www.miomiorun.com\/fr\/produit\/la-sportiva-clou-a-t-grip-avec-cle\/#primaryimage","url":"https:\/\/www.miomiorun.com\/app\/uploads\/2020\/11\/la-sportiva-Chiodo-A.T.-grip-con-chiave-441.jpg","contentUrl":"https:\/\/www.miomiorun.com\/app\/uploads\/2020\/11\/la-sportiva-Chiodo-A.T.-grip-con-chiave-441.jpg","width":600,"height":600,"caption":"la sportiva chiodo at grip con chiave"},{"@type":"BreadcrumbList","@id":"https:\/\/www.miomiorun.com\/fr\/produit\/la-sportiva-clou-a-t-grip-avec-cle\/#breadcrumb","itemListElement":[{"@type":"ListItem","position":1,"name":"Home","item":"https:\/\/www.miomiorun.com\/fr\/home-page\/"},{"@type":"ListItem","position":2,"name":"Shop","item":"https:\/\/www.miomiorun.com\/shop\/"},{"@type":"ListItem","position":3,"name":"Clou A.T. grip avec cl\u00e9"}]},{"@type":"WebSite","@id":"https:\/\/www.miomiorun.com\/fr\/#website","url":"https:\/\/www.miomiorun.com\/fr\/","name":"MioMioRun","description":"Boutique 100% running et trail","publisher":{"@id":"https:\/\/www.miomiorun.com\/fr\/#organization"},"potentialAction":[{"@type":"SearchAction","target":{"@type":"EntryPoint","urlTemplate":"https:\/\/www.miomiorun.com\/fr\/?s={search_term_string}"},"query-input":{"@type":"PropertyValueSpecification","valueRequired":true,"valueName":"search_term_string"}}],"inLanguage":"fr-FR"},{"@type":"Organization","@id":"https:\/\/www.miomiorun.com\/fr\/#organization","name":"MioMio Run","url":"https:\/\/www.miomiorun.com\/fr\/","logo":{"@type":"ImageObject","inLanguage":"fr-FR","@id":"https:\/\/www.miomiorun.com\/fr\/#\/schema\/logo\/image\/","url":"https:\/\/www.miomiorun.com\/app\/uploads\/2019\/12\/logomio.png","contentUrl":"https:\/\/www.miomiorun.com\/app\/uploads\/2019\/12\/logomio.png","width":115,"height":82,"caption":"MioMio Run"},"image":{"@id":"https:\/\/www.miomiorun.com\/fr\/#\/schema\/logo\/image\/"},"sameAs":["https:\/\/www.facebook.com\/miomiorun\/","https:\/\/www.instagram.com\/miomiorun\/"]}]}},"_links":{"self":[{"href":"https:\/\/www.miomiorun.com\/fr\/wp-json\/wp\/v2\/product\/275954","targetHints":{"allow":["GET"]}}],"collection":[{"href":"https:\/\/www.miomiorun.com\/fr\/wp-json\/wp\/v2\/product"}],"about":[{"href":"https:\/\/www.miomiorun.com\/fr\/wp-json\/wp\/v2\/types\/product"}],"wp:featuredmedia":[{"embeddable":true,"href":"https:\/\/www.miomiorun.com\/fr\/wp-json\/wp\/v2\/media\/231059"}],"wp:attachment":[{"href":"https:\/\/www.miomiorun.com\/fr\/wp-json\/wp\/v2\/media?parent=275954"}],"wp:term":[{"taxonomy":"product_brand","embeddable":true,"href":"https:\/\/www.miomiorun.com\/fr\/wp-json\/wp\/v2\/product_brand?post=275954"},{"taxonomy":"product_cat","embeddable":true,"href":"https:\/\/www.miomiorun.com\/fr\/wp-json\/wp\/v2\/product_cat?post=275954"},{"taxonomy":"product_tag","embeddable":true,"href":"https:\/\/www.miomiorun.com\/fr\/wp-json\/wp\/v2\/product_tag?post=275954"}],"curies":[{"name":"wp","href":"https:\/\/api.w.org\/{rel}","templated":true}]}}