{"id":275905,"date":"2020-07-01T18:50:15","date_gmt":"2020-07-01T16:50:15","guid":{"rendered":"https:\/\/miomiorun.com\/prodotto\/sidas-cushioning-gel-3d\/"},"modified":"2026-01-28T11:11:32","modified_gmt":"2026-01-28T10:11:32","slug":"sidas-cushioning-gel-3d","status":"publish","type":"product","link":"https:\/\/www.miomiorun.com\/fr\/produit\/sidas-cushioning-gel-3d\/","title":{"rendered":"Cushioning Gel 3D"},"content":{"rendered":"<div class=\"vc-row container\"><div class=\"vc-column\"> <div class=\"vc-column-text\">Les semelles en gel amortissantes 3D sont des semelles pr\u00e9form\u00e9es compos\u00e9es d&#8217;une coque stabilisatrice qui garantit une protection et de deux coussinets en gel. Le coussinet en gel liquide \u00e0 l&#8217;avant de la semelle prot\u00e8ge l&#8217;avant-pied, tandis que le coussinet en gel \u00e0 l&#8217;arri\u00e8re offre un amorti.<\/p>\n<p>&#8211; Couche sup\u00e9rieure : amortissante et antibact\u00e9rienne<br \/>\n&#8211; Micro-perforations : respirante<br \/>\n&#8211; Gel : amortissant &#8211; 3D Shell : soutien du pied<br \/>\n&#8211; Gel dynamique : amortissement actif<\/div> <\/div><div class=\"vc-column\"><div class=\"vc-column-text\">GUIDE DES TAILLES<\/div><img loading=\"lazy\" decoding=\"async\" width=\"229\" height=\"938\" src=\"https:\/\/www.miomiorun.com\/app\/uploads\/2020\/06\/taglie.jpg\" class=\"vc-single-image  wvs-archive-product-image\" alt=\"taglie\" srcset=\"https:\/\/www.miomiorun.com\/app\/uploads\/2020\/06\/taglie.jpg 229w, https:\/\/www.miomiorun.com\/app\/uploads\/2020\/06\/taglie-73x300.jpg 73w\" sizes=\"auto, (max-width: 229px) 100vw, 229px\" \/><\/div><\/div>\n","protected":false},"excerpt":{"rendered":"","protected":false},"featured_media":230201,"template":"","meta":{"_acf_changed":false,"inline_featured_image":false},"product_brand":[],"product_cat":[22584,22538],"product_tag":[23542],"class_list":{"0":"post-275905","1":"product","2":"type-product","3":"status-publish","4":"has-post-thumbnail","6":"product_cat-semelles","7":"product_cat-accessoires","8":"product_tag-sidas-fr","9":"pa_attivita-lifestyle-fr","10":"pa_attivita-marcher","11":"pa_attivita-outdoor-fr","12":"pa_marca-sidas-fr","13":"pa_sesso-femme","14":"pa_sesso-homme","15":"pa_size-small-fr","16":"pa_size-medium-fr","17":"pa_size-large-fr","18":"pa_size-extra-large-fr","19":"pa_size-xxl-fr","21":"first","22":"instock","23":"sale","24":"taxable","25":"shipping-taxable","26":"purchasable","27":"product-type-variable","28":"wvs-archive-product-wrapper"},"acf":[],"yoast_head":"<!-- This site is optimized with the Yoast SEO plugin v26.8 - https:\/\/yoast.com\/product\/yoast-seo-wordpress\/ -->\n<title>Sidas Cushioning Gel 3D - Semelles de course \u00e0 pied - MioMioRun<\/title>\n<meta name=\"description\" content=\"Les semelles amortissantes en gel 3D sont des semelles pr\u00e9form\u00e9es compos\u00e9es d&#039;une coque stabilisatrice qui garantit une protection et de deux coussinets en gel.\" \/>\n<meta name=\"robots\" content=\"index, follow, max-snippet:-1, max-image-preview:large, max-video-preview:-1\" \/>\n<link rel=\"canonical\" href=\"https:\/\/www.miomiorun.com\/fr\/produit\/sidas-cushioning-gel-3d\/\" \/>\n<meta property=\"og:locale\" content=\"fr_FR\" \/>\n<meta property=\"og:type\" content=\"article\" \/>\n<meta property=\"og:title\" content=\"Sidas Cushioning Gel 3D - Semelles de course \u00e0 pied - MioMioRun\" \/>\n<meta property=\"og:description\" content=\"Les semelles amortissantes en gel 3D sont des semelles pr\u00e9form\u00e9es compos\u00e9es d&#039;une coque stabilisatrice qui garantit une protection et de deux coussinets en gel.\" \/>\n<meta property=\"og:url\" content=\"https:\/\/www.miomiorun.com\/fr\/produit\/sidas-cushioning-gel-3d\/\" \/>\n<meta property=\"og:site_name\" content=\"MioMioRun\" \/>\n<meta property=\"article:publisher\" content=\"https:\/\/www.facebook.com\/miomiorun\/\" \/>\n<meta property=\"article:modified_time\" content=\"2026-01-28T10:11:32+00:00\" \/>\n<meta property=\"og:image\" content=\"https:\/\/www.miomiorun.com\/app\/uploads\/2020\/07\/Sidas-cushioning-gel-3D.jpg\" \/>\n\t<meta property=\"og:image:width\" content=\"600\" \/>\n\t<meta property=\"og:image:height\" content=\"600\" \/>\n\t<meta property=\"og:image:type\" content=\"image\/jpeg\" \/>\n<meta name=\"twitter:card\" content=\"summary_large_image\" \/>\n<meta name=\"twitter:label1\" content=\"Est. reading time\" \/>\n\t<meta name=\"twitter:data1\" content=\"1 minute\" \/>\n<script type=\"application\/ld+json\" class=\"yoast-schema-graph\">{\"@context\":\"https:\/\/schema.org\",\"@graph\":[{\"@type\":\"WebPage\",\"@id\":\"https:\/\/www.miomiorun.com\/fr\/produit\/sidas-cushioning-gel-3d\/\",\"url\":\"https:\/\/www.miomiorun.com\/fr\/produit\/sidas-cushioning-gel-3d\/\",\"name\":\"Sidas Cushioning Gel 3D - Semelles de course \u00e0 pied - MioMioRun\",\"isPartOf\":{\"@id\":\"https:\/\/www.miomiorun.com\/fr\/#website\"},\"primaryImageOfPage\":{\"@id\":\"https:\/\/www.miomiorun.com\/fr\/produit\/sidas-cushioning-gel-3d\/#primaryimage\"},\"image\":{\"@id\":\"https:\/\/www.miomiorun.com\/fr\/produit\/sidas-cushioning-gel-3d\/#primaryimage\"},\"thumbnailUrl\":\"https:\/\/www.miomiorun.com\/app\/uploads\/2020\/07\/Sidas-cushioning-gel-3D.jpg\",\"datePublished\":\"2020-07-01T16:50:15+00:00\",\"dateModified\":\"2026-01-28T10:11:32+00:00\",\"description\":\"Les semelles amortissantes en gel 3D sont des semelles pr\u00e9form\u00e9es compos\u00e9es d'une coque stabilisatrice qui garantit une protection et de deux coussinets en gel.\",\"breadcrumb\":{\"@id\":\"https:\/\/www.miomiorun.com\/fr\/produit\/sidas-cushioning-gel-3d\/#breadcrumb\"},\"inLanguage\":\"fr-FR\",\"potentialAction\":[{\"@type\":\"ReadAction\",\"target\":[\"https:\/\/www.miomiorun.com\/fr\/produit\/sidas-cushioning-gel-3d\/\"]}]},{\"@type\":\"ImageObject\",\"inLanguage\":\"fr-FR\",\"@id\":\"https:\/\/www.miomiorun.com\/fr\/produit\/sidas-cushioning-gel-3d\/#primaryimage\",\"url\":\"https:\/\/www.miomiorun.com\/app\/uploads\/2020\/07\/Sidas-cushioning-gel-3D.jpg\",\"contentUrl\":\"https:\/\/www.miomiorun.com\/app\/uploads\/2020\/07\/Sidas-cushioning-gel-3D.jpg\",\"width\":600,\"height\":600,\"caption\":\"Sidas-cushioning-gel-3D\"},{\"@type\":\"BreadcrumbList\",\"@id\":\"https:\/\/www.miomiorun.com\/fr\/produit\/sidas-cushioning-gel-3d\/#breadcrumb\",\"itemListElement\":[{\"@type\":\"ListItem\",\"position\":1,\"name\":\"Home\",\"item\":\"https:\/\/www.miomiorun.com\/fr\/home-page\/\"},{\"@type\":\"ListItem\",\"position\":2,\"name\":\"Shop\",\"item\":\"https:\/\/www.miomiorun.com\/shop\/\"},{\"@type\":\"ListItem\",\"position\":3,\"name\":\"Cushioning Gel 3D\"}]},{\"@type\":\"WebSite\",\"@id\":\"https:\/\/www.miomiorun.com\/fr\/#website\",\"url\":\"https:\/\/www.miomiorun.com\/fr\/\",\"name\":\"MioMioRun\",\"description\":\"Boutique 100% running et trail\",\"publisher\":{\"@id\":\"https:\/\/www.miomiorun.com\/fr\/#organization\"},\"potentialAction\":[{\"@type\":\"SearchAction\",\"target\":{\"@type\":\"EntryPoint\",\"urlTemplate\":\"https:\/\/www.miomiorun.com\/fr\/?s={search_term_string}\"},\"query-input\":{\"@type\":\"PropertyValueSpecification\",\"valueRequired\":true,\"valueName\":\"search_term_string\"}}],\"inLanguage\":\"fr-FR\"},{\"@type\":\"Organization\",\"@id\":\"https:\/\/www.miomiorun.com\/fr\/#organization\",\"name\":\"MioMio Run\",\"url\":\"https:\/\/www.miomiorun.com\/fr\/\",\"logo\":{\"@type\":\"ImageObject\",\"inLanguage\":\"fr-FR\",\"@id\":\"https:\/\/www.miomiorun.com\/fr\/#\/schema\/logo\/image\/\",\"url\":\"https:\/\/www.miomiorun.com\/app\/uploads\/2019\/12\/logomio.png\",\"contentUrl\":\"https:\/\/www.miomiorun.com\/app\/uploads\/2019\/12\/logomio.png\",\"width\":115,\"height\":82,\"caption\":\"MioMio Run\"},\"image\":{\"@id\":\"https:\/\/www.miomiorun.com\/fr\/#\/schema\/logo\/image\/\"},\"sameAs\":[\"https:\/\/www.facebook.com\/miomiorun\/\",\"https:\/\/www.instagram.com\/miomiorun\/\"]}]}<\/script>\n<!-- \/ Yoast SEO plugin. -->","yoast_head_json":{"title":"Sidas Cushioning Gel 3D - Semelles de course \u00e0 pied - MioMioRun","description":"Les semelles amortissantes en gel 3D sont des semelles pr\u00e9form\u00e9es compos\u00e9es d'une coque stabilisatrice qui garantit une protection et de deux coussinets en gel.","robots":{"index":"index","follow":"follow","max-snippet":"max-snippet:-1","max-image-preview":"max-image-preview:large","max-video-preview":"max-video-preview:-1"},"canonical":"https:\/\/www.miomiorun.com\/fr\/produit\/sidas-cushioning-gel-3d\/","og_locale":"fr_FR","og_type":"article","og_title":"Sidas Cushioning Gel 3D - Semelles de course \u00e0 pied - MioMioRun","og_description":"Les semelles amortissantes en gel 3D sont des semelles pr\u00e9form\u00e9es compos\u00e9es d'une coque stabilisatrice qui garantit une protection et de deux coussinets en gel.","og_url":"https:\/\/www.miomiorun.com\/fr\/produit\/sidas-cushioning-gel-3d\/","og_site_name":"MioMioRun","article_publisher":"https:\/\/www.facebook.com\/miomiorun\/","article_modified_time":"2026-01-28T10:11:32+00:00","og_image":[{"width":600,"height":600,"url":"https:\/\/www.miomiorun.com\/app\/uploads\/2020\/07\/Sidas-cushioning-gel-3D.jpg","type":"image\/jpeg"}],"twitter_card":"summary_large_image","twitter_misc":{"Est. reading time":"1 minute"},"schema":{"@context":"https:\/\/schema.org","@graph":[{"@type":"WebPage","@id":"https:\/\/www.miomiorun.com\/fr\/produit\/sidas-cushioning-gel-3d\/","url":"https:\/\/www.miomiorun.com\/fr\/produit\/sidas-cushioning-gel-3d\/","name":"Sidas Cushioning Gel 3D - Semelles de course \u00e0 pied - MioMioRun","isPartOf":{"@id":"https:\/\/www.miomiorun.com\/fr\/#website"},"primaryImageOfPage":{"@id":"https:\/\/www.miomiorun.com\/fr\/produit\/sidas-cushioning-gel-3d\/#primaryimage"},"image":{"@id":"https:\/\/www.miomiorun.com\/fr\/produit\/sidas-cushioning-gel-3d\/#primaryimage"},"thumbnailUrl":"https:\/\/www.miomiorun.com\/app\/uploads\/2020\/07\/Sidas-cushioning-gel-3D.jpg","datePublished":"2020-07-01T16:50:15+00:00","dateModified":"2026-01-28T10:11:32+00:00","description":"Les semelles amortissantes en gel 3D sont des semelles pr\u00e9form\u00e9es compos\u00e9es d'une coque stabilisatrice qui garantit une protection et de deux coussinets en gel.","breadcrumb":{"@id":"https:\/\/www.miomiorun.com\/fr\/produit\/sidas-cushioning-gel-3d\/#breadcrumb"},"inLanguage":"fr-FR","potentialAction":[{"@type":"ReadAction","target":["https:\/\/www.miomiorun.com\/fr\/produit\/sidas-cushioning-gel-3d\/"]}]},{"@type":"ImageObject","inLanguage":"fr-FR","@id":"https:\/\/www.miomiorun.com\/fr\/produit\/sidas-cushioning-gel-3d\/#primaryimage","url":"https:\/\/www.miomiorun.com\/app\/uploads\/2020\/07\/Sidas-cushioning-gel-3D.jpg","contentUrl":"https:\/\/www.miomiorun.com\/app\/uploads\/2020\/07\/Sidas-cushioning-gel-3D.jpg","width":600,"height":600,"caption":"Sidas-cushioning-gel-3D"},{"@type":"BreadcrumbList","@id":"https:\/\/www.miomiorun.com\/fr\/produit\/sidas-cushioning-gel-3d\/#breadcrumb","itemListElement":[{"@type":"ListItem","position":1,"name":"Home","item":"https:\/\/www.miomiorun.com\/fr\/home-page\/"},{"@type":"ListItem","position":2,"name":"Shop","item":"https:\/\/www.miomiorun.com\/shop\/"},{"@type":"ListItem","position":3,"name":"Cushioning Gel 3D"}]},{"@type":"WebSite","@id":"https:\/\/www.miomiorun.com\/fr\/#website","url":"https:\/\/www.miomiorun.com\/fr\/","name":"MioMioRun","description":"Boutique 100% running et trail","publisher":{"@id":"https:\/\/www.miomiorun.com\/fr\/#organization"},"potentialAction":[{"@type":"SearchAction","target":{"@type":"EntryPoint","urlTemplate":"https:\/\/www.miomiorun.com\/fr\/?s={search_term_string}"},"query-input":{"@type":"PropertyValueSpecification","valueRequired":true,"valueName":"search_term_string"}}],"inLanguage":"fr-FR"},{"@type":"Organization","@id":"https:\/\/www.miomiorun.com\/fr\/#organization","name":"MioMio Run","url":"https:\/\/www.miomiorun.com\/fr\/","logo":{"@type":"ImageObject","inLanguage":"fr-FR","@id":"https:\/\/www.miomiorun.com\/fr\/#\/schema\/logo\/image\/","url":"https:\/\/www.miomiorun.com\/app\/uploads\/2019\/12\/logomio.png","contentUrl":"https:\/\/www.miomiorun.com\/app\/uploads\/2019\/12\/logomio.png","width":115,"height":82,"caption":"MioMio Run"},"image":{"@id":"https:\/\/www.miomiorun.com\/fr\/#\/schema\/logo\/image\/"},"sameAs":["https:\/\/www.facebook.com\/miomiorun\/","https:\/\/www.instagram.com\/miomiorun\/"]}]}},"_links":{"self":[{"href":"https:\/\/www.miomiorun.com\/fr\/wp-json\/wp\/v2\/product\/275905","targetHints":{"allow":["GET"]}}],"collection":[{"href":"https:\/\/www.miomiorun.com\/fr\/wp-json\/wp\/v2\/product"}],"about":[{"href":"https:\/\/www.miomiorun.com\/fr\/wp-json\/wp\/v2\/types\/product"}],"wp:featuredmedia":[{"embeddable":true,"href":"https:\/\/www.miomiorun.com\/fr\/wp-json\/wp\/v2\/media\/230201"}],"wp:attachment":[{"href":"https:\/\/www.miomiorun.com\/fr\/wp-json\/wp\/v2\/media?parent=275905"}],"wp:term":[{"taxonomy":"product_brand","embeddable":true,"href":"https:\/\/www.miomiorun.com\/fr\/wp-json\/wp\/v2\/product_brand?post=275905"},{"taxonomy":"product_cat","embeddable":true,"href":"https:\/\/www.miomiorun.com\/fr\/wp-json\/wp\/v2\/product_cat?post=275905"},{"taxonomy":"product_tag","embeddable":true,"href":"https:\/\/www.miomiorun.com\/fr\/wp-json\/wp\/v2\/product_tag?post=275905"}],"curies":[{"name":"wp","href":"https:\/\/api.w.org\/{rel}","templated":true}]}}