{"id":275857,"date":"2020-07-01T19:15:40","date_gmt":"2020-07-01T17:15:40","guid":{"rendered":"https:\/\/miomiorun.com\/prodotto\/sidas-run-3feet-protect-high\/"},"modified":"2025-12-11T11:12:29","modified_gmt":"2025-12-11T10:12:29","slug":"sidas-run-3feet-protect-high","status":"publish","type":"product","link":"https:\/\/www.miomiorun.com\/fr\/produit\/sidas-run-3feet-protect-high\/","title":{"rendered":"Run 3Feet Protect High"},"content":{"rendered":"<table style=\"border-collapse: collapse;width: 100%\">\n<tbody>\n<tr>\n<td style=\"width: 50%\">Les semelles 3Feet\u00ae Protect s&#8217;adaptent \u00e0 votre vo\u00fbte plantaire haute et sont con\u00e7ues pour les coureurs qui recherchent un confort et une protection maximaux \u00e0 chaque foul\u00e9e !<\/p>\n<div class=\"col-md-10 col-md-offset-1\">\n<div class=\"rte\">\n<p>Le gel au niveau du talon offre une absorption exceptionnelle et la partie avant du pied favorise le retour d&#8217;\u00e9nergie.<\/p>\n<p>Ces semelles ont une forme anatomique qui garantit le maintien du pied, assurant ainsi la s\u00e9curit\u00e9 de vos pieds pendant que vous courez !<\/p>\n<p>&nbsp;<\/p>\n<p>Composition :<\/p>\n<ol>\n<li>Renfort au milieu (EVA) : stabilise et contr\u00f4le la foul\u00e9e.<\/li>\n<li>Rev\u00eatement Merrymesh : antid\u00e9rapant<\/li>\n<li>Structure double densit\u00e9 : confort vertical<\/li>\n<li>Structure de l&#8217;avant-pied (caoutchouc EVA) : augmente la propulsion.<\/li>\n<li>Coussin en gel au talon : dissipe l&#8217;impact.<\/li>\n<li>Perforation : respirabilit\u00e9<\/li>\n<\/ol>\n<\/div>\n<\/div>\n<\/td>\n<td style=\"width: 50%\"><div class=\"vc-column-text\">GUIDE DES TAILLES<\/div><img loading=\"lazy\" decoding=\"async\" width=\"229\" height=\"938\" src=\"https:\/\/www.miomiorun.com\/app\/uploads\/2020\/06\/taglie.jpg\" class=\"vc-single-image  wvs-archive-product-image\" alt=\"taglie\" srcset=\"https:\/\/www.miomiorun.com\/app\/uploads\/2020\/06\/taglie.jpg 229w, https:\/\/www.miomiorun.com\/app\/uploads\/2020\/06\/taglie-73x300.jpg 73w\" sizes=\"auto, (max-width: 229px) 100vw, 229px\" \/><\/td>\n<\/tr>\n<\/tbody>\n<\/table>\n<p>&nbsp;<\/p>\n","protected":false},"excerpt":{"rendered":"<p>Les semelles 3Feet\u00ae Protect s&#8217;adaptent \u00e0 votre vo\u00fbte plantaire haute et sont con\u00e7ues pour les coureurs qui recherchent un confort et une protection maximaux \u00e0 chaque foul\u00e9e ! Le gel au niveau du talon offre une absorption exceptionnelle et la partie avant du pied favorise le retour d&#8217;\u00e9nergie. Ces semelles ont une forme anatomique qui &hellip; <a href=\"https:\/\/www.miomiorun.com\/fr\/produit\/sidas-run-3feet-protect-high\/\">Continued<\/a><\/p>\n","protected":false},"featured_media":230209,"template":"","meta":{"_acf_changed":false,"inline_featured_image":false},"product_brand":[],"product_cat":[22584,22538],"product_tag":[23542],"class_list":{"0":"post-275857","1":"product","2":"type-product","3":"status-publish","4":"has-post-thumbnail","6":"product_cat-semelles","7":"product_cat-accessoires","8":"product_tag-sidas-fr","9":"pa_attivita-lifestyle-fr","10":"pa_attivita-marcher","11":"pa_attivita-outdoor-fr","12":"pa_attivita-running-fr","13":"pa_attivita-trail-fr","14":"pa_marca-sidas-fr","15":"pa_sesso-femme","16":"pa_sesso-homme","17":"pa_size-small-fr","18":"pa_size-medium-fr","19":"pa_size-large-fr","20":"pa_size-extra-large-fr","21":"pa_size-xxl-fr","23":"first","24":"instock","25":"sale","26":"taxable","27":"shipping-taxable","28":"purchasable","29":"product-type-variable","30":"wvs-archive-product-wrapper"},"acf":[],"yoast_head":"<!-- This site is optimized with the Yoast SEO plugin v26.8 - https:\/\/yoast.com\/product\/yoast-seo-wordpress\/ -->\n<title>Sidas Run 3Feet Protect High - Semelles de course \u00e0 pied- MioMioRun<\/title>\n<meta name=\"description\" content=\"Les semelles 3Feet\u00ae Protect s&#039;adaptent \u00e0 votre vo\u00fbte plantaire haute et sont con\u00e7ues pour ceux qui recherchent un confort et une protection maximaux \u00e0 chaque pas !\" \/>\n<meta name=\"robots\" content=\"index, follow, max-snippet:-1, max-image-preview:large, max-video-preview:-1\" \/>\n<link rel=\"canonical\" href=\"https:\/\/www.miomiorun.com\/fr\/produit\/sidas-run-3feet-protect-high\/\" \/>\n<meta property=\"og:locale\" content=\"fr_FR\" \/>\n<meta property=\"og:type\" content=\"article\" \/>\n<meta property=\"og:title\" content=\"Sidas Run 3Feet Protect High - Semelles de course \u00e0 pied- MioMioRun\" \/>\n<meta property=\"og:description\" content=\"Les semelles 3Feet\u00ae Protect s&#039;adaptent \u00e0 votre vo\u00fbte plantaire haute et sont con\u00e7ues pour ceux qui recherchent un confort et une protection maximaux \u00e0 chaque pas !\" \/>\n<meta property=\"og:url\" content=\"https:\/\/www.miomiorun.com\/fr\/produit\/sidas-run-3feet-protect-high\/\" \/>\n<meta property=\"og:site_name\" content=\"MioMioRun\" \/>\n<meta property=\"article:publisher\" content=\"https:\/\/www.facebook.com\/miomiorun\/\" \/>\n<meta property=\"article:modified_time\" content=\"2025-12-11T10:12:29+00:00\" \/>\n<meta property=\"og:image\" content=\"https:\/\/www.miomiorun.com\/app\/uploads\/2020\/07\/Sidas-RUN-3Feet\u00ae-PROTECT-high.jpg\" \/>\n\t<meta property=\"og:image:width\" content=\"600\" \/>\n\t<meta property=\"og:image:height\" content=\"600\" \/>\n\t<meta property=\"og:image:type\" content=\"image\/jpeg\" \/>\n<meta name=\"twitter:card\" content=\"summary_large_image\" \/>\n<meta name=\"twitter:label1\" content=\"Est. reading time\" \/>\n\t<meta name=\"twitter:data1\" content=\"1 minute\" \/>\n<script type=\"application\/ld+json\" class=\"yoast-schema-graph\">{\"@context\":\"https:\/\/schema.org\",\"@graph\":[{\"@type\":\"WebPage\",\"@id\":\"https:\/\/www.miomiorun.com\/fr\/produit\/sidas-run-3feet-protect-high\/\",\"url\":\"https:\/\/www.miomiorun.com\/fr\/produit\/sidas-run-3feet-protect-high\/\",\"name\":\"Sidas Run 3Feet Protect High - Semelles de course \u00e0 pied- MioMioRun\",\"isPartOf\":{\"@id\":\"https:\/\/www.miomiorun.com\/fr\/#website\"},\"primaryImageOfPage\":{\"@id\":\"https:\/\/www.miomiorun.com\/fr\/produit\/sidas-run-3feet-protect-high\/#primaryimage\"},\"image\":{\"@id\":\"https:\/\/www.miomiorun.com\/fr\/produit\/sidas-run-3feet-protect-high\/#primaryimage\"},\"thumbnailUrl\":\"https:\/\/www.miomiorun.com\/app\/uploads\/2020\/07\/Sidas-RUN-3Feet\u00ae-PROTECT-high.jpg\",\"datePublished\":\"2020-07-01T17:15:40+00:00\",\"dateModified\":\"2025-12-11T10:12:29+00:00\",\"description\":\"Les semelles 3Feet\u00ae Protect s'adaptent \u00e0 votre vo\u00fbte plantaire haute et sont con\u00e7ues pour ceux qui recherchent un confort et une protection maximaux \u00e0 chaque pas !\",\"breadcrumb\":{\"@id\":\"https:\/\/www.miomiorun.com\/fr\/produit\/sidas-run-3feet-protect-high\/#breadcrumb\"},\"inLanguage\":\"fr-FR\",\"potentialAction\":[{\"@type\":\"ReadAction\",\"target\":[\"https:\/\/www.miomiorun.com\/fr\/produit\/sidas-run-3feet-protect-high\/\"]}]},{\"@type\":\"ImageObject\",\"inLanguage\":\"fr-FR\",\"@id\":\"https:\/\/www.miomiorun.com\/fr\/produit\/sidas-run-3feet-protect-high\/#primaryimage\",\"url\":\"https:\/\/www.miomiorun.com\/app\/uploads\/2020\/07\/Sidas-RUN-3Feet\u00ae-PROTECT-high.jpg\",\"contentUrl\":\"https:\/\/www.miomiorun.com\/app\/uploads\/2020\/07\/Sidas-RUN-3Feet\u00ae-PROTECT-high.jpg\",\"width\":600,\"height\":600,\"caption\":\"Sidas-RUN-3Feet\u00ae-PROTECT-high\"},{\"@type\":\"BreadcrumbList\",\"@id\":\"https:\/\/www.miomiorun.com\/fr\/produit\/sidas-run-3feet-protect-high\/#breadcrumb\",\"itemListElement\":[{\"@type\":\"ListItem\",\"position\":1,\"name\":\"Home\",\"item\":\"https:\/\/www.miomiorun.com\/fr\/home-page\/\"},{\"@type\":\"ListItem\",\"position\":2,\"name\":\"Shop\",\"item\":\"https:\/\/www.miomiorun.com\/shop\/\"},{\"@type\":\"ListItem\",\"position\":3,\"name\":\"Run 3Feet Protect High\"}]},{\"@type\":\"WebSite\",\"@id\":\"https:\/\/www.miomiorun.com\/fr\/#website\",\"url\":\"https:\/\/www.miomiorun.com\/fr\/\",\"name\":\"MioMioRun\",\"description\":\"Boutique 100% running et trail\",\"publisher\":{\"@id\":\"https:\/\/www.miomiorun.com\/fr\/#organization\"},\"potentialAction\":[{\"@type\":\"SearchAction\",\"target\":{\"@type\":\"EntryPoint\",\"urlTemplate\":\"https:\/\/www.miomiorun.com\/fr\/?s={search_term_string}\"},\"query-input\":{\"@type\":\"PropertyValueSpecification\",\"valueRequired\":true,\"valueName\":\"search_term_string\"}}],\"inLanguage\":\"fr-FR\"},{\"@type\":\"Organization\",\"@id\":\"https:\/\/www.miomiorun.com\/fr\/#organization\",\"name\":\"MioMio Run\",\"url\":\"https:\/\/www.miomiorun.com\/fr\/\",\"logo\":{\"@type\":\"ImageObject\",\"inLanguage\":\"fr-FR\",\"@id\":\"https:\/\/www.miomiorun.com\/fr\/#\/schema\/logo\/image\/\",\"url\":\"https:\/\/www.miomiorun.com\/app\/uploads\/2019\/12\/logomio.png\",\"contentUrl\":\"https:\/\/www.miomiorun.com\/app\/uploads\/2019\/12\/logomio.png\",\"width\":115,\"height\":82,\"caption\":\"MioMio Run\"},\"image\":{\"@id\":\"https:\/\/www.miomiorun.com\/fr\/#\/schema\/logo\/image\/\"},\"sameAs\":[\"https:\/\/www.facebook.com\/miomiorun\/\",\"https:\/\/www.instagram.com\/miomiorun\/\"]}]}<\/script>\n<!-- \/ Yoast SEO plugin. -->","yoast_head_json":{"title":"Sidas Run 3Feet Protect High - Semelles de course \u00e0 pied- MioMioRun","description":"Les semelles 3Feet\u00ae Protect s'adaptent \u00e0 votre vo\u00fbte plantaire haute et sont con\u00e7ues pour ceux qui recherchent un confort et une protection maximaux \u00e0 chaque pas !","robots":{"index":"index","follow":"follow","max-snippet":"max-snippet:-1","max-image-preview":"max-image-preview:large","max-video-preview":"max-video-preview:-1"},"canonical":"https:\/\/www.miomiorun.com\/fr\/produit\/sidas-run-3feet-protect-high\/","og_locale":"fr_FR","og_type":"article","og_title":"Sidas Run 3Feet Protect High - Semelles de course \u00e0 pied- MioMioRun","og_description":"Les semelles 3Feet\u00ae Protect s'adaptent \u00e0 votre vo\u00fbte plantaire haute et sont con\u00e7ues pour ceux qui recherchent un confort et une protection maximaux \u00e0 chaque pas !","og_url":"https:\/\/www.miomiorun.com\/fr\/produit\/sidas-run-3feet-protect-high\/","og_site_name":"MioMioRun","article_publisher":"https:\/\/www.facebook.com\/miomiorun\/","article_modified_time":"2025-12-11T10:12:29+00:00","og_image":[{"width":600,"height":600,"url":"https:\/\/www.miomiorun.com\/app\/uploads\/2020\/07\/Sidas-RUN-3Feet\u00ae-PROTECT-high.jpg","type":"image\/jpeg"}],"twitter_card":"summary_large_image","twitter_misc":{"Est. reading time":"1 minute"},"schema":{"@context":"https:\/\/schema.org","@graph":[{"@type":"WebPage","@id":"https:\/\/www.miomiorun.com\/fr\/produit\/sidas-run-3feet-protect-high\/","url":"https:\/\/www.miomiorun.com\/fr\/produit\/sidas-run-3feet-protect-high\/","name":"Sidas Run 3Feet Protect High - Semelles de course \u00e0 pied- MioMioRun","isPartOf":{"@id":"https:\/\/www.miomiorun.com\/fr\/#website"},"primaryImageOfPage":{"@id":"https:\/\/www.miomiorun.com\/fr\/produit\/sidas-run-3feet-protect-high\/#primaryimage"},"image":{"@id":"https:\/\/www.miomiorun.com\/fr\/produit\/sidas-run-3feet-protect-high\/#primaryimage"},"thumbnailUrl":"https:\/\/www.miomiorun.com\/app\/uploads\/2020\/07\/Sidas-RUN-3Feet\u00ae-PROTECT-high.jpg","datePublished":"2020-07-01T17:15:40+00:00","dateModified":"2025-12-11T10:12:29+00:00","description":"Les semelles 3Feet\u00ae Protect s'adaptent \u00e0 votre vo\u00fbte plantaire haute et sont con\u00e7ues pour ceux qui recherchent un confort et une protection maximaux \u00e0 chaque pas !","breadcrumb":{"@id":"https:\/\/www.miomiorun.com\/fr\/produit\/sidas-run-3feet-protect-high\/#breadcrumb"},"inLanguage":"fr-FR","potentialAction":[{"@type":"ReadAction","target":["https:\/\/www.miomiorun.com\/fr\/produit\/sidas-run-3feet-protect-high\/"]}]},{"@type":"ImageObject","inLanguage":"fr-FR","@id":"https:\/\/www.miomiorun.com\/fr\/produit\/sidas-run-3feet-protect-high\/#primaryimage","url":"https:\/\/www.miomiorun.com\/app\/uploads\/2020\/07\/Sidas-RUN-3Feet\u00ae-PROTECT-high.jpg","contentUrl":"https:\/\/www.miomiorun.com\/app\/uploads\/2020\/07\/Sidas-RUN-3Feet\u00ae-PROTECT-high.jpg","width":600,"height":600,"caption":"Sidas-RUN-3Feet\u00ae-PROTECT-high"},{"@type":"BreadcrumbList","@id":"https:\/\/www.miomiorun.com\/fr\/produit\/sidas-run-3feet-protect-high\/#breadcrumb","itemListElement":[{"@type":"ListItem","position":1,"name":"Home","item":"https:\/\/www.miomiorun.com\/fr\/home-page\/"},{"@type":"ListItem","position":2,"name":"Shop","item":"https:\/\/www.miomiorun.com\/shop\/"},{"@type":"ListItem","position":3,"name":"Run 3Feet Protect High"}]},{"@type":"WebSite","@id":"https:\/\/www.miomiorun.com\/fr\/#website","url":"https:\/\/www.miomiorun.com\/fr\/","name":"MioMioRun","description":"Boutique 100% running et trail","publisher":{"@id":"https:\/\/www.miomiorun.com\/fr\/#organization"},"potentialAction":[{"@type":"SearchAction","target":{"@type":"EntryPoint","urlTemplate":"https:\/\/www.miomiorun.com\/fr\/?s={search_term_string}"},"query-input":{"@type":"PropertyValueSpecification","valueRequired":true,"valueName":"search_term_string"}}],"inLanguage":"fr-FR"},{"@type":"Organization","@id":"https:\/\/www.miomiorun.com\/fr\/#organization","name":"MioMio Run","url":"https:\/\/www.miomiorun.com\/fr\/","logo":{"@type":"ImageObject","inLanguage":"fr-FR","@id":"https:\/\/www.miomiorun.com\/fr\/#\/schema\/logo\/image\/","url":"https:\/\/www.miomiorun.com\/app\/uploads\/2019\/12\/logomio.png","contentUrl":"https:\/\/www.miomiorun.com\/app\/uploads\/2019\/12\/logomio.png","width":115,"height":82,"caption":"MioMio Run"},"image":{"@id":"https:\/\/www.miomiorun.com\/fr\/#\/schema\/logo\/image\/"},"sameAs":["https:\/\/www.facebook.com\/miomiorun\/","https:\/\/www.instagram.com\/miomiorun\/"]}]}},"_links":{"self":[{"href":"https:\/\/www.miomiorun.com\/fr\/wp-json\/wp\/v2\/product\/275857","targetHints":{"allow":["GET"]}}],"collection":[{"href":"https:\/\/www.miomiorun.com\/fr\/wp-json\/wp\/v2\/product"}],"about":[{"href":"https:\/\/www.miomiorun.com\/fr\/wp-json\/wp\/v2\/types\/product"}],"wp:featuredmedia":[{"embeddable":true,"href":"https:\/\/www.miomiorun.com\/fr\/wp-json\/wp\/v2\/media\/230209"}],"wp:attachment":[{"href":"https:\/\/www.miomiorun.com\/fr\/wp-json\/wp\/v2\/media?parent=275857"}],"wp:term":[{"taxonomy":"product_brand","embeddable":true,"href":"https:\/\/www.miomiorun.com\/fr\/wp-json\/wp\/v2\/product_brand?post=275857"},{"taxonomy":"product_cat","embeddable":true,"href":"https:\/\/www.miomiorun.com\/fr\/wp-json\/wp\/v2\/product_cat?post=275857"},{"taxonomy":"product_tag","embeddable":true,"href":"https:\/\/www.miomiorun.com\/fr\/wp-json\/wp\/v2\/product_tag?post=275857"}],"curies":[{"name":"wp","href":"https:\/\/api.w.org\/{rel}","templated":true}]}}