{"id":275852,"date":"2020-07-02T16:37:36","date_gmt":"2020-07-02T14:37:36","guid":{"rendered":"https:\/\/miomiorun.com\/prodotto\/sidas-run-3feet-sense-high\/"},"modified":"2025-12-11T11:11:49","modified_gmt":"2025-12-11T10:11:49","slug":"sidas-run-3feet-sense-high","status":"publish","type":"product","link":"https:\/\/www.miomiorun.com\/fr\/produit\/sidas-run-3feet-sense-high\/","title":{"rendered":"Run 3Feet Sense High"},"content":{"rendered":"<table style=\"border-collapse: collapse;width: 100%\">\n<tbody>\n<tr>\n<td style=\"width: 50%\">Reprenez le contr\u00f4le de vos sensations avec les semelles 3Feet\u00ae Sense, adapt\u00e9es \u00e0 la vo\u00fbte plantaire haute. Con\u00e7ues pour la course \u00e0 pied, elles aident les coureurs \u00e0 retrouver leur foul\u00e9e naturelle en les rapprochant du sol.<\/p>\n<div class=\"col-md-10 col-md-offset-1\">\n<div class=\"rte\">\n<p>Elles offrent un soutien optimal car elles s&#8217;adaptent au type de pied et renforcent le roulement naturel du pied. Dynamiques et l\u00e9g\u00e8res, ces semelles sont parfaites pour profiter au maximum de chaque instant !<\/p>\n<p>&nbsp;<\/p>\n<p>Composition :<\/p>\n<ol>\n<li>Renfort au milieu (EVA) : soutien adapt\u00e9 au type de pied, favorisant le mouvement naturel du pied<\/li>\n<li>Topcover Merrymesh : antid\u00e9rapant<\/li>\n<li>Structure double densit\u00e9 : confort vertical<\/li>\n<li>Structure de l&#8217;avant-pied (EVA) : augmente la propulsion.<\/li>\n<li>Heel Pad (EVA) : absorbe les chocs.<\/li>\n<li>Perforation : respirabilit\u00e9<\/li>\n<\/ol>\n<\/div>\n<\/div>\n<\/td>\n<td style=\"width: 50%\"><div class=\"vc-column-text\">GUIDE DES TAILLES<\/div><img loading=\"lazy\" decoding=\"async\" width=\"229\" height=\"938\" src=\"https:\/\/www.miomiorun.com\/app\/uploads\/2020\/06\/taglie.jpg\" class=\"vc-single-image  wvs-archive-product-image\" alt=\"taglie\" srcset=\"https:\/\/www.miomiorun.com\/app\/uploads\/2020\/06\/taglie.jpg 229w, https:\/\/www.miomiorun.com\/app\/uploads\/2020\/06\/taglie-73x300.jpg 73w\" sizes=\"auto, (max-width: 229px) 100vw, 229px\" \/><\/td>\n<\/tr>\n<\/tbody>\n<\/table>\n<p>&nbsp;<\/p>\n","protected":false},"excerpt":{"rendered":"<p>Reprenez le contr\u00f4le de vos sensations avec les semelles 3Feet\u00ae Sense, adapt\u00e9es \u00e0 la vo\u00fbte plantaire haute. Con\u00e7ues pour la course \u00e0 pied, elles aident les coureurs \u00e0 retrouver leur foul\u00e9e naturelle en les rapprochant du sol. Elles offrent un soutien optimal car elles s&#8217;adaptent au type de pied et renforcent le roulement naturel du &hellip; <a href=\"https:\/\/www.miomiorun.com\/fr\/produit\/sidas-run-3feet-sense-high\/\">Continued<\/a><\/p>\n","protected":false},"featured_media":230213,"template":"","meta":{"_acf_changed":false,"inline_featured_image":false},"product_brand":[],"product_cat":[22584,22538],"product_tag":[23542],"class_list":{"0":"post-275852","1":"product","2":"type-product","3":"status-publish","4":"has-post-thumbnail","6":"product_cat-semelles","7":"product_cat-accessoires","8":"product_tag-sidas-fr","9":"pa_attivita-lifestyle-fr","10":"pa_attivita-marcher","11":"pa_attivita-outdoor-fr","12":"pa_attivita-running-fr","13":"pa_attivita-trail-fr","14":"pa_marca-sidas-fr","15":"pa_sesso-femme","16":"pa_sesso-homme","17":"pa_size-small-fr","18":"pa_size-medium-fr","19":"pa_size-large-fr","20":"pa_size-extra-large-fr","21":"pa_size-xxl-fr","23":"first","24":"instock","25":"sale","26":"taxable","27":"shipping-taxable","28":"purchasable","29":"product-type-variable","30":"wvs-archive-product-wrapper"},"acf":[],"yoast_head":"<!-- This site is optimized with the Yoast SEO plugin v26.8 - https:\/\/yoast.com\/product\/yoast-seo-wordpress\/ -->\n<title>Sidas Run 3Feet Sense High - Semelles de course \u00e0 pied - MioMioRun<\/title>\n<meta name=\"description\" content=\"Reprenez le contr\u00f4le de vos sensations gr\u00e2ce aux semelles 3Feet\u00ae Sense, adapt\u00e9es \u00e0 la vo\u00fbte plantaire haute. Con\u00e7ues pour la course \u00e0 pied.\" \/>\n<meta name=\"robots\" content=\"index, follow, max-snippet:-1, max-image-preview:large, max-video-preview:-1\" \/>\n<link rel=\"canonical\" href=\"https:\/\/www.miomiorun.com\/fr\/produit\/sidas-run-3feet-sense-high\/\" \/>\n<meta property=\"og:locale\" content=\"fr_FR\" \/>\n<meta property=\"og:type\" content=\"article\" \/>\n<meta property=\"og:title\" content=\"Sidas Run 3Feet Sense High - Semelles de course \u00e0 pied - MioMioRun\" \/>\n<meta property=\"og:description\" content=\"Reprenez le contr\u00f4le de vos sensations gr\u00e2ce aux semelles 3Feet\u00ae Sense, adapt\u00e9es \u00e0 la vo\u00fbte plantaire haute. Con\u00e7ues pour la course \u00e0 pied.\" \/>\n<meta property=\"og:url\" content=\"https:\/\/www.miomiorun.com\/fr\/produit\/sidas-run-3feet-sense-high\/\" \/>\n<meta property=\"og:site_name\" content=\"MioMioRun\" \/>\n<meta property=\"article:publisher\" content=\"https:\/\/www.facebook.com\/miomiorun\/\" \/>\n<meta property=\"article:modified_time\" content=\"2025-12-11T10:11:49+00:00\" \/>\n<meta property=\"og:image\" content=\"https:\/\/www.miomiorun.com\/app\/uploads\/2020\/07\/Sidas-RUN-3FEET\u24c7-SENSE-HIGH.jpg\" \/>\n\t<meta property=\"og:image:width\" content=\"600\" \/>\n\t<meta property=\"og:image:height\" content=\"600\" \/>\n\t<meta property=\"og:image:type\" content=\"image\/jpeg\" \/>\n<meta name=\"twitter:card\" content=\"summary_large_image\" \/>\n<meta name=\"twitter:label1\" content=\"Est. reading time\" \/>\n\t<meta name=\"twitter:data1\" content=\"1 minute\" \/>\n<script type=\"application\/ld+json\" class=\"yoast-schema-graph\">{\"@context\":\"https:\/\/schema.org\",\"@graph\":[{\"@type\":\"WebPage\",\"@id\":\"https:\/\/www.miomiorun.com\/fr\/produit\/sidas-run-3feet-sense-high\/\",\"url\":\"https:\/\/www.miomiorun.com\/fr\/produit\/sidas-run-3feet-sense-high\/\",\"name\":\"Sidas Run 3Feet Sense High - Semelles de course \u00e0 pied - MioMioRun\",\"isPartOf\":{\"@id\":\"https:\/\/www.miomiorun.com\/fr\/#website\"},\"primaryImageOfPage\":{\"@id\":\"https:\/\/www.miomiorun.com\/fr\/produit\/sidas-run-3feet-sense-high\/#primaryimage\"},\"image\":{\"@id\":\"https:\/\/www.miomiorun.com\/fr\/produit\/sidas-run-3feet-sense-high\/#primaryimage\"},\"thumbnailUrl\":\"https:\/\/www.miomiorun.com\/app\/uploads\/2020\/07\/Sidas-RUN-3FEET\u24c7-SENSE-HIGH.jpg\",\"datePublished\":\"2020-07-02T14:37:36+00:00\",\"dateModified\":\"2025-12-11T10:11:49+00:00\",\"description\":\"Reprenez le contr\u00f4le de vos sensations gr\u00e2ce aux semelles 3Feet\u00ae Sense, adapt\u00e9es \u00e0 la vo\u00fbte plantaire haute. Con\u00e7ues pour la course \u00e0 pied.\",\"breadcrumb\":{\"@id\":\"https:\/\/www.miomiorun.com\/fr\/produit\/sidas-run-3feet-sense-high\/#breadcrumb\"},\"inLanguage\":\"fr-FR\",\"potentialAction\":[{\"@type\":\"ReadAction\",\"target\":[\"https:\/\/www.miomiorun.com\/fr\/produit\/sidas-run-3feet-sense-high\/\"]}]},{\"@type\":\"ImageObject\",\"inLanguage\":\"fr-FR\",\"@id\":\"https:\/\/www.miomiorun.com\/fr\/produit\/sidas-run-3feet-sense-high\/#primaryimage\",\"url\":\"https:\/\/www.miomiorun.com\/app\/uploads\/2020\/07\/Sidas-RUN-3FEET\u24c7-SENSE-HIGH.jpg\",\"contentUrl\":\"https:\/\/www.miomiorun.com\/app\/uploads\/2020\/07\/Sidas-RUN-3FEET\u24c7-SENSE-HIGH.jpg\",\"width\":600,\"height\":600,\"caption\":\"Sidas-RUN-3FEET\u24c7-SENSE-HIGH\"},{\"@type\":\"BreadcrumbList\",\"@id\":\"https:\/\/www.miomiorun.com\/fr\/produit\/sidas-run-3feet-sense-high\/#breadcrumb\",\"itemListElement\":[{\"@type\":\"ListItem\",\"position\":1,\"name\":\"Home\",\"item\":\"https:\/\/www.miomiorun.com\/fr\/home-page\/\"},{\"@type\":\"ListItem\",\"position\":2,\"name\":\"Shop\",\"item\":\"https:\/\/www.miomiorun.com\/shop\/\"},{\"@type\":\"ListItem\",\"position\":3,\"name\":\"Run 3Feet Sense High\"}]},{\"@type\":\"WebSite\",\"@id\":\"https:\/\/www.miomiorun.com\/fr\/#website\",\"url\":\"https:\/\/www.miomiorun.com\/fr\/\",\"name\":\"MioMioRun\",\"description\":\"Boutique 100% running et trail\",\"publisher\":{\"@id\":\"https:\/\/www.miomiorun.com\/fr\/#organization\"},\"potentialAction\":[{\"@type\":\"SearchAction\",\"target\":{\"@type\":\"EntryPoint\",\"urlTemplate\":\"https:\/\/www.miomiorun.com\/fr\/?s={search_term_string}\"},\"query-input\":{\"@type\":\"PropertyValueSpecification\",\"valueRequired\":true,\"valueName\":\"search_term_string\"}}],\"inLanguage\":\"fr-FR\"},{\"@type\":\"Organization\",\"@id\":\"https:\/\/www.miomiorun.com\/fr\/#organization\",\"name\":\"MioMio Run\",\"url\":\"https:\/\/www.miomiorun.com\/fr\/\",\"logo\":{\"@type\":\"ImageObject\",\"inLanguage\":\"fr-FR\",\"@id\":\"https:\/\/www.miomiorun.com\/fr\/#\/schema\/logo\/image\/\",\"url\":\"https:\/\/www.miomiorun.com\/app\/uploads\/2019\/12\/logomio.png\",\"contentUrl\":\"https:\/\/www.miomiorun.com\/app\/uploads\/2019\/12\/logomio.png\",\"width\":115,\"height\":82,\"caption\":\"MioMio Run\"},\"image\":{\"@id\":\"https:\/\/www.miomiorun.com\/fr\/#\/schema\/logo\/image\/\"},\"sameAs\":[\"https:\/\/www.facebook.com\/miomiorun\/\",\"https:\/\/www.instagram.com\/miomiorun\/\"]}]}<\/script>\n<!-- \/ Yoast SEO plugin. -->","yoast_head_json":{"title":"Sidas Run 3Feet Sense High - Semelles de course \u00e0 pied - MioMioRun","description":"Reprenez le contr\u00f4le de vos sensations gr\u00e2ce aux semelles 3Feet\u00ae Sense, adapt\u00e9es \u00e0 la vo\u00fbte plantaire haute. Con\u00e7ues pour la course \u00e0 pied.","robots":{"index":"index","follow":"follow","max-snippet":"max-snippet:-1","max-image-preview":"max-image-preview:large","max-video-preview":"max-video-preview:-1"},"canonical":"https:\/\/www.miomiorun.com\/fr\/produit\/sidas-run-3feet-sense-high\/","og_locale":"fr_FR","og_type":"article","og_title":"Sidas Run 3Feet Sense High - Semelles de course \u00e0 pied - MioMioRun","og_description":"Reprenez le contr\u00f4le de vos sensations gr\u00e2ce aux semelles 3Feet\u00ae Sense, adapt\u00e9es \u00e0 la vo\u00fbte plantaire haute. Con\u00e7ues pour la course \u00e0 pied.","og_url":"https:\/\/www.miomiorun.com\/fr\/produit\/sidas-run-3feet-sense-high\/","og_site_name":"MioMioRun","article_publisher":"https:\/\/www.facebook.com\/miomiorun\/","article_modified_time":"2025-12-11T10:11:49+00:00","og_image":[{"width":600,"height":600,"url":"https:\/\/www.miomiorun.com\/app\/uploads\/2020\/07\/Sidas-RUN-3FEET\u24c7-SENSE-HIGH.jpg","type":"image\/jpeg"}],"twitter_card":"summary_large_image","twitter_misc":{"Est. reading time":"1 minute"},"schema":{"@context":"https:\/\/schema.org","@graph":[{"@type":"WebPage","@id":"https:\/\/www.miomiorun.com\/fr\/produit\/sidas-run-3feet-sense-high\/","url":"https:\/\/www.miomiorun.com\/fr\/produit\/sidas-run-3feet-sense-high\/","name":"Sidas Run 3Feet Sense High - Semelles de course \u00e0 pied - MioMioRun","isPartOf":{"@id":"https:\/\/www.miomiorun.com\/fr\/#website"},"primaryImageOfPage":{"@id":"https:\/\/www.miomiorun.com\/fr\/produit\/sidas-run-3feet-sense-high\/#primaryimage"},"image":{"@id":"https:\/\/www.miomiorun.com\/fr\/produit\/sidas-run-3feet-sense-high\/#primaryimage"},"thumbnailUrl":"https:\/\/www.miomiorun.com\/app\/uploads\/2020\/07\/Sidas-RUN-3FEET\u24c7-SENSE-HIGH.jpg","datePublished":"2020-07-02T14:37:36+00:00","dateModified":"2025-12-11T10:11:49+00:00","description":"Reprenez le contr\u00f4le de vos sensations gr\u00e2ce aux semelles 3Feet\u00ae Sense, adapt\u00e9es \u00e0 la vo\u00fbte plantaire haute. Con\u00e7ues pour la course \u00e0 pied.","breadcrumb":{"@id":"https:\/\/www.miomiorun.com\/fr\/produit\/sidas-run-3feet-sense-high\/#breadcrumb"},"inLanguage":"fr-FR","potentialAction":[{"@type":"ReadAction","target":["https:\/\/www.miomiorun.com\/fr\/produit\/sidas-run-3feet-sense-high\/"]}]},{"@type":"ImageObject","inLanguage":"fr-FR","@id":"https:\/\/www.miomiorun.com\/fr\/produit\/sidas-run-3feet-sense-high\/#primaryimage","url":"https:\/\/www.miomiorun.com\/app\/uploads\/2020\/07\/Sidas-RUN-3FEET\u24c7-SENSE-HIGH.jpg","contentUrl":"https:\/\/www.miomiorun.com\/app\/uploads\/2020\/07\/Sidas-RUN-3FEET\u24c7-SENSE-HIGH.jpg","width":600,"height":600,"caption":"Sidas-RUN-3FEET\u24c7-SENSE-HIGH"},{"@type":"BreadcrumbList","@id":"https:\/\/www.miomiorun.com\/fr\/produit\/sidas-run-3feet-sense-high\/#breadcrumb","itemListElement":[{"@type":"ListItem","position":1,"name":"Home","item":"https:\/\/www.miomiorun.com\/fr\/home-page\/"},{"@type":"ListItem","position":2,"name":"Shop","item":"https:\/\/www.miomiorun.com\/shop\/"},{"@type":"ListItem","position":3,"name":"Run 3Feet Sense High"}]},{"@type":"WebSite","@id":"https:\/\/www.miomiorun.com\/fr\/#website","url":"https:\/\/www.miomiorun.com\/fr\/","name":"MioMioRun","description":"Boutique 100% running et trail","publisher":{"@id":"https:\/\/www.miomiorun.com\/fr\/#organization"},"potentialAction":[{"@type":"SearchAction","target":{"@type":"EntryPoint","urlTemplate":"https:\/\/www.miomiorun.com\/fr\/?s={search_term_string}"},"query-input":{"@type":"PropertyValueSpecification","valueRequired":true,"valueName":"search_term_string"}}],"inLanguage":"fr-FR"},{"@type":"Organization","@id":"https:\/\/www.miomiorun.com\/fr\/#organization","name":"MioMio Run","url":"https:\/\/www.miomiorun.com\/fr\/","logo":{"@type":"ImageObject","inLanguage":"fr-FR","@id":"https:\/\/www.miomiorun.com\/fr\/#\/schema\/logo\/image\/","url":"https:\/\/www.miomiorun.com\/app\/uploads\/2019\/12\/logomio.png","contentUrl":"https:\/\/www.miomiorun.com\/app\/uploads\/2019\/12\/logomio.png","width":115,"height":82,"caption":"MioMio Run"},"image":{"@id":"https:\/\/www.miomiorun.com\/fr\/#\/schema\/logo\/image\/"},"sameAs":["https:\/\/www.facebook.com\/miomiorun\/","https:\/\/www.instagram.com\/miomiorun\/"]}]}},"_links":{"self":[{"href":"https:\/\/www.miomiorun.com\/fr\/wp-json\/wp\/v2\/product\/275852","targetHints":{"allow":["GET"]}}],"collection":[{"href":"https:\/\/www.miomiorun.com\/fr\/wp-json\/wp\/v2\/product"}],"about":[{"href":"https:\/\/www.miomiorun.com\/fr\/wp-json\/wp\/v2\/types\/product"}],"wp:featuredmedia":[{"embeddable":true,"href":"https:\/\/www.miomiorun.com\/fr\/wp-json\/wp\/v2\/media\/230213"}],"wp:attachment":[{"href":"https:\/\/www.miomiorun.com\/fr\/wp-json\/wp\/v2\/media?parent=275852"}],"wp:term":[{"taxonomy":"product_brand","embeddable":true,"href":"https:\/\/www.miomiorun.com\/fr\/wp-json\/wp\/v2\/product_brand?post=275852"},{"taxonomy":"product_cat","embeddable":true,"href":"https:\/\/www.miomiorun.com\/fr\/wp-json\/wp\/v2\/product_cat?post=275852"},{"taxonomy":"product_tag","embeddable":true,"href":"https:\/\/www.miomiorun.com\/fr\/wp-json\/wp\/v2\/product_tag?post=275852"}],"curies":[{"name":"wp","href":"https:\/\/api.w.org\/{rel}","templated":true}]}}