{"id":275849,"date":"2020-07-02T17:54:36","date_gmt":"2020-07-02T15:54:36","guid":{"rendered":"https:\/\/miomiorun.com\/prodotto\/raidlight-activ-vest-6-litri-sacca-idrica-12l-donna\/"},"modified":"2026-01-21T11:29:12","modified_gmt":"2026-01-21T10:29:12","slug":"raidlight-activ-vest-6-litres-poche-a-eau-12-l-pour-femme","status":"publish","type":"product","link":"https:\/\/www.miomiorun.com\/fr\/produit\/raidlight-activ-vest-6-litres-poche-a-eau-12-l-pour-femme\/","title":{"rendered":"Activ Vest 6 litres + poche \u00e0 eau 1,2 L pour femme"},"content":{"rendered":"<p>L&#8217;Activ 6 litres est destin\u00e9 \u00e0 devenir votre sac \u00e0 dos de trail running pr\u00e9f\u00e9r\u00e9. D\u00e9couvrez toutes ses caract\u00e9ristiques con\u00e7ues pour r\u00e9pondre \u00e0 vos besoins ! Son design exclusif \u00ab gilet avec syst\u00e8me d&#8217;hydratation \u00bb garantit un confort in\u00e9gal\u00e9. Sa capacit\u00e9 totale de 6 litres vous permet d&#8217;emporter tout l&#8217;\u00e9quipement et les accessoires dont vous avez besoin pendant votre course.<\/p>\n<p>Le syst\u00e8me de soutien et de compression efficace maintient le sac \u00e0 dos pr\u00e8s du corps, ce qui se traduit par une stabilit\u00e9 exceptionnelle. Les poches sp\u00e9cifiques pour les gourdes Raidlight EazyFlask ou R-GO Bottle sur les bretelles optimisent leur utilisation pendant la course.<\/p>\n<p>Le grand compartiment horizontal pour poche \u00e0 eau (1,2 litre) est con\u00e7u pour limiter les mouvements pendant l&#8217;effort et garantir un acc\u00e8s facile pour le remplissage.<\/p>\n<table>\n<tbody>\n<tr>\n<td>Caract\u00e9ristiques principales<\/td>\n<td>Forme anatomique similaire \u00e0 un gilet avec syst\u00e8me de r\u00e9glage FitLadder pour plus de stabilit\u00e9 et de confort. Poche en filet extensible \u00e0 l&#8217;arri\u00e8re. La livraison comprend un r\u00e9servoir d&#8217;eau d&#8217;une capacit\u00e9 de 1,2 litre<\/td>\n<\/tr>\n<tr>\n<td>Poches<\/td>\n<td>8 poches au total<\/td>\n<\/tr>\n<tr>\n<td>Syst\u00e8me d&#8217;hydratation<\/td>\n<td>2 poches avant \u00e9lastiques compatibles avec les gourdes EazyFlask et R-Go, poche zipp\u00e9e \u00e0 la base pour un acc\u00e8s facile \u00e0 la poche \u00e0 eau Raidlight (1,2 litre). Crochet \u00e0 l&#8217;int\u00e9rieur de la poche principale pour le transport vertical des poches \u00e0 eau.\n<\/td>\n<\/tr>\n<tr>\n<td>Syst\u00e8me de fermeture<\/td>\n<td>Sangle pectorale r\u00e9glable en hauteur,\n<\/td>\n<\/tr>\n<tr>\n<td>Porte-b\u00e2tons<\/td>\n<td>Porte-b\u00e2tons<\/td>\n<\/tr>\n<tr>\n<td>S\u00e9curit\u00e9<\/td>\n<td>Sifflet et d\u00e9tails r\u00e9fl\u00e9chissants imprim\u00e9s pour plus de s\u00e9curit\u00e9.<\/td>\n<\/tr>\n<tr>\n<td>Mat\u00e9riau ext\u00e9rieur<\/td>\n<td>67 % polyester, 25 % nylon, 8 % \u00e9lasthanne.<\/td>\n<\/tr>\n<\/tbody>\n<\/table>\n","protected":false},"excerpt":{"rendered":"<p><span style=\"font-weight: 400\">L&#8217;Activ 6 litres est destin\u00e9 \u00e0 devenir votre sac \u00e0 dos de trail running pr\u00e9f\u00e9r\u00e9. D\u00e9couvrez toutes ses caract\u00e9ristiques con\u00e7ues pour r\u00e9pondre \u00e0 vos besoins ! Son design exclusif \u00ab gilet avec syst\u00e8me d&#8217;hydratation \u00bb garantit un confort in\u00e9gal\u00e9. Sa capacit\u00e9 totale de 6 litres vous permet d&#8217;emporter avec vous tout l&#8217;\u00e9quipement et les accessoires dont vous avez besoin pendant votre course.<\/span><\/p>\n","protected":false},"featured_media":230219,"template":"","meta":{"_acf_changed":false,"inline_featured_image":false},"product_brand":[],"product_cat":[22589,22587,22538],"product_tag":[23503,23504],"class_list":{"0":"post-275849","1":"product","2":"type-product","3":"status-publish","4":"has-post-thumbnail","6":"product_cat-sacs-a-dos","7":"product_cat-sacs-a-dos-et-ceintures","8":"product_cat-accessoires","9":"product_tag-raidlight-fr","10":"product_tag-raidlight-femme","11":"pa_attivita-outdoor-fr","12":"pa_attivita-trail-fr","13":"pa_marca-raidlight-fr","14":"pa_sesso-femme","16":"first","17":"instock","18":"sale","19":"taxable","20":"shipping-taxable","21":"purchasable","22":"product-type-simple"},"acf":[],"yoast_head":"<!-- This site is optimized with the Yoast SEO plugin v26.8 - https:\/\/yoast.com\/product\/yoast-seo-wordpress\/ -->\n<title>Raidlight Activ Vest 6 litres + poche \u00e0 eau 1,2 L pour femme - sacs \u00e0 dos de randonn\u00e9e - MioMioRun<\/title>\n<meta name=\"description\" content=\"L&#039;Activ 6 litres est destin\u00e9 \u00e0 devenir votre sac \u00e0 dos de trail running pr\u00e9f\u00e9r\u00e9. D\u00e9couvrez toutes les caract\u00e9ristiques con\u00e7ues pour r\u00e9pondre \u00e0 vos besoins !\" \/>\n<meta name=\"robots\" content=\"index, follow, max-snippet:-1, max-image-preview:large, max-video-preview:-1\" \/>\n<link rel=\"canonical\" href=\"https:\/\/www.miomiorun.com\/fr\/produit\/raidlight-activ-vest-6-litres-poche-a-eau-12-l-pour-femme\/\" \/>\n<meta property=\"og:locale\" content=\"fr_FR\" \/>\n<meta property=\"og:type\" content=\"article\" \/>\n<meta property=\"og:title\" content=\"Raidlight Activ Vest 6 litres + poche \u00e0 eau 1,2 L pour femme - sacs \u00e0 dos de randonn\u00e9e - MioMioRun\" \/>\n<meta property=\"og:description\" content=\"L&#039;Activ 6 litres est destin\u00e9 \u00e0 devenir votre sac \u00e0 dos de trail running pr\u00e9f\u00e9r\u00e9. D\u00e9couvrez toutes les caract\u00e9ristiques con\u00e7ues pour r\u00e9pondre \u00e0 vos besoins !\" \/>\n<meta property=\"og:url\" content=\"https:\/\/www.miomiorun.com\/fr\/produit\/raidlight-activ-vest-6-litres-poche-a-eau-12-l-pour-femme\/\" \/>\n<meta property=\"og:site_name\" content=\"MioMioRun\" \/>\n<meta property=\"article:publisher\" content=\"https:\/\/www.facebook.com\/miomiorun\/\" \/>\n<meta property=\"article:modified_time\" content=\"2026-01-21T10:29:12+00:00\" \/>\n<meta property=\"og:image\" content=\"https:\/\/www.miomiorun.com\/app\/uploads\/2020\/07\/Raidlight-Zaino-Gilet-running-donna-Activ-6L-sacca-idrica-12L.jpg\" \/>\n\t<meta property=\"og:image:width\" content=\"600\" \/>\n\t<meta property=\"og:image:height\" content=\"600\" \/>\n\t<meta property=\"og:image:type\" content=\"image\/jpeg\" \/>\n<meta name=\"twitter:card\" content=\"summary_large_image\" \/>\n<meta name=\"twitter:label1\" content=\"Est. reading time\" \/>\n\t<meta name=\"twitter:data1\" content=\"1 minute\" \/>\n<script type=\"application\/ld+json\" class=\"yoast-schema-graph\">{\"@context\":\"https:\/\/schema.org\",\"@graph\":[{\"@type\":\"WebPage\",\"@id\":\"https:\/\/www.miomiorun.com\/fr\/produit\/raidlight-activ-vest-6-litres-poche-a-eau-12-l-pour-femme\/\",\"url\":\"https:\/\/www.miomiorun.com\/fr\/produit\/raidlight-activ-vest-6-litres-poche-a-eau-12-l-pour-femme\/\",\"name\":\"Raidlight Activ Vest 6 litres + poche \u00e0 eau 1,2 L pour femme - sacs \u00e0 dos de randonn\u00e9e - MioMioRun\",\"isPartOf\":{\"@id\":\"https:\/\/www.miomiorun.com\/fr\/#website\"},\"primaryImageOfPage\":{\"@id\":\"https:\/\/www.miomiorun.com\/fr\/produit\/raidlight-activ-vest-6-litres-poche-a-eau-12-l-pour-femme\/#primaryimage\"},\"image\":{\"@id\":\"https:\/\/www.miomiorun.com\/fr\/produit\/raidlight-activ-vest-6-litres-poche-a-eau-12-l-pour-femme\/#primaryimage\"},\"thumbnailUrl\":\"https:\/\/www.miomiorun.com\/app\/uploads\/2020\/07\/Raidlight-Zaino-Gilet-running-donna-Activ-6L-sacca-idrica-12L.jpg\",\"datePublished\":\"2020-07-02T15:54:36+00:00\",\"dateModified\":\"2026-01-21T10:29:12+00:00\",\"description\":\"L'Activ 6 litres est destin\u00e9 \u00e0 devenir votre sac \u00e0 dos de trail running pr\u00e9f\u00e9r\u00e9. D\u00e9couvrez toutes les caract\u00e9ristiques con\u00e7ues pour r\u00e9pondre \u00e0 vos besoins !\",\"breadcrumb\":{\"@id\":\"https:\/\/www.miomiorun.com\/fr\/produit\/raidlight-activ-vest-6-litres-poche-a-eau-12-l-pour-femme\/#breadcrumb\"},\"inLanguage\":\"fr-FR\",\"potentialAction\":[{\"@type\":\"ReadAction\",\"target\":[\"https:\/\/www.miomiorun.com\/fr\/produit\/raidlight-activ-vest-6-litres-poche-a-eau-12-l-pour-femme\/\"]}]},{\"@type\":\"ImageObject\",\"inLanguage\":\"fr-FR\",\"@id\":\"https:\/\/www.miomiorun.com\/fr\/produit\/raidlight-activ-vest-6-litres-poche-a-eau-12-l-pour-femme\/#primaryimage\",\"url\":\"https:\/\/www.miomiorun.com\/app\/uploads\/2020\/07\/Raidlight-Zaino-Gilet-running-donna-Activ-6L-sacca-idrica-12L.jpg\",\"contentUrl\":\"https:\/\/www.miomiorun.com\/app\/uploads\/2020\/07\/Raidlight-Zaino-Gilet-running-donna-Activ-6L-sacca-idrica-12L.jpg\",\"width\":600,\"height\":600,\"caption\":\"Raidlight-Zaino-Gilet-running-donna-Activ-6L-+-sacca-idrica-1,2L\"},{\"@type\":\"BreadcrumbList\",\"@id\":\"https:\/\/www.miomiorun.com\/fr\/produit\/raidlight-activ-vest-6-litres-poche-a-eau-12-l-pour-femme\/#breadcrumb\",\"itemListElement\":[{\"@type\":\"ListItem\",\"position\":1,\"name\":\"Home\",\"item\":\"https:\/\/www.miomiorun.com\/fr\/home-page\/\"},{\"@type\":\"ListItem\",\"position\":2,\"name\":\"Shop\",\"item\":\"https:\/\/www.miomiorun.com\/shop\/\"},{\"@type\":\"ListItem\",\"position\":3,\"name\":\"Activ Vest 6 litres + poche \u00e0 eau 1,2 L pour femme\"}]},{\"@type\":\"WebSite\",\"@id\":\"https:\/\/www.miomiorun.com\/fr\/#website\",\"url\":\"https:\/\/www.miomiorun.com\/fr\/\",\"name\":\"MioMioRun\",\"description\":\"Boutique 100% running et trail\",\"publisher\":{\"@id\":\"https:\/\/www.miomiorun.com\/fr\/#organization\"},\"potentialAction\":[{\"@type\":\"SearchAction\",\"target\":{\"@type\":\"EntryPoint\",\"urlTemplate\":\"https:\/\/www.miomiorun.com\/fr\/?s={search_term_string}\"},\"query-input\":{\"@type\":\"PropertyValueSpecification\",\"valueRequired\":true,\"valueName\":\"search_term_string\"}}],\"inLanguage\":\"fr-FR\"},{\"@type\":\"Organization\",\"@id\":\"https:\/\/www.miomiorun.com\/fr\/#organization\",\"name\":\"MioMio Run\",\"url\":\"https:\/\/www.miomiorun.com\/fr\/\",\"logo\":{\"@type\":\"ImageObject\",\"inLanguage\":\"fr-FR\",\"@id\":\"https:\/\/www.miomiorun.com\/fr\/#\/schema\/logo\/image\/\",\"url\":\"https:\/\/www.miomiorun.com\/app\/uploads\/2019\/12\/logomio.png\",\"contentUrl\":\"https:\/\/www.miomiorun.com\/app\/uploads\/2019\/12\/logomio.png\",\"width\":115,\"height\":82,\"caption\":\"MioMio Run\"},\"image\":{\"@id\":\"https:\/\/www.miomiorun.com\/fr\/#\/schema\/logo\/image\/\"},\"sameAs\":[\"https:\/\/www.facebook.com\/miomiorun\/\",\"https:\/\/www.instagram.com\/miomiorun\/\"]}]}<\/script>\n<!-- \/ Yoast SEO plugin. -->","yoast_head_json":{"title":"Raidlight Activ Vest 6 litres + poche \u00e0 eau 1,2 L pour femme - sacs \u00e0 dos de randonn\u00e9e - MioMioRun","description":"L'Activ 6 litres est destin\u00e9 \u00e0 devenir votre sac \u00e0 dos de trail running pr\u00e9f\u00e9r\u00e9. D\u00e9couvrez toutes les caract\u00e9ristiques con\u00e7ues pour r\u00e9pondre \u00e0 vos besoins !","robots":{"index":"index","follow":"follow","max-snippet":"max-snippet:-1","max-image-preview":"max-image-preview:large","max-video-preview":"max-video-preview:-1"},"canonical":"https:\/\/www.miomiorun.com\/fr\/produit\/raidlight-activ-vest-6-litres-poche-a-eau-12-l-pour-femme\/","og_locale":"fr_FR","og_type":"article","og_title":"Raidlight Activ Vest 6 litres + poche \u00e0 eau 1,2 L pour femme - sacs \u00e0 dos de randonn\u00e9e - MioMioRun","og_description":"L'Activ 6 litres est destin\u00e9 \u00e0 devenir votre sac \u00e0 dos de trail running pr\u00e9f\u00e9r\u00e9. D\u00e9couvrez toutes les caract\u00e9ristiques con\u00e7ues pour r\u00e9pondre \u00e0 vos besoins !","og_url":"https:\/\/www.miomiorun.com\/fr\/produit\/raidlight-activ-vest-6-litres-poche-a-eau-12-l-pour-femme\/","og_site_name":"MioMioRun","article_publisher":"https:\/\/www.facebook.com\/miomiorun\/","article_modified_time":"2026-01-21T10:29:12+00:00","og_image":[{"width":600,"height":600,"url":"https:\/\/www.miomiorun.com\/app\/uploads\/2020\/07\/Raidlight-Zaino-Gilet-running-donna-Activ-6L-sacca-idrica-12L.jpg","type":"image\/jpeg"}],"twitter_card":"summary_large_image","twitter_misc":{"Est. reading time":"1 minute"},"schema":{"@context":"https:\/\/schema.org","@graph":[{"@type":"WebPage","@id":"https:\/\/www.miomiorun.com\/fr\/produit\/raidlight-activ-vest-6-litres-poche-a-eau-12-l-pour-femme\/","url":"https:\/\/www.miomiorun.com\/fr\/produit\/raidlight-activ-vest-6-litres-poche-a-eau-12-l-pour-femme\/","name":"Raidlight Activ Vest 6 litres + poche \u00e0 eau 1,2 L pour femme - sacs \u00e0 dos de randonn\u00e9e - MioMioRun","isPartOf":{"@id":"https:\/\/www.miomiorun.com\/fr\/#website"},"primaryImageOfPage":{"@id":"https:\/\/www.miomiorun.com\/fr\/produit\/raidlight-activ-vest-6-litres-poche-a-eau-12-l-pour-femme\/#primaryimage"},"image":{"@id":"https:\/\/www.miomiorun.com\/fr\/produit\/raidlight-activ-vest-6-litres-poche-a-eau-12-l-pour-femme\/#primaryimage"},"thumbnailUrl":"https:\/\/www.miomiorun.com\/app\/uploads\/2020\/07\/Raidlight-Zaino-Gilet-running-donna-Activ-6L-sacca-idrica-12L.jpg","datePublished":"2020-07-02T15:54:36+00:00","dateModified":"2026-01-21T10:29:12+00:00","description":"L'Activ 6 litres est destin\u00e9 \u00e0 devenir votre sac \u00e0 dos de trail running pr\u00e9f\u00e9r\u00e9. D\u00e9couvrez toutes les caract\u00e9ristiques con\u00e7ues pour r\u00e9pondre \u00e0 vos besoins !","breadcrumb":{"@id":"https:\/\/www.miomiorun.com\/fr\/produit\/raidlight-activ-vest-6-litres-poche-a-eau-12-l-pour-femme\/#breadcrumb"},"inLanguage":"fr-FR","potentialAction":[{"@type":"ReadAction","target":["https:\/\/www.miomiorun.com\/fr\/produit\/raidlight-activ-vest-6-litres-poche-a-eau-12-l-pour-femme\/"]}]},{"@type":"ImageObject","inLanguage":"fr-FR","@id":"https:\/\/www.miomiorun.com\/fr\/produit\/raidlight-activ-vest-6-litres-poche-a-eau-12-l-pour-femme\/#primaryimage","url":"https:\/\/www.miomiorun.com\/app\/uploads\/2020\/07\/Raidlight-Zaino-Gilet-running-donna-Activ-6L-sacca-idrica-12L.jpg","contentUrl":"https:\/\/www.miomiorun.com\/app\/uploads\/2020\/07\/Raidlight-Zaino-Gilet-running-donna-Activ-6L-sacca-idrica-12L.jpg","width":600,"height":600,"caption":"Raidlight-Zaino-Gilet-running-donna-Activ-6L-+-sacca-idrica-1,2L"},{"@type":"BreadcrumbList","@id":"https:\/\/www.miomiorun.com\/fr\/produit\/raidlight-activ-vest-6-litres-poche-a-eau-12-l-pour-femme\/#breadcrumb","itemListElement":[{"@type":"ListItem","position":1,"name":"Home","item":"https:\/\/www.miomiorun.com\/fr\/home-page\/"},{"@type":"ListItem","position":2,"name":"Shop","item":"https:\/\/www.miomiorun.com\/shop\/"},{"@type":"ListItem","position":3,"name":"Activ Vest 6 litres + poche \u00e0 eau 1,2 L pour femme"}]},{"@type":"WebSite","@id":"https:\/\/www.miomiorun.com\/fr\/#website","url":"https:\/\/www.miomiorun.com\/fr\/","name":"MioMioRun","description":"Boutique 100% running et trail","publisher":{"@id":"https:\/\/www.miomiorun.com\/fr\/#organization"},"potentialAction":[{"@type":"SearchAction","target":{"@type":"EntryPoint","urlTemplate":"https:\/\/www.miomiorun.com\/fr\/?s={search_term_string}"},"query-input":{"@type":"PropertyValueSpecification","valueRequired":true,"valueName":"search_term_string"}}],"inLanguage":"fr-FR"},{"@type":"Organization","@id":"https:\/\/www.miomiorun.com\/fr\/#organization","name":"MioMio Run","url":"https:\/\/www.miomiorun.com\/fr\/","logo":{"@type":"ImageObject","inLanguage":"fr-FR","@id":"https:\/\/www.miomiorun.com\/fr\/#\/schema\/logo\/image\/","url":"https:\/\/www.miomiorun.com\/app\/uploads\/2019\/12\/logomio.png","contentUrl":"https:\/\/www.miomiorun.com\/app\/uploads\/2019\/12\/logomio.png","width":115,"height":82,"caption":"MioMio Run"},"image":{"@id":"https:\/\/www.miomiorun.com\/fr\/#\/schema\/logo\/image\/"},"sameAs":["https:\/\/www.facebook.com\/miomiorun\/","https:\/\/www.instagram.com\/miomiorun\/"]}]}},"_links":{"self":[{"href":"https:\/\/www.miomiorun.com\/fr\/wp-json\/wp\/v2\/product\/275849","targetHints":{"allow":["GET"]}}],"collection":[{"href":"https:\/\/www.miomiorun.com\/fr\/wp-json\/wp\/v2\/product"}],"about":[{"href":"https:\/\/www.miomiorun.com\/fr\/wp-json\/wp\/v2\/types\/product"}],"wp:featuredmedia":[{"embeddable":true,"href":"https:\/\/www.miomiorun.com\/fr\/wp-json\/wp\/v2\/media\/230219"}],"wp:attachment":[{"href":"https:\/\/www.miomiorun.com\/fr\/wp-json\/wp\/v2\/media?parent=275849"}],"wp:term":[{"taxonomy":"product_brand","embeddable":true,"href":"https:\/\/www.miomiorun.com\/fr\/wp-json\/wp\/v2\/product_brand?post=275849"},{"taxonomy":"product_cat","embeddable":true,"href":"https:\/\/www.miomiorun.com\/fr\/wp-json\/wp\/v2\/product_cat?post=275849"},{"taxonomy":"product_tag","embeddable":true,"href":"https:\/\/www.miomiorun.com\/fr\/wp-json\/wp\/v2\/product_tag?post=275849"}],"curies":[{"name":"wp","href":"https:\/\/api.w.org\/{rel}","templated":true}]}}