{"id":275831,"date":"2020-08-22T16:25:15","date_gmt":"2020-08-22T14:25:15","guid":{"rendered":"https:\/\/miomiorun.com\/prodotto\/craft-vent-racing-shorts-donna\/"},"modified":"2026-01-23T18:47:53","modified_gmt":"2026-01-23T17:47:53","slug":"craft-vent-racing-shorts-femme","status":"publish","type":"product","link":"https:\/\/www.miomiorun.com\/fr\/produit\/craft-vent-racing-shorts-femme\/","title":{"rendered":"Vent Racing Shorts femme"},"content":{"rendered":"<p>Short de course l\u00e9ger pour une course intense le jour de la comp\u00e9tition.<\/p>\n<p>Le Vent Racing Shorts est un short de course l\u00e9ger con\u00e7u pour une course intense le jour de la comp\u00e9tition. Ce short techniquement avanc\u00e9 est fabriqu\u00e9 en polyester stretch recycl\u00e9 et dot\u00e9 d&#8217;empi\u00e8cements lat\u00e9raux en maille Nanoweight pour une ventilation et une gestion de la temp\u00e9rature corporelle exceptionnelles. Le slip int\u00e9rieur \u00e9lastique assure un ajustement parfait et une excellente \u00e9vacuation de l&#8217;humidit\u00e9.<\/p>\n<p>\u2022 Polyester extensible l\u00e9ger recycl\u00e9<br \/>\n\u2022 Empi\u00e8cements lat\u00e9raux en maille Nanoweight<br \/>\n\u2022 Bande r\u00e9fl\u00e9chissante sur les c\u00f4t\u00e9s<br \/>\n\u2022 Slip int\u00e9rieur \u00e9lastique<br \/>\n\u2022 Poche zipp\u00e9e dissimul\u00e9e \u00e0 l&#8217;arri\u00e8re pour un rangement s\u00e9curis\u00e9<br \/>\n\u2022 Ceinture \u00e9lastique avec cordon de serrage r\u00e9glable<br \/>\n\u2022 C\u00f4tes \u00e9lastiques \u00e0 l&#8217;arri\u00e8re de la ceinture<\/p>\n<h2>Caract\u00e9ristiques du produit<\/h2>\n<h4>Tissu<\/h4>\n<p>Corps 90 % polyester recycl\u00e9 10 % \u00e9lasthanne Doublure 100 % polyester<\/p>\n<h4>L\u00e9ger<\/h4>\n<p>Mat\u00e9riau ultra-l\u00e9ger qui donne l&#8217;impression de d\u00e9fier la gravit\u00e9.<\/p>\n<h4>Transpiration<\/h4>\n<p>\u00c9vacue la transpiration de la peau vers l&#8217;ext\u00e9rieur du v\u00eatement et vous garde au frais et au sec pendant les entra\u00eenements intenses.<\/p>\n<h4>S\u00e9chage rapide<\/h4>\n<p>Tissu \u00e0 s\u00e9chage rapide qui \u00e9vacue la transpiration de la peau et vous garde au frais pendant les entra\u00eenements intenses.<\/p>\n","protected":false},"excerpt":{"rendered":"<p>Short de course l\u00e9ger pour une course intense le jour de la comp\u00e9tition. Le Vent Racing Shorts est un short de course l\u00e9ger con\u00e7u pour une course intense le jour de la comp\u00e9tition. Ce short techniquement avanc\u00e9 est fabriqu\u00e9 en polyester stretch recycl\u00e9 et dot\u00e9 d&#8217;empi\u00e8cements lat\u00e9raux en maille Nanoweight pour une ventilation et une &hellip; <a href=\"https:\/\/www.miomiorun.com\/fr\/produit\/craft-vent-racing-shorts-femme\/\">Continued<\/a><\/p>\n","protected":false},"featured_media":230347,"template":"","meta":{"_acf_changed":false,"inline_featured_image":false},"product_brand":[],"product_cat":[22602,22596,22595],"product_tag":[23554,23648],"class_list":{"0":"post-275831","1":"product","2":"type-product","3":"status-publish","4":"has-post-thumbnail","6":"product_cat-pantalon-court","7":"product_cat-vetements-pour-femmes","8":"product_cat-femme","9":"product_tag-craft-fr","10":"product_tag-craft-femme","11":"pa_attivita-running-fr","12":"pa_marca-craft-fr","13":"pa_sesso-femme","14":"pa_size-medium-fr","15":"pa_size-large-fr","17":"first","18":"instock","19":"sale","20":"taxable","21":"shipping-taxable","22":"purchasable","23":"product-type-variable","24":"wvs-archive-product-wrapper"},"acf":[],"yoast_head":"<!-- This site is optimized with the Yoast SEO plugin v26.8 - https:\/\/yoast.com\/product\/yoast-seo-wordpress\/ -->\n<title>Craft Vent Racing Shorts femme - Shorts pour femmes - MioMioRun<\/title>\n<meta name=\"description\" content=\"Les Vent Racing Shorts sont des shorts de course l\u00e9gers en polyester con\u00e7us pour une course intense le jour de la comp\u00e9tition.\" \/>\n<meta name=\"robots\" content=\"index, follow, max-snippet:-1, max-image-preview:large, max-video-preview:-1\" \/>\n<link rel=\"canonical\" href=\"https:\/\/www.miomiorun.com\/fr\/produit\/craft-vent-racing-shorts-femme\/\" \/>\n<meta property=\"og:locale\" content=\"fr_FR\" \/>\n<meta property=\"og:type\" content=\"article\" \/>\n<meta property=\"og:title\" content=\"Craft Vent Racing Shorts femme - Shorts pour femmes - MioMioRun\" \/>\n<meta property=\"og:description\" content=\"Les Vent Racing Shorts sont des shorts de course l\u00e9gers en polyester con\u00e7us pour une course intense le jour de la comp\u00e9tition.\" \/>\n<meta property=\"og:url\" content=\"https:\/\/www.miomiorun.com\/fr\/produit\/craft-vent-racing-shorts-femme\/\" \/>\n<meta property=\"og:site_name\" content=\"MioMioRun\" \/>\n<meta property=\"article:publisher\" content=\"https:\/\/www.facebook.com\/miomiorun\/\" \/>\n<meta property=\"article:modified_time\" content=\"2026-01-23T17:47:53+00:00\" \/>\n<meta property=\"og:image\" content=\"https:\/\/www.miomiorun.com\/app\/uploads\/2020\/08\/Vent-racing-shorts-W-1908706-999000.jpg\" \/>\n\t<meta property=\"og:image:width\" content=\"600\" \/>\n\t<meta property=\"og:image:height\" content=\"600\" \/>\n\t<meta property=\"og:image:type\" content=\"image\/jpeg\" \/>\n<meta name=\"twitter:card\" content=\"summary_large_image\" \/>\n<meta name=\"twitter:label1\" content=\"Est. reading time\" \/>\n\t<meta name=\"twitter:data1\" content=\"1 minute\" \/>\n<script type=\"application\/ld+json\" class=\"yoast-schema-graph\">{\"@context\":\"https:\/\/schema.org\",\"@graph\":[{\"@type\":\"WebPage\",\"@id\":\"https:\/\/www.miomiorun.com\/fr\/produit\/craft-vent-racing-shorts-femme\/\",\"url\":\"https:\/\/www.miomiorun.com\/fr\/produit\/craft-vent-racing-shorts-femme\/\",\"name\":\"Craft Vent Racing Shorts femme - Shorts pour femmes - MioMioRun\",\"isPartOf\":{\"@id\":\"https:\/\/www.miomiorun.com\/fr\/#website\"},\"primaryImageOfPage\":{\"@id\":\"https:\/\/www.miomiorun.com\/fr\/produit\/craft-vent-racing-shorts-femme\/#primaryimage\"},\"image\":{\"@id\":\"https:\/\/www.miomiorun.com\/fr\/produit\/craft-vent-racing-shorts-femme\/#primaryimage\"},\"thumbnailUrl\":\"https:\/\/www.miomiorun.com\/app\/uploads\/2020\/08\/Vent-racing-shorts-W-1908706-999000.jpg\",\"datePublished\":\"2020-08-22T14:25:15+00:00\",\"dateModified\":\"2026-01-23T17:47:53+00:00\",\"description\":\"Les Vent Racing Shorts sont des shorts de course l\u00e9gers en polyester con\u00e7us pour une course intense le jour de la comp\u00e9tition.\",\"breadcrumb\":{\"@id\":\"https:\/\/www.miomiorun.com\/fr\/produit\/craft-vent-racing-shorts-femme\/#breadcrumb\"},\"inLanguage\":\"fr-FR\",\"potentialAction\":[{\"@type\":\"ReadAction\",\"target\":[\"https:\/\/www.miomiorun.com\/fr\/produit\/craft-vent-racing-shorts-femme\/\"]}]},{\"@type\":\"ImageObject\",\"inLanguage\":\"fr-FR\",\"@id\":\"https:\/\/www.miomiorun.com\/fr\/produit\/craft-vent-racing-shorts-femme\/#primaryimage\",\"url\":\"https:\/\/www.miomiorun.com\/app\/uploads\/2020\/08\/Vent-racing-shorts-W-1908706-999000.jpg\",\"contentUrl\":\"https:\/\/www.miomiorun.com\/app\/uploads\/2020\/08\/Vent-racing-shorts-W-1908706-999000.jpg\",\"width\":600,\"height\":600,\"caption\":\"Vent-racing-shorts-W-1908706-999000\"},{\"@type\":\"BreadcrumbList\",\"@id\":\"https:\/\/www.miomiorun.com\/fr\/produit\/craft-vent-racing-shorts-femme\/#breadcrumb\",\"itemListElement\":[{\"@type\":\"ListItem\",\"position\":1,\"name\":\"Home\",\"item\":\"https:\/\/www.miomiorun.com\/fr\/home-page\/\"},{\"@type\":\"ListItem\",\"position\":2,\"name\":\"Shop\",\"item\":\"https:\/\/www.miomiorun.com\/shop\/\"},{\"@type\":\"ListItem\",\"position\":3,\"name\":\"Vent Racing Shorts femme\"}]},{\"@type\":\"WebSite\",\"@id\":\"https:\/\/www.miomiorun.com\/fr\/#website\",\"url\":\"https:\/\/www.miomiorun.com\/fr\/\",\"name\":\"MioMioRun\",\"description\":\"Boutique 100% running et trail\",\"publisher\":{\"@id\":\"https:\/\/www.miomiorun.com\/fr\/#organization\"},\"potentialAction\":[{\"@type\":\"SearchAction\",\"target\":{\"@type\":\"EntryPoint\",\"urlTemplate\":\"https:\/\/www.miomiorun.com\/fr\/?s={search_term_string}\"},\"query-input\":{\"@type\":\"PropertyValueSpecification\",\"valueRequired\":true,\"valueName\":\"search_term_string\"}}],\"inLanguage\":\"fr-FR\"},{\"@type\":\"Organization\",\"@id\":\"https:\/\/www.miomiorun.com\/fr\/#organization\",\"name\":\"MioMio Run\",\"url\":\"https:\/\/www.miomiorun.com\/fr\/\",\"logo\":{\"@type\":\"ImageObject\",\"inLanguage\":\"fr-FR\",\"@id\":\"https:\/\/www.miomiorun.com\/fr\/#\/schema\/logo\/image\/\",\"url\":\"https:\/\/www.miomiorun.com\/app\/uploads\/2019\/12\/logomio.png\",\"contentUrl\":\"https:\/\/www.miomiorun.com\/app\/uploads\/2019\/12\/logomio.png\",\"width\":115,\"height\":82,\"caption\":\"MioMio Run\"},\"image\":{\"@id\":\"https:\/\/www.miomiorun.com\/fr\/#\/schema\/logo\/image\/\"},\"sameAs\":[\"https:\/\/www.facebook.com\/miomiorun\/\",\"https:\/\/www.instagram.com\/miomiorun\/\"]}]}<\/script>\n<!-- \/ Yoast SEO plugin. -->","yoast_head_json":{"title":"Craft Vent Racing Shorts femme - Shorts pour femmes - MioMioRun","description":"Les Vent Racing Shorts sont des shorts de course l\u00e9gers en polyester con\u00e7us pour une course intense le jour de la comp\u00e9tition.","robots":{"index":"index","follow":"follow","max-snippet":"max-snippet:-1","max-image-preview":"max-image-preview:large","max-video-preview":"max-video-preview:-1"},"canonical":"https:\/\/www.miomiorun.com\/fr\/produit\/craft-vent-racing-shorts-femme\/","og_locale":"fr_FR","og_type":"article","og_title":"Craft Vent Racing Shorts femme - Shorts pour femmes - MioMioRun","og_description":"Les Vent Racing Shorts sont des shorts de course l\u00e9gers en polyester con\u00e7us pour une course intense le jour de la comp\u00e9tition.","og_url":"https:\/\/www.miomiorun.com\/fr\/produit\/craft-vent-racing-shorts-femme\/","og_site_name":"MioMioRun","article_publisher":"https:\/\/www.facebook.com\/miomiorun\/","article_modified_time":"2026-01-23T17:47:53+00:00","og_image":[{"width":600,"height":600,"url":"https:\/\/www.miomiorun.com\/app\/uploads\/2020\/08\/Vent-racing-shorts-W-1908706-999000.jpg","type":"image\/jpeg"}],"twitter_card":"summary_large_image","twitter_misc":{"Est. reading time":"1 minute"},"schema":{"@context":"https:\/\/schema.org","@graph":[{"@type":"WebPage","@id":"https:\/\/www.miomiorun.com\/fr\/produit\/craft-vent-racing-shorts-femme\/","url":"https:\/\/www.miomiorun.com\/fr\/produit\/craft-vent-racing-shorts-femme\/","name":"Craft Vent Racing Shorts femme - Shorts pour femmes - MioMioRun","isPartOf":{"@id":"https:\/\/www.miomiorun.com\/fr\/#website"},"primaryImageOfPage":{"@id":"https:\/\/www.miomiorun.com\/fr\/produit\/craft-vent-racing-shorts-femme\/#primaryimage"},"image":{"@id":"https:\/\/www.miomiorun.com\/fr\/produit\/craft-vent-racing-shorts-femme\/#primaryimage"},"thumbnailUrl":"https:\/\/www.miomiorun.com\/app\/uploads\/2020\/08\/Vent-racing-shorts-W-1908706-999000.jpg","datePublished":"2020-08-22T14:25:15+00:00","dateModified":"2026-01-23T17:47:53+00:00","description":"Les Vent Racing Shorts sont des shorts de course l\u00e9gers en polyester con\u00e7us pour une course intense le jour de la comp\u00e9tition.","breadcrumb":{"@id":"https:\/\/www.miomiorun.com\/fr\/produit\/craft-vent-racing-shorts-femme\/#breadcrumb"},"inLanguage":"fr-FR","potentialAction":[{"@type":"ReadAction","target":["https:\/\/www.miomiorun.com\/fr\/produit\/craft-vent-racing-shorts-femme\/"]}]},{"@type":"ImageObject","inLanguage":"fr-FR","@id":"https:\/\/www.miomiorun.com\/fr\/produit\/craft-vent-racing-shorts-femme\/#primaryimage","url":"https:\/\/www.miomiorun.com\/app\/uploads\/2020\/08\/Vent-racing-shorts-W-1908706-999000.jpg","contentUrl":"https:\/\/www.miomiorun.com\/app\/uploads\/2020\/08\/Vent-racing-shorts-W-1908706-999000.jpg","width":600,"height":600,"caption":"Vent-racing-shorts-W-1908706-999000"},{"@type":"BreadcrumbList","@id":"https:\/\/www.miomiorun.com\/fr\/produit\/craft-vent-racing-shorts-femme\/#breadcrumb","itemListElement":[{"@type":"ListItem","position":1,"name":"Home","item":"https:\/\/www.miomiorun.com\/fr\/home-page\/"},{"@type":"ListItem","position":2,"name":"Shop","item":"https:\/\/www.miomiorun.com\/shop\/"},{"@type":"ListItem","position":3,"name":"Vent Racing Shorts femme"}]},{"@type":"WebSite","@id":"https:\/\/www.miomiorun.com\/fr\/#website","url":"https:\/\/www.miomiorun.com\/fr\/","name":"MioMioRun","description":"Boutique 100% running et trail","publisher":{"@id":"https:\/\/www.miomiorun.com\/fr\/#organization"},"potentialAction":[{"@type":"SearchAction","target":{"@type":"EntryPoint","urlTemplate":"https:\/\/www.miomiorun.com\/fr\/?s={search_term_string}"},"query-input":{"@type":"PropertyValueSpecification","valueRequired":true,"valueName":"search_term_string"}}],"inLanguage":"fr-FR"},{"@type":"Organization","@id":"https:\/\/www.miomiorun.com\/fr\/#organization","name":"MioMio Run","url":"https:\/\/www.miomiorun.com\/fr\/","logo":{"@type":"ImageObject","inLanguage":"fr-FR","@id":"https:\/\/www.miomiorun.com\/fr\/#\/schema\/logo\/image\/","url":"https:\/\/www.miomiorun.com\/app\/uploads\/2019\/12\/logomio.png","contentUrl":"https:\/\/www.miomiorun.com\/app\/uploads\/2019\/12\/logomio.png","width":115,"height":82,"caption":"MioMio Run"},"image":{"@id":"https:\/\/www.miomiorun.com\/fr\/#\/schema\/logo\/image\/"},"sameAs":["https:\/\/www.facebook.com\/miomiorun\/","https:\/\/www.instagram.com\/miomiorun\/"]}]}},"_links":{"self":[{"href":"https:\/\/www.miomiorun.com\/fr\/wp-json\/wp\/v2\/product\/275831","targetHints":{"allow":["GET"]}}],"collection":[{"href":"https:\/\/www.miomiorun.com\/fr\/wp-json\/wp\/v2\/product"}],"about":[{"href":"https:\/\/www.miomiorun.com\/fr\/wp-json\/wp\/v2\/types\/product"}],"wp:featuredmedia":[{"embeddable":true,"href":"https:\/\/www.miomiorun.com\/fr\/wp-json\/wp\/v2\/media\/230347"}],"wp:attachment":[{"href":"https:\/\/www.miomiorun.com\/fr\/wp-json\/wp\/v2\/media?parent=275831"}],"wp:term":[{"taxonomy":"product_brand","embeddable":true,"href":"https:\/\/www.miomiorun.com\/fr\/wp-json\/wp\/v2\/product_brand?post=275831"},{"taxonomy":"product_cat","embeddable":true,"href":"https:\/\/www.miomiorun.com\/fr\/wp-json\/wp\/v2\/product_cat?post=275831"},{"taxonomy":"product_tag","embeddable":true,"href":"https:\/\/www.miomiorun.com\/fr\/wp-json\/wp\/v2\/product_tag?post=275831"}],"curies":[{"name":"wp","href":"https:\/\/api.w.org\/{rel}","templated":true}]}}