{"id":275811,"date":"2020-09-02T10:09:38","date_gmt":"2020-09-02T08:09:38","guid":{"rendered":"https:\/\/miomiorun.com\/prodotto\/craft-active-intensity-cn-ls-uomo\/"},"modified":"2026-01-21T12:28:21","modified_gmt":"2026-01-21T11:28:21","slug":"craft-active-intensity-cn-ls-homme","status":"publish","type":"product","link":"https:\/\/www.miomiorun.com\/fr\/produit\/craft-active-intensity-cn-ls-homme\/","title":{"rendered":"Active Intensity CN LS homme"},"content":{"rendered":"<p>Active Intensity est une couche de base innovante qui offre d&#8217;excellentes performances lors d&#8217;activit\u00e9s intenses dans des conditions climatiques douces \u00e0 froides. Le tissu fonctionnel et \u00e9lastique, associ\u00e9 \u00e0 une conception sans coutures, \u00e0 des structures bodymap et \u00e0 une coupe athl\u00e9tique, garantit une excellente gestion de la temp\u00e9rature corporelle et un confort optimal. Choix id\u00e9al pour les sportifs passionn\u00e9s, le t-shirt Active Intensity Crew Neck est parfait pour les entra\u00eenements intenses tels que le ski de fond, la course \u00e0 pied et le cyclisme. De plus, ce t-shirt peut \u00e9galement \u00eatre port\u00e9 seul et se combine avec la plupart de nos collants.<\/p>\n<p>\u2022 Transport de l&#8217;humidit\u00e9 tr\u00e8s efficace<br \/>\n\u2022 Conception bodymap<br \/>\n\u2022 Construction sans coutures<\/p>\n<h2>Caract\u00e9ristiques du produit<\/h2>\n<h4>Tissu<\/h4>\n<p>55 % polyester recycl\u00e9 45 % polyamide<\/p>\n<h4>Transport de l&#8217;humidit\u00e9<\/h4>\n<p>\u00c9vacue l&#8217;humidit\u00e9 de la peau vers l&#8217;ext\u00e9rieur du v\u00eatement et vous garde au frais et au sec pendant les entra\u00eenements intenses.<\/p>\n<h4>Parfait<\/h4>\n<p>Conception sans coutures qui \u00e9limine les frottements et offre un toucher doux.<\/p>\n<h4>Soyez actif<\/h4>\n<p>Be Active offre une gestion optimale de la temp\u00e9rature pendant les entra\u00eenements dans des conditions moyennement froides \u00e0 froides.<\/p>\n","protected":false},"excerpt":{"rendered":"<p>Active Intensity est une couche de base innovante qui offre d&#8217;excellentes performances lors d&#8217;activit\u00e9s intenses dans des conditions climatiques douces \u00e0 froides. Le tissu fonctionnel et \u00e9lastique, associ\u00e9 \u00e0 une conception sans coutures, \u00e0 des structures bodymap et \u00e0 une coupe athl\u00e9tique, garantit une excellente gestion de la temp\u00e9rature corporelle et un confort optimal. Choix &hellip; <a href=\"https:\/\/www.miomiorun.com\/fr\/produit\/craft-active-intensity-cn-ls-homme\/\">Continued<\/a><\/p>\n","protected":false},"featured_media":230413,"template":"","meta":{"_acf_changed":false,"inline_featured_image":false},"product_brand":[],"product_cat":[24479,24482,24484],"product_tag":[23554,23647],"class_list":{"0":"post-275811","1":"product","2":"type-product","3":"status-publish","4":"has-post-thumbnail","6":"product_cat-sous-vetements-fr-2","7":"product_cat-vetements-pour-hommes-fr","8":"product_cat-homme","9":"product_tag-craft-fr","10":"product_tag-craft-homme","11":"pa_attivita-outdoor","12":"pa_colore-active-intensity-cn-ls-m-black-blue","13":"pa_marca-craft","14":"pa_sesso-uomo","15":"pa_size-extra-large","17":"first","18":"instock","19":"sale","20":"taxable","21":"shipping-taxable","22":"purchasable","23":"product-type-variable","24":"wvs-archive-product-wrapper"},"acf":[],"yoast_head":"<!-- This site is optimized with the Yoast SEO plugin v26.8 - https:\/\/yoast.com\/product\/yoast-seo-wordpress\/ -->\n<title>Craft Active Intensity CN LS homme - Maillot thermique- MioMioRun.com<\/title>\n<meta name=\"description\" content=\"Active Intensity est une couche de base innovante qui offre d&#039;excellentes performances lors d&#039;activit\u00e9s intenses dans des conditions climatiques douces \u00e0 froides.\" \/>\n<meta name=\"robots\" content=\"index, follow, max-snippet:-1, max-image-preview:large, max-video-preview:-1\" \/>\n<link rel=\"canonical\" href=\"https:\/\/www.miomiorun.com\/fr\/produit\/craft-active-intensity-cn-ls-homme\/\" \/>\n<meta property=\"og:locale\" content=\"fr_FR\" \/>\n<meta property=\"og:type\" content=\"article\" \/>\n<meta property=\"og:title\" content=\"Craft Active Intensity CN LS homme - Maillot thermique- MioMioRun.com\" \/>\n<meta property=\"og:description\" content=\"Active Intensity est une couche de base innovante qui offre d&#039;excellentes performances lors d&#039;activit\u00e9s intenses dans des conditions climatiques douces \u00e0 froides.\" \/>\n<meta property=\"og:url\" content=\"https:\/\/www.miomiorun.com\/fr\/produit\/craft-active-intensity-cn-ls-homme\/\" \/>\n<meta property=\"og:site_name\" content=\"MioMioRun\" \/>\n<meta property=\"article:publisher\" content=\"https:\/\/www.facebook.com\/miomiorun\/\" \/>\n<meta property=\"article:modified_time\" content=\"2026-01-21T11:28:21+00:00\" \/>\n<meta property=\"og:image\" content=\"https:\/\/www.miomiorun.com\/app\/uploads\/2020\/09\/Active-Intensity-CN-LS-1907933-999995.jpg\" \/>\n\t<meta property=\"og:image:width\" content=\"600\" \/>\n\t<meta property=\"og:image:height\" content=\"600\" \/>\n\t<meta property=\"og:image:type\" content=\"image\/jpeg\" \/>\n<meta name=\"twitter:card\" content=\"summary_large_image\" \/>\n<meta name=\"twitter:label1\" content=\"Est. reading time\" \/>\n\t<meta name=\"twitter:data1\" content=\"1 minute\" \/>\n<script type=\"application\/ld+json\" class=\"yoast-schema-graph\">{\"@context\":\"https:\/\/schema.org\",\"@graph\":[{\"@type\":\"WebPage\",\"@id\":\"https:\/\/www.miomiorun.com\/fr\/produit\/craft-active-intensity-cn-ls-homme\/\",\"url\":\"https:\/\/www.miomiorun.com\/fr\/produit\/craft-active-intensity-cn-ls-homme\/\",\"name\":\"Craft Active Intensity CN LS homme - Maillot thermique- MioMioRun.com\",\"isPartOf\":{\"@id\":\"https:\/\/www.miomiorun.com\/fr\/#website\"},\"primaryImageOfPage\":{\"@id\":\"https:\/\/www.miomiorun.com\/fr\/produit\/craft-active-intensity-cn-ls-homme\/#primaryimage\"},\"image\":{\"@id\":\"https:\/\/www.miomiorun.com\/fr\/produit\/craft-active-intensity-cn-ls-homme\/#primaryimage\"},\"thumbnailUrl\":\"https:\/\/www.miomiorun.com\/app\/uploads\/2020\/09\/Active-Intensity-CN-LS-1907933-999995.jpg\",\"datePublished\":\"2020-09-02T08:09:38+00:00\",\"dateModified\":\"2026-01-21T11:28:21+00:00\",\"description\":\"Active Intensity est une couche de base innovante qui offre d'excellentes performances lors d'activit\u00e9s intenses dans des conditions climatiques douces \u00e0 froides.\",\"breadcrumb\":{\"@id\":\"https:\/\/www.miomiorun.com\/fr\/produit\/craft-active-intensity-cn-ls-homme\/#breadcrumb\"},\"inLanguage\":\"fr-FR\",\"potentialAction\":[{\"@type\":\"ReadAction\",\"target\":[\"https:\/\/www.miomiorun.com\/fr\/produit\/craft-active-intensity-cn-ls-homme\/\"]}]},{\"@type\":\"ImageObject\",\"inLanguage\":\"fr-FR\",\"@id\":\"https:\/\/www.miomiorun.com\/fr\/produit\/craft-active-intensity-cn-ls-homme\/#primaryimage\",\"url\":\"https:\/\/www.miomiorun.com\/app\/uploads\/2020\/09\/Active-Intensity-CN-LS-1907933-999995.jpg\",\"contentUrl\":\"https:\/\/www.miomiorun.com\/app\/uploads\/2020\/09\/Active-Intensity-CN-LS-1907933-999995.jpg\",\"width\":600,\"height\":600,\"caption\":\"Active-Intensity-CN-LS-1907933-999995\"},{\"@type\":\"BreadcrumbList\",\"@id\":\"https:\/\/www.miomiorun.com\/fr\/produit\/craft-active-intensity-cn-ls-homme\/#breadcrumb\",\"itemListElement\":[{\"@type\":\"ListItem\",\"position\":1,\"name\":\"Home\",\"item\":\"https:\/\/www.miomiorun.com\/fr\/home-page\/\"},{\"@type\":\"ListItem\",\"position\":2,\"name\":\"Shop\",\"item\":\"https:\/\/www.miomiorun.com\/shop\/\"},{\"@type\":\"ListItem\",\"position\":3,\"name\":\"Active Intensity CN LS homme\"}]},{\"@type\":\"WebSite\",\"@id\":\"https:\/\/www.miomiorun.com\/fr\/#website\",\"url\":\"https:\/\/www.miomiorun.com\/fr\/\",\"name\":\"MioMioRun\",\"description\":\"Boutique 100% running et trail\",\"publisher\":{\"@id\":\"https:\/\/www.miomiorun.com\/fr\/#organization\"},\"potentialAction\":[{\"@type\":\"SearchAction\",\"target\":{\"@type\":\"EntryPoint\",\"urlTemplate\":\"https:\/\/www.miomiorun.com\/fr\/?s={search_term_string}\"},\"query-input\":{\"@type\":\"PropertyValueSpecification\",\"valueRequired\":true,\"valueName\":\"search_term_string\"}}],\"inLanguage\":\"fr-FR\"},{\"@type\":\"Organization\",\"@id\":\"https:\/\/www.miomiorun.com\/fr\/#organization\",\"name\":\"MioMio Run\",\"url\":\"https:\/\/www.miomiorun.com\/fr\/\",\"logo\":{\"@type\":\"ImageObject\",\"inLanguage\":\"fr-FR\",\"@id\":\"https:\/\/www.miomiorun.com\/fr\/#\/schema\/logo\/image\/\",\"url\":\"https:\/\/www.miomiorun.com\/app\/uploads\/2019\/12\/logomio.png\",\"contentUrl\":\"https:\/\/www.miomiorun.com\/app\/uploads\/2019\/12\/logomio.png\",\"width\":115,\"height\":82,\"caption\":\"MioMio Run\"},\"image\":{\"@id\":\"https:\/\/www.miomiorun.com\/fr\/#\/schema\/logo\/image\/\"},\"sameAs\":[\"https:\/\/www.facebook.com\/miomiorun\/\",\"https:\/\/www.instagram.com\/miomiorun\/\"]}]}<\/script>\n<!-- \/ Yoast SEO plugin. -->","yoast_head_json":{"title":"Craft Active Intensity CN LS homme - Maillot thermique- MioMioRun.com","description":"Active Intensity est une couche de base innovante qui offre d'excellentes performances lors d'activit\u00e9s intenses dans des conditions climatiques douces \u00e0 froides.","robots":{"index":"index","follow":"follow","max-snippet":"max-snippet:-1","max-image-preview":"max-image-preview:large","max-video-preview":"max-video-preview:-1"},"canonical":"https:\/\/www.miomiorun.com\/fr\/produit\/craft-active-intensity-cn-ls-homme\/","og_locale":"fr_FR","og_type":"article","og_title":"Craft Active Intensity CN LS homme - Maillot thermique- MioMioRun.com","og_description":"Active Intensity est une couche de base innovante qui offre d'excellentes performances lors d'activit\u00e9s intenses dans des conditions climatiques douces \u00e0 froides.","og_url":"https:\/\/www.miomiorun.com\/fr\/produit\/craft-active-intensity-cn-ls-homme\/","og_site_name":"MioMioRun","article_publisher":"https:\/\/www.facebook.com\/miomiorun\/","article_modified_time":"2026-01-21T11:28:21+00:00","og_image":[{"width":600,"height":600,"url":"https:\/\/www.miomiorun.com\/app\/uploads\/2020\/09\/Active-Intensity-CN-LS-1907933-999995.jpg","type":"image\/jpeg"}],"twitter_card":"summary_large_image","twitter_misc":{"Est. reading time":"1 minute"},"schema":{"@context":"https:\/\/schema.org","@graph":[{"@type":"WebPage","@id":"https:\/\/www.miomiorun.com\/fr\/produit\/craft-active-intensity-cn-ls-homme\/","url":"https:\/\/www.miomiorun.com\/fr\/produit\/craft-active-intensity-cn-ls-homme\/","name":"Craft Active Intensity CN LS homme - Maillot thermique- MioMioRun.com","isPartOf":{"@id":"https:\/\/www.miomiorun.com\/fr\/#website"},"primaryImageOfPage":{"@id":"https:\/\/www.miomiorun.com\/fr\/produit\/craft-active-intensity-cn-ls-homme\/#primaryimage"},"image":{"@id":"https:\/\/www.miomiorun.com\/fr\/produit\/craft-active-intensity-cn-ls-homme\/#primaryimage"},"thumbnailUrl":"https:\/\/www.miomiorun.com\/app\/uploads\/2020\/09\/Active-Intensity-CN-LS-1907933-999995.jpg","datePublished":"2020-09-02T08:09:38+00:00","dateModified":"2026-01-21T11:28:21+00:00","description":"Active Intensity est une couche de base innovante qui offre d'excellentes performances lors d'activit\u00e9s intenses dans des conditions climatiques douces \u00e0 froides.","breadcrumb":{"@id":"https:\/\/www.miomiorun.com\/fr\/produit\/craft-active-intensity-cn-ls-homme\/#breadcrumb"},"inLanguage":"fr-FR","potentialAction":[{"@type":"ReadAction","target":["https:\/\/www.miomiorun.com\/fr\/produit\/craft-active-intensity-cn-ls-homme\/"]}]},{"@type":"ImageObject","inLanguage":"fr-FR","@id":"https:\/\/www.miomiorun.com\/fr\/produit\/craft-active-intensity-cn-ls-homme\/#primaryimage","url":"https:\/\/www.miomiorun.com\/app\/uploads\/2020\/09\/Active-Intensity-CN-LS-1907933-999995.jpg","contentUrl":"https:\/\/www.miomiorun.com\/app\/uploads\/2020\/09\/Active-Intensity-CN-LS-1907933-999995.jpg","width":600,"height":600,"caption":"Active-Intensity-CN-LS-1907933-999995"},{"@type":"BreadcrumbList","@id":"https:\/\/www.miomiorun.com\/fr\/produit\/craft-active-intensity-cn-ls-homme\/#breadcrumb","itemListElement":[{"@type":"ListItem","position":1,"name":"Home","item":"https:\/\/www.miomiorun.com\/fr\/home-page\/"},{"@type":"ListItem","position":2,"name":"Shop","item":"https:\/\/www.miomiorun.com\/shop\/"},{"@type":"ListItem","position":3,"name":"Active Intensity CN LS homme"}]},{"@type":"WebSite","@id":"https:\/\/www.miomiorun.com\/fr\/#website","url":"https:\/\/www.miomiorun.com\/fr\/","name":"MioMioRun","description":"Boutique 100% running et trail","publisher":{"@id":"https:\/\/www.miomiorun.com\/fr\/#organization"},"potentialAction":[{"@type":"SearchAction","target":{"@type":"EntryPoint","urlTemplate":"https:\/\/www.miomiorun.com\/fr\/?s={search_term_string}"},"query-input":{"@type":"PropertyValueSpecification","valueRequired":true,"valueName":"search_term_string"}}],"inLanguage":"fr-FR"},{"@type":"Organization","@id":"https:\/\/www.miomiorun.com\/fr\/#organization","name":"MioMio Run","url":"https:\/\/www.miomiorun.com\/fr\/","logo":{"@type":"ImageObject","inLanguage":"fr-FR","@id":"https:\/\/www.miomiorun.com\/fr\/#\/schema\/logo\/image\/","url":"https:\/\/www.miomiorun.com\/app\/uploads\/2019\/12\/logomio.png","contentUrl":"https:\/\/www.miomiorun.com\/app\/uploads\/2019\/12\/logomio.png","width":115,"height":82,"caption":"MioMio Run"},"image":{"@id":"https:\/\/www.miomiorun.com\/fr\/#\/schema\/logo\/image\/"},"sameAs":["https:\/\/www.facebook.com\/miomiorun\/","https:\/\/www.instagram.com\/miomiorun\/"]}]}},"_links":{"self":[{"href":"https:\/\/www.miomiorun.com\/fr\/wp-json\/wp\/v2\/product\/275811","targetHints":{"allow":["GET"]}}],"collection":[{"href":"https:\/\/www.miomiorun.com\/fr\/wp-json\/wp\/v2\/product"}],"about":[{"href":"https:\/\/www.miomiorun.com\/fr\/wp-json\/wp\/v2\/types\/product"}],"wp:featuredmedia":[{"embeddable":true,"href":"https:\/\/www.miomiorun.com\/fr\/wp-json\/wp\/v2\/media\/230413"}],"wp:attachment":[{"href":"https:\/\/www.miomiorun.com\/fr\/wp-json\/wp\/v2\/media?parent=275811"}],"wp:term":[{"taxonomy":"product_brand","embeddable":true,"href":"https:\/\/www.miomiorun.com\/fr\/wp-json\/wp\/v2\/product_brand?post=275811"},{"taxonomy":"product_cat","embeddable":true,"href":"https:\/\/www.miomiorun.com\/fr\/wp-json\/wp\/v2\/product_cat?post=275811"},{"taxonomy":"product_tag","embeddable":true,"href":"https:\/\/www.miomiorun.com\/fr\/wp-json\/wp\/v2\/product_tag?post=275811"}],"curies":[{"name":"wp","href":"https:\/\/api.w.org\/{rel}","templated":true}]}}