{"id":275805,"date":"2020-09-02T10:22:12","date_gmt":"2020-09-02T08:22:12","guid":{"rendered":"https:\/\/miomiorun.com\/prodotto\/craft-lithe-vest-uomo\/"},"modified":"2026-01-21T11:32:11","modified_gmt":"2026-01-21T10:32:11","slug":"craft-lithe-vest-homme","status":"publish","type":"product","link":"https:\/\/www.miomiorun.com\/fr\/produit\/craft-lithe-vest-homme\/","title":{"rendered":"Lithe Vest homme"},"content":{"rendered":"<p>Gilet ultra-l\u00e9ger avec devant coupe-vent et dos en maille \u00e9lastique.<\/p>\n<p>Avec le gilet ultra-l\u00e9ger Lithe (37 g\/m\u00b2) dans votre poche arri\u00e8re, vous \u00eates toujours pr\u00eat \u00e0 vous adapter rapidement aux conditions m\u00e9t\u00e9orologiques changeantes. Le gilet est dot\u00e9 d&#8217;un devant coupe-vent et d&#8217;un dos en maille \u00e9lastique pour une ventilation optimale. Imprim\u00e9 r\u00e9fl\u00e9chissant \u00e0 l&#8217;avant et \u00e0 l&#8217;arri\u00e8re. Se range facilement dans la poche arri\u00e8re du maillot.<\/p>\n<p>\u2022 Tissu ultra-l\u00e9ger, 37 g\/m\u00b2<br \/>\n\u2022 Tissu coupe-vent et trait\u00e9 DWR<br \/>\n\u2022 Polaire bross\u00e9e \u00e0 l&#8217;int\u00e9rieur du col<br \/>\n\u2022 \u00c9lastique \u00e0 l&#8217;ourlet inf\u00e9rieur<\/p>\n<h2>Caract\u00e9ristiques du produit<\/h2>\n<h4>Tissu<\/h4>\n<p>Tissu 1 : 100 % polyester. Tissu 2 : 90 % polyamide, 10 % \u00e9lasthanne<\/p>\n<h4>Protection contre le vent<\/h4>\n<p>Tissu coupe-vent qui vous garde au chaud par temps frais et venteux.<\/p>\n<h4>Hydrofuge<\/h4>\n<p>Tissu hydrofuge qui vous garde au sec par temps l\u00e9g\u00e8rement pluvieux et humide.<\/p>\n<h4>Compressible<\/h4>\n<p>Facile \u00e0 compresser et \u00e0 ranger dans de petits espaces (poches) lorsque vous voyagez.<\/p>\n","protected":false},"excerpt":{"rendered":"<p>Gilet ultra-l\u00e9ger avec devant coupe-vent et dos en maille \u00e9lastique. Avec le gilet ultra-l\u00e9ger Lithe (37 g\/m\u00b2) dans votre poche arri\u00e8re, vous \u00eates toujours pr\u00eat \u00e0 vous adapter rapidement aux conditions m\u00e9t\u00e9orologiques changeantes. Le gilet est dot\u00e9 d&#8217;un devant coupe-vent et d&#8217;un dos en maille \u00e9lastique pour une ventilation optimale. Imprim\u00e9 r\u00e9fl\u00e9chissant \u00e0 l&#8217;avant et &hellip; <a href=\"https:\/\/www.miomiorun.com\/fr\/produit\/craft-lithe-vest-homme\/\">Continued<\/a><\/p>\n","protected":false},"featured_media":230421,"template":"","meta":{"_acf_changed":false,"inline_featured_image":false},"product_brand":[],"product_cat":[24480,24482,24484],"product_tag":[23554,23647],"class_list":{"0":"post-275805","1":"product","2":"type-product","3":"status-publish","4":"has-post-thumbnail","6":"product_cat-vestes-fr-2","7":"product_cat-vetements-pour-hommes-fr","8":"product_cat-homme","9":"product_tag-craft-fr","10":"product_tag-craft-homme","11":"pa_attivita-marcher","12":"pa_attivita-running-fr","13":"pa_marca-craft-fr","14":"pa_sesso-homme","15":"pa_size-medium-fr","17":"first","18":"instock","19":"taxable","20":"shipping-taxable","21":"purchasable","22":"product-type-variable","23":"wvs-archive-product-wrapper"},"acf":[],"yoast_head":"<!-- This site is optimized with the Yoast SEO plugin v26.8 - https:\/\/yoast.com\/product\/yoast-seo-wordpress\/ -->\n<title>Craft Lithe Vest homme - Veste de course - MioMioRun.com<\/title>\n<meta name=\"description\" content=\"Avec la veste sans manches Lithe ultral\u00e9g\u00e8re dans votre poche arri\u00e8re, vous \u00eates toujours pr\u00eat \u00e0 vous adapter rapidement aux conditions m\u00e9t\u00e9orologiques changeantes.\" \/>\n<meta name=\"robots\" content=\"index, follow, max-snippet:-1, max-image-preview:large, max-video-preview:-1\" \/>\n<link rel=\"canonical\" href=\"https:\/\/www.miomiorun.com\/fr\/produit\/craft-lithe-vest-homme\/\" \/>\n<meta property=\"og:locale\" content=\"fr_FR\" \/>\n<meta property=\"og:type\" content=\"article\" \/>\n<meta property=\"og:title\" content=\"Craft Lithe Vest homme - Veste de course - MioMioRun.com\" \/>\n<meta property=\"og:description\" content=\"Avec la veste sans manches Lithe ultral\u00e9g\u00e8re dans votre poche arri\u00e8re, vous \u00eates toujours pr\u00eat \u00e0 vous adapter rapidement aux conditions m\u00e9t\u00e9orologiques changeantes.\" \/>\n<meta property=\"og:url\" content=\"https:\/\/www.miomiorun.com\/fr\/produit\/craft-lithe-vest-homme\/\" \/>\n<meta property=\"og:site_name\" content=\"MioMioRun\" \/>\n<meta property=\"article:publisher\" content=\"https:\/\/www.facebook.com\/miomiorun\/\" \/>\n<meta property=\"article:modified_time\" content=\"2026-01-21T10:32:11+00:00\" \/>\n<meta property=\"og:image\" content=\"https:\/\/www.miomiorun.com\/app\/uploads\/2020\/09\/Lithe-vest-flumino-1906087-851999.jpg\" \/>\n\t<meta property=\"og:image:width\" content=\"600\" \/>\n\t<meta property=\"og:image:height\" content=\"600\" \/>\n\t<meta property=\"og:image:type\" content=\"image\/jpeg\" \/>\n<meta name=\"twitter:card\" content=\"summary_large_image\" \/>\n<meta name=\"twitter:label1\" content=\"Est. reading time\" \/>\n\t<meta name=\"twitter:data1\" content=\"1 minute\" \/>\n<script type=\"application\/ld+json\" class=\"yoast-schema-graph\">{\"@context\":\"https:\/\/schema.org\",\"@graph\":[{\"@type\":\"WebPage\",\"@id\":\"https:\/\/www.miomiorun.com\/fr\/produit\/craft-lithe-vest-homme\/\",\"url\":\"https:\/\/www.miomiorun.com\/fr\/produit\/craft-lithe-vest-homme\/\",\"name\":\"Craft Lithe Vest homme - Veste de course - MioMioRun.com\",\"isPartOf\":{\"@id\":\"https:\/\/www.miomiorun.com\/fr\/#website\"},\"primaryImageOfPage\":{\"@id\":\"https:\/\/www.miomiorun.com\/fr\/produit\/craft-lithe-vest-homme\/#primaryimage\"},\"image\":{\"@id\":\"https:\/\/www.miomiorun.com\/fr\/produit\/craft-lithe-vest-homme\/#primaryimage\"},\"thumbnailUrl\":\"https:\/\/www.miomiorun.com\/app\/uploads\/2020\/09\/Lithe-vest-flumino-1906087-851999.jpg\",\"datePublished\":\"2020-09-02T08:22:12+00:00\",\"dateModified\":\"2026-01-21T10:32:11+00:00\",\"description\":\"Avec la veste sans manches Lithe ultral\u00e9g\u00e8re dans votre poche arri\u00e8re, vous \u00eates toujours pr\u00eat \u00e0 vous adapter rapidement aux conditions m\u00e9t\u00e9orologiques changeantes.\",\"breadcrumb\":{\"@id\":\"https:\/\/www.miomiorun.com\/fr\/produit\/craft-lithe-vest-homme\/#breadcrumb\"},\"inLanguage\":\"fr-FR\",\"potentialAction\":[{\"@type\":\"ReadAction\",\"target\":[\"https:\/\/www.miomiorun.com\/fr\/produit\/craft-lithe-vest-homme\/\"]}]},{\"@type\":\"ImageObject\",\"inLanguage\":\"fr-FR\",\"@id\":\"https:\/\/www.miomiorun.com\/fr\/produit\/craft-lithe-vest-homme\/#primaryimage\",\"url\":\"https:\/\/www.miomiorun.com\/app\/uploads\/2020\/09\/Lithe-vest-flumino-1906087-851999.jpg\",\"contentUrl\":\"https:\/\/www.miomiorun.com\/app\/uploads\/2020\/09\/Lithe-vest-flumino-1906087-851999.jpg\",\"width\":600,\"height\":600,\"caption\":\"Lithe-vest-flumino-1906087-851999\"},{\"@type\":\"BreadcrumbList\",\"@id\":\"https:\/\/www.miomiorun.com\/fr\/produit\/craft-lithe-vest-homme\/#breadcrumb\",\"itemListElement\":[{\"@type\":\"ListItem\",\"position\":1,\"name\":\"Home\",\"item\":\"https:\/\/www.miomiorun.com\/fr\/home-page\/\"},{\"@type\":\"ListItem\",\"position\":2,\"name\":\"Shop\",\"item\":\"https:\/\/www.miomiorun.com\/shop\/\"},{\"@type\":\"ListItem\",\"position\":3,\"name\":\"Lithe Vest homme\"}]},{\"@type\":\"WebSite\",\"@id\":\"https:\/\/www.miomiorun.com\/fr\/#website\",\"url\":\"https:\/\/www.miomiorun.com\/fr\/\",\"name\":\"MioMioRun\",\"description\":\"Boutique 100% running et trail\",\"publisher\":{\"@id\":\"https:\/\/www.miomiorun.com\/fr\/#organization\"},\"potentialAction\":[{\"@type\":\"SearchAction\",\"target\":{\"@type\":\"EntryPoint\",\"urlTemplate\":\"https:\/\/www.miomiorun.com\/fr\/?s={search_term_string}\"},\"query-input\":{\"@type\":\"PropertyValueSpecification\",\"valueRequired\":true,\"valueName\":\"search_term_string\"}}],\"inLanguage\":\"fr-FR\"},{\"@type\":\"Organization\",\"@id\":\"https:\/\/www.miomiorun.com\/fr\/#organization\",\"name\":\"MioMio Run\",\"url\":\"https:\/\/www.miomiorun.com\/fr\/\",\"logo\":{\"@type\":\"ImageObject\",\"inLanguage\":\"fr-FR\",\"@id\":\"https:\/\/www.miomiorun.com\/fr\/#\/schema\/logo\/image\/\",\"url\":\"https:\/\/www.miomiorun.com\/app\/uploads\/2019\/12\/logomio.png\",\"contentUrl\":\"https:\/\/www.miomiorun.com\/app\/uploads\/2019\/12\/logomio.png\",\"width\":115,\"height\":82,\"caption\":\"MioMio Run\"},\"image\":{\"@id\":\"https:\/\/www.miomiorun.com\/fr\/#\/schema\/logo\/image\/\"},\"sameAs\":[\"https:\/\/www.facebook.com\/miomiorun\/\",\"https:\/\/www.instagram.com\/miomiorun\/\"]}]}<\/script>\n<!-- \/ Yoast SEO plugin. -->","yoast_head_json":{"title":"Craft Lithe Vest homme - Veste de course - MioMioRun.com","description":"Avec la veste sans manches Lithe ultral\u00e9g\u00e8re dans votre poche arri\u00e8re, vous \u00eates toujours pr\u00eat \u00e0 vous adapter rapidement aux conditions m\u00e9t\u00e9orologiques changeantes.","robots":{"index":"index","follow":"follow","max-snippet":"max-snippet:-1","max-image-preview":"max-image-preview:large","max-video-preview":"max-video-preview:-1"},"canonical":"https:\/\/www.miomiorun.com\/fr\/produit\/craft-lithe-vest-homme\/","og_locale":"fr_FR","og_type":"article","og_title":"Craft Lithe Vest homme - Veste de course - MioMioRun.com","og_description":"Avec la veste sans manches Lithe ultral\u00e9g\u00e8re dans votre poche arri\u00e8re, vous \u00eates toujours pr\u00eat \u00e0 vous adapter rapidement aux conditions m\u00e9t\u00e9orologiques changeantes.","og_url":"https:\/\/www.miomiorun.com\/fr\/produit\/craft-lithe-vest-homme\/","og_site_name":"MioMioRun","article_publisher":"https:\/\/www.facebook.com\/miomiorun\/","article_modified_time":"2026-01-21T10:32:11+00:00","og_image":[{"width":600,"height":600,"url":"https:\/\/www.miomiorun.com\/app\/uploads\/2020\/09\/Lithe-vest-flumino-1906087-851999.jpg","type":"image\/jpeg"}],"twitter_card":"summary_large_image","twitter_misc":{"Est. reading time":"1 minute"},"schema":{"@context":"https:\/\/schema.org","@graph":[{"@type":"WebPage","@id":"https:\/\/www.miomiorun.com\/fr\/produit\/craft-lithe-vest-homme\/","url":"https:\/\/www.miomiorun.com\/fr\/produit\/craft-lithe-vest-homme\/","name":"Craft Lithe Vest homme - Veste de course - MioMioRun.com","isPartOf":{"@id":"https:\/\/www.miomiorun.com\/fr\/#website"},"primaryImageOfPage":{"@id":"https:\/\/www.miomiorun.com\/fr\/produit\/craft-lithe-vest-homme\/#primaryimage"},"image":{"@id":"https:\/\/www.miomiorun.com\/fr\/produit\/craft-lithe-vest-homme\/#primaryimage"},"thumbnailUrl":"https:\/\/www.miomiorun.com\/app\/uploads\/2020\/09\/Lithe-vest-flumino-1906087-851999.jpg","datePublished":"2020-09-02T08:22:12+00:00","dateModified":"2026-01-21T10:32:11+00:00","description":"Avec la veste sans manches Lithe ultral\u00e9g\u00e8re dans votre poche arri\u00e8re, vous \u00eates toujours pr\u00eat \u00e0 vous adapter rapidement aux conditions m\u00e9t\u00e9orologiques changeantes.","breadcrumb":{"@id":"https:\/\/www.miomiorun.com\/fr\/produit\/craft-lithe-vest-homme\/#breadcrumb"},"inLanguage":"fr-FR","potentialAction":[{"@type":"ReadAction","target":["https:\/\/www.miomiorun.com\/fr\/produit\/craft-lithe-vest-homme\/"]}]},{"@type":"ImageObject","inLanguage":"fr-FR","@id":"https:\/\/www.miomiorun.com\/fr\/produit\/craft-lithe-vest-homme\/#primaryimage","url":"https:\/\/www.miomiorun.com\/app\/uploads\/2020\/09\/Lithe-vest-flumino-1906087-851999.jpg","contentUrl":"https:\/\/www.miomiorun.com\/app\/uploads\/2020\/09\/Lithe-vest-flumino-1906087-851999.jpg","width":600,"height":600,"caption":"Lithe-vest-flumino-1906087-851999"},{"@type":"BreadcrumbList","@id":"https:\/\/www.miomiorun.com\/fr\/produit\/craft-lithe-vest-homme\/#breadcrumb","itemListElement":[{"@type":"ListItem","position":1,"name":"Home","item":"https:\/\/www.miomiorun.com\/fr\/home-page\/"},{"@type":"ListItem","position":2,"name":"Shop","item":"https:\/\/www.miomiorun.com\/shop\/"},{"@type":"ListItem","position":3,"name":"Lithe Vest homme"}]},{"@type":"WebSite","@id":"https:\/\/www.miomiorun.com\/fr\/#website","url":"https:\/\/www.miomiorun.com\/fr\/","name":"MioMioRun","description":"Boutique 100% running et trail","publisher":{"@id":"https:\/\/www.miomiorun.com\/fr\/#organization"},"potentialAction":[{"@type":"SearchAction","target":{"@type":"EntryPoint","urlTemplate":"https:\/\/www.miomiorun.com\/fr\/?s={search_term_string}"},"query-input":{"@type":"PropertyValueSpecification","valueRequired":true,"valueName":"search_term_string"}}],"inLanguage":"fr-FR"},{"@type":"Organization","@id":"https:\/\/www.miomiorun.com\/fr\/#organization","name":"MioMio Run","url":"https:\/\/www.miomiorun.com\/fr\/","logo":{"@type":"ImageObject","inLanguage":"fr-FR","@id":"https:\/\/www.miomiorun.com\/fr\/#\/schema\/logo\/image\/","url":"https:\/\/www.miomiorun.com\/app\/uploads\/2019\/12\/logomio.png","contentUrl":"https:\/\/www.miomiorun.com\/app\/uploads\/2019\/12\/logomio.png","width":115,"height":82,"caption":"MioMio Run"},"image":{"@id":"https:\/\/www.miomiorun.com\/fr\/#\/schema\/logo\/image\/"},"sameAs":["https:\/\/www.facebook.com\/miomiorun\/","https:\/\/www.instagram.com\/miomiorun\/"]}]}},"_links":{"self":[{"href":"https:\/\/www.miomiorun.com\/fr\/wp-json\/wp\/v2\/product\/275805","targetHints":{"allow":["GET"]}}],"collection":[{"href":"https:\/\/www.miomiorun.com\/fr\/wp-json\/wp\/v2\/product"}],"about":[{"href":"https:\/\/www.miomiorun.com\/fr\/wp-json\/wp\/v2\/types\/product"}],"wp:featuredmedia":[{"embeddable":true,"href":"https:\/\/www.miomiorun.com\/fr\/wp-json\/wp\/v2\/media\/230421"}],"wp:attachment":[{"href":"https:\/\/www.miomiorun.com\/fr\/wp-json\/wp\/v2\/media?parent=275805"}],"wp:term":[{"taxonomy":"product_brand","embeddable":true,"href":"https:\/\/www.miomiorun.com\/fr\/wp-json\/wp\/v2\/product_brand?post=275805"},{"taxonomy":"product_cat","embeddable":true,"href":"https:\/\/www.miomiorun.com\/fr\/wp-json\/wp\/v2\/product_cat?post=275805"},{"taxonomy":"product_tag","embeddable":true,"href":"https:\/\/www.miomiorun.com\/fr\/wp-json\/wp\/v2\/product_tag?post=275805"}],"curies":[{"name":"wp","href":"https:\/\/api.w.org\/{rel}","templated":true}]}}