{"id":275801,"date":"2020-09-02T10:44:10","date_gmt":"2020-09-02T08:44:10","guid":{"rendered":"https:\/\/miomiorun.com\/prodotto\/craft-active-extreme-2-0-cn-ls-ws-uomo\/"},"modified":"2026-01-21T12:29:03","modified_gmt":"2026-01-21T11:29:03","slug":"craft-active-extreme-2-0-cn-ls-ws-homme","status":"publish","type":"product","link":"https:\/\/www.miomiorun.com\/fr\/produit\/craft-active-extreme-2-0-cn-ls-ws-homme\/","title":{"rendered":"Active Extreme 2.0 CN LS WS homme"},"content":{"rendered":"<p>Active Extreme 2.0 LS Windstopper combine la gestion sup\u00e9rieure de la temp\u00e9rature corporelle et l&#8217;ergonomie d&#8217;Active Extreme 2.0 avec les propri\u00e9t\u00e9s exceptionnelles de protection contre le vent de Gore Windstopper\u00ae. Dot\u00e9 d&#8217;empi\u00e8cements Windstopper dans les zones expos\u00e9es, ce maillot fin et l\u00e9ger offre une excellente protection contre le vent, une bonne respirabilit\u00e9, une \u00e9vacuation de l&#8217;humidit\u00e9 et un confort optimal lors de tout entra\u00eenement dans des conditions froides et venteuses.<\/p>\n<p>Extreme &#8211; Pour les athl\u00e8tes d&#8217;\u00e9lite<\/p>\n<p>\u00c9vacuation de l&#8217;humidit\u00e9 : \u00e9lev\u00e9e<br \/>\nNiveau d&#8217;intensit\u00e9 : \u00e9lev\u00e9<br \/>\nPlage de temp\u00e9rature d&#8217;enregistrement : de -5 \u00baC \u00e0 +10 \u00baC<br \/>\nCoupe : ajust\u00e9e<\/p>\n<h2>Caract\u00e9ristiques du produit<\/h2>\n<h4>Tissu<\/h4>\n<p>Devant : 100 % polyamide Dos : 100 % polyester et membrane ePTFE (polyt\u00e9trafluoro\u00e9thyl\u00e8ne) Empi\u00e8cements lat\u00e9raux : 100 % polyester<\/p>\n<h4>\u00c9vacuation de l&#8217;humidit\u00e9<\/h4>\n<p>\u00c9vacue l&#8217;humidit\u00e9 de la peau vers l&#8217;ext\u00e9rieur du v\u00eatement et vous garde au frais et au sec pendant les entra\u00eenements intenses.<\/p>\n<h4>Protection contre le vent<\/h4>\n<p>Tissu coupe-vent qui vous garde au chaud par temps frais et venteux.<\/p>\n<h4>Soyez actif<\/h4>\n<p>Be Active offre une gestion optimale de la temp\u00e9rature pendant les entra\u00eenements dans des conditions moyennement froides \u00e0 froides.<\/p>\n","protected":false},"excerpt":{"rendered":"<p>Active Extreme 2.0 LS Windstopper combine la gestion sup\u00e9rieure de la temp\u00e9rature corporelle et l&#8217;ergonomie d&#8217;Active Extreme 2.0 avec les propri\u00e9t\u00e9s exceptionnelles de protection contre le vent de Gore Windstopper\u00ae. Dot\u00e9 d&#8217;empi\u00e8cements Windstopper dans les zones expos\u00e9es, ce maillot fin et l\u00e9ger offre une excellente protection contre le vent, une bonne respirabilit\u00e9, une \u00e9vacuation de &hellip; <a href=\"https:\/\/www.miomiorun.com\/fr\/produit\/craft-active-extreme-2-0-cn-ls-ws-homme\/\">Continued<\/a><\/p>\n","protected":false},"featured_media":230427,"template":"","meta":{"_acf_changed":false,"inline_featured_image":false},"product_brand":[],"product_cat":[24479,24482,24484],"product_tag":[23554,23647],"class_list":{"0":"post-275801","1":"product","2":"type-product","3":"status-publish","4":"has-post-thumbnail","6":"product_cat-sous-vetements-fr-2","7":"product_cat-vetements-pour-hommes-fr","8":"product_cat-homme","9":"product_tag-craft-fr","10":"product_tag-craft-homme","11":"pa_attivita-marcher","12":"pa_attivita-outdoor-fr","13":"pa_attivita-running-fr","14":"pa_attivita-trail-fr","15":"pa_marca-craft-fr","16":"pa_sesso-homme","17":"pa_size-small-fr","19":"first","20":"instock","21":"sale","22":"taxable","23":"shipping-taxable","24":"purchasable","25":"product-type-variable","26":"wvs-archive-product-wrapper"},"acf":[],"yoast_head":"<!-- This site is optimized with the Yoast SEO plugin v26.8 - https:\/\/yoast.com\/product\/yoast-seo-wordpress\/ -->\n<title>Craft Active Extreme 2.0 CN LS WS homme - Maillot thermique - MioMioRun<\/title>\n<meta name=\"description\" content=\"Active Extreme 2.0 LS Windstopper combine une gestion sup\u00e9rieure de la temp\u00e9rature corporelle et les propri\u00e9t\u00e9s protectrices exceptionnelles du Gore Windstopper\u00ae.\" \/>\n<meta name=\"robots\" content=\"index, follow, max-snippet:-1, max-image-preview:large, max-video-preview:-1\" \/>\n<link rel=\"canonical\" href=\"https:\/\/www.miomiorun.com\/fr\/produit\/craft-active-extreme-2-0-cn-ls-ws-homme\/\" \/>\n<meta property=\"og:locale\" content=\"fr_FR\" \/>\n<meta property=\"og:type\" content=\"article\" \/>\n<meta property=\"og:title\" content=\"Craft Active Extreme 2.0 CN LS WS homme - Maillot thermique - MioMioRun\" \/>\n<meta property=\"og:description\" content=\"Active Extreme 2.0 LS Windstopper combine une gestion sup\u00e9rieure de la temp\u00e9rature corporelle et les propri\u00e9t\u00e9s protectrices exceptionnelles du Gore Windstopper\u00ae.\" \/>\n<meta property=\"og:url\" content=\"https:\/\/www.miomiorun.com\/fr\/produit\/craft-active-extreme-2-0-cn-ls-ws-homme\/\" \/>\n<meta property=\"og:site_name\" content=\"MioMioRun\" \/>\n<meta property=\"article:publisher\" content=\"https:\/\/www.facebook.com\/miomiorun\/\" \/>\n<meta property=\"article:modified_time\" content=\"2026-01-21T11:29:03+00:00\" \/>\n<meta property=\"og:image\" content=\"https:\/\/www.miomiorun.com\/app\/uploads\/2020\/09\/Active-extreme-2.0-CN-LS-WS-1904505-9999.jpg\" \/>\n\t<meta property=\"og:image:width\" content=\"600\" \/>\n\t<meta property=\"og:image:height\" content=\"600\" \/>\n\t<meta property=\"og:image:type\" content=\"image\/jpeg\" \/>\n<meta name=\"twitter:card\" content=\"summary_large_image\" \/>\n<meta name=\"twitter:label1\" content=\"Est. reading time\" \/>\n\t<meta name=\"twitter:data1\" content=\"1 minute\" \/>\n<script type=\"application\/ld+json\" class=\"yoast-schema-graph\">{\"@context\":\"https:\/\/schema.org\",\"@graph\":[{\"@type\":\"WebPage\",\"@id\":\"https:\/\/www.miomiorun.com\/fr\/produit\/craft-active-extreme-2-0-cn-ls-ws-homme\/\",\"url\":\"https:\/\/www.miomiorun.com\/fr\/produit\/craft-active-extreme-2-0-cn-ls-ws-homme\/\",\"name\":\"Craft Active Extreme 2.0 CN LS WS homme - Maillot thermique - MioMioRun\",\"isPartOf\":{\"@id\":\"https:\/\/www.miomiorun.com\/fr\/#website\"},\"primaryImageOfPage\":{\"@id\":\"https:\/\/www.miomiorun.com\/fr\/produit\/craft-active-extreme-2-0-cn-ls-ws-homme\/#primaryimage\"},\"image\":{\"@id\":\"https:\/\/www.miomiorun.com\/fr\/produit\/craft-active-extreme-2-0-cn-ls-ws-homme\/#primaryimage\"},\"thumbnailUrl\":\"https:\/\/www.miomiorun.com\/app\/uploads\/2020\/09\/Active-extreme-2.0-CN-LS-WS-1904505-9999.jpg\",\"datePublished\":\"2020-09-02T08:44:10+00:00\",\"dateModified\":\"2026-01-21T11:29:03+00:00\",\"description\":\"Active Extreme 2.0 LS Windstopper combine une gestion sup\u00e9rieure de la temp\u00e9rature corporelle et les propri\u00e9t\u00e9s protectrices exceptionnelles du Gore Windstopper\u00ae.\",\"breadcrumb\":{\"@id\":\"https:\/\/www.miomiorun.com\/fr\/produit\/craft-active-extreme-2-0-cn-ls-ws-homme\/#breadcrumb\"},\"inLanguage\":\"fr-FR\",\"potentialAction\":[{\"@type\":\"ReadAction\",\"target\":[\"https:\/\/www.miomiorun.com\/fr\/produit\/craft-active-extreme-2-0-cn-ls-ws-homme\/\"]}]},{\"@type\":\"ImageObject\",\"inLanguage\":\"fr-FR\",\"@id\":\"https:\/\/www.miomiorun.com\/fr\/produit\/craft-active-extreme-2-0-cn-ls-ws-homme\/#primaryimage\",\"url\":\"https:\/\/www.miomiorun.com\/app\/uploads\/2020\/09\/Active-extreme-2.0-CN-LS-WS-1904505-9999.jpg\",\"contentUrl\":\"https:\/\/www.miomiorun.com\/app\/uploads\/2020\/09\/Active-extreme-2.0-CN-LS-WS-1904505-9999.jpg\",\"width\":600,\"height\":600,\"caption\":\"Active-extreme-2.0-CN-LS-WS-1904505-9999\"},{\"@type\":\"BreadcrumbList\",\"@id\":\"https:\/\/www.miomiorun.com\/fr\/produit\/craft-active-extreme-2-0-cn-ls-ws-homme\/#breadcrumb\",\"itemListElement\":[{\"@type\":\"ListItem\",\"position\":1,\"name\":\"Home\",\"item\":\"https:\/\/www.miomiorun.com\/fr\/home-page\/\"},{\"@type\":\"ListItem\",\"position\":2,\"name\":\"Shop\",\"item\":\"https:\/\/www.miomiorun.com\/shop\/\"},{\"@type\":\"ListItem\",\"position\":3,\"name\":\"Active Extreme 2.0 CN LS WS homme\"}]},{\"@type\":\"WebSite\",\"@id\":\"https:\/\/www.miomiorun.com\/fr\/#website\",\"url\":\"https:\/\/www.miomiorun.com\/fr\/\",\"name\":\"MioMioRun\",\"description\":\"Boutique 100% running et trail\",\"publisher\":{\"@id\":\"https:\/\/www.miomiorun.com\/fr\/#organization\"},\"potentialAction\":[{\"@type\":\"SearchAction\",\"target\":{\"@type\":\"EntryPoint\",\"urlTemplate\":\"https:\/\/www.miomiorun.com\/fr\/?s={search_term_string}\"},\"query-input\":{\"@type\":\"PropertyValueSpecification\",\"valueRequired\":true,\"valueName\":\"search_term_string\"}}],\"inLanguage\":\"fr-FR\"},{\"@type\":\"Organization\",\"@id\":\"https:\/\/www.miomiorun.com\/fr\/#organization\",\"name\":\"MioMio Run\",\"url\":\"https:\/\/www.miomiorun.com\/fr\/\",\"logo\":{\"@type\":\"ImageObject\",\"inLanguage\":\"fr-FR\",\"@id\":\"https:\/\/www.miomiorun.com\/fr\/#\/schema\/logo\/image\/\",\"url\":\"https:\/\/www.miomiorun.com\/app\/uploads\/2019\/12\/logomio.png\",\"contentUrl\":\"https:\/\/www.miomiorun.com\/app\/uploads\/2019\/12\/logomio.png\",\"width\":115,\"height\":82,\"caption\":\"MioMio Run\"},\"image\":{\"@id\":\"https:\/\/www.miomiorun.com\/fr\/#\/schema\/logo\/image\/\"},\"sameAs\":[\"https:\/\/www.facebook.com\/miomiorun\/\",\"https:\/\/www.instagram.com\/miomiorun\/\"]}]}<\/script>\n<!-- \/ Yoast SEO plugin. -->","yoast_head_json":{"title":"Craft Active Extreme 2.0 CN LS WS homme - Maillot thermique - MioMioRun","description":"Active Extreme 2.0 LS Windstopper combine une gestion sup\u00e9rieure de la temp\u00e9rature corporelle et les propri\u00e9t\u00e9s protectrices exceptionnelles du Gore Windstopper\u00ae.","robots":{"index":"index","follow":"follow","max-snippet":"max-snippet:-1","max-image-preview":"max-image-preview:large","max-video-preview":"max-video-preview:-1"},"canonical":"https:\/\/www.miomiorun.com\/fr\/produit\/craft-active-extreme-2-0-cn-ls-ws-homme\/","og_locale":"fr_FR","og_type":"article","og_title":"Craft Active Extreme 2.0 CN LS WS homme - Maillot thermique - MioMioRun","og_description":"Active Extreme 2.0 LS Windstopper combine une gestion sup\u00e9rieure de la temp\u00e9rature corporelle et les propri\u00e9t\u00e9s protectrices exceptionnelles du Gore Windstopper\u00ae.","og_url":"https:\/\/www.miomiorun.com\/fr\/produit\/craft-active-extreme-2-0-cn-ls-ws-homme\/","og_site_name":"MioMioRun","article_publisher":"https:\/\/www.facebook.com\/miomiorun\/","article_modified_time":"2026-01-21T11:29:03+00:00","og_image":[{"width":600,"height":600,"url":"https:\/\/www.miomiorun.com\/app\/uploads\/2020\/09\/Active-extreme-2.0-CN-LS-WS-1904505-9999.jpg","type":"image\/jpeg"}],"twitter_card":"summary_large_image","twitter_misc":{"Est. reading time":"1 minute"},"schema":{"@context":"https:\/\/schema.org","@graph":[{"@type":"WebPage","@id":"https:\/\/www.miomiorun.com\/fr\/produit\/craft-active-extreme-2-0-cn-ls-ws-homme\/","url":"https:\/\/www.miomiorun.com\/fr\/produit\/craft-active-extreme-2-0-cn-ls-ws-homme\/","name":"Craft Active Extreme 2.0 CN LS WS homme - Maillot thermique - MioMioRun","isPartOf":{"@id":"https:\/\/www.miomiorun.com\/fr\/#website"},"primaryImageOfPage":{"@id":"https:\/\/www.miomiorun.com\/fr\/produit\/craft-active-extreme-2-0-cn-ls-ws-homme\/#primaryimage"},"image":{"@id":"https:\/\/www.miomiorun.com\/fr\/produit\/craft-active-extreme-2-0-cn-ls-ws-homme\/#primaryimage"},"thumbnailUrl":"https:\/\/www.miomiorun.com\/app\/uploads\/2020\/09\/Active-extreme-2.0-CN-LS-WS-1904505-9999.jpg","datePublished":"2020-09-02T08:44:10+00:00","dateModified":"2026-01-21T11:29:03+00:00","description":"Active Extreme 2.0 LS Windstopper combine une gestion sup\u00e9rieure de la temp\u00e9rature corporelle et les propri\u00e9t\u00e9s protectrices exceptionnelles du Gore Windstopper\u00ae.","breadcrumb":{"@id":"https:\/\/www.miomiorun.com\/fr\/produit\/craft-active-extreme-2-0-cn-ls-ws-homme\/#breadcrumb"},"inLanguage":"fr-FR","potentialAction":[{"@type":"ReadAction","target":["https:\/\/www.miomiorun.com\/fr\/produit\/craft-active-extreme-2-0-cn-ls-ws-homme\/"]}]},{"@type":"ImageObject","inLanguage":"fr-FR","@id":"https:\/\/www.miomiorun.com\/fr\/produit\/craft-active-extreme-2-0-cn-ls-ws-homme\/#primaryimage","url":"https:\/\/www.miomiorun.com\/app\/uploads\/2020\/09\/Active-extreme-2.0-CN-LS-WS-1904505-9999.jpg","contentUrl":"https:\/\/www.miomiorun.com\/app\/uploads\/2020\/09\/Active-extreme-2.0-CN-LS-WS-1904505-9999.jpg","width":600,"height":600,"caption":"Active-extreme-2.0-CN-LS-WS-1904505-9999"},{"@type":"BreadcrumbList","@id":"https:\/\/www.miomiorun.com\/fr\/produit\/craft-active-extreme-2-0-cn-ls-ws-homme\/#breadcrumb","itemListElement":[{"@type":"ListItem","position":1,"name":"Home","item":"https:\/\/www.miomiorun.com\/fr\/home-page\/"},{"@type":"ListItem","position":2,"name":"Shop","item":"https:\/\/www.miomiorun.com\/shop\/"},{"@type":"ListItem","position":3,"name":"Active Extreme 2.0 CN LS WS homme"}]},{"@type":"WebSite","@id":"https:\/\/www.miomiorun.com\/fr\/#website","url":"https:\/\/www.miomiorun.com\/fr\/","name":"MioMioRun","description":"Boutique 100% running et trail","publisher":{"@id":"https:\/\/www.miomiorun.com\/fr\/#organization"},"potentialAction":[{"@type":"SearchAction","target":{"@type":"EntryPoint","urlTemplate":"https:\/\/www.miomiorun.com\/fr\/?s={search_term_string}"},"query-input":{"@type":"PropertyValueSpecification","valueRequired":true,"valueName":"search_term_string"}}],"inLanguage":"fr-FR"},{"@type":"Organization","@id":"https:\/\/www.miomiorun.com\/fr\/#organization","name":"MioMio Run","url":"https:\/\/www.miomiorun.com\/fr\/","logo":{"@type":"ImageObject","inLanguage":"fr-FR","@id":"https:\/\/www.miomiorun.com\/fr\/#\/schema\/logo\/image\/","url":"https:\/\/www.miomiorun.com\/app\/uploads\/2019\/12\/logomio.png","contentUrl":"https:\/\/www.miomiorun.com\/app\/uploads\/2019\/12\/logomio.png","width":115,"height":82,"caption":"MioMio Run"},"image":{"@id":"https:\/\/www.miomiorun.com\/fr\/#\/schema\/logo\/image\/"},"sameAs":["https:\/\/www.facebook.com\/miomiorun\/","https:\/\/www.instagram.com\/miomiorun\/"]}]}},"_links":{"self":[{"href":"https:\/\/www.miomiorun.com\/fr\/wp-json\/wp\/v2\/product\/275801","targetHints":{"allow":["GET"]}}],"collection":[{"href":"https:\/\/www.miomiorun.com\/fr\/wp-json\/wp\/v2\/product"}],"about":[{"href":"https:\/\/www.miomiorun.com\/fr\/wp-json\/wp\/v2\/types\/product"}],"wp:featuredmedia":[{"embeddable":true,"href":"https:\/\/www.miomiorun.com\/fr\/wp-json\/wp\/v2\/media\/230427"}],"wp:attachment":[{"href":"https:\/\/www.miomiorun.com\/fr\/wp-json\/wp\/v2\/media?parent=275801"}],"wp:term":[{"taxonomy":"product_brand","embeddable":true,"href":"https:\/\/www.miomiorun.com\/fr\/wp-json\/wp\/v2\/product_brand?post=275801"},{"taxonomy":"product_cat","embeddable":true,"href":"https:\/\/www.miomiorun.com\/fr\/wp-json\/wp\/v2\/product_cat?post=275801"},{"taxonomy":"product_tag","embeddable":true,"href":"https:\/\/www.miomiorun.com\/fr\/wp-json\/wp\/v2\/product_tag?post=275801"}],"curies":[{"name":"wp","href":"https:\/\/api.w.org\/{rel}","templated":true}]}}