{"id":275799,"date":"2020-09-02T11:36:06","date_gmt":"2020-09-02T09:36:06","guid":{"rendered":"https:\/\/miomiorun.com\/prodotto\/garmin-clip-per-ricarica-forerunner\/"},"modified":"2026-01-23T18:59:21","modified_gmt":"2026-01-23T17:59:21","slug":"garmin-clip-de-recharge-forerunner","status":"publish","type":"product","link":"https:\/\/www.miomiorun.com\/fr\/produit\/garmin-clip-de-recharge-forerunner\/","title":{"rendered":"Clip de recharge Forerunner"},"content":{"rendered":"<p>Gr\u00e2ce au connecteur de recharge\/transfert de donn\u00e9es, vous disposez de deux c\u00e2bles en un. Branchez le c\u00e2ble au port USB de votre ordinateur pour recharger votre appareil compatible et transf\u00e9rer des donn\u00e9es vers et depuis votre ordinateur. Ce c\u00e2ble peut \u00e9galement \u00eatre associ\u00e9 \u00e0 un adaptateur secteur en option (vendu s\u00e9par\u00e9ment).<\/p>\n<p>APPAREILS COMPATIBLES<\/p>\n<div class=\"app__tabs__content__wrap js__app__tabs__content\">\n<div class=\"app__render-content\">\n<div>\n<ul class=\"app__product__list\">\n<li class=\"app__product__list__item\"><span class=\"app__product__list__item__content\">&nbsp;Approach\u00ae G10 <\/span><\/li>\n<li class=\"app__product__list__item\"><span class=\"app__product__list__item__content\">&nbsp;Approach\u00ae S20 <\/span><\/li>\n<li class=\"app__product__list__item\"><span class=\"app__product__list__item__content\">&nbsp;Ensemble Approach S20 et CT10 <\/span><\/li>\n<li class=\"app__product__list__item\"><span class=\"app__product__list__item__content\">&nbsp;Forerunner\u00ae 230 <\/span><\/li>\n<li class=\"app__product__list__item\"><span class=\"app__product__list__item__content\">&nbsp;Forerunner\u00ae 235 <\/span><\/li>\n<li class=\"app__product__list__item\"><span class=\"app__product__list__item__content\">&nbsp;Forerunner\u00ae 30 <\/span><\/li>\n<li class=\"app__product__list__item\"><span class=\"app__product__list__item__content\">&nbsp;Forerunner\u00ae 35 <\/span><\/li>\n<li class=\"app__product__list__item\"><span class=\"app__product__list__item__content\">&nbsp;Forerunner\u00ae 630 <\/span><\/li>\n<li class=\"app__product__list__item\"><span class=\"app__product__list__item__content\">&nbsp;Forerunner\u00ae 645 <\/span><\/li>\n<li class=\"app__product__list__item\"><span class=\"app__product__list__item__content\">&nbsp;Forerunner\u00ae 645 Music <\/span><\/li>\n<li class=\"app__product__list__item\"><span class=\"app__product__list__item__content\">&nbsp;Forerunner\u00ae 735XT <\/span><\/li>\n<li class=\"app__product__list__item\"><span class=\"app__product__list__item__content\">&nbsp;v\u00edvomove\u00ae HR <\/span><\/li>\n<\/ul>\n<\/div>\n<\/div>\n<\/div>\n<p>&nbsp;<\/p>\n","protected":false},"excerpt":{"rendered":"<p>Gr\u00e2ce au connecteur de recharge\/transfert de donn\u00e9es, vous disposez de deux c\u00e2bles en un. Branchez le c\u00e2ble au port USB de votre ordinateur pour recharger votre appareil compatible et transf\u00e9rer des donn\u00e9es vers et depuis votre ordinateur. Ce c\u00e2ble peut \u00e9galement \u00eatre associ\u00e9 \u00e0 un adaptateur secteur en option (vendu s\u00e9par\u00e9ment). APPAREILS COMPATIBLES &nbsp;Approach\u00ae G10 &hellip; <a href=\"https:\/\/www.miomiorun.com\/fr\/produit\/garmin-clip-de-recharge-forerunner\/\">Continued<\/a><\/p>\n","protected":false},"featured_media":230431,"template":"","meta":{"_acf_changed":false,"inline_featured_image":false},"product_brand":[],"product_cat":[22537,22566],"product_tag":[23480],"class_list":{"0":"post-275799","1":"product","2":"type-product","3":"status-publish","4":"has-post-thumbnail","6":"product_cat-garmin-fr","7":"product_cat-accessoires-fr","8":"product_tag-garmin-fr","10":"first","11":"outofstock","12":"taxable","13":"shipping-taxable","14":"purchasable","15":"product-type-simple"},"acf":[],"yoast_head":"<!-- This site is optimized with the Yoast SEO plugin v26.8 - https:\/\/yoast.com\/product\/yoast-seo-wordpress\/ -->\n<title>Garmin Clip de recharge Forerunner - accessoires Garmin - MioMioRun<\/title>\n<meta name=\"description\" content=\"Connectez le c\u00e2ble Garmin au port USB de votre ordinateur pour recharger votre appareil compatible et transf\u00e9rer des donn\u00e9es vers et depuis votre ordinateur.\" \/>\n<meta name=\"robots\" content=\"index, follow, max-snippet:-1, max-image-preview:large, max-video-preview:-1\" \/>\n<link rel=\"canonical\" href=\"https:\/\/www.miomiorun.com\/fr\/produit\/garmin-clip-de-recharge-forerunner\/\" \/>\n<meta property=\"og:locale\" content=\"fr_FR\" \/>\n<meta property=\"og:type\" content=\"article\" \/>\n<meta property=\"og:title\" content=\"Garmin Clip de recharge Forerunner - accessoires Garmin - MioMioRun\" \/>\n<meta property=\"og:description\" content=\"Connectez le c\u00e2ble Garmin au port USB de votre ordinateur pour recharger votre appareil compatible et transf\u00e9rer des donn\u00e9es vers et depuis votre ordinateur.\" \/>\n<meta property=\"og:url\" content=\"https:\/\/www.miomiorun.com\/fr\/produit\/garmin-clip-de-recharge-forerunner\/\" \/>\n<meta property=\"og:site_name\" content=\"MioMioRun\" \/>\n<meta property=\"article:publisher\" content=\"https:\/\/www.facebook.com\/miomiorun\/\" \/>\n<meta property=\"article:modified_time\" content=\"2026-01-23T17:59:21+00:00\" \/>\n<meta property=\"og:image\" content=\"https:\/\/www.miomiorun.com\/app\/uploads\/2020\/09\/cavo-ricarica-forerunner.jpg\" \/>\n\t<meta property=\"og:image:width\" content=\"600\" \/>\n\t<meta property=\"og:image:height\" content=\"600\" \/>\n\t<meta property=\"og:image:type\" content=\"image\/jpeg\" \/>\n<meta name=\"twitter:card\" content=\"summary_large_image\" \/>\n<script type=\"application\/ld+json\" class=\"yoast-schema-graph\">{\"@context\":\"https:\/\/schema.org\",\"@graph\":[{\"@type\":\"WebPage\",\"@id\":\"https:\/\/www.miomiorun.com\/fr\/produit\/garmin-clip-de-recharge-forerunner\/\",\"url\":\"https:\/\/www.miomiorun.com\/fr\/produit\/garmin-clip-de-recharge-forerunner\/\",\"name\":\"Garmin Clip de recharge Forerunner - accessoires Garmin - MioMioRun\",\"isPartOf\":{\"@id\":\"https:\/\/www.miomiorun.com\/fr\/#website\"},\"primaryImageOfPage\":{\"@id\":\"https:\/\/www.miomiorun.com\/fr\/produit\/garmin-clip-de-recharge-forerunner\/#primaryimage\"},\"image\":{\"@id\":\"https:\/\/www.miomiorun.com\/fr\/produit\/garmin-clip-de-recharge-forerunner\/#primaryimage\"},\"thumbnailUrl\":\"https:\/\/www.miomiorun.com\/app\/uploads\/2020\/09\/cavo-ricarica-forerunner.jpg\",\"datePublished\":\"2020-09-02T09:36:06+00:00\",\"dateModified\":\"2026-01-23T17:59:21+00:00\",\"description\":\"Connectez le c\u00e2ble Garmin au port USB de votre ordinateur pour recharger votre appareil compatible et transf\u00e9rer des donn\u00e9es vers et depuis votre ordinateur.\",\"breadcrumb\":{\"@id\":\"https:\/\/www.miomiorun.com\/fr\/produit\/garmin-clip-de-recharge-forerunner\/#breadcrumb\"},\"inLanguage\":\"fr-FR\",\"potentialAction\":[{\"@type\":\"ReadAction\",\"target\":[\"https:\/\/www.miomiorun.com\/fr\/produit\/garmin-clip-de-recharge-forerunner\/\"]}]},{\"@type\":\"ImageObject\",\"inLanguage\":\"fr-FR\",\"@id\":\"https:\/\/www.miomiorun.com\/fr\/produit\/garmin-clip-de-recharge-forerunner\/#primaryimage\",\"url\":\"https:\/\/www.miomiorun.com\/app\/uploads\/2020\/09\/cavo-ricarica-forerunner.jpg\",\"contentUrl\":\"https:\/\/www.miomiorun.com\/app\/uploads\/2020\/09\/cavo-ricarica-forerunner.jpg\",\"width\":600,\"height\":600,\"caption\":\"cavo-ricarica-forerunner\"},{\"@type\":\"BreadcrumbList\",\"@id\":\"https:\/\/www.miomiorun.com\/fr\/produit\/garmin-clip-de-recharge-forerunner\/#breadcrumb\",\"itemListElement\":[{\"@type\":\"ListItem\",\"position\":1,\"name\":\"Home\",\"item\":\"https:\/\/www.miomiorun.com\/fr\/home-page\/\"},{\"@type\":\"ListItem\",\"position\":2,\"name\":\"Shop\",\"item\":\"https:\/\/www.miomiorun.com\/shop\/\"},{\"@type\":\"ListItem\",\"position\":3,\"name\":\"Clip de recharge Forerunner\"}]},{\"@type\":\"WebSite\",\"@id\":\"https:\/\/www.miomiorun.com\/fr\/#website\",\"url\":\"https:\/\/www.miomiorun.com\/fr\/\",\"name\":\"MioMioRun\",\"description\":\"Boutique 100% running et trail\",\"publisher\":{\"@id\":\"https:\/\/www.miomiorun.com\/fr\/#organization\"},\"potentialAction\":[{\"@type\":\"SearchAction\",\"target\":{\"@type\":\"EntryPoint\",\"urlTemplate\":\"https:\/\/www.miomiorun.com\/fr\/?s={search_term_string}\"},\"query-input\":{\"@type\":\"PropertyValueSpecification\",\"valueRequired\":true,\"valueName\":\"search_term_string\"}}],\"inLanguage\":\"fr-FR\"},{\"@type\":\"Organization\",\"@id\":\"https:\/\/www.miomiorun.com\/fr\/#organization\",\"name\":\"MioMio Run\",\"url\":\"https:\/\/www.miomiorun.com\/fr\/\",\"logo\":{\"@type\":\"ImageObject\",\"inLanguage\":\"fr-FR\",\"@id\":\"https:\/\/www.miomiorun.com\/fr\/#\/schema\/logo\/image\/\",\"url\":\"https:\/\/www.miomiorun.com\/app\/uploads\/2019\/12\/logomio.png\",\"contentUrl\":\"https:\/\/www.miomiorun.com\/app\/uploads\/2019\/12\/logomio.png\",\"width\":115,\"height\":82,\"caption\":\"MioMio Run\"},\"image\":{\"@id\":\"https:\/\/www.miomiorun.com\/fr\/#\/schema\/logo\/image\/\"},\"sameAs\":[\"https:\/\/www.facebook.com\/miomiorun\/\",\"https:\/\/www.instagram.com\/miomiorun\/\"]}]}<\/script>\n<!-- \/ Yoast SEO plugin. -->","yoast_head_json":{"title":"Garmin Clip de recharge Forerunner - accessoires Garmin - MioMioRun","description":"Connectez le c\u00e2ble Garmin au port USB de votre ordinateur pour recharger votre appareil compatible et transf\u00e9rer des donn\u00e9es vers et depuis votre ordinateur.","robots":{"index":"index","follow":"follow","max-snippet":"max-snippet:-1","max-image-preview":"max-image-preview:large","max-video-preview":"max-video-preview:-1"},"canonical":"https:\/\/www.miomiorun.com\/fr\/produit\/garmin-clip-de-recharge-forerunner\/","og_locale":"fr_FR","og_type":"article","og_title":"Garmin Clip de recharge Forerunner - accessoires Garmin - MioMioRun","og_description":"Connectez le c\u00e2ble Garmin au port USB de votre ordinateur pour recharger votre appareil compatible et transf\u00e9rer des donn\u00e9es vers et depuis votre ordinateur.","og_url":"https:\/\/www.miomiorun.com\/fr\/produit\/garmin-clip-de-recharge-forerunner\/","og_site_name":"MioMioRun","article_publisher":"https:\/\/www.facebook.com\/miomiorun\/","article_modified_time":"2026-01-23T17:59:21+00:00","og_image":[{"width":600,"height":600,"url":"https:\/\/www.miomiorun.com\/app\/uploads\/2020\/09\/cavo-ricarica-forerunner.jpg","type":"image\/jpeg"}],"twitter_card":"summary_large_image","schema":{"@context":"https:\/\/schema.org","@graph":[{"@type":"WebPage","@id":"https:\/\/www.miomiorun.com\/fr\/produit\/garmin-clip-de-recharge-forerunner\/","url":"https:\/\/www.miomiorun.com\/fr\/produit\/garmin-clip-de-recharge-forerunner\/","name":"Garmin Clip de recharge Forerunner - accessoires Garmin - MioMioRun","isPartOf":{"@id":"https:\/\/www.miomiorun.com\/fr\/#website"},"primaryImageOfPage":{"@id":"https:\/\/www.miomiorun.com\/fr\/produit\/garmin-clip-de-recharge-forerunner\/#primaryimage"},"image":{"@id":"https:\/\/www.miomiorun.com\/fr\/produit\/garmin-clip-de-recharge-forerunner\/#primaryimage"},"thumbnailUrl":"https:\/\/www.miomiorun.com\/app\/uploads\/2020\/09\/cavo-ricarica-forerunner.jpg","datePublished":"2020-09-02T09:36:06+00:00","dateModified":"2026-01-23T17:59:21+00:00","description":"Connectez le c\u00e2ble Garmin au port USB de votre ordinateur pour recharger votre appareil compatible et transf\u00e9rer des donn\u00e9es vers et depuis votre ordinateur.","breadcrumb":{"@id":"https:\/\/www.miomiorun.com\/fr\/produit\/garmin-clip-de-recharge-forerunner\/#breadcrumb"},"inLanguage":"fr-FR","potentialAction":[{"@type":"ReadAction","target":["https:\/\/www.miomiorun.com\/fr\/produit\/garmin-clip-de-recharge-forerunner\/"]}]},{"@type":"ImageObject","inLanguage":"fr-FR","@id":"https:\/\/www.miomiorun.com\/fr\/produit\/garmin-clip-de-recharge-forerunner\/#primaryimage","url":"https:\/\/www.miomiorun.com\/app\/uploads\/2020\/09\/cavo-ricarica-forerunner.jpg","contentUrl":"https:\/\/www.miomiorun.com\/app\/uploads\/2020\/09\/cavo-ricarica-forerunner.jpg","width":600,"height":600,"caption":"cavo-ricarica-forerunner"},{"@type":"BreadcrumbList","@id":"https:\/\/www.miomiorun.com\/fr\/produit\/garmin-clip-de-recharge-forerunner\/#breadcrumb","itemListElement":[{"@type":"ListItem","position":1,"name":"Home","item":"https:\/\/www.miomiorun.com\/fr\/home-page\/"},{"@type":"ListItem","position":2,"name":"Shop","item":"https:\/\/www.miomiorun.com\/shop\/"},{"@type":"ListItem","position":3,"name":"Clip de recharge Forerunner"}]},{"@type":"WebSite","@id":"https:\/\/www.miomiorun.com\/fr\/#website","url":"https:\/\/www.miomiorun.com\/fr\/","name":"MioMioRun","description":"Boutique 100% running et trail","publisher":{"@id":"https:\/\/www.miomiorun.com\/fr\/#organization"},"potentialAction":[{"@type":"SearchAction","target":{"@type":"EntryPoint","urlTemplate":"https:\/\/www.miomiorun.com\/fr\/?s={search_term_string}"},"query-input":{"@type":"PropertyValueSpecification","valueRequired":true,"valueName":"search_term_string"}}],"inLanguage":"fr-FR"},{"@type":"Organization","@id":"https:\/\/www.miomiorun.com\/fr\/#organization","name":"MioMio Run","url":"https:\/\/www.miomiorun.com\/fr\/","logo":{"@type":"ImageObject","inLanguage":"fr-FR","@id":"https:\/\/www.miomiorun.com\/fr\/#\/schema\/logo\/image\/","url":"https:\/\/www.miomiorun.com\/app\/uploads\/2019\/12\/logomio.png","contentUrl":"https:\/\/www.miomiorun.com\/app\/uploads\/2019\/12\/logomio.png","width":115,"height":82,"caption":"MioMio Run"},"image":{"@id":"https:\/\/www.miomiorun.com\/fr\/#\/schema\/logo\/image\/"},"sameAs":["https:\/\/www.facebook.com\/miomiorun\/","https:\/\/www.instagram.com\/miomiorun\/"]}]}},"_links":{"self":[{"href":"https:\/\/www.miomiorun.com\/fr\/wp-json\/wp\/v2\/product\/275799","targetHints":{"allow":["GET"]}}],"collection":[{"href":"https:\/\/www.miomiorun.com\/fr\/wp-json\/wp\/v2\/product"}],"about":[{"href":"https:\/\/www.miomiorun.com\/fr\/wp-json\/wp\/v2\/types\/product"}],"wp:featuredmedia":[{"embeddable":true,"href":"https:\/\/www.miomiorun.com\/fr\/wp-json\/wp\/v2\/media\/230431"}],"wp:attachment":[{"href":"https:\/\/www.miomiorun.com\/fr\/wp-json\/wp\/v2\/media?parent=275799"}],"wp:term":[{"taxonomy":"product_brand","embeddable":true,"href":"https:\/\/www.miomiorun.com\/fr\/wp-json\/wp\/v2\/product_brand?post=275799"},{"taxonomy":"product_cat","embeddable":true,"href":"https:\/\/www.miomiorun.com\/fr\/wp-json\/wp\/v2\/product_cat?post=275799"},{"taxonomy":"product_tag","embeddable":true,"href":"https:\/\/www.miomiorun.com\/fr\/wp-json\/wp\/v2\/product_tag?post=275799"}],"curies":[{"name":"wp","href":"https:\/\/api.w.org\/{rel}","templated":true}]}}