{"id":275776,"date":"2020-09-04T19:12:38","date_gmt":"2020-09-04T17:12:38","guid":{"rendered":"https:\/\/miomiorun.com\/prodotto\/falke-impulse-air-uomo\/"},"modified":"2026-01-23T19:08:03","modified_gmt":"2026-01-23T18:08:03","slug":"falke-impulse-air-homme","status":"publish","type":"product","link":"https:\/\/www.miomiorun.com\/fr\/produit\/falke-impulse-air-homme\/","title":{"rendered":"Impulse Air homme"},"content":{"rendered":"<p><div class=\"vc-row container\"><div class=\"vc-column\"><div class=\"vc-column-text\"><\/p>\n<div class=\"product-section product-detailed-page__section product-detailed-page__section--details\">\n<div>\n<div>\n<div class=\"product-section__content\">\n<div class=\"product-features\">\n<ul class=\"product-features__list\">\n<li class=\"product-features__item\">Rembourrage ultra-l\u00e9ger pour une transmission imm\u00e9diate de l&#8217;\u00e9nergie<\/li>\n<li class=\"product-features__item\">Meilleure a\u00e9ration \u00e0 l&#8217;avant du pied et au niveau des orteils pour des pieds secs<\/li>\n<li class=\"product-features__item\">Meilleur \u00e9quilibre et meilleure dynamique gr\u00e2ce \u00e0 la stimulation des r\u00e9cepteurs situ\u00e9s sur la plante du pied et les orteils<\/li>\n<li class=\"product-features__item\">Gr\u00e2ce \u00e0 la maille filet sur la plante du pied, la transpiration et la chaleur sont \u00e9vacu\u00e9es de mani\u00e8re optimale vers l&#8217;ext\u00e9rieur<\/li>\n<li class=\"product-features__item\">Ajustement parfait gr\u00e2ce au rembourrage des deux c\u00f4t\u00e9s et \u00e0 la forme des orteils<\/li>\n<\/ul>\n<\/div>\n<\/div>\n<\/div>\n<\/div>\n<\/div>\n<div class=\"product-section product-detailed-page__section product-detailed-page__section--description\">\n<div>\n<div>\n<div class=\"product-section__content\">\n<div class=\"product-description\">\n<div class=\"product-description__content\">Gr\u00e2ce au tricotage ouvert sur la semelle et \u00e0 l&#8217;a\u00e9ration \u00e0 l&#8217;avant du pied et au niveau des orteils, la chaussette Impulse Air garantit des pieds secs. Excellent transport de la chaleur et de l&#8217;humidit\u00e9. De plus, le rembourrage ultra-l\u00e9ger de la chaussette garantit, outre la stimulation des r\u00e9cepteurs de la plante du pied et des orteils, un meilleur \u00e9quilibre et une plus grande dynamique, ainsi qu&#8217;une transmission directe de l&#8217;\u00e9nergie. Le transport efficace de l&#8217;humidit\u00e9 et l&#8217;ajustement parfait garantissent une course saine. <\/div>\n<\/div>\n<\/div>\n<\/div>\n<\/div>\n<\/div>\n<p><\/div><\/div><\/div><div class=\"vc-row container\"><div class=\"vc-column\"><div class=\"vc-column-text\"><\/p>\n<div class=\"product-functional-symbols__image-container\"><img decoding=\"async\" class=\"product-functional-symbols__image aligncenter\" src=\"https:\/\/www.falke.com\/it_it\/9dd393d722265eb755772abd698b837041098075\/assets\/base\/staticImages\/functionalsymbols\/icon_feuchtigkeitsregulierend.svg\"><\/div>\n<div class=\"product-functional-symbols__name\" style=\"text-align: center\">R\u00e9gule l&#8217;humidit\u00e9<\/div>\n<p><\/div><\/div><div class=\"vc-column\"><div class=\"vc-column-text\"><\/p>\n<div class=\"product-functional-symbols__image-container\"><img decoding=\"async\" class=\"product-functional-symbols__image aligncenter\" src=\"https:\/\/www.falke.com\/it_it\/9dd393d722265eb755772abd698b837041098075\/assets\/base\/staticImages\/functionalsymbols\/icon_direkter-schuhkontakt.svg\"><\/div>\n<div class=\"product-functional-symbols__name\" style=\"text-align: center\">Contact direct avec la chaussure<\/div>\n<div class=\"product-functional-symbols__tooltip\">\n<div class=\"product-functional-symbols__tooltip-content\"><\/div>\n<\/div>\n<p><\/div><\/div><div class=\"vc-column\"><div class=\"vc-column-text\"><\/p>\n<div class=\"product-functional-symbols__image-container\"><img decoding=\"async\" class=\"product-functional-symbols__image aligncenter\" src=\"https:\/\/www.falke.com\/it_it\/9dd393d722265eb755772abd698b837041098075\/assets\/base\/staticImages\/functionalsymbols\/icon_schnellste_ruecktrocknung.svg\"><\/div>\n<div class=\"product-functional-symbols__name\" style=\"text-align: center\">S\u00e9chage plus rapide<\/div>\n<p><\/div><\/div><div class=\"vc-column\"><div class=\"vc-column-text\"><\/p>\n<div class=\"product-functional-symbols__image-container\"><img decoding=\"async\" class=\"product-functional-symbols__image aligncenter\" src=\"https:\/\/www.falke.com\/it_it\/9dd393d722265eb755772abd698b837041098075\/assets\/base\/staticImages\/functionalsymbols\/icon_cooling-effect.svg\"><\/div>\n<div class=\"product-functional-symbols__name\" style=\"text-align: center\">Effet rafra\u00eechissant<\/div>\n<p><\/div> <\/div><\/div><div class=\"vc-row container\"><div class=\"vc-column\"><div class=\"vc-column-text\"><strong>Mat\u00e9riau<\/strong> 56 % Lyocell, 24 % polyester, 19 % polyamide, 1 % \u00e9lasthanne<\/p>\n<p><strong>Longueur de la tige<\/strong> Sous la cheville<\/p>\n<p><strong>Rembourrage<\/strong> Ultra-l\u00e9ger<\/p>\n<p><strong>Coupe<\/strong> Anatomique<\/p>\n<p><strong>Semelle<\/strong> Thermor\u00e9gulatrice<\/p>\n<p><strong>Look<\/strong> Sportif<\/div><\/div><\/div><\/p>\n","protected":false},"excerpt":{"rendered":"","protected":false},"featured_media":230449,"template":"","meta":{"_acf_changed":false,"inline_featured_image":false},"product_brand":[],"product_cat":[24256,24482],"product_tag":[23482,23606],"class_list":{"0":"post-275776","1":"product","2":"type-product","3":"status-publish","4":"has-post-thumbnail","6":"product_cat-chaussettes-fr","7":"product_cat-vetements-pour-hommes-fr","8":"product_tag-falke-fr","9":"product_tag-falke-homme","10":"pa_attivita-fitness-fr","11":"pa_attivita-marcher","12":"pa_attivita-running-fr","13":"pa_colore-impulse-air-m-athletic-blue-fr","14":"pa_colore-impulse-air-m-black-fr","15":"pa_marca-falke-fr","16":"pa_sesso-homme","17":"pa_size-39-41-fr","18":"pa_size-42-43-fr","19":"pa_size-44-45-fr","20":"pa_size-46-48-fr","22":"first","23":"instock","24":"sale","25":"taxable","26":"shipping-taxable","27":"purchasable","28":"product-type-variable","29":"wvs-archive-product-wrapper"},"acf":[],"yoast_head":"<!-- This site is optimized with the Yoast SEO plugin v26.8 - https:\/\/yoast.com\/product\/yoast-seo-wordpress\/ -->\n<title>Falke Impulse Air homme - Chaussettes de course - MioMioRun.com<\/title>\n<meta name=\"description\" content=\"Rembourrage ultra-l\u00e9ger pour une transmission imm\u00e9diate de l&#039;\u00e9nergie et une meilleure a\u00e9ration \u00e0 l&#039;avant du pied pour des pieds secs\" \/>\n<meta name=\"robots\" content=\"index, follow, max-snippet:-1, max-image-preview:large, max-video-preview:-1\" \/>\n<link rel=\"canonical\" href=\"https:\/\/www.miomiorun.com\/fr\/produit\/falke-impulse-air-homme\/\" \/>\n<meta property=\"og:locale\" content=\"fr_FR\" \/>\n<meta property=\"og:type\" content=\"article\" \/>\n<meta property=\"og:title\" content=\"Falke Impulse Air homme - Chaussettes de course - MioMioRun.com\" \/>\n<meta property=\"og:description\" content=\"Rembourrage ultra-l\u00e9ger pour une transmission imm\u00e9diate de l&#039;\u00e9nergie et une meilleure a\u00e9ration \u00e0 l&#039;avant du pied pour des pieds secs\" \/>\n<meta property=\"og:url\" content=\"https:\/\/www.miomiorun.com\/fr\/produit\/falke-impulse-air-homme\/\" \/>\n<meta property=\"og:site_name\" content=\"MioMioRun\" \/>\n<meta property=\"article:publisher\" content=\"https:\/\/www.facebook.com\/miomiorun\/\" \/>\n<meta property=\"article:modified_time\" content=\"2026-01-23T18:08:03+00:00\" \/>\n<meta property=\"og:image\" content=\"https:\/\/www.miomiorun.com\/app\/uploads\/2020\/09\/Falke-Impuls-Air-16068-3000.jpg\" \/>\n\t<meta property=\"og:image:width\" content=\"600\" \/>\n\t<meta property=\"og:image:height\" content=\"600\" \/>\n\t<meta property=\"og:image:type\" content=\"image\/jpeg\" \/>\n<meta name=\"twitter:card\" content=\"summary_large_image\" \/>\n<meta name=\"twitter:label1\" content=\"Est. reading time\" \/>\n\t<meta name=\"twitter:data1\" content=\"1 minute\" \/>\n<script type=\"application\/ld+json\" class=\"yoast-schema-graph\">{\"@context\":\"https:\/\/schema.org\",\"@graph\":[{\"@type\":\"WebPage\",\"@id\":\"https:\/\/www.miomiorun.com\/fr\/produit\/falke-impulse-air-homme\/\",\"url\":\"https:\/\/www.miomiorun.com\/fr\/produit\/falke-impulse-air-homme\/\",\"name\":\"Falke Impulse Air homme - Chaussettes de course - MioMioRun.com\",\"isPartOf\":{\"@id\":\"https:\/\/www.miomiorun.com\/fr\/#website\"},\"primaryImageOfPage\":{\"@id\":\"https:\/\/www.miomiorun.com\/fr\/produit\/falke-impulse-air-homme\/#primaryimage\"},\"image\":{\"@id\":\"https:\/\/www.miomiorun.com\/fr\/produit\/falke-impulse-air-homme\/#primaryimage\"},\"thumbnailUrl\":\"https:\/\/www.miomiorun.com\/app\/uploads\/2020\/09\/Falke-Impuls-Air-16068-3000.jpg\",\"datePublished\":\"2020-09-04T17:12:38+00:00\",\"dateModified\":\"2026-01-23T18:08:03+00:00\",\"description\":\"Rembourrage ultra-l\u00e9ger pour une transmission imm\u00e9diate de l'\u00e9nergie et une meilleure a\u00e9ration \u00e0 l'avant du pied pour des pieds secs\",\"breadcrumb\":{\"@id\":\"https:\/\/www.miomiorun.com\/fr\/produit\/falke-impulse-air-homme\/#breadcrumb\"},\"inLanguage\":\"fr-FR\",\"potentialAction\":[{\"@type\":\"ReadAction\",\"target\":[\"https:\/\/www.miomiorun.com\/fr\/produit\/falke-impulse-air-homme\/\"]}]},{\"@type\":\"ImageObject\",\"inLanguage\":\"fr-FR\",\"@id\":\"https:\/\/www.miomiorun.com\/fr\/produit\/falke-impulse-air-homme\/#primaryimage\",\"url\":\"https:\/\/www.miomiorun.com\/app\/uploads\/2020\/09\/Falke-Impuls-Air-16068-3000.jpg\",\"contentUrl\":\"https:\/\/www.miomiorun.com\/app\/uploads\/2020\/09\/Falke-Impuls-Air-16068-3000.jpg\",\"width\":600,\"height\":600,\"caption\":\"Falke-Impuls-Air-16068-3000\"},{\"@type\":\"BreadcrumbList\",\"@id\":\"https:\/\/www.miomiorun.com\/fr\/produit\/falke-impulse-air-homme\/#breadcrumb\",\"itemListElement\":[{\"@type\":\"ListItem\",\"position\":1,\"name\":\"Home\",\"item\":\"https:\/\/www.miomiorun.com\/fr\/home-page\/\"},{\"@type\":\"ListItem\",\"position\":2,\"name\":\"Shop\",\"item\":\"https:\/\/www.miomiorun.com\/shop\/\"},{\"@type\":\"ListItem\",\"position\":3,\"name\":\"Impulse Air homme\"}]},{\"@type\":\"WebSite\",\"@id\":\"https:\/\/www.miomiorun.com\/fr\/#website\",\"url\":\"https:\/\/www.miomiorun.com\/fr\/\",\"name\":\"MioMioRun\",\"description\":\"Boutique 100% running et trail\",\"publisher\":{\"@id\":\"https:\/\/www.miomiorun.com\/fr\/#organization\"},\"potentialAction\":[{\"@type\":\"SearchAction\",\"target\":{\"@type\":\"EntryPoint\",\"urlTemplate\":\"https:\/\/www.miomiorun.com\/fr\/?s={search_term_string}\"},\"query-input\":{\"@type\":\"PropertyValueSpecification\",\"valueRequired\":true,\"valueName\":\"search_term_string\"}}],\"inLanguage\":\"fr-FR\"},{\"@type\":\"Organization\",\"@id\":\"https:\/\/www.miomiorun.com\/fr\/#organization\",\"name\":\"MioMio Run\",\"url\":\"https:\/\/www.miomiorun.com\/fr\/\",\"logo\":{\"@type\":\"ImageObject\",\"inLanguage\":\"fr-FR\",\"@id\":\"https:\/\/www.miomiorun.com\/fr\/#\/schema\/logo\/image\/\",\"url\":\"https:\/\/www.miomiorun.com\/app\/uploads\/2019\/12\/logomio.png\",\"contentUrl\":\"https:\/\/www.miomiorun.com\/app\/uploads\/2019\/12\/logomio.png\",\"width\":115,\"height\":82,\"caption\":\"MioMio Run\"},\"image\":{\"@id\":\"https:\/\/www.miomiorun.com\/fr\/#\/schema\/logo\/image\/\"},\"sameAs\":[\"https:\/\/www.facebook.com\/miomiorun\/\",\"https:\/\/www.instagram.com\/miomiorun\/\"]}]}<\/script>\n<!-- \/ Yoast SEO plugin. -->","yoast_head_json":{"title":"Falke Impulse Air homme - Chaussettes de course - MioMioRun.com","description":"Rembourrage ultra-l\u00e9ger pour une transmission imm\u00e9diate de l'\u00e9nergie et une meilleure a\u00e9ration \u00e0 l'avant du pied pour des pieds secs","robots":{"index":"index","follow":"follow","max-snippet":"max-snippet:-1","max-image-preview":"max-image-preview:large","max-video-preview":"max-video-preview:-1"},"canonical":"https:\/\/www.miomiorun.com\/fr\/produit\/falke-impulse-air-homme\/","og_locale":"fr_FR","og_type":"article","og_title":"Falke Impulse Air homme - Chaussettes de course - MioMioRun.com","og_description":"Rembourrage ultra-l\u00e9ger pour une transmission imm\u00e9diate de l'\u00e9nergie et une meilleure a\u00e9ration \u00e0 l'avant du pied pour des pieds secs","og_url":"https:\/\/www.miomiorun.com\/fr\/produit\/falke-impulse-air-homme\/","og_site_name":"MioMioRun","article_publisher":"https:\/\/www.facebook.com\/miomiorun\/","article_modified_time":"2026-01-23T18:08:03+00:00","og_image":[{"width":600,"height":600,"url":"https:\/\/www.miomiorun.com\/app\/uploads\/2020\/09\/Falke-Impuls-Air-16068-3000.jpg","type":"image\/jpeg"}],"twitter_card":"summary_large_image","twitter_misc":{"Est. reading time":"1 minute"},"schema":{"@context":"https:\/\/schema.org","@graph":[{"@type":"WebPage","@id":"https:\/\/www.miomiorun.com\/fr\/produit\/falke-impulse-air-homme\/","url":"https:\/\/www.miomiorun.com\/fr\/produit\/falke-impulse-air-homme\/","name":"Falke Impulse Air homme - Chaussettes de course - MioMioRun.com","isPartOf":{"@id":"https:\/\/www.miomiorun.com\/fr\/#website"},"primaryImageOfPage":{"@id":"https:\/\/www.miomiorun.com\/fr\/produit\/falke-impulse-air-homme\/#primaryimage"},"image":{"@id":"https:\/\/www.miomiorun.com\/fr\/produit\/falke-impulse-air-homme\/#primaryimage"},"thumbnailUrl":"https:\/\/www.miomiorun.com\/app\/uploads\/2020\/09\/Falke-Impuls-Air-16068-3000.jpg","datePublished":"2020-09-04T17:12:38+00:00","dateModified":"2026-01-23T18:08:03+00:00","description":"Rembourrage ultra-l\u00e9ger pour une transmission imm\u00e9diate de l'\u00e9nergie et une meilleure a\u00e9ration \u00e0 l'avant du pied pour des pieds secs","breadcrumb":{"@id":"https:\/\/www.miomiorun.com\/fr\/produit\/falke-impulse-air-homme\/#breadcrumb"},"inLanguage":"fr-FR","potentialAction":[{"@type":"ReadAction","target":["https:\/\/www.miomiorun.com\/fr\/produit\/falke-impulse-air-homme\/"]}]},{"@type":"ImageObject","inLanguage":"fr-FR","@id":"https:\/\/www.miomiorun.com\/fr\/produit\/falke-impulse-air-homme\/#primaryimage","url":"https:\/\/www.miomiorun.com\/app\/uploads\/2020\/09\/Falke-Impuls-Air-16068-3000.jpg","contentUrl":"https:\/\/www.miomiorun.com\/app\/uploads\/2020\/09\/Falke-Impuls-Air-16068-3000.jpg","width":600,"height":600,"caption":"Falke-Impuls-Air-16068-3000"},{"@type":"BreadcrumbList","@id":"https:\/\/www.miomiorun.com\/fr\/produit\/falke-impulse-air-homme\/#breadcrumb","itemListElement":[{"@type":"ListItem","position":1,"name":"Home","item":"https:\/\/www.miomiorun.com\/fr\/home-page\/"},{"@type":"ListItem","position":2,"name":"Shop","item":"https:\/\/www.miomiorun.com\/shop\/"},{"@type":"ListItem","position":3,"name":"Impulse Air homme"}]},{"@type":"WebSite","@id":"https:\/\/www.miomiorun.com\/fr\/#website","url":"https:\/\/www.miomiorun.com\/fr\/","name":"MioMioRun","description":"Boutique 100% running et trail","publisher":{"@id":"https:\/\/www.miomiorun.com\/fr\/#organization"},"potentialAction":[{"@type":"SearchAction","target":{"@type":"EntryPoint","urlTemplate":"https:\/\/www.miomiorun.com\/fr\/?s={search_term_string}"},"query-input":{"@type":"PropertyValueSpecification","valueRequired":true,"valueName":"search_term_string"}}],"inLanguage":"fr-FR"},{"@type":"Organization","@id":"https:\/\/www.miomiorun.com\/fr\/#organization","name":"MioMio Run","url":"https:\/\/www.miomiorun.com\/fr\/","logo":{"@type":"ImageObject","inLanguage":"fr-FR","@id":"https:\/\/www.miomiorun.com\/fr\/#\/schema\/logo\/image\/","url":"https:\/\/www.miomiorun.com\/app\/uploads\/2019\/12\/logomio.png","contentUrl":"https:\/\/www.miomiorun.com\/app\/uploads\/2019\/12\/logomio.png","width":115,"height":82,"caption":"MioMio Run"},"image":{"@id":"https:\/\/www.miomiorun.com\/fr\/#\/schema\/logo\/image\/"},"sameAs":["https:\/\/www.facebook.com\/miomiorun\/","https:\/\/www.instagram.com\/miomiorun\/"]}]}},"_links":{"self":[{"href":"https:\/\/www.miomiorun.com\/fr\/wp-json\/wp\/v2\/product\/275776","targetHints":{"allow":["GET"]}}],"collection":[{"href":"https:\/\/www.miomiorun.com\/fr\/wp-json\/wp\/v2\/product"}],"about":[{"href":"https:\/\/www.miomiorun.com\/fr\/wp-json\/wp\/v2\/types\/product"}],"wp:featuredmedia":[{"embeddable":true,"href":"https:\/\/www.miomiorun.com\/fr\/wp-json\/wp\/v2\/media\/230449"}],"wp:attachment":[{"href":"https:\/\/www.miomiorun.com\/fr\/wp-json\/wp\/v2\/media?parent=275776"}],"wp:term":[{"taxonomy":"product_brand","embeddable":true,"href":"https:\/\/www.miomiorun.com\/fr\/wp-json\/wp\/v2\/product_brand?post=275776"},{"taxonomy":"product_cat","embeddable":true,"href":"https:\/\/www.miomiorun.com\/fr\/wp-json\/wp\/v2\/product_cat?post=275776"},{"taxonomy":"product_tag","embeddable":true,"href":"https:\/\/www.miomiorun.com\/fr\/wp-json\/wp\/v2\/product_tag?post=275776"}],"curies":[{"name":"wp","href":"https:\/\/api.w.org\/{rel}","templated":true}]}}